{"id":1980,"date":"2023-07-11T16:23:10","date_gmt":"2023-07-11T19:23:10","guid":{"rendered":"https:\/\/www.ing.uc.cl\/electrica\/?page_id=1980"},"modified":"2023-08-23T17:53:09","modified_gmt":"2023-08-23T20:53:09","slug":"representacion-estudiantil","status":"publish","type":"page","link":"https:\/\/www.ing.uc.cl\/electrica\/postulacion\/representacion-estudiantil\/","title":{"rendered":"Representaci\u00f3n Estudiantil"},"content":{"rendered":"<div id=\"pl-gb1980-6a08314dd2040\"  class=\"panel-layout\" ><div id=\"pg-gb1980-6a08314dd2040-0\"  class=\"panel-grid panel-no-style\" ><div id=\"pgc-gb1980-6a08314dd2040-0-0\"  class=\"panel-grid-cell\" ><div id=\"panel-gb1980-6a08314dd2040-0-0-0\" class=\"so-panel widget widget_sow-editor panel-first-child panel-last-child\" data-index=\"0\" ><div class=\"uc-title panel-widget-style panel-widget-style-for-gb1980-6a08314dd2040-0-0-0\" ><div\n\t\t\t\n\t\t\tclass=\"so-widget-sow-editor so-widget-sow-editor-base\"\n\t\t\t\n\t\t>\n<div class=\"siteorigin-widget-tinymce textwidget\">\n\t<h3>Representaci\u00f3n Estudiantil<\/h3>\n<\/div>\n<\/div><\/div><\/div><\/div><\/div><\/div>\n\n\n<p>Nuestros representantes acad\u00e9micos son el nexo directo entre los estudiantes y el Departamento, su principal labor es ayudar a resolver las inquietudes abriendo las instancias de di\u00e1logo. Dentro de sus labores est\u00e1 el dar a conocer el Departamento a los estudiantes y trabajar de forma directa con el CAI apoyando los proyectos que les competen; son la representaci\u00f3n de los estudiantes ante el Consejo Acad\u00e9mico<\/p>\n\n\n\n<p>Representantes Acad\u00e9micos de Ingenier\u00eda El\u00e9ctrica<\/p>\n\n\n<div class='rt-container-fluid rt-team-container rt-pos-r rt-team-container-1979' id='rt-team-container-150668006'  data-layout='layout1' data-desktop-col='5'  data-tab-col='2'  data-mobile-col='1' data-sc-id='1979' data-popup-bg=''><div data-title='Loading ...' class='rt-row rt-content-loader layout1 ttp-even ttp-pre-loader'><div class=\"rt-col-md-24 rt-col-sm-6 rt-col-xs-12  even-grid-item rt-grid-item\" data-id=\"13149\"><div class=\"single-team-area\"><div class=\"single-team\"><figure><img width=\"400\" height=\"400\" src=\"https:\/\/www.ing.uc.cl\/electrica\/wp-content\/uploads\/2024\/04\/Sebastian_Lorca-400x400.png\" class=\"img-responsive rt-team-img\" alt=\"Sebasti\u00e1n Lorca\" \/><\/figure><\/div><div class=\"tlp-content\"><h3><span class=\"team-name\">Sebasti\u00e1n Lorca<\/span><\/h3><\/div><div class=\"short-bio\"><p><b>Delegado Major<\/b><\/p>\n<\/div><\/div><\/div><div class=\"rt-col-md-24 rt-col-sm-6 rt-col-xs-12  even-grid-item rt-grid-item\" data-id=\"9420\"><div class=\"single-team-area\"><div class=\"single-team\"><figure><img width=\"400\" height=\"400\" src=\"https:\/\/www.ing.uc.cl\/electrica\/wp-content\/uploads\/2025\/01\/Martin-Moyano-400x400.jpeg\" class=\"img-responsive rt-team-img\" alt=\"Mart\u00edn Moyano\" \/><\/figure><\/div><div class=\"tlp-content\"><h3><span class=\"team-name\">Mart\u00edn Moyano<\/span><\/h3><\/div><div class=\"short-bio\"><p><b>Delegado Major<\/b><\/p>\n<\/div><\/div><\/div><div class=\"rt-col-md-24 rt-col-sm-6 rt-col-xs-12  even-grid-item rt-grid-item\" data-id=\"13704\"><div class=\"single-team-area\"><div class=\"single-team\"><figure><img width=\"400\" height=\"400\" src=\"https:\/\/www.ing.uc.cl\/electrica\/wp-content\/uploads\/2025\/05\/Martin-Pena-400x400.jpg\" class=\"img-responsive rt-team-img\" alt=\"Mart\u00edn Pe\u00f1a\" \/><\/figure><\/div><div class=\"tlp-content\"><h3><span class=\"team-name\">Mart\u00edn Pe\u00f1a<\/span><\/h3><\/div><div class=\"short-bio\"><p><b>Representante especialidad Ingenier\u00eda El\u00e9ctrica<\/b><\/p>\n<\/div><\/div><\/div><div class=\"rt-loading-overlay\"><\/div><div class=\"rt-loading rt-ball-clip-rotate\"><div><\/div><\/div><\/div><\/div>\n\n\n\n<hr class=\"uc-hr my-60\">\n\n\n<div id=\"pl-gb1980-6a08314dd2776\"  class=\"panel-layout\" ><div id=\"pg-gb1980-6a08314dd2776-0\"  class=\"panel-grid panel-no-style\" ><div id=\"pgc-gb1980-6a08314dd2776-0-0\"  class=\"panel-grid-cell\" ><div id=\"panel-gb1980-6a08314dd2776-0-0-0\" class=\"so-panel widget widget_sow-editor panel-first-child panel-last-child\" data-index=\"0\" ><div class=\"uc-title panel-widget-style panel-widget-style-for-gb1980-6a08314dd2776-0-0-0\" ><div\n\t\t\t\n\t\t\tclass=\"so-widget-sow-editor so-widget-sow-editor-base\"\n\t\t\t\n\t\t>\n<div class=\"siteorigin-widget-tinymce textwidget\">\n\t<h3>Cap\u00edtulo Estudiantil<\/h3>\n<\/div>\n<\/div><\/div><\/div><\/div><\/div><\/div>\n\n\n<p>Nuestra Rama Estudiantil IEEE est\u00e1 oficialmente constituida ante el Institute de Electrical and Electronics Engineers. Fundada en el a\u00f1o 1963, se encuentra conformada por estudiantes de nuestros diferentes programas de Majors y Minors, teniendo como finalidad, formar comunidad y participar de diversas actividades y proyectos durante el a\u00f1o. Se puede pertenecer a la Rama y sus Cap\u00edtulos mediante dos formas: Como participante y como Miembro del IEEE.<\/p>\n\n\n\n<p>Miembros del Cap\u00edtulo Estudiantil del IEEE (Institute of Electrical and Electronics Engineers)<\/p>\n\n\n<div class='rt-container-fluid rt-team-container rt-pos-r rt-team-container-9418' id='rt-team-container-634783005'  data-layout='layout1' data-desktop-col='5'  data-tab-col='2'  data-mobile-col='1' data-sc-id='9418' data-popup-bg=''><div data-title='Loading ...' class='rt-row rt-content-loader layout1 ttp-even ttp-pre-loader'><div class=\"rt-col-md-24 rt-col-sm-6 rt-col-xs-12  even-grid-item rt-grid-item\" data-id=\"13685\"><div class=\"single-team-area\"><div class=\"single-team\"><figure><img width=\"400\" height=\"400\" src=\"https:\/\/www.ing.uc.cl\/electrica\/wp-content\/uploads\/2022\/03\/Pablo_Uribe-400x400.jpeg\" class=\"img-responsive rt-team-img\" alt=\"Pablo Uribe\" \/><\/figure><\/div><div class=\"tlp-content\"><h3><span class=\"team-name\">Pablo Uribe<\/span><\/h3><\/div><div class=\"short-bio\"><p><b>Presidente de la Rama IEEE UC<\/b><\/p>\n<\/div><\/div><\/div><div class=\"rt-col-md-24 rt-col-sm-6 rt-col-xs-12  even-grid-item rt-grid-item\" data-id=\"13688\"><div class=\"single-team-area\"><div class=\"single-team\"><figure><img width=\"400\" height=\"400\" src=\"https:\/\/www.ing.uc.cl\/electrica\/wp-content\/uploads\/2025\/05\/Tomas_Avendano-400x400.jpeg\" class=\"img-responsive rt-team-img\" alt=\"Tom\u00e1s Avenda\u00f1o\" \/><\/figure><\/div><div class=\"tlp-content\"><h3><span class=\"team-name\">Tom\u00e1s Avenda\u00f1o<\/span><\/h3><\/div><div class=\"short-bio\"><p><b>Vicepresidente de la Rama IEEE UC<\/b><\/p>\n<\/div><\/div><\/div><div class=\"rt-col-md-24 rt-col-sm-6 rt-col-xs-12  even-grid-item rt-grid-item\" data-id=\"1983\"><div class=\"single-team-area\"><div class=\"single-team\"><figure><img width=\"400\" height=\"400\" src=\"https:\/\/www.ing.uc.cl\/electrica\/wp-content\/uploads\/2025\/05\/Josefa_Aracena-400x400.jpeg\" class=\"img-responsive rt-team-img\" alt=\"Josefa Aracena\" \/><\/figure><\/div><div class=\"tlp-content\"><h3><span class=\"team-name\">Josefa Aracena<\/span><\/h3><\/div><div class=\"short-bio\"><p><b>Webmaster de la Rama IEEE UC<\/b><\/p>\n<\/div><\/div><\/div><div class=\"rt-col-md-24 rt-col-sm-6 rt-col-xs-12  even-grid-item rt-grid-item\" data-id=\"13754\"><div class=\"single-team-area\"><div class=\"single-team\"><figure><img width=\"400\" height=\"400\" src=\"https:\/\/www.ing.uc.cl\/electrica\/wp-content\/uploads\/2025\/05\/Xaviera_Zuloaga-400x400.jpeg\" class=\"img-responsive rt-team-img\" alt=\"Xaviera Zuloaga\" \/><\/figure><\/div><div class=\"tlp-content\"><h3><span class=\"team-name\">Xaviera Zuloaga<\/span><\/h3><\/div><div class=\"short-bio\"><p><b>Secretaria de la Rama IEEE UC<\/b><\/p>\n<\/div><\/div><\/div><div class=\"rt-col-md-24 rt-col-sm-6 rt-col-xs-12  even-grid-item rt-grid-item\" data-id=\"13748\"><div class=\"single-team-area\"><div class=\"single-team\"><figure><img width=\"400\" height=\"400\" src=\"https:\/\/www.ing.uc.cl\/electrica\/wp-content\/uploads\/2025\/06\/Agustin_Milling-400x400.jpeg\" class=\"img-responsive rt-team-img\" alt=\"Agust\u00edn Milling\" \/><\/figure><\/div><div class=\"tlp-content\"><h3><span class=\"team-name\">Agust\u00edn Milling<\/span><\/h3><\/div><div class=\"short-bio\"><p><b>Tesorero de la Rama IEEE UC<\/b><\/p>\n<\/div><\/div><\/div><div class=\"rt-loading-overlay\"><\/div><div class=\"rt-loading rt-ball-clip-rotate\"><div><\/div><\/div><\/div><\/div>\n\n\n\n<hr class=\"uc-hr my-60\">\n\n\n\n<div id=\"sb_instagram\"  class=\"sbi sbi_mob_col_1 sbi_tab_col_2 sbi_col_4 sbi_width_resp\" style=\"padding-bottom: 10px;\"\t data-feedid=\"*3\"  data-res=\"auto\" data-cols=\"4\" data-colsmobile=\"1\" data-colstablet=\"2\" data-num=\"4\" data-nummobile=\"4\" data-item-padding=\"5\"\t data-shortcode-atts=\"{&quot;feed&quot;:&quot;3&quot;}\"  data-postid=\"13748\" data-locatornonce=\"15ab6418ac\" data-imageaspectratio=\"1:1\" data-sbi-flags=\"favorLocal\">\n\t\n\t<div id=\"sbi_images\"  style=\"gap: 10px;\">\n\t\t\t<\/div>\n\n\t<div id=\"sbi_load\" >\n\n\t\n\t\t\t<span class=\"sbi_follow_btn sbi_custom\" >\n\t\t\t<a target=\"_blank\"\n\t\t\t\trel=\"nofollow noopener\"  href=\"https:\/\/www.instagram.com\/5950740955027062\/\" style=\"background: rgb(64,139,209);\">\n\t\t\t\t<svg class=\"svg-inline--fa fa-instagram fa-w-14\" aria-hidden=\"true\" data-fa-processed=\"\" aria-label=\"Instagram\" data-prefix=\"fab\" data-icon=\"instagram\" role=\"img\" viewBox=\"0 0 448 512\">\n                    <path fill=\"currentColor\" d=\"M224.1 141c-63.6 0-114.9 51.3-114.9 114.9s51.3 114.9 114.9 114.9S339 319.5 339 255.9 287.7 141 224.1 141zm0 189.6c-41.1 0-74.7-33.5-74.7-74.7s33.5-74.7 74.7-74.7 74.7 33.5 74.7 74.7-33.6 74.7-74.7 74.7zm146.4-194.3c0 14.9-12 26.8-26.8 26.8-14.9 0-26.8-12-26.8-26.8s12-26.8 26.8-26.8 26.8 12 26.8 26.8zm76.1 27.2c-1.7-35.9-9.9-67.7-36.2-93.9-26.2-26.2-58-34.4-93.9-36.2-37-2.1-147.9-2.1-184.9 0-35.8 1.7-67.6 9.9-93.9 36.1s-34.4 58-36.2 93.9c-2.1 37-2.1 147.9 0 184.9 1.7 35.9 9.9 67.7 36.2 93.9s58 34.4 93.9 36.2c37 2.1 147.9 2.1 184.9 0 35.9-1.7 67.7-9.9 93.9-36.2 26.2-26.2 34.4-58 36.2-93.9 2.1-37 2.1-147.8 0-184.8zM398.8 388c-7.8 19.6-22.9 34.7-42.6 42.6-29.5 11.7-99.5 9-132.1 9s-102.7 2.6-132.1-9c-19.6-7.8-34.7-22.9-42.6-42.6-11.7-29.5-9-99.5-9-132.1s-2.6-102.7 9-132.1c7.8-19.6 22.9-34.7 42.6-42.6 29.5-11.7 99.5-9 132.1-9s102.7-2.6 132.1 9c19.6 7.8 34.7 22.9 42.6 42.6 11.7 29.5 9 99.5 9 132.1s2.7 102.7-9 132.1z\"><\/path>\n                <\/svg>\t\t\t\t<span>\u00a1S\u00edguenos en Instagram!<\/span>\n\t\t\t<\/a>\n\t\t<\/span>\n\t\n<\/div>\n\t\t<span class=\"sbi_resized_image_data\" data-feed-id=\"*3\"\n\t\t  data-resized=\"[]\">\n\t<\/span>\n\t<\/div>\n\n\n","protected":false},"excerpt":{"rendered":"<p>Nuestros representantes acad\u00e9micos son el nexo directo entre los estudiantes y el Departamento, su principal labor es ayudar a resolver las inquietudes abriendo las instancias de di\u00e1logo. Dentro de sus labores est\u00e1 el dar a conocer el Departamento a los estudiantes y trabajar de forma directa con el CAI apoyando los proyectos que les competen; son la representaci\u00f3n de los estudiantes ante el Consejo Acad\u00e9mico Representantes Acad\u00e9micos de Ingenier\u00eda El\u00e9ctrica Nuestra Rama Estudiantil IEEE est\u00e1 oficialmente constituida ante el Institute de Electrical and Electronics Engineers. Fundada en el a\u00f1o 1963, se encuentra conformada por estudiantes de nuestros diferentes programas de Majors y Minors, teniendo como finalidad, formar comunidad y participar de diversas actividades y proyectos durante el a\u00f1o. Se puede pertenecer a la Rama y sus Cap\u00edtulos mediante dos formas: Como participante y como Miembro del IEEE. Miembros del Cap\u00edtulo Estudiantil del IEEE (Institute of Electrical and Electronics Engineers)<\/p>\n","protected":false},"author":4,"featured_media":0,"parent":1240,"menu_order":3,"comment_status":"closed","ping_status":"closed","template":"","meta":{"_acf_changed":false,"_eb_attr":"","site-sidebar-layout":"default","site-content-layout":"","ast-site-content-layout":"default","site-content-style":"default","site-sidebar-style":"default","ast-global-header-display":"","ast-banner-title-visibility":"","ast-main-header-display":"","ast-hfb-above-header-display":"","ast-hfb-below-header-display":"","ast-hfb-mobile-header-display":"","site-post-title":"disabled","ast-breadcrumbs-content":"","ast-featured-img":"","footer-sml-layout":"","ast-disable-related-posts":"","theme-transparent-header-meta":"","adv-header-id-meta":"","stick-header-meta":"","header-above-stick-meta":"","header-main-stick-meta":"","header-below-stick-meta":"","astra-migrate-meta-layouts":"set","ast-page-background-enabled":"default","ast-page-background-meta":{"desktop":{"background-color":"","background-image":"","background-repeat":"repeat","background-position":"center center","background-size":"auto","background-attachment":"scroll","background-type":"","background-media":"","overlay-type":"","overlay-color":"","overlay-opacity":"","overlay-gradient":""},"tablet":{"background-color":"","background-image":"","background-repeat":"repeat","background-position":"center center","background-size":"auto","background-attachment":"scroll","background-type":"","background-media":"","overlay-type":"","overlay-color":"","overlay-opacity":"","overlay-gradient":""},"mobile":{"background-color":"","background-image":"","background-repeat":"repeat","background-position":"center center","background-size":"auto","background-attachment":"scroll","background-type":"","background-media":"","overlay-type":"","overlay-color":"","overlay-opacity":"","overlay-gradient":""}},"ast-content-background-meta":{"desktop":{"background-color":"var(--ast-global-color-5)","background-image":"","background-repeat":"repeat","background-position":"center center","background-size":"auto","background-attachment":"scroll","background-type":"","background-media":"","overlay-type":"","overlay-color":"","overlay-opacity":"","overlay-gradient":""},"tablet":{"background-color":"var(--ast-global-color-5)","background-image":"","background-repeat":"repeat","background-position":"center center","background-size":"auto","background-attachment":"scroll","background-type":"","background-media":"","overlay-type":"","overlay-color":"","overlay-opacity":"","overlay-gradient":""},"mobile":{"background-color":"var(--ast-global-color-5)","background-image":"","background-repeat":"repeat","background-position":"center center","background-size":"auto","background-attachment":"scroll","background-type":"","background-media":"","overlay-type":"","overlay-color":"","overlay-opacity":"","overlay-gradient":""}},"footnotes":""},"class_list":["post-1980","page","type-page","status-publish","hentry"],"acf":[],"yoast_head":"<!-- This site is optimized with the Yoast SEO plugin v27.6 - https:\/\/yoast.com\/product\/yoast-seo-wordpress\/ -->\n<title>Representaci\u00f3n Estudiantil - DEPARTAMENTO DE INGENIER\u00cdA EL\u00c9CTRICA<\/title>\n<meta name=\"robots\" content=\"index, follow, max-snippet:-1, max-image-preview:large, max-video-preview:-1\" \/>\n<link rel=\"canonical\" href=\"https:\/\/www.ing.uc.cl\/electrica\/postulacion\/representacion-estudiantil\/\" \/>\n<meta property=\"og:locale\" content=\"es_ES\" \/>\n<meta property=\"og:type\" content=\"article\" \/>\n<meta property=\"og:title\" content=\"Representaci\u00f3n Estudiantil - DEPARTAMENTO DE INGENIER\u00cdA EL\u00c9CTRICA\" \/>\n<meta property=\"og:description\" content=\"Nuestros representantes acad\u00e9micos son el nexo directo entre los estudiantes y el Departamento, su principal labor es ayudar a resolver las inquietudes abriendo las instancias de di\u00e1logo. Dentro de sus labores est\u00e1 el dar a conocer el Departamento a los estudiantes y trabajar de forma directa con el CAI apoyando los proyectos que les competen; son la representaci\u00f3n de los estudiantes ante el Consejo Acad\u00e9mico Representantes Acad\u00e9micos de Ingenier\u00eda El\u00e9ctrica Nuestra Rama Estudiantil IEEE est\u00e1 oficialmente constituida ante el Institute de Electrical and Electronics Engineers. Fundada en el a\u00f1o 1963, se encuentra conformada por estudiantes de nuestros diferentes programas de Majors y Minors, teniendo como finalidad, formar comunidad y participar de diversas actividades y proyectos durante el a\u00f1o. Se puede pertenecer a la Rama y sus Cap\u00edtulos mediante dos formas: Como participante y como Miembro del IEEE. Miembros del Cap\u00edtulo Estudiantil del IEEE (Institute of Electrical and Electronics Engineers)\" \/>\n<meta property=\"og:url\" content=\"https:\/\/www.ing.uc.cl\/electrica\/postulacion\/representacion-estudiantil\/\" \/>\n<meta property=\"og:site_name\" content=\"DEPARTAMENTO DE INGENIER\u00cdA EL\u00c9CTRICA\" \/>\n<meta property=\"article:modified_time\" content=\"2023-08-23T20:53:09+00:00\" \/>\n<meta name=\"twitter:card\" content=\"summary_large_image\" \/>\n<meta name=\"twitter:label1\" content=\"Tiempo estimado de lectura\" \/>\n\t<meta name=\"twitter:data1\" content=\"1 minuto\" \/>\n<script type=\"application\/ld+json\" class=\"yoast-schema-graph\">{\"@context\":\"https:\\\/\\\/schema.org\",\"@graph\":[{\"@type\":\"WebPage\",\"@id\":\"https:\\\/\\\/www.ing.uc.cl\\\/electrica\\\/postulacion\\\/representacion-estudiantil\\\/\",\"url\":\"https:\\\/\\\/www.ing.uc.cl\\\/electrica\\\/postulacion\\\/representacion-estudiantil\\\/\",\"name\":\"Representaci\u00f3n Estudiantil - DEPARTAMENTO DE INGENIER\u00cdA EL\u00c9CTRICA\",\"isPartOf\":{\"@id\":\"https:\\\/\\\/www.ing.uc.cl\\\/electrica\\\/#website\"},\"datePublished\":\"2023-07-11T19:23:10+00:00\",\"dateModified\":\"2023-08-23T20:53:09+00:00\",\"breadcrumb\":{\"@id\":\"https:\\\/\\\/www.ing.uc.cl\\\/electrica\\\/postulacion\\\/representacion-estudiantil\\\/#breadcrumb\"},\"inLanguage\":\"es-CL\",\"potentialAction\":[{\"@type\":\"ReadAction\",\"target\":[\"https:\\\/\\\/www.ing.uc.cl\\\/electrica\\\/postulacion\\\/representacion-estudiantil\\\/\"]}]},{\"@type\":\"BreadcrumbList\",\"@id\":\"https:\\\/\\\/www.ing.uc.cl\\\/electrica\\\/postulacion\\\/representacion-estudiantil\\\/#breadcrumb\",\"itemListElement\":[{\"@type\":\"ListItem\",\"position\":1,\"name\":\"Portada\",\"item\":\"https:\\\/\\\/www.ing.uc.cl\\\/electrica\\\/\"},{\"@type\":\"ListItem\",\"position\":2,\"name\":\"Organizaci\u00f3n\",\"item\":\"https:\\\/\\\/www.ing.uc.cl\\\/electrica\\\/postulacion\\\/\"},{\"@type\":\"ListItem\",\"position\":3,\"name\":\"Representaci\u00f3n Estudiantil\"}]},{\"@type\":\"WebSite\",\"@id\":\"https:\\\/\\\/www.ing.uc.cl\\\/electrica\\\/#website\",\"url\":\"https:\\\/\\\/www.ing.uc.cl\\\/electrica\\\/\",\"name\":\"DEPARTAMENTO DE INGENIER\u00cdA EL\u00c9CTRICA\",\"description\":\"\",\"publisher\":{\"@id\":\"https:\\\/\\\/www.ing.uc.cl\\\/electrica\\\/#organization\"},\"potentialAction\":[{\"@type\":\"SearchAction\",\"target\":{\"@type\":\"EntryPoint\",\"urlTemplate\":\"https:\\\/\\\/www.ing.uc.cl\\\/electrica\\\/?s={search_term_string}\"},\"query-input\":{\"@type\":\"PropertyValueSpecification\",\"valueRequired\":true,\"valueName\":\"search_term_string\"}}],\"inLanguage\":\"es-CL\"},{\"@type\":\"Organization\",\"@id\":\"https:\\\/\\\/www.ing.uc.cl\\\/electrica\\\/#organization\",\"name\":\"DEPARTAMENTO DE INGENIER\u00cdA EL\u00c9CTRICA\",\"url\":\"https:\\\/\\\/www.ing.uc.cl\\\/electrica\\\/\",\"logo\":{\"@type\":\"ImageObject\",\"inLanguage\":\"es-CL\",\"@id\":\"https:\\\/\\\/www.ing.uc.cl\\\/electrica\\\/#\\\/schema\\\/logo\\\/image\\\/\",\"url\":\"https:\\\/\\\/www.ing.uc.cl\\\/electrica\\\/wp-content\\\/uploads\\\/2020\\\/03\\\/logo-uc-03.svg\",\"contentUrl\":\"https:\\\/\\\/www.ing.uc.cl\\\/electrica\\\/wp-content\\\/uploads\\\/2020\\\/03\\\/logo-uc-03.svg\",\"width\":156,\"height\":90,\"caption\":\"DEPARTAMENTO DE INGENIER\u00cdA EL\u00c9CTRICA\"},\"image\":{\"@id\":\"https:\\\/\\\/www.ing.uc.cl\\\/electrica\\\/#\\\/schema\\\/logo\\\/image\\\/\"}}]}<\/script>\n<!-- \/ Yoast SEO plugin. -->","yoast_head_json":{"title":"Representaci\u00f3n Estudiantil - DEPARTAMENTO DE INGENIER\u00cdA EL\u00c9CTRICA","robots":{"index":"index","follow":"follow","max-snippet":"max-snippet:-1","max-image-preview":"max-image-preview:large","max-video-preview":"max-video-preview:-1"},"canonical":"https:\/\/www.ing.uc.cl\/electrica\/postulacion\/representacion-estudiantil\/","og_locale":"es_ES","og_type":"article","og_title":"Representaci\u00f3n Estudiantil - DEPARTAMENTO DE INGENIER\u00cdA EL\u00c9CTRICA","og_description":"Nuestros representantes acad\u00e9micos son el nexo directo entre los estudiantes y el Departamento, su principal labor es ayudar a resolver las inquietudes abriendo las instancias de di\u00e1logo. Dentro de sus labores est\u00e1 el dar a conocer el Departamento a los estudiantes y trabajar de forma directa con el CAI apoyando los proyectos que les competen; son la representaci\u00f3n de los estudiantes ante el Consejo Acad\u00e9mico Representantes Acad\u00e9micos de Ingenier\u00eda El\u00e9ctrica Nuestra Rama Estudiantil IEEE est\u00e1 oficialmente constituida ante el Institute de Electrical and Electronics Engineers. Fundada en el a\u00f1o 1963, se encuentra conformada por estudiantes de nuestros diferentes programas de Majors y Minors, teniendo como finalidad, formar comunidad y participar de diversas actividades y proyectos durante el a\u00f1o. Se puede pertenecer a la Rama y sus Cap\u00edtulos mediante dos formas: Como participante y como Miembro del IEEE. Miembros del Cap\u00edtulo Estudiantil del IEEE (Institute of Electrical and Electronics Engineers)","og_url":"https:\/\/www.ing.uc.cl\/electrica\/postulacion\/representacion-estudiantil\/","og_site_name":"DEPARTAMENTO DE INGENIER\u00cdA EL\u00c9CTRICA","article_modified_time":"2023-08-23T20:53:09+00:00","twitter_card":"summary_large_image","twitter_misc":{"Tiempo estimado de lectura":"1 minuto"},"schema":{"@context":"https:\/\/schema.org","@graph":[{"@type":"WebPage","@id":"https:\/\/www.ing.uc.cl\/electrica\/postulacion\/representacion-estudiantil\/","url":"https:\/\/www.ing.uc.cl\/electrica\/postulacion\/representacion-estudiantil\/","name":"Representaci\u00f3n Estudiantil - DEPARTAMENTO DE INGENIER\u00cdA EL\u00c9CTRICA","isPartOf":{"@id":"https:\/\/www.ing.uc.cl\/electrica\/#website"},"datePublished":"2023-07-11T19:23:10+00:00","dateModified":"2023-08-23T20:53:09+00:00","breadcrumb":{"@id":"https:\/\/www.ing.uc.cl\/electrica\/postulacion\/representacion-estudiantil\/#breadcrumb"},"inLanguage":"es-CL","potentialAction":[{"@type":"ReadAction","target":["https:\/\/www.ing.uc.cl\/electrica\/postulacion\/representacion-estudiantil\/"]}]},{"@type":"BreadcrumbList","@id":"https:\/\/www.ing.uc.cl\/electrica\/postulacion\/representacion-estudiantil\/#breadcrumb","itemListElement":[{"@type":"ListItem","position":1,"name":"Portada","item":"https:\/\/www.ing.uc.cl\/electrica\/"},{"@type":"ListItem","position":2,"name":"Organizaci\u00f3n","item":"https:\/\/www.ing.uc.cl\/electrica\/postulacion\/"},{"@type":"ListItem","position":3,"name":"Representaci\u00f3n Estudiantil"}]},{"@type":"WebSite","@id":"https:\/\/www.ing.uc.cl\/electrica\/#website","url":"https:\/\/www.ing.uc.cl\/electrica\/","name":"DEPARTAMENTO DE INGENIER\u00cdA EL\u00c9CTRICA","description":"","publisher":{"@id":"https:\/\/www.ing.uc.cl\/electrica\/#organization"},"potentialAction":[{"@type":"SearchAction","target":{"@type":"EntryPoint","urlTemplate":"https:\/\/www.ing.uc.cl\/electrica\/?s={search_term_string}"},"query-input":{"@type":"PropertyValueSpecification","valueRequired":true,"valueName":"search_term_string"}}],"inLanguage":"es-CL"},{"@type":"Organization","@id":"https:\/\/www.ing.uc.cl\/electrica\/#organization","name":"DEPARTAMENTO DE INGENIER\u00cdA EL\u00c9CTRICA","url":"https:\/\/www.ing.uc.cl\/electrica\/","logo":{"@type":"ImageObject","inLanguage":"es-CL","@id":"https:\/\/www.ing.uc.cl\/electrica\/#\/schema\/logo\/image\/","url":"https:\/\/www.ing.uc.cl\/electrica\/wp-content\/uploads\/2020\/03\/logo-uc-03.svg","contentUrl":"https:\/\/www.ing.uc.cl\/electrica\/wp-content\/uploads\/2020\/03\/logo-uc-03.svg","width":156,"height":90,"caption":"DEPARTAMENTO DE INGENIER\u00cdA EL\u00c9CTRICA"},"image":{"@id":"https:\/\/www.ing.uc.cl\/electrica\/#\/schema\/logo\/image\/"}}]}},"_links":{"self":[{"href":"https:\/\/www.ing.uc.cl\/electrica\/wp-json\/wp\/v2\/pages\/1980","targetHints":{"allow":["GET"]}}],"collection":[{"href":"https:\/\/www.ing.uc.cl\/electrica\/wp-json\/wp\/v2\/pages"}],"about":[{"href":"https:\/\/www.ing.uc.cl\/electrica\/wp-json\/wp\/v2\/types\/page"}],"author":[{"embeddable":true,"href":"https:\/\/www.ing.uc.cl\/electrica\/wp-json\/wp\/v2\/users\/4"}],"replies":[{"embeddable":true,"href":"https:\/\/www.ing.uc.cl\/electrica\/wp-json\/wp\/v2\/comments?post=1980"}],"version-history":[{"count":13,"href":"https:\/\/www.ing.uc.cl\/electrica\/wp-json\/wp\/v2\/pages\/1980\/revisions"}],"predecessor-version":[{"id":12538,"href":"https:\/\/www.ing.uc.cl\/electrica\/wp-json\/wp\/v2\/pages\/1980\/revisions\/12538"}],"up":[{"embeddable":true,"href":"https:\/\/www.ing.uc.cl\/electrica\/wp-json\/wp\/v2\/pages\/1240"}],"wp:attachment":[{"href":"https:\/\/www.ing.uc.cl\/electrica\/wp-json\/wp\/v2\/media?parent=1980"}],"curies":[{"name":"wp","href":"https:\/\/api.w.org\/{rel}","templated":true}]}}