{"id":2051,"date":"2023-07-17T12:24:46","date_gmt":"2023-07-17T15:24:46","guid":{"rendered":"https:\/\/www.ing.uc.cl\/electrica\/?page_id=2051"},"modified":"2023-08-21T18:19:31","modified_gmt":"2023-08-21T21:19:31","slug":"titulos","status":"publish","type":"page","link":"https:\/\/www.ing.uc.cl\/electrica\/pregrado\/titulos\/","title":{"rendered":"T\u00edtulos"},"content":{"rendered":"<div id=\"pl-gb2051-69fa3b79595df\"  class=\"panel-layout\" ><div id=\"pg-gb2051-69fa3b79595df-0\"  class=\"panel-grid panel-no-style\" ><div id=\"pgc-gb2051-69fa3b79595df-0-0\"  class=\"panel-grid-cell\" ><div id=\"panel-gb2051-69fa3b79595df-0-0-0\" class=\"so-panel widget widget_sow-editor panel-first-child panel-last-child\" data-index=\"0\" ><div class=\"uc-title panel-widget-style panel-widget-style-for-gb2051-69fa3b79595df-0-0-0\" ><div\n\t\t\t\n\t\t\tclass=\"so-widget-sow-editor so-widget-sow-editor-base\"\n\t\t\t\n\t\t>\n<div class=\"siteorigin-widget-tinymce textwidget\">\n\t<h3>T\u00edtulos<\/h3>\n<\/div>\n<\/div><\/div><\/div><\/div><\/div><\/div>\n\n\n<figure class=\"wp-block-image aligncenter size-large\"><img fetchpriority=\"high\" decoding=\"async\" width=\"1024\" height=\"348\" src=\"https:\/\/www.ing.uc.cl\/electrica\/wp-content\/uploads\/2023\/08\/Pregradobanner-1024x348.png\" alt=\"\" class=\"wp-image-12134\" srcset=\"https:\/\/www.ing.uc.cl\/electrica\/wp-content\/uploads\/2023\/08\/Pregradobanner-1024x348.png 1024w, https:\/\/www.ing.uc.cl\/electrica\/wp-content\/uploads\/2023\/08\/Pregradobanner-300x102.png 300w, https:\/\/www.ing.uc.cl\/electrica\/wp-content\/uploads\/2023\/08\/Pregradobanner-768x261.png 768w, https:\/\/www.ing.uc.cl\/electrica\/wp-content\/uploads\/2023\/08\/Pregradobanner-1536x522.png 1536w, https:\/\/www.ing.uc.cl\/electrica\/wp-content\/uploads\/2023\/08\/Pregradobanner-2048x696.png 2048w\" sizes=\"(max-width: 1024px) 100vw, 1024px\" \/><\/figure>\n\n\n\n<p>El Departamento de Ingenier\u00eda El\u00e9ctrica imparte los t\u00edtulos profesionales de:&nbsp;<\/p>\n\n\n\n<p><strong>Ingeniero Civil Electricista&nbsp;<\/strong><\/p>\n\n\n\n<p><strong>Ingeniero Civil de Industria con diploma en Ingenier\u00eda El\u00e9ctrica<\/strong><\/p>\n\n\n\n<p>Los egresados de los t\u00edtulos son capaces de aplicar los conocimientos cient\u00edficos de la f\u00edsica, matem\u00e1tica continua, matem\u00e1tica discreta, y probabilidades y estad\u00edstica al dise\u00f1o de sistemas de dispositivos el\u00e9ctricos y\/o electr\u00f3nicos. Asimismo, los egresados de esta carrera son capaces de conducir, analizar e interpretar los datos resultantes de experimentos referidos a la Ingenier\u00eda El\u00e9ctrica y\/o Electr\u00f3nica en diversas \u00e1reas: automatizaci\u00f3n y rob\u00f3tica, energ\u00eda el\u00e9ctrica, procesamiento de se\u00f1ales, telecomunicaciones e instrumentaci\u00f3n astron\u00f3mica.<\/p>\n\n\n\n<p><strong>Acreditaciones:<\/strong><\/p>\n\n\n\n<p>Se encuentran acreditados por la agencia ABET de Estados Unidos los siguientes programas:<\/p>\n\n\n\n<p><strong>Conducentes al grado de Licenciado en Ciencias de la Ingenier\u00eda (Bachelor of Science in Engineering)<\/strong><\/p>\n\n\n\n<p>Adem\u00e1s, el programa conducente a un t\u00edtulo profesional, estuvo acreditado por ABET entre el 1 de octubre de 2007 y el 30 de septiembre de 2021:<a href=\"https:\/\/www.ing.uc.cl\/programas-de-estudio\/pregrado\/acreditacion-pregrado\/acreditacion-internacional-pregrado\/\">Ingenier\u00eda Civil de Industrias, Diploma en Ingenier\u00eda El\u00e9ctrica<\/a> (EAC of ABET)<\/p>\n\n\n\n<figure class=\"wp-block-image aligncenter size-large is-resized\"><a href=\"https:\/\/www.abet.org\/\" target=\"_blank\" rel=\"noreferrer noopener\"><img decoding=\"async\" src=\"https:\/\/www.ing.uc.cl\/electrica\/wp-content\/uploads\/2023\/08\/1200px-ABET_logo-1024x1024.png\" alt=\"\" class=\"wp-image-12017\" style=\"width:123px;height:123px\" width=\"123\" height=\"123\" srcset=\"https:\/\/www.ing.uc.cl\/electrica\/wp-content\/uploads\/2023\/08\/1200px-ABET_logo-1024x1024.png 1024w, https:\/\/www.ing.uc.cl\/electrica\/wp-content\/uploads\/2023\/08\/1200px-ABET_logo-300x300.png 300w, https:\/\/www.ing.uc.cl\/electrica\/wp-content\/uploads\/2023\/08\/1200px-ABET_logo-150x150.png 150w, https:\/\/www.ing.uc.cl\/electrica\/wp-content\/uploads\/2023\/08\/1200px-ABET_logo-768x768.png 768w, https:\/\/www.ing.uc.cl\/electrica\/wp-content\/uploads\/2023\/08\/1200px-ABET_logo.png 1200w\" sizes=\"(max-width: 123px) 100vw, 123px\" \/><\/a><\/figure>\n\n\n\n<p><\/p>\n","protected":false},"excerpt":{"rendered":"<p>T\u00edtulos<\/p>\n","protected":false},"author":4,"featured_media":0,"parent":1708,"menu_order":0,"comment_status":"closed","ping_status":"closed","template":"","meta":{"_acf_changed":false,"_eb_attr":"","site-sidebar-layout":"default","site-content-layout":"","ast-site-content-layout":"default","site-content-style":"default","site-sidebar-style":"default","ast-global-header-display":"","ast-banner-title-visibility":"","ast-main-header-display":"","ast-hfb-above-header-display":"","ast-hfb-below-header-display":"","ast-hfb-mobile-header-display":"","site-post-title":"disabled","ast-breadcrumbs-content":"","ast-featured-img":"","footer-sml-layout":"","ast-disable-related-posts":"","theme-transparent-header-meta":"","adv-header-id-meta":"","stick-header-meta":"","header-above-stick-meta":"","header-main-stick-meta":"","header-below-stick-meta":"","astra-migrate-meta-layouts":"set","ast-page-background-enabled":"default","ast-page-background-meta":{"desktop":{"background-color":"","background-image":"","background-repeat":"repeat","background-position":"center center","background-size":"auto","background-attachment":"scroll","background-type":"","background-media":"","overlay-type":"","overlay-color":"","overlay-opacity":"","overlay-gradient":""},"tablet":{"background-color":"","background-image":"","background-repeat":"repeat","background-position":"center center","background-size":"auto","background-attachment":"scroll","background-type":"","background-media":"","overlay-type":"","overlay-color":"","overlay-opacity":"","overlay-gradient":""},"mobile":{"background-color":"","background-image":"","background-repeat":"repeat","background-position":"center center","background-size":"auto","background-attachment":"scroll","background-type":"","background-media":"","overlay-type":"","overlay-color":"","overlay-opacity":"","overlay-gradient":""}},"ast-content-background-meta":{"desktop":{"background-color":"var(--ast-global-color-5)","background-image":"","background-repeat":"repeat","background-position":"center center","background-size":"auto","background-attachment":"scroll","background-type":"","background-media":"","overlay-type":"","overlay-color":"","overlay-opacity":"","overlay-gradient":""},"tablet":{"background-color":"var(--ast-global-color-5)","background-image":"","background-repeat":"repeat","background-position":"center center","background-size":"auto","background-attachment":"scroll","background-type":"","background-media":"","overlay-type":"","overlay-color":"","overlay-opacity":"","overlay-gradient":""},"mobile":{"background-color":"var(--ast-global-color-5)","background-image":"","background-repeat":"repeat","background-position":"center center","background-size":"auto","background-attachment":"scroll","background-type":"","background-media":"","overlay-type":"","overlay-color":"","overlay-opacity":"","overlay-gradient":""}},"footnotes":""},"class_list":["post-2051","page","type-page","status-publish","hentry"],"acf":[],"yoast_head":"<!-- This site is optimized with the Yoast SEO plugin v27.5 - https:\/\/yoast.com\/product\/yoast-seo-wordpress\/ -->\n<title>T\u00edtulos - DEPARTAMENTO DE INGENIER\u00cdA EL\u00c9CTRICA<\/title>\n<meta name=\"robots\" content=\"index, follow, max-snippet:-1, max-image-preview:large, max-video-preview:-1\" \/>\n<link rel=\"canonical\" href=\"https:\/\/www.ing.uc.cl\/electrica\/pregrado\/titulos\/\" \/>\n<meta property=\"og:locale\" content=\"es_ES\" \/>\n<meta property=\"og:type\" content=\"article\" \/>\n<meta property=\"og:title\" content=\"T\u00edtulos - DEPARTAMENTO DE INGENIER\u00cdA EL\u00c9CTRICA\" \/>\n<meta property=\"og:description\" content=\"T\u00edtulos\" \/>\n<meta property=\"og:url\" content=\"https:\/\/www.ing.uc.cl\/electrica\/pregrado\/titulos\/\" \/>\n<meta property=\"og:site_name\" content=\"DEPARTAMENTO DE INGENIER\u00cdA EL\u00c9CTRICA\" \/>\n<meta property=\"article:modified_time\" content=\"2023-08-21T21:19:31+00:00\" \/>\n<meta property=\"og:image\" content=\"https:\/\/www.ing.uc.cl\/electrica\/wp-content\/uploads\/2023\/08\/Pregradobanner-1024x348.png\" \/>\n<meta name=\"twitter:card\" content=\"summary_large_image\" \/>\n<meta name=\"twitter:label1\" content=\"Tiempo estimado de lectura\" \/>\n\t<meta name=\"twitter:data1\" content=\"2 minutos\" \/>\n<script type=\"application\/ld+json\" class=\"yoast-schema-graph\">{\"@context\":\"https:\\\/\\\/schema.org\",\"@graph\":[{\"@type\":\"WebPage\",\"@id\":\"https:\\\/\\\/www.ing.uc.cl\\\/electrica\\\/pregrado\\\/titulos\\\/\",\"url\":\"https:\\\/\\\/www.ing.uc.cl\\\/electrica\\\/pregrado\\\/titulos\\\/\",\"name\":\"T\u00edtulos - DEPARTAMENTO DE INGENIER\u00cdA EL\u00c9CTRICA\",\"isPartOf\":{\"@id\":\"https:\\\/\\\/www.ing.uc.cl\\\/electrica\\\/#website\"},\"primaryImageOfPage\":{\"@id\":\"https:\\\/\\\/www.ing.uc.cl\\\/electrica\\\/pregrado\\\/titulos\\\/#primaryimage\"},\"image\":{\"@id\":\"https:\\\/\\\/www.ing.uc.cl\\\/electrica\\\/pregrado\\\/titulos\\\/#primaryimage\"},\"thumbnailUrl\":\"https:\\\/\\\/www.ing.uc.cl\\\/electrica\\\/wp-content\\\/uploads\\\/2023\\\/08\\\/Pregradobanner-1024x348.png\",\"datePublished\":\"2023-07-17T15:24:46+00:00\",\"dateModified\":\"2023-08-21T21:19:31+00:00\",\"breadcrumb\":{\"@id\":\"https:\\\/\\\/www.ing.uc.cl\\\/electrica\\\/pregrado\\\/titulos\\\/#breadcrumb\"},\"inLanguage\":\"es-CL\",\"potentialAction\":[{\"@type\":\"ReadAction\",\"target\":[\"https:\\\/\\\/www.ing.uc.cl\\\/electrica\\\/pregrado\\\/titulos\\\/\"]}]},{\"@type\":\"ImageObject\",\"inLanguage\":\"es-CL\",\"@id\":\"https:\\\/\\\/www.ing.uc.cl\\\/electrica\\\/pregrado\\\/titulos\\\/#primaryimage\",\"url\":\"https:\\\/\\\/www.ing.uc.cl\\\/electrica\\\/wp-content\\\/uploads\\\/2023\\\/08\\\/Pregradobanner.png\",\"contentUrl\":\"https:\\\/\\\/www.ing.uc.cl\\\/electrica\\\/wp-content\\\/uploads\\\/2023\\\/08\\\/Pregradobanner.png\",\"width\":5882,\"height\":2000},{\"@type\":\"BreadcrumbList\",\"@id\":\"https:\\\/\\\/www.ing.uc.cl\\\/electrica\\\/pregrado\\\/titulos\\\/#breadcrumb\",\"itemListElement\":[{\"@type\":\"ListItem\",\"position\":1,\"name\":\"Portada\",\"item\":\"https:\\\/\\\/www.ing.uc.cl\\\/electrica\\\/\"},{\"@type\":\"ListItem\",\"position\":2,\"name\":\"Pregrado\",\"item\":\"https:\\\/\\\/www.ing.uc.cl\\\/electrica\\\/pregrado\\\/\"},{\"@type\":\"ListItem\",\"position\":3,\"name\":\"T\u00edtulos\"}]},{\"@type\":\"WebSite\",\"@id\":\"https:\\\/\\\/www.ing.uc.cl\\\/electrica\\\/#website\",\"url\":\"https:\\\/\\\/www.ing.uc.cl\\\/electrica\\\/\",\"name\":\"DEPARTAMENTO DE INGENIER\u00cdA EL\u00c9CTRICA\",\"description\":\"\",\"publisher\":{\"@id\":\"https:\\\/\\\/www.ing.uc.cl\\\/electrica\\\/#organization\"},\"potentialAction\":[{\"@type\":\"SearchAction\",\"target\":{\"@type\":\"EntryPoint\",\"urlTemplate\":\"https:\\\/\\\/www.ing.uc.cl\\\/electrica\\\/?s={search_term_string}\"},\"query-input\":{\"@type\":\"PropertyValueSpecification\",\"valueRequired\":true,\"valueName\":\"search_term_string\"}}],\"inLanguage\":\"es-CL\"},{\"@type\":\"Organization\",\"@id\":\"https:\\\/\\\/www.ing.uc.cl\\\/electrica\\\/#organization\",\"name\":\"DEPARTAMENTO DE INGENIER\u00cdA EL\u00c9CTRICA\",\"url\":\"https:\\\/\\\/www.ing.uc.cl\\\/electrica\\\/\",\"logo\":{\"@type\":\"ImageObject\",\"inLanguage\":\"es-CL\",\"@id\":\"https:\\\/\\\/www.ing.uc.cl\\\/electrica\\\/#\\\/schema\\\/logo\\\/image\\\/\",\"url\":\"https:\\\/\\\/www.ing.uc.cl\\\/electrica\\\/wp-content\\\/uploads\\\/2020\\\/03\\\/logo-uc-03.svg\",\"contentUrl\":\"https:\\\/\\\/www.ing.uc.cl\\\/electrica\\\/wp-content\\\/uploads\\\/2020\\\/03\\\/logo-uc-03.svg\",\"width\":156,\"height\":90,\"caption\":\"DEPARTAMENTO DE INGENIER\u00cdA EL\u00c9CTRICA\"},\"image\":{\"@id\":\"https:\\\/\\\/www.ing.uc.cl\\\/electrica\\\/#\\\/schema\\\/logo\\\/image\\\/\"}}]}<\/script>\n<!-- \/ Yoast SEO plugin. -->","yoast_head_json":{"title":"T\u00edtulos - DEPARTAMENTO DE INGENIER\u00cdA EL\u00c9CTRICA","robots":{"index":"index","follow":"follow","max-snippet":"max-snippet:-1","max-image-preview":"max-image-preview:large","max-video-preview":"max-video-preview:-1"},"canonical":"https:\/\/www.ing.uc.cl\/electrica\/pregrado\/titulos\/","og_locale":"es_ES","og_type":"article","og_title":"T\u00edtulos - DEPARTAMENTO DE INGENIER\u00cdA EL\u00c9CTRICA","og_description":"T\u00edtulos","og_url":"https:\/\/www.ing.uc.cl\/electrica\/pregrado\/titulos\/","og_site_name":"DEPARTAMENTO DE INGENIER\u00cdA EL\u00c9CTRICA","article_modified_time":"2023-08-21T21:19:31+00:00","og_image":[{"url":"https:\/\/www.ing.uc.cl\/electrica\/wp-content\/uploads\/2023\/08\/Pregradobanner-1024x348.png","type":"","width":"","height":""}],"twitter_card":"summary_large_image","twitter_misc":{"Tiempo estimado de lectura":"2 minutos"},"schema":{"@context":"https:\/\/schema.org","@graph":[{"@type":"WebPage","@id":"https:\/\/www.ing.uc.cl\/electrica\/pregrado\/titulos\/","url":"https:\/\/www.ing.uc.cl\/electrica\/pregrado\/titulos\/","name":"T\u00edtulos - DEPARTAMENTO DE INGENIER\u00cdA EL\u00c9CTRICA","isPartOf":{"@id":"https:\/\/www.ing.uc.cl\/electrica\/#website"},"primaryImageOfPage":{"@id":"https:\/\/www.ing.uc.cl\/electrica\/pregrado\/titulos\/#primaryimage"},"image":{"@id":"https:\/\/www.ing.uc.cl\/electrica\/pregrado\/titulos\/#primaryimage"},"thumbnailUrl":"https:\/\/www.ing.uc.cl\/electrica\/wp-content\/uploads\/2023\/08\/Pregradobanner-1024x348.png","datePublished":"2023-07-17T15:24:46+00:00","dateModified":"2023-08-21T21:19:31+00:00","breadcrumb":{"@id":"https:\/\/www.ing.uc.cl\/electrica\/pregrado\/titulos\/#breadcrumb"},"inLanguage":"es-CL","potentialAction":[{"@type":"ReadAction","target":["https:\/\/www.ing.uc.cl\/electrica\/pregrado\/titulos\/"]}]},{"@type":"ImageObject","inLanguage":"es-CL","@id":"https:\/\/www.ing.uc.cl\/electrica\/pregrado\/titulos\/#primaryimage","url":"https:\/\/www.ing.uc.cl\/electrica\/wp-content\/uploads\/2023\/08\/Pregradobanner.png","contentUrl":"https:\/\/www.ing.uc.cl\/electrica\/wp-content\/uploads\/2023\/08\/Pregradobanner.png","width":5882,"height":2000},{"@type":"BreadcrumbList","@id":"https:\/\/www.ing.uc.cl\/electrica\/pregrado\/titulos\/#breadcrumb","itemListElement":[{"@type":"ListItem","position":1,"name":"Portada","item":"https:\/\/www.ing.uc.cl\/electrica\/"},{"@type":"ListItem","position":2,"name":"Pregrado","item":"https:\/\/www.ing.uc.cl\/electrica\/pregrado\/"},{"@type":"ListItem","position":3,"name":"T\u00edtulos"}]},{"@type":"WebSite","@id":"https:\/\/www.ing.uc.cl\/electrica\/#website","url":"https:\/\/www.ing.uc.cl\/electrica\/","name":"DEPARTAMENTO DE INGENIER\u00cdA EL\u00c9CTRICA","description":"","publisher":{"@id":"https:\/\/www.ing.uc.cl\/electrica\/#organization"},"potentialAction":[{"@type":"SearchAction","target":{"@type":"EntryPoint","urlTemplate":"https:\/\/www.ing.uc.cl\/electrica\/?s={search_term_string}"},"query-input":{"@type":"PropertyValueSpecification","valueRequired":true,"valueName":"search_term_string"}}],"inLanguage":"es-CL"},{"@type":"Organization","@id":"https:\/\/www.ing.uc.cl\/electrica\/#organization","name":"DEPARTAMENTO DE INGENIER\u00cdA EL\u00c9CTRICA","url":"https:\/\/www.ing.uc.cl\/electrica\/","logo":{"@type":"ImageObject","inLanguage":"es-CL","@id":"https:\/\/www.ing.uc.cl\/electrica\/#\/schema\/logo\/image\/","url":"https:\/\/www.ing.uc.cl\/electrica\/wp-content\/uploads\/2020\/03\/logo-uc-03.svg","contentUrl":"https:\/\/www.ing.uc.cl\/electrica\/wp-content\/uploads\/2020\/03\/logo-uc-03.svg","width":156,"height":90,"caption":"DEPARTAMENTO DE INGENIER\u00cdA EL\u00c9CTRICA"},"image":{"@id":"https:\/\/www.ing.uc.cl\/electrica\/#\/schema\/logo\/image\/"}}]}},"_links":{"self":[{"href":"https:\/\/www.ing.uc.cl\/electrica\/wp-json\/wp\/v2\/pages\/2051","targetHints":{"allow":["GET"]}}],"collection":[{"href":"https:\/\/www.ing.uc.cl\/electrica\/wp-json\/wp\/v2\/pages"}],"about":[{"href":"https:\/\/www.ing.uc.cl\/electrica\/wp-json\/wp\/v2\/types\/page"}],"author":[{"embeddable":true,"href":"https:\/\/www.ing.uc.cl\/electrica\/wp-json\/wp\/v2\/users\/4"}],"replies":[{"embeddable":true,"href":"https:\/\/www.ing.uc.cl\/electrica\/wp-json\/wp\/v2\/comments?post=2051"}],"version-history":[{"count":16,"href":"https:\/\/www.ing.uc.cl\/electrica\/wp-json\/wp\/v2\/pages\/2051\/revisions"}],"predecessor-version":[{"id":12327,"href":"https:\/\/www.ing.uc.cl\/electrica\/wp-json\/wp\/v2\/pages\/2051\/revisions\/12327"}],"up":[{"embeddable":true,"href":"https:\/\/www.ing.uc.cl\/electrica\/wp-json\/wp\/v2\/pages\/1708"}],"wp:attachment":[{"href":"https:\/\/www.ing.uc.cl\/electrica\/wp-json\/wp\/v2\/media?parent=2051"}],"curies":[{"name":"wp","href":"https:\/\/api.w.org\/{rel}","templated":true}]}}