{"id":2369,"date":"2023-07-19T13:00:20","date_gmt":"2023-07-19T16:00:20","guid":{"rendered":"https:\/\/www.ing.uc.cl\/electrica\/?page_id=2369"},"modified":"2023-08-21T12:00:07","modified_gmt":"2023-08-21T15:00:07","slug":"centros-de-investigacion","status":"publish","type":"page","link":"https:\/\/www.ing.uc.cl\/electrica\/investigacion\/centros-de-investigacion\/","title":{"rendered":"Centros"},"content":{"rendered":"<div id=\"pl-gb2369-69f9d311253eb\"  class=\"panel-layout\" ><div id=\"pg-gb2369-69f9d311253eb-0\"  class=\"panel-grid panel-no-style\" ><div id=\"pgc-gb2369-69f9d311253eb-0-0\"  class=\"panel-grid-cell\" ><div id=\"panel-gb2369-69f9d311253eb-0-0-0\" class=\"so-panel widget widget_sow-editor panel-first-child\" data-index=\"0\" ><div class=\"uc-title panel-widget-style panel-widget-style-for-gb2369-69f9d311253eb-0-0-0\" ><div\n\t\t\t\n\t\t\tclass=\"so-widget-sow-editor so-widget-sow-editor-base\"\n\t\t\t\n\t\t>\n<div class=\"siteorigin-widget-tinymce textwidget\">\n\t<h3>Centros de Investigaci\u00f3n<\/h3>\n<\/div>\n<\/div><\/div><\/div><div id=\"panel-gb2369-69f9d311253eb-0-0-1\" class=\"so-panel widget widget_sow-editor\" data-index=\"1\" ><div\n\t\t\t\n\t\t\tclass=\"so-widget-sow-editor so-widget-sow-editor-base\"\n\t\t\t\n\t\t>\n<div class=\"siteorigin-widget-tinymce textwidget\">\n\t<p><span style=\"font-weight: 400;\">Los Centros Interdisciplinarios de Investigaci\u00f3n UC buscan avanzar en el conocimiento de un \u00e1rea determinada, con el trabajo interdisciplinario de investigadores e investigadoras junto a profesionales de las distintas facultades y unidades UC, junto a la difusi\u00f3n de los proyectos desarrollados y su eventual aplicaci\u00f3n en beneficio de la sociedad.<\/span><\/p>\n<p><span style=\"font-weight: 400;\">El Departamento de Ingenier\u00eda El\u00e9ctrica se encuentra asociado a los siguientes centros:<\/span><\/p>\n<\/div>\n<\/div><\/div><div id=\"panel-gb2369-69f9d311253eb-0-0-2\" class=\"so-panel widget widget_sow-accordion panel-last-child\" data-index=\"2\" ><div class=\"uc-accordion panel-widget-style panel-widget-style-for-gb2369-69f9d311253eb-0-0-2\" ><div\n\t\t\t\n\t\t\tclass=\"so-widget-sow-accordion so-widget-sow-accordion-default-2b55ed2807e6-2369\"\n\t\t\t\n\t\t><div>\n\t<div class=\"sow-accordion\">\n\t\t\t<div class=\"sow-accordion-panel\n\t\t\t\t\t\"\n\t\t\t\tdata-anchor-id=\"centro-de-imagenes-biomedicas\">\n\t\t\t\t\t<div class=\"sow-accordion-panel-header-container\" role=\"heading\" aria-level=\"2\">\n\t\t\t\t\t<div class=\"sow-accordion-panel-header\" tabindex=\"0\" role=\"button\" id=\"accordion-label-centro-de-im%c3%a1genes-biom%c3%a9dicas\" aria-controls=\"accordion-content-centro-de-im%c3%a1genes-biom%c3%a9dicas\" aria-expanded=\"false\">\n\t\t\t\t\t\t<div class=\"sow-accordion-title sow-accordion-title-icon-left\">\n\t\t\t\t\t\t\t\t\t\t\t\t\t\tCentro de Im\u00e1genes Biom\u00e9dicas\t\t\t\t\t\t\t\t\t\t\t\t\t<\/div>\n\t\t\t\t\t\t<div class=\"sow-accordion-open-close-button\">\n\t\t\t\t\t\t\t<div class=\"sow-accordion-open-button\">\n\t\t\t\t\t\t\t\t<span class=\"sow-icon-ionicons\" data-sow-icon=\"&#xf218;\"\n\t\t \n\t\taria-hidden=\"true\"><\/span>\t\t\t\t\t\t\t<\/div>\n\t\t\t\t\t\t\t<div class=\"sow-accordion-close-button\">\n\t\t\t\t\t\t\t\t<span class=\"sow-icon-ionicons\" data-sow-icon=\"&#xf209;\"\n\t\t \n\t\taria-hidden=\"true\"><\/span>\t\t\t\t\t\t\t<\/div>\n\t\t\t\t\t\t<\/div>\n\t\t\t\t\t<\/div>\n\t\t\t\t<\/div>\n\n\t\t\t<div\n\t\t\t\tclass=\"sow-accordion-panel-content\"\n\t\t\t\trole=\"region\"\n\t\t\t\taria-labelledby=\"accordion-label-centro-de-im%c3%a1genes-biom%c3%a9dicas\"\n\t\t\t\tid=\"accordion-content-centro-de-im%c3%a1genes-biom%c3%a9dicas\"\n\t\t\t\tstyle=\"display: none;\"\t\t\t>\n\t\t\t\t<div class=\"sow-accordion-panel-border\">\n\t\t\t\t\t<p><img fetchpriority=\"high\" decoding=\"async\" class=\"aligncenter wp-image-12272 size-large\" src=\"https:\/\/www.ing.uc.cl\/electrica\/wp-content\/uploads\/2023\/08\/bannerbiomedicas-1024x348.png\" alt=\"\" width=\"1024\" height=\"348\" srcset=\"https:\/\/www.ing.uc.cl\/electrica\/wp-content\/uploads\/2023\/08\/bannerbiomedicas-1024x348.png 1024w, https:\/\/www.ing.uc.cl\/electrica\/wp-content\/uploads\/2023\/08\/bannerbiomedicas-300x102.png 300w, https:\/\/www.ing.uc.cl\/electrica\/wp-content\/uploads\/2023\/08\/bannerbiomedicas-768x261.png 768w, https:\/\/www.ing.uc.cl\/electrica\/wp-content\/uploads\/2023\/08\/bannerbiomedicas-1536x522.png 1536w, https:\/\/www.ing.uc.cl\/electrica\/wp-content\/uploads\/2023\/08\/bannerbiomedicas-2048x696.png 2048w\" sizes=\"(max-width: 1024px) 100vw, 1024px\" \/><\/p>\n<p><span style=\"font-weight: 400;\">El CIB se especializa en el procesamiento de im\u00e1genes obtenidas a trav\u00e9s de resonancia magn\u00e9tica, radiolog\u00eda intervencional, tomograf\u00eda computarizada, rayos X, la medicina nuclear y la microscop\u00eda \u00f3ptica, entre otras, con el fin de que sean un soporte en el avance de las ciencias de la salud. A lo largo de los a\u00f1os tambi\u00e9n se han incorporado investigadores y profesionales de otras disciplinas, como Ciencia de la Computaci\u00f3n y Mec\u00e1nica, Ingenier\u00eda; Cirug\u00eda Vascular, Psiquiatr\u00eda y Radioterapia, en Medicina; adem\u00e1s de acad\u00e9micos de las facultades de Matem\u00e1ticas, F\u00edsica y Ciencias\u00a0 Biol\u00f3gicas, d\u00e1ndole al Centro un car\u00e1cter multidisciplinario muy enriquecedor.<\/span><\/p>\n<p><span style=\"font-weight: 400;\">Link: <\/span><a href=\"https:\/\/centroimagenesbiomedicas.uc.cl\/\"><span style=\"font-weight: 400;\">https:\/\/centroimagenesbiomedicas.uc.cl\/<\/span><\/a><\/p>\n\t\t\t\t<\/div>\n\t\t\t<\/div>\n\t\t<\/div>\n\t\t\t<div class=\"sow-accordion-panel\n\t\t\t\t\t\"\n\t\t\t\tdata-anchor-id=\"centro-de-astro-ingenieria\">\n\t\t\t\t\t<div class=\"sow-accordion-panel-header-container\" role=\"heading\" aria-level=\"2\">\n\t\t\t\t\t<div class=\"sow-accordion-panel-header\" tabindex=\"0\" role=\"button\" id=\"accordion-label-centro-de-astro-ingenier%c3%ada\" aria-controls=\"accordion-content-centro-de-astro-ingenier%c3%ada\" aria-expanded=\"false\">\n\t\t\t\t\t\t<div class=\"sow-accordion-title sow-accordion-title-icon-left\">\n\t\t\t\t\t\t\t\t\t\t\t\t\t\tCentro de Astro-Ingenier\u00eda\t\t\t\t\t\t\t\t\t\t\t\t\t<\/div>\n\t\t\t\t\t\t<div class=\"sow-accordion-open-close-button\">\n\t\t\t\t\t\t\t<div class=\"sow-accordion-open-button\">\n\t\t\t\t\t\t\t\t<span class=\"sow-icon-ionicons\" data-sow-icon=\"&#xf218;\"\n\t\t \n\t\taria-hidden=\"true\"><\/span>\t\t\t\t\t\t\t<\/div>\n\t\t\t\t\t\t\t<div class=\"sow-accordion-close-button\">\n\t\t\t\t\t\t\t\t<span class=\"sow-icon-ionicons\" data-sow-icon=\"&#xf209;\"\n\t\t \n\t\taria-hidden=\"true\"><\/span>\t\t\t\t\t\t\t<\/div>\n\t\t\t\t\t\t<\/div>\n\t\t\t\t\t<\/div>\n\t\t\t\t<\/div>\n\n\t\t\t<div\n\t\t\t\tclass=\"sow-accordion-panel-content\"\n\t\t\t\trole=\"region\"\n\t\t\t\taria-labelledby=\"accordion-label-centro-de-astro-ingenier%c3%ada\"\n\t\t\t\tid=\"accordion-content-centro-de-astro-ingenier%c3%ada\"\n\t\t\t\tstyle=\"display: none;\"\t\t\t>\n\t\t\t\t<div class=\"sow-accordion-panel-border\">\n\t\t\t\t\t<p><img decoding=\"async\" class=\"aligncenter wp-image-12274 size-large\" src=\"https:\/\/www.ing.uc.cl\/electrica\/wp-content\/uploads\/2023\/08\/bannerastro-1024x348.png\" alt=\"\" width=\"1024\" height=\"348\" srcset=\"https:\/\/www.ing.uc.cl\/electrica\/wp-content\/uploads\/2023\/08\/bannerastro-1024x348.png 1024w, https:\/\/www.ing.uc.cl\/electrica\/wp-content\/uploads\/2023\/08\/bannerastro-300x102.png 300w, https:\/\/www.ing.uc.cl\/electrica\/wp-content\/uploads\/2023\/08\/bannerastro-768x261.png 768w, https:\/\/www.ing.uc.cl\/electrica\/wp-content\/uploads\/2023\/08\/bannerastro-1536x522.png 1536w, https:\/\/www.ing.uc.cl\/electrica\/wp-content\/uploads\/2023\/08\/bannerastro-2048x696.png 2048w\" sizes=\"(max-width: 1024px) 100vw, 1024px\" \/><\/p>\n<p><span style=\"font-weight: 400;\">El Centro de Astro-Ingenier\u00eda de la Universidad Cat\u00f3lica (AIUC) fue creado en el 2009 y tiene como misi\u00f3n servir de canal para realizar investigaci\u00f3n de punta y generar nuevas oportunidades tecnol\u00f3gicas y computacionales en el \u00e1mbito de la astronom\u00eda e ingenier\u00eda. El AIUC est\u00e1 conformado \u00a0por acad\u00e9micos e investigadores del Instituto de Astrof\u00edsica y la Escuela de Ingenier\u00eda de la UC y un grupo de profesionales del \u00e1mbito de la gesti\u00f3n tecnol\u00f3gica.\u00a0<\/span><\/p>\n<p><span style=\"font-weight: 400;\">Link: :<\/span><a href=\"https:\/\/aiuc.puc.cl\/\"><span style=\"font-weight: 400;\">https:\/\/aiuc.puc.cl\/<\/span><\/a><\/p>\n\t\t\t\t<\/div>\n\t\t\t<\/div>\n\t\t<\/div>\n\t\t\t<div class=\"sow-accordion-panel\n\t\t\t\t\t\"\n\t\t\t\tdata-anchor-id=\"centro-de-energia\">\n\t\t\t\t\t<div class=\"sow-accordion-panel-header-container\" role=\"heading\" aria-level=\"2\">\n\t\t\t\t\t<div class=\"sow-accordion-panel-header\" tabindex=\"0\" role=\"button\" id=\"accordion-label-centro-de-energ%c3%ada\" aria-controls=\"accordion-content-centro-de-energ%c3%ada\" aria-expanded=\"false\">\n\t\t\t\t\t\t<div class=\"sow-accordion-title sow-accordion-title-icon-left\">\n\t\t\t\t\t\t\t\t\t\t\t\t\t\tCentro de Energ\u00eda\t\t\t\t\t\t\t\t\t\t\t\t\t<\/div>\n\t\t\t\t\t\t<div class=\"sow-accordion-open-close-button\">\n\t\t\t\t\t\t\t<div class=\"sow-accordion-open-button\">\n\t\t\t\t\t\t\t\t<span class=\"sow-icon-ionicons\" data-sow-icon=\"&#xf218;\"\n\t\t \n\t\taria-hidden=\"true\"><\/span>\t\t\t\t\t\t\t<\/div>\n\t\t\t\t\t\t\t<div class=\"sow-accordion-close-button\">\n\t\t\t\t\t\t\t\t<span class=\"sow-icon-ionicons\" data-sow-icon=\"&#xf209;\"\n\t\t \n\t\taria-hidden=\"true\"><\/span>\t\t\t\t\t\t\t<\/div>\n\t\t\t\t\t\t<\/div>\n\t\t\t\t\t<\/div>\n\t\t\t\t<\/div>\n\n\t\t\t<div\n\t\t\t\tclass=\"sow-accordion-panel-content\"\n\t\t\t\trole=\"region\"\n\t\t\t\taria-labelledby=\"accordion-label-centro-de-energ%c3%ada\"\n\t\t\t\tid=\"accordion-content-centro-de-energ%c3%ada\"\n\t\t\t\tstyle=\"display: none;\"\t\t\t>\n\t\t\t\t<div class=\"sow-accordion-panel-border\">\n\t\t\t\t\t<p><img decoding=\"async\" class=\"aligncenter wp-image-12275 size-large\" src=\"https:\/\/www.ing.uc.cl\/electrica\/wp-content\/uploads\/2023\/08\/bannerEnergia-1024x348.png\" alt=\"\" width=\"1024\" height=\"348\" srcset=\"https:\/\/www.ing.uc.cl\/electrica\/wp-content\/uploads\/2023\/08\/bannerEnergia-1024x348.png 1024w, https:\/\/www.ing.uc.cl\/electrica\/wp-content\/uploads\/2023\/08\/bannerEnergia-300x102.png 300w, https:\/\/www.ing.uc.cl\/electrica\/wp-content\/uploads\/2023\/08\/bannerEnergia-768x261.png 768w, https:\/\/www.ing.uc.cl\/electrica\/wp-content\/uploads\/2023\/08\/bannerEnergia-1536x522.png 1536w, https:\/\/www.ing.uc.cl\/electrica\/wp-content\/uploads\/2023\/08\/bannerEnergia-2048x696.png 2048w\" sizes=\"(max-width: 1024px) 100vw, 1024px\" \/><\/p>\n<p><span style=\"font-weight: 400;\">Realiza y promueve la investigaci\u00f3n interdisciplinaria, la innovaci\u00f3n, el desarrollo tecnol\u00f3gico y de pol\u00edticas p\u00fablicas, la formaci\u00f3n de capital humano y el di\u00e1logo con la sociedad. El Centro busca resolver desaf\u00edos energ\u00e9ticos nacionales y globales, con un alto compromiso con la \u00e9tica ambiental y la sustentabilidad, a trav\u00e9s de la integraci\u00f3n de las ciencias naturales, sociales y la ingenier\u00eda.<\/span><\/p>\n<p><span style=\"font-weight: 400;\">Link: <\/span><a href=\"https:\/\/energia.uc.cl\/\"><span style=\"font-weight: 400;\">https:\/\/energia.uc.cl\/<\/span><\/a><\/p>\n\t\t\t\t<\/div>\n\t\t\t<\/div>\n\t\t<\/div>\n\t\t<\/div>\n<\/div>\n<\/div><\/div><\/div><\/div><\/div><\/div>","protected":false},"excerpt":{"rendered":"<p>Centros de Investigaci\u00f3n Los Centros Interdisciplinarios de Investigaci\u00f3n UC buscan avanzar en el conocimiento de un \u00e1rea determinada, con el trabajo interdisciplinario de investigadores e investigadoras junto a profesionales de las distintas facultades y unidades UC, junto a la difusi\u00f3n de los proyectos desarrollados y su eventual aplicaci\u00f3n en beneficio de la sociedad. El Departamento de Ingenier\u00eda El\u00e9ctrica se encuentra asociado a los siguientes centros:<\/p>\n","protected":false},"author":4,"featured_media":0,"parent":1916,"menu_order":0,"comment_status":"closed","ping_status":"closed","template":"","meta":{"_acf_changed":false,"_eb_attr":"","site-sidebar-layout":"default","site-content-layout":"","ast-site-content-layout":"default","site-content-style":"default","site-sidebar-style":"default","ast-global-header-display":"","ast-banner-title-visibility":"","ast-main-header-display":"","ast-hfb-above-header-display":"","ast-hfb-below-header-display":"","ast-hfb-mobile-header-display":"","site-post-title":"disabled","ast-breadcrumbs-content":"","ast-featured-img":"","footer-sml-layout":"","ast-disable-related-posts":"","theme-transparent-header-meta":"","adv-header-id-meta":"","stick-header-meta":"","header-above-stick-meta":"","header-main-stick-meta":"","header-below-stick-meta":"","astra-migrate-meta-layouts":"set","ast-page-background-enabled":"default","ast-page-background-meta":{"desktop":{"background-color":"","background-image":"","background-repeat":"repeat","background-position":"center center","background-size":"auto","background-attachment":"scroll","background-type":"","background-media":"","overlay-type":"","overlay-color":"","overlay-opacity":"","overlay-gradient":""},"tablet":{"background-color":"","background-image":"","background-repeat":"repeat","background-position":"center center","background-size":"auto","background-attachment":"scroll","background-type":"","background-media":"","overlay-type":"","overlay-color":"","overlay-opacity":"","overlay-gradient":""},"mobile":{"background-color":"","background-image":"","background-repeat":"repeat","background-position":"center center","background-size":"auto","background-attachment":"scroll","background-type":"","background-media":"","overlay-type":"","overlay-color":"","overlay-opacity":"","overlay-gradient":""}},"ast-content-background-meta":{"desktop":{"background-color":"var(--ast-global-color-5)","background-image":"","background-repeat":"repeat","background-position":"center center","background-size":"auto","background-attachment":"scroll","background-type":"","background-media":"","overlay-type":"","overlay-color":"","overlay-opacity":"","overlay-gradient":""},"tablet":{"background-color":"var(--ast-global-color-5)","background-image":"","background-repeat":"repeat","background-position":"center center","background-size":"auto","background-attachment":"scroll","background-type":"","background-media":"","overlay-type":"","overlay-color":"","overlay-opacity":"","overlay-gradient":""},"mobile":{"background-color":"var(--ast-global-color-5)","background-image":"","background-repeat":"repeat","background-position":"center center","background-size":"auto","background-attachment":"scroll","background-type":"","background-media":"","overlay-type":"","overlay-color":"","overlay-opacity":"","overlay-gradient":""}},"footnotes":""},"class_list":["post-2369","page","type-page","status-publish","hentry"],"acf":[],"yoast_head":"<!-- This site is optimized with the Yoast SEO plugin v27.5 - https:\/\/yoast.com\/product\/yoast-seo-wordpress\/ -->\n<title>Centros - DEPARTAMENTO DE INGENIER\u00cdA EL\u00c9CTRICA<\/title>\n<meta name=\"robots\" content=\"index, follow, max-snippet:-1, max-image-preview:large, max-video-preview:-1\" \/>\n<link rel=\"canonical\" href=\"https:\/\/www.ing.uc.cl\/electrica\/investigacion\/centros-de-investigacion\/\" \/>\n<meta property=\"og:locale\" content=\"es_ES\" \/>\n<meta property=\"og:type\" content=\"article\" \/>\n<meta property=\"og:title\" content=\"Centros - DEPARTAMENTO DE INGENIER\u00cdA EL\u00c9CTRICA\" \/>\n<meta property=\"og:description\" content=\"Centros de Investigaci\u00f3n Los Centros Interdisciplinarios de Investigaci\u00f3n UC buscan avanzar en el conocimiento de un \u00e1rea determinada, con el trabajo interdisciplinario de investigadores e investigadoras junto a profesionales de las distintas facultades y unidades UC, junto a la difusi\u00f3n de los proyectos desarrollados y su eventual aplicaci\u00f3n en beneficio de la sociedad. El Departamento de Ingenier\u00eda El\u00e9ctrica se encuentra asociado a los siguientes centros:\" \/>\n<meta property=\"og:url\" content=\"https:\/\/www.ing.uc.cl\/electrica\/investigacion\/centros-de-investigacion\/\" \/>\n<meta property=\"og:site_name\" content=\"DEPARTAMENTO DE INGENIER\u00cdA EL\u00c9CTRICA\" \/>\n<meta property=\"article:modified_time\" content=\"2023-08-21T15:00:07+00:00\" \/>\n<meta property=\"og:image\" content=\"https:\/\/www.ing.uc.cl\/electrica\/wp-content\/uploads\/2023\/08\/bannerbiomedicas-1024x348.png\" \/>\n<meta name=\"twitter:card\" content=\"summary_large_image\" \/>\n<meta name=\"twitter:label1\" content=\"Tiempo estimado de lectura\" \/>\n\t<meta name=\"twitter:data1\" content=\"2 minutos\" \/>\n<script type=\"application\/ld+json\" class=\"yoast-schema-graph\">{\"@context\":\"https:\\\/\\\/schema.org\",\"@graph\":[{\"@type\":\"WebPage\",\"@id\":\"https:\\\/\\\/www.ing.uc.cl\\\/electrica\\\/investigacion\\\/centros-de-investigacion\\\/\",\"url\":\"https:\\\/\\\/www.ing.uc.cl\\\/electrica\\\/investigacion\\\/centros-de-investigacion\\\/\",\"name\":\"Centros - DEPARTAMENTO DE INGENIER\u00cdA EL\u00c9CTRICA\",\"isPartOf\":{\"@id\":\"https:\\\/\\\/www.ing.uc.cl\\\/electrica\\\/#website\"},\"primaryImageOfPage\":{\"@id\":\"https:\\\/\\\/www.ing.uc.cl\\\/electrica\\\/investigacion\\\/centros-de-investigacion\\\/#primaryimage\"},\"image\":{\"@id\":\"https:\\\/\\\/www.ing.uc.cl\\\/electrica\\\/investigacion\\\/centros-de-investigacion\\\/#primaryimage\"},\"thumbnailUrl\":\"https:\\\/\\\/www.ing.uc.cl\\\/electrica\\\/wp-content\\\/uploads\\\/2023\\\/08\\\/bannerbiomedicas-1024x348.png\",\"datePublished\":\"2023-07-19T16:00:20+00:00\",\"dateModified\":\"2023-08-21T15:00:07+00:00\",\"breadcrumb\":{\"@id\":\"https:\\\/\\\/www.ing.uc.cl\\\/electrica\\\/investigacion\\\/centros-de-investigacion\\\/#breadcrumb\"},\"inLanguage\":\"es-CL\",\"potentialAction\":[{\"@type\":\"ReadAction\",\"target\":[\"https:\\\/\\\/www.ing.uc.cl\\\/electrica\\\/investigacion\\\/centros-de-investigacion\\\/\"]}]},{\"@type\":\"ImageObject\",\"inLanguage\":\"es-CL\",\"@id\":\"https:\\\/\\\/www.ing.uc.cl\\\/electrica\\\/investigacion\\\/centros-de-investigacion\\\/#primaryimage\",\"url\":\"https:\\\/\\\/www.ing.uc.cl\\\/electrica\\\/wp-content\\\/uploads\\\/2023\\\/08\\\/bannerbiomedicas.png\",\"contentUrl\":\"https:\\\/\\\/www.ing.uc.cl\\\/electrica\\\/wp-content\\\/uploads\\\/2023\\\/08\\\/bannerbiomedicas.png\",\"width\":5882,\"height\":2000},{\"@type\":\"BreadcrumbList\",\"@id\":\"https:\\\/\\\/www.ing.uc.cl\\\/electrica\\\/investigacion\\\/centros-de-investigacion\\\/#breadcrumb\",\"itemListElement\":[{\"@type\":\"ListItem\",\"position\":1,\"name\":\"Portada\",\"item\":\"https:\\\/\\\/www.ing.uc.cl\\\/electrica\\\/\"},{\"@type\":\"ListItem\",\"position\":2,\"name\":\"Investigaci\u00f3n\",\"item\":\"https:\\\/\\\/www.ing.uc.cl\\\/electrica\\\/investigacion\\\/\"},{\"@type\":\"ListItem\",\"position\":3,\"name\":\"Centros\"}]},{\"@type\":\"WebSite\",\"@id\":\"https:\\\/\\\/www.ing.uc.cl\\\/electrica\\\/#website\",\"url\":\"https:\\\/\\\/www.ing.uc.cl\\\/electrica\\\/\",\"name\":\"DEPARTAMENTO DE INGENIER\u00cdA EL\u00c9CTRICA\",\"description\":\"\",\"publisher\":{\"@id\":\"https:\\\/\\\/www.ing.uc.cl\\\/electrica\\\/#organization\"},\"potentialAction\":[{\"@type\":\"SearchAction\",\"target\":{\"@type\":\"EntryPoint\",\"urlTemplate\":\"https:\\\/\\\/www.ing.uc.cl\\\/electrica\\\/?s={search_term_string}\"},\"query-input\":{\"@type\":\"PropertyValueSpecification\",\"valueRequired\":true,\"valueName\":\"search_term_string\"}}],\"inLanguage\":\"es-CL\"},{\"@type\":\"Organization\",\"@id\":\"https:\\\/\\\/www.ing.uc.cl\\\/electrica\\\/#organization\",\"name\":\"DEPARTAMENTO DE INGENIER\u00cdA EL\u00c9CTRICA\",\"url\":\"https:\\\/\\\/www.ing.uc.cl\\\/electrica\\\/\",\"logo\":{\"@type\":\"ImageObject\",\"inLanguage\":\"es-CL\",\"@id\":\"https:\\\/\\\/www.ing.uc.cl\\\/electrica\\\/#\\\/schema\\\/logo\\\/image\\\/\",\"url\":\"https:\\\/\\\/www.ing.uc.cl\\\/electrica\\\/wp-content\\\/uploads\\\/2020\\\/03\\\/logo-uc-03.svg\",\"contentUrl\":\"https:\\\/\\\/www.ing.uc.cl\\\/electrica\\\/wp-content\\\/uploads\\\/2020\\\/03\\\/logo-uc-03.svg\",\"width\":156,\"height\":90,\"caption\":\"DEPARTAMENTO DE INGENIER\u00cdA EL\u00c9CTRICA\"},\"image\":{\"@id\":\"https:\\\/\\\/www.ing.uc.cl\\\/electrica\\\/#\\\/schema\\\/logo\\\/image\\\/\"}}]}<\/script>\n<!-- \/ Yoast SEO plugin. -->","yoast_head_json":{"title":"Centros - DEPARTAMENTO DE INGENIER\u00cdA EL\u00c9CTRICA","robots":{"index":"index","follow":"follow","max-snippet":"max-snippet:-1","max-image-preview":"max-image-preview:large","max-video-preview":"max-video-preview:-1"},"canonical":"https:\/\/www.ing.uc.cl\/electrica\/investigacion\/centros-de-investigacion\/","og_locale":"es_ES","og_type":"article","og_title":"Centros - DEPARTAMENTO DE INGENIER\u00cdA EL\u00c9CTRICA","og_description":"Centros de Investigaci\u00f3n Los Centros Interdisciplinarios de Investigaci\u00f3n UC buscan avanzar en el conocimiento de un \u00e1rea determinada, con el trabajo interdisciplinario de investigadores e investigadoras junto a profesionales de las distintas facultades y unidades UC, junto a la difusi\u00f3n de los proyectos desarrollados y su eventual aplicaci\u00f3n en beneficio de la sociedad. El Departamento de Ingenier\u00eda El\u00e9ctrica se encuentra asociado a los siguientes centros:","og_url":"https:\/\/www.ing.uc.cl\/electrica\/investigacion\/centros-de-investigacion\/","og_site_name":"DEPARTAMENTO DE INGENIER\u00cdA EL\u00c9CTRICA","article_modified_time":"2023-08-21T15:00:07+00:00","og_image":[{"url":"https:\/\/www.ing.uc.cl\/electrica\/wp-content\/uploads\/2023\/08\/bannerbiomedicas-1024x348.png","type":"","width":"","height":""}],"twitter_card":"summary_large_image","twitter_misc":{"Tiempo estimado de lectura":"2 minutos"},"schema":{"@context":"https:\/\/schema.org","@graph":[{"@type":"WebPage","@id":"https:\/\/www.ing.uc.cl\/electrica\/investigacion\/centros-de-investigacion\/","url":"https:\/\/www.ing.uc.cl\/electrica\/investigacion\/centros-de-investigacion\/","name":"Centros - DEPARTAMENTO DE INGENIER\u00cdA EL\u00c9CTRICA","isPartOf":{"@id":"https:\/\/www.ing.uc.cl\/electrica\/#website"},"primaryImageOfPage":{"@id":"https:\/\/www.ing.uc.cl\/electrica\/investigacion\/centros-de-investigacion\/#primaryimage"},"image":{"@id":"https:\/\/www.ing.uc.cl\/electrica\/investigacion\/centros-de-investigacion\/#primaryimage"},"thumbnailUrl":"https:\/\/www.ing.uc.cl\/electrica\/wp-content\/uploads\/2023\/08\/bannerbiomedicas-1024x348.png","datePublished":"2023-07-19T16:00:20+00:00","dateModified":"2023-08-21T15:00:07+00:00","breadcrumb":{"@id":"https:\/\/www.ing.uc.cl\/electrica\/investigacion\/centros-de-investigacion\/#breadcrumb"},"inLanguage":"es-CL","potentialAction":[{"@type":"ReadAction","target":["https:\/\/www.ing.uc.cl\/electrica\/investigacion\/centros-de-investigacion\/"]}]},{"@type":"ImageObject","inLanguage":"es-CL","@id":"https:\/\/www.ing.uc.cl\/electrica\/investigacion\/centros-de-investigacion\/#primaryimage","url":"https:\/\/www.ing.uc.cl\/electrica\/wp-content\/uploads\/2023\/08\/bannerbiomedicas.png","contentUrl":"https:\/\/www.ing.uc.cl\/electrica\/wp-content\/uploads\/2023\/08\/bannerbiomedicas.png","width":5882,"height":2000},{"@type":"BreadcrumbList","@id":"https:\/\/www.ing.uc.cl\/electrica\/investigacion\/centros-de-investigacion\/#breadcrumb","itemListElement":[{"@type":"ListItem","position":1,"name":"Portada","item":"https:\/\/www.ing.uc.cl\/electrica\/"},{"@type":"ListItem","position":2,"name":"Investigaci\u00f3n","item":"https:\/\/www.ing.uc.cl\/electrica\/investigacion\/"},{"@type":"ListItem","position":3,"name":"Centros"}]},{"@type":"WebSite","@id":"https:\/\/www.ing.uc.cl\/electrica\/#website","url":"https:\/\/www.ing.uc.cl\/electrica\/","name":"DEPARTAMENTO DE INGENIER\u00cdA EL\u00c9CTRICA","description":"","publisher":{"@id":"https:\/\/www.ing.uc.cl\/electrica\/#organization"},"potentialAction":[{"@type":"SearchAction","target":{"@type":"EntryPoint","urlTemplate":"https:\/\/www.ing.uc.cl\/electrica\/?s={search_term_string}"},"query-input":{"@type":"PropertyValueSpecification","valueRequired":true,"valueName":"search_term_string"}}],"inLanguage":"es-CL"},{"@type":"Organization","@id":"https:\/\/www.ing.uc.cl\/electrica\/#organization","name":"DEPARTAMENTO DE INGENIER\u00cdA EL\u00c9CTRICA","url":"https:\/\/www.ing.uc.cl\/electrica\/","logo":{"@type":"ImageObject","inLanguage":"es-CL","@id":"https:\/\/www.ing.uc.cl\/electrica\/#\/schema\/logo\/image\/","url":"https:\/\/www.ing.uc.cl\/electrica\/wp-content\/uploads\/2020\/03\/logo-uc-03.svg","contentUrl":"https:\/\/www.ing.uc.cl\/electrica\/wp-content\/uploads\/2020\/03\/logo-uc-03.svg","width":156,"height":90,"caption":"DEPARTAMENTO DE INGENIER\u00cdA EL\u00c9CTRICA"},"image":{"@id":"https:\/\/www.ing.uc.cl\/electrica\/#\/schema\/logo\/image\/"}}]}},"_links":{"self":[{"href":"https:\/\/www.ing.uc.cl\/electrica\/wp-json\/wp\/v2\/pages\/2369","targetHints":{"allow":["GET"]}}],"collection":[{"href":"https:\/\/www.ing.uc.cl\/electrica\/wp-json\/wp\/v2\/pages"}],"about":[{"href":"https:\/\/www.ing.uc.cl\/electrica\/wp-json\/wp\/v2\/types\/page"}],"author":[{"embeddable":true,"href":"https:\/\/www.ing.uc.cl\/electrica\/wp-json\/wp\/v2\/users\/4"}],"replies":[{"embeddable":true,"href":"https:\/\/www.ing.uc.cl\/electrica\/wp-json\/wp\/v2\/comments?post=2369"}],"version-history":[{"count":5,"href":"https:\/\/www.ing.uc.cl\/electrica\/wp-json\/wp\/v2\/pages\/2369\/revisions"}],"predecessor-version":[{"id":12276,"href":"https:\/\/www.ing.uc.cl\/electrica\/wp-json\/wp\/v2\/pages\/2369\/revisions\/12276"}],"up":[{"embeddable":true,"href":"https:\/\/www.ing.uc.cl\/electrica\/wp-json\/wp\/v2\/pages\/1916"}],"wp:attachment":[{"href":"https:\/\/www.ing.uc.cl\/electrica\/wp-json\/wp\/v2\/media?parent=2369"}],"curies":[{"name":"wp","href":"https:\/\/api.w.org\/{rel}","templated":true}]}}