{"id":9352,"date":"2023-07-25T13:11:56","date_gmt":"2023-07-25T16:11:56","guid":{"rendered":"https:\/\/www.ing.uc.cl\/electrica\/?page_id=9352"},"modified":"2024-06-07T13:31:12","modified_gmt":"2024-06-07T16:31:12","slug":"planta-academica-adjunta","status":"publish","type":"page","link":"https:\/\/www.ing.uc.cl\/electrica\/postulacion\/planta-academica-adjunta\/","title":{"rendered":"Planta Acad\u00e9mica Adjunta"},"content":{"rendered":"<div id=\"pl-gb9352-69f76a4156cf4\"  class=\"panel-layout wp-block-siteorigin-panels-layout-block\" ><div id=\"pg-gb9352-69f76a4156cf4-0\"  class=\"panel-grid panel-no-style\" ><div id=\"pgc-gb9352-69f76a4156cf4-0-0\"  class=\"panel-grid-cell\" ><div id=\"panel-gb9352-69f76a4156cf4-0-0-0\" class=\"so-panel widget widget_sow-editor panel-first-child panel-last-child\" data-index=\"0\" ><div class=\"uc-title panel-widget-style panel-widget-style-for-gb9352-69f76a4156cf4-0-0-0\" ><div\n\t\t\t\n\t\t\tclass=\"so-widget-sow-editor so-widget-sow-editor-base\"\n\t\t\t\n\t\t>\n<div class=\"siteorigin-widget-tinymce textwidget\">\n\t<h3>Planta Acad\u00e9mica Adjunta<\/h3>\n<\/div>\n<\/div><\/div><\/div><\/div><\/div><\/div>\n\n<div class='rt-container-fluid rt-team-container rt-pos-r rt-team-container-9354' id='rt-team-container-2513888536'  data-layout='layout1' data-desktop-col='5'  data-tab-col='2'  data-mobile-col='1' data-sc-id='9354' data-popup-bg=''><div data-title='Loading ...' class='rt-row rt-content-loader layout1 ttp-even ttp-pre-loader'><div class=\"rt-col-md-24 rt-col-sm-6 rt-col-xs-12  even-grid-item rt-grid-item\" data-id=\"9323\"><div class=\"single-team-area\"><div class=\"single-team\"><figure><a class=\"\" data-id=\"9323\" target=\"_self\" href=\"https:\/\/www.ing.uc.cl\/electrica\/team\/andres-guesalaga\/\"><img width=\"400\" height=\"400\" src=\"https:\/\/www.ing.uc.cl\/electrica\/wp-content\/uploads\/2023\/07\/Guesalaga400.png\" class=\"img-responsive rt-team-img\" alt=\"Andr\u00e9s Guesalaga\" \/><\/a><\/figure><\/div><div class=\"tlp-content\"><h3><span class=\"team-name\"><a class=\"\" data-id=\"9323\" target=\"_self\" title=\"Andr\u00e9s Guesalaga\" href=\"https:\/\/www.ing.uc.cl\/electrica\/team\/andres-guesalaga\/\">Andr\u00e9s Guesalaga<\/a><\/span><\/h3><\/div><\/div><\/div><div class=\"rt-col-md-24 rt-col-sm-6 rt-col-xs-12  even-grid-item rt-grid-item\" data-id=\"13001\"><div class=\"single-team-area\"><div class=\"single-team\"><figure><a class=\"\" data-id=\"13001\" target=\"_self\" href=\"https:\/\/www.ing.uc.cl\/electrica\/team\/angel-abusleme\/\"><img width=\"400\" height=\"400\" src=\"https:\/\/www.ing.uc.cl\/electrica\/wp-content\/uploads\/2023\/12\/Abusleme-400X400.png\" class=\"img-responsive rt-team-img\" alt=\"\u00c1ngel Abusleme\" \/><\/a><\/figure><\/div><div class=\"tlp-content\"><h3><span class=\"team-name\"><a class=\"\" data-id=\"13001\" target=\"_self\" title=\"\u00c1ngel Abusleme\" href=\"https:\/\/www.ing.uc.cl\/electrica\/team\/angel-abusleme\/\">\u00c1ngel Abusleme<\/a><\/span><\/h3><\/div><\/div><\/div><div class=\"rt-col-md-24 rt-col-sm-6 rt-col-xs-12  even-grid-item rt-grid-item\" data-id=\"9364\"><div class=\"single-team-area\"><div class=\"single-team\"><figure><a class=\"\" data-id=\"9364\" target=\"_self\" href=\"https:\/\/www.ing.uc.cl\/electrica\/team\/cristian-munoz\/\"><img width=\"400\" height=\"400\" src=\"https:\/\/www.ing.uc.cl\/electrica\/wp-content\/uploads\/2023\/07\/Munoz400.png\" class=\"img-responsive rt-team-img\" alt=\"Cristi\u00e1n Mu\u00f1oz\" \/><\/a><\/figure><\/div><div class=\"tlp-content\"><h3><span class=\"team-name\"><a class=\"\" data-id=\"9364\" target=\"_self\" title=\"Cristi\u00e1n Mu\u00f1oz\" href=\"https:\/\/www.ing.uc.cl\/electrica\/team\/cristian-munoz\/\">Cristi\u00e1n Mu\u00f1oz<\/a><\/span><\/h3><\/div><\/div><\/div><div class=\"rt-col-md-24 rt-col-sm-6 rt-col-xs-12  even-grid-item rt-grid-item\" data-id=\"14168\"><div class=\"single-team-area\"><div class=\"single-team\"><figure><a class=\"\" data-id=\"14168\" target=\"_self\" href=\"https:\/\/www.ing.uc.cl\/electrica\/team\/joaquin-dunner\/\"><img width=\"400\" height=\"400\" src=\"https:\/\/www.ing.uc.cl\/electrica\/wp-content\/uploads\/2026\/03\/Joaquin-Dunner-400x400.jpeg\" class=\"img-responsive rt-team-img\" alt=\"Joaqu\u00edn Dunner\" \/><\/a><\/figure><\/div><div class=\"tlp-content\"><h3><span class=\"team-name\"><a class=\"\" data-id=\"14168\" target=\"_self\" title=\"Joaqu\u00edn Dunner\" href=\"https:\/\/www.ing.uc.cl\/electrica\/team\/joaquin-dunner\/\">Joaqu\u00edn Dunner<\/a><\/span><\/h3><\/div><\/div><\/div><div class=\"rt-col-md-24 rt-col-sm-6 rt-col-xs-12  even-grid-item rt-grid-item\" data-id=\"9360\"><div class=\"single-team-area\"><div class=\"single-team\"><figure><a class=\"\" data-id=\"9360\" target=\"_self\" href=\"https:\/\/www.ing.uc.cl\/electrica\/team\/juan-dixon\/\"><img width=\"400\" height=\"400\" src=\"https:\/\/www.ing.uc.cl\/electrica\/wp-content\/uploads\/2023\/07\/Dixon400.png\" class=\"img-responsive rt-team-img\" alt=\"Juan Dixon\" \/><\/a><\/figure><\/div><div class=\"tlp-content\"><h3><span class=\"team-name\"><a class=\"\" data-id=\"9360\" target=\"_self\" title=\"Juan Dixon\" href=\"https:\/\/www.ing.uc.cl\/electrica\/team\/juan-dixon\/\">Juan Dixon<\/a><\/span><\/h3><\/div><\/div><\/div><div class=\"rt-col-md-24 rt-col-sm-6 rt-col-xs-12  even-grid-item rt-grid-item\" data-id=\"14273\"><div class=\"single-team-area\"><div class=\"single-team\"><figure><a class=\"\" data-id=\"14273\" target=\"_self\" href=\"https:\/\/www.ing.uc.cl\/electrica\/team\/michel-rozas\/\"><img width=\"400\" height=\"400\" src=\"https:\/\/www.ing.uc.cl\/electrica\/wp-content\/uploads\/2026\/03\/michel-400x400.jpg\" class=\"img-responsive rt-team-img\" alt=\"Michel Rozas\" \/><\/a><\/figure><\/div><div class=\"tlp-content\"><h3><span class=\"team-name\"><a class=\"\" data-id=\"14273\" target=\"_self\" title=\"Michel Rozas\" href=\"https:\/\/www.ing.uc.cl\/electrica\/team\/michel-rozas\/\">Michel Rozas<\/a><\/span><\/h3><\/div><\/div><\/div><div class=\"rt-col-md-24 rt-col-sm-6 rt-col-xs-12  even-grid-item rt-grid-item\" data-id=\"12449\"><div class=\"single-team-area\"><div class=\"single-team\"><figure><a class=\"\" data-id=\"12449\" target=\"_self\" href=\"https:\/\/www.ing.uc.cl\/electrica\/team\/nawel\/\"><img width=\"400\" height=\"400\" src=\"https:\/\/www.ing.uc.cl\/electrica\/wp-content\/uploads\/2023\/08\/Nawel400.png\" class=\"img-responsive rt-team-img\" alt=\"Nawel Cariman\" \/><\/a><\/figure><\/div><div class=\"tlp-content\"><h3><span class=\"team-name\"><a class=\"\" data-id=\"12449\" target=\"_self\" title=\"Nawel Cariman\" href=\"https:\/\/www.ing.uc.cl\/electrica\/team\/nawel\/\">Nawel Cariman<\/a><\/span><\/h3><\/div><\/div><\/div><div class=\"rt-col-md-24 rt-col-sm-6 rt-col-xs-12  even-grid-item rt-grid-item\" data-id=\"9368\"><div class=\"single-team-area\"><div class=\"single-team\"><figure><a class=\"\" data-id=\"9368\" target=\"_self\" href=\"https:\/\/www.ing.uc.cl\/electrica\/team\/ricardo-repenning\/\"><img width=\"400\" height=\"400\" src=\"https:\/\/www.ing.uc.cl\/electrica\/wp-content\/uploads\/2023\/07\/Repenning400.png\" class=\"img-responsive rt-team-img\" alt=\"Ricardo Repenning\" \/><\/a><\/figure><\/div><div class=\"tlp-content\"><h3><span class=\"team-name\"><a class=\"\" data-id=\"9368\" target=\"_self\" title=\"Ricardo Repenning\" href=\"https:\/\/www.ing.uc.cl\/electrica\/team\/ricardo-repenning\/\">Ricardo Repenning<\/a><\/span><\/h3><\/div><\/div><\/div><div class=\"rt-col-md-24 rt-col-sm-6 rt-col-xs-12  even-grid-item rt-grid-item\" data-id=\"9372\"><div class=\"single-team-area\"><div class=\"single-team\"><figure><a class=\"\" data-id=\"9372\" target=\"_self\" href=\"https:\/\/www.ing.uc.cl\/electrica\/team\/ricardo-saez\/\"><img width=\"400\" height=\"400\" src=\"https:\/\/www.ing.uc.cl\/electrica\/wp-content\/uploads\/2023\/07\/Saez400.png\" class=\"img-responsive rt-team-img\" alt=\"Ricardo S\u00e1ez\" \/><\/a><\/figure><\/div><div class=\"tlp-content\"><h3><span class=\"team-name\"><a class=\"\" data-id=\"9372\" target=\"_self\" title=\"Ricardo S\u00e1ez\" href=\"https:\/\/www.ing.uc.cl\/electrica\/team\/ricardo-saez\/\">Ricardo S\u00e1ez<\/a><\/span><\/h3><\/div><\/div><\/div><div class=\"rt-col-md-24 rt-col-sm-6 rt-col-xs-12  even-grid-item rt-grid-item\" data-id=\"9358\"><div class=\"single-team-area\"><div class=\"single-team\"><figure><a class=\"\" data-id=\"9358\" target=\"_self\" href=\"https:\/\/www.ing.uc.cl\/electrica\/team\/sergio-diaz\/\"><img width=\"400\" height=\"400\" src=\"https:\/\/www.ing.uc.cl\/electrica\/wp-content\/uploads\/2023\/07\/Diaz400.png\" class=\"img-responsive rt-team-img\" alt=\"Sergio D\u00edaz\" \/><\/a><\/figure><\/div><div class=\"tlp-content\"><h3><span class=\"team-name\"><a class=\"\" data-id=\"9358\" target=\"_self\" title=\"Sergio D\u00edaz\" href=\"https:\/\/www.ing.uc.cl\/electrica\/team\/sergio-diaz\/\">Sergio D\u00edaz<\/a><\/span><\/h3><\/div><\/div><\/div><div class=\"rt-loading-overlay\"><\/div><div class=\"rt-loading rt-ball-clip-rotate\"><div><\/div><\/div><\/div><\/div>\n","protected":false},"excerpt":{"rendered":"","protected":false},"author":5,"featured_media":0,"parent":1240,"menu_order":1,"comment_status":"closed","ping_status":"closed","template":"","meta":{"_acf_changed":false,"_eb_attr":"","site-sidebar-layout":"default","site-content-layout":"","ast-site-content-layout":"default","site-content-style":"default","site-sidebar-style":"default","ast-global-header-display":"","ast-banner-title-visibility":"","ast-main-header-display":"","ast-hfb-above-header-display":"","ast-hfb-below-header-display":"","ast-hfb-mobile-header-display":"","site-post-title":"disabled","ast-breadcrumbs-content":"","ast-featured-img":"","footer-sml-layout":"","ast-disable-related-posts":"","theme-transparent-header-meta":"","adv-header-id-meta":"","stick-header-meta":"","header-above-stick-meta":"","header-main-stick-meta":"","header-below-stick-meta":"","astra-migrate-meta-layouts":"set","ast-page-background-enabled":"default","ast-page-background-meta":{"desktop":{"background-color":"","background-image":"","background-repeat":"repeat","background-position":"center center","background-size":"auto","background-attachment":"scroll","background-type":"","background-media":"","overlay-type":"","overlay-color":"","overlay-opacity":"","overlay-gradient":""},"tablet":{"background-color":"","background-image":"","background-repeat":"repeat","background-position":"center center","background-size":"auto","background-attachment":"scroll","background-type":"","background-media":"","overlay-type":"","overlay-color":"","overlay-opacity":"","overlay-gradient":""},"mobile":{"background-color":"","background-image":"","background-repeat":"repeat","background-position":"center center","background-size":"auto","background-attachment":"scroll","background-type":"","background-media":"","overlay-type":"","overlay-color":"","overlay-opacity":"","overlay-gradient":""}},"ast-content-background-meta":{"desktop":{"background-color":"var(--ast-global-color-5)","background-image":"","background-repeat":"repeat","background-position":"center center","background-size":"auto","background-attachment":"scroll","background-type":"","background-media":"","overlay-type":"","overlay-color":"","overlay-opacity":"","overlay-gradient":""},"tablet":{"background-color":"var(--ast-global-color-5)","background-image":"","background-repeat":"repeat","background-position":"center center","background-size":"auto","background-attachment":"scroll","background-type":"","background-media":"","overlay-type":"","overlay-color":"","overlay-opacity":"","overlay-gradient":""},"mobile":{"background-color":"var(--ast-global-color-5)","background-image":"","background-repeat":"repeat","background-position":"center center","background-size":"auto","background-attachment":"scroll","background-type":"","background-media":"","overlay-type":"","overlay-color":"","overlay-opacity":"","overlay-gradient":""}},"footnotes":""},"class_list":["post-9352","page","type-page","status-publish","hentry"],"acf":[],"yoast_head":"<!-- This site is optimized with the Yoast SEO plugin v27.5 - https:\/\/yoast.com\/product\/yoast-seo-wordpress\/ -->\n<title>Planta Acad\u00e9mica Adjunta - DEPARTAMENTO DE INGENIER\u00cdA EL\u00c9CTRICA<\/title>\n<meta name=\"robots\" content=\"index, follow, max-snippet:-1, max-image-preview:large, max-video-preview:-1\" \/>\n<link rel=\"canonical\" href=\"https:\/\/www.ing.uc.cl\/electrica\/postulacion\/planta-academica-adjunta\/\" \/>\n<meta property=\"og:locale\" content=\"es_ES\" \/>\n<meta property=\"og:type\" content=\"article\" \/>\n<meta property=\"og:title\" content=\"Planta Acad\u00e9mica Adjunta - DEPARTAMENTO DE INGENIER\u00cdA EL\u00c9CTRICA\" \/>\n<meta property=\"og:url\" content=\"https:\/\/www.ing.uc.cl\/electrica\/postulacion\/planta-academica-adjunta\/\" \/>\n<meta property=\"og:site_name\" content=\"DEPARTAMENTO DE INGENIER\u00cdA EL\u00c9CTRICA\" \/>\n<meta property=\"article:modified_time\" content=\"2024-06-07T16:31:12+00:00\" \/>\n<meta name=\"twitter:card\" content=\"summary_large_image\" \/>\n<meta name=\"twitter:label1\" content=\"Tiempo estimado de lectura\" \/>\n\t<meta name=\"twitter:data1\" content=\"1 minuto\" \/>\n<script type=\"application\/ld+json\" class=\"yoast-schema-graph\">{\"@context\":\"https:\\\/\\\/schema.org\",\"@graph\":[{\"@type\":\"WebPage\",\"@id\":\"https:\\\/\\\/www.ing.uc.cl\\\/electrica\\\/postulacion\\\/planta-academica-adjunta\\\/\",\"url\":\"https:\\\/\\\/www.ing.uc.cl\\\/electrica\\\/postulacion\\\/planta-academica-adjunta\\\/\",\"name\":\"Planta Acad\u00e9mica Adjunta - DEPARTAMENTO DE INGENIER\u00cdA EL\u00c9CTRICA\",\"isPartOf\":{\"@id\":\"https:\\\/\\\/www.ing.uc.cl\\\/electrica\\\/#website\"},\"datePublished\":\"2023-07-25T16:11:56+00:00\",\"dateModified\":\"2024-06-07T16:31:12+00:00\",\"breadcrumb\":{\"@id\":\"https:\\\/\\\/www.ing.uc.cl\\\/electrica\\\/postulacion\\\/planta-academica-adjunta\\\/#breadcrumb\"},\"inLanguage\":\"es-CL\",\"potentialAction\":[{\"@type\":\"ReadAction\",\"target\":[\"https:\\\/\\\/www.ing.uc.cl\\\/electrica\\\/postulacion\\\/planta-academica-adjunta\\\/\"]}]},{\"@type\":\"BreadcrumbList\",\"@id\":\"https:\\\/\\\/www.ing.uc.cl\\\/electrica\\\/postulacion\\\/planta-academica-adjunta\\\/#breadcrumb\",\"itemListElement\":[{\"@type\":\"ListItem\",\"position\":1,\"name\":\"Portada\",\"item\":\"https:\\\/\\\/www.ing.uc.cl\\\/electrica\\\/\"},{\"@type\":\"ListItem\",\"position\":2,\"name\":\"Organizaci\u00f3n\",\"item\":\"https:\\\/\\\/www.ing.uc.cl\\\/electrica\\\/postulacion\\\/\"},{\"@type\":\"ListItem\",\"position\":3,\"name\":\"Planta Acad\u00e9mica Adjunta\"}]},{\"@type\":\"WebSite\",\"@id\":\"https:\\\/\\\/www.ing.uc.cl\\\/electrica\\\/#website\",\"url\":\"https:\\\/\\\/www.ing.uc.cl\\\/electrica\\\/\",\"name\":\"DEPARTAMENTO DE INGENIER\u00cdA EL\u00c9CTRICA\",\"description\":\"\",\"publisher\":{\"@id\":\"https:\\\/\\\/www.ing.uc.cl\\\/electrica\\\/#organization\"},\"potentialAction\":[{\"@type\":\"SearchAction\",\"target\":{\"@type\":\"EntryPoint\",\"urlTemplate\":\"https:\\\/\\\/www.ing.uc.cl\\\/electrica\\\/?s={search_term_string}\"},\"query-input\":{\"@type\":\"PropertyValueSpecification\",\"valueRequired\":true,\"valueName\":\"search_term_string\"}}],\"inLanguage\":\"es-CL\"},{\"@type\":\"Organization\",\"@id\":\"https:\\\/\\\/www.ing.uc.cl\\\/electrica\\\/#organization\",\"name\":\"DEPARTAMENTO DE INGENIER\u00cdA EL\u00c9CTRICA\",\"url\":\"https:\\\/\\\/www.ing.uc.cl\\\/electrica\\\/\",\"logo\":{\"@type\":\"ImageObject\",\"inLanguage\":\"es-CL\",\"@id\":\"https:\\\/\\\/www.ing.uc.cl\\\/electrica\\\/#\\\/schema\\\/logo\\\/image\\\/\",\"url\":\"https:\\\/\\\/www.ing.uc.cl\\\/electrica\\\/wp-content\\\/uploads\\\/2020\\\/03\\\/logo-uc-03.svg\",\"contentUrl\":\"https:\\\/\\\/www.ing.uc.cl\\\/electrica\\\/wp-content\\\/uploads\\\/2020\\\/03\\\/logo-uc-03.svg\",\"width\":156,\"height\":90,\"caption\":\"DEPARTAMENTO DE INGENIER\u00cdA EL\u00c9CTRICA\"},\"image\":{\"@id\":\"https:\\\/\\\/www.ing.uc.cl\\\/electrica\\\/#\\\/schema\\\/logo\\\/image\\\/\"}}]}<\/script>\n<!-- \/ Yoast SEO plugin. -->","yoast_head_json":{"title":"Planta Acad\u00e9mica Adjunta - DEPARTAMENTO DE INGENIER\u00cdA EL\u00c9CTRICA","robots":{"index":"index","follow":"follow","max-snippet":"max-snippet:-1","max-image-preview":"max-image-preview:large","max-video-preview":"max-video-preview:-1"},"canonical":"https:\/\/www.ing.uc.cl\/electrica\/postulacion\/planta-academica-adjunta\/","og_locale":"es_ES","og_type":"article","og_title":"Planta Acad\u00e9mica Adjunta - DEPARTAMENTO DE INGENIER\u00cdA EL\u00c9CTRICA","og_url":"https:\/\/www.ing.uc.cl\/electrica\/postulacion\/planta-academica-adjunta\/","og_site_name":"DEPARTAMENTO DE INGENIER\u00cdA EL\u00c9CTRICA","article_modified_time":"2024-06-07T16:31:12+00:00","twitter_card":"summary_large_image","twitter_misc":{"Tiempo estimado de lectura":"1 minuto"},"schema":{"@context":"https:\/\/schema.org","@graph":[{"@type":"WebPage","@id":"https:\/\/www.ing.uc.cl\/electrica\/postulacion\/planta-academica-adjunta\/","url":"https:\/\/www.ing.uc.cl\/electrica\/postulacion\/planta-academica-adjunta\/","name":"Planta Acad\u00e9mica Adjunta - DEPARTAMENTO DE INGENIER\u00cdA EL\u00c9CTRICA","isPartOf":{"@id":"https:\/\/www.ing.uc.cl\/electrica\/#website"},"datePublished":"2023-07-25T16:11:56+00:00","dateModified":"2024-06-07T16:31:12+00:00","breadcrumb":{"@id":"https:\/\/www.ing.uc.cl\/electrica\/postulacion\/planta-academica-adjunta\/#breadcrumb"},"inLanguage":"es-CL","potentialAction":[{"@type":"ReadAction","target":["https:\/\/www.ing.uc.cl\/electrica\/postulacion\/planta-academica-adjunta\/"]}]},{"@type":"BreadcrumbList","@id":"https:\/\/www.ing.uc.cl\/electrica\/postulacion\/planta-academica-adjunta\/#breadcrumb","itemListElement":[{"@type":"ListItem","position":1,"name":"Portada","item":"https:\/\/www.ing.uc.cl\/electrica\/"},{"@type":"ListItem","position":2,"name":"Organizaci\u00f3n","item":"https:\/\/www.ing.uc.cl\/electrica\/postulacion\/"},{"@type":"ListItem","position":3,"name":"Planta Acad\u00e9mica Adjunta"}]},{"@type":"WebSite","@id":"https:\/\/www.ing.uc.cl\/electrica\/#website","url":"https:\/\/www.ing.uc.cl\/electrica\/","name":"DEPARTAMENTO DE INGENIER\u00cdA EL\u00c9CTRICA","description":"","publisher":{"@id":"https:\/\/www.ing.uc.cl\/electrica\/#organization"},"potentialAction":[{"@type":"SearchAction","target":{"@type":"EntryPoint","urlTemplate":"https:\/\/www.ing.uc.cl\/electrica\/?s={search_term_string}"},"query-input":{"@type":"PropertyValueSpecification","valueRequired":true,"valueName":"search_term_string"}}],"inLanguage":"es-CL"},{"@type":"Organization","@id":"https:\/\/www.ing.uc.cl\/electrica\/#organization","name":"DEPARTAMENTO DE INGENIER\u00cdA EL\u00c9CTRICA","url":"https:\/\/www.ing.uc.cl\/electrica\/","logo":{"@type":"ImageObject","inLanguage":"es-CL","@id":"https:\/\/www.ing.uc.cl\/electrica\/#\/schema\/logo\/image\/","url":"https:\/\/www.ing.uc.cl\/electrica\/wp-content\/uploads\/2020\/03\/logo-uc-03.svg","contentUrl":"https:\/\/www.ing.uc.cl\/electrica\/wp-content\/uploads\/2020\/03\/logo-uc-03.svg","width":156,"height":90,"caption":"DEPARTAMENTO DE INGENIER\u00cdA EL\u00c9CTRICA"},"image":{"@id":"https:\/\/www.ing.uc.cl\/electrica\/#\/schema\/logo\/image\/"}}]}},"_links":{"self":[{"href":"https:\/\/www.ing.uc.cl\/electrica\/wp-json\/wp\/v2\/pages\/9352","targetHints":{"allow":["GET"]}}],"collection":[{"href":"https:\/\/www.ing.uc.cl\/electrica\/wp-json\/wp\/v2\/pages"}],"about":[{"href":"https:\/\/www.ing.uc.cl\/electrica\/wp-json\/wp\/v2\/types\/page"}],"author":[{"embeddable":true,"href":"https:\/\/www.ing.uc.cl\/electrica\/wp-json\/wp\/v2\/users\/5"}],"replies":[{"embeddable":true,"href":"https:\/\/www.ing.uc.cl\/electrica\/wp-json\/wp\/v2\/comments?post=9352"}],"version-history":[{"count":3,"href":"https:\/\/www.ing.uc.cl\/electrica\/wp-json\/wp\/v2\/pages\/9352\/revisions"}],"predecessor-version":[{"id":13252,"href":"https:\/\/www.ing.uc.cl\/electrica\/wp-json\/wp\/v2\/pages\/9352\/revisions\/13252"}],"up":[{"embeddable":true,"href":"https:\/\/www.ing.uc.cl\/electrica\/wp-json\/wp\/v2\/pages\/1240"}],"wp:attachment":[{"href":"https:\/\/www.ing.uc.cl\/electrica\/wp-json\/wp\/v2\/media?parent=9352"}],"curies":[{"name":"wp","href":"https:\/\/api.w.org\/{rel}","templated":true}]}}