
{"id":60321,"date":"2017-04-04T10:48:54","date_gmt":"2017-04-04T14:48:54","guid":{"rendered":"https:\/\/www.ing.uc.cl\/nuestra-escuela\/sobre-ingenieria-uc\/infraestructura\/instalaciones\/"},"modified":"2019-02-18T12:25:17","modified_gmt":"2019-02-18T15:25:17","slug":"instalaciones","status":"publish","type":"page","link":"https:\/\/www.ing.uc.cl\/en\/nuestra-escuela\/sobre-ingenieria-uc\/infraestructura\/instalaciones\/","title":{"rendered":"General Installations"},"content":{"rendered":"<p>The School of Engineering has 11 buildings that provide a diverse array of spaces for academic administration, research, and instruction. Including the Andr\u00f3nico Luksic Abaroa Complex, these buildings cover approximately 42,500 m<sup>2<\/sup>.<\/p>\n<h3>Ra\u00fal Dev\u00e9s Building<\/h3>\n<ul>\n<li>Basement: computer rooms.<\/li>\n<li>First Floor: Undergraduate Services (DIPRE, Spanish acronym), study rooms, and computer rooms.<\/li>\n<li>Second Floor: Department of Industrial and Systems Engineering, offices for Masters\u2019 students, computer lab, and outreach offices for the Industrial and Systems Engineering Program and the Master\u2019s in Industrial Engineering Program. Offices for the UC Engineers Foundation (FIUC, Spanish acronym) are also located on this floor.<\/li>\n<li>Third Floor: Department of Industrial and Systems Engineering, professor offices.<\/li>\n<li>Fourth Floor: School of Engineering Dean\u2019s Office, Finance and Management Office, IT Office, Infrastructure Office, Engineering 2030 Team, San Agust\u00edn Foundation.<\/li>\n<\/ul>\n<h3>Jos\u00e9 Luis del R\u00edo Rondanelli Student Center<\/h3>\n<ul>\n<li>Basement: storage.<\/li>\n<li>First Floor: study rooms, cafeteria, Office of Student Affairs, offices for student projects.<\/li>\n<li>Second Floor: study rooms.<\/li>\n<\/ul>\n<h3>Metrology Building<\/h3>\n<ul>\n<li>Basement and First Floor: Office for Scientific and Technological Research of the Pontificia Universidad Cat\u00f3lica (DICTUC, Spanish acronym) Metrology Area, department areas (Department of Mechanical and Metallurgical Engineering, Institute of Biological and Medical Engineering).<\/li>\n<li>Second Floor: Department of Mechanical and Metallurgical Engineering, labs, offices.<\/li>\n<li>Third Floor: offices for the Department of Chemical Engineering and Bioprocesses, Department of Hydraulic and Environmental Engineering.<\/li>\n<li>Fourth Floor: offices for Professional Education programs.<\/li>\n<\/ul>\n<h3>Building for the Department of Mechanical and Metallurgical Engineering<\/h3>\n<ul>\n<li>First Floor: workshops and labs.<\/li>\n<li>Second Floor: offices, classrooms.<\/li>\n<li>Central Sector: DICTUC (Transport Research Area).<\/li>\n<\/ul>\n<h3>Building for the Department of Electrical Engineering and the Department of Transport and Logistics Engineering<\/h3>\n<ul>\n<li>Basement, First Floor, and Second Floor: Department of Electrical Engineering, labs, classrooms, library, professor offices, DICTUC (Electrical Engineering Research Area).<\/li>\n<li>Third Floor:\n<ul>\n<li>Department of Electrical Engineering, offices for postgraduate students.<\/li>\n<li>Department of Transport and Logistics Engineering, professor offices, offices for postgraduate students.<\/li>\n<\/ul>\n<\/li>\n<\/ul>\n<h3>Building for the Department of Chemical Engineering and Bioprocesses<\/h3>\n<ul>\n<li>First and Second Floors: labs, offices for postgraduate students, classrooms.<\/li>\n<li>Third Floor: professor offices.<\/li>\n<\/ul>\n<h3>Building for the Department of Hydraulic and Environmental Engineering<\/h3>\n<ul>\n<li>First Floor: labs, classrooms, offices for Master\u2019s students.<\/li>\n<li>Second Floor: library, professor offices<\/li>\n<\/ul>\n<h3>Building for the Department of Structural and Geotechnical Engineering<\/h3>\n<ul>\n<li>First Floor: structures workshop, offices for postgraduate students and research, classrooms.<\/li>\n<li>Second Floor: professor offices.<\/li>\n<li>First and Second Floor, southwest wing: DICTUC (Soil Mechanics Area).<\/li>\n<\/ul>\n<h3>Hern\u00e1n Briones Building<\/h3>\n<ul>\n<li>Basement: Hydraulic Engineering Laboratories, DICTUC (Water and Liquid Industrial Wastes Research Area).<\/li>\n<li>First Floor: Office of Graduate Studies, DICTUC (Water and Liquid Industrial Wastes Research Area).<\/li>\n<li>Second Floor: offices for the Mathematical and Computational Engineering Program \u2013 Institute of Biological and Medical Engineering.<\/li>\n<li>Third Floor: offices for FONDAP centers (i.e., Center for Sustainable Urban Development [CEDEUS, Spanish acronym] and the National Research Center for Comprehensive Natural Disaster Management [CIGIDEN, Spanish acronym]).<\/li>\n<li>Fourth Floor: Department of Computer Sciences, outreach programs.<\/li>\n<\/ul>\n<h3>San Agust\u00edn Building<\/h3>\n<ul>\n<li>Basement: instructional laboratories, copy center.<\/li>\n<li>First Floor: classrooms, auditorium, offices for postgraduate students (mezzanine), Engineering Assistants\u2019 Auditorium (SAI, Spanish acronym).<\/li>\n<li>Second Floor: computer labs.<\/li>\n<li>Third Floor: Department of Construction Engineering and Management, professor offices, classrooms, offices for postgraduate students, outreach programs.<\/li>\n<li>Fourth Floor: Department of Computer Sciences, professor offices, offices for postgraduate students.<\/li>\n<\/ul>\n<h3>Classrooms and auditoriums<\/h3>\n<ul>\n<li>Master\u2019s Auditorium, Luis Crisosto Auditorium, and Multipurpose Room.<\/li>\n<li>Classrooms A, B, and BC, which are overseen centrally by University administration.<\/li>\n<\/ul>\n","protected":false},"excerpt":{"rendered":"<p>The Ra\u00fal Dev\u00e9s Building, the Jos\u00e9 Luis del R\u00edo Rondanelli Student Center, department buildings, classrooms, and recreational areas all serve as meeting spots for more than 5,000 individuals.<\/p>\n","protected":false},"author":33,"featured_media":59072,"parent":60320,"menu_order":1,"comment_status":"closed","ping_status":"closed","template":"","meta":{"_acf_changed":false,"footnotes":""},"class_list":["post-60321","page","type-page","status-publish","has-post-thumbnail","hentry"],"acf":[],"yoast_head":"<!-- This site is optimized with the Yoast SEO plugin v27.3 - https:\/\/yoast.com\/product\/yoast-seo-wordpress\/ -->\n<title>General Installations - Ingenier\u00eda UC<\/title>\n<meta name=\"robots\" content=\"index, follow, max-snippet:-1, max-image-preview:large, max-video-preview:-1\" \/>\n<link rel=\"canonical\" href=\"https:\/\/www.ing.uc.cl\/en\/nuestra-escuela\/sobre-ingenieria-uc\/infraestructura\/instalaciones\/\" \/>\n<meta property=\"og:locale\" content=\"en_US\" \/>\n<meta property=\"og:type\" content=\"article\" \/>\n<meta property=\"og:title\" content=\"General Installations - Ingenier\u00eda UC\" \/>\n<meta property=\"og:description\" content=\"The Ra\u00fal Dev\u00e9s Building, the Jos\u00e9 Luis del R\u00edo Rondanelli Student Center, department buildings, classrooms, and recreational areas all serve as meeting spots for more than 5,000 individuals.\" \/>\n<meta property=\"og:url\" content=\"https:\/\/www.ing.uc.cl\/en\/nuestra-escuela\/sobre-ingenieria-uc\/infraestructura\/instalaciones\/\" \/>\n<meta property=\"og:site_name\" content=\"Ingenier\u00eda UC\" \/>\n<meta property=\"article:publisher\" content=\"https:\/\/www.facebook.com\/EscueladeIngenieriaUniversidadCatolica\/\" \/>\n<meta property=\"article:modified_time\" content=\"2019-02-18T15:25:17+00:00\" \/>\n<meta property=\"og:image\" content=\"https:\/\/www.ing.uc.cl\/wp-content\/uploads\/2017\/04\/Instalaciones.jpg\" \/>\n\t<meta property=\"og:image:width\" content=\"1288\" \/>\n\t<meta property=\"og:image:height\" content=\"855\" \/>\n\t<meta property=\"og:image:type\" content=\"image\/jpeg\" \/>\n<meta name=\"twitter:card\" content=\"summary_large_image\" \/>\n<meta name=\"twitter:site\" content=\"@ingenieriaUC\" \/>\n<meta name=\"twitter:label1\" content=\"Est. reading time\" \/>\n\t<meta name=\"twitter:data1\" content=\"3 minutes\" \/>\n<script type=\"application\/ld+json\" class=\"yoast-schema-graph\">{\"@context\":\"https:\\\/\\\/schema.org\",\"@graph\":[{\"@type\":\"WebPage\",\"@id\":\"https:\\\/\\\/www.ing.uc.cl\\\/en\\\/nuestra-escuela\\\/sobre-ingenieria-uc\\\/infraestructura\\\/instalaciones\\\/\",\"url\":\"https:\\\/\\\/www.ing.uc.cl\\\/en\\\/nuestra-escuela\\\/sobre-ingenieria-uc\\\/infraestructura\\\/instalaciones\\\/\",\"name\":\"General Installations - Ingenier\u00eda UC\",\"isPartOf\":{\"@id\":\"https:\\\/\\\/www.ing.uc.cl\\\/#website\"},\"primaryImageOfPage\":{\"@id\":\"https:\\\/\\\/www.ing.uc.cl\\\/en\\\/nuestra-escuela\\\/sobre-ingenieria-uc\\\/infraestructura\\\/instalaciones\\\/#primaryimage\"},\"image\":{\"@id\":\"https:\\\/\\\/www.ing.uc.cl\\\/en\\\/nuestra-escuela\\\/sobre-ingenieria-uc\\\/infraestructura\\\/instalaciones\\\/#primaryimage\"},\"thumbnailUrl\":\"https:\\\/\\\/www.ing.uc.cl\\\/wp-content\\\/uploads\\\/2017\\\/04\\\/Instalaciones.jpg\",\"datePublished\":\"2017-04-04T14:48:54+00:00\",\"dateModified\":\"2019-02-18T15:25:17+00:00\",\"breadcrumb\":{\"@id\":\"https:\\\/\\\/www.ing.uc.cl\\\/en\\\/nuestra-escuela\\\/sobre-ingenieria-uc\\\/infraestructura\\\/instalaciones\\\/#breadcrumb\"},\"inLanguage\":\"en-US\",\"potentialAction\":[{\"@type\":\"ReadAction\",\"target\":[\"https:\\\/\\\/www.ing.uc.cl\\\/en\\\/nuestra-escuela\\\/sobre-ingenieria-uc\\\/infraestructura\\\/instalaciones\\\/\"]}]},{\"@type\":\"ImageObject\",\"inLanguage\":\"en-US\",\"@id\":\"https:\\\/\\\/www.ing.uc.cl\\\/en\\\/nuestra-escuela\\\/sobre-ingenieria-uc\\\/infraestructura\\\/instalaciones\\\/#primaryimage\",\"url\":\"https:\\\/\\\/www.ing.uc.cl\\\/wp-content\\\/uploads\\\/2017\\\/04\\\/Instalaciones.jpg\",\"contentUrl\":\"https:\\\/\\\/www.ing.uc.cl\\\/wp-content\\\/uploads\\\/2017\\\/04\\\/Instalaciones.jpg\",\"width\":1288,\"height\":855,\"caption\":\"Patio Escuela de Ingenieria de la Pontificia Universidad Catolica. Campus San Joaquin. Santiago de Chile. 19-08-2013 (\u00c2\u00a9Alvaro de la Fuente\\\/Triple.cl)\"},{\"@type\":\"BreadcrumbList\",\"@id\":\"https:\\\/\\\/www.ing.uc.cl\\\/en\\\/nuestra-escuela\\\/sobre-ingenieria-uc\\\/infraestructura\\\/instalaciones\\\/#breadcrumb\",\"itemListElement\":[{\"@type\":\"ListItem\",\"position\":1,\"name\":\"Home\",\"item\":\"https:\\\/\\\/www.ing.uc.cl\\\/en\\\/\"},{\"@type\":\"ListItem\",\"position\":2,\"name\":\"Our School\",\"item\":\"https:\\\/\\\/www.ing.uc.cl\\\/en\\\/nuestra-escuela\\\/\"},{\"@type\":\"ListItem\",\"position\":3,\"name\":\"About Ingenier\u00eda UC\",\"item\":\"https:\\\/\\\/www.ing.uc.cl\\\/en\\\/nuestra-escuela\\\/sobre-ingenieria-uc\\\/\"},{\"@type\":\"ListItem\",\"position\":4,\"name\":\"Infrastructure\",\"item\":\"https:\\\/\\\/www.ing.uc.cl\\\/en\\\/nuestra-escuela\\\/sobre-ingenieria-uc\\\/infraestructura\\\/\"},{\"@type\":\"ListItem\",\"position\":5,\"name\":\"General Installations\"}]},{\"@type\":\"WebSite\",\"@id\":\"https:\\\/\\\/www.ing.uc.cl\\\/#website\",\"url\":\"https:\\\/\\\/www.ing.uc.cl\\\/\",\"name\":\"Ingenier\u00eda UC\",\"description\":\"Ingenier\u00eda UC\",\"potentialAction\":[{\"@type\":\"SearchAction\",\"target\":{\"@type\":\"EntryPoint\",\"urlTemplate\":\"https:\\\/\\\/www.ing.uc.cl\\\/?s={search_term_string}\"},\"query-input\":{\"@type\":\"PropertyValueSpecification\",\"valueRequired\":true,\"valueName\":\"search_term_string\"}}],\"inLanguage\":\"en-US\"}]}<\/script>\n<!-- \/ Yoast SEO plugin. -->","yoast_head_json":{"title":"General Installations - Ingenier\u00eda UC","robots":{"index":"index","follow":"follow","max-snippet":"max-snippet:-1","max-image-preview":"max-image-preview:large","max-video-preview":"max-video-preview:-1"},"canonical":"https:\/\/www.ing.uc.cl\/en\/nuestra-escuela\/sobre-ingenieria-uc\/infraestructura\/instalaciones\/","og_locale":"en_US","og_type":"article","og_title":"General Installations - Ingenier\u00eda UC","og_description":"The Ra\u00fal Dev\u00e9s Building, the Jos\u00e9 Luis del R\u00edo Rondanelli Student Center, department buildings, classrooms, and recreational areas all serve as meeting spots for more than 5,000 individuals.","og_url":"https:\/\/www.ing.uc.cl\/en\/nuestra-escuela\/sobre-ingenieria-uc\/infraestructura\/instalaciones\/","og_site_name":"Ingenier\u00eda UC","article_publisher":"https:\/\/www.facebook.com\/EscueladeIngenieriaUniversidadCatolica\/","article_modified_time":"2019-02-18T15:25:17+00:00","og_image":[{"width":1288,"height":855,"url":"https:\/\/www.ing.uc.cl\/wp-content\/uploads\/2017\/04\/Instalaciones.jpg","type":"image\/jpeg"}],"twitter_card":"summary_large_image","twitter_site":"@ingenieriaUC","twitter_misc":{"Est. reading time":"3 minutes"},"schema":{"@context":"https:\/\/schema.org","@graph":[{"@type":"WebPage","@id":"https:\/\/www.ing.uc.cl\/en\/nuestra-escuela\/sobre-ingenieria-uc\/infraestructura\/instalaciones\/","url":"https:\/\/www.ing.uc.cl\/en\/nuestra-escuela\/sobre-ingenieria-uc\/infraestructura\/instalaciones\/","name":"General Installations - Ingenier\u00eda UC","isPartOf":{"@id":"https:\/\/www.ing.uc.cl\/#website"},"primaryImageOfPage":{"@id":"https:\/\/www.ing.uc.cl\/en\/nuestra-escuela\/sobre-ingenieria-uc\/infraestructura\/instalaciones\/#primaryimage"},"image":{"@id":"https:\/\/www.ing.uc.cl\/en\/nuestra-escuela\/sobre-ingenieria-uc\/infraestructura\/instalaciones\/#primaryimage"},"thumbnailUrl":"https:\/\/www.ing.uc.cl\/wp-content\/uploads\/2017\/04\/Instalaciones.jpg","datePublished":"2017-04-04T14:48:54+00:00","dateModified":"2019-02-18T15:25:17+00:00","breadcrumb":{"@id":"https:\/\/www.ing.uc.cl\/en\/nuestra-escuela\/sobre-ingenieria-uc\/infraestructura\/instalaciones\/#breadcrumb"},"inLanguage":"en-US","potentialAction":[{"@type":"ReadAction","target":["https:\/\/www.ing.uc.cl\/en\/nuestra-escuela\/sobre-ingenieria-uc\/infraestructura\/instalaciones\/"]}]},{"@type":"ImageObject","inLanguage":"en-US","@id":"https:\/\/www.ing.uc.cl\/en\/nuestra-escuela\/sobre-ingenieria-uc\/infraestructura\/instalaciones\/#primaryimage","url":"https:\/\/www.ing.uc.cl\/wp-content\/uploads\/2017\/04\/Instalaciones.jpg","contentUrl":"https:\/\/www.ing.uc.cl\/wp-content\/uploads\/2017\/04\/Instalaciones.jpg","width":1288,"height":855,"caption":"Patio Escuela de Ingenieria de la Pontificia Universidad Catolica. Campus San Joaquin. Santiago de Chile. 19-08-2013 (\u00c2\u00a9Alvaro de la Fuente\/Triple.cl)"},{"@type":"BreadcrumbList","@id":"https:\/\/www.ing.uc.cl\/en\/nuestra-escuela\/sobre-ingenieria-uc\/infraestructura\/instalaciones\/#breadcrumb","itemListElement":[{"@type":"ListItem","position":1,"name":"Home","item":"https:\/\/www.ing.uc.cl\/en\/"},{"@type":"ListItem","position":2,"name":"Our School","item":"https:\/\/www.ing.uc.cl\/en\/nuestra-escuela\/"},{"@type":"ListItem","position":3,"name":"About Ingenier\u00eda UC","item":"https:\/\/www.ing.uc.cl\/en\/nuestra-escuela\/sobre-ingenieria-uc\/"},{"@type":"ListItem","position":4,"name":"Infrastructure","item":"https:\/\/www.ing.uc.cl\/en\/nuestra-escuela\/sobre-ingenieria-uc\/infraestructura\/"},{"@type":"ListItem","position":5,"name":"General Installations"}]},{"@type":"WebSite","@id":"https:\/\/www.ing.uc.cl\/#website","url":"https:\/\/www.ing.uc.cl\/","name":"Ingenier\u00eda UC","description":"Ingenier\u00eda UC","potentialAction":[{"@type":"SearchAction","target":{"@type":"EntryPoint","urlTemplate":"https:\/\/www.ing.uc.cl\/?s={search_term_string}"},"query-input":{"@type":"PropertyValueSpecification","valueRequired":true,"valueName":"search_term_string"}}],"inLanguage":"en-US"}]}},"_links":{"self":[{"href":"https:\/\/www.ing.uc.cl\/en\/wp-json\/wp\/v2\/pages\/60321","targetHints":{"allow":["GET"]}}],"collection":[{"href":"https:\/\/www.ing.uc.cl\/en\/wp-json\/wp\/v2\/pages"}],"about":[{"href":"https:\/\/www.ing.uc.cl\/en\/wp-json\/wp\/v2\/types\/page"}],"author":[{"embeddable":true,"href":"https:\/\/www.ing.uc.cl\/en\/wp-json\/wp\/v2\/users\/33"}],"replies":[{"embeddable":true,"href":"https:\/\/www.ing.uc.cl\/en\/wp-json\/wp\/v2\/comments?post=60321"}],"version-history":[{"count":0,"href":"https:\/\/www.ing.uc.cl\/en\/wp-json\/wp\/v2\/pages\/60321\/revisions"}],"up":[{"embeddable":true,"href":"https:\/\/www.ing.uc.cl\/en\/wp-json\/wp\/v2\/pages\/60320"}],"wp:featuredmedia":[{"embeddable":true,"href":"https:\/\/www.ing.uc.cl\/en\/wp-json\/wp\/v2\/media\/59072"}],"wp:attachment":[{"href":"https:\/\/www.ing.uc.cl\/en\/wp-json\/wp\/v2\/media?parent=60321"}],"curies":[{"name":"wp","href":"https:\/\/api.w.org\/{rel}","templated":true}]}}