
{"id":60325,"date":"2017-07-06T17:25:56","date_gmt":"2017-07-06T21:25:56","guid":{"rendered":"https:\/\/www.ing.uc.cl\/nuestra-escuela\/sobre-ingenieria-uc\/fundacion-san-agustin\/la-fundacion\/"},"modified":"2019-03-11T12:47:51","modified_gmt":"2019-03-11T15:47:51","slug":"la-fundacion","status":"publish","type":"page","link":"https:\/\/www.ing.uc.cl\/en\/nuestra-escuela\/sobre-ingenieria-uc\/fundacion-san-agustin\/la-fundacion\/","title":{"rendered":"The Foundation"},"content":{"rendered":"<p>The UC Engineering San Agust\u00edn Foundation was founded in 1987 by the University Board of Governors under the name \u201cPontificia Universidad Cat\u00f3lica de Chile, School of Engineering, DICTUC Foundation.\u201d The Foundation was initially funded through surplus assets obtained through outreach work, and the Foundation Board includes school professors and graduates.<\/p>\n<p>Renamed in 2001 as the \u201cUC Engineering San Agust\u00edn Foundation\u201d in honor of the Patron Saint of Engineers , the mission of the Foundation is to \u201cpromote academic activities within the School of Engineering that contribute towards the School being recognized internationally as a center of scientific and technological excellence and as a driving force for national development.\u201d<\/p>\n<p>The specific objectives laid forth in the guiding statutes of the Foundation are as follows:<\/p>\n<ul>\n<li>Implement initiatives conductive to the continued development of instructors and professors within the School of Engineering.<\/li>\n<li>Advocate for the continued development of personnel and for equipment needed by the School for instructional and research activities.<\/li>\n<li>Aid in financing contracts extended by the School of Engineering to visiting professors.<\/li>\n<li>Encourage and finance the publication of research carried out within the School, as well as the presentation of School research at national and\/or international congresses.<\/li>\n<li>Act as a proponent for improved working conditions for instructors, professors, and researchers within the School of Engineering, all with the aim of promoting academic career paths.<\/li>\n<li>Implement and finance activities associated with promoting and performing scientific and technological research within the field of engineering, with consideration also given to interdisciplinary initiatives and technology transfer.<\/li>\n<\/ul>\n<h3>Contributions to the School of Engineering in 2018<\/h3>\n<p>Between 1989 and 2018, the San Agust\u00edn Foundation has overseen 474,579 UF in contributions to the School of Engineering. This amount is 2.9 times larger than the initial investment for the Foundation. In total, the San Agust\u00edn Foundation has directly contributed 263,466 UF, of which, 28,148 UF have been used to finance the Canadian Course on Mining . Furthermore, 182,964 UF have been donated to the School as a result of collection drives led by the Foundation.<\/p>\n<p>In 2018, the Foundation supported the School of Engineering through 6,700 UF dedicated to continued instructor\/professor training and to improvement projects for instructional laboratories, which included equipment upgrades and teaching support.<\/p>\n<p>As a result of the support to the Fund Raising Campaign for infrastructure of the School of Engineering,\u00a0 9,612 UF were raised to fund\u00a0 the construction of the Hall of Students of the new Science and Technology Building.<\/p>\n<p>To support the growth of the venture capital market in Chile, the Foundation, together with the Universidad Cat\u00f3lica, is a committed participant in the Alerce VC Private Investment Fund (CORFO-backed), in which the Foundation has invested 3,130 UF.<\/p>\n<h3>Financial Management of the San Agust\u00edn Foundation Fund<\/h3>\n<p>The investment strategy for the total fund administered by the Foundation is permanently evaluated by an Investment Committee, which includes noteworthy UC Engineers in the business and academic spheres. In 2016, this committee was comprised of the following members:<\/p>\n<ul>\n<li>Axel Christensen de la Cerda, director of Black Rock Chile.<\/li>\n<li>Henry Comber Sigall, general manager of Euroam\u00e9rica.<\/li>\n<li>Javier Corthorn Silva, research manager at IGM Multi-Family.<\/li>\n<li>Jos\u00e9 Enrique Fern\u00e1ndez Larra\u00f1aga, director of the San Agust\u00edn Foundation, Full Professor at UC.<\/li>\n<li>Carlos Hurtado Rourke, general manager of the Sociedad Inmobiliaria e Inversiones Puerto Madero Ltda.<\/li>\n<li>Nicol\u00e1s Majluf Sapag, director of the San Agust\u00edn Foundation, Full Professor at UC.<\/li>\n<li>Hern\u00e1n Rodr\u00edguez Wilson, general manager of CMPC.<\/li>\n<li>Andr\u00e9s Bucher, director of Banco Ita\u00fa.<\/li>\n<\/ul>\n","protected":false},"excerpt":{"rendered":"<p>The objective of the Foundation is to promote academic initiatives that will make the School of Engineering a national agent-of-change and international center recognized for scientific and technological excellence.<\/p>\n","protected":false},"author":33,"featured_media":59215,"parent":60324,"menu_order":1,"comment_status":"closed","ping_status":"closed","template":"","meta":{"_acf_changed":false,"footnotes":""},"class_list":["post-60325","page","type-page","status-publish","has-post-thumbnail","hentry"],"acf":[],"yoast_head":"<!-- This site is optimized with the Yoast SEO plugin v27.3 - https:\/\/yoast.com\/product\/yoast-seo-wordpress\/ -->\n<title>The Foundation - Ingenier\u00eda UC<\/title>\n<meta name=\"robots\" content=\"index, follow, max-snippet:-1, max-image-preview:large, max-video-preview:-1\" \/>\n<link rel=\"canonical\" href=\"https:\/\/www.ing.uc.cl\/en\/nuestra-escuela\/sobre-ingenieria-uc\/fundacion-san-agustin\/la-fundacion\/\" \/>\n<meta property=\"og:locale\" content=\"en_US\" \/>\n<meta property=\"og:type\" content=\"article\" \/>\n<meta property=\"og:title\" content=\"The Foundation - Ingenier\u00eda UC\" \/>\n<meta property=\"og:description\" content=\"The objective of the Foundation is to promote academic initiatives that will make the School of Engineering a national agent-of-change and international center recognized for scientific and technological excellence.\" \/>\n<meta property=\"og:url\" content=\"https:\/\/www.ing.uc.cl\/en\/nuestra-escuela\/sobre-ingenieria-uc\/fundacion-san-agustin\/la-fundacion\/\" \/>\n<meta property=\"og:site_name\" content=\"Ingenier\u00eda UC\" \/>\n<meta property=\"article:publisher\" content=\"https:\/\/www.facebook.com\/EscueladeIngenieriaUniversidadCatolica\/\" \/>\n<meta property=\"article:modified_time\" content=\"2019-03-11T15:47:51+00:00\" \/>\n<meta property=\"og:image\" content=\"https:\/\/www.ing.uc.cl\/wp-content\/uploads\/2017\/07\/PORTADA.jpg\" \/>\n\t<meta property=\"og:image:width\" content=\"1000\" \/>\n\t<meta property=\"og:image:height\" content=\"596\" \/>\n\t<meta property=\"og:image:type\" content=\"image\/jpeg\" \/>\n<meta name=\"twitter:card\" content=\"summary_large_image\" \/>\n<meta name=\"twitter:site\" content=\"@ingenieriaUC\" \/>\n<meta name=\"twitter:label1\" content=\"Est. reading time\" \/>\n\t<meta name=\"twitter:data1\" content=\"3 minutes\" \/>\n<script type=\"application\/ld+json\" class=\"yoast-schema-graph\">{\"@context\":\"https:\\\/\\\/schema.org\",\"@graph\":[{\"@type\":\"WebPage\",\"@id\":\"https:\\\/\\\/www.ing.uc.cl\\\/en\\\/nuestra-escuela\\\/sobre-ingenieria-uc\\\/fundacion-san-agustin\\\/la-fundacion\\\/\",\"url\":\"https:\\\/\\\/www.ing.uc.cl\\\/en\\\/nuestra-escuela\\\/sobre-ingenieria-uc\\\/fundacion-san-agustin\\\/la-fundacion\\\/\",\"name\":\"The Foundation - Ingenier\u00eda UC\",\"isPartOf\":{\"@id\":\"https:\\\/\\\/www.ing.uc.cl\\\/#website\"},\"primaryImageOfPage\":{\"@id\":\"https:\\\/\\\/www.ing.uc.cl\\\/en\\\/nuestra-escuela\\\/sobre-ingenieria-uc\\\/fundacion-san-agustin\\\/la-fundacion\\\/#primaryimage\"},\"image\":{\"@id\":\"https:\\\/\\\/www.ing.uc.cl\\\/en\\\/nuestra-escuela\\\/sobre-ingenieria-uc\\\/fundacion-san-agustin\\\/la-fundacion\\\/#primaryimage\"},\"thumbnailUrl\":\"https:\\\/\\\/www.ing.uc.cl\\\/wp-content\\\/uploads\\\/2017\\\/07\\\/PORTADA.jpg\",\"datePublished\":\"2017-07-06T21:25:56+00:00\",\"dateModified\":\"2019-03-11T15:47:51+00:00\",\"breadcrumb\":{\"@id\":\"https:\\\/\\\/www.ing.uc.cl\\\/en\\\/nuestra-escuela\\\/sobre-ingenieria-uc\\\/fundacion-san-agustin\\\/la-fundacion\\\/#breadcrumb\"},\"inLanguage\":\"en-US\",\"potentialAction\":[{\"@type\":\"ReadAction\",\"target\":[\"https:\\\/\\\/www.ing.uc.cl\\\/en\\\/nuestra-escuela\\\/sobre-ingenieria-uc\\\/fundacion-san-agustin\\\/la-fundacion\\\/\"]}]},{\"@type\":\"ImageObject\",\"inLanguage\":\"en-US\",\"@id\":\"https:\\\/\\\/www.ing.uc.cl\\\/en\\\/nuestra-escuela\\\/sobre-ingenieria-uc\\\/fundacion-san-agustin\\\/la-fundacion\\\/#primaryimage\",\"url\":\"https:\\\/\\\/www.ing.uc.cl\\\/wp-content\\\/uploads\\\/2017\\\/07\\\/PORTADA.jpg\",\"contentUrl\":\"https:\\\/\\\/www.ing.uc.cl\\\/wp-content\\\/uploads\\\/2017\\\/07\\\/PORTADA.jpg\",\"width\":1000,\"height\":596},{\"@type\":\"BreadcrumbList\",\"@id\":\"https:\\\/\\\/www.ing.uc.cl\\\/en\\\/nuestra-escuela\\\/sobre-ingenieria-uc\\\/fundacion-san-agustin\\\/la-fundacion\\\/#breadcrumb\",\"itemListElement\":[{\"@type\":\"ListItem\",\"position\":1,\"name\":\"Home\",\"item\":\"https:\\\/\\\/www.ing.uc.cl\\\/en\\\/\"},{\"@type\":\"ListItem\",\"position\":2,\"name\":\"Our School\",\"item\":\"https:\\\/\\\/www.ing.uc.cl\\\/en\\\/nuestra-escuela\\\/\"},{\"@type\":\"ListItem\",\"position\":3,\"name\":\"About Ingenier\u00eda UC\",\"item\":\"https:\\\/\\\/www.ing.uc.cl\\\/en\\\/nuestra-escuela\\\/sobre-ingenieria-uc\\\/\"},{\"@type\":\"ListItem\",\"position\":4,\"name\":\"San Agust\u00edn Foundation\",\"item\":\"https:\\\/\\\/www.ing.uc.cl\\\/en\\\/nuestra-escuela\\\/sobre-ingenieria-uc\\\/fundacion-san-agustin\\\/\"},{\"@type\":\"ListItem\",\"position\":5,\"name\":\"The Foundation\"}]},{\"@type\":\"WebSite\",\"@id\":\"https:\\\/\\\/www.ing.uc.cl\\\/#website\",\"url\":\"https:\\\/\\\/www.ing.uc.cl\\\/\",\"name\":\"Ingenier\u00eda UC\",\"description\":\"Ingenier\u00eda UC\",\"potentialAction\":[{\"@type\":\"SearchAction\",\"target\":{\"@type\":\"EntryPoint\",\"urlTemplate\":\"https:\\\/\\\/www.ing.uc.cl\\\/?s={search_term_string}\"},\"query-input\":{\"@type\":\"PropertyValueSpecification\",\"valueRequired\":true,\"valueName\":\"search_term_string\"}}],\"inLanguage\":\"en-US\"}]}<\/script>\n<!-- \/ Yoast SEO plugin. -->","yoast_head_json":{"title":"The Foundation - Ingenier\u00eda UC","robots":{"index":"index","follow":"follow","max-snippet":"max-snippet:-1","max-image-preview":"max-image-preview:large","max-video-preview":"max-video-preview:-1"},"canonical":"https:\/\/www.ing.uc.cl\/en\/nuestra-escuela\/sobre-ingenieria-uc\/fundacion-san-agustin\/la-fundacion\/","og_locale":"en_US","og_type":"article","og_title":"The Foundation - Ingenier\u00eda UC","og_description":"The objective of the Foundation is to promote academic initiatives that will make the School of Engineering a national agent-of-change and international center recognized for scientific and technological excellence.","og_url":"https:\/\/www.ing.uc.cl\/en\/nuestra-escuela\/sobre-ingenieria-uc\/fundacion-san-agustin\/la-fundacion\/","og_site_name":"Ingenier\u00eda UC","article_publisher":"https:\/\/www.facebook.com\/EscueladeIngenieriaUniversidadCatolica\/","article_modified_time":"2019-03-11T15:47:51+00:00","og_image":[{"width":1000,"height":596,"url":"https:\/\/www.ing.uc.cl\/wp-content\/uploads\/2017\/07\/PORTADA.jpg","type":"image\/jpeg"}],"twitter_card":"summary_large_image","twitter_site":"@ingenieriaUC","twitter_misc":{"Est. reading time":"3 minutes"},"schema":{"@context":"https:\/\/schema.org","@graph":[{"@type":"WebPage","@id":"https:\/\/www.ing.uc.cl\/en\/nuestra-escuela\/sobre-ingenieria-uc\/fundacion-san-agustin\/la-fundacion\/","url":"https:\/\/www.ing.uc.cl\/en\/nuestra-escuela\/sobre-ingenieria-uc\/fundacion-san-agustin\/la-fundacion\/","name":"The Foundation - Ingenier\u00eda UC","isPartOf":{"@id":"https:\/\/www.ing.uc.cl\/#website"},"primaryImageOfPage":{"@id":"https:\/\/www.ing.uc.cl\/en\/nuestra-escuela\/sobre-ingenieria-uc\/fundacion-san-agustin\/la-fundacion\/#primaryimage"},"image":{"@id":"https:\/\/www.ing.uc.cl\/en\/nuestra-escuela\/sobre-ingenieria-uc\/fundacion-san-agustin\/la-fundacion\/#primaryimage"},"thumbnailUrl":"https:\/\/www.ing.uc.cl\/wp-content\/uploads\/2017\/07\/PORTADA.jpg","datePublished":"2017-07-06T21:25:56+00:00","dateModified":"2019-03-11T15:47:51+00:00","breadcrumb":{"@id":"https:\/\/www.ing.uc.cl\/en\/nuestra-escuela\/sobre-ingenieria-uc\/fundacion-san-agustin\/la-fundacion\/#breadcrumb"},"inLanguage":"en-US","potentialAction":[{"@type":"ReadAction","target":["https:\/\/www.ing.uc.cl\/en\/nuestra-escuela\/sobre-ingenieria-uc\/fundacion-san-agustin\/la-fundacion\/"]}]},{"@type":"ImageObject","inLanguage":"en-US","@id":"https:\/\/www.ing.uc.cl\/en\/nuestra-escuela\/sobre-ingenieria-uc\/fundacion-san-agustin\/la-fundacion\/#primaryimage","url":"https:\/\/www.ing.uc.cl\/wp-content\/uploads\/2017\/07\/PORTADA.jpg","contentUrl":"https:\/\/www.ing.uc.cl\/wp-content\/uploads\/2017\/07\/PORTADA.jpg","width":1000,"height":596},{"@type":"BreadcrumbList","@id":"https:\/\/www.ing.uc.cl\/en\/nuestra-escuela\/sobre-ingenieria-uc\/fundacion-san-agustin\/la-fundacion\/#breadcrumb","itemListElement":[{"@type":"ListItem","position":1,"name":"Home","item":"https:\/\/www.ing.uc.cl\/en\/"},{"@type":"ListItem","position":2,"name":"Our School","item":"https:\/\/www.ing.uc.cl\/en\/nuestra-escuela\/"},{"@type":"ListItem","position":3,"name":"About Ingenier\u00eda UC","item":"https:\/\/www.ing.uc.cl\/en\/nuestra-escuela\/sobre-ingenieria-uc\/"},{"@type":"ListItem","position":4,"name":"San Agust\u00edn Foundation","item":"https:\/\/www.ing.uc.cl\/en\/nuestra-escuela\/sobre-ingenieria-uc\/fundacion-san-agustin\/"},{"@type":"ListItem","position":5,"name":"The Foundation"}]},{"@type":"WebSite","@id":"https:\/\/www.ing.uc.cl\/#website","url":"https:\/\/www.ing.uc.cl\/","name":"Ingenier\u00eda UC","description":"Ingenier\u00eda UC","potentialAction":[{"@type":"SearchAction","target":{"@type":"EntryPoint","urlTemplate":"https:\/\/www.ing.uc.cl\/?s={search_term_string}"},"query-input":{"@type":"PropertyValueSpecification","valueRequired":true,"valueName":"search_term_string"}}],"inLanguage":"en-US"}]}},"_links":{"self":[{"href":"https:\/\/www.ing.uc.cl\/en\/wp-json\/wp\/v2\/pages\/60325","targetHints":{"allow":["GET"]}}],"collection":[{"href":"https:\/\/www.ing.uc.cl\/en\/wp-json\/wp\/v2\/pages"}],"about":[{"href":"https:\/\/www.ing.uc.cl\/en\/wp-json\/wp\/v2\/types\/page"}],"author":[{"embeddable":true,"href":"https:\/\/www.ing.uc.cl\/en\/wp-json\/wp\/v2\/users\/33"}],"replies":[{"embeddable":true,"href":"https:\/\/www.ing.uc.cl\/en\/wp-json\/wp\/v2\/comments?post=60325"}],"version-history":[{"count":0,"href":"https:\/\/www.ing.uc.cl\/en\/wp-json\/wp\/v2\/pages\/60325\/revisions"}],"up":[{"embeddable":true,"href":"https:\/\/www.ing.uc.cl\/en\/wp-json\/wp\/v2\/pages\/60324"}],"wp:featuredmedia":[{"embeddable":true,"href":"https:\/\/www.ing.uc.cl\/en\/wp-json\/wp\/v2\/media\/59215"}],"wp:attachment":[{"href":"https:\/\/www.ing.uc.cl\/en\/wp-json\/wp\/v2\/media?parent=60325"}],"curies":[{"name":"wp","href":"https:\/\/api.w.org\/{rel}","templated":true}]}}