
{"id":60331,"date":"2017-04-05T15:49:35","date_gmt":"2017-04-05T19:49:35","guid":{"rendered":"https:\/\/www.ing.uc.cl\/nuestra-escuela\/relaciones-internacionales\/alianzas-internacionales\/"},"modified":"2018-09-04T16:23:56","modified_gmt":"2018-09-04T19:23:56","slug":"alianzas-internacionales","status":"publish","type":"page","link":"https:\/\/www.ing.uc.cl\/en\/nuestra-escuela\/relaciones-internacionales\/alianzas-internacionales\/","title":{"rendered":"International alliances"},"content":{"rendered":"<ul>\n<li>Beijing Jiaotong University, China<\/li>\n<li>Columbia University, United States<\/li>\n<li>Doctoral College of Belgium, Belgium<\/li>\n<li>Doctoral College of France, France<\/li>\n<li>DCNS, France<\/li>\n<li>\u00c9cole Centrale Paris, France<\/li>\n<li>\u00c9cole Nationale Sup\u00e9rieure des Mines de Paris, France<\/li>\n<li>\u00c9cole Nationale Sup\u00e9rieure des Mines de Nancy, France<\/li>\n<li>\u00c9cole Nationale Sup\u00e9rieure des Mines Saint-\u00c9tienne, France<\/li>\n<li>\u00c9cole Nationale Sup\u00e9rieure de Techniques Avanc\u00e9es, France<\/li>\n<li>\u00c9cole Polytechnique, France<\/li>\n<li>Escuela Superior Polit\u00e9cnica del Litoral (ESPOL), Ecuador<\/li>\n<li>Fraunhofer-Institut f\u00fcr Solare Energiesysteme ISE, Germany<\/li>\n<li>Georgia Institute of Technology, United States<\/li>\n<li>Grenoble INP, France<\/li>\n<li>Global Earthquake Model (GEM), Italy<\/li>\n<li>Japan International Cooperation Agency (JICA), Japan<\/li>\n<li>Institut National de Recherche en Informatique et en Automatique (INRIA), France<\/li>\n<li>International Institute of Seismology, Japan<\/li>\n<li>IRSTEA, France<\/li>\n<li>Massachusetts Institute of Technology, United States<\/li>\n<li>Paris Tech, France<\/li>\n<li>Universidad Polit\u00e9cnica de Valencia, Spain<\/li>\n<li>Politecnico di Milano, Italy<\/li>\n<li>Politecnico di Torino, Italy<\/li>\n<li>Stanford Research Institute (SRI), United States<\/li>\n<li>Texas A&amp;M University, United States<\/li>\n<li>Universidad de los Andes, Colombia<\/li>\n<li>University of California, Berkeley, United States<\/li>\n<li>University of Colorado Boulder, United States<\/li>\n<li>University of Edinburgh, United Kingdom<\/li>\n<li>University of Texas at Austin, United States<\/li>\n<li>Universita Degli Studi di Trento, Italy<\/li>\n<li>University of Notre Dame, United States<\/li>\n<li>Virginia Polytechnic Institute and State University, United States<\/li>\n<li>Wageningen University, Netherlands<\/li>\n<\/ul>\n","protected":false},"excerpt":{"rendered":"<p>The prestige carried by the School of Engineering of the Universidad Cat\u00f3lica has facilitated alliances with universities and research centers in a number of countries worldwide.<\/p>\n","protected":false},"author":22,"featured_media":36705,"parent":60328,"menu_order":2,"comment_status":"closed","ping_status":"closed","template":"","meta":{"_acf_changed":false,"footnotes":""},"class_list":["post-60331","page","type-page","status-publish","has-post-thumbnail","hentry"],"acf":[],"yoast_head":"<!-- This site is optimized with the Yoast SEO plugin v27.3 - https:\/\/yoast.com\/product\/yoast-seo-wordpress\/ -->\n<title>International alliances - Ingenier\u00eda UC<\/title>\n<meta name=\"robots\" content=\"index, follow, max-snippet:-1, max-image-preview:large, max-video-preview:-1\" \/>\n<link rel=\"canonical\" href=\"https:\/\/www.ing.uc.cl\/en\/nuestra-escuela\/relaciones-internacionales\/alianzas-internacionales\/\" \/>\n<meta property=\"og:locale\" content=\"en_US\" \/>\n<meta property=\"og:type\" content=\"article\" \/>\n<meta property=\"og:title\" content=\"International alliances - Ingenier\u00eda UC\" \/>\n<meta property=\"og:description\" content=\"The prestige carried by the School of Engineering of the Universidad Cat\u00f3lica has facilitated alliances with universities and research centers in a number of countries worldwide.\" \/>\n<meta property=\"og:url\" content=\"https:\/\/www.ing.uc.cl\/en\/nuestra-escuela\/relaciones-internacionales\/alianzas-internacionales\/\" \/>\n<meta property=\"og:site_name\" content=\"Ingenier\u00eda UC\" \/>\n<meta property=\"article:publisher\" content=\"https:\/\/www.facebook.com\/EscueladeIngenieriaUniversidadCatolica\/\" \/>\n<meta property=\"article:modified_time\" content=\"2018-09-04T19:23:56+00:00\" \/>\n<meta property=\"og:image\" content=\"https:\/\/www.ing.uc.cl\/wp-content\/uploads\/2017\/04\/Alianzas.jpg\" \/>\n\t<meta property=\"og:image:width\" content=\"1500\" \/>\n\t<meta property=\"og:image:height\" content=\"1000\" \/>\n\t<meta property=\"og:image:type\" content=\"image\/jpeg\" \/>\n<meta name=\"twitter:card\" content=\"summary_large_image\" \/>\n<meta name=\"twitter:site\" content=\"@ingenieriaUC\" \/>\n<meta name=\"twitter:label1\" content=\"Est. reading time\" \/>\n\t<meta name=\"twitter:data1\" content=\"1 minute\" \/>\n<script type=\"application\/ld+json\" class=\"yoast-schema-graph\">{\"@context\":\"https:\\\/\\\/schema.org\",\"@graph\":[{\"@type\":\"WebPage\",\"@id\":\"https:\\\/\\\/www.ing.uc.cl\\\/en\\\/nuestra-escuela\\\/relaciones-internacionales\\\/alianzas-internacionales\\\/\",\"url\":\"https:\\\/\\\/www.ing.uc.cl\\\/en\\\/nuestra-escuela\\\/relaciones-internacionales\\\/alianzas-internacionales\\\/\",\"name\":\"International alliances - Ingenier\u00eda UC\",\"isPartOf\":{\"@id\":\"https:\\\/\\\/www.ing.uc.cl\\\/#website\"},\"primaryImageOfPage\":{\"@id\":\"https:\\\/\\\/www.ing.uc.cl\\\/en\\\/nuestra-escuela\\\/relaciones-internacionales\\\/alianzas-internacionales\\\/#primaryimage\"},\"image\":{\"@id\":\"https:\\\/\\\/www.ing.uc.cl\\\/en\\\/nuestra-escuela\\\/relaciones-internacionales\\\/alianzas-internacionales\\\/#primaryimage\"},\"thumbnailUrl\":\"https:\\\/\\\/www.ing.uc.cl\\\/wp-content\\\/uploads\\\/2017\\\/04\\\/Alianzas.jpg\",\"datePublished\":\"2017-04-05T19:49:35+00:00\",\"dateModified\":\"2018-09-04T19:23:56+00:00\",\"breadcrumb\":{\"@id\":\"https:\\\/\\\/www.ing.uc.cl\\\/en\\\/nuestra-escuela\\\/relaciones-internacionales\\\/alianzas-internacionales\\\/#breadcrumb\"},\"inLanguage\":\"en-US\",\"potentialAction\":[{\"@type\":\"ReadAction\",\"target\":[\"https:\\\/\\\/www.ing.uc.cl\\\/en\\\/nuestra-escuela\\\/relaciones-internacionales\\\/alianzas-internacionales\\\/\"]}]},{\"@type\":\"ImageObject\",\"inLanguage\":\"en-US\",\"@id\":\"https:\\\/\\\/www.ing.uc.cl\\\/en\\\/nuestra-escuela\\\/relaciones-internacionales\\\/alianzas-internacionales\\\/#primaryimage\",\"url\":\"https:\\\/\\\/www.ing.uc.cl\\\/wp-content\\\/uploads\\\/2017\\\/04\\\/Alianzas.jpg\",\"contentUrl\":\"https:\\\/\\\/www.ing.uc.cl\\\/wp-content\\\/uploads\\\/2017\\\/04\\\/Alianzas.jpg\",\"width\":1500,\"height\":1000},{\"@type\":\"BreadcrumbList\",\"@id\":\"https:\\\/\\\/www.ing.uc.cl\\\/en\\\/nuestra-escuela\\\/relaciones-internacionales\\\/alianzas-internacionales\\\/#breadcrumb\",\"itemListElement\":[{\"@type\":\"ListItem\",\"position\":1,\"name\":\"Home\",\"item\":\"https:\\\/\\\/www.ing.uc.cl\\\/en\\\/\"},{\"@type\":\"ListItem\",\"position\":2,\"name\":\"Our School\",\"item\":\"https:\\\/\\\/www.ing.uc.cl\\\/en\\\/nuestra-escuela\\\/\"},{\"@type\":\"ListItem\",\"position\":3,\"name\":\"Internationalization\",\"item\":\"https:\\\/\\\/www.ing.uc.cl\\\/en\\\/nuestra-escuela\\\/relaciones-internacionales\\\/\"},{\"@type\":\"ListItem\",\"position\":4,\"name\":\"International alliances\"}]},{\"@type\":\"WebSite\",\"@id\":\"https:\\\/\\\/www.ing.uc.cl\\\/#website\",\"url\":\"https:\\\/\\\/www.ing.uc.cl\\\/\",\"name\":\"Ingenier\u00eda UC\",\"description\":\"Ingenier\u00eda UC\",\"potentialAction\":[{\"@type\":\"SearchAction\",\"target\":{\"@type\":\"EntryPoint\",\"urlTemplate\":\"https:\\\/\\\/www.ing.uc.cl\\\/?s={search_term_string}\"},\"query-input\":{\"@type\":\"PropertyValueSpecification\",\"valueRequired\":true,\"valueName\":\"search_term_string\"}}],\"inLanguage\":\"en-US\"}]}<\/script>\n<!-- \/ Yoast SEO plugin. -->","yoast_head_json":{"title":"International alliances - Ingenier\u00eda UC","robots":{"index":"index","follow":"follow","max-snippet":"max-snippet:-1","max-image-preview":"max-image-preview:large","max-video-preview":"max-video-preview:-1"},"canonical":"https:\/\/www.ing.uc.cl\/en\/nuestra-escuela\/relaciones-internacionales\/alianzas-internacionales\/","og_locale":"en_US","og_type":"article","og_title":"International alliances - Ingenier\u00eda UC","og_description":"The prestige carried by the School of Engineering of the Universidad Cat\u00f3lica has facilitated alliances with universities and research centers in a number of countries worldwide.","og_url":"https:\/\/www.ing.uc.cl\/en\/nuestra-escuela\/relaciones-internacionales\/alianzas-internacionales\/","og_site_name":"Ingenier\u00eda UC","article_publisher":"https:\/\/www.facebook.com\/EscueladeIngenieriaUniversidadCatolica\/","article_modified_time":"2018-09-04T19:23:56+00:00","og_image":[{"width":1500,"height":1000,"url":"https:\/\/www.ing.uc.cl\/wp-content\/uploads\/2017\/04\/Alianzas.jpg","type":"image\/jpeg"}],"twitter_card":"summary_large_image","twitter_site":"@ingenieriaUC","twitter_misc":{"Est. reading time":"1 minute"},"schema":{"@context":"https:\/\/schema.org","@graph":[{"@type":"WebPage","@id":"https:\/\/www.ing.uc.cl\/en\/nuestra-escuela\/relaciones-internacionales\/alianzas-internacionales\/","url":"https:\/\/www.ing.uc.cl\/en\/nuestra-escuela\/relaciones-internacionales\/alianzas-internacionales\/","name":"International alliances - Ingenier\u00eda UC","isPartOf":{"@id":"https:\/\/www.ing.uc.cl\/#website"},"primaryImageOfPage":{"@id":"https:\/\/www.ing.uc.cl\/en\/nuestra-escuela\/relaciones-internacionales\/alianzas-internacionales\/#primaryimage"},"image":{"@id":"https:\/\/www.ing.uc.cl\/en\/nuestra-escuela\/relaciones-internacionales\/alianzas-internacionales\/#primaryimage"},"thumbnailUrl":"https:\/\/www.ing.uc.cl\/wp-content\/uploads\/2017\/04\/Alianzas.jpg","datePublished":"2017-04-05T19:49:35+00:00","dateModified":"2018-09-04T19:23:56+00:00","breadcrumb":{"@id":"https:\/\/www.ing.uc.cl\/en\/nuestra-escuela\/relaciones-internacionales\/alianzas-internacionales\/#breadcrumb"},"inLanguage":"en-US","potentialAction":[{"@type":"ReadAction","target":["https:\/\/www.ing.uc.cl\/en\/nuestra-escuela\/relaciones-internacionales\/alianzas-internacionales\/"]}]},{"@type":"ImageObject","inLanguage":"en-US","@id":"https:\/\/www.ing.uc.cl\/en\/nuestra-escuela\/relaciones-internacionales\/alianzas-internacionales\/#primaryimage","url":"https:\/\/www.ing.uc.cl\/wp-content\/uploads\/2017\/04\/Alianzas.jpg","contentUrl":"https:\/\/www.ing.uc.cl\/wp-content\/uploads\/2017\/04\/Alianzas.jpg","width":1500,"height":1000},{"@type":"BreadcrumbList","@id":"https:\/\/www.ing.uc.cl\/en\/nuestra-escuela\/relaciones-internacionales\/alianzas-internacionales\/#breadcrumb","itemListElement":[{"@type":"ListItem","position":1,"name":"Home","item":"https:\/\/www.ing.uc.cl\/en\/"},{"@type":"ListItem","position":2,"name":"Our School","item":"https:\/\/www.ing.uc.cl\/en\/nuestra-escuela\/"},{"@type":"ListItem","position":3,"name":"Internationalization","item":"https:\/\/www.ing.uc.cl\/en\/nuestra-escuela\/relaciones-internacionales\/"},{"@type":"ListItem","position":4,"name":"International alliances"}]},{"@type":"WebSite","@id":"https:\/\/www.ing.uc.cl\/#website","url":"https:\/\/www.ing.uc.cl\/","name":"Ingenier\u00eda UC","description":"Ingenier\u00eda UC","potentialAction":[{"@type":"SearchAction","target":{"@type":"EntryPoint","urlTemplate":"https:\/\/www.ing.uc.cl\/?s={search_term_string}"},"query-input":{"@type":"PropertyValueSpecification","valueRequired":true,"valueName":"search_term_string"}}],"inLanguage":"en-US"}]}},"_links":{"self":[{"href":"https:\/\/www.ing.uc.cl\/en\/wp-json\/wp\/v2\/pages\/60331","targetHints":{"allow":["GET"]}}],"collection":[{"href":"https:\/\/www.ing.uc.cl\/en\/wp-json\/wp\/v2\/pages"}],"about":[{"href":"https:\/\/www.ing.uc.cl\/en\/wp-json\/wp\/v2\/types\/page"}],"author":[{"embeddable":true,"href":"https:\/\/www.ing.uc.cl\/en\/wp-json\/wp\/v2\/users\/22"}],"replies":[{"embeddable":true,"href":"https:\/\/www.ing.uc.cl\/en\/wp-json\/wp\/v2\/comments?post=60331"}],"version-history":[{"count":0,"href":"https:\/\/www.ing.uc.cl\/en\/wp-json\/wp\/v2\/pages\/60331\/revisions"}],"up":[{"embeddable":true,"href":"https:\/\/www.ing.uc.cl\/en\/wp-json\/wp\/v2\/pages\/60328"}],"wp:featuredmedia":[{"embeddable":true,"href":"https:\/\/www.ing.uc.cl\/en\/wp-json\/wp\/v2\/media\/36705"}],"wp:attachment":[{"href":"https:\/\/www.ing.uc.cl\/en\/wp-json\/wp\/v2\/media?parent=60331"}],"curies":[{"name":"wp","href":"https:\/\/api.w.org\/{rel}","templated":true}]}}