
{"id":60351,"date":"2017-07-14T10:19:59","date_gmt":"2017-07-14T14:19:59","guid":{"rendered":"https:\/\/www.ing.uc.cl\/programas-de-estudio\/admision\/admision-pregrado\/plan-de-nivelacion\/"},"modified":"2026-03-30T11:34:00","modified_gmt":"2026-03-30T14:34:00","slug":"plan-de-nivelacion","status":"publish","type":"page","link":"https:\/\/www.ing.uc.cl\/en\/programas-de-estudio\/admision\/admision-pregrado\/plan-de-nivelacion\/","title":{"rendered":"Leveling Plan"},"content":{"rendered":"<p class=\"font-claude-response-body break-words whitespace-normal leading-[1.7]\">To help freshmen better face the challenges of the curriculum, a leveling program is offered in the areas of Pre-Calculus, General Chemistry, and Physics.<\/p>\n<p class=\"font-claude-response-body break-words whitespace-normal leading-[1.7]\">The leveling program in each area covers a review of the foundational content needed to tackle the courses.<\/p>\n<h3>Pre-calculus Leveling<\/h3>\n<p class=\"font-claude-response-body break-words whitespace-normal leading-[1.7]\">All freshmen entering the Engineering program must demonstrate their Pre-Calculus knowledge by taking a placement test. <strong>(See syllabus <a href=\"https:\/\/www.ing.uc.cl\/wp-content\/uploads\/2023\/04\/Temario-Teste-Pre-Calculo.pdf\" target=\"_blank\" rel=\"noopener\">here.<\/a>)<\/strong><\/p>\n<p class=\"font-claude-response-body break-words whitespace-normal leading-[1.7]\">Both the test and the leveling program are part of UC&#8217;s University Mathematics Transition Program (PIMU). <a href=\"https:\/\/pimu.mat.uc.cl\/\" target=\"_blank\" rel=\"noopener\">More information here.<\/a><\/p>\n<p class=\"font-claude-response-body break-words whitespace-normal leading-[1.7]\">Additionally, the School makes the following support material available to students:<\/p>\n<ul class=\"[li_&amp;]:mb-0 [li_&amp;]:mt-1 [li_&amp;]:gap-1 [&amp;:not(:last-child)_ul]:pb-1 [&amp;:not(:last-child)_ol]:pb-1 list-disc flex flex-col gap-1 pl-8 mb-3\">\n<li class=\"whitespace-normal break-words pl-2\">Pre-Calculus Leveling Workbook, <a href=\"https:\/\/www.ing.uc.cl\/wp-content\/uploads\/2017\/07\/Prec%C3%A1lculo.pdf\" target=\"_blank\" rel=\"noopener\">here.<\/a><\/li>\n<\/ul>\n<h3>Chemistry Leveling<\/h3>\n<p class=\"font-claude-response-body break-words whitespace-normal leading-[1.7]\">As part of the Chemistry Leveling Program for Engineering students, freshmen must take a Chemistry placement exam. If they do not pass, they will be required to complete the leveling program. Both the exam and the leveling program are organized in a modular format.<\/p>\n<p class=\"font-claude-response-body break-words whitespace-normal leading-[1.7]\">As support material, students can download the Chemistry Leveling Workbook.<\/p>\n<p><strong>Chemistry Leveling Syllabus:<\/strong><\/p>\n<p>To review the syllabus, click <a href=\"https:\/\/www.ing.uc.cl\/wp-content\/uploads\/2018\/01\/Temario-QIM-v2.pdf\" target=\"_blank\" rel=\"noopener noreferrer\">here<\/a>.<\/p>\n<ul>\n<li>Dilutions<\/li>\n<li>Stoichiometry<\/li>\n<li>Chemical Bonds<\/li>\n<\/ul>\n<p>Download the textbook <a href=\"http:\/\/www.ing.uc.cl\/wp-content\/uploads\/2017\/07\/Qu%C3%ADmica.pdf\" target=\"_blank\" rel=\"noopener noreferrer\">here<\/a>.<\/p>\n<p>Freshmen who did not pass the General Chemistry placement exam must participate in leveling modules during the first week of classes in March.<\/p>\n<h3>Physics Leveling<\/h3>\n<p>The following support materials are available to students to review content from secondary school that serves as a foundation for the Dynamics course, taken in the second semester of the program.<\/p>\n<p class=\"font-claude-response-body break-words whitespace-normal leading-[1.7]\"><strong>Support Materials<\/strong><\/p>\n<p class=\"font-claude-response-body break-words whitespace-normal leading-[1.7]\"><em>Textbook<\/em><\/p>\n<p class=\"font-claude-response-body break-words whitespace-normal leading-[1.7]\">Physics textbook by Universidad T\u00e9cnica Federico Santa Mar\u00eda; this book is available to our students through the collaboration between universities as part of the Ingenier\u00eda 2030 project (<a href=\"https:\/\/www.ing.uc.cl\/wp-content\/uploads\/2017\/07\/librofisicausm-1.pdf\" target=\"_blank\" rel=\"noopener\">download here<\/a>).<\/p>\n<p><em>Exercise Guides<\/em><\/p>\n<ul>\n<li>Vectors and Trigonometry [download exercise guide <a href=\"https:\/\/www.ing.uc.cl\/wp-content\/uploads\/2017\/07\/M%C3%B3dulo-1-Vectores-y-trigonometr%C3%ADa.pdf\" target=\"_blank\" rel=\"noopener noreferrer\">here<\/a>]<\/li>\n<li>Coordinate Systems [download exercise guide <a href=\"https:\/\/www.ing.uc.cl\/wp-content\/uploads\/2017\/07\/M%C3%B3dulo-2-Sistemas-de-coordenadas.pdf\" target=\"_blank\" rel=\"noopener noreferrer\">here<\/a>]<\/li>\n<li>Kinematics and relationship with calculus [download exercise guide <a href=\"https:\/\/www.ing.uc.cl\/wp-content\/uploads\/2017\/07\/M%C3%B3dulo-3-Cinem%C3%A1tica.pdf\" target=\"_blank\" rel=\"noopener noreferrer\">here<\/a>]<\/li>\n<li>Newton\u2019s Laws [download exercise guide <a href=\"https:\/\/www.ing.uc.cl\/wp-content\/uploads\/2017\/07\/M%C3%B3dulo-4-Leyes-de-Newton.pdf\" target=\"_blank\" rel=\"noopener noreferrer\">here<\/a>]<\/li>\n<\/ul>\n<p>Download the textbook <a href=\"http:\/\/www.ing.uc.cl\/wp-content\/uploads\/2017\/07\/F%C3%ADsica.pdf\" target=\"_blank\" rel=\"noopener noreferrer\">here<\/a>.<\/p>\n<p><em>Explanatory videos<\/em><\/p>\n<ol>\n<li>Cinem\u00e1tica 1D \u2013\u00a0<a href=\"https:\/\/youtu.be\/bp4hmrbqCPQ\" data-saferedirecturl=\"https:\/\/www.google.com\/url?q=https:\/\/youtu.be\/bp4hmrbqCPQ&amp;source=gmail&amp;ust=1597875612453000&amp;usg=AFQjCNGUP_HZxxmYb9LaNRZSMBX5iWZpEw\">https:\/\/youtu.be\/bp4hmrbqCPQ<\/a><\/li>\n<li>Cinem\u00e1tica 2D \u2013\u00a0<a href=\"https:\/\/youtu.be\/2DgXyqFlnfo\" data-saferedirecturl=\"https:\/\/www.google.com\/url?q=https:\/\/youtu.be\/2DgXyqFlnfo&amp;source=gmail&amp;ust=1597875612454000&amp;usg=AFQjCNHgcv4tbg078byO37ZQ3dZi4quIPQ\">https:\/\/youtu.be\/2DgXyqFlnfo<\/a><\/li>\n<li>Leyes de Newton \u2013\u00a0<a href=\"https:\/\/youtu.be\/WiD_GhXajyM\" data-saferedirecturl=\"https:\/\/www.google.com\/url?q=https:\/\/youtu.be\/WiD_GhXajyM&amp;source=gmail&amp;ust=1597875612454000&amp;usg=AFQjCNEgbfHbE_DsPvMx_V1r7-bcjYd8eg\">https:\/\/youtu.be\/WiD_GhXajyM<\/a><\/li>\n<\/ol>\n<p><em>Videos of the classes:<\/em><\/p>\n<p>Sesi\u00f3n #1:<\/p>\n<p>\u2013\u00a0\u00a0\u00a0\u00a0\u00a0\u00a0\u00a0Secci\u00f3n 1 \u2013\u00a0<a href=\"https:\/\/youtu.be\/qrWKcMIt9Aw\" data-saferedirecturl=\"https:\/\/www.google.com\/url?q=https:\/\/youtu.be\/qrWKcMIt9Aw&amp;source=gmail&amp;ust=1597875612454000&amp;usg=AFQjCNGUhqxjAgfdbRn1CILgWV8iuXHwUQ\">https:\/\/youtu.be\/qrWKcMIt9Aw<\/a><\/p>\n<p>\u2013\u00a0\u00a0\u00a0\u00a0\u00a0\u00a0\u00a0Secci\u00f3n 2 \u2013\u00a0<a href=\"https:\/\/youtu.be\/cboI0GMoQCc\" data-saferedirecturl=\"https:\/\/www.google.com\/url?q=https:\/\/youtu.be\/cboI0GMoQCc&amp;source=gmail&amp;ust=1597875612454000&amp;usg=AFQjCNGIKkmUzefqoW0fGbBBnE5zpWR8kg\">https:\/\/youtu.be\/cboI0GMoQCc<\/a><\/p>\n<p>Sesi\u00f3n #2:<\/p>\n<p>\u2013\u00a0\u00a0\u00a0\u00a0\u00a0\u00a0\u00a0Secci\u00f3n 1 \u2013\u00a0<a href=\"https:\/\/youtu.be\/0jA1ef65mBc\" data-saferedirecturl=\"https:\/\/www.google.com\/url?q=https:\/\/youtu.be\/0jA1ef65mBc&amp;source=gmail&amp;ust=1597875612454000&amp;usg=AFQjCNFD5AyQiCfaxpkXTtmlByuBDM5Vtg\">https:\/\/youtu.be\/0jA1ef65mBc<\/a><\/p>\n<p>\u2013\u00a0\u00a0\u00a0\u00a0\u00a0\u00a0\u00a0Secci\u00f3n 2 \u2013\u00a0<a href=\"https:\/\/youtu.be\/iT7jirS0XTs\" data-saferedirecturl=\"https:\/\/www.google.com\/url?q=https:\/\/youtu.be\/iT7jirS0XTs&amp;source=gmail&amp;ust=1597875612454000&amp;usg=AFQjCNFSJd7L7lR6MMJNY4uJKeUzdsqBWw\">https:\/\/youtu.be\/iT7jirS0XTs<\/a><\/p>\n<p>Sesi\u00f3n #3:<\/p>\n<p>\u2013\u00a0\u00a0\u00a0\u00a0\u00a0\u00a0\u00a0Secci\u00f3n 1 \u2013\u00a0<a href=\"https:\/\/youtu.be\/nYBn-bhww3U\" data-saferedirecturl=\"https:\/\/www.google.com\/url?q=https:\/\/youtu.be\/nYBn-bhww3U&amp;source=gmail&amp;ust=1597875612454000&amp;usg=AFQjCNENl8X9q7bUnMCYEXej3rPQi4M7CQ\">https:\/\/youtu.be\/nYBn-bhww3U<\/a><\/p>\n<p>\u2013\u00a0\u00a0\u00a0\u00a0\u00a0\u00a0\u00a0Secci\u00f3n 2 \u2013\u00a0<a href=\"https:\/\/youtu.be\/89FeOv4UFEE\" data-saferedirecturl=\"https:\/\/www.google.com\/url?q=https:\/\/youtu.be\/89FeOv4UFEE&amp;source=gmail&amp;ust=1597875612454000&amp;usg=AFQjCNF84bb6Bp9X9mGLhCH3pC3QHAZukA\">https:\/\/youtu.be\/89FeOv4UFEE<\/a><\/p>\n<p>Sesi\u00f3n #4:<\/p>\n<p>\u2013\u00a0\u00a0\u00a0\u00a0\u00a0\u00a0\u00a0Secci\u00f3n 1 \u2013\u00a0<a href=\"https:\/\/youtu.be\/bfJhsQLx7T8\" data-saferedirecturl=\"https:\/\/www.google.com\/url?q=https:\/\/youtu.be\/bfJhsQLx7T8&amp;source=gmail&amp;ust=1597875612454000&amp;usg=AFQjCNHpyFn8IyFrR8mjP19A80ejzRdCSw\">https:\/\/youtu.be\/bfJhsQLx7T8<\/a><\/p>\n<p>\u2013\u00a0\u00a0\u00a0\u00a0\u00a0\u00a0\u00a0Secci\u00f3n 2 \u2013\u00a0<a href=\"https:\/\/youtu.be\/g7HpPpb0gAY\" data-saferedirecturl=\"https:\/\/www.google.com\/url?q=https:\/\/youtu.be\/g7HpPpb0gAY&amp;source=gmail&amp;ust=1597875612454000&amp;usg=AFQjCNFlo2qKWANCtFLy62E5YoLJziWwSw\">https:\/\/youtu.be\/g7HpPpb0gAY<\/a><\/p>\n<p>Sesi\u00f3n #5:<\/p>\n<p>\u2013\u00a0\u00a0\u00a0\u00a0\u00a0\u00a0\u00a0Secciones 1 y 2 \u2013\u00a0\u00a0<a href=\"https:\/\/youtu.be\/ncrLhKNs8vg\" data-saferedirecturl=\"https:\/\/www.google.com\/url?q=https:\/\/youtu.be\/ncrLhKNs8vg&amp;source=gmail&amp;ust=1597875612454000&amp;usg=AFQjCNHfJK91xIkbjoossq2doqlEo8MjtA\">https:\/\/youtu.be\/ncrLhKNs8vg<\/a><\/p>\n<p>&nbsp;<\/p>\n","protected":false},"excerpt":{"rendered":"<p>All new students must pass the leveling plan and take proficiency tests in Calculus, Physics, and Chemistry.<\/p>\n","protected":false},"author":33,"featured_media":57253,"parent":60349,"menu_order":4,"comment_status":"closed","ping_status":"closed","template":"","meta":{"_acf_changed":false,"footnotes":""},"class_list":["post-60351","page","type-page","status-publish","has-post-thumbnail","hentry"],"acf":[],"yoast_head":"<!-- This site is optimized with the Yoast SEO plugin v27.3 - https:\/\/yoast.com\/product\/yoast-seo-wordpress\/ -->\n<title>Leveling Plan - Ingenier\u00eda UC<\/title>\n<meta name=\"robots\" content=\"index, follow, max-snippet:-1, max-image-preview:large, max-video-preview:-1\" \/>\n<link rel=\"canonical\" href=\"https:\/\/www.ing.uc.cl\/en\/programas-de-estudio\/admision\/admision-pregrado\/plan-de-nivelacion\/\" \/>\n<meta property=\"og:locale\" content=\"en_US\" \/>\n<meta property=\"og:type\" content=\"article\" \/>\n<meta property=\"og:title\" content=\"Leveling Plan - Ingenier\u00eda UC\" \/>\n<meta property=\"og:description\" content=\"All new students must pass the leveling plan and take proficiency tests in Calculus, Physics, and Chemistry.\" \/>\n<meta property=\"og:url\" content=\"https:\/\/www.ing.uc.cl\/en\/programas-de-estudio\/admision\/admision-pregrado\/plan-de-nivelacion\/\" \/>\n<meta property=\"og:site_name\" content=\"Ingenier\u00eda UC\" \/>\n<meta property=\"article:publisher\" content=\"https:\/\/www.facebook.com\/EscueladeIngenieriaUniversidadCatolica\/\" \/>\n<meta property=\"article:modified_time\" content=\"2026-03-30T14:34:00+00:00\" \/>\n<meta property=\"og:image\" content=\"https:\/\/www.ing.uc.cl\/wp-content\/uploads\/2017\/07\/Plan-de-Nivelaci\u00f3n.jpg\" \/>\n\t<meta property=\"og:image:width\" content=\"1000\" \/>\n\t<meta property=\"og:image:height\" content=\"664\" \/>\n\t<meta property=\"og:image:type\" content=\"image\/jpeg\" \/>\n<meta name=\"twitter:card\" content=\"summary_large_image\" \/>\n<meta name=\"twitter:site\" content=\"@ingenieriaUC\" \/>\n<meta name=\"twitter:label1\" content=\"Est. reading time\" \/>\n\t<meta name=\"twitter:data1\" content=\"2 minutes\" \/>\n<script type=\"application\/ld+json\" class=\"yoast-schema-graph\">{\"@context\":\"https:\\\/\\\/schema.org\",\"@graph\":[{\"@type\":\"WebPage\",\"@id\":\"https:\\\/\\\/www.ing.uc.cl\\\/en\\\/programas-de-estudio\\\/admision\\\/admision-pregrado\\\/plan-de-nivelacion\\\/\",\"url\":\"https:\\\/\\\/www.ing.uc.cl\\\/en\\\/programas-de-estudio\\\/admision\\\/admision-pregrado\\\/plan-de-nivelacion\\\/\",\"name\":\"Leveling Plan - Ingenier\u00eda UC\",\"isPartOf\":{\"@id\":\"https:\\\/\\\/www.ing.uc.cl\\\/#website\"},\"primaryImageOfPage\":{\"@id\":\"https:\\\/\\\/www.ing.uc.cl\\\/en\\\/programas-de-estudio\\\/admision\\\/admision-pregrado\\\/plan-de-nivelacion\\\/#primaryimage\"},\"image\":{\"@id\":\"https:\\\/\\\/www.ing.uc.cl\\\/en\\\/programas-de-estudio\\\/admision\\\/admision-pregrado\\\/plan-de-nivelacion\\\/#primaryimage\"},\"thumbnailUrl\":\"https:\\\/\\\/www.ing.uc.cl\\\/wp-content\\\/uploads\\\/2017\\\/07\\\/Plan-de-Nivelaci\u00f3n.jpg\",\"datePublished\":\"2017-07-14T14:19:59+00:00\",\"dateModified\":\"2026-03-30T14:34:00+00:00\",\"breadcrumb\":{\"@id\":\"https:\\\/\\\/www.ing.uc.cl\\\/en\\\/programas-de-estudio\\\/admision\\\/admision-pregrado\\\/plan-de-nivelacion\\\/#breadcrumb\"},\"inLanguage\":\"en-US\",\"potentialAction\":[{\"@type\":\"ReadAction\",\"target\":[\"https:\\\/\\\/www.ing.uc.cl\\\/en\\\/programas-de-estudio\\\/admision\\\/admision-pregrado\\\/plan-de-nivelacion\\\/\"]}]},{\"@type\":\"ImageObject\",\"inLanguage\":\"en-US\",\"@id\":\"https:\\\/\\\/www.ing.uc.cl\\\/en\\\/programas-de-estudio\\\/admision\\\/admision-pregrado\\\/plan-de-nivelacion\\\/#primaryimage\",\"url\":\"https:\\\/\\\/www.ing.uc.cl\\\/wp-content\\\/uploads\\\/2017\\\/07\\\/Plan-de-Nivelaci\u00f3n.jpg\",\"contentUrl\":\"https:\\\/\\\/www.ing.uc.cl\\\/wp-content\\\/uploads\\\/2017\\\/07\\\/Plan-de-Nivelaci\u00f3n.jpg\",\"width\":1000,\"height\":664,\"caption\":\"Clase de Propiedades, profesor Claudio Fernandez, Sala CS302. Facultad de Ingenieria de la Pontificia Universidad Catolica. Campus San Joaquin. Santiago de Chile. 19-08-2013 (\u00a9Alvaro de la Fuente\\\/Triple.cl)\"},{\"@type\":\"BreadcrumbList\",\"@id\":\"https:\\\/\\\/www.ing.uc.cl\\\/en\\\/programas-de-estudio\\\/admision\\\/admision-pregrado\\\/plan-de-nivelacion\\\/#breadcrumb\",\"itemListElement\":[{\"@type\":\"ListItem\",\"position\":1,\"name\":\"Home\",\"item\":\"https:\\\/\\\/www.ing.uc.cl\\\/en\\\/\"},{\"@type\":\"ListItem\",\"position\":2,\"name\":\"Degrees and Programs\",\"item\":\"https:\\\/\\\/www.ing.uc.cl\\\/en\\\/programas-de-estudio\\\/\"},{\"@type\":\"ListItem\",\"position\":3,\"name\":\"Admissions\",\"item\":\"https:\\\/\\\/www.ing.uc.cl\\\/en\\\/programas-de-estudio\\\/admision\\\/\"},{\"@type\":\"ListItem\",\"position\":4,\"name\":\"Undergraduate Admissions\",\"item\":\"https:\\\/\\\/www.ing.uc.cl\\\/en\\\/programas-de-estudio\\\/admision\\\/admision-pregrado\\\/\"},{\"@type\":\"ListItem\",\"position\":5,\"name\":\"Leveling Plan\"}]},{\"@type\":\"WebSite\",\"@id\":\"https:\\\/\\\/www.ing.uc.cl\\\/#website\",\"url\":\"https:\\\/\\\/www.ing.uc.cl\\\/\",\"name\":\"Ingenier\u00eda UC\",\"description\":\"Ingenier\u00eda UC\",\"potentialAction\":[{\"@type\":\"SearchAction\",\"target\":{\"@type\":\"EntryPoint\",\"urlTemplate\":\"https:\\\/\\\/www.ing.uc.cl\\\/?s={search_term_string}\"},\"query-input\":{\"@type\":\"PropertyValueSpecification\",\"valueRequired\":true,\"valueName\":\"search_term_string\"}}],\"inLanguage\":\"en-US\"}]}<\/script>\n<!-- \/ Yoast SEO plugin. -->","yoast_head_json":{"title":"Leveling Plan - Ingenier\u00eda UC","robots":{"index":"index","follow":"follow","max-snippet":"max-snippet:-1","max-image-preview":"max-image-preview:large","max-video-preview":"max-video-preview:-1"},"canonical":"https:\/\/www.ing.uc.cl\/en\/programas-de-estudio\/admision\/admision-pregrado\/plan-de-nivelacion\/","og_locale":"en_US","og_type":"article","og_title":"Leveling Plan - Ingenier\u00eda UC","og_description":"All new students must pass the leveling plan and take proficiency tests in Calculus, Physics, and Chemistry.","og_url":"https:\/\/www.ing.uc.cl\/en\/programas-de-estudio\/admision\/admision-pregrado\/plan-de-nivelacion\/","og_site_name":"Ingenier\u00eda UC","article_publisher":"https:\/\/www.facebook.com\/EscueladeIngenieriaUniversidadCatolica\/","article_modified_time":"2026-03-30T14:34:00+00:00","og_image":[{"width":1000,"height":664,"url":"https:\/\/www.ing.uc.cl\/wp-content\/uploads\/2017\/07\/Plan-de-Nivelaci\u00f3n.jpg","type":"image\/jpeg"}],"twitter_card":"summary_large_image","twitter_site":"@ingenieriaUC","twitter_misc":{"Est. reading time":"2 minutes"},"schema":{"@context":"https:\/\/schema.org","@graph":[{"@type":"WebPage","@id":"https:\/\/www.ing.uc.cl\/en\/programas-de-estudio\/admision\/admision-pregrado\/plan-de-nivelacion\/","url":"https:\/\/www.ing.uc.cl\/en\/programas-de-estudio\/admision\/admision-pregrado\/plan-de-nivelacion\/","name":"Leveling Plan - Ingenier\u00eda UC","isPartOf":{"@id":"https:\/\/www.ing.uc.cl\/#website"},"primaryImageOfPage":{"@id":"https:\/\/www.ing.uc.cl\/en\/programas-de-estudio\/admision\/admision-pregrado\/plan-de-nivelacion\/#primaryimage"},"image":{"@id":"https:\/\/www.ing.uc.cl\/en\/programas-de-estudio\/admision\/admision-pregrado\/plan-de-nivelacion\/#primaryimage"},"thumbnailUrl":"https:\/\/www.ing.uc.cl\/wp-content\/uploads\/2017\/07\/Plan-de-Nivelaci\u00f3n.jpg","datePublished":"2017-07-14T14:19:59+00:00","dateModified":"2026-03-30T14:34:00+00:00","breadcrumb":{"@id":"https:\/\/www.ing.uc.cl\/en\/programas-de-estudio\/admision\/admision-pregrado\/plan-de-nivelacion\/#breadcrumb"},"inLanguage":"en-US","potentialAction":[{"@type":"ReadAction","target":["https:\/\/www.ing.uc.cl\/en\/programas-de-estudio\/admision\/admision-pregrado\/plan-de-nivelacion\/"]}]},{"@type":"ImageObject","inLanguage":"en-US","@id":"https:\/\/www.ing.uc.cl\/en\/programas-de-estudio\/admision\/admision-pregrado\/plan-de-nivelacion\/#primaryimage","url":"https:\/\/www.ing.uc.cl\/wp-content\/uploads\/2017\/07\/Plan-de-Nivelaci\u00f3n.jpg","contentUrl":"https:\/\/www.ing.uc.cl\/wp-content\/uploads\/2017\/07\/Plan-de-Nivelaci\u00f3n.jpg","width":1000,"height":664,"caption":"Clase de Propiedades, profesor Claudio Fernandez, Sala CS302. Facultad de Ingenieria de la Pontificia Universidad Catolica. Campus San Joaquin. Santiago de Chile. 19-08-2013 (\u00a9Alvaro de la Fuente\/Triple.cl)"},{"@type":"BreadcrumbList","@id":"https:\/\/www.ing.uc.cl\/en\/programas-de-estudio\/admision\/admision-pregrado\/plan-de-nivelacion\/#breadcrumb","itemListElement":[{"@type":"ListItem","position":1,"name":"Home","item":"https:\/\/www.ing.uc.cl\/en\/"},{"@type":"ListItem","position":2,"name":"Degrees and Programs","item":"https:\/\/www.ing.uc.cl\/en\/programas-de-estudio\/"},{"@type":"ListItem","position":3,"name":"Admissions","item":"https:\/\/www.ing.uc.cl\/en\/programas-de-estudio\/admision\/"},{"@type":"ListItem","position":4,"name":"Undergraduate Admissions","item":"https:\/\/www.ing.uc.cl\/en\/programas-de-estudio\/admision\/admision-pregrado\/"},{"@type":"ListItem","position":5,"name":"Leveling Plan"}]},{"@type":"WebSite","@id":"https:\/\/www.ing.uc.cl\/#website","url":"https:\/\/www.ing.uc.cl\/","name":"Ingenier\u00eda UC","description":"Ingenier\u00eda UC","potentialAction":[{"@type":"SearchAction","target":{"@type":"EntryPoint","urlTemplate":"https:\/\/www.ing.uc.cl\/?s={search_term_string}"},"query-input":{"@type":"PropertyValueSpecification","valueRequired":true,"valueName":"search_term_string"}}],"inLanguage":"en-US"}]}},"_links":{"self":[{"href":"https:\/\/www.ing.uc.cl\/en\/wp-json\/wp\/v2\/pages\/60351","targetHints":{"allow":["GET"]}}],"collection":[{"href":"https:\/\/www.ing.uc.cl\/en\/wp-json\/wp\/v2\/pages"}],"about":[{"href":"https:\/\/www.ing.uc.cl\/en\/wp-json\/wp\/v2\/types\/page"}],"author":[{"embeddable":true,"href":"https:\/\/www.ing.uc.cl\/en\/wp-json\/wp\/v2\/users\/33"}],"replies":[{"embeddable":true,"href":"https:\/\/www.ing.uc.cl\/en\/wp-json\/wp\/v2\/comments?post=60351"}],"version-history":[{"count":2,"href":"https:\/\/www.ing.uc.cl\/en\/wp-json\/wp\/v2\/pages\/60351\/revisions"}],"predecessor-version":[{"id":353142,"href":"https:\/\/www.ing.uc.cl\/en\/wp-json\/wp\/v2\/pages\/60351\/revisions\/353142"}],"up":[{"embeddable":true,"href":"https:\/\/www.ing.uc.cl\/en\/wp-json\/wp\/v2\/pages\/60349"}],"wp:featuredmedia":[{"embeddable":true,"href":"https:\/\/www.ing.uc.cl\/en\/wp-json\/wp\/v2\/media\/57253"}],"wp:attachment":[{"href":"https:\/\/www.ing.uc.cl\/en\/wp-json\/wp\/v2\/media?parent=60351"}],"curies":[{"name":"wp","href":"https:\/\/api.w.org\/{rel}","templated":true}]}}