
{"id":60353,"date":"2017-12-13T13:40:23","date_gmt":"2017-12-13T16:40:23","guid":{"rendered":"https:\/\/www.ing.uc.cl\/programas-de-estudio\/admision\/admision-pregrado\/tipos-admision-pregrado\/nace-nueva-admision-para-cientificos-emprendedores\/"},"modified":"2026-01-07T12:34:02","modified_gmt":"2026-01-07T15:34:02","slug":"nace-nueva-admision-para-cientificos-emprendedores","status":"publish","type":"page","link":"https:\/\/www.ing.uc.cl\/en\/programas-de-estudio\/admision\/admision-pregrado\/tipos-admision-pregrado\/nace-nueva-admision-para-cientificos-emprendedores\/","title":{"rendered":"V\u00eda de Admisi\u00f3n NACE"},"content":{"rendered":"<p>NACE es una v\u00eda de admisi\u00f3n que reconoce la <strong>trayectoria<\/strong> destacada de escolares que adquirieron aprendizajes <strong>dentro o fuera <\/strong>de su establecimiento educacional y que se vinculan principalmente con alg\u00fan \u00e1mbito STEM: ciencias, tecnolog\u00edas, ingenier\u00edas y\/o matem\u00e1ticas.<\/p>\n<p>Es una v\u00eda que implica<strong> postular evidenciando<\/strong> los logros obtenidos.<\/p>\n<p><iframe loading=\"lazy\" title=\"Admisi\u00f3n NACE 2025\" width=\"500\" height=\"281\" src=\"https:\/\/www.youtube.com\/embed\/k0p3ZhjJFMU?feature=oembed\" frameborder=\"0\" allow=\"accelerometer; autoplay; clipboard-write; encrypted-media; gyroscope; picture-in-picture; web-share\" referrerpolicy=\"strict-origin-when-cross-origin\" allowfullscreen><\/iframe><\/p>\n<p><u>Cupos<\/u><\/p>\n<p>Estos se asignan de acuerdo al ranking otorgado por el panel evaluador a cada postulante, siempre que se cumpla con el puntaje m\u00ednimo de ponderaci\u00f3n para cada carrera.<\/p>\n<p><strong>Ingenier\u00eda <\/strong>ofrece 50 cupos y exige un <strong>puntaje m\u00ednimo ponderado de 800 puntos y un puntaje m\u00ednimo en la prueba M2 de 570 puntos.<\/strong><\/p>\n<p>Asimismo, la<strong><a href=\"https:\/\/cienciadelacomputacion.uc.cl\/\" target=\"_blank\" rel=\"noopener\"> Licenciatura en Ingenier\u00eda en Ciencia de la Computaci\u00f3n<\/a>\u00a0<\/strong>ofrece 8 cupos y exige al menos<strong> 770 puntos ponderados.<\/strong><\/p>\n<p>Para ambas carreras se postula a trav\u00e9s del mismo formulario y plataforma.<\/p>\n<h3><strong>No existe un \u00fanico perfil NACE <\/strong><\/h3>\n<p>Existen \u00e1reas y caracter\u00edsticas personales sugeridas<u>,<\/u> que se pueden presentar en forma aislada o combinada.<\/p>\n<p>Considerando que las personas manifiestan sus habilidades y capacidades de diferentes maneras: creando iniciativas o emprendimientos, realizando actividades de liderazgo o de voluntariado, desarrollando proyectos f\u00edsicos o digitales, desarrollando investigaciones, por mencionar algunas. Te invitamos a poner en valor aquello que consideras te diferencia.<\/p>\n<p><u>Algunas \u00e1reas:<\/u><\/p>\n<ul>\n<li>Investigaci\u00f3n y ciencias naturales<\/li>\n<li>Programaci\u00f3n y rob\u00f3tica<\/li>\n<li>Tecnolog\u00eda, innovaci\u00f3n y emprendimiento<\/li>\n<li>M\u00fasica, artes y ciencias sociales<\/li>\n<li>Matem\u00e1tica<\/li>\n<li>Liderazgo<\/li>\n<\/ul>\n<p><em>Aun cuando te identifiques con m\u00e1s de un \u00e1rea, en el formulario de postulaci\u00f3n deber\u00e1s marcar aquella que mejor representa el \u00e1mbito de la caracter\u00edstica m\u00e1s destacada.<\/em><\/p>\n<p><u>Requisitos para postular:<\/u><\/p>\n<ul>\n<li data-olk-copy-source=\"MessageBody\">Egresar de ense\u00f1anza media el 2025.<\/li>\n<li>Si egresaste en a\u00f1os anteriores:\n<ul>\n<li>No debes tener experiencia universitaria o en alg\u00fan establecimiento de educaci\u00f3n superior. En caso de tenerla, <strong>debe ser menor a un semestre completo.<\/strong><\/li>\n<\/ul>\n<\/li>\n<li>Destacar por tus capacidades tecnol\u00f3gicas, cient\u00edficas, de innovaci\u00f3n, descubrimiento, investigaci\u00f3n, emprendimiento, dise\u00f1o, liderazgo y\/o programaci\u00f3n, entre otras.<\/li>\n<\/ul>\n<p><u>Documentos requeridos: <\/u><\/p>\n<ul>\n<li>Certificado de Estudios Mineduc. Si egresas el a\u00f1o 2025, subir hasta 3ero medio.<\/li>\n<li>Si egresaste el 2024 o antes de ense\u00f1anza media, debes adjuntar una declaraci\u00f3n jurada ante notario que indique que no te has matriculado nunca en una instituci\u00f3n de educaci\u00f3n superior.<\/li>\n<li>Evidencia de los logros presentados: Certificados, diplomas, fotos, noticias (apariciones en prensa), cartas de recomendaci\u00f3n, etc.<\/li>\n<li>Video de Presentaci\u00f3n de un minuto.<\/li>\n<li>Carta personal de motivaci\u00f3n.<\/li>\n<\/ul>\n<p><u>Plazos:<\/u><\/p>\n<ul>\n<li>Postulaci\u00f3n: desde el 2 de julio al 15 de octubre de 2025.<\/li>\n<li>Resultados de preselecci\u00f3n: 7 al 10 de noviembre de 2025.<\/li>\n<li>Entrevistas a preseleccionados: 11 al 18 de noviembre de 2025.<\/li>\n<\/ul>\n<p>&nbsp;<\/p>\n<ul>\n<li>Rendici\u00f3n PAES: 1 al 3 de diciembre 2025.<\/li>\n<li>Resultados PAES: 5 de enero (am) 2026.<\/li>\n<li><strong>Resultados NACE: 5 y 6 de enero 2026.<\/strong><\/li>\n<li>Matr\u00edcula: 7 de enero de 2026.<\/li>\n<\/ul>\n<p>Nota: quienes sean seleccionados por esta v\u00eda no requieren postular a trav\u00e9s del sistema \u00fanico de admisi\u00f3n.<\/p>\n<p><iframe loading=\"lazy\" title=\"Admisi\u00f3n NACE: Tutorial de postulaci\u00f3n 2026 a Ingenier\u00eda y\/o Lic. I. en Ciencia de la Computaci\u00f3n UC\" width=\"500\" height=\"281\" src=\"https:\/\/www.youtube.com\/embed\/Cg0mXBj8qzo?feature=oembed\" frameborder=\"0\" allow=\"accelerometer; autoplay; clipboard-write; encrypted-media; gyroscope; picture-in-picture; web-share\" referrerpolicy=\"strict-origin-when-cross-origin\" allowfullscreen><\/iframe><\/p>\n<h3 style=\"text-align: center;\"><strong><a href=\"https:\/\/www.ing.uc.cl\/wp-content\/uploads\/2024\/07\/documento-admision-NACE-de-2025.pdf\">Ingresa a este enlace para conocer con mayor detalle el formulario de postulaci\u00f3n y sus requerimientos.<\/a><\/strong><\/h3>\n<h3 style=\"text-align: center;\"><\/h3>\n<h3 style=\"text-align: center;\"><a class=\"btn-large conecta-btn black\" style=\"text-align: center;\" href=\"https:\/\/naceingenieriauc.vform.cl\/\" target=\"_blank\" rel=\"noopener noreferrer\">Postula aqu\u00ed<\/a><\/h3>\n<p>&nbsp;<\/p>\n<p><span style=\"font-size: 12px;\">*Atenci\u00f3n: Si est\u00e1s postulando a cualquier otra v\u00eda de admisi\u00f3n especial UC (Intercultural, Talento e Inclusi\u00f3n, l\u00edderes cat\u00f3licos, entre otros), aseg\u00farate de cerrar sesi\u00f3n en el formualrio de postulaci\u00f3n antes de hacer click en el siguiente bot\u00f3n:<\/span><\/p>\n<p><span style=\"font-size: 12px;\">**Tanto los estudiantes que postulan a Ingenier\u00eda Civil como los que postulan a la Licenciatura en Ingenier\u00eda en Ciencia de la Computaci\u00f3n, pueden aplicar a NACE por la misma plataforma.\u00a0<\/span><\/p>\n<h6><\/h6>\n<p><img loading=\"lazy\" decoding=\"async\" class=\"aligncenter wp-image-347183 size-full\" src=\"https:\/\/www.ing.uc.cl\/wp-content\/uploads\/2025\/06\/NACE-2025_FINAL_Mesa-de-trabajo-1-scaled.jpg\" alt=\"\" width=\"2560\" height=\"1378\" srcset=\"https:\/\/www.ing.uc.cl\/wp-content\/uploads\/2025\/06\/NACE-2025_FINAL_Mesa-de-trabajo-1-scaled.jpg 2560w, https:\/\/www.ing.uc.cl\/wp-content\/uploads\/2025\/06\/NACE-2025_FINAL_Mesa-de-trabajo-1-300x161.jpg 300w, https:\/\/www.ing.uc.cl\/wp-content\/uploads\/2025\/06\/NACE-2025_FINAL_Mesa-de-trabajo-1-1024x551.jpg 1024w, https:\/\/www.ing.uc.cl\/wp-content\/uploads\/2025\/06\/NACE-2025_FINAL_Mesa-de-trabajo-1-768x413.jpg 768w, https:\/\/www.ing.uc.cl\/wp-content\/uploads\/2025\/06\/NACE-2025_FINAL_Mesa-de-trabajo-1-1536x827.jpg 1536w, https:\/\/www.ing.uc.cl\/wp-content\/uploads\/2025\/06\/NACE-2025_FINAL_Mesa-de-trabajo-1-2048x1102.jpg 2048w, https:\/\/www.ing.uc.cl\/wp-content\/uploads\/2025\/06\/NACE-2025_FINAL_Mesa-de-trabajo-1-360x194.jpg 360w, https:\/\/www.ing.uc.cl\/wp-content\/uploads\/2025\/06\/NACE-2025_FINAL_Mesa-de-trabajo-1-1200x646.jpg 1200w, https:\/\/www.ing.uc.cl\/wp-content\/uploads\/2025\/06\/NACE-2025_FINAL_Mesa-de-trabajo-1-600x323.jpg 600w\" sizes=\"auto, (max-width: 2560px) 100vw, 2560px\" \/><\/p>\n<p>&nbsp;<\/p>\n<h3><strong>PREGUNTAS FRECUENTES<\/strong><\/h3>\n","protected":false},"excerpt":{"rendered":"<p>NACE es una v\u00eda de admisi\u00f3n que reconoce la trayectoria destacada de escolares que adquirieron aprendizajes dentro o fuera de su establecimiento educacional y que se vinculan principalmente con alg\u00fan \u00e1mbito STEM: ciencias, tecnolog\u00edas, ingenier\u00edas y\/o matem\u00e1ticas. Es una v\u00eda que implica postular evidenciando los logros obtenidos. Cupos Estos se asignan de acuerdo al ranking [&hellip;]<\/p>\n","protected":false},"author":33,"featured_media":76286,"parent":60352,"menu_order":0,"comment_status":"closed","ping_status":"closed","template":"","meta":{"_acf_changed":false,"footnotes":""},"class_list":["post-60353","page","type-page","status-publish","has-post-thumbnail","hentry"],"acf":[],"yoast_head":"<!-- This site is optimized with the Yoast SEO plugin v27.3 - https:\/\/yoast.com\/product\/yoast-seo-wordpress\/ -->\n<title>V\u00eda de Admisi\u00f3n NACE - Ingenier\u00eda UC<\/title>\n<meta name=\"robots\" content=\"index, follow, max-snippet:-1, max-image-preview:large, max-video-preview:-1\" \/>\n<link rel=\"canonical\" href=\"https:\/\/www.ing.uc.cl\/en\/programas-de-estudio\/admision\/admision-pregrado\/tipos-admision-pregrado\/nace-nueva-admision-para-cientificos-emprendedores\/\" \/>\n<meta property=\"og:locale\" content=\"en_US\" \/>\n<meta property=\"og:type\" content=\"article\" \/>\n<meta property=\"og:title\" content=\"V\u00eda de Admisi\u00f3n NACE - Ingenier\u00eda UC\" \/>\n<meta property=\"og:description\" content=\"NACE es una v\u00eda de admisi\u00f3n que reconoce la trayectoria destacada de escolares que adquirieron aprendizajes dentro o fuera de su establecimiento educacional y que se vinculan principalmente con alg\u00fan \u00e1mbito STEM: ciencias, tecnolog\u00edas, ingenier\u00edas y\/o matem\u00e1ticas. Es una v\u00eda que implica postular evidenciando los logros obtenidos. Cupos Estos se asignan de acuerdo al ranking [&hellip;]\" \/>\n<meta property=\"og:url\" content=\"https:\/\/www.ing.uc.cl\/en\/programas-de-estudio\/admision\/admision-pregrado\/tipos-admision-pregrado\/nace-nueva-admision-para-cientificos-emprendedores\/\" \/>\n<meta property=\"og:site_name\" content=\"Ingenier\u00eda UC\" \/>\n<meta property=\"article:publisher\" content=\"https:\/\/www.facebook.com\/EscueladeIngenieriaUniversidadCatolica\/\" \/>\n<meta property=\"article:modified_time\" content=\"2026-01-07T15:34:02+00:00\" \/>\n<meta property=\"og:image\" content=\"https:\/\/www.ing.uc.cl\/wp-content\/uploads\/2017\/12\/NACE-original-scaled.jpg\" \/>\n\t<meta property=\"og:image:width\" content=\"2560\" \/>\n\t<meta property=\"og:image:height\" content=\"1333\" \/>\n\t<meta property=\"og:image:type\" content=\"image\/jpeg\" \/>\n<meta name=\"twitter:card\" content=\"summary_large_image\" \/>\n<meta name=\"twitter:site\" content=\"@ingenieriaUC\" \/>\n<meta name=\"twitter:label1\" content=\"Est. reading time\" \/>\n\t<meta name=\"twitter:data1\" content=\"3 minutes\" \/>\n<script type=\"application\/ld+json\" class=\"yoast-schema-graph\">{\"@context\":\"https:\\\/\\\/schema.org\",\"@graph\":[{\"@type\":\"WebPage\",\"@id\":\"https:\\\/\\\/www.ing.uc.cl\\\/en\\\/programas-de-estudio\\\/admision\\\/admision-pregrado\\\/tipos-admision-pregrado\\\/nace-nueva-admision-para-cientificos-emprendedores\\\/\",\"url\":\"https:\\\/\\\/www.ing.uc.cl\\\/en\\\/programas-de-estudio\\\/admision\\\/admision-pregrado\\\/tipos-admision-pregrado\\\/nace-nueva-admision-para-cientificos-emprendedores\\\/\",\"name\":\"V\u00eda de Admisi\u00f3n NACE - Ingenier\u00eda UC\",\"isPartOf\":{\"@id\":\"https:\\\/\\\/www.ing.uc.cl\\\/#website\"},\"primaryImageOfPage\":{\"@id\":\"https:\\\/\\\/www.ing.uc.cl\\\/en\\\/programas-de-estudio\\\/admision\\\/admision-pregrado\\\/tipos-admision-pregrado\\\/nace-nueva-admision-para-cientificos-emprendedores\\\/#primaryimage\"},\"image\":{\"@id\":\"https:\\\/\\\/www.ing.uc.cl\\\/en\\\/programas-de-estudio\\\/admision\\\/admision-pregrado\\\/tipos-admision-pregrado\\\/nace-nueva-admision-para-cientificos-emprendedores\\\/#primaryimage\"},\"thumbnailUrl\":\"https:\\\/\\\/www.ing.uc.cl\\\/wp-content\\\/uploads\\\/2017\\\/12\\\/NACE-original-scaled.jpg\",\"datePublished\":\"2017-12-13T16:40:23+00:00\",\"dateModified\":\"2026-01-07T15:34:02+00:00\",\"breadcrumb\":{\"@id\":\"https:\\\/\\\/www.ing.uc.cl\\\/en\\\/programas-de-estudio\\\/admision\\\/admision-pregrado\\\/tipos-admision-pregrado\\\/nace-nueva-admision-para-cientificos-emprendedores\\\/#breadcrumb\"},\"inLanguage\":\"en-US\",\"potentialAction\":[{\"@type\":\"ReadAction\",\"target\":[\"https:\\\/\\\/www.ing.uc.cl\\\/en\\\/programas-de-estudio\\\/admision\\\/admision-pregrado\\\/tipos-admision-pregrado\\\/nace-nueva-admision-para-cientificos-emprendedores\\\/\"]}]},{\"@type\":\"ImageObject\",\"inLanguage\":\"en-US\",\"@id\":\"https:\\\/\\\/www.ing.uc.cl\\\/en\\\/programas-de-estudio\\\/admision\\\/admision-pregrado\\\/tipos-admision-pregrado\\\/nace-nueva-admision-para-cientificos-emprendedores\\\/#primaryimage\",\"url\":\"https:\\\/\\\/www.ing.uc.cl\\\/wp-content\\\/uploads\\\/2017\\\/12\\\/NACE-original-scaled.jpg\",\"contentUrl\":\"https:\\\/\\\/www.ing.uc.cl\\\/wp-content\\\/uploads\\\/2017\\\/12\\\/NACE-original-scaled.jpg\",\"width\":2560,\"height\":1333},{\"@type\":\"BreadcrumbList\",\"@id\":\"https:\\\/\\\/www.ing.uc.cl\\\/en\\\/programas-de-estudio\\\/admision\\\/admision-pregrado\\\/tipos-admision-pregrado\\\/nace-nueva-admision-para-cientificos-emprendedores\\\/#breadcrumb\",\"itemListElement\":[{\"@type\":\"ListItem\",\"position\":1,\"name\":\"Home\",\"item\":\"https:\\\/\\\/www.ing.uc.cl\\\/en\\\/\"},{\"@type\":\"ListItem\",\"position\":2,\"name\":\"Degrees and Programs\",\"item\":\"https:\\\/\\\/www.ing.uc.cl\\\/en\\\/programas-de-estudio\\\/\"},{\"@type\":\"ListItem\",\"position\":3,\"name\":\"Admissions\",\"item\":\"https:\\\/\\\/www.ing.uc.cl\\\/en\\\/programas-de-estudio\\\/admision\\\/\"},{\"@type\":\"ListItem\",\"position\":4,\"name\":\"Undergraduate Admissions\",\"item\":\"https:\\\/\\\/www.ing.uc.cl\\\/en\\\/programas-de-estudio\\\/admision\\\/admision-pregrado\\\/\"},{\"@type\":\"ListItem\",\"position\":5,\"name\":\"Undergraduate Admissions\",\"item\":\"https:\\\/\\\/www.ing.uc.cl\\\/en\\\/programas-de-estudio\\\/admision\\\/admision-pregrado\\\/tipos-admision-pregrado\\\/\"},{\"@type\":\"ListItem\",\"position\":6,\"name\":\"V\u00eda de Admisi\u00f3n NACE\"}]},{\"@type\":\"WebSite\",\"@id\":\"https:\\\/\\\/www.ing.uc.cl\\\/#website\",\"url\":\"https:\\\/\\\/www.ing.uc.cl\\\/\",\"name\":\"Ingenier\u00eda UC\",\"description\":\"Ingenier\u00eda UC\",\"potentialAction\":[{\"@type\":\"SearchAction\",\"target\":{\"@type\":\"EntryPoint\",\"urlTemplate\":\"https:\\\/\\\/www.ing.uc.cl\\\/?s={search_term_string}\"},\"query-input\":{\"@type\":\"PropertyValueSpecification\",\"valueRequired\":true,\"valueName\":\"search_term_string\"}}],\"inLanguage\":\"en-US\"}]}<\/script>\n<!-- \/ Yoast SEO plugin. -->","yoast_head_json":{"title":"V\u00eda de Admisi\u00f3n NACE - Ingenier\u00eda UC","robots":{"index":"index","follow":"follow","max-snippet":"max-snippet:-1","max-image-preview":"max-image-preview:large","max-video-preview":"max-video-preview:-1"},"canonical":"https:\/\/www.ing.uc.cl\/en\/programas-de-estudio\/admision\/admision-pregrado\/tipos-admision-pregrado\/nace-nueva-admision-para-cientificos-emprendedores\/","og_locale":"en_US","og_type":"article","og_title":"V\u00eda de Admisi\u00f3n NACE - Ingenier\u00eda UC","og_description":"NACE es una v\u00eda de admisi\u00f3n que reconoce la trayectoria destacada de escolares que adquirieron aprendizajes dentro o fuera de su establecimiento educacional y que se vinculan principalmente con alg\u00fan \u00e1mbito STEM: ciencias, tecnolog\u00edas, ingenier\u00edas y\/o matem\u00e1ticas. Es una v\u00eda que implica postular evidenciando los logros obtenidos. Cupos Estos se asignan de acuerdo al ranking [&hellip;]","og_url":"https:\/\/www.ing.uc.cl\/en\/programas-de-estudio\/admision\/admision-pregrado\/tipos-admision-pregrado\/nace-nueva-admision-para-cientificos-emprendedores\/","og_site_name":"Ingenier\u00eda UC","article_publisher":"https:\/\/www.facebook.com\/EscueladeIngenieriaUniversidadCatolica\/","article_modified_time":"2026-01-07T15:34:02+00:00","og_image":[{"width":2560,"height":1333,"url":"https:\/\/www.ing.uc.cl\/wp-content\/uploads\/2017\/12\/NACE-original-scaled.jpg","type":"image\/jpeg"}],"twitter_card":"summary_large_image","twitter_site":"@ingenieriaUC","twitter_misc":{"Est. reading time":"3 minutes"},"schema":{"@context":"https:\/\/schema.org","@graph":[{"@type":"WebPage","@id":"https:\/\/www.ing.uc.cl\/en\/programas-de-estudio\/admision\/admision-pregrado\/tipos-admision-pregrado\/nace-nueva-admision-para-cientificos-emprendedores\/","url":"https:\/\/www.ing.uc.cl\/en\/programas-de-estudio\/admision\/admision-pregrado\/tipos-admision-pregrado\/nace-nueva-admision-para-cientificos-emprendedores\/","name":"V\u00eda de Admisi\u00f3n NACE - Ingenier\u00eda UC","isPartOf":{"@id":"https:\/\/www.ing.uc.cl\/#website"},"primaryImageOfPage":{"@id":"https:\/\/www.ing.uc.cl\/en\/programas-de-estudio\/admision\/admision-pregrado\/tipos-admision-pregrado\/nace-nueva-admision-para-cientificos-emprendedores\/#primaryimage"},"image":{"@id":"https:\/\/www.ing.uc.cl\/en\/programas-de-estudio\/admision\/admision-pregrado\/tipos-admision-pregrado\/nace-nueva-admision-para-cientificos-emprendedores\/#primaryimage"},"thumbnailUrl":"https:\/\/www.ing.uc.cl\/wp-content\/uploads\/2017\/12\/NACE-original-scaled.jpg","datePublished":"2017-12-13T16:40:23+00:00","dateModified":"2026-01-07T15:34:02+00:00","breadcrumb":{"@id":"https:\/\/www.ing.uc.cl\/en\/programas-de-estudio\/admision\/admision-pregrado\/tipos-admision-pregrado\/nace-nueva-admision-para-cientificos-emprendedores\/#breadcrumb"},"inLanguage":"en-US","potentialAction":[{"@type":"ReadAction","target":["https:\/\/www.ing.uc.cl\/en\/programas-de-estudio\/admision\/admision-pregrado\/tipos-admision-pregrado\/nace-nueva-admision-para-cientificos-emprendedores\/"]}]},{"@type":"ImageObject","inLanguage":"en-US","@id":"https:\/\/www.ing.uc.cl\/en\/programas-de-estudio\/admision\/admision-pregrado\/tipos-admision-pregrado\/nace-nueva-admision-para-cientificos-emprendedores\/#primaryimage","url":"https:\/\/www.ing.uc.cl\/wp-content\/uploads\/2017\/12\/NACE-original-scaled.jpg","contentUrl":"https:\/\/www.ing.uc.cl\/wp-content\/uploads\/2017\/12\/NACE-original-scaled.jpg","width":2560,"height":1333},{"@type":"BreadcrumbList","@id":"https:\/\/www.ing.uc.cl\/en\/programas-de-estudio\/admision\/admision-pregrado\/tipos-admision-pregrado\/nace-nueva-admision-para-cientificos-emprendedores\/#breadcrumb","itemListElement":[{"@type":"ListItem","position":1,"name":"Home","item":"https:\/\/www.ing.uc.cl\/en\/"},{"@type":"ListItem","position":2,"name":"Degrees and Programs","item":"https:\/\/www.ing.uc.cl\/en\/programas-de-estudio\/"},{"@type":"ListItem","position":3,"name":"Admissions","item":"https:\/\/www.ing.uc.cl\/en\/programas-de-estudio\/admision\/"},{"@type":"ListItem","position":4,"name":"Undergraduate Admissions","item":"https:\/\/www.ing.uc.cl\/en\/programas-de-estudio\/admision\/admision-pregrado\/"},{"@type":"ListItem","position":5,"name":"Undergraduate Admissions","item":"https:\/\/www.ing.uc.cl\/en\/programas-de-estudio\/admision\/admision-pregrado\/tipos-admision-pregrado\/"},{"@type":"ListItem","position":6,"name":"V\u00eda de Admisi\u00f3n NACE"}]},{"@type":"WebSite","@id":"https:\/\/www.ing.uc.cl\/#website","url":"https:\/\/www.ing.uc.cl\/","name":"Ingenier\u00eda UC","description":"Ingenier\u00eda UC","potentialAction":[{"@type":"SearchAction","target":{"@type":"EntryPoint","urlTemplate":"https:\/\/www.ing.uc.cl\/?s={search_term_string}"},"query-input":{"@type":"PropertyValueSpecification","valueRequired":true,"valueName":"search_term_string"}}],"inLanguage":"en-US"}]}},"_links":{"self":[{"href":"https:\/\/www.ing.uc.cl\/en\/wp-json\/wp\/v2\/pages\/60353","targetHints":{"allow":["GET"]}}],"collection":[{"href":"https:\/\/www.ing.uc.cl\/en\/wp-json\/wp\/v2\/pages"}],"about":[{"href":"https:\/\/www.ing.uc.cl\/en\/wp-json\/wp\/v2\/types\/page"}],"author":[{"embeddable":true,"href":"https:\/\/www.ing.uc.cl\/en\/wp-json\/wp\/v2\/users\/33"}],"replies":[{"embeddable":true,"href":"https:\/\/www.ing.uc.cl\/en\/wp-json\/wp\/v2\/comments?post=60353"}],"version-history":[{"count":2,"href":"https:\/\/www.ing.uc.cl\/en\/wp-json\/wp\/v2\/pages\/60353\/revisions"}],"predecessor-version":[{"id":351614,"href":"https:\/\/www.ing.uc.cl\/en\/wp-json\/wp\/v2\/pages\/60353\/revisions\/351614"}],"up":[{"embeddable":true,"href":"https:\/\/www.ing.uc.cl\/en\/wp-json\/wp\/v2\/pages\/60352"}],"wp:featuredmedia":[{"embeddable":true,"href":"https:\/\/www.ing.uc.cl\/en\/wp-json\/wp\/v2\/media\/76286"}],"wp:attachment":[{"href":"https:\/\/www.ing.uc.cl\/en\/wp-json\/wp\/v2\/media?parent=60353"}],"curies":[{"name":"wp","href":"https:\/\/api.w.org\/{rel}","templated":true}]}}