
{"id":60382,"date":"2017-07-14T16:47:36","date_gmt":"2017-07-14T20:47:36","guid":{"rendered":"https:\/\/www.ing.uc.cl\/programas-de-estudio\/plan-estudios\/cuales-los-majors-los-minors-ingenieria-uc\/articulacion-ingenieria-transporte\/"},"modified":"2025-01-03T14:13:06","modified_gmt":"2025-01-03T17:13:06","slug":"articulacion-ingenieria-transporte","status":"publish","type":"page","link":"https:\/\/www.ing.uc.cl\/en\/programas-de-estudio\/pregrado\/plan-estudios\/cuales-los-majors-los-minors-ingenieria-uc\/articulacion-ingenieria-transporte\/","title":{"rendered":"Articulaci\u00f3n con Ingenier\u00eda de Transporte"},"content":{"rendered":"<p>Los estudiantes interesados en articular con el t\u00edtulo de Ingenier\u00eda Civil de Industrias con Diploma en Ingenier\u00eda de Transporte, o con el t\u00edtulo de Ingeniero Civil con Diploma en Ingenier\u00eda de Transporte, podr\u00e1n optar a este programa<\/p>\n<h3><strong>M\u00ednimos<\/strong><\/h3>\n<ul>\n<li>ICS2123 Modelos Estoc\u00e1sticos<\/li>\n<li>ICS2613 Contabilidad y Control de Gesti\u00f3n<\/li>\n<li>ICS2813 Organizaci\u00f3n y Comportamiento en la Empresa<\/li>\n<\/ul>\n<h3><strong>Optativos (*)<\/strong><\/h3>\n<p>Elegir 20 cr\u00e9ditos de un \u00e1rea diferente a la cursada en el major.<\/p>\n<p><strong>\u00c1rea 2: Herramientas de An\u00e1lisis y Modelaci\u00f3n<\/strong><\/p>\n<ul>\n<li>EYP2114 Inferencia Estad\u00edstica<\/li>\n<li>ELM230I o EYP230I An\u00e1lisis de Regresi\u00f3n<\/li>\n<li>ICT2953 T\u00f3picos de Econometr\u00eda<\/li>\n<li>ICT3244 Modelos Econom\u00e9tricos en Ingenier\u00eda<\/li>\n<li>ICT3463 M\u00e9todos Avanzados para Sistemas de Transporte y Log\u00edstica<\/li>\n<li>ICS2562 o ICS2563 Econometr\u00eda Aplicada<\/li>\n<li>ICS2133 Fundamentos de Simulaci\u00f3n de Sistemas Estoc\u00e1sticos o ICS3723 Simulaci\u00f3n<\/li>\n<li>ICS3143 Programaci\u00f3n Entera<\/li>\n<\/ul>\n<p><strong>\u00c1rea 3: Manejo de Bases de Datos<\/strong><\/p>\n<ul>\n<li>IIC1253 Matem\u00e1ticas Discretas<\/li>\n<li>IIC2115 Programaci\u00f3n como Herramienta para la Ingenier\u00eda<\/li>\n<li>IIC2133 Estructuras de Datos y Algoritmos<\/li>\n<li>IIC2433 Miner\u00eda de Datos<\/li>\n<li>IIC2413 Bases de Datos<\/li>\n<li>IIC2613 Inteligencia Artificial<\/li>\n<\/ul>\n<p><strong>\u00c1rea 4: Profundizaci\u00f3n en Ingenier\u00eda de Transporte<\/strong><\/p>\n<ul>\n<li>ICT2443 o ICT3443 Ingenier\u00eda Log\u00edstica<\/li>\n<li>ICT3103 Econom\u00eda de Transporte<\/li>\n<li>ICT3283 Equilibrio en Redes de Transporte<\/li>\n<li>ICT2253 Externalidades de Transporte<\/li>\n<li>ICT2303 Tecnolog\u00eda de Medios de Transporte<\/li>\n<li>Cualquier optativo ICT nivel 3000<\/li>\n<\/ul>\n<p>(*) En caso de haber cursado previamente alguno de los cursos m\u00ednimos, se deber\u00e1n aprobar 30 cr\u00e9ditos de optativos de alguna de las \u00e1reas.<\/p>\n<p><em>El listado de cursos est\u00e1 sujeto a modificaciones conforme a la planificaci\u00f3n acad\u00e9mica vigente al momento de inscribir cursos. Recuerda estar siempre informado de la \u00faltima actualizaci\u00f3n del Plan de Estudio<\/em>.<\/p>\n","protected":false},"excerpt":{"rendered":"<p>Este minor est\u00e1 orientado a estudiantes del Major en Sistemas de Transporte.<\/p>\n","protected":false},"author":22,"featured_media":0,"parent":60380,"menu_order":999,"comment_status":"closed","ping_status":"closed","template":"template-plan-de-estudios.php","meta":{"_acf_changed":false,"footnotes":""},"class_list":["post-60382","page","type-page","status-publish","hentry"],"acf":[],"yoast_head":"<!-- This site is optimized with the Yoast SEO plugin v27.3 - https:\/\/yoast.com\/product\/yoast-seo-wordpress\/ -->\n<title>Articulaci\u00f3n con Ingenier\u00eda de Transporte - Ingenier\u00eda UC<\/title>\n<meta name=\"robots\" content=\"index, follow, max-snippet:-1, max-image-preview:large, max-video-preview:-1\" \/>\n<link rel=\"canonical\" href=\"https:\/\/www.ing.uc.cl\/en\/programas-de-estudio\/pregrado\/plan-estudios\/cuales-los-majors-los-minors-ingenieria-uc\/articulacion-ingenieria-transporte\/\" \/>\n<meta property=\"og:locale\" content=\"en_US\" \/>\n<meta property=\"og:type\" content=\"article\" \/>\n<meta property=\"og:title\" content=\"Articulaci\u00f3n con Ingenier\u00eda de Transporte - Ingenier\u00eda UC\" \/>\n<meta property=\"og:description\" content=\"Este minor est\u00e1 orientado a estudiantes del Major en Sistemas de Transporte.\" \/>\n<meta property=\"og:url\" content=\"https:\/\/www.ing.uc.cl\/en\/programas-de-estudio\/pregrado\/plan-estudios\/cuales-los-majors-los-minors-ingenieria-uc\/articulacion-ingenieria-transporte\/\" \/>\n<meta property=\"og:site_name\" content=\"Ingenier\u00eda UC\" \/>\n<meta property=\"article:publisher\" content=\"https:\/\/www.facebook.com\/EscueladeIngenieriaUniversidadCatolica\/\" \/>\n<meta property=\"article:modified_time\" content=\"2025-01-03T17:13:06+00:00\" \/>\n<meta name=\"twitter:card\" content=\"summary_large_image\" \/>\n<meta name=\"twitter:site\" content=\"@ingenieriaUC\" \/>\n<meta name=\"twitter:label1\" content=\"Est. reading time\" \/>\n\t<meta name=\"twitter:data1\" content=\"1 minute\" \/>\n<script type=\"application\/ld+json\" class=\"yoast-schema-graph\">{\"@context\":\"https:\\\/\\\/schema.org\",\"@graph\":[{\"@type\":\"WebPage\",\"@id\":\"https:\\\/\\\/www.ing.uc.cl\\\/en\\\/programas-de-estudio\\\/pregrado\\\/plan-estudios\\\/cuales-los-majors-los-minors-ingenieria-uc\\\/articulacion-ingenieria-transporte\\\/\",\"url\":\"https:\\\/\\\/www.ing.uc.cl\\\/en\\\/programas-de-estudio\\\/pregrado\\\/plan-estudios\\\/cuales-los-majors-los-minors-ingenieria-uc\\\/articulacion-ingenieria-transporte\\\/\",\"name\":\"Articulaci\u00f3n con Ingenier\u00eda de Transporte - Ingenier\u00eda UC\",\"isPartOf\":{\"@id\":\"https:\\\/\\\/www.ing.uc.cl\\\/#website\"},\"datePublished\":\"2017-07-14T20:47:36+00:00\",\"dateModified\":\"2025-01-03T17:13:06+00:00\",\"breadcrumb\":{\"@id\":\"https:\\\/\\\/www.ing.uc.cl\\\/en\\\/programas-de-estudio\\\/pregrado\\\/plan-estudios\\\/cuales-los-majors-los-minors-ingenieria-uc\\\/articulacion-ingenieria-transporte\\\/#breadcrumb\"},\"inLanguage\":\"en-US\",\"potentialAction\":[{\"@type\":\"ReadAction\",\"target\":[\"https:\\\/\\\/www.ing.uc.cl\\\/en\\\/programas-de-estudio\\\/pregrado\\\/plan-estudios\\\/cuales-los-majors-los-minors-ingenieria-uc\\\/articulacion-ingenieria-transporte\\\/\"]}]},{\"@type\":\"BreadcrumbList\",\"@id\":\"https:\\\/\\\/www.ing.uc.cl\\\/en\\\/programas-de-estudio\\\/pregrado\\\/plan-estudios\\\/cuales-los-majors-los-minors-ingenieria-uc\\\/articulacion-ingenieria-transporte\\\/#breadcrumb\",\"itemListElement\":[{\"@type\":\"ListItem\",\"position\":1,\"name\":\"Home\",\"item\":\"https:\\\/\\\/www.ing.uc.cl\\\/en\\\/\"},{\"@type\":\"ListItem\",\"position\":2,\"name\":\"Degrees and Programs\",\"item\":\"https:\\\/\\\/www.ing.uc.cl\\\/en\\\/programas-de-estudio\\\/\"},{\"@type\":\"ListItem\",\"position\":3,\"name\":\"Undergraduates\",\"item\":\"https:\\\/\\\/www.ing.uc.cl\\\/en\\\/programas-de-estudio\\\/pregrado\\\/\"},{\"@type\":\"ListItem\",\"position\":4,\"name\":\"Study Programs\",\"item\":\"https:\\\/\\\/www.ing.uc.cl\\\/en\\\/programas-de-estudio\\\/plan-estudios\\\/\"},{\"@type\":\"ListItem\",\"position\":5,\"name\":\"Majors and minors\",\"item\":\"https:\\\/\\\/www.ing.uc.cl\\\/en\\\/programas-de-estudio\\\/plan-estudios\\\/cuales-los-majors-los-minors-ingenieria-uc\\\/\"},{\"@type\":\"ListItem\",\"position\":6,\"name\":\"Articulaci\u00f3n con Ingenier\u00eda de Transporte\"}]},{\"@type\":\"WebSite\",\"@id\":\"https:\\\/\\\/www.ing.uc.cl\\\/#website\",\"url\":\"https:\\\/\\\/www.ing.uc.cl\\\/\",\"name\":\"Ingenier\u00eda UC\",\"description\":\"Ingenier\u00eda UC\",\"potentialAction\":[{\"@type\":\"SearchAction\",\"target\":{\"@type\":\"EntryPoint\",\"urlTemplate\":\"https:\\\/\\\/www.ing.uc.cl\\\/?s={search_term_string}\"},\"query-input\":{\"@type\":\"PropertyValueSpecification\",\"valueRequired\":true,\"valueName\":\"search_term_string\"}}],\"inLanguage\":\"en-US\"}]}<\/script>\n<!-- \/ Yoast SEO plugin. -->","yoast_head_json":{"title":"Articulaci\u00f3n con Ingenier\u00eda de Transporte - Ingenier\u00eda UC","robots":{"index":"index","follow":"follow","max-snippet":"max-snippet:-1","max-image-preview":"max-image-preview:large","max-video-preview":"max-video-preview:-1"},"canonical":"https:\/\/www.ing.uc.cl\/en\/programas-de-estudio\/pregrado\/plan-estudios\/cuales-los-majors-los-minors-ingenieria-uc\/articulacion-ingenieria-transporte\/","og_locale":"en_US","og_type":"article","og_title":"Articulaci\u00f3n con Ingenier\u00eda de Transporte - Ingenier\u00eda UC","og_description":"Este minor est\u00e1 orientado a estudiantes del Major en Sistemas de Transporte.","og_url":"https:\/\/www.ing.uc.cl\/en\/programas-de-estudio\/pregrado\/plan-estudios\/cuales-los-majors-los-minors-ingenieria-uc\/articulacion-ingenieria-transporte\/","og_site_name":"Ingenier\u00eda UC","article_publisher":"https:\/\/www.facebook.com\/EscueladeIngenieriaUniversidadCatolica\/","article_modified_time":"2025-01-03T17:13:06+00:00","twitter_card":"summary_large_image","twitter_site":"@ingenieriaUC","twitter_misc":{"Est. reading time":"1 minute"},"schema":{"@context":"https:\/\/schema.org","@graph":[{"@type":"WebPage","@id":"https:\/\/www.ing.uc.cl\/en\/programas-de-estudio\/pregrado\/plan-estudios\/cuales-los-majors-los-minors-ingenieria-uc\/articulacion-ingenieria-transporte\/","url":"https:\/\/www.ing.uc.cl\/en\/programas-de-estudio\/pregrado\/plan-estudios\/cuales-los-majors-los-minors-ingenieria-uc\/articulacion-ingenieria-transporte\/","name":"Articulaci\u00f3n con Ingenier\u00eda de Transporte - Ingenier\u00eda UC","isPartOf":{"@id":"https:\/\/www.ing.uc.cl\/#website"},"datePublished":"2017-07-14T20:47:36+00:00","dateModified":"2025-01-03T17:13:06+00:00","breadcrumb":{"@id":"https:\/\/www.ing.uc.cl\/en\/programas-de-estudio\/pregrado\/plan-estudios\/cuales-los-majors-los-minors-ingenieria-uc\/articulacion-ingenieria-transporte\/#breadcrumb"},"inLanguage":"en-US","potentialAction":[{"@type":"ReadAction","target":["https:\/\/www.ing.uc.cl\/en\/programas-de-estudio\/pregrado\/plan-estudios\/cuales-los-majors-los-minors-ingenieria-uc\/articulacion-ingenieria-transporte\/"]}]},{"@type":"BreadcrumbList","@id":"https:\/\/www.ing.uc.cl\/en\/programas-de-estudio\/pregrado\/plan-estudios\/cuales-los-majors-los-minors-ingenieria-uc\/articulacion-ingenieria-transporte\/#breadcrumb","itemListElement":[{"@type":"ListItem","position":1,"name":"Home","item":"https:\/\/www.ing.uc.cl\/en\/"},{"@type":"ListItem","position":2,"name":"Degrees and Programs","item":"https:\/\/www.ing.uc.cl\/en\/programas-de-estudio\/"},{"@type":"ListItem","position":3,"name":"Undergraduates","item":"https:\/\/www.ing.uc.cl\/en\/programas-de-estudio\/pregrado\/"},{"@type":"ListItem","position":4,"name":"Study Programs","item":"https:\/\/www.ing.uc.cl\/en\/programas-de-estudio\/plan-estudios\/"},{"@type":"ListItem","position":5,"name":"Majors and minors","item":"https:\/\/www.ing.uc.cl\/en\/programas-de-estudio\/plan-estudios\/cuales-los-majors-los-minors-ingenieria-uc\/"},{"@type":"ListItem","position":6,"name":"Articulaci\u00f3n con Ingenier\u00eda de Transporte"}]},{"@type":"WebSite","@id":"https:\/\/www.ing.uc.cl\/#website","url":"https:\/\/www.ing.uc.cl\/","name":"Ingenier\u00eda UC","description":"Ingenier\u00eda UC","potentialAction":[{"@type":"SearchAction","target":{"@type":"EntryPoint","urlTemplate":"https:\/\/www.ing.uc.cl\/?s={search_term_string}"},"query-input":{"@type":"PropertyValueSpecification","valueRequired":true,"valueName":"search_term_string"}}],"inLanguage":"en-US"}]}},"_links":{"self":[{"href":"https:\/\/www.ing.uc.cl\/en\/wp-json\/wp\/v2\/pages\/60382","targetHints":{"allow":["GET"]}}],"collection":[{"href":"https:\/\/www.ing.uc.cl\/en\/wp-json\/wp\/v2\/pages"}],"about":[{"href":"https:\/\/www.ing.uc.cl\/en\/wp-json\/wp\/v2\/types\/page"}],"author":[{"embeddable":true,"href":"https:\/\/www.ing.uc.cl\/en\/wp-json\/wp\/v2\/users\/22"}],"replies":[{"embeddable":true,"href":"https:\/\/www.ing.uc.cl\/en\/wp-json\/wp\/v2\/comments?post=60382"}],"version-history":[{"count":0,"href":"https:\/\/www.ing.uc.cl\/en\/wp-json\/wp\/v2\/pages\/60382\/revisions"}],"up":[{"embeddable":true,"href":"https:\/\/www.ing.uc.cl\/en\/wp-json\/wp\/v2\/pages\/60380"}],"wp:attachment":[{"href":"https:\/\/www.ing.uc.cl\/en\/wp-json\/wp\/v2\/media?parent=60382"}],"curies":[{"name":"wp","href":"https:\/\/api.w.org\/{rel}","templated":true}]}}