
{"id":60387,"date":"2018-01-05T17:10:43","date_gmt":"2018-01-05T20:10:43","guid":{"rendered":"https:\/\/www.ing.uc.cl\/programas-de-estudio\/plan-estudios\/cuales-los-majors-los-minors-ingenieria-uc\/articulacion-ingenieria-la-construccion\/"},"modified":"2018-01-05T17:10:43","modified_gmt":"2018-01-05T20:10:43","slug":"articulacion-ingenieria-la-construccion","status":"publish","type":"page","link":"https:\/\/www.ing.uc.cl\/en\/programas-de-estudio\/pregrado\/plan-estudios\/cuales-los-majors-los-minors-ingenieria-uc\/articulacion-ingenieria-la-construccion\/","title":{"rendered":"Articulaci\u00f3n Ingenier\u00eda de la Construcci\u00f3n"},"content":{"rendered":"<h3>M\u00ednimos<\/h3>\n<ul>\n<li>ICE2313 Mec\u00e1nica de S\u00f3lidos<\/li>\n<li>ICE2604 Fundamentos de Geotecnia<\/li>\n<li>ICC2514\u00a0 Ingenier\u00eda Vial<\/li>\n<li>ICH1104\u00a0 Mec\u00e1nica de Fluidos<\/li>\n<\/ul>\n<h3>Optativos<\/h3>\n<ul>\n<li>ICE2533 Estructuras de Acero<\/li>\n<li>ICE2413 Hormig\u00f3n Armado<\/li>\n<li>ICC2454 Dise\u00f1o y Construcci\u00f3n en Madera<\/li>\n<\/ul>\n<p><i>El listado de cursos est\u00e1 sujeto a modificaciones conforme a la planificaci\u00f3n acad\u00e9mica vigente al momento de inscribir cursos.\u00a0<\/i><i>Recuerda estar siempre informado de la \u00faltima actualizaci\u00f3n del Plan de Estudio.<\/i><\/p>\n<p>&nbsp;<\/p>\n","protected":false},"excerpt":{"rendered":"<p>El Minor de Profundidad Articulaci\u00f3n Ingenier\u00eda de Construcci\u00f3n est\u00e1 orientado a estudiantes del Major en Ingenier\u00eda de Construcci\u00f3n que deseen profundizar en el dise\u00f1o y materializaci\u00f3n de un proyecto de construcci\u00f3n incorporando otras \u00e1reas de ingenier\u00eda civil en la toma de decisiones.<\/p>\n","protected":false},"author":22,"featured_media":0,"parent":60380,"menu_order":999,"comment_status":"closed","ping_status":"closed","template":"template-plan-de-estudios.php","meta":{"_acf_changed":false,"footnotes":""},"class_list":["post-60387","page","type-page","status-publish","hentry"],"acf":[],"yoast_head":"<!-- This site is optimized with the Yoast SEO plugin v27.3 - https:\/\/yoast.com\/product\/yoast-seo-wordpress\/ -->\n<title>Articulaci\u00f3n Ingenier\u00eda de la Construcci\u00f3n - Ingenier\u00eda UC<\/title>\n<meta name=\"robots\" content=\"index, follow, max-snippet:-1, max-image-preview:large, max-video-preview:-1\" \/>\n<link rel=\"canonical\" href=\"https:\/\/www.ing.uc.cl\/en\/programas-de-estudio\/plan-estudios\/cuales-los-majors-los-minors-ingenieria-uc\/articulacion-ingenieria-la-construccion\/\" \/>\n<meta property=\"og:locale\" content=\"en_US\" \/>\n<meta property=\"og:type\" content=\"article\" \/>\n<meta property=\"og:title\" content=\"Articulaci\u00f3n Ingenier\u00eda de la Construcci\u00f3n - Ingenier\u00eda UC\" \/>\n<meta property=\"og:description\" content=\"El Minor de Profundidad Articulaci\u00f3n Ingenier\u00eda de Construcci\u00f3n est\u00e1 orientado a estudiantes del Major en Ingenier\u00eda de Construcci\u00f3n que deseen profundizar en el dise\u00f1o y materializaci\u00f3n de un proyecto de construcci\u00f3n incorporando otras \u00e1reas de ingenier\u00eda civil en la toma de decisiones.\" \/>\n<meta property=\"og:url\" content=\"https:\/\/www.ing.uc.cl\/en\/programas-de-estudio\/plan-estudios\/cuales-los-majors-los-minors-ingenieria-uc\/articulacion-ingenieria-la-construccion\/\" \/>\n<meta property=\"og:site_name\" content=\"Ingenier\u00eda UC\" \/>\n<meta property=\"article:publisher\" content=\"https:\/\/www.facebook.com\/EscueladeIngenieriaUniversidadCatolica\/\" \/>\n<meta name=\"twitter:card\" content=\"summary_large_image\" \/>\n<meta name=\"twitter:site\" content=\"@ingenieriaUC\" \/>\n<script type=\"application\/ld+json\" class=\"yoast-schema-graph\">{\"@context\":\"https:\\\/\\\/schema.org\",\"@graph\":[{\"@type\":\"WebPage\",\"@id\":\"https:\\\/\\\/www.ing.uc.cl\\\/en\\\/programas-de-estudio\\\/plan-estudios\\\/cuales-los-majors-los-minors-ingenieria-uc\\\/articulacion-ingenieria-la-construccion\\\/\",\"url\":\"https:\\\/\\\/www.ing.uc.cl\\\/en\\\/programas-de-estudio\\\/plan-estudios\\\/cuales-los-majors-los-minors-ingenieria-uc\\\/articulacion-ingenieria-la-construccion\\\/\",\"name\":\"Articulaci\u00f3n Ingenier\u00eda de la Construcci\u00f3n - Ingenier\u00eda UC\",\"isPartOf\":{\"@id\":\"https:\\\/\\\/www.ing.uc.cl\\\/#website\"},\"datePublished\":\"2018-01-05T20:10:43+00:00\",\"breadcrumb\":{\"@id\":\"https:\\\/\\\/www.ing.uc.cl\\\/en\\\/programas-de-estudio\\\/plan-estudios\\\/cuales-los-majors-los-minors-ingenieria-uc\\\/articulacion-ingenieria-la-construccion\\\/#breadcrumb\"},\"inLanguage\":\"en-US\",\"potentialAction\":[{\"@type\":\"ReadAction\",\"target\":[\"https:\\\/\\\/www.ing.uc.cl\\\/en\\\/programas-de-estudio\\\/plan-estudios\\\/cuales-los-majors-los-minors-ingenieria-uc\\\/articulacion-ingenieria-la-construccion\\\/\"]}]},{\"@type\":\"BreadcrumbList\",\"@id\":\"https:\\\/\\\/www.ing.uc.cl\\\/en\\\/programas-de-estudio\\\/plan-estudios\\\/cuales-los-majors-los-minors-ingenieria-uc\\\/articulacion-ingenieria-la-construccion\\\/#breadcrumb\",\"itemListElement\":[{\"@type\":\"ListItem\",\"position\":1,\"name\":\"Home\",\"item\":\"https:\\\/\\\/www.ing.uc.cl\\\/en\\\/\"},{\"@type\":\"ListItem\",\"position\":2,\"name\":\"Degrees and Programs\",\"item\":\"https:\\\/\\\/www.ing.uc.cl\\\/en\\\/programas-de-estudio\\\/\"},{\"@type\":\"ListItem\",\"position\":3,\"name\":\"Study Programs\",\"item\":\"https:\\\/\\\/www.ing.uc.cl\\\/en\\\/programas-de-estudio\\\/plan-estudios\\\/\"},{\"@type\":\"ListItem\",\"position\":4,\"name\":\"Majors and minors\",\"item\":\"https:\\\/\\\/www.ing.uc.cl\\\/en\\\/programas-de-estudio\\\/plan-estudios\\\/cuales-los-majors-los-minors-ingenieria-uc\\\/\"},{\"@type\":\"ListItem\",\"position\":5,\"name\":\"Articulaci\u00f3n Ingenier\u00eda de la Construcci\u00f3n\"}]},{\"@type\":\"WebSite\",\"@id\":\"https:\\\/\\\/www.ing.uc.cl\\\/#website\",\"url\":\"https:\\\/\\\/www.ing.uc.cl\\\/\",\"name\":\"Ingenier\u00eda UC\",\"description\":\"Ingenier\u00eda UC\",\"potentialAction\":[{\"@type\":\"SearchAction\",\"target\":{\"@type\":\"EntryPoint\",\"urlTemplate\":\"https:\\\/\\\/www.ing.uc.cl\\\/?s={search_term_string}\"},\"query-input\":{\"@type\":\"PropertyValueSpecification\",\"valueRequired\":true,\"valueName\":\"search_term_string\"}}],\"inLanguage\":\"en-US\"}]}<\/script>\n<!-- \/ Yoast SEO plugin. -->","yoast_head_json":{"title":"Articulaci\u00f3n Ingenier\u00eda de la Construcci\u00f3n - Ingenier\u00eda UC","robots":{"index":"index","follow":"follow","max-snippet":"max-snippet:-1","max-image-preview":"max-image-preview:large","max-video-preview":"max-video-preview:-1"},"canonical":"https:\/\/www.ing.uc.cl\/en\/programas-de-estudio\/plan-estudios\/cuales-los-majors-los-minors-ingenieria-uc\/articulacion-ingenieria-la-construccion\/","og_locale":"en_US","og_type":"article","og_title":"Articulaci\u00f3n Ingenier\u00eda de la Construcci\u00f3n - Ingenier\u00eda UC","og_description":"El Minor de Profundidad Articulaci\u00f3n Ingenier\u00eda de Construcci\u00f3n est\u00e1 orientado a estudiantes del Major en Ingenier\u00eda de Construcci\u00f3n que deseen profundizar en el dise\u00f1o y materializaci\u00f3n de un proyecto de construcci\u00f3n incorporando otras \u00e1reas de ingenier\u00eda civil en la toma de decisiones.","og_url":"https:\/\/www.ing.uc.cl\/en\/programas-de-estudio\/plan-estudios\/cuales-los-majors-los-minors-ingenieria-uc\/articulacion-ingenieria-la-construccion\/","og_site_name":"Ingenier\u00eda UC","article_publisher":"https:\/\/www.facebook.com\/EscueladeIngenieriaUniversidadCatolica\/","twitter_card":"summary_large_image","twitter_site":"@ingenieriaUC","schema":{"@context":"https:\/\/schema.org","@graph":[{"@type":"WebPage","@id":"https:\/\/www.ing.uc.cl\/en\/programas-de-estudio\/plan-estudios\/cuales-los-majors-los-minors-ingenieria-uc\/articulacion-ingenieria-la-construccion\/","url":"https:\/\/www.ing.uc.cl\/en\/programas-de-estudio\/plan-estudios\/cuales-los-majors-los-minors-ingenieria-uc\/articulacion-ingenieria-la-construccion\/","name":"Articulaci\u00f3n Ingenier\u00eda de la Construcci\u00f3n - Ingenier\u00eda UC","isPartOf":{"@id":"https:\/\/www.ing.uc.cl\/#website"},"datePublished":"2018-01-05T20:10:43+00:00","breadcrumb":{"@id":"https:\/\/www.ing.uc.cl\/en\/programas-de-estudio\/plan-estudios\/cuales-los-majors-los-minors-ingenieria-uc\/articulacion-ingenieria-la-construccion\/#breadcrumb"},"inLanguage":"en-US","potentialAction":[{"@type":"ReadAction","target":["https:\/\/www.ing.uc.cl\/en\/programas-de-estudio\/plan-estudios\/cuales-los-majors-los-minors-ingenieria-uc\/articulacion-ingenieria-la-construccion\/"]}]},{"@type":"BreadcrumbList","@id":"https:\/\/www.ing.uc.cl\/en\/programas-de-estudio\/plan-estudios\/cuales-los-majors-los-minors-ingenieria-uc\/articulacion-ingenieria-la-construccion\/#breadcrumb","itemListElement":[{"@type":"ListItem","position":1,"name":"Home","item":"https:\/\/www.ing.uc.cl\/en\/"},{"@type":"ListItem","position":2,"name":"Degrees and Programs","item":"https:\/\/www.ing.uc.cl\/en\/programas-de-estudio\/"},{"@type":"ListItem","position":3,"name":"Study Programs","item":"https:\/\/www.ing.uc.cl\/en\/programas-de-estudio\/plan-estudios\/"},{"@type":"ListItem","position":4,"name":"Majors and minors","item":"https:\/\/www.ing.uc.cl\/en\/programas-de-estudio\/plan-estudios\/cuales-los-majors-los-minors-ingenieria-uc\/"},{"@type":"ListItem","position":5,"name":"Articulaci\u00f3n Ingenier\u00eda de la Construcci\u00f3n"}]},{"@type":"WebSite","@id":"https:\/\/www.ing.uc.cl\/#website","url":"https:\/\/www.ing.uc.cl\/","name":"Ingenier\u00eda UC","description":"Ingenier\u00eda UC","potentialAction":[{"@type":"SearchAction","target":{"@type":"EntryPoint","urlTemplate":"https:\/\/www.ing.uc.cl\/?s={search_term_string}"},"query-input":{"@type":"PropertyValueSpecification","valueRequired":true,"valueName":"search_term_string"}}],"inLanguage":"en-US"}]}},"_links":{"self":[{"href":"https:\/\/www.ing.uc.cl\/en\/wp-json\/wp\/v2\/pages\/60387","targetHints":{"allow":["GET"]}}],"collection":[{"href":"https:\/\/www.ing.uc.cl\/en\/wp-json\/wp\/v2\/pages"}],"about":[{"href":"https:\/\/www.ing.uc.cl\/en\/wp-json\/wp\/v2\/types\/page"}],"author":[{"embeddable":true,"href":"https:\/\/www.ing.uc.cl\/en\/wp-json\/wp\/v2\/users\/22"}],"replies":[{"embeddable":true,"href":"https:\/\/www.ing.uc.cl\/en\/wp-json\/wp\/v2\/comments?post=60387"}],"version-history":[{"count":0,"href":"https:\/\/www.ing.uc.cl\/en\/wp-json\/wp\/v2\/pages\/60387\/revisions"}],"up":[{"embeddable":true,"href":"https:\/\/www.ing.uc.cl\/en\/wp-json\/wp\/v2\/pages\/60380"}],"wp:attachment":[{"href":"https:\/\/www.ing.uc.cl\/en\/wp-json\/wp\/v2\/media?parent=60387"}],"curies":[{"name":"wp","href":"https:\/\/api.w.org\/{rel}","templated":true}]}}