
{"id":60393,"date":"2017-07-12T13:29:23","date_gmt":"2017-07-12T17:29:23","guid":{"rendered":"https:\/\/www.ing.uc.cl\/programas-de-estudio\/plan-estudios\/cuales-los-majors-los-minors-ingenieria-uc\/major-en-computacion\/"},"modified":"2022-05-10T09:46:36","modified_gmt":"2022-05-10T13:46:36","slug":"major-en-computacion-y-sistemas-de-informacion","status":"publish","type":"page","link":"https:\/\/www.ing.uc.cl\/en\/major-en-computacion-y-sistemas-de-informacion\/","title":{"rendered":"Major in Computing and Information Systems"},"content":{"rendered":"<p>This Major develops the ability to find and implement innovative solutions to complex problems of the industry, by working on projects involving problem modeling and the design of computational components, systems and processes.<\/p>\n<p>The Major aims to prepare its graduates to become main players of the most important challenges of the XXI century, such as social networks, health, education, city planning, robotics, astronomy, networks of companies, finances, marketing and optimization.In all these domains the computer-based component has become fundamental and, often, the only enabler of significant advances and innovative solutions.<\/p>\n<p>The program graduates will be able to work as researchers, developers or managers in computational science and technology projects, contributing and innovating in several domains, both in industry and academy.<\/p>\n<h3><strong>Recommended Exploratory<\/strong><\/h3>\n<ul>\n<li>IIC1005 Computing: Science and Technology for a digital world<\/li>\n<\/ul>\n<p>This course allows students to gain an overview of the areas of study of the Major in Computing and Information Systems.<\/p>\n<h3><strong>Associated Depth Minor<\/strong><\/h3>\n<ul>\n<li>Scientific and Technological Foundations of Computing<\/li>\n<li>Data Science and Analytics<\/li>\n<\/ul>\n<h3><strong>Employment prospects<\/strong><\/h3>\n<p>The graduates of Bachelor of Science in Engineering with Major in Computing and Information Systems will be trained to model complex problems and design and implement systems, processes, components and computer programs to perform in various industrial and research fields.<\/p>\n<h3><strong>Program Director<\/strong><\/h3>\n<p>&#8220;This major gives you the tools to become a developer, researcher or manager of modern computer technology&#8221;, <a href=\"https:\/\/www.ing.uc.cl\/en\/academicos-e-investigadores\/yadran-francisco-eterovic-solano\/\" target=\"_blank\" rel=\"noopener noreferrer\">Yadran Eterovic Solano<\/a>.<\/p>\n<h3><strong>\u00a0<\/strong><strong>Curriculum<\/strong><\/h3>\n<p><img loading=\"lazy\" decoding=\"async\" class=\"aligncenter wp-image-321851 size-large\" src=\"https:\/\/www.ing.uc.cl\/wp-content\/uploads\/2022\/05\/Majors-disciplinarios_2020_ENG_Major-in-COMPUTING-AND-INFORMATION-SYSTEMS-Computing-Track-996x1024.jpg\" alt=\"\" width=\"996\" height=\"1024\" srcset=\"https:\/\/www.ing.uc.cl\/wp-content\/uploads\/2022\/05\/Majors-disciplinarios_2020_ENG_Major-in-COMPUTING-AND-INFORMATION-SYSTEMS-Computing-Track-996x1024.jpg 996w, https:\/\/www.ing.uc.cl\/wp-content\/uploads\/2022\/05\/Majors-disciplinarios_2020_ENG_Major-in-COMPUTING-AND-INFORMATION-SYSTEMS-Computing-Track-292x300.jpg 292w, https:\/\/www.ing.uc.cl\/wp-content\/uploads\/2022\/05\/Majors-disciplinarios_2020_ENG_Major-in-COMPUTING-AND-INFORMATION-SYSTEMS-Computing-Track-768x789.jpg 768w, https:\/\/www.ing.uc.cl\/wp-content\/uploads\/2022\/05\/Majors-disciplinarios_2020_ENG_Major-in-COMPUTING-AND-INFORMATION-SYSTEMS-Computing-Track-1495x1536.jpg 1495w, https:\/\/www.ing.uc.cl\/wp-content\/uploads\/2022\/05\/Majors-disciplinarios_2020_ENG_Major-in-COMPUTING-AND-INFORMATION-SYSTEMS-Computing-Track-1993x2048.jpg 1993w, https:\/\/www.ing.uc.cl\/wp-content\/uploads\/2022\/05\/Majors-disciplinarios_2020_ENG_Major-in-COMPUTING-AND-INFORMATION-SYSTEMS-Computing-Track-189x194.jpg 189w, https:\/\/www.ing.uc.cl\/wp-content\/uploads\/2022\/05\/Majors-disciplinarios_2020_ENG_Major-in-COMPUTING-AND-INFORMATION-SYSTEMS-Computing-Track-778x800.jpg 778w, https:\/\/www.ing.uc.cl\/wp-content\/uploads\/2022\/05\/Majors-disciplinarios_2020_ENG_Major-in-COMPUTING-AND-INFORMATION-SYSTEMS-Computing-Track-600x617.jpg 600w\" sizes=\"auto, (max-width: 996px) 100vw, 996px\" \/><\/p>\n<p><strong>Computing Track<\/strong>: Este track facilita la continuidad con el T\u00edtulo de Ingeniero Civil de Computaci\u00f3n.<\/p>\n<p><img loading=\"lazy\" decoding=\"async\" class=\"aligncenter wp-image-321853 size-large\" src=\"https:\/\/www.ing.uc.cl\/wp-content\/uploads\/2022\/05\/Majors-disciplinarios_2020_ENG_Major-in-COMPUTING-AND-INFORMATION-SYSTEMS-Information-Systems-Track-996x1024.jpg\" alt=\"\" width=\"996\" height=\"1024\" srcset=\"https:\/\/www.ing.uc.cl\/wp-content\/uploads\/2022\/05\/Majors-disciplinarios_2020_ENG_Major-in-COMPUTING-AND-INFORMATION-SYSTEMS-Information-Systems-Track-996x1024.jpg 996w, https:\/\/www.ing.uc.cl\/wp-content\/uploads\/2022\/05\/Majors-disciplinarios_2020_ENG_Major-in-COMPUTING-AND-INFORMATION-SYSTEMS-Information-Systems-Track-292x300.jpg 292w, https:\/\/www.ing.uc.cl\/wp-content\/uploads\/2022\/05\/Majors-disciplinarios_2020_ENG_Major-in-COMPUTING-AND-INFORMATION-SYSTEMS-Information-Systems-Track-768x789.jpg 768w, https:\/\/www.ing.uc.cl\/wp-content\/uploads\/2022\/05\/Majors-disciplinarios_2020_ENG_Major-in-COMPUTING-AND-INFORMATION-SYSTEMS-Information-Systems-Track-1495x1536.jpg 1495w, https:\/\/www.ing.uc.cl\/wp-content\/uploads\/2022\/05\/Majors-disciplinarios_2020_ENG_Major-in-COMPUTING-AND-INFORMATION-SYSTEMS-Information-Systems-Track-1993x2048.jpg 1993w, https:\/\/www.ing.uc.cl\/wp-content\/uploads\/2022\/05\/Majors-disciplinarios_2020_ENG_Major-in-COMPUTING-AND-INFORMATION-SYSTEMS-Information-Systems-Track-189x194.jpg 189w, https:\/\/www.ing.uc.cl\/wp-content\/uploads\/2022\/05\/Majors-disciplinarios_2020_ENG_Major-in-COMPUTING-AND-INFORMATION-SYSTEMS-Information-Systems-Track-778x800.jpg 778w, https:\/\/www.ing.uc.cl\/wp-content\/uploads\/2022\/05\/Majors-disciplinarios_2020_ENG_Major-in-COMPUTING-AND-INFORMATION-SYSTEMS-Information-Systems-Track-600x617.jpg 600w\" sizes=\"auto, (max-width: 996px) 100vw, 996px\" \/><\/p>\n<p><strong>Information Systems Track: <\/strong>Este track facilita la articulaci\u00f3n con el T\u00edtulo de Ingeniero Civil de Industrias con Diploma en Ingenier\u00eda en Tecnolog\u00edas de la Informaci\u00f3n.<\/p>\n<p>Contact: <a href=\"mailto:majorcomputacion@ing.puc.cl\">majorcomputacion@ing.puc.cl<\/a><\/p>\n<p><em>This recommended curriculum is subject to modifications in accordance with current academic planning at the time of course enrollment. Stay informed as to the most recent updates to the Academic Plan.\u00a0 \u00a0<\/em><\/p>\n","protected":false},"excerpt":{"rendered":"<p>This program instills students with the ability to apply solutions to complex problems facing the industry, specifically by creating innovative projects that design and model computer processes.<\/p>\n","protected":false},"author":22,"featured_media":0,"parent":0,"menu_order":999,"comment_status":"closed","ping_status":"closed","template":"template-plan-de-estudios.php","meta":{"_acf_changed":false,"footnotes":""},"class_list":["post-60393","page","type-page","status-publish","hentry"],"acf":[],"yoast_head":"<!-- This site is optimized with the Yoast SEO plugin v27.3 - https:\/\/yoast.com\/product\/yoast-seo-wordpress\/ -->\n<title>Major in Computing and Information Systems - Ingenier\u00eda UC<\/title>\n<meta name=\"robots\" content=\"index, follow, max-snippet:-1, max-image-preview:large, max-video-preview:-1\" \/>\n<link rel=\"canonical\" href=\"https:\/\/www.ing.uc.cl\/en\/programas-de-estudio\/plan-estudios\/cuales-los-majors-los-minors-ingenieria-uc\/major-en-computacion-y-sistemas-de-informacion\/\" \/>\n<meta property=\"og:locale\" content=\"en_US\" \/>\n<meta property=\"og:type\" content=\"article\" \/>\n<meta property=\"og:title\" content=\"Major in Computing and Information Systems - Ingenier\u00eda UC\" \/>\n<meta property=\"og:description\" content=\"This program instills students with the ability to apply solutions to complex problems facing the industry, specifically by creating innovative projects that design and model computer processes.\" \/>\n<meta property=\"og:url\" content=\"https:\/\/www.ing.uc.cl\/en\/programas-de-estudio\/plan-estudios\/cuales-los-majors-los-minors-ingenieria-uc\/major-en-computacion-y-sistemas-de-informacion\/\" \/>\n<meta property=\"og:site_name\" content=\"Ingenier\u00eda UC\" \/>\n<meta property=\"article:publisher\" content=\"https:\/\/www.facebook.com\/EscueladeIngenieriaUniversidadCatolica\/\" \/>\n<meta property=\"article:modified_time\" content=\"2022-05-10T13:46:36+00:00\" \/>\n<meta property=\"og:image\" content=\"https:\/\/www.ing.uc.cl\/wp-content\/uploads\/2022\/05\/Majors-disciplinarios_2020_ENG_Major-in-COMPUTING-AND-INFORMATION-SYSTEMS-Computing-Track-996x1024.jpg\" \/>\n<meta name=\"twitter:card\" content=\"summary_large_image\" \/>\n<meta name=\"twitter:site\" content=\"@ingenieriaUC\" \/>\n<meta name=\"twitter:label1\" content=\"Est. reading time\" \/>\n\t<meta name=\"twitter:data1\" content=\"2 minutes\" \/>\n<script type=\"application\/ld+json\" class=\"yoast-schema-graph\">{\"@context\":\"https:\\\/\\\/schema.org\",\"@graph\":[{\"@type\":\"WebPage\",\"@id\":\"https:\\\/\\\/www.ing.uc.cl\\\/en\\\/programas-de-estudio\\\/plan-estudios\\\/cuales-los-majors-los-minors-ingenieria-uc\\\/major-en-computacion-y-sistemas-de-informacion\\\/\",\"url\":\"https:\\\/\\\/www.ing.uc.cl\\\/en\\\/programas-de-estudio\\\/plan-estudios\\\/cuales-los-majors-los-minors-ingenieria-uc\\\/major-en-computacion-y-sistemas-de-informacion\\\/\",\"name\":\"Major in Computing and Information Systems - Ingenier\u00eda UC\",\"isPartOf\":{\"@id\":\"https:\\\/\\\/www.ing.uc.cl\\\/#website\"},\"primaryImageOfPage\":{\"@id\":\"https:\\\/\\\/www.ing.uc.cl\\\/en\\\/programas-de-estudio\\\/plan-estudios\\\/cuales-los-majors-los-minors-ingenieria-uc\\\/major-en-computacion-y-sistemas-de-informacion\\\/#primaryimage\"},\"image\":{\"@id\":\"https:\\\/\\\/www.ing.uc.cl\\\/en\\\/programas-de-estudio\\\/plan-estudios\\\/cuales-los-majors-los-minors-ingenieria-uc\\\/major-en-computacion-y-sistemas-de-informacion\\\/#primaryimage\"},\"thumbnailUrl\":\"https:\\\/\\\/www.ing.uc.cl\\\/wp-content\\\/uploads\\\/2022\\\/05\\\/Majors-disciplinarios_2020_ENG_Major-in-COMPUTING-AND-INFORMATION-SYSTEMS-Computing-Track-996x1024.jpg\",\"datePublished\":\"2017-07-12T17:29:23+00:00\",\"dateModified\":\"2022-05-10T13:46:36+00:00\",\"breadcrumb\":{\"@id\":\"https:\\\/\\\/www.ing.uc.cl\\\/en\\\/programas-de-estudio\\\/plan-estudios\\\/cuales-los-majors-los-minors-ingenieria-uc\\\/major-en-computacion-y-sistemas-de-informacion\\\/#breadcrumb\"},\"inLanguage\":\"en-US\",\"potentialAction\":[{\"@type\":\"ReadAction\",\"target\":[\"https:\\\/\\\/www.ing.uc.cl\\\/en\\\/programas-de-estudio\\\/plan-estudios\\\/cuales-los-majors-los-minors-ingenieria-uc\\\/major-en-computacion-y-sistemas-de-informacion\\\/\"]}]},{\"@type\":\"ImageObject\",\"inLanguage\":\"en-US\",\"@id\":\"https:\\\/\\\/www.ing.uc.cl\\\/en\\\/programas-de-estudio\\\/plan-estudios\\\/cuales-los-majors-los-minors-ingenieria-uc\\\/major-en-computacion-y-sistemas-de-informacion\\\/#primaryimage\",\"url\":\"https:\\\/\\\/www.ing.uc.cl\\\/wp-content\\\/uploads\\\/2022\\\/05\\\/Majors-disciplinarios_2020_ENG_Major-in-COMPUTING-AND-INFORMATION-SYSTEMS-Computing-Track-996x1024.jpg\",\"contentUrl\":\"https:\\\/\\\/www.ing.uc.cl\\\/wp-content\\\/uploads\\\/2022\\\/05\\\/Majors-disciplinarios_2020_ENG_Major-in-COMPUTING-AND-INFORMATION-SYSTEMS-Computing-Track-996x1024.jpg\"},{\"@type\":\"BreadcrumbList\",\"@id\":\"https:\\\/\\\/www.ing.uc.cl\\\/en\\\/programas-de-estudio\\\/plan-estudios\\\/cuales-los-majors-los-minors-ingenieria-uc\\\/major-en-computacion-y-sistemas-de-informacion\\\/#breadcrumb\",\"itemListElement\":[{\"@type\":\"ListItem\",\"position\":1,\"name\":\"Home\",\"item\":\"https:\\\/\\\/www.ing.uc.cl\\\/en\\\/\"},{\"@type\":\"ListItem\",\"position\":2,\"name\":\"Degrees and Programs\",\"item\":\"https:\\\/\\\/www.ing.uc.cl\\\/en\\\/programas-de-estudio\\\/\"},{\"@type\":\"ListItem\",\"position\":3,\"name\":\"Study Programs\",\"item\":\"https:\\\/\\\/www.ing.uc.cl\\\/en\\\/programas-de-estudio\\\/plan-estudios\\\/\"},{\"@type\":\"ListItem\",\"position\":4,\"name\":\"Majors and minors\",\"item\":\"https:\\\/\\\/www.ing.uc.cl\\\/en\\\/programas-de-estudio\\\/plan-estudios\\\/cuales-los-majors-los-minors-ingenieria-uc\\\/\"},{\"@type\":\"ListItem\",\"position\":5,\"name\":\"Major in Computing and Information Systems\"}]},{\"@type\":\"WebSite\",\"@id\":\"https:\\\/\\\/www.ing.uc.cl\\\/#website\",\"url\":\"https:\\\/\\\/www.ing.uc.cl\\\/\",\"name\":\"Ingenier\u00eda UC\",\"description\":\"Ingenier\u00eda UC\",\"potentialAction\":[{\"@type\":\"SearchAction\",\"target\":{\"@type\":\"EntryPoint\",\"urlTemplate\":\"https:\\\/\\\/www.ing.uc.cl\\\/?s={search_term_string}\"},\"query-input\":{\"@type\":\"PropertyValueSpecification\",\"valueRequired\":true,\"valueName\":\"search_term_string\"}}],\"inLanguage\":\"en-US\"}]}<\/script>\n<!-- \/ Yoast SEO plugin. -->","yoast_head_json":{"title":"Major in Computing and Information Systems - Ingenier\u00eda UC","robots":{"index":"index","follow":"follow","max-snippet":"max-snippet:-1","max-image-preview":"max-image-preview:large","max-video-preview":"max-video-preview:-1"},"canonical":"https:\/\/www.ing.uc.cl\/en\/programas-de-estudio\/plan-estudios\/cuales-los-majors-los-minors-ingenieria-uc\/major-en-computacion-y-sistemas-de-informacion\/","og_locale":"en_US","og_type":"article","og_title":"Major in Computing and Information Systems - Ingenier\u00eda UC","og_description":"This program instills students with the ability to apply solutions to complex problems facing the industry, specifically by creating innovative projects that design and model computer processes.","og_url":"https:\/\/www.ing.uc.cl\/en\/programas-de-estudio\/plan-estudios\/cuales-los-majors-los-minors-ingenieria-uc\/major-en-computacion-y-sistemas-de-informacion\/","og_site_name":"Ingenier\u00eda UC","article_publisher":"https:\/\/www.facebook.com\/EscueladeIngenieriaUniversidadCatolica\/","article_modified_time":"2022-05-10T13:46:36+00:00","og_image":[{"url":"https:\/\/www.ing.uc.cl\/wp-content\/uploads\/2022\/05\/Majors-disciplinarios_2020_ENG_Major-in-COMPUTING-AND-INFORMATION-SYSTEMS-Computing-Track-996x1024.jpg","type":"","width":"","height":""}],"twitter_card":"summary_large_image","twitter_site":"@ingenieriaUC","twitter_misc":{"Est. reading time":"2 minutes"},"schema":{"@context":"https:\/\/schema.org","@graph":[{"@type":"WebPage","@id":"https:\/\/www.ing.uc.cl\/en\/programas-de-estudio\/plan-estudios\/cuales-los-majors-los-minors-ingenieria-uc\/major-en-computacion-y-sistemas-de-informacion\/","url":"https:\/\/www.ing.uc.cl\/en\/programas-de-estudio\/plan-estudios\/cuales-los-majors-los-minors-ingenieria-uc\/major-en-computacion-y-sistemas-de-informacion\/","name":"Major in Computing and Information Systems - Ingenier\u00eda UC","isPartOf":{"@id":"https:\/\/www.ing.uc.cl\/#website"},"primaryImageOfPage":{"@id":"https:\/\/www.ing.uc.cl\/en\/programas-de-estudio\/plan-estudios\/cuales-los-majors-los-minors-ingenieria-uc\/major-en-computacion-y-sistemas-de-informacion\/#primaryimage"},"image":{"@id":"https:\/\/www.ing.uc.cl\/en\/programas-de-estudio\/plan-estudios\/cuales-los-majors-los-minors-ingenieria-uc\/major-en-computacion-y-sistemas-de-informacion\/#primaryimage"},"thumbnailUrl":"https:\/\/www.ing.uc.cl\/wp-content\/uploads\/2022\/05\/Majors-disciplinarios_2020_ENG_Major-in-COMPUTING-AND-INFORMATION-SYSTEMS-Computing-Track-996x1024.jpg","datePublished":"2017-07-12T17:29:23+00:00","dateModified":"2022-05-10T13:46:36+00:00","breadcrumb":{"@id":"https:\/\/www.ing.uc.cl\/en\/programas-de-estudio\/plan-estudios\/cuales-los-majors-los-minors-ingenieria-uc\/major-en-computacion-y-sistemas-de-informacion\/#breadcrumb"},"inLanguage":"en-US","potentialAction":[{"@type":"ReadAction","target":["https:\/\/www.ing.uc.cl\/en\/programas-de-estudio\/plan-estudios\/cuales-los-majors-los-minors-ingenieria-uc\/major-en-computacion-y-sistemas-de-informacion\/"]}]},{"@type":"ImageObject","inLanguage":"en-US","@id":"https:\/\/www.ing.uc.cl\/en\/programas-de-estudio\/plan-estudios\/cuales-los-majors-los-minors-ingenieria-uc\/major-en-computacion-y-sistemas-de-informacion\/#primaryimage","url":"https:\/\/www.ing.uc.cl\/wp-content\/uploads\/2022\/05\/Majors-disciplinarios_2020_ENG_Major-in-COMPUTING-AND-INFORMATION-SYSTEMS-Computing-Track-996x1024.jpg","contentUrl":"https:\/\/www.ing.uc.cl\/wp-content\/uploads\/2022\/05\/Majors-disciplinarios_2020_ENG_Major-in-COMPUTING-AND-INFORMATION-SYSTEMS-Computing-Track-996x1024.jpg"},{"@type":"BreadcrumbList","@id":"https:\/\/www.ing.uc.cl\/en\/programas-de-estudio\/plan-estudios\/cuales-los-majors-los-minors-ingenieria-uc\/major-en-computacion-y-sistemas-de-informacion\/#breadcrumb","itemListElement":[{"@type":"ListItem","position":1,"name":"Home","item":"https:\/\/www.ing.uc.cl\/en\/"},{"@type":"ListItem","position":2,"name":"Degrees and Programs","item":"https:\/\/www.ing.uc.cl\/en\/programas-de-estudio\/"},{"@type":"ListItem","position":3,"name":"Study Programs","item":"https:\/\/www.ing.uc.cl\/en\/programas-de-estudio\/plan-estudios\/"},{"@type":"ListItem","position":4,"name":"Majors and minors","item":"https:\/\/www.ing.uc.cl\/en\/programas-de-estudio\/plan-estudios\/cuales-los-majors-los-minors-ingenieria-uc\/"},{"@type":"ListItem","position":5,"name":"Major in Computing and Information Systems"}]},{"@type":"WebSite","@id":"https:\/\/www.ing.uc.cl\/#website","url":"https:\/\/www.ing.uc.cl\/","name":"Ingenier\u00eda UC","description":"Ingenier\u00eda UC","potentialAction":[{"@type":"SearchAction","target":{"@type":"EntryPoint","urlTemplate":"https:\/\/www.ing.uc.cl\/?s={search_term_string}"},"query-input":{"@type":"PropertyValueSpecification","valueRequired":true,"valueName":"search_term_string"}}],"inLanguage":"en-US"}]}},"_links":{"self":[{"href":"https:\/\/www.ing.uc.cl\/en\/wp-json\/wp\/v2\/pages\/60393","targetHints":{"allow":["GET"]}}],"collection":[{"href":"https:\/\/www.ing.uc.cl\/en\/wp-json\/wp\/v2\/pages"}],"about":[{"href":"https:\/\/www.ing.uc.cl\/en\/wp-json\/wp\/v2\/types\/page"}],"author":[{"embeddable":true,"href":"https:\/\/www.ing.uc.cl\/en\/wp-json\/wp\/v2\/users\/22"}],"replies":[{"embeddable":true,"href":"https:\/\/www.ing.uc.cl\/en\/wp-json\/wp\/v2\/comments?post=60393"}],"version-history":[{"count":0,"href":"https:\/\/www.ing.uc.cl\/en\/wp-json\/wp\/v2\/pages\/60393\/revisions"}],"wp:attachment":[{"href":"https:\/\/www.ing.uc.cl\/en\/wp-json\/wp\/v2\/media?parent=60393"}],"curies":[{"name":"wp","href":"https:\/\/api.w.org\/{rel}","templated":true}]}}