
{"id":60415,"date":"2017-07-14T17:07:13","date_gmt":"2017-07-14T21:07:13","guid":{"rendered":"https:\/\/www.ing.uc.cl\/programas-de-estudio\/plan-estudios\/cuales-los-majors-los-minors-ingenieria-uc\/minor-automatizacion-e-inteligencia-computacional\/"},"modified":"2025-01-03T14:00:27","modified_gmt":"2025-01-03T17:00:27","slug":"minor-robotica","status":"publish","type":"page","link":"https:\/\/www.ing.uc.cl\/en\/programas-de-estudio\/pregrado\/plan-estudios\/cuales-los-majors-los-minors-ingenieria-uc\/minor-robotica\/","title":{"rendered":"Rob\u00f3tica"},"content":{"rendered":"<p>Este <em>minor<\/em> profundiza aspectos de inteligencia artificial, visi\u00f3n por computador, reconocimiento de patrones y otros aspectos relacionados a algoritmos y <em>software<\/em>.<\/p>\n<p>Elegir una de las dos \u00e1reas y cursar las asignaturas indicadas:<\/p>\n<h3>\u00c1rea 1: Ingenier\u00eda de Sistemas de Automatizaci\u00f3n<\/h3>\n<p><strong>M\u00ednimos<\/strong><\/p>\n<ul>\n<li>IEE2213 M\u00e1quinas El\u00e9ctricas<\/li>\n<li>IEE2413 Electr\u00f3nica<\/li>\n<li>IEE2513 Comunicaciones<\/li>\n<\/ul>\n<p><strong>Optativos<\/strong>, elegir 20 cr\u00e9ditos entre:<\/p>\n<ul>\n<li>ICS1113 Optimizaci\u00f3n o ICS113H Optimizaci\u00f3n-Honors<\/li>\n<li>IEE2183 Laboratorio De Mediciones El\u00e9ctricas<\/li>\n<li>IEE2473 Laboratorio De Electr\u00f3nica Anal\u00f3gica Y Digital<\/li>\n<li>IEE2683 Laboratorio De Control Autom\u00e1tico<\/li>\n<li>IEE2273 Laboratorio De M\u00e1quinas El\u00e9ctricas<\/li>\n<li>IEE2103 Se\u00f1ales Y Sistemas<\/li>\n<li>IIC1253 Matem\u00e1ticas Discretas<\/li>\n<li>IIC2133 Estructuras De Datos Y Algoritmos<\/li>\n<li>IIC2283Dise\u00f1o Y An\u00e1lisis De Algoritmos<\/li>\n<li>IEE2693 Electro-\u00d3ptica<\/li>\n<li>IEE2714 Fundamentos De Procesamiento De Im\u00e1genes<\/li>\n<li>IEE2123 Circuitos El\u00e9ctricos<\/li>\n<li>IEE2313 Sistemas De Potencia<\/li>\n<li>IEE2613 Control Autom\u00e1tico<\/li>\n<li>IEE2463 Sistemas Electr\u00f3nicos Programables<\/li>\n<li>IIC2613 Inteligencia Artificial<\/li>\n<li>IIC2685 Rob\u00f3tica M\u00f3vil<\/li>\n<li>IIC2343 Arquitectura De Computadores<\/li>\n<li>ICM2003 Sistemas Electromec\u00e1nicos<\/li>\n<li>ICM2813 Control De Sistemas Mec\u00e1nicos<\/li>\n<li>ING2050 Desarrollo Y Aplicaciones De Sistemas A\u00e9reos No Tripulados<\/li>\n<li>IRB0600 Trabajo Personal Dirigido<\/li>\n<li>IRB0601 Trabajo Personal Dirigido<\/li>\n<li>IRB0700 o IRB0701 Investigaci\u00f3n o Proyecto<\/li>\n<\/ul>\n<h3>\u00c1rea 2: Inteligencia Computacional<\/h3>\n<p><strong>M\u00ednimos<\/strong><\/p>\n<ul>\n<li>IIC2213 L\u00f3gica Para Ciencias De La Computaci\u00f3n<\/li>\n<li>IIC2223 Teor\u00eda De Aut\u00f3matas Y Lenguajes Formales<\/li>\n<li>IIC2133 Estructuras De Datos Y Algoritmos<\/li>\n<\/ul>\n<p><strong>Optativos<\/strong>, elegir 20 cr\u00e9ditos entre:<\/p>\n<ul>\n<li>ICS1113 Optimizaci\u00f3n o ICS113H Optimizaci\u00f3n-Honors<\/li>\n<li>IIC2413 Bases De Datos<\/li>\n<li>IIC2513 Tecnolog\u00edas Y Aplicaciones Web<\/li>\n<li>IIC3423 Big Data<\/li>\n<li>IIC3697 Aprendizaje Profundo<\/li>\n<li>IIC2283 Dise\u00f1o Y An\u00e1lisis De Algoritmos<\/li>\n<li>IIC2343 Arquitectura De Computadores<\/li>\n<li>IIC2613 Inteligencia Artificial<\/li>\n<li>IIC2685 Rob\u00f3tica M\u00f3vil<\/li>\n<li>IEE2123 Circuitos El\u00e9ctricos<\/li>\n<li>IEE2103 Se\u00f1ales Y Sistemas<\/li>\n<li>IEE2613 Control Autom\u00e1tico<\/li>\n<li>IEE2463 Sistemas Electr\u00f3nicos Programables<\/li>\n<li>IEE2714 Fundamentos De Procesamiento De Im\u00e1genes<\/li>\n<li>ICM2003 Sistemas Electromec\u00e1nicos<\/li>\n<li>ICM2813 Control De Sistemas Mec\u00e1nicos<\/li>\n<li>ING2050 Desarrollo Y Aplicaciones De Sistemas A\u00e9reos No Tripulados<\/li>\n<li>IRB0600 Trabajo Personal Dirigido<\/li>\n<li>IRB0601 Trabajo Personal Dirigido<\/li>\n<li>IRB0700 o IRB0701 o IEE2985 Investigaci\u00f3n y Proyecto<\/li>\n<\/ul>\n<h3>\u00c1rea 3: Mecatr\u00f3nica<\/h3>\n<p><strong>M\u00ednimos<\/strong><\/p>\n<ul>\n<li>ICH1104 Mec\u00e1nica De Fluidos<\/li>\n<li>ICM2022 Dise\u00f1o Mec\u00e1nico<\/li>\n<li>ICM2028 Mec\u00e1nica De Materiales<\/li>\n<\/ul>\n<p><strong>Optativos<\/strong>, elegir 20 cr\u00e9ditos entre:<\/p>\n<ul>\n<li>ICS1113 Optimizaci\u00f3n o ICS113H Optimizaci\u00f3n-Honors<\/li>\n<li>ICM2213 Conversi\u00f3n De Energ\u00eda<\/li>\n<li>ICM2223 Transferencia De Calor<\/li>\n<li>ICM2403 Ciencia De Los Materiales<\/li>\n<li>ICM2003 Sistemas Electromec\u00e1nicos<\/li>\n<li>ICM2813 Control De Sistemas Mec\u00e1nicos<\/li>\n<li>ICM2982 Laboratorio De M\u00e1quinas T\u00e9rmicas<\/li>\n<li>IEE2123 Circuitos El\u00e9ctricos<\/li>\n<li>IEE2213 M\u00e1quinas El\u00e9ctricas<\/li>\n<li>IEE2413 Electr\u00f3nica<\/li>\n<li>IEE2513 Comunicaciones<\/li>\n<li>IEE2693 Electro-\u00d3ptica<\/li>\n<li>IEE2714 Fundamentos De Procesamiento De Im\u00e1genes<\/li>\n<li>IEE2313 Sistemas De Potencia<\/li>\n<li>IEE2103 Se\u00f1ales Y Sistemas<\/li>\n<li>IEE2613 Control Autom\u00e1tico<\/li>\n<li>IEE2463 Sistemas Electr\u00f3nicos Programables<\/li>\n<li>IIC1253 Matem\u00e1ticas Discretas<\/li>\n<li>IIC2613 Inteligencia Artificial<\/li>\n<li>IIC2685 Rob\u00f3tica M\u00f3vil<\/li>\n<li>IIC2133 Estructuras De Datos Y Algoritmos<\/li>\n<li>IIC2283 Dise\u00f1o Y An\u00e1lisis De Algoritmos<\/li>\n<li>IIC2343 Arquitectura De Computadores<\/li>\n<li>ING2050 Desarrollo Y Aplicaciones De Sistemas A\u00e9reos No Tripulados<\/li>\n<li>IRB0600 Trabajo Personal Dirigido<\/li>\n<li>IRB0601 Trabajo Personal Dirigido<\/li>\n<li>IRB0700 o IRB0701 Investigaci\u00f3n Y Proyecto<\/li>\n<\/ul>\n<p>Se debe aprobar 50 cr\u00e9ditos de un \u00e1rea del Minor. En caso de haber aprobado un curso m\u00ednimo del \u00e1rea escogida, previamente, se debe seleccionar otro curso de la lista de optativos del \u00e1rea escogida, como optativo complementario.<\/p>\n<p><i>El listado de cursos est\u00e1 sujeto a modificaciones conforme a la planificaci\u00f3n acad\u00e9mica vigente al momento de inscribir cursos.\u00a0<\/i><i>Recuerda estar siempre informado de la \u00faltima actualizaci\u00f3n del Plan de Estudio.<\/i><\/p>\n","protected":false},"excerpt":{"rendered":"<p>Programa orientado a estudiantes del Major en Ingenier\u00eda Rob\u00f3tica<\/p>\n","protected":false},"author":22,"featured_media":0,"parent":60380,"menu_order":999,"comment_status":"closed","ping_status":"closed","template":"template-plan-de-estudios.php","meta":{"_acf_changed":false,"footnotes":""},"class_list":["post-60415","page","type-page","status-publish","hentry"],"acf":[],"yoast_head":"<!-- This site is optimized with the Yoast SEO plugin v27.3 - https:\/\/yoast.com\/product\/yoast-seo-wordpress\/ -->\n<title>Rob\u00f3tica - Ingenier\u00eda UC<\/title>\n<meta name=\"robots\" content=\"index, follow, max-snippet:-1, max-image-preview:large, max-video-preview:-1\" \/>\n<link rel=\"canonical\" href=\"https:\/\/www.ing.uc.cl\/en\/programas-de-estudio\/pregrado\/plan-estudios\/cuales-los-majors-los-minors-ingenieria-uc\/minor-robotica\/\" \/>\n<meta property=\"og:locale\" content=\"en_US\" \/>\n<meta property=\"og:type\" content=\"article\" \/>\n<meta property=\"og:title\" content=\"Rob\u00f3tica - Ingenier\u00eda UC\" \/>\n<meta property=\"og:description\" content=\"Programa orientado a estudiantes del Major en Ingenier\u00eda Rob\u00f3tica\" \/>\n<meta property=\"og:url\" content=\"https:\/\/www.ing.uc.cl\/en\/programas-de-estudio\/pregrado\/plan-estudios\/cuales-los-majors-los-minors-ingenieria-uc\/minor-robotica\/\" \/>\n<meta property=\"og:site_name\" content=\"Ingenier\u00eda UC\" \/>\n<meta property=\"article:publisher\" content=\"https:\/\/www.facebook.com\/EscueladeIngenieriaUniversidadCatolica\/\" \/>\n<meta property=\"article:modified_time\" content=\"2025-01-03T17:00:27+00:00\" \/>\n<meta name=\"twitter:card\" content=\"summary_large_image\" \/>\n<meta name=\"twitter:site\" content=\"@ingenieriaUC\" \/>\n<meta name=\"twitter:label1\" content=\"Est. reading time\" \/>\n\t<meta name=\"twitter:data1\" content=\"3 minutes\" \/>\n<script type=\"application\/ld+json\" class=\"yoast-schema-graph\">{\"@context\":\"https:\\\/\\\/schema.org\",\"@graph\":[{\"@type\":\"WebPage\",\"@id\":\"https:\\\/\\\/www.ing.uc.cl\\\/en\\\/programas-de-estudio\\\/pregrado\\\/plan-estudios\\\/cuales-los-majors-los-minors-ingenieria-uc\\\/minor-robotica\\\/\",\"url\":\"https:\\\/\\\/www.ing.uc.cl\\\/en\\\/programas-de-estudio\\\/pregrado\\\/plan-estudios\\\/cuales-los-majors-los-minors-ingenieria-uc\\\/minor-robotica\\\/\",\"name\":\"Rob\u00f3tica - Ingenier\u00eda UC\",\"isPartOf\":{\"@id\":\"https:\\\/\\\/www.ing.uc.cl\\\/#website\"},\"datePublished\":\"2017-07-14T21:07:13+00:00\",\"dateModified\":\"2025-01-03T17:00:27+00:00\",\"breadcrumb\":{\"@id\":\"https:\\\/\\\/www.ing.uc.cl\\\/en\\\/programas-de-estudio\\\/pregrado\\\/plan-estudios\\\/cuales-los-majors-los-minors-ingenieria-uc\\\/minor-robotica\\\/#breadcrumb\"},\"inLanguage\":\"en-US\",\"potentialAction\":[{\"@type\":\"ReadAction\",\"target\":[\"https:\\\/\\\/www.ing.uc.cl\\\/en\\\/programas-de-estudio\\\/pregrado\\\/plan-estudios\\\/cuales-los-majors-los-minors-ingenieria-uc\\\/minor-robotica\\\/\"]}]},{\"@type\":\"BreadcrumbList\",\"@id\":\"https:\\\/\\\/www.ing.uc.cl\\\/en\\\/programas-de-estudio\\\/pregrado\\\/plan-estudios\\\/cuales-los-majors-los-minors-ingenieria-uc\\\/minor-robotica\\\/#breadcrumb\",\"itemListElement\":[{\"@type\":\"ListItem\",\"position\":1,\"name\":\"Home\",\"item\":\"https:\\\/\\\/www.ing.uc.cl\\\/en\\\/\"},{\"@type\":\"ListItem\",\"position\":2,\"name\":\"Degrees and Programs\",\"item\":\"https:\\\/\\\/www.ing.uc.cl\\\/en\\\/programas-de-estudio\\\/\"},{\"@type\":\"ListItem\",\"position\":3,\"name\":\"Undergraduates\",\"item\":\"https:\\\/\\\/www.ing.uc.cl\\\/en\\\/programas-de-estudio\\\/pregrado\\\/\"},{\"@type\":\"ListItem\",\"position\":4,\"name\":\"Study Programs\",\"item\":\"https:\\\/\\\/www.ing.uc.cl\\\/en\\\/programas-de-estudio\\\/plan-estudios\\\/\"},{\"@type\":\"ListItem\",\"position\":5,\"name\":\"Majors and minors\",\"item\":\"https:\\\/\\\/www.ing.uc.cl\\\/en\\\/programas-de-estudio\\\/plan-estudios\\\/cuales-los-majors-los-minors-ingenieria-uc\\\/\"},{\"@type\":\"ListItem\",\"position\":6,\"name\":\"Rob\u00f3tica\"}]},{\"@type\":\"WebSite\",\"@id\":\"https:\\\/\\\/www.ing.uc.cl\\\/#website\",\"url\":\"https:\\\/\\\/www.ing.uc.cl\\\/\",\"name\":\"Ingenier\u00eda UC\",\"description\":\"Ingenier\u00eda UC\",\"potentialAction\":[{\"@type\":\"SearchAction\",\"target\":{\"@type\":\"EntryPoint\",\"urlTemplate\":\"https:\\\/\\\/www.ing.uc.cl\\\/?s={search_term_string}\"},\"query-input\":{\"@type\":\"PropertyValueSpecification\",\"valueRequired\":true,\"valueName\":\"search_term_string\"}}],\"inLanguage\":\"en-US\"}]}<\/script>\n<!-- \/ Yoast SEO plugin. -->","yoast_head_json":{"title":"Rob\u00f3tica - Ingenier\u00eda UC","robots":{"index":"index","follow":"follow","max-snippet":"max-snippet:-1","max-image-preview":"max-image-preview:large","max-video-preview":"max-video-preview:-1"},"canonical":"https:\/\/www.ing.uc.cl\/en\/programas-de-estudio\/pregrado\/plan-estudios\/cuales-los-majors-los-minors-ingenieria-uc\/minor-robotica\/","og_locale":"en_US","og_type":"article","og_title":"Rob\u00f3tica - Ingenier\u00eda UC","og_description":"Programa orientado a estudiantes del Major en Ingenier\u00eda Rob\u00f3tica","og_url":"https:\/\/www.ing.uc.cl\/en\/programas-de-estudio\/pregrado\/plan-estudios\/cuales-los-majors-los-minors-ingenieria-uc\/minor-robotica\/","og_site_name":"Ingenier\u00eda UC","article_publisher":"https:\/\/www.facebook.com\/EscueladeIngenieriaUniversidadCatolica\/","article_modified_time":"2025-01-03T17:00:27+00:00","twitter_card":"summary_large_image","twitter_site":"@ingenieriaUC","twitter_misc":{"Est. reading time":"3 minutes"},"schema":{"@context":"https:\/\/schema.org","@graph":[{"@type":"WebPage","@id":"https:\/\/www.ing.uc.cl\/en\/programas-de-estudio\/pregrado\/plan-estudios\/cuales-los-majors-los-minors-ingenieria-uc\/minor-robotica\/","url":"https:\/\/www.ing.uc.cl\/en\/programas-de-estudio\/pregrado\/plan-estudios\/cuales-los-majors-los-minors-ingenieria-uc\/minor-robotica\/","name":"Rob\u00f3tica - Ingenier\u00eda UC","isPartOf":{"@id":"https:\/\/www.ing.uc.cl\/#website"},"datePublished":"2017-07-14T21:07:13+00:00","dateModified":"2025-01-03T17:00:27+00:00","breadcrumb":{"@id":"https:\/\/www.ing.uc.cl\/en\/programas-de-estudio\/pregrado\/plan-estudios\/cuales-los-majors-los-minors-ingenieria-uc\/minor-robotica\/#breadcrumb"},"inLanguage":"en-US","potentialAction":[{"@type":"ReadAction","target":["https:\/\/www.ing.uc.cl\/en\/programas-de-estudio\/pregrado\/plan-estudios\/cuales-los-majors-los-minors-ingenieria-uc\/minor-robotica\/"]}]},{"@type":"BreadcrumbList","@id":"https:\/\/www.ing.uc.cl\/en\/programas-de-estudio\/pregrado\/plan-estudios\/cuales-los-majors-los-minors-ingenieria-uc\/minor-robotica\/#breadcrumb","itemListElement":[{"@type":"ListItem","position":1,"name":"Home","item":"https:\/\/www.ing.uc.cl\/en\/"},{"@type":"ListItem","position":2,"name":"Degrees and Programs","item":"https:\/\/www.ing.uc.cl\/en\/programas-de-estudio\/"},{"@type":"ListItem","position":3,"name":"Undergraduates","item":"https:\/\/www.ing.uc.cl\/en\/programas-de-estudio\/pregrado\/"},{"@type":"ListItem","position":4,"name":"Study Programs","item":"https:\/\/www.ing.uc.cl\/en\/programas-de-estudio\/plan-estudios\/"},{"@type":"ListItem","position":5,"name":"Majors and minors","item":"https:\/\/www.ing.uc.cl\/en\/programas-de-estudio\/plan-estudios\/cuales-los-majors-los-minors-ingenieria-uc\/"},{"@type":"ListItem","position":6,"name":"Rob\u00f3tica"}]},{"@type":"WebSite","@id":"https:\/\/www.ing.uc.cl\/#website","url":"https:\/\/www.ing.uc.cl\/","name":"Ingenier\u00eda UC","description":"Ingenier\u00eda UC","potentialAction":[{"@type":"SearchAction","target":{"@type":"EntryPoint","urlTemplate":"https:\/\/www.ing.uc.cl\/?s={search_term_string}"},"query-input":{"@type":"PropertyValueSpecification","valueRequired":true,"valueName":"search_term_string"}}],"inLanguage":"en-US"}]}},"_links":{"self":[{"href":"https:\/\/www.ing.uc.cl\/en\/wp-json\/wp\/v2\/pages\/60415","targetHints":{"allow":["GET"]}}],"collection":[{"href":"https:\/\/www.ing.uc.cl\/en\/wp-json\/wp\/v2\/pages"}],"about":[{"href":"https:\/\/www.ing.uc.cl\/en\/wp-json\/wp\/v2\/types\/page"}],"author":[{"embeddable":true,"href":"https:\/\/www.ing.uc.cl\/en\/wp-json\/wp\/v2\/users\/22"}],"replies":[{"embeddable":true,"href":"https:\/\/www.ing.uc.cl\/en\/wp-json\/wp\/v2\/comments?post=60415"}],"version-history":[{"count":0,"href":"https:\/\/www.ing.uc.cl\/en\/wp-json\/wp\/v2\/pages\/60415\/revisions"}],"up":[{"embeddable":true,"href":"https:\/\/www.ing.uc.cl\/en\/wp-json\/wp\/v2\/pages\/60380"}],"wp:attachment":[{"href":"https:\/\/www.ing.uc.cl\/en\/wp-json\/wp\/v2\/media?parent=60415"}],"curies":[{"name":"wp","href":"https:\/\/api.w.org\/{rel}","templated":true}]}}