
{"id":60423,"date":"2017-07-14T17:28:41","date_gmt":"2017-07-14T21:28:41","guid":{"rendered":"https:\/\/www.ing.uc.cl\/programas-de-estudio\/plan-estudios\/cuales-los-majors-los-minors-ingenieria-uc\/minor-fundamentos-cientificos-tecnologicos-la-computacion\/"},"modified":"2020-04-21T15:46:04","modified_gmt":"2020-04-21T19:46:04","slug":"minor-fundamentos-cientificos-tecnologicos-la-computacion","status":"publish","type":"page","link":"https:\/\/www.ing.uc.cl\/en\/programas-de-estudio\/pregrado\/plan-estudios\/cuales-los-majors-los-minors-ingenieria-uc\/minor-fundamentos-cientificos-tecnologicos-la-computacion\/","title":{"rendered":"Minor en Fundamentos Cient\u00edficos y Tecnol\u00f3gicos de la Computaci\u00f3n"},"content":{"rendered":"<p>A lo largo del programa \u2014 m\u00e1s all\u00e1 de los cubiertos por el Major en Computaci\u00f3n e Ingenier\u00eda de Software \u2014 los estudiantes aprender\u00e1n las competencias necesarias para desarrollarse en el \u00e1rea de la computaci\u00f3n incluyendo la l\u00f3gica, la teor\u00eda de aut\u00f3matas, la complejidad de algoritmos y las tecnolog\u00edas de sistemas distribuidos y de la Web. Estos temas son especialmente relevantes en la investigaci\u00f3n y en el desarrollo de tecnolog\u00edas modernas.<\/p>\n<p><strong>M\u00ednimos<\/strong><\/p>\n<ul>\n<li>IIC2213 L\u00f3gica para Ciencias de la Computaci\u00f3n<\/li>\n<li>IIC2223 Teor\u00eda de Aut\u00f3matas y Lenguajes Formales<\/li>\n<li>IIC2283 Dise\u00f1o y An\u00e1lisis de Algoritmos<\/li>\n<li>IIC2523 Sistemas Distribuidos<\/li>\n<\/ul>\n<p><strong>Optativos<\/strong><\/p>\n<p>Aprobar 10 cr\u00e9ditos de la siguiente lista:<\/p>\n<ul>\n<li>IIC2333 Sistemas Operativos y Redes<\/li>\n<li>IIC2613 Inteligencia Artificial<\/li>\n<li>IIC3253 Criptograf\u00eda y Seguridad Computacional<\/li>\n<li>IIC2343 Arquitectura de Computadores<\/li>\n<\/ul>\n<p><i>El listado de cursos est\u00e1 sujeto a modificaciones conforme a la planificaci\u00f3n acad\u00e9mica vigente al momento de inscribir cursos.\u00a0<\/i><i>Recuerda estar siempre informado de la \u00faltima actualizaci\u00f3n del Plan de Estudio.<\/i><\/p>\n","protected":false},"excerpt":{"rendered":"<p>Orientado a estudiantes del Major en Computaci\u00f3n e Ingenier\u00eda de Software, este minor desarrolla competencias de aplicaci\u00f3n, an\u00e1lisis y evaluaci\u00f3n en temas especializados de la computaci\u00f3n.<\/p>\n","protected":false},"author":22,"featured_media":0,"parent":60380,"menu_order":999,"comment_status":"closed","ping_status":"closed","template":"template-plan-de-estudios.php","meta":{"_acf_changed":false,"footnotes":""},"class_list":["post-60423","page","type-page","status-publish","hentry"],"acf":[],"yoast_head":"<!-- This site is optimized with the Yoast SEO plugin v27.3 - https:\/\/yoast.com\/product\/yoast-seo-wordpress\/ -->\n<title>Minor en Fundamentos Cient\u00edficos y Tecnol\u00f3gicos de la Computaci\u00f3n - Ingenier\u00eda UC<\/title>\n<meta name=\"robots\" content=\"index, follow, max-snippet:-1, max-image-preview:large, max-video-preview:-1\" \/>\n<link rel=\"canonical\" href=\"https:\/\/www.ing.uc.cl\/en\/programas-de-estudio\/plan-estudios\/cuales-los-majors-los-minors-ingenieria-uc\/minor-fundamentos-cientificos-tecnologicos-la-computacion\/\" \/>\n<meta property=\"og:locale\" content=\"en_US\" \/>\n<meta property=\"og:type\" content=\"article\" \/>\n<meta property=\"og:title\" content=\"Minor en Fundamentos Cient\u00edficos y Tecnol\u00f3gicos de la Computaci\u00f3n - Ingenier\u00eda UC\" \/>\n<meta property=\"og:description\" content=\"Orientado a estudiantes del Major en Computaci\u00f3n e Ingenier\u00eda de Software, este minor desarrolla competencias de aplicaci\u00f3n, an\u00e1lisis y evaluaci\u00f3n en temas especializados de la computaci\u00f3n.\" \/>\n<meta property=\"og:url\" content=\"https:\/\/www.ing.uc.cl\/en\/programas-de-estudio\/plan-estudios\/cuales-los-majors-los-minors-ingenieria-uc\/minor-fundamentos-cientificos-tecnologicos-la-computacion\/\" \/>\n<meta property=\"og:site_name\" content=\"Ingenier\u00eda UC\" \/>\n<meta property=\"article:publisher\" content=\"https:\/\/www.facebook.com\/EscueladeIngenieriaUniversidadCatolica\/\" \/>\n<meta property=\"article:modified_time\" content=\"2020-04-21T19:46:04+00:00\" \/>\n<meta name=\"twitter:card\" content=\"summary_large_image\" \/>\n<meta name=\"twitter:site\" content=\"@ingenieriaUC\" \/>\n<meta name=\"twitter:label1\" content=\"Est. reading time\" \/>\n\t<meta name=\"twitter:data1\" content=\"1 minute\" \/>\n<script type=\"application\/ld+json\" class=\"yoast-schema-graph\">{\"@context\":\"https:\\\/\\\/schema.org\",\"@graph\":[{\"@type\":\"WebPage\",\"@id\":\"https:\\\/\\\/www.ing.uc.cl\\\/en\\\/programas-de-estudio\\\/plan-estudios\\\/cuales-los-majors-los-minors-ingenieria-uc\\\/minor-fundamentos-cientificos-tecnologicos-la-computacion\\\/\",\"url\":\"https:\\\/\\\/www.ing.uc.cl\\\/en\\\/programas-de-estudio\\\/plan-estudios\\\/cuales-los-majors-los-minors-ingenieria-uc\\\/minor-fundamentos-cientificos-tecnologicos-la-computacion\\\/\",\"name\":\"Minor en Fundamentos Cient\u00edficos y Tecnol\u00f3gicos de la Computaci\u00f3n - Ingenier\u00eda UC\",\"isPartOf\":{\"@id\":\"https:\\\/\\\/www.ing.uc.cl\\\/#website\"},\"datePublished\":\"2017-07-14T21:28:41+00:00\",\"dateModified\":\"2020-04-21T19:46:04+00:00\",\"breadcrumb\":{\"@id\":\"https:\\\/\\\/www.ing.uc.cl\\\/en\\\/programas-de-estudio\\\/plan-estudios\\\/cuales-los-majors-los-minors-ingenieria-uc\\\/minor-fundamentos-cientificos-tecnologicos-la-computacion\\\/#breadcrumb\"},\"inLanguage\":\"en-US\",\"potentialAction\":[{\"@type\":\"ReadAction\",\"target\":[\"https:\\\/\\\/www.ing.uc.cl\\\/en\\\/programas-de-estudio\\\/plan-estudios\\\/cuales-los-majors-los-minors-ingenieria-uc\\\/minor-fundamentos-cientificos-tecnologicos-la-computacion\\\/\"]}]},{\"@type\":\"BreadcrumbList\",\"@id\":\"https:\\\/\\\/www.ing.uc.cl\\\/en\\\/programas-de-estudio\\\/plan-estudios\\\/cuales-los-majors-los-minors-ingenieria-uc\\\/minor-fundamentos-cientificos-tecnologicos-la-computacion\\\/#breadcrumb\",\"itemListElement\":[{\"@type\":\"ListItem\",\"position\":1,\"name\":\"Home\",\"item\":\"https:\\\/\\\/www.ing.uc.cl\\\/en\\\/\"},{\"@type\":\"ListItem\",\"position\":2,\"name\":\"Degrees and Programs\",\"item\":\"https:\\\/\\\/www.ing.uc.cl\\\/en\\\/programas-de-estudio\\\/\"},{\"@type\":\"ListItem\",\"position\":3,\"name\":\"Study Programs\",\"item\":\"https:\\\/\\\/www.ing.uc.cl\\\/en\\\/programas-de-estudio\\\/plan-estudios\\\/\"},{\"@type\":\"ListItem\",\"position\":4,\"name\":\"Majors and minors\",\"item\":\"https:\\\/\\\/www.ing.uc.cl\\\/en\\\/programas-de-estudio\\\/plan-estudios\\\/cuales-los-majors-los-minors-ingenieria-uc\\\/\"},{\"@type\":\"ListItem\",\"position\":5,\"name\":\"Minor en Fundamentos Cient\u00edficos y Tecnol\u00f3gicos de la Computaci\u00f3n\"}]},{\"@type\":\"WebSite\",\"@id\":\"https:\\\/\\\/www.ing.uc.cl\\\/#website\",\"url\":\"https:\\\/\\\/www.ing.uc.cl\\\/\",\"name\":\"Ingenier\u00eda UC\",\"description\":\"Ingenier\u00eda UC\",\"potentialAction\":[{\"@type\":\"SearchAction\",\"target\":{\"@type\":\"EntryPoint\",\"urlTemplate\":\"https:\\\/\\\/www.ing.uc.cl\\\/?s={search_term_string}\"},\"query-input\":{\"@type\":\"PropertyValueSpecification\",\"valueRequired\":true,\"valueName\":\"search_term_string\"}}],\"inLanguage\":\"en-US\"}]}<\/script>\n<!-- \/ Yoast SEO plugin. -->","yoast_head_json":{"title":"Minor en Fundamentos Cient\u00edficos y Tecnol\u00f3gicos de la Computaci\u00f3n - Ingenier\u00eda UC","robots":{"index":"index","follow":"follow","max-snippet":"max-snippet:-1","max-image-preview":"max-image-preview:large","max-video-preview":"max-video-preview:-1"},"canonical":"https:\/\/www.ing.uc.cl\/en\/programas-de-estudio\/plan-estudios\/cuales-los-majors-los-minors-ingenieria-uc\/minor-fundamentos-cientificos-tecnologicos-la-computacion\/","og_locale":"en_US","og_type":"article","og_title":"Minor en Fundamentos Cient\u00edficos y Tecnol\u00f3gicos de la Computaci\u00f3n - Ingenier\u00eda UC","og_description":"Orientado a estudiantes del Major en Computaci\u00f3n e Ingenier\u00eda de Software, este minor desarrolla competencias de aplicaci\u00f3n, an\u00e1lisis y evaluaci\u00f3n en temas especializados de la computaci\u00f3n.","og_url":"https:\/\/www.ing.uc.cl\/en\/programas-de-estudio\/plan-estudios\/cuales-los-majors-los-minors-ingenieria-uc\/minor-fundamentos-cientificos-tecnologicos-la-computacion\/","og_site_name":"Ingenier\u00eda UC","article_publisher":"https:\/\/www.facebook.com\/EscueladeIngenieriaUniversidadCatolica\/","article_modified_time":"2020-04-21T19:46:04+00:00","twitter_card":"summary_large_image","twitter_site":"@ingenieriaUC","twitter_misc":{"Est. reading time":"1 minute"},"schema":{"@context":"https:\/\/schema.org","@graph":[{"@type":"WebPage","@id":"https:\/\/www.ing.uc.cl\/en\/programas-de-estudio\/plan-estudios\/cuales-los-majors-los-minors-ingenieria-uc\/minor-fundamentos-cientificos-tecnologicos-la-computacion\/","url":"https:\/\/www.ing.uc.cl\/en\/programas-de-estudio\/plan-estudios\/cuales-los-majors-los-minors-ingenieria-uc\/minor-fundamentos-cientificos-tecnologicos-la-computacion\/","name":"Minor en Fundamentos Cient\u00edficos y Tecnol\u00f3gicos de la Computaci\u00f3n - Ingenier\u00eda UC","isPartOf":{"@id":"https:\/\/www.ing.uc.cl\/#website"},"datePublished":"2017-07-14T21:28:41+00:00","dateModified":"2020-04-21T19:46:04+00:00","breadcrumb":{"@id":"https:\/\/www.ing.uc.cl\/en\/programas-de-estudio\/plan-estudios\/cuales-los-majors-los-minors-ingenieria-uc\/minor-fundamentos-cientificos-tecnologicos-la-computacion\/#breadcrumb"},"inLanguage":"en-US","potentialAction":[{"@type":"ReadAction","target":["https:\/\/www.ing.uc.cl\/en\/programas-de-estudio\/plan-estudios\/cuales-los-majors-los-minors-ingenieria-uc\/minor-fundamentos-cientificos-tecnologicos-la-computacion\/"]}]},{"@type":"BreadcrumbList","@id":"https:\/\/www.ing.uc.cl\/en\/programas-de-estudio\/plan-estudios\/cuales-los-majors-los-minors-ingenieria-uc\/minor-fundamentos-cientificos-tecnologicos-la-computacion\/#breadcrumb","itemListElement":[{"@type":"ListItem","position":1,"name":"Home","item":"https:\/\/www.ing.uc.cl\/en\/"},{"@type":"ListItem","position":2,"name":"Degrees and Programs","item":"https:\/\/www.ing.uc.cl\/en\/programas-de-estudio\/"},{"@type":"ListItem","position":3,"name":"Study Programs","item":"https:\/\/www.ing.uc.cl\/en\/programas-de-estudio\/plan-estudios\/"},{"@type":"ListItem","position":4,"name":"Majors and minors","item":"https:\/\/www.ing.uc.cl\/en\/programas-de-estudio\/plan-estudios\/cuales-los-majors-los-minors-ingenieria-uc\/"},{"@type":"ListItem","position":5,"name":"Minor en Fundamentos Cient\u00edficos y Tecnol\u00f3gicos de la Computaci\u00f3n"}]},{"@type":"WebSite","@id":"https:\/\/www.ing.uc.cl\/#website","url":"https:\/\/www.ing.uc.cl\/","name":"Ingenier\u00eda UC","description":"Ingenier\u00eda UC","potentialAction":[{"@type":"SearchAction","target":{"@type":"EntryPoint","urlTemplate":"https:\/\/www.ing.uc.cl\/?s={search_term_string}"},"query-input":{"@type":"PropertyValueSpecification","valueRequired":true,"valueName":"search_term_string"}}],"inLanguage":"en-US"}]}},"_links":{"self":[{"href":"https:\/\/www.ing.uc.cl\/en\/wp-json\/wp\/v2\/pages\/60423","targetHints":{"allow":["GET"]}}],"collection":[{"href":"https:\/\/www.ing.uc.cl\/en\/wp-json\/wp\/v2\/pages"}],"about":[{"href":"https:\/\/www.ing.uc.cl\/en\/wp-json\/wp\/v2\/types\/page"}],"author":[{"embeddable":true,"href":"https:\/\/www.ing.uc.cl\/en\/wp-json\/wp\/v2\/users\/22"}],"replies":[{"embeddable":true,"href":"https:\/\/www.ing.uc.cl\/en\/wp-json\/wp\/v2\/comments?post=60423"}],"version-history":[{"count":0,"href":"https:\/\/www.ing.uc.cl\/en\/wp-json\/wp\/v2\/pages\/60423\/revisions"}],"up":[{"embeddable":true,"href":"https:\/\/www.ing.uc.cl\/en\/wp-json\/wp\/v2\/pages\/60380"}],"wp:attachment":[{"href":"https:\/\/www.ing.uc.cl\/en\/wp-json\/wp\/v2\/media?parent=60423"}],"curies":[{"name":"wp","href":"https:\/\/api.w.org\/{rel}","templated":true}]}}