
{"id":60434,"date":"2017-07-14T06:47:18","date_gmt":"2017-07-14T10:47:18","guid":{"rendered":"https:\/\/www.ing.uc.cl\/programas-de-estudio\/plan-estudios\/cuales-los-majors-los-minors-ingenieria-uc\/minor-ingenieria-construccion\/"},"modified":"2025-10-21T15:16:41","modified_gmt":"2025-10-21T18:16:41","slug":"minor-ingenieria-construccion","status":"publish","type":"page","link":"https:\/\/www.ing.uc.cl\/en\/programas-de-estudio\/pregrado\/plan-estudios\/cuales-los-majors-los-minors-ingenieria-uc\/minor-ingenieria-construccion\/","title":{"rendered":"Minor en Ingenier\u00eda de Construcci\u00f3n"},"content":{"rendered":"<p>A trav\u00e9s de la identificaci\u00f3n de problemas, planificaci\u00f3n y detalle de los procesos de construcci\u00f3n, as\u00ed como tambi\u00e9n de la administraci\u00f3n de procesos y personas, los estudiantes podr\u00e1n ampliar su formaci\u00f3n en el \u00e1rea de la ingenier\u00eda y gesti\u00f3n de la construcci\u00f3n.<\/p>\n<p>Podr\u00e1n cursar este <em>minor<\/em> los estudiantes inscritos en un programa diferente a los Majors en Ingenier\u00eda de Construcci\u00f3n e Ingenier\u00eda y Arquitectura.<\/p>\n<h3>M\u00ednimos<\/h3>\n<ul>\n<li>ICC2105 Materiales de Ingenier\u00eda Civil<\/li>\n<li>ICC2204 Planificaci\u00f3n y Control de Proyectos<\/li>\n<li>ICC2304 Ingenier\u00eda de Construcci\u00f3n<\/li>\n<\/ul>\n<h3>Optativos<\/h3>\n<p>Elegir 20 cr\u00e9ditos entre:<\/p>\n<ul>\n<li>ICE2006 Est\u00e1tica<\/li>\n<li>ICE2313 Mec\u00e1nica de S\u00f3lidos<\/li>\n<li>ICE2604 Fundamentos de Geotecnia<\/li>\n<li>ICC2424 Construcci\u00f3n de Obras Civiles<\/li>\n<li>ICC2514 Ingenier\u00eda Vial<\/li>\n<\/ul>\n<h3>Optativos complementarios (*)<\/h3>\n<ul>\n<li>ICC2454 Dise\u00f1o y Construcci\u00f3n en Madera<\/li>\n<li>ICC2414 Topograf\u00eda y Geoinformaci\u00f3n Aplicada<\/li>\n<li>ICC2354 Dise\u00f1o de Edificios Sustentables<\/li>\n<li>ICC3464 Sustentabilidad en la Construcci\u00f3n<\/li>\n<li>ICC3470 Construcci\u00f3n Avanzada de T\u00faneles<\/li>\n<li>ICC2312 Instalaciones en Edificios<\/li>\n<li>ICC2913 Tecnolog\u00edas de Informaci\u00f3n en Construcci\u00f3n<\/li>\n<\/ul>\n<p>(*) En caso de haber cursado previamente alguno de los cursos m\u00ednimos, se deber\u00e1n aprobar los cursos necesarios de la lista, para completar los 50 cr\u00e9ditos requeridos por este <em>minor<\/em>.<\/p>\n<p><i>El listado de cursos est\u00e1 sujeto a modificaciones conforme a la planificaci\u00f3n acad\u00e9mica vigente al momento de inscribir cursos.\u00a0<\/i><i>Recuerda estar siempre informado de la \u00faltima actualizaci\u00f3n del Plan de Estudio.<\/i><\/p>\n","protected":false},"excerpt":{"rendered":"<p>Este programa est\u00e1 orientado a estudiantes que deseen ampliar su formaci\u00f3n en el \u00e1rea de ingenier\u00eda y gesti\u00f3n de la construcci\u00f3n. <\/p>\n","protected":false},"author":22,"featured_media":0,"parent":60380,"menu_order":999,"comment_status":"closed","ping_status":"closed","template":"template-plan-de-estudios.php","meta":{"_acf_changed":false,"footnotes":""},"class_list":["post-60434","page","type-page","status-publish","hentry"],"acf":[],"yoast_head":"<!-- This site is optimized with the Yoast SEO plugin v27.3 - https:\/\/yoast.com\/product\/yoast-seo-wordpress\/ -->\n<title>Minor en Ingenier\u00eda de Construcci\u00f3n - Ingenier\u00eda UC<\/title>\n<meta name=\"robots\" content=\"index, follow, max-snippet:-1, max-image-preview:large, max-video-preview:-1\" \/>\n<link rel=\"canonical\" href=\"https:\/\/www.ing.uc.cl\/en\/programas-de-estudio\/pregrado\/plan-estudios\/cuales-los-majors-los-minors-ingenieria-uc\/minor-ingenieria-construccion\/\" \/>\n<meta property=\"og:locale\" content=\"en_US\" \/>\n<meta property=\"og:type\" content=\"article\" \/>\n<meta property=\"og:title\" content=\"Minor en Ingenier\u00eda de Construcci\u00f3n - Ingenier\u00eda UC\" \/>\n<meta property=\"og:description\" content=\"Este programa est\u00e1 orientado a estudiantes que deseen ampliar su formaci\u00f3n en el \u00e1rea de ingenier\u00eda y gesti\u00f3n de la construcci\u00f3n.\" \/>\n<meta property=\"og:url\" content=\"https:\/\/www.ing.uc.cl\/en\/programas-de-estudio\/pregrado\/plan-estudios\/cuales-los-majors-los-minors-ingenieria-uc\/minor-ingenieria-construccion\/\" \/>\n<meta property=\"og:site_name\" content=\"Ingenier\u00eda UC\" \/>\n<meta property=\"article:publisher\" content=\"https:\/\/www.facebook.com\/EscueladeIngenieriaUniversidadCatolica\/\" \/>\n<meta property=\"article:modified_time\" content=\"2025-10-21T18:16:41+00:00\" \/>\n<meta name=\"twitter:card\" content=\"summary_large_image\" \/>\n<meta name=\"twitter:site\" content=\"@ingenieriaUC\" \/>\n<meta name=\"twitter:label1\" content=\"Est. reading time\" \/>\n\t<meta name=\"twitter:data1\" content=\"1 minute\" \/>\n<script type=\"application\/ld+json\" class=\"yoast-schema-graph\">{\"@context\":\"https:\\\/\\\/schema.org\",\"@graph\":[{\"@type\":\"WebPage\",\"@id\":\"https:\\\/\\\/www.ing.uc.cl\\\/en\\\/programas-de-estudio\\\/pregrado\\\/plan-estudios\\\/cuales-los-majors-los-minors-ingenieria-uc\\\/minor-ingenieria-construccion\\\/\",\"url\":\"https:\\\/\\\/www.ing.uc.cl\\\/en\\\/programas-de-estudio\\\/pregrado\\\/plan-estudios\\\/cuales-los-majors-los-minors-ingenieria-uc\\\/minor-ingenieria-construccion\\\/\",\"name\":\"Minor en Ingenier\u00eda de Construcci\u00f3n - Ingenier\u00eda UC\",\"isPartOf\":{\"@id\":\"https:\\\/\\\/www.ing.uc.cl\\\/#website\"},\"datePublished\":\"2017-07-14T10:47:18+00:00\",\"dateModified\":\"2025-10-21T18:16:41+00:00\",\"breadcrumb\":{\"@id\":\"https:\\\/\\\/www.ing.uc.cl\\\/en\\\/programas-de-estudio\\\/pregrado\\\/plan-estudios\\\/cuales-los-majors-los-minors-ingenieria-uc\\\/minor-ingenieria-construccion\\\/#breadcrumb\"},\"inLanguage\":\"en-US\",\"potentialAction\":[{\"@type\":\"ReadAction\",\"target\":[\"https:\\\/\\\/www.ing.uc.cl\\\/en\\\/programas-de-estudio\\\/pregrado\\\/plan-estudios\\\/cuales-los-majors-los-minors-ingenieria-uc\\\/minor-ingenieria-construccion\\\/\"]}]},{\"@type\":\"BreadcrumbList\",\"@id\":\"https:\\\/\\\/www.ing.uc.cl\\\/en\\\/programas-de-estudio\\\/pregrado\\\/plan-estudios\\\/cuales-los-majors-los-minors-ingenieria-uc\\\/minor-ingenieria-construccion\\\/#breadcrumb\",\"itemListElement\":[{\"@type\":\"ListItem\",\"position\":1,\"name\":\"Home\",\"item\":\"https:\\\/\\\/www.ing.uc.cl\\\/en\\\/\"},{\"@type\":\"ListItem\",\"position\":2,\"name\":\"Degrees and Programs\",\"item\":\"https:\\\/\\\/www.ing.uc.cl\\\/en\\\/programas-de-estudio\\\/\"},{\"@type\":\"ListItem\",\"position\":3,\"name\":\"Undergraduates\",\"item\":\"https:\\\/\\\/www.ing.uc.cl\\\/en\\\/programas-de-estudio\\\/pregrado\\\/\"},{\"@type\":\"ListItem\",\"position\":4,\"name\":\"Study Programs\",\"item\":\"https:\\\/\\\/www.ing.uc.cl\\\/en\\\/programas-de-estudio\\\/plan-estudios\\\/\"},{\"@type\":\"ListItem\",\"position\":5,\"name\":\"Majors and minors\",\"item\":\"https:\\\/\\\/www.ing.uc.cl\\\/en\\\/programas-de-estudio\\\/plan-estudios\\\/cuales-los-majors-los-minors-ingenieria-uc\\\/\"},{\"@type\":\"ListItem\",\"position\":6,\"name\":\"Minor en Ingenier\u00eda de Construcci\u00f3n\"}]},{\"@type\":\"WebSite\",\"@id\":\"https:\\\/\\\/www.ing.uc.cl\\\/#website\",\"url\":\"https:\\\/\\\/www.ing.uc.cl\\\/\",\"name\":\"Ingenier\u00eda UC\",\"description\":\"Ingenier\u00eda UC\",\"potentialAction\":[{\"@type\":\"SearchAction\",\"target\":{\"@type\":\"EntryPoint\",\"urlTemplate\":\"https:\\\/\\\/www.ing.uc.cl\\\/?s={search_term_string}\"},\"query-input\":{\"@type\":\"PropertyValueSpecification\",\"valueRequired\":true,\"valueName\":\"search_term_string\"}}],\"inLanguage\":\"en-US\"}]}<\/script>\n<!-- \/ Yoast SEO plugin. -->","yoast_head_json":{"title":"Minor en Ingenier\u00eda de Construcci\u00f3n - Ingenier\u00eda UC","robots":{"index":"index","follow":"follow","max-snippet":"max-snippet:-1","max-image-preview":"max-image-preview:large","max-video-preview":"max-video-preview:-1"},"canonical":"https:\/\/www.ing.uc.cl\/en\/programas-de-estudio\/pregrado\/plan-estudios\/cuales-los-majors-los-minors-ingenieria-uc\/minor-ingenieria-construccion\/","og_locale":"en_US","og_type":"article","og_title":"Minor en Ingenier\u00eda de Construcci\u00f3n - Ingenier\u00eda UC","og_description":"Este programa est\u00e1 orientado a estudiantes que deseen ampliar su formaci\u00f3n en el \u00e1rea de ingenier\u00eda y gesti\u00f3n de la construcci\u00f3n.","og_url":"https:\/\/www.ing.uc.cl\/en\/programas-de-estudio\/pregrado\/plan-estudios\/cuales-los-majors-los-minors-ingenieria-uc\/minor-ingenieria-construccion\/","og_site_name":"Ingenier\u00eda UC","article_publisher":"https:\/\/www.facebook.com\/EscueladeIngenieriaUniversidadCatolica\/","article_modified_time":"2025-10-21T18:16:41+00:00","twitter_card":"summary_large_image","twitter_site":"@ingenieriaUC","twitter_misc":{"Est. reading time":"1 minute"},"schema":{"@context":"https:\/\/schema.org","@graph":[{"@type":"WebPage","@id":"https:\/\/www.ing.uc.cl\/en\/programas-de-estudio\/pregrado\/plan-estudios\/cuales-los-majors-los-minors-ingenieria-uc\/minor-ingenieria-construccion\/","url":"https:\/\/www.ing.uc.cl\/en\/programas-de-estudio\/pregrado\/plan-estudios\/cuales-los-majors-los-minors-ingenieria-uc\/minor-ingenieria-construccion\/","name":"Minor en Ingenier\u00eda de Construcci\u00f3n - Ingenier\u00eda UC","isPartOf":{"@id":"https:\/\/www.ing.uc.cl\/#website"},"datePublished":"2017-07-14T10:47:18+00:00","dateModified":"2025-10-21T18:16:41+00:00","breadcrumb":{"@id":"https:\/\/www.ing.uc.cl\/en\/programas-de-estudio\/pregrado\/plan-estudios\/cuales-los-majors-los-minors-ingenieria-uc\/minor-ingenieria-construccion\/#breadcrumb"},"inLanguage":"en-US","potentialAction":[{"@type":"ReadAction","target":["https:\/\/www.ing.uc.cl\/en\/programas-de-estudio\/pregrado\/plan-estudios\/cuales-los-majors-los-minors-ingenieria-uc\/minor-ingenieria-construccion\/"]}]},{"@type":"BreadcrumbList","@id":"https:\/\/www.ing.uc.cl\/en\/programas-de-estudio\/pregrado\/plan-estudios\/cuales-los-majors-los-minors-ingenieria-uc\/minor-ingenieria-construccion\/#breadcrumb","itemListElement":[{"@type":"ListItem","position":1,"name":"Home","item":"https:\/\/www.ing.uc.cl\/en\/"},{"@type":"ListItem","position":2,"name":"Degrees and Programs","item":"https:\/\/www.ing.uc.cl\/en\/programas-de-estudio\/"},{"@type":"ListItem","position":3,"name":"Undergraduates","item":"https:\/\/www.ing.uc.cl\/en\/programas-de-estudio\/pregrado\/"},{"@type":"ListItem","position":4,"name":"Study Programs","item":"https:\/\/www.ing.uc.cl\/en\/programas-de-estudio\/plan-estudios\/"},{"@type":"ListItem","position":5,"name":"Majors and minors","item":"https:\/\/www.ing.uc.cl\/en\/programas-de-estudio\/plan-estudios\/cuales-los-majors-los-minors-ingenieria-uc\/"},{"@type":"ListItem","position":6,"name":"Minor en Ingenier\u00eda de Construcci\u00f3n"}]},{"@type":"WebSite","@id":"https:\/\/www.ing.uc.cl\/#website","url":"https:\/\/www.ing.uc.cl\/","name":"Ingenier\u00eda UC","description":"Ingenier\u00eda UC","potentialAction":[{"@type":"SearchAction","target":{"@type":"EntryPoint","urlTemplate":"https:\/\/www.ing.uc.cl\/?s={search_term_string}"},"query-input":{"@type":"PropertyValueSpecification","valueRequired":true,"valueName":"search_term_string"}}],"inLanguage":"en-US"}]}},"_links":{"self":[{"href":"https:\/\/www.ing.uc.cl\/en\/wp-json\/wp\/v2\/pages\/60434","targetHints":{"allow":["GET"]}}],"collection":[{"href":"https:\/\/www.ing.uc.cl\/en\/wp-json\/wp\/v2\/pages"}],"about":[{"href":"https:\/\/www.ing.uc.cl\/en\/wp-json\/wp\/v2\/types\/page"}],"author":[{"embeddable":true,"href":"https:\/\/www.ing.uc.cl\/en\/wp-json\/wp\/v2\/users\/22"}],"replies":[{"embeddable":true,"href":"https:\/\/www.ing.uc.cl\/en\/wp-json\/wp\/v2\/comments?post=60434"}],"version-history":[{"count":0,"href":"https:\/\/www.ing.uc.cl\/en\/wp-json\/wp\/v2\/pages\/60434\/revisions"}],"up":[{"embeddable":true,"href":"https:\/\/www.ing.uc.cl\/en\/wp-json\/wp\/v2\/pages\/60380"}],"wp:attachment":[{"href":"https:\/\/www.ing.uc.cl\/en\/wp-json\/wp\/v2\/media?parent=60434"}],"curies":[{"name":"wp","href":"https:\/\/api.w.org\/{rel}","templated":true}]}}