
{"id":60440,"date":"2017-07-14T16:05:50","date_gmt":"2017-07-14T20:05:50","guid":{"rendered":"https:\/\/www.ing.uc.cl\/programas-de-estudio\/plan-estudios\/cuales-los-majors-los-minors-ingenieria-uc\/minor-ingenieria-matematica\/"},"modified":"2025-01-03T14:15:59","modified_gmt":"2025-01-03T17:15:59","slug":"minor-ingenieria-matematica","status":"publish","type":"page","link":"https:\/\/www.ing.uc.cl\/en\/programas-de-estudio\/pregrado\/plan-estudios\/cuales-los-majors-los-minors-ingenieria-uc\/minor-ingenieria-matematica\/","title":{"rendered":"Minor en Ingenier\u00eda Matem\u00e1tica"},"content":{"rendered":"<p>A lo largo del <em>minor<\/em> los alumnos conocer\u00e1n conceptos avanzados de modelaci\u00f3n matem\u00e1tica y an\u00e1lisis y procesamiento de datos, adem\u00e1s de m\u00e9todos de simulaci\u00f3n num\u00e9rica y su evaluaci\u00f3n.<\/p>\n<p>A trav\u00e9s de estos conocimientos, el estudiante podr\u00e1 abordar, modelar, y ofrecer soluciones a problemas de alta complejidad presentes aportando en su especialidad.<\/p>\n<p>Podr\u00e1n cursar este <em>minor<\/em> los alumnos inscritos en un programa diferente al Major en Ingenier\u00eda Matem\u00e1tica.<\/p>\n<h3>M\u00ednimos<\/h3>\n<ul>\n<li>MAT2605 C\u00e1lculo Cient\u00edfico I<\/li>\n<li>MAT251I An\u00e1lisis Real<\/li>\n<li>IIC1253 Matem\u00e1ticas Discretas<\/li>\n<li>MAT253I Teor\u00eda de Integraci\u00f3n<\/li>\n<li>EYP2114 Inferencia Estad\u00edstica<\/li>\n<\/ul>\n<h3><strong>Optativos complementarios (*)<\/strong><\/h3>\n<ul>\n<li>ICS113H Optimizaci\u00f3n-Honors<\/li>\n<li>IIC2233 Programaci\u00f3n Avanzada<\/li>\n<li>IMT2111 \u00c1lgebra Lineal Num\u00e9rica<\/li>\n<li>IMT2112 Algoritmos Paralelos en Computaci\u00f3n Cient\u00edfica<\/li>\n<li>IMT2113 An\u00e1lisis de Fourier Aplicado<\/li>\n<li>IMT2115 Control de Sistemas Lineales<\/li>\n<li>MAT255I An\u00e1lisis Funcional<\/li>\n<li>MAT2615 C\u00e1lculo Cient\u00edfico II<\/li>\n<li>MAT2320 Introducci\u00f3n a M\u00e9todos Matem\u00e1ticos para Aprendizaje Profundo<\/li>\n<\/ul>\n<p>(*) En caso de haber cursado previamente alguno de los cursos m\u00ednimos, se deber\u00e1n aprobar los cursos necesarios de la siguiente lista, para completar los 50 cr\u00e9ditos requeridos por este minor.<\/p>\n<p><em>El listado de cursos est\u00e1 sujeto a modificaciones conforme a la planificaci\u00f3n acad\u00e9mica vigente al momento de inscribir cursos. Recuerda estar siempre informado de la \u00faltima actualizaci\u00f3n del Plan de Estudio<\/em>.<\/p>\n","protected":false},"excerpt":{"rendered":"<p>Este programa est\u00e1 orientado a estudiantes que deseen complementar su formaci\u00f3n acad\u00e9mica al incorporar conceptos y m\u00e9todos propios de la ingenier\u00eda matem\u00e1tica y computacional.<\/p>\n","protected":false},"author":22,"featured_media":0,"parent":60380,"menu_order":999,"comment_status":"closed","ping_status":"closed","template":"template-plan-de-estudios.php","meta":{"_acf_changed":false,"footnotes":""},"class_list":["post-60440","page","type-page","status-publish","hentry"],"acf":[],"yoast_head":"<!-- This site is optimized with the Yoast SEO plugin v27.3 - https:\/\/yoast.com\/product\/yoast-seo-wordpress\/ -->\n<title>Minor en Ingenier\u00eda Matem\u00e1tica - Ingenier\u00eda UC<\/title>\n<meta name=\"robots\" content=\"index, follow, max-snippet:-1, max-image-preview:large, max-video-preview:-1\" \/>\n<link rel=\"canonical\" href=\"https:\/\/www.ing.uc.cl\/en\/programas-de-estudio\/pregrado\/plan-estudios\/cuales-los-majors-los-minors-ingenieria-uc\/minor-ingenieria-matematica\/\" \/>\n<meta property=\"og:locale\" content=\"en_US\" \/>\n<meta property=\"og:type\" content=\"article\" \/>\n<meta property=\"og:title\" content=\"Minor en Ingenier\u00eda Matem\u00e1tica - Ingenier\u00eda UC\" \/>\n<meta property=\"og:description\" content=\"Este programa est\u00e1 orientado a estudiantes que deseen complementar su formaci\u00f3n acad\u00e9mica al incorporar conceptos y m\u00e9todos propios de la ingenier\u00eda matem\u00e1tica y computacional.\" \/>\n<meta property=\"og:url\" content=\"https:\/\/www.ing.uc.cl\/en\/programas-de-estudio\/pregrado\/plan-estudios\/cuales-los-majors-los-minors-ingenieria-uc\/minor-ingenieria-matematica\/\" \/>\n<meta property=\"og:site_name\" content=\"Ingenier\u00eda UC\" \/>\n<meta property=\"article:publisher\" content=\"https:\/\/www.facebook.com\/EscueladeIngenieriaUniversidadCatolica\/\" \/>\n<meta property=\"article:modified_time\" content=\"2025-01-03T17:15:59+00:00\" \/>\n<meta name=\"twitter:card\" content=\"summary_large_image\" \/>\n<meta name=\"twitter:site\" content=\"@ingenieriaUC\" \/>\n<meta name=\"twitter:label1\" content=\"Est. reading time\" \/>\n\t<meta name=\"twitter:data1\" content=\"1 minute\" \/>\n<script type=\"application\/ld+json\" class=\"yoast-schema-graph\">{\"@context\":\"https:\\\/\\\/schema.org\",\"@graph\":[{\"@type\":\"WebPage\",\"@id\":\"https:\\\/\\\/www.ing.uc.cl\\\/en\\\/programas-de-estudio\\\/pregrado\\\/plan-estudios\\\/cuales-los-majors-los-minors-ingenieria-uc\\\/minor-ingenieria-matematica\\\/\",\"url\":\"https:\\\/\\\/www.ing.uc.cl\\\/en\\\/programas-de-estudio\\\/pregrado\\\/plan-estudios\\\/cuales-los-majors-los-minors-ingenieria-uc\\\/minor-ingenieria-matematica\\\/\",\"name\":\"Minor en Ingenier\u00eda Matem\u00e1tica - Ingenier\u00eda UC\",\"isPartOf\":{\"@id\":\"https:\\\/\\\/www.ing.uc.cl\\\/#website\"},\"datePublished\":\"2017-07-14T20:05:50+00:00\",\"dateModified\":\"2025-01-03T17:15:59+00:00\",\"breadcrumb\":{\"@id\":\"https:\\\/\\\/www.ing.uc.cl\\\/en\\\/programas-de-estudio\\\/pregrado\\\/plan-estudios\\\/cuales-los-majors-los-minors-ingenieria-uc\\\/minor-ingenieria-matematica\\\/#breadcrumb\"},\"inLanguage\":\"en-US\",\"potentialAction\":[{\"@type\":\"ReadAction\",\"target\":[\"https:\\\/\\\/www.ing.uc.cl\\\/en\\\/programas-de-estudio\\\/pregrado\\\/plan-estudios\\\/cuales-los-majors-los-minors-ingenieria-uc\\\/minor-ingenieria-matematica\\\/\"]}]},{\"@type\":\"BreadcrumbList\",\"@id\":\"https:\\\/\\\/www.ing.uc.cl\\\/en\\\/programas-de-estudio\\\/pregrado\\\/plan-estudios\\\/cuales-los-majors-los-minors-ingenieria-uc\\\/minor-ingenieria-matematica\\\/#breadcrumb\",\"itemListElement\":[{\"@type\":\"ListItem\",\"position\":1,\"name\":\"Home\",\"item\":\"https:\\\/\\\/www.ing.uc.cl\\\/en\\\/\"},{\"@type\":\"ListItem\",\"position\":2,\"name\":\"Degrees and Programs\",\"item\":\"https:\\\/\\\/www.ing.uc.cl\\\/en\\\/programas-de-estudio\\\/\"},{\"@type\":\"ListItem\",\"position\":3,\"name\":\"Undergraduates\",\"item\":\"https:\\\/\\\/www.ing.uc.cl\\\/en\\\/programas-de-estudio\\\/pregrado\\\/\"},{\"@type\":\"ListItem\",\"position\":4,\"name\":\"Study Programs\",\"item\":\"https:\\\/\\\/www.ing.uc.cl\\\/en\\\/programas-de-estudio\\\/plan-estudios\\\/\"},{\"@type\":\"ListItem\",\"position\":5,\"name\":\"Majors and minors\",\"item\":\"https:\\\/\\\/www.ing.uc.cl\\\/en\\\/programas-de-estudio\\\/plan-estudios\\\/cuales-los-majors-los-minors-ingenieria-uc\\\/\"},{\"@type\":\"ListItem\",\"position\":6,\"name\":\"Minor en Ingenier\u00eda Matem\u00e1tica\"}]},{\"@type\":\"WebSite\",\"@id\":\"https:\\\/\\\/www.ing.uc.cl\\\/#website\",\"url\":\"https:\\\/\\\/www.ing.uc.cl\\\/\",\"name\":\"Ingenier\u00eda UC\",\"description\":\"Ingenier\u00eda UC\",\"potentialAction\":[{\"@type\":\"SearchAction\",\"target\":{\"@type\":\"EntryPoint\",\"urlTemplate\":\"https:\\\/\\\/www.ing.uc.cl\\\/?s={search_term_string}\"},\"query-input\":{\"@type\":\"PropertyValueSpecification\",\"valueRequired\":true,\"valueName\":\"search_term_string\"}}],\"inLanguage\":\"en-US\"}]}<\/script>\n<!-- \/ Yoast SEO plugin. -->","yoast_head_json":{"title":"Minor en Ingenier\u00eda Matem\u00e1tica - Ingenier\u00eda UC","robots":{"index":"index","follow":"follow","max-snippet":"max-snippet:-1","max-image-preview":"max-image-preview:large","max-video-preview":"max-video-preview:-1"},"canonical":"https:\/\/www.ing.uc.cl\/en\/programas-de-estudio\/pregrado\/plan-estudios\/cuales-los-majors-los-minors-ingenieria-uc\/minor-ingenieria-matematica\/","og_locale":"en_US","og_type":"article","og_title":"Minor en Ingenier\u00eda Matem\u00e1tica - Ingenier\u00eda UC","og_description":"Este programa est\u00e1 orientado a estudiantes que deseen complementar su formaci\u00f3n acad\u00e9mica al incorporar conceptos y m\u00e9todos propios de la ingenier\u00eda matem\u00e1tica y computacional.","og_url":"https:\/\/www.ing.uc.cl\/en\/programas-de-estudio\/pregrado\/plan-estudios\/cuales-los-majors-los-minors-ingenieria-uc\/minor-ingenieria-matematica\/","og_site_name":"Ingenier\u00eda UC","article_publisher":"https:\/\/www.facebook.com\/EscueladeIngenieriaUniversidadCatolica\/","article_modified_time":"2025-01-03T17:15:59+00:00","twitter_card":"summary_large_image","twitter_site":"@ingenieriaUC","twitter_misc":{"Est. reading time":"1 minute"},"schema":{"@context":"https:\/\/schema.org","@graph":[{"@type":"WebPage","@id":"https:\/\/www.ing.uc.cl\/en\/programas-de-estudio\/pregrado\/plan-estudios\/cuales-los-majors-los-minors-ingenieria-uc\/minor-ingenieria-matematica\/","url":"https:\/\/www.ing.uc.cl\/en\/programas-de-estudio\/pregrado\/plan-estudios\/cuales-los-majors-los-minors-ingenieria-uc\/minor-ingenieria-matematica\/","name":"Minor en Ingenier\u00eda Matem\u00e1tica - Ingenier\u00eda UC","isPartOf":{"@id":"https:\/\/www.ing.uc.cl\/#website"},"datePublished":"2017-07-14T20:05:50+00:00","dateModified":"2025-01-03T17:15:59+00:00","breadcrumb":{"@id":"https:\/\/www.ing.uc.cl\/en\/programas-de-estudio\/pregrado\/plan-estudios\/cuales-los-majors-los-minors-ingenieria-uc\/minor-ingenieria-matematica\/#breadcrumb"},"inLanguage":"en-US","potentialAction":[{"@type":"ReadAction","target":["https:\/\/www.ing.uc.cl\/en\/programas-de-estudio\/pregrado\/plan-estudios\/cuales-los-majors-los-minors-ingenieria-uc\/minor-ingenieria-matematica\/"]}]},{"@type":"BreadcrumbList","@id":"https:\/\/www.ing.uc.cl\/en\/programas-de-estudio\/pregrado\/plan-estudios\/cuales-los-majors-los-minors-ingenieria-uc\/minor-ingenieria-matematica\/#breadcrumb","itemListElement":[{"@type":"ListItem","position":1,"name":"Home","item":"https:\/\/www.ing.uc.cl\/en\/"},{"@type":"ListItem","position":2,"name":"Degrees and Programs","item":"https:\/\/www.ing.uc.cl\/en\/programas-de-estudio\/"},{"@type":"ListItem","position":3,"name":"Undergraduates","item":"https:\/\/www.ing.uc.cl\/en\/programas-de-estudio\/pregrado\/"},{"@type":"ListItem","position":4,"name":"Study Programs","item":"https:\/\/www.ing.uc.cl\/en\/programas-de-estudio\/plan-estudios\/"},{"@type":"ListItem","position":5,"name":"Majors and minors","item":"https:\/\/www.ing.uc.cl\/en\/programas-de-estudio\/plan-estudios\/cuales-los-majors-los-minors-ingenieria-uc\/"},{"@type":"ListItem","position":6,"name":"Minor en Ingenier\u00eda Matem\u00e1tica"}]},{"@type":"WebSite","@id":"https:\/\/www.ing.uc.cl\/#website","url":"https:\/\/www.ing.uc.cl\/","name":"Ingenier\u00eda UC","description":"Ingenier\u00eda UC","potentialAction":[{"@type":"SearchAction","target":{"@type":"EntryPoint","urlTemplate":"https:\/\/www.ing.uc.cl\/?s={search_term_string}"},"query-input":{"@type":"PropertyValueSpecification","valueRequired":true,"valueName":"search_term_string"}}],"inLanguage":"en-US"}]}},"_links":{"self":[{"href":"https:\/\/www.ing.uc.cl\/en\/wp-json\/wp\/v2\/pages\/60440","targetHints":{"allow":["GET"]}}],"collection":[{"href":"https:\/\/www.ing.uc.cl\/en\/wp-json\/wp\/v2\/pages"}],"about":[{"href":"https:\/\/www.ing.uc.cl\/en\/wp-json\/wp\/v2\/types\/page"}],"author":[{"embeddable":true,"href":"https:\/\/www.ing.uc.cl\/en\/wp-json\/wp\/v2\/users\/22"}],"replies":[{"embeddable":true,"href":"https:\/\/www.ing.uc.cl\/en\/wp-json\/wp\/v2\/comments?post=60440"}],"version-history":[{"count":0,"href":"https:\/\/www.ing.uc.cl\/en\/wp-json\/wp\/v2\/pages\/60440\/revisions"}],"up":[{"embeddable":true,"href":"https:\/\/www.ing.uc.cl\/en\/wp-json\/wp\/v2\/pages\/60380"}],"wp:attachment":[{"href":"https:\/\/www.ing.uc.cl\/en\/wp-json\/wp\/v2\/media?parent=60440"}],"curies":[{"name":"wp","href":"https:\/\/api.w.org\/{rel}","templated":true}]}}