
{"id":60446,"date":"2017-07-16T13:46:33","date_gmt":"2017-07-16T17:46:33","guid":{"rendered":"https:\/\/www.ing.uc.cl\/programas-de-estudio\/plan-estudios\/cuales-los-majors-los-minors-ingenieria-uc\/minor-logistica-minera-transporte\/"},"modified":"2017-07-16T13:46:33","modified_gmt":"2017-07-16T17:46:33","slug":"minor-logistica-minera-transporte","status":"publish","type":"page","link":"https:\/\/www.ing.uc.cl\/en\/programas-de-estudio\/pregrado\/plan-estudios\/cuales-los-majors-los-minors-ingenieria-uc\/minor-logistica-minera-transporte\/","title":{"rendered":"Minor en Log\u00edstica Minera (para Transporte)"},"content":{"rendered":"<h3>M\u00ednimos<\/h3>\n<ul>\n<li>IMM2003 Geolog\u00eda Minera<\/li>\n<li>ICS2123 Modelos Estoc\u00e1sticos<\/li>\n<li>IMM2013 Miner\u00eda a Cielo Abierto<\/li>\n<li>ICT2443 Ingenier\u00eda Log\u00edstica<\/li>\n<li>IMM2023 Procesos Mineral\u00fargicos<\/li>\n<\/ul>\n<h3>Optativos complementarios (*)<\/h3>\n<ul>\n<li>ICT3463 M\u00e9todos Avanzados para Sistemas de Transporte y Log\u00edstica<\/li>\n<li>ICT3352 Teor\u00eda de Colas (**)<\/li>\n<li>ICT3454 An\u00e1lisis de Sistemas Log\u00edsticos (**)<\/li>\n<li>IMM2043 Miner\u00eda Subterr\u00e1nea<\/li>\n<li>IMM2053 Procesos Metal\u00fargicos<\/li>\n<li>IMM2521 Tecnolog\u00edas Mineras<\/li>\n<li>IMM3313 Planificaci\u00f3n Minera<\/li>\n<li>IMM3323 Gesti\u00f3n de Equipos y Automatizaci\u00f3n Minera<\/li>\n<\/ul>\n<p>(*) En caso de haber cursado previamente alguno de los cursos m\u00ednimos, se deber\u00e1n aprobar los cursos necesarios de la lista, para completar los 50 cr\u00e9ditos requeridos por este <em>minor<\/em>.<\/p>\n<p>(**) Debido a que este curso tiene 5 cr\u00e9ditos, deber\u00e1 aprobarse en conjunto con el curso ICT3352 \u2013 Teor\u00eda de colas o ICT3454 \u2013 An\u00e1lisis de sistemas log\u00edsticos, seg\u00fan corresponda.<\/p>\n<p><i>El listado de cursos est\u00e1 sujeto a modificaciones conforme a la planificaci\u00f3n acad\u00e9mica vigente al momento de inscribir cursos.\u00a0<\/i><i>Recuerda estar siempre informado de la \u00faltima actualizaci\u00f3n del Plan de Estudio.<\/i><\/p>\n","protected":false},"excerpt":{"rendered":"<p>Este minor est\u00e1 orientado a estudiantes del Major en Sistemas de Transporte que deseen profundizar en temas de log\u00edstica y su aplicaci\u00f3n en la industria minera.<\/p>\n","protected":false},"author":22,"featured_media":0,"parent":60380,"menu_order":999,"comment_status":"closed","ping_status":"closed","template":"template-plan-de-estudios.php","meta":{"_acf_changed":false,"footnotes":""},"class_list":["post-60446","page","type-page","status-publish","hentry"],"acf":[],"yoast_head":"<!-- This site is optimized with the Yoast SEO plugin v27.3 - https:\/\/yoast.com\/product\/yoast-seo-wordpress\/ -->\n<title>Minor en Log\u00edstica Minera (para Transporte) - Ingenier\u00eda UC<\/title>\n<meta name=\"robots\" content=\"index, follow, max-snippet:-1, max-image-preview:large, max-video-preview:-1\" \/>\n<link rel=\"canonical\" href=\"https:\/\/www.ing.uc.cl\/en\/programas-de-estudio\/plan-estudios\/cuales-los-majors-los-minors-ingenieria-uc\/minor-logistica-minera-transporte\/\" \/>\n<meta property=\"og:locale\" content=\"en_US\" \/>\n<meta property=\"og:type\" content=\"article\" \/>\n<meta property=\"og:title\" content=\"Minor en Log\u00edstica Minera (para Transporte) - Ingenier\u00eda UC\" \/>\n<meta property=\"og:description\" content=\"Este minor est\u00e1 orientado a estudiantes del Major en Sistemas de Transporte que deseen profundizar en temas de log\u00edstica y su aplicaci\u00f3n en la industria minera.\" \/>\n<meta property=\"og:url\" content=\"https:\/\/www.ing.uc.cl\/en\/programas-de-estudio\/plan-estudios\/cuales-los-majors-los-minors-ingenieria-uc\/minor-logistica-minera-transporte\/\" \/>\n<meta property=\"og:site_name\" content=\"Ingenier\u00eda UC\" \/>\n<meta property=\"article:publisher\" content=\"https:\/\/www.facebook.com\/EscueladeIngenieriaUniversidadCatolica\/\" \/>\n<meta name=\"twitter:card\" content=\"summary_large_image\" \/>\n<meta name=\"twitter:site\" content=\"@ingenieriaUC\" \/>\n<meta name=\"twitter:label1\" content=\"Est. reading time\" \/>\n\t<meta name=\"twitter:data1\" content=\"1 minute\" \/>\n<script type=\"application\/ld+json\" class=\"yoast-schema-graph\">{\"@context\":\"https:\\\/\\\/schema.org\",\"@graph\":[{\"@type\":\"WebPage\",\"@id\":\"https:\\\/\\\/www.ing.uc.cl\\\/en\\\/programas-de-estudio\\\/plan-estudios\\\/cuales-los-majors-los-minors-ingenieria-uc\\\/minor-logistica-minera-transporte\\\/\",\"url\":\"https:\\\/\\\/www.ing.uc.cl\\\/en\\\/programas-de-estudio\\\/plan-estudios\\\/cuales-los-majors-los-minors-ingenieria-uc\\\/minor-logistica-minera-transporte\\\/\",\"name\":\"Minor en Log\u00edstica Minera (para Transporte) - Ingenier\u00eda UC\",\"isPartOf\":{\"@id\":\"https:\\\/\\\/www.ing.uc.cl\\\/#website\"},\"datePublished\":\"2017-07-16T17:46:33+00:00\",\"breadcrumb\":{\"@id\":\"https:\\\/\\\/www.ing.uc.cl\\\/en\\\/programas-de-estudio\\\/plan-estudios\\\/cuales-los-majors-los-minors-ingenieria-uc\\\/minor-logistica-minera-transporte\\\/#breadcrumb\"},\"inLanguage\":\"en-US\",\"potentialAction\":[{\"@type\":\"ReadAction\",\"target\":[\"https:\\\/\\\/www.ing.uc.cl\\\/en\\\/programas-de-estudio\\\/plan-estudios\\\/cuales-los-majors-los-minors-ingenieria-uc\\\/minor-logistica-minera-transporte\\\/\"]}]},{\"@type\":\"BreadcrumbList\",\"@id\":\"https:\\\/\\\/www.ing.uc.cl\\\/en\\\/programas-de-estudio\\\/plan-estudios\\\/cuales-los-majors-los-minors-ingenieria-uc\\\/minor-logistica-minera-transporte\\\/#breadcrumb\",\"itemListElement\":[{\"@type\":\"ListItem\",\"position\":1,\"name\":\"Home\",\"item\":\"https:\\\/\\\/www.ing.uc.cl\\\/en\\\/\"},{\"@type\":\"ListItem\",\"position\":2,\"name\":\"Degrees and Programs\",\"item\":\"https:\\\/\\\/www.ing.uc.cl\\\/en\\\/programas-de-estudio\\\/\"},{\"@type\":\"ListItem\",\"position\":3,\"name\":\"Study Programs\",\"item\":\"https:\\\/\\\/www.ing.uc.cl\\\/en\\\/programas-de-estudio\\\/plan-estudios\\\/\"},{\"@type\":\"ListItem\",\"position\":4,\"name\":\"Majors and minors\",\"item\":\"https:\\\/\\\/www.ing.uc.cl\\\/en\\\/programas-de-estudio\\\/plan-estudios\\\/cuales-los-majors-los-minors-ingenieria-uc\\\/\"},{\"@type\":\"ListItem\",\"position\":5,\"name\":\"Minor en Log\u00edstica Minera (para Transporte)\"}]},{\"@type\":\"WebSite\",\"@id\":\"https:\\\/\\\/www.ing.uc.cl\\\/#website\",\"url\":\"https:\\\/\\\/www.ing.uc.cl\\\/\",\"name\":\"Ingenier\u00eda UC\",\"description\":\"Ingenier\u00eda UC\",\"potentialAction\":[{\"@type\":\"SearchAction\",\"target\":{\"@type\":\"EntryPoint\",\"urlTemplate\":\"https:\\\/\\\/www.ing.uc.cl\\\/?s={search_term_string}\"},\"query-input\":{\"@type\":\"PropertyValueSpecification\",\"valueRequired\":true,\"valueName\":\"search_term_string\"}}],\"inLanguage\":\"en-US\"}]}<\/script>\n<!-- \/ Yoast SEO plugin. -->","yoast_head_json":{"title":"Minor en Log\u00edstica Minera (para Transporte) - Ingenier\u00eda UC","robots":{"index":"index","follow":"follow","max-snippet":"max-snippet:-1","max-image-preview":"max-image-preview:large","max-video-preview":"max-video-preview:-1"},"canonical":"https:\/\/www.ing.uc.cl\/en\/programas-de-estudio\/plan-estudios\/cuales-los-majors-los-minors-ingenieria-uc\/minor-logistica-minera-transporte\/","og_locale":"en_US","og_type":"article","og_title":"Minor en Log\u00edstica Minera (para Transporte) - Ingenier\u00eda UC","og_description":"Este minor est\u00e1 orientado a estudiantes del Major en Sistemas de Transporte que deseen profundizar en temas de log\u00edstica y su aplicaci\u00f3n en la industria minera.","og_url":"https:\/\/www.ing.uc.cl\/en\/programas-de-estudio\/plan-estudios\/cuales-los-majors-los-minors-ingenieria-uc\/minor-logistica-minera-transporte\/","og_site_name":"Ingenier\u00eda UC","article_publisher":"https:\/\/www.facebook.com\/EscueladeIngenieriaUniversidadCatolica\/","twitter_card":"summary_large_image","twitter_site":"@ingenieriaUC","twitter_misc":{"Est. reading time":"1 minute"},"schema":{"@context":"https:\/\/schema.org","@graph":[{"@type":"WebPage","@id":"https:\/\/www.ing.uc.cl\/en\/programas-de-estudio\/plan-estudios\/cuales-los-majors-los-minors-ingenieria-uc\/minor-logistica-minera-transporte\/","url":"https:\/\/www.ing.uc.cl\/en\/programas-de-estudio\/plan-estudios\/cuales-los-majors-los-minors-ingenieria-uc\/minor-logistica-minera-transporte\/","name":"Minor en Log\u00edstica Minera (para Transporte) - Ingenier\u00eda UC","isPartOf":{"@id":"https:\/\/www.ing.uc.cl\/#website"},"datePublished":"2017-07-16T17:46:33+00:00","breadcrumb":{"@id":"https:\/\/www.ing.uc.cl\/en\/programas-de-estudio\/plan-estudios\/cuales-los-majors-los-minors-ingenieria-uc\/minor-logistica-minera-transporte\/#breadcrumb"},"inLanguage":"en-US","potentialAction":[{"@type":"ReadAction","target":["https:\/\/www.ing.uc.cl\/en\/programas-de-estudio\/plan-estudios\/cuales-los-majors-los-minors-ingenieria-uc\/minor-logistica-minera-transporte\/"]}]},{"@type":"BreadcrumbList","@id":"https:\/\/www.ing.uc.cl\/en\/programas-de-estudio\/plan-estudios\/cuales-los-majors-los-minors-ingenieria-uc\/minor-logistica-minera-transporte\/#breadcrumb","itemListElement":[{"@type":"ListItem","position":1,"name":"Home","item":"https:\/\/www.ing.uc.cl\/en\/"},{"@type":"ListItem","position":2,"name":"Degrees and Programs","item":"https:\/\/www.ing.uc.cl\/en\/programas-de-estudio\/"},{"@type":"ListItem","position":3,"name":"Study Programs","item":"https:\/\/www.ing.uc.cl\/en\/programas-de-estudio\/plan-estudios\/"},{"@type":"ListItem","position":4,"name":"Majors and minors","item":"https:\/\/www.ing.uc.cl\/en\/programas-de-estudio\/plan-estudios\/cuales-los-majors-los-minors-ingenieria-uc\/"},{"@type":"ListItem","position":5,"name":"Minor en Log\u00edstica Minera (para Transporte)"}]},{"@type":"WebSite","@id":"https:\/\/www.ing.uc.cl\/#website","url":"https:\/\/www.ing.uc.cl\/","name":"Ingenier\u00eda UC","description":"Ingenier\u00eda UC","potentialAction":[{"@type":"SearchAction","target":{"@type":"EntryPoint","urlTemplate":"https:\/\/www.ing.uc.cl\/?s={search_term_string}"},"query-input":{"@type":"PropertyValueSpecification","valueRequired":true,"valueName":"search_term_string"}}],"inLanguage":"en-US"}]}},"_links":{"self":[{"href":"https:\/\/www.ing.uc.cl\/en\/wp-json\/wp\/v2\/pages\/60446","targetHints":{"allow":["GET"]}}],"collection":[{"href":"https:\/\/www.ing.uc.cl\/en\/wp-json\/wp\/v2\/pages"}],"about":[{"href":"https:\/\/www.ing.uc.cl\/en\/wp-json\/wp\/v2\/types\/page"}],"author":[{"embeddable":true,"href":"https:\/\/www.ing.uc.cl\/en\/wp-json\/wp\/v2\/users\/22"}],"replies":[{"embeddable":true,"href":"https:\/\/www.ing.uc.cl\/en\/wp-json\/wp\/v2\/comments?post=60446"}],"version-history":[{"count":0,"href":"https:\/\/www.ing.uc.cl\/en\/wp-json\/wp\/v2\/pages\/60446\/revisions"}],"up":[{"embeddable":true,"href":"https:\/\/www.ing.uc.cl\/en\/wp-json\/wp\/v2\/pages\/60380"}],"wp:attachment":[{"href":"https:\/\/www.ing.uc.cl\/en\/wp-json\/wp\/v2\/media?parent=60446"}],"curies":[{"name":"wp","href":"https:\/\/api.w.org\/{rel}","templated":true}]}}