
{"id":60447,"date":"2017-07-14T15:47:38","date_gmt":"2017-07-14T19:47:38","guid":{"rendered":"https:\/\/www.ing.uc.cl\/programas-de-estudio\/plan-estudios\/cuales-los-majors-los-minors-ingenieria-uc\/minor-logistica-transporte-carga\/"},"modified":"2025-01-03T14:24:32","modified_gmt":"2025-01-03T17:24:32","slug":"minor-logistica-transporte-carga","status":"publish","type":"page","link":"https:\/\/www.ing.uc.cl\/en\/programas-de-estudio\/pregrado\/plan-estudios\/cuales-los-majors-los-minors-ingenieria-uc\/minor-logistica-transporte-carga\/","title":{"rendered":"Minor en Log\u00edstica y Transporte de Carga"},"content":{"rendered":"<p>A lo largo del programa los alumnos obtendr\u00e1n una visi\u00f3n general de los principales elementos y <em>trade-offs<\/em> en el dise\u00f1o y operaci\u00f3n de una red log\u00edstica, y la capacidad de desarrollar y resolver modelos cuantitativos que apoyen la toma de decisiones en sistemas log\u00edsticos.<\/p>\n<p>Podr\u00e1n cursar este <em>minor<\/em> los alumnos inscritos en un programa diferente al Major en Sistemas de Transporte.<\/p>\n<h3>M\u00ednimos<\/h3>\n<ul>\n<li>ICS1113 Optimizaci\u00f3n<\/li>\n<li>ICS2123 Modelos Estoc\u00e1sticos<\/li>\n<li>ICT2233 Flujo en Redes<\/li>\n<li>ICT2904 Ingenier\u00eda de Sistemas de Transporte<\/li>\n<\/ul>\n<h3><strong>Optativos (*)<\/strong><\/h3>\n<ul>\n<li>ICS2133 Fundamentos de Simulaci\u00f3n Sistemas Estoc\u00e1sticos o ICS3723 Simulaci\u00f3n<\/li>\n<li>ICS3223 Gesti\u00f3n Log\u00edstica<\/li>\n<li>ICT2443 o ICT3443 Ingenier\u00eda Log\u00edstica<\/li>\n<li>ICT2303 Tecnolog\u00eda de Medios de Transporte<\/li>\n<li>ICT3463 M\u00e9todos Avanzados para Sistemas de Transporte y Log\u00edstica<\/li>\n<li>ICT3352 Teor\u00eda de Colas (**)<\/li>\n<li>ICT3454 An\u00e1lisis de Sistemas Log\u00edsticos (**)<\/li>\n<li>ICT3464 Ruteo de Veh\u00edculos<\/li>\n<li>ICT298X Investigaci\u00f3n o proyecto<\/li>\n<li>IIC2115 Programaci\u00f3n como herramienta para ingenier\u00eda<\/li>\n<\/ul>\n<p>(*) En caso de haber cursado previamente alguno de los cursos m\u00ednimos, se deber\u00e1n aprobar los cursos necesarios de la lista, para completar los 50 cr\u00e9ditos requeridos por este minor.<\/p>\n<p>(**) Debido a que este curso tiene 5 cr\u00e9ditos, deber\u00e1n aprobarse en conjunto con el curso ICT3352 \u2013 Teor\u00eda de colas o ICT3454 \u2013 An\u00e1lisis de sistemas log\u00edsticos, seg\u00fan corresponda.<\/p>\n<p><em>El listado de cursos est\u00e1 sujeto a modificaciones conforme a la planificaci\u00f3n acad\u00e9mica vigente al momento de inscribir cursos. Recuerda estar siempre informado de la \u00faltima actualizaci\u00f3n del Plan de Estudio<\/em>.<\/p>\n","protected":false},"excerpt":{"rendered":"<p>Este minor est\u00e1 orientado a estudiantes que deseen ampliar su formaci\u00f3n en el \u00e1rea de ingenier\u00eda de transporte.<\/p>\n","protected":false},"author":22,"featured_media":0,"parent":60380,"menu_order":999,"comment_status":"closed","ping_status":"closed","template":"template-plan-de-estudios.php","meta":{"_acf_changed":false,"footnotes":""},"class_list":["post-60447","page","type-page","status-publish","hentry"],"acf":[],"yoast_head":"<!-- This site is optimized with the Yoast SEO plugin v26.9 - https:\/\/yoast.com\/product\/yoast-seo-wordpress\/ -->\n<title>Minor en Log\u00edstica y Transporte de Carga - Ingenier\u00eda UC<\/title>\n<meta name=\"robots\" content=\"index, follow, max-snippet:-1, max-image-preview:large, max-video-preview:-1\" \/>\n<link rel=\"canonical\" href=\"https:\/\/www.ing.uc.cl\/en\/programas-de-estudio\/pregrado\/plan-estudios\/cuales-los-majors-los-minors-ingenieria-uc\/minor-logistica-transporte-carga\/\" \/>\n<meta property=\"og:locale\" content=\"en_US\" \/>\n<meta property=\"og:type\" content=\"article\" \/>\n<meta property=\"og:title\" content=\"Minor en Log\u00edstica y Transporte de Carga - Ingenier\u00eda UC\" \/>\n<meta property=\"og:description\" content=\"Este minor est\u00e1 orientado a estudiantes que deseen ampliar su formaci\u00f3n en el \u00e1rea de ingenier\u00eda de transporte.\" \/>\n<meta property=\"og:url\" content=\"https:\/\/www.ing.uc.cl\/en\/programas-de-estudio\/pregrado\/plan-estudios\/cuales-los-majors-los-minors-ingenieria-uc\/minor-logistica-transporte-carga\/\" \/>\n<meta property=\"og:site_name\" content=\"Ingenier\u00eda UC\" \/>\n<meta property=\"article:publisher\" content=\"https:\/\/www.facebook.com\/EscueladeIngenieriaUniversidadCatolica\/\" \/>\n<meta property=\"article:modified_time\" content=\"2025-01-03T17:24:32+00:00\" \/>\n<meta name=\"twitter:card\" content=\"summary_large_image\" \/>\n<meta name=\"twitter:site\" content=\"@ingenieriaUC\" \/>\n<meta name=\"twitter:label1\" content=\"Est. reading time\" \/>\n\t<meta name=\"twitter:data1\" content=\"1 minute\" \/>\n<script type=\"application\/ld+json\" class=\"yoast-schema-graph\">{\"@context\":\"https:\/\/schema.org\",\"@graph\":[{\"@type\":\"WebPage\",\"@id\":\"https:\/\/www.ing.uc.cl\/en\/programas-de-estudio\/pregrado\/plan-estudios\/cuales-los-majors-los-minors-ingenieria-uc\/minor-logistica-transporte-carga\/\",\"url\":\"https:\/\/www.ing.uc.cl\/en\/programas-de-estudio\/pregrado\/plan-estudios\/cuales-los-majors-los-minors-ingenieria-uc\/minor-logistica-transporte-carga\/\",\"name\":\"Minor en Log\u00edstica y Transporte de Carga - Ingenier\u00eda UC\",\"isPartOf\":{\"@id\":\"https:\/\/www.ing.uc.cl\/#website\"},\"datePublished\":\"2017-07-14T19:47:38+00:00\",\"dateModified\":\"2025-01-03T17:24:32+00:00\",\"breadcrumb\":{\"@id\":\"https:\/\/www.ing.uc.cl\/en\/programas-de-estudio\/pregrado\/plan-estudios\/cuales-los-majors-los-minors-ingenieria-uc\/minor-logistica-transporte-carga\/#breadcrumb\"},\"inLanguage\":\"en-US\",\"potentialAction\":[{\"@type\":\"ReadAction\",\"target\":[\"https:\/\/www.ing.uc.cl\/en\/programas-de-estudio\/pregrado\/plan-estudios\/cuales-los-majors-los-minors-ingenieria-uc\/minor-logistica-transporte-carga\/\"]}]},{\"@type\":\"BreadcrumbList\",\"@id\":\"https:\/\/www.ing.uc.cl\/en\/programas-de-estudio\/pregrado\/plan-estudios\/cuales-los-majors-los-minors-ingenieria-uc\/minor-logistica-transporte-carga\/#breadcrumb\",\"itemListElement\":[{\"@type\":\"ListItem\",\"position\":1,\"name\":\"Home\",\"item\":\"https:\/\/www.ing.uc.cl\/en\/\"},{\"@type\":\"ListItem\",\"position\":2,\"name\":\"Degrees and Programs\",\"item\":\"https:\/\/www.ing.uc.cl\/en\/programas-de-estudio\/\"},{\"@type\":\"ListItem\",\"position\":3,\"name\":\"Undergraduates\",\"item\":\"https:\/\/www.ing.uc.cl\/en\/programas-de-estudio\/pregrado\/\"},{\"@type\":\"ListItem\",\"position\":4,\"name\":\"Study Programs\",\"item\":\"https:\/\/www.ing.uc.cl\/en\/programas-de-estudio\/plan-estudios\/\"},{\"@type\":\"ListItem\",\"position\":5,\"name\":\"Majors and minors\",\"item\":\"https:\/\/www.ing.uc.cl\/en\/programas-de-estudio\/plan-estudios\/cuales-los-majors-los-minors-ingenieria-uc\/\"},{\"@type\":\"ListItem\",\"position\":6,\"name\":\"Minor en Log\u00edstica y Transporte de Carga\"}]},{\"@type\":\"WebSite\",\"@id\":\"https:\/\/www.ing.uc.cl\/#website\",\"url\":\"https:\/\/www.ing.uc.cl\/\",\"name\":\"Ingenier\u00eda UC\",\"description\":\"Ingenier\u00eda UC\",\"potentialAction\":[{\"@type\":\"SearchAction\",\"target\":{\"@type\":\"EntryPoint\",\"urlTemplate\":\"https:\/\/www.ing.uc.cl\/?s={search_term_string}\"},\"query-input\":{\"@type\":\"PropertyValueSpecification\",\"valueRequired\":true,\"valueName\":\"search_term_string\"}}],\"inLanguage\":\"en-US\"}]}<\/script>\n<!-- \/ Yoast SEO plugin. -->","yoast_head_json":{"title":"Minor en Log\u00edstica y Transporte de Carga - Ingenier\u00eda UC","robots":{"index":"index","follow":"follow","max-snippet":"max-snippet:-1","max-image-preview":"max-image-preview:large","max-video-preview":"max-video-preview:-1"},"canonical":"https:\/\/www.ing.uc.cl\/en\/programas-de-estudio\/pregrado\/plan-estudios\/cuales-los-majors-los-minors-ingenieria-uc\/minor-logistica-transporte-carga\/","og_locale":"en_US","og_type":"article","og_title":"Minor en Log\u00edstica y Transporte de Carga - Ingenier\u00eda UC","og_description":"Este minor est\u00e1 orientado a estudiantes que deseen ampliar su formaci\u00f3n en el \u00e1rea de ingenier\u00eda de transporte.","og_url":"https:\/\/www.ing.uc.cl\/en\/programas-de-estudio\/pregrado\/plan-estudios\/cuales-los-majors-los-minors-ingenieria-uc\/minor-logistica-transporte-carga\/","og_site_name":"Ingenier\u00eda UC","article_publisher":"https:\/\/www.facebook.com\/EscueladeIngenieriaUniversidadCatolica\/","article_modified_time":"2025-01-03T17:24:32+00:00","twitter_card":"summary_large_image","twitter_site":"@ingenieriaUC","twitter_misc":{"Est. reading time":"1 minute"},"schema":{"@context":"https:\/\/schema.org","@graph":[{"@type":"WebPage","@id":"https:\/\/www.ing.uc.cl\/en\/programas-de-estudio\/pregrado\/plan-estudios\/cuales-los-majors-los-minors-ingenieria-uc\/minor-logistica-transporte-carga\/","url":"https:\/\/www.ing.uc.cl\/en\/programas-de-estudio\/pregrado\/plan-estudios\/cuales-los-majors-los-minors-ingenieria-uc\/minor-logistica-transporte-carga\/","name":"Minor en Log\u00edstica y Transporte de Carga - Ingenier\u00eda UC","isPartOf":{"@id":"https:\/\/www.ing.uc.cl\/#website"},"datePublished":"2017-07-14T19:47:38+00:00","dateModified":"2025-01-03T17:24:32+00:00","breadcrumb":{"@id":"https:\/\/www.ing.uc.cl\/en\/programas-de-estudio\/pregrado\/plan-estudios\/cuales-los-majors-los-minors-ingenieria-uc\/minor-logistica-transporte-carga\/#breadcrumb"},"inLanguage":"en-US","potentialAction":[{"@type":"ReadAction","target":["https:\/\/www.ing.uc.cl\/en\/programas-de-estudio\/pregrado\/plan-estudios\/cuales-los-majors-los-minors-ingenieria-uc\/minor-logistica-transporte-carga\/"]}]},{"@type":"BreadcrumbList","@id":"https:\/\/www.ing.uc.cl\/en\/programas-de-estudio\/pregrado\/plan-estudios\/cuales-los-majors-los-minors-ingenieria-uc\/minor-logistica-transporte-carga\/#breadcrumb","itemListElement":[{"@type":"ListItem","position":1,"name":"Home","item":"https:\/\/www.ing.uc.cl\/en\/"},{"@type":"ListItem","position":2,"name":"Degrees and Programs","item":"https:\/\/www.ing.uc.cl\/en\/programas-de-estudio\/"},{"@type":"ListItem","position":3,"name":"Undergraduates","item":"https:\/\/www.ing.uc.cl\/en\/programas-de-estudio\/pregrado\/"},{"@type":"ListItem","position":4,"name":"Study Programs","item":"https:\/\/www.ing.uc.cl\/en\/programas-de-estudio\/plan-estudios\/"},{"@type":"ListItem","position":5,"name":"Majors and minors","item":"https:\/\/www.ing.uc.cl\/en\/programas-de-estudio\/plan-estudios\/cuales-los-majors-los-minors-ingenieria-uc\/"},{"@type":"ListItem","position":6,"name":"Minor en Log\u00edstica y Transporte de Carga"}]},{"@type":"WebSite","@id":"https:\/\/www.ing.uc.cl\/#website","url":"https:\/\/www.ing.uc.cl\/","name":"Ingenier\u00eda UC","description":"Ingenier\u00eda UC","potentialAction":[{"@type":"SearchAction","target":{"@type":"EntryPoint","urlTemplate":"https:\/\/www.ing.uc.cl\/?s={search_term_string}"},"query-input":{"@type":"PropertyValueSpecification","valueRequired":true,"valueName":"search_term_string"}}],"inLanguage":"en-US"}]}},"_links":{"self":[{"href":"https:\/\/www.ing.uc.cl\/en\/wp-json\/wp\/v2\/pages\/60447","targetHints":{"allow":["GET"]}}],"collection":[{"href":"https:\/\/www.ing.uc.cl\/en\/wp-json\/wp\/v2\/pages"}],"about":[{"href":"https:\/\/www.ing.uc.cl\/en\/wp-json\/wp\/v2\/types\/page"}],"author":[{"embeddable":true,"href":"https:\/\/www.ing.uc.cl\/en\/wp-json\/wp\/v2\/users\/22"}],"replies":[{"embeddable":true,"href":"https:\/\/www.ing.uc.cl\/en\/wp-json\/wp\/v2\/comments?post=60447"}],"version-history":[{"count":0,"href":"https:\/\/www.ing.uc.cl\/en\/wp-json\/wp\/v2\/pages\/60447\/revisions"}],"up":[{"embeddable":true,"href":"https:\/\/www.ing.uc.cl\/en\/wp-json\/wp\/v2\/pages\/60380"}],"wp:attachment":[{"href":"https:\/\/www.ing.uc.cl\/en\/wp-json\/wp\/v2\/media?parent=60447"}],"curies":[{"name":"wp","href":"https:\/\/api.w.org\/{rel}","templated":true}]}}