
{"id":60449,"date":"2017-07-16T13:20:58","date_gmt":"2017-07-16T17:20:58","guid":{"rendered":"https:\/\/www.ing.uc.cl\/programas-de-estudio\/plan-estudios\/cuales-los-majors-los-minors-ingenieria-uc\/minor-en-materiales\/"},"modified":"2017-07-16T13:20:58","modified_gmt":"2017-07-16T17:20:58","slug":"minor-en-materiales","status":"publish","type":"page","link":"https:\/\/www.ing.uc.cl\/en\/programas-de-estudio\/pregrado\/plan-estudios\/cuales-los-majors-los-minors-ingenieria-uc\/minor-en-materiales\/","title":{"rendered":"Minor en Materiales"},"content":{"rendered":"<p>Este <em>minor<\/em> est\u00e1 orientado a estudiantes del Major en Ingenier\u00eda Mec\u00e1nica que deseen profundizar en la evaluaci\u00f3n de la estructura y propiedades de materiales de ingenier\u00eda que impactan al dise\u00f1o, comportamiento y manufactura de productos y\/o sus elementos, incluyendo seleccionados aspectos de origen de las propiedades y fabricaci\u00f3n de los materiales mismos, entre otros.<\/p>\n<h3>M\u00ednimos<\/h3>\n<ul>\n<li>ICM2403 Ciencia de los Materiales<\/li>\n<li>ICM2413 Comportamiento Mec\u00e1nico de Materiales<\/li>\n<li>ICM2423 Mec\u00e1nica de la Plasticidad<\/li>\n<li>ICM2433 Metalurgia F\u00edsica<\/li>\n<\/ul>\n<h3>Optativos<\/h3>\n<p>Elegir 10 cr\u00e9ditos entre:<\/p>\n<ul>\n<li>ICM2985 Investigaci\u00f3n o Proyecto<\/li>\n<li>ICS1113 Optimizaci\u00f3n<\/li>\n<\/ul>\n","protected":false},"excerpt":{"rendered":"<p>Este programa de profundizaci\u00f3n busca generar competencias necesarias para la evaluaci\u00f3n de materiales de ingenier\u00eda.<\/p>\n","protected":false},"author":22,"featured_media":0,"parent":60380,"menu_order":999,"comment_status":"closed","ping_status":"closed","template":"template-plan-de-estudios.php","meta":{"_acf_changed":false,"footnotes":""},"class_list":["post-60449","page","type-page","status-publish","hentry"],"acf":[],"yoast_head":"<!-- This site is optimized with the Yoast SEO plugin v26.9 - https:\/\/yoast.com\/product\/yoast-seo-wordpress\/ -->\n<title>Minor en Materiales - Ingenier\u00eda UC<\/title>\n<meta name=\"robots\" content=\"index, follow, max-snippet:-1, max-image-preview:large, max-video-preview:-1\" \/>\n<link rel=\"canonical\" href=\"https:\/\/www.ing.uc.cl\/en\/programas-de-estudio\/plan-estudios\/cuales-los-majors-los-minors-ingenieria-uc\/minor-en-materiales\/\" \/>\n<meta property=\"og:locale\" content=\"en_US\" \/>\n<meta property=\"og:type\" content=\"article\" \/>\n<meta property=\"og:title\" content=\"Minor en Materiales - Ingenier\u00eda UC\" \/>\n<meta property=\"og:description\" content=\"Este programa de profundizaci\u00f3n busca generar competencias necesarias para la evaluaci\u00f3n de materiales de ingenier\u00eda.\" \/>\n<meta property=\"og:url\" content=\"https:\/\/www.ing.uc.cl\/en\/programas-de-estudio\/plan-estudios\/cuales-los-majors-los-minors-ingenieria-uc\/minor-en-materiales\/\" \/>\n<meta property=\"og:site_name\" content=\"Ingenier\u00eda UC\" \/>\n<meta property=\"article:publisher\" content=\"https:\/\/www.facebook.com\/EscueladeIngenieriaUniversidadCatolica\/\" \/>\n<meta name=\"twitter:card\" content=\"summary_large_image\" \/>\n<meta name=\"twitter:site\" content=\"@ingenieriaUC\" \/>\n<script type=\"application\/ld+json\" class=\"yoast-schema-graph\">{\"@context\":\"https:\/\/schema.org\",\"@graph\":[{\"@type\":\"WebPage\",\"@id\":\"https:\/\/www.ing.uc.cl\/en\/programas-de-estudio\/plan-estudios\/cuales-los-majors-los-minors-ingenieria-uc\/minor-en-materiales\/\",\"url\":\"https:\/\/www.ing.uc.cl\/en\/programas-de-estudio\/plan-estudios\/cuales-los-majors-los-minors-ingenieria-uc\/minor-en-materiales\/\",\"name\":\"Minor en Materiales - Ingenier\u00eda UC\",\"isPartOf\":{\"@id\":\"https:\/\/www.ing.uc.cl\/#website\"},\"datePublished\":\"2017-07-16T17:20:58+00:00\",\"breadcrumb\":{\"@id\":\"https:\/\/www.ing.uc.cl\/en\/programas-de-estudio\/plan-estudios\/cuales-los-majors-los-minors-ingenieria-uc\/minor-en-materiales\/#breadcrumb\"},\"inLanguage\":\"en-US\",\"potentialAction\":[{\"@type\":\"ReadAction\",\"target\":[\"https:\/\/www.ing.uc.cl\/en\/programas-de-estudio\/plan-estudios\/cuales-los-majors-los-minors-ingenieria-uc\/minor-en-materiales\/\"]}]},{\"@type\":\"BreadcrumbList\",\"@id\":\"https:\/\/www.ing.uc.cl\/en\/programas-de-estudio\/plan-estudios\/cuales-los-majors-los-minors-ingenieria-uc\/minor-en-materiales\/#breadcrumb\",\"itemListElement\":[{\"@type\":\"ListItem\",\"position\":1,\"name\":\"Home\",\"item\":\"https:\/\/www.ing.uc.cl\/en\/\"},{\"@type\":\"ListItem\",\"position\":2,\"name\":\"Degrees and Programs\",\"item\":\"https:\/\/www.ing.uc.cl\/en\/programas-de-estudio\/\"},{\"@type\":\"ListItem\",\"position\":3,\"name\":\"Study Programs\",\"item\":\"https:\/\/www.ing.uc.cl\/en\/programas-de-estudio\/plan-estudios\/\"},{\"@type\":\"ListItem\",\"position\":4,\"name\":\"Majors and minors\",\"item\":\"https:\/\/www.ing.uc.cl\/en\/programas-de-estudio\/plan-estudios\/cuales-los-majors-los-minors-ingenieria-uc\/\"},{\"@type\":\"ListItem\",\"position\":5,\"name\":\"Minor en Materiales\"}]},{\"@type\":\"WebSite\",\"@id\":\"https:\/\/www.ing.uc.cl\/#website\",\"url\":\"https:\/\/www.ing.uc.cl\/\",\"name\":\"Ingenier\u00eda UC\",\"description\":\"Ingenier\u00eda UC\",\"potentialAction\":[{\"@type\":\"SearchAction\",\"target\":{\"@type\":\"EntryPoint\",\"urlTemplate\":\"https:\/\/www.ing.uc.cl\/?s={search_term_string}\"},\"query-input\":{\"@type\":\"PropertyValueSpecification\",\"valueRequired\":true,\"valueName\":\"search_term_string\"}}],\"inLanguage\":\"en-US\"}]}<\/script>\n<!-- \/ Yoast SEO plugin. -->","yoast_head_json":{"title":"Minor en Materiales - Ingenier\u00eda UC","robots":{"index":"index","follow":"follow","max-snippet":"max-snippet:-1","max-image-preview":"max-image-preview:large","max-video-preview":"max-video-preview:-1"},"canonical":"https:\/\/www.ing.uc.cl\/en\/programas-de-estudio\/plan-estudios\/cuales-los-majors-los-minors-ingenieria-uc\/minor-en-materiales\/","og_locale":"en_US","og_type":"article","og_title":"Minor en Materiales - Ingenier\u00eda UC","og_description":"Este programa de profundizaci\u00f3n busca generar competencias necesarias para la evaluaci\u00f3n de materiales de ingenier\u00eda.","og_url":"https:\/\/www.ing.uc.cl\/en\/programas-de-estudio\/plan-estudios\/cuales-los-majors-los-minors-ingenieria-uc\/minor-en-materiales\/","og_site_name":"Ingenier\u00eda UC","article_publisher":"https:\/\/www.facebook.com\/EscueladeIngenieriaUniversidadCatolica\/","twitter_card":"summary_large_image","twitter_site":"@ingenieriaUC","schema":{"@context":"https:\/\/schema.org","@graph":[{"@type":"WebPage","@id":"https:\/\/www.ing.uc.cl\/en\/programas-de-estudio\/plan-estudios\/cuales-los-majors-los-minors-ingenieria-uc\/minor-en-materiales\/","url":"https:\/\/www.ing.uc.cl\/en\/programas-de-estudio\/plan-estudios\/cuales-los-majors-los-minors-ingenieria-uc\/minor-en-materiales\/","name":"Minor en Materiales - Ingenier\u00eda UC","isPartOf":{"@id":"https:\/\/www.ing.uc.cl\/#website"},"datePublished":"2017-07-16T17:20:58+00:00","breadcrumb":{"@id":"https:\/\/www.ing.uc.cl\/en\/programas-de-estudio\/plan-estudios\/cuales-los-majors-los-minors-ingenieria-uc\/minor-en-materiales\/#breadcrumb"},"inLanguage":"en-US","potentialAction":[{"@type":"ReadAction","target":["https:\/\/www.ing.uc.cl\/en\/programas-de-estudio\/plan-estudios\/cuales-los-majors-los-minors-ingenieria-uc\/minor-en-materiales\/"]}]},{"@type":"BreadcrumbList","@id":"https:\/\/www.ing.uc.cl\/en\/programas-de-estudio\/plan-estudios\/cuales-los-majors-los-minors-ingenieria-uc\/minor-en-materiales\/#breadcrumb","itemListElement":[{"@type":"ListItem","position":1,"name":"Home","item":"https:\/\/www.ing.uc.cl\/en\/"},{"@type":"ListItem","position":2,"name":"Degrees and Programs","item":"https:\/\/www.ing.uc.cl\/en\/programas-de-estudio\/"},{"@type":"ListItem","position":3,"name":"Study Programs","item":"https:\/\/www.ing.uc.cl\/en\/programas-de-estudio\/plan-estudios\/"},{"@type":"ListItem","position":4,"name":"Majors and minors","item":"https:\/\/www.ing.uc.cl\/en\/programas-de-estudio\/plan-estudios\/cuales-los-majors-los-minors-ingenieria-uc\/"},{"@type":"ListItem","position":5,"name":"Minor en Materiales"}]},{"@type":"WebSite","@id":"https:\/\/www.ing.uc.cl\/#website","url":"https:\/\/www.ing.uc.cl\/","name":"Ingenier\u00eda UC","description":"Ingenier\u00eda UC","potentialAction":[{"@type":"SearchAction","target":{"@type":"EntryPoint","urlTemplate":"https:\/\/www.ing.uc.cl\/?s={search_term_string}"},"query-input":{"@type":"PropertyValueSpecification","valueRequired":true,"valueName":"search_term_string"}}],"inLanguage":"en-US"}]}},"_links":{"self":[{"href":"https:\/\/www.ing.uc.cl\/en\/wp-json\/wp\/v2\/pages\/60449","targetHints":{"allow":["GET"]}}],"collection":[{"href":"https:\/\/www.ing.uc.cl\/en\/wp-json\/wp\/v2\/pages"}],"about":[{"href":"https:\/\/www.ing.uc.cl\/en\/wp-json\/wp\/v2\/types\/page"}],"author":[{"embeddable":true,"href":"https:\/\/www.ing.uc.cl\/en\/wp-json\/wp\/v2\/users\/22"}],"replies":[{"embeddable":true,"href":"https:\/\/www.ing.uc.cl\/en\/wp-json\/wp\/v2\/comments?post=60449"}],"version-history":[{"count":0,"href":"https:\/\/www.ing.uc.cl\/en\/wp-json\/wp\/v2\/pages\/60449\/revisions"}],"up":[{"embeddable":true,"href":"https:\/\/www.ing.uc.cl\/en\/wp-json\/wp\/v2\/pages\/60380"}],"wp:attachment":[{"href":"https:\/\/www.ing.uc.cl\/en\/wp-json\/wp\/v2\/media?parent=60449"}],"curies":[{"name":"wp","href":"https:\/\/api.w.org\/{rel}","templated":true}]}}