
{"id":60531,"date":"2017-07-21T06:21:36","date_gmt":"2017-07-21T10:21:36","guid":{"rendered":"https:\/\/www.ing.uc.cl\/academicos-e-investigacion\/areas-academicas\/centros\/fondap\/"},"modified":"2018-07-13T10:58:25","modified_gmt":"2018-07-13T14:58:25","slug":"fondap","status":"publish","type":"page","link":"https:\/\/www.ing.uc.cl\/en\/academicos-e-investigacion\/areas-academicas\/centros\/fondap\/","title":{"rendered":"FONDAP"},"content":{"rendered":"<h3>Center for Sustainable Urban Development\u00a0(CEDEUS)<\/h3>\n<p>The Center for Sustainable Urban Development (CEDEUS, Spanish acronym) is dedicated to supporting the investigation, creation, and exchange of knowledge related to improving the quality of life for urban residents, all within the contexts of equality and environmental protection. The principal aim of this center is to understand the dynamics, instruments, and processes involved in decision making in an urban environment. This goal requires recognizing the biophysical limits and social demands of Chilean cities.<\/p>\n<p>CEDEUS is directed by the Universidad Cat\u00f3lica Faculty of Architecture, Design, and Urban Studies and by the School of Engineering, with additional participation by the Universidad de Concepci\u00f3n. The most active departments within the School of Engineering are the Department of Hydraulic and Environmental Engineering and the Department of Transport Engineering and Logistics. The Department of Construction Engineering and Management and the Department of Chemical Engineering and Bioprocesses also participate in this center.<\/p>\n<p>For more information, please visit the CEDEUS <a href=\"http:\/\/www.cedeus.cl\/\" target=\"_blank\" rel=\"noopener\">website<\/a>.<\/p>\n<h3>Andean Geothermal Center of Excellence (CEGA)<\/h3>\n<p>The Andean Geothermal Center of Excellence (CEGA, Spanish acronym) is working on improving and increasing the scientific knowledge available regarding geothermal energy in Chile. The mission of CEGA is to make geothermal energy a resource that is sustainable, environmentally friendly, and economically competitive. Achieving this mission is relevant for meeting the energy needs of Chile and Latin America. CEGA is directed by the Faculty of Physical and Mathematical Sciences of the Universidad de Chile and is co-directed by the UC School of Engineering.<\/p>\n<p>For more information, please visit the CEGA <a href=\"http:\/\/www.cega.ing.uchile.cl\/\">website<\/a>.<\/p>\n<h3>Research Center for Integrated Natural Disaster Management\u00a0(CIGIDEN)<\/h3>\n<p>The multidisciplinary team of the Research Center for Integrated Natural Disaster Management (CIGIDEN, Spanish acronym) aims to establish a new focus on preventive measures against and the management of natural disasters. This aim is undertaken with the objective of mitigating the sociological, psychological, material, and economic impacts of natural disasters. Advantageously, Chile is one of the best natural laboratories worldwide for studying such phenomena in depth. CIGIDEN is directed by the UC School of Engineering and is cosponsored by the Universidad Cat\u00f3lica del Norte, the Universidad T\u00e9cnica Federico Santa Mar\u00eda, and the Universidad Andr\u00e9s Bello.<\/p>\n<p>For more information, please visit the CIGIDEN <a href=\"http:\/\/cigiden.cl\/es\/\">website<\/a>.<\/p>\n<p>&nbsp;<\/p>\n<h3><\/h3>\n","protected":false},"excerpt":{"rendered":"<p>The School of Engineering participates in three FONDAP research centers, or Centers of Excellence, in Priority Research Areas. These centers are financed through CONICYT and are investigating topics related to natural disasters, urban development, and geothermal engineering.<\/p>\n","protected":false},"author":22,"featured_media":50312,"parent":60530,"menu_order":1,"comment_status":"closed","ping_status":"closed","template":"","meta":{"_acf_changed":false,"footnotes":""},"class_list":["post-60531","page","type-page","status-publish","has-post-thumbnail","hentry"],"acf":[],"yoast_head":"<!-- This site is optimized with the Yoast SEO plugin v27.3 - https:\/\/yoast.com\/product\/yoast-seo-wordpress\/ -->\n<title>FONDAP - Ingenier\u00eda UC<\/title>\n<meta name=\"robots\" content=\"index, follow, max-snippet:-1, max-image-preview:large, max-video-preview:-1\" \/>\n<link rel=\"canonical\" href=\"https:\/\/www.ing.uc.cl\/en\/academicos-e-investigacion\/areas-academicas\/centros\/fondap\/\" \/>\n<meta property=\"og:locale\" content=\"en_US\" \/>\n<meta property=\"og:type\" content=\"article\" \/>\n<meta property=\"og:title\" content=\"FONDAP - Ingenier\u00eda UC\" \/>\n<meta property=\"og:description\" content=\"The School of Engineering participates in three FONDAP research centers, or Centers of Excellence, in Priority Research Areas. These centers are financed through CONICYT and are investigating topics related to natural disasters, urban development, and geothermal engineering.\" \/>\n<meta property=\"og:url\" content=\"https:\/\/www.ing.uc.cl\/en\/academicos-e-investigacion\/areas-academicas\/centros\/fondap\/\" \/>\n<meta property=\"og:site_name\" content=\"Ingenier\u00eda UC\" \/>\n<meta property=\"article:publisher\" content=\"https:\/\/www.facebook.com\/EscueladeIngenieriaUniversidadCatolica\/\" \/>\n<meta property=\"article:modified_time\" content=\"2018-07-13T14:58:25+00:00\" \/>\n<meta property=\"og:image\" content=\"https:\/\/www.ing.uc.cl\/wp-content\/uploads\/2017\/07\/shutterstock_256600405-scaled.jpg\" \/>\n\t<meta property=\"og:image:width\" content=\"2560\" \/>\n\t<meta property=\"og:image:height\" content=\"1700\" \/>\n\t<meta property=\"og:image:type\" content=\"image\/jpeg\" \/>\n<meta name=\"twitter:card\" content=\"summary_large_image\" \/>\n<meta name=\"twitter:site\" content=\"@ingenieriaUC\" \/>\n<meta name=\"twitter:label1\" content=\"Est. reading time\" \/>\n\t<meta name=\"twitter:data1\" content=\"2 minutes\" \/>\n<script type=\"application\/ld+json\" class=\"yoast-schema-graph\">{\"@context\":\"https:\\\/\\\/schema.org\",\"@graph\":[{\"@type\":\"WebPage\",\"@id\":\"https:\\\/\\\/www.ing.uc.cl\\\/en\\\/academicos-e-investigacion\\\/areas-academicas\\\/centros\\\/fondap\\\/\",\"url\":\"https:\\\/\\\/www.ing.uc.cl\\\/en\\\/academicos-e-investigacion\\\/areas-academicas\\\/centros\\\/fondap\\\/\",\"name\":\"FONDAP - Ingenier\u00eda UC\",\"isPartOf\":{\"@id\":\"https:\\\/\\\/www.ing.uc.cl\\\/#website\"},\"primaryImageOfPage\":{\"@id\":\"https:\\\/\\\/www.ing.uc.cl\\\/en\\\/academicos-e-investigacion\\\/areas-academicas\\\/centros\\\/fondap\\\/#primaryimage\"},\"image\":{\"@id\":\"https:\\\/\\\/www.ing.uc.cl\\\/en\\\/academicos-e-investigacion\\\/areas-academicas\\\/centros\\\/fondap\\\/#primaryimage\"},\"thumbnailUrl\":\"https:\\\/\\\/www.ing.uc.cl\\\/wp-content\\\/uploads\\\/2017\\\/07\\\/shutterstock_256600405-scaled.jpg\",\"datePublished\":\"2017-07-21T10:21:36+00:00\",\"dateModified\":\"2018-07-13T14:58:25+00:00\",\"breadcrumb\":{\"@id\":\"https:\\\/\\\/www.ing.uc.cl\\\/en\\\/academicos-e-investigacion\\\/areas-academicas\\\/centros\\\/fondap\\\/#breadcrumb\"},\"inLanguage\":\"en-US\",\"potentialAction\":[{\"@type\":\"ReadAction\",\"target\":[\"https:\\\/\\\/www.ing.uc.cl\\\/en\\\/academicos-e-investigacion\\\/areas-academicas\\\/centros\\\/fondap\\\/\"]}]},{\"@type\":\"ImageObject\",\"inLanguage\":\"en-US\",\"@id\":\"https:\\\/\\\/www.ing.uc.cl\\\/en\\\/academicos-e-investigacion\\\/areas-academicas\\\/centros\\\/fondap\\\/#primaryimage\",\"url\":\"https:\\\/\\\/www.ing.uc.cl\\\/wp-content\\\/uploads\\\/2017\\\/07\\\/shutterstock_256600405-scaled.jpg\",\"contentUrl\":\"https:\\\/\\\/www.ing.uc.cl\\\/wp-content\\\/uploads\\\/2017\\\/07\\\/shutterstock_256600405-scaled.jpg\",\"width\":2560,\"height\":1700},{\"@type\":\"BreadcrumbList\",\"@id\":\"https:\\\/\\\/www.ing.uc.cl\\\/en\\\/academicos-e-investigacion\\\/areas-academicas\\\/centros\\\/fondap\\\/#breadcrumb\",\"itemListElement\":[{\"@type\":\"ListItem\",\"position\":1,\"name\":\"Home\",\"item\":\"https:\\\/\\\/www.ing.uc.cl\\\/en\\\/\"},{\"@type\":\"ListItem\",\"position\":2,\"name\":\"Faculty and Research\",\"item\":\"https:\\\/\\\/www.ing.uc.cl\\\/en\\\/academicos-e-investigacion\\\/\"},{\"@type\":\"ListItem\",\"position\":3,\"name\":\"Departments and Academic Areas\",\"item\":\"https:\\\/\\\/www.ing.uc.cl\\\/en\\\/academicos-e-investigacion\\\/areas-academicas\\\/\"},{\"@type\":\"ListItem\",\"position\":4,\"name\":\"Centers\",\"item\":\"https:\\\/\\\/www.ing.uc.cl\\\/en\\\/academicos-e-investigacion\\\/areas-academicas\\\/centros\\\/\"},{\"@type\":\"ListItem\",\"position\":5,\"name\":\"FONDAP\"}]},{\"@type\":\"WebSite\",\"@id\":\"https:\\\/\\\/www.ing.uc.cl\\\/#website\",\"url\":\"https:\\\/\\\/www.ing.uc.cl\\\/\",\"name\":\"Ingenier\u00eda UC\",\"description\":\"Ingenier\u00eda UC\",\"potentialAction\":[{\"@type\":\"SearchAction\",\"target\":{\"@type\":\"EntryPoint\",\"urlTemplate\":\"https:\\\/\\\/www.ing.uc.cl\\\/?s={search_term_string}\"},\"query-input\":{\"@type\":\"PropertyValueSpecification\",\"valueRequired\":true,\"valueName\":\"search_term_string\"}}],\"inLanguage\":\"en-US\"}]}<\/script>\n<!-- \/ Yoast SEO plugin. -->","yoast_head_json":{"title":"FONDAP - Ingenier\u00eda UC","robots":{"index":"index","follow":"follow","max-snippet":"max-snippet:-1","max-image-preview":"max-image-preview:large","max-video-preview":"max-video-preview:-1"},"canonical":"https:\/\/www.ing.uc.cl\/en\/academicos-e-investigacion\/areas-academicas\/centros\/fondap\/","og_locale":"en_US","og_type":"article","og_title":"FONDAP - Ingenier\u00eda UC","og_description":"The School of Engineering participates in three FONDAP research centers, or Centers of Excellence, in Priority Research Areas. These centers are financed through CONICYT and are investigating topics related to natural disasters, urban development, and geothermal engineering.","og_url":"https:\/\/www.ing.uc.cl\/en\/academicos-e-investigacion\/areas-academicas\/centros\/fondap\/","og_site_name":"Ingenier\u00eda UC","article_publisher":"https:\/\/www.facebook.com\/EscueladeIngenieriaUniversidadCatolica\/","article_modified_time":"2018-07-13T14:58:25+00:00","og_image":[{"width":2560,"height":1700,"url":"https:\/\/www.ing.uc.cl\/wp-content\/uploads\/2017\/07\/shutterstock_256600405-scaled.jpg","type":"image\/jpeg"}],"twitter_card":"summary_large_image","twitter_site":"@ingenieriaUC","twitter_misc":{"Est. reading time":"2 minutes"},"schema":{"@context":"https:\/\/schema.org","@graph":[{"@type":"WebPage","@id":"https:\/\/www.ing.uc.cl\/en\/academicos-e-investigacion\/areas-academicas\/centros\/fondap\/","url":"https:\/\/www.ing.uc.cl\/en\/academicos-e-investigacion\/areas-academicas\/centros\/fondap\/","name":"FONDAP - Ingenier\u00eda UC","isPartOf":{"@id":"https:\/\/www.ing.uc.cl\/#website"},"primaryImageOfPage":{"@id":"https:\/\/www.ing.uc.cl\/en\/academicos-e-investigacion\/areas-academicas\/centros\/fondap\/#primaryimage"},"image":{"@id":"https:\/\/www.ing.uc.cl\/en\/academicos-e-investigacion\/areas-academicas\/centros\/fondap\/#primaryimage"},"thumbnailUrl":"https:\/\/www.ing.uc.cl\/wp-content\/uploads\/2017\/07\/shutterstock_256600405-scaled.jpg","datePublished":"2017-07-21T10:21:36+00:00","dateModified":"2018-07-13T14:58:25+00:00","breadcrumb":{"@id":"https:\/\/www.ing.uc.cl\/en\/academicos-e-investigacion\/areas-academicas\/centros\/fondap\/#breadcrumb"},"inLanguage":"en-US","potentialAction":[{"@type":"ReadAction","target":["https:\/\/www.ing.uc.cl\/en\/academicos-e-investigacion\/areas-academicas\/centros\/fondap\/"]}]},{"@type":"ImageObject","inLanguage":"en-US","@id":"https:\/\/www.ing.uc.cl\/en\/academicos-e-investigacion\/areas-academicas\/centros\/fondap\/#primaryimage","url":"https:\/\/www.ing.uc.cl\/wp-content\/uploads\/2017\/07\/shutterstock_256600405-scaled.jpg","contentUrl":"https:\/\/www.ing.uc.cl\/wp-content\/uploads\/2017\/07\/shutterstock_256600405-scaled.jpg","width":2560,"height":1700},{"@type":"BreadcrumbList","@id":"https:\/\/www.ing.uc.cl\/en\/academicos-e-investigacion\/areas-academicas\/centros\/fondap\/#breadcrumb","itemListElement":[{"@type":"ListItem","position":1,"name":"Home","item":"https:\/\/www.ing.uc.cl\/en\/"},{"@type":"ListItem","position":2,"name":"Faculty and Research","item":"https:\/\/www.ing.uc.cl\/en\/academicos-e-investigacion\/"},{"@type":"ListItem","position":3,"name":"Departments and Academic Areas","item":"https:\/\/www.ing.uc.cl\/en\/academicos-e-investigacion\/areas-academicas\/"},{"@type":"ListItem","position":4,"name":"Centers","item":"https:\/\/www.ing.uc.cl\/en\/academicos-e-investigacion\/areas-academicas\/centros\/"},{"@type":"ListItem","position":5,"name":"FONDAP"}]},{"@type":"WebSite","@id":"https:\/\/www.ing.uc.cl\/#website","url":"https:\/\/www.ing.uc.cl\/","name":"Ingenier\u00eda UC","description":"Ingenier\u00eda UC","potentialAction":[{"@type":"SearchAction","target":{"@type":"EntryPoint","urlTemplate":"https:\/\/www.ing.uc.cl\/?s={search_term_string}"},"query-input":{"@type":"PropertyValueSpecification","valueRequired":true,"valueName":"search_term_string"}}],"inLanguage":"en-US"}]}},"_links":{"self":[{"href":"https:\/\/www.ing.uc.cl\/en\/wp-json\/wp\/v2\/pages\/60531","targetHints":{"allow":["GET"]}}],"collection":[{"href":"https:\/\/www.ing.uc.cl\/en\/wp-json\/wp\/v2\/pages"}],"about":[{"href":"https:\/\/www.ing.uc.cl\/en\/wp-json\/wp\/v2\/types\/page"}],"author":[{"embeddable":true,"href":"https:\/\/www.ing.uc.cl\/en\/wp-json\/wp\/v2\/users\/22"}],"replies":[{"embeddable":true,"href":"https:\/\/www.ing.uc.cl\/en\/wp-json\/wp\/v2\/comments?post=60531"}],"version-history":[{"count":0,"href":"https:\/\/www.ing.uc.cl\/en\/wp-json\/wp\/v2\/pages\/60531\/revisions"}],"up":[{"embeddable":true,"href":"https:\/\/www.ing.uc.cl\/en\/wp-json\/wp\/v2\/pages\/60530"}],"wp:featuredmedia":[{"embeddable":true,"href":"https:\/\/www.ing.uc.cl\/en\/wp-json\/wp\/v2\/media\/50312"}],"wp:attachment":[{"href":"https:\/\/www.ing.uc.cl\/en\/wp-json\/wp\/v2\/media?parent=60531"}],"curies":[{"name":"wp","href":"https:\/\/api.w.org\/{rel}","templated":true}]}}