
{"id":60580,"date":"2017-07-07T03:39:41","date_gmt":"2017-07-07T07:39:41","guid":{"rendered":"https:\/\/www.ing.uc.cl\/innovacion-y-emprendimiento\/formacion-academica\/major-ingenieria-diseno-e-innovacion-idi\/"},"modified":"2019-02-19T16:34:31","modified_gmt":"2019-02-19T19:34:31","slug":"major-ingenieria-diseno-e-innovacion-idi","status":"publish","type":"page","link":"https:\/\/www.ing.uc.cl\/en\/innovacion-y-emprendimiento\/formacion-academica\/major-ingenieria-diseno-e-innovacion-idi\/","title":{"rendered":"Major in Engineering, Design, and Innovation (IDI)"},"content":{"rendered":"<p>The Major in Engineering, Design, and Innovation prepares students to identify and face the problems affecting society. Students receive the skills training needed to detect opportunities for designing and implementing user-based solutions, specifically within the contexts of innovation and entrepreneurship. These skills are materialized through innovative solutions that are socially and environmentally responsible, that are feasibly designed, and that result in a final product that responds to specific needs.<\/p>\n<p>This is an interdisciplinary major that combines engineering with design. Graduates of this program will be prepared, according to chosen specializations, to manage projects in engineering and associated areas or to apply design methodologies towards graphically and computationally planning, developing, and presenting created projects.<\/p>\n<p>Click <a href=\"https:\/\/www.ing.uc.cl\/en\/programas-de-estudio\/\">here<\/a> for more information on this and other Majors.<\/p>\n","protected":false},"excerpt":{"rendered":"<p>This degree program is very closely linked to industry. <\/p>\n","protected":false},"author":22,"featured_media":59108,"parent":60577,"menu_order":3,"comment_status":"closed","ping_status":"closed","template":"","meta":{"_acf_changed":false,"footnotes":""},"class_list":["post-60580","page","type-page","status-publish","has-post-thumbnail","hentry"],"acf":[],"yoast_head":"<!-- This site is optimized with the Yoast SEO plugin v27.3 - https:\/\/yoast.com\/product\/yoast-seo-wordpress\/ -->\n<title>Major in Engineering, Design, and Innovation (IDI) - Ingenier\u00eda UC<\/title>\n<meta name=\"robots\" content=\"index, follow, max-snippet:-1, max-image-preview:large, max-video-preview:-1\" \/>\n<link rel=\"canonical\" href=\"https:\/\/www.ing.uc.cl\/en\/innovacion-y-emprendimiento\/formacion-academica\/major-ingenieria-diseno-e-innovacion-idi\/\" \/>\n<meta property=\"og:locale\" content=\"en_US\" \/>\n<meta property=\"og:type\" content=\"article\" \/>\n<meta property=\"og:title\" content=\"Major in Engineering, Design, and Innovation (IDI) - Ingenier\u00eda UC\" \/>\n<meta property=\"og:description\" content=\"This degree program is very closely linked to industry.\" \/>\n<meta property=\"og:url\" content=\"https:\/\/www.ing.uc.cl\/en\/innovacion-y-emprendimiento\/formacion-academica\/major-ingenieria-diseno-e-innovacion-idi\/\" \/>\n<meta property=\"og:site_name\" content=\"Ingenier\u00eda UC\" \/>\n<meta property=\"article:publisher\" content=\"https:\/\/www.facebook.com\/EscueladeIngenieriaUniversidadCatolica\/\" \/>\n<meta property=\"article:modified_time\" content=\"2019-02-19T19:34:31+00:00\" \/>\n<meta property=\"og:image\" content=\"https:\/\/www.ing.uc.cl\/wp-content\/uploads\/2017\/07\/Major-en-Ingenier\u00eda-Dise\u00f1o-e-Innovaci\u00f3n.jpg\" \/>\n\t<meta property=\"og:image:width\" content=\"1333\" \/>\n\t<meta property=\"og:image:height\" content=\"1000\" \/>\n\t<meta property=\"og:image:type\" content=\"image\/jpeg\" \/>\n<meta name=\"twitter:card\" content=\"summary_large_image\" \/>\n<meta name=\"twitter:site\" content=\"@ingenieriaUC\" \/>\n<meta name=\"twitter:label1\" content=\"Est. reading time\" \/>\n\t<meta name=\"twitter:data1\" content=\"1 minute\" \/>\n<script type=\"application\/ld+json\" class=\"yoast-schema-graph\">{\"@context\":\"https:\\\/\\\/schema.org\",\"@graph\":[{\"@type\":\"WebPage\",\"@id\":\"https:\\\/\\\/www.ing.uc.cl\\\/en\\\/innovacion-y-emprendimiento\\\/formacion-academica\\\/major-ingenieria-diseno-e-innovacion-idi\\\/\",\"url\":\"https:\\\/\\\/www.ing.uc.cl\\\/en\\\/innovacion-y-emprendimiento\\\/formacion-academica\\\/major-ingenieria-diseno-e-innovacion-idi\\\/\",\"name\":\"Major in Engineering, Design, and Innovation (IDI) - Ingenier\u00eda UC\",\"isPartOf\":{\"@id\":\"https:\\\/\\\/www.ing.uc.cl\\\/#website\"},\"primaryImageOfPage\":{\"@id\":\"https:\\\/\\\/www.ing.uc.cl\\\/en\\\/innovacion-y-emprendimiento\\\/formacion-academica\\\/major-ingenieria-diseno-e-innovacion-idi\\\/#primaryimage\"},\"image\":{\"@id\":\"https:\\\/\\\/www.ing.uc.cl\\\/en\\\/innovacion-y-emprendimiento\\\/formacion-academica\\\/major-ingenieria-diseno-e-innovacion-idi\\\/#primaryimage\"},\"thumbnailUrl\":\"https:\\\/\\\/www.ing.uc.cl\\\/wp-content\\\/uploads\\\/2017\\\/07\\\/Major-en-Ingenier\u00eda-Dise\u00f1o-e-Innovaci\u00f3n.jpg\",\"datePublished\":\"2017-07-07T07:39:41+00:00\",\"dateModified\":\"2019-02-19T19:34:31+00:00\",\"breadcrumb\":{\"@id\":\"https:\\\/\\\/www.ing.uc.cl\\\/en\\\/innovacion-y-emprendimiento\\\/formacion-academica\\\/major-ingenieria-diseno-e-innovacion-idi\\\/#breadcrumb\"},\"inLanguage\":\"en-US\",\"potentialAction\":[{\"@type\":\"ReadAction\",\"target\":[\"https:\\\/\\\/www.ing.uc.cl\\\/en\\\/innovacion-y-emprendimiento\\\/formacion-academica\\\/major-ingenieria-diseno-e-innovacion-idi\\\/\"]}]},{\"@type\":\"ImageObject\",\"inLanguage\":\"en-US\",\"@id\":\"https:\\\/\\\/www.ing.uc.cl\\\/en\\\/innovacion-y-emprendimiento\\\/formacion-academica\\\/major-ingenieria-diseno-e-innovacion-idi\\\/#primaryimage\",\"url\":\"https:\\\/\\\/www.ing.uc.cl\\\/wp-content\\\/uploads\\\/2017\\\/07\\\/Major-en-Ingenier\u00eda-Dise\u00f1o-e-Innovaci\u00f3n.jpg\",\"contentUrl\":\"https:\\\/\\\/www.ing.uc.cl\\\/wp-content\\\/uploads\\\/2017\\\/07\\\/Major-en-Ingenier\u00eda-Dise\u00f1o-e-Innovaci\u00f3n.jpg\",\"width\":1333,\"height\":1000},{\"@type\":\"BreadcrumbList\",\"@id\":\"https:\\\/\\\/www.ing.uc.cl\\\/en\\\/innovacion-y-emprendimiento\\\/formacion-academica\\\/major-ingenieria-diseno-e-innovacion-idi\\\/#breadcrumb\",\"itemListElement\":[{\"@type\":\"ListItem\",\"position\":1,\"name\":\"Home\",\"item\":\"https:\\\/\\\/www.ing.uc.cl\\\/en\\\/\"},{\"@type\":\"ListItem\",\"position\":2,\"name\":\"Innovation and Entrepreneurship\",\"item\":\"https:\\\/\\\/www.ing.uc.cl\\\/en\\\/innovacion-y-emprendimiento\\\/\"},{\"@type\":\"ListItem\",\"position\":3,\"name\":\"Academic training\",\"item\":\"https:\\\/\\\/www.ing.uc.cl\\\/en\\\/innovacion-y-emprendimiento\\\/formacion-academica\\\/\"},{\"@type\":\"ListItem\",\"position\":4,\"name\":\"Major in Engineering, Design, and Innovation (IDI)\"}]},{\"@type\":\"WebSite\",\"@id\":\"https:\\\/\\\/www.ing.uc.cl\\\/#website\",\"url\":\"https:\\\/\\\/www.ing.uc.cl\\\/\",\"name\":\"Ingenier\u00eda UC\",\"description\":\"Ingenier\u00eda UC\",\"potentialAction\":[{\"@type\":\"SearchAction\",\"target\":{\"@type\":\"EntryPoint\",\"urlTemplate\":\"https:\\\/\\\/www.ing.uc.cl\\\/?s={search_term_string}\"},\"query-input\":{\"@type\":\"PropertyValueSpecification\",\"valueRequired\":true,\"valueName\":\"search_term_string\"}}],\"inLanguage\":\"en-US\"}]}<\/script>\n<!-- \/ Yoast SEO plugin. -->","yoast_head_json":{"title":"Major in Engineering, Design, and Innovation (IDI) - Ingenier\u00eda UC","robots":{"index":"index","follow":"follow","max-snippet":"max-snippet:-1","max-image-preview":"max-image-preview:large","max-video-preview":"max-video-preview:-1"},"canonical":"https:\/\/www.ing.uc.cl\/en\/innovacion-y-emprendimiento\/formacion-academica\/major-ingenieria-diseno-e-innovacion-idi\/","og_locale":"en_US","og_type":"article","og_title":"Major in Engineering, Design, and Innovation (IDI) - Ingenier\u00eda UC","og_description":"This degree program is very closely linked to industry.","og_url":"https:\/\/www.ing.uc.cl\/en\/innovacion-y-emprendimiento\/formacion-academica\/major-ingenieria-diseno-e-innovacion-idi\/","og_site_name":"Ingenier\u00eda UC","article_publisher":"https:\/\/www.facebook.com\/EscueladeIngenieriaUniversidadCatolica\/","article_modified_time":"2019-02-19T19:34:31+00:00","og_image":[{"width":1333,"height":1000,"url":"https:\/\/www.ing.uc.cl\/wp-content\/uploads\/2017\/07\/Major-en-Ingenier\u00eda-Dise\u00f1o-e-Innovaci\u00f3n.jpg","type":"image\/jpeg"}],"twitter_card":"summary_large_image","twitter_site":"@ingenieriaUC","twitter_misc":{"Est. reading time":"1 minute"},"schema":{"@context":"https:\/\/schema.org","@graph":[{"@type":"WebPage","@id":"https:\/\/www.ing.uc.cl\/en\/innovacion-y-emprendimiento\/formacion-academica\/major-ingenieria-diseno-e-innovacion-idi\/","url":"https:\/\/www.ing.uc.cl\/en\/innovacion-y-emprendimiento\/formacion-academica\/major-ingenieria-diseno-e-innovacion-idi\/","name":"Major in Engineering, Design, and Innovation (IDI) - Ingenier\u00eda UC","isPartOf":{"@id":"https:\/\/www.ing.uc.cl\/#website"},"primaryImageOfPage":{"@id":"https:\/\/www.ing.uc.cl\/en\/innovacion-y-emprendimiento\/formacion-academica\/major-ingenieria-diseno-e-innovacion-idi\/#primaryimage"},"image":{"@id":"https:\/\/www.ing.uc.cl\/en\/innovacion-y-emprendimiento\/formacion-academica\/major-ingenieria-diseno-e-innovacion-idi\/#primaryimage"},"thumbnailUrl":"https:\/\/www.ing.uc.cl\/wp-content\/uploads\/2017\/07\/Major-en-Ingenier\u00eda-Dise\u00f1o-e-Innovaci\u00f3n.jpg","datePublished":"2017-07-07T07:39:41+00:00","dateModified":"2019-02-19T19:34:31+00:00","breadcrumb":{"@id":"https:\/\/www.ing.uc.cl\/en\/innovacion-y-emprendimiento\/formacion-academica\/major-ingenieria-diseno-e-innovacion-idi\/#breadcrumb"},"inLanguage":"en-US","potentialAction":[{"@type":"ReadAction","target":["https:\/\/www.ing.uc.cl\/en\/innovacion-y-emprendimiento\/formacion-academica\/major-ingenieria-diseno-e-innovacion-idi\/"]}]},{"@type":"ImageObject","inLanguage":"en-US","@id":"https:\/\/www.ing.uc.cl\/en\/innovacion-y-emprendimiento\/formacion-academica\/major-ingenieria-diseno-e-innovacion-idi\/#primaryimage","url":"https:\/\/www.ing.uc.cl\/wp-content\/uploads\/2017\/07\/Major-en-Ingenier\u00eda-Dise\u00f1o-e-Innovaci\u00f3n.jpg","contentUrl":"https:\/\/www.ing.uc.cl\/wp-content\/uploads\/2017\/07\/Major-en-Ingenier\u00eda-Dise\u00f1o-e-Innovaci\u00f3n.jpg","width":1333,"height":1000},{"@type":"BreadcrumbList","@id":"https:\/\/www.ing.uc.cl\/en\/innovacion-y-emprendimiento\/formacion-academica\/major-ingenieria-diseno-e-innovacion-idi\/#breadcrumb","itemListElement":[{"@type":"ListItem","position":1,"name":"Home","item":"https:\/\/www.ing.uc.cl\/en\/"},{"@type":"ListItem","position":2,"name":"Innovation and Entrepreneurship","item":"https:\/\/www.ing.uc.cl\/en\/innovacion-y-emprendimiento\/"},{"@type":"ListItem","position":3,"name":"Academic training","item":"https:\/\/www.ing.uc.cl\/en\/innovacion-y-emprendimiento\/formacion-academica\/"},{"@type":"ListItem","position":4,"name":"Major in Engineering, Design, and Innovation (IDI)"}]},{"@type":"WebSite","@id":"https:\/\/www.ing.uc.cl\/#website","url":"https:\/\/www.ing.uc.cl\/","name":"Ingenier\u00eda UC","description":"Ingenier\u00eda UC","potentialAction":[{"@type":"SearchAction","target":{"@type":"EntryPoint","urlTemplate":"https:\/\/www.ing.uc.cl\/?s={search_term_string}"},"query-input":{"@type":"PropertyValueSpecification","valueRequired":true,"valueName":"search_term_string"}}],"inLanguage":"en-US"}]}},"_links":{"self":[{"href":"https:\/\/www.ing.uc.cl\/en\/wp-json\/wp\/v2\/pages\/60580","targetHints":{"allow":["GET"]}}],"collection":[{"href":"https:\/\/www.ing.uc.cl\/en\/wp-json\/wp\/v2\/pages"}],"about":[{"href":"https:\/\/www.ing.uc.cl\/en\/wp-json\/wp\/v2\/types\/page"}],"author":[{"embeddable":true,"href":"https:\/\/www.ing.uc.cl\/en\/wp-json\/wp\/v2\/users\/22"}],"replies":[{"embeddable":true,"href":"https:\/\/www.ing.uc.cl\/en\/wp-json\/wp\/v2\/comments?post=60580"}],"version-history":[{"count":0,"href":"https:\/\/www.ing.uc.cl\/en\/wp-json\/wp\/v2\/pages\/60580\/revisions"}],"up":[{"embeddable":true,"href":"https:\/\/www.ing.uc.cl\/en\/wp-json\/wp\/v2\/pages\/60577"}],"wp:featuredmedia":[{"embeddable":true,"href":"https:\/\/www.ing.uc.cl\/en\/wp-json\/wp\/v2\/media\/59108"}],"wp:attachment":[{"href":"https:\/\/www.ing.uc.cl\/en\/wp-json\/wp\/v2\/media?parent=60580"}],"curies":[{"name":"wp","href":"https:\/\/api.w.org\/{rel}","templated":true}]}}