
{"id":60662,"date":"2017-07-25T06:10:05","date_gmt":"2017-07-25T10:10:05","guid":{"rendered":"https:\/\/www.ing.uc.cl\/vinculacion-con-el-medio\/programas-transicion-laboral-2\/"},"modified":"2017-07-25T06:10:05","modified_gmt":"2017-07-25T10:10:05","slug":"programas-transicion-laboral-2","status":"publish","type":"page","link":"https:\/\/www.ing.uc.cl\/en\/vinculacion-con-el-medio\/programas-transicion-laboral-2\/","title":{"rendered":"Programas de Transici\u00f3n Laboral"},"content":{"rendered":"<p>Si est\u00e1s en un proceso de transici\u00f3n en tu vida laboral, pero no tienes claro a\u00fan cu\u00e1l es la direcci\u00f3n que quieres tomar, estos programas te ayudar\u00e1n a definir ese camino.<\/p>\n<p>Los programas siguen la metodolog\u00eda de Lukkap, incluyendo talleres grupales y el acompa\u00f1amiento de un tutor especializado hasta el logro de los objetivos que en conjunto son definidos.<\/p>\n<p>El tutor, con su experiencia y consejo, contribuir\u00e1 a responder los requerimientos pr\u00e1cticos e inquietudes que vivas en esta etapa de transici\u00f3n. Te acompa\u00f1ar\u00e1, apoyar\u00e1 y ayudar\u00e1 a sistematizar tu proceso y a hacerle seguimiento.<\/p>\n<p>Una vez que te embarques en este viaje, podr\u00e1s descubrir si tu camino va hacia la recontrataci\u00f3n, el emprendimiento o el retiro activo.<\/p>\n<p><strong>Recontrataci\u00f3n<\/strong>: Tiene como objetivo lograr la recontrataci\u00f3n en el menor tiempo posible, aumentar las posibilidades de \u00e9xito y alcanzar un mayor encaje entre tu proyecto laboral y el puesto de trabajo ideal para ti.<\/p>\n<p>La metodolog\u00eda consta de tres etapas: la definici\u00f3n de tu proyecto personal y tu visi\u00f3n de carrera, el desarrollo de las herramientas necesarias para realizar una b\u00fasqueda de trabajo y la creaci\u00f3n e implementaci\u00f3n de un plan de acci\u00f3n.<\/p>\n<p><strong>Emprendimiento<\/strong>: Si has optado por ser independiente y crear tu propia fuente de trabajo, Lukkap te ayuda a evaluar tus competencias y capacidad emprendedora siguiendo la metodolog\u00eda de an\u00e1lisis desarrollada por el Programa de Emprendimiento de Naciones Unidas:<\/p>\n<p>&#8211;\u00a0\u00a0\u00a0\u00a0\u00a0\u00a0\u00a0\u00a0\u00a0\u00a0\u00a0\u00a0\u00a0 Cuestionario CCC, Caracter\u00edsticas del Comportamiento Emprendedor.<\/p>\n<p>&#8211;\u00a0\u00a0\u00a0\u00a0\u00a0\u00a0\u00a0\u00a0\u00a0\u00a0\u00a0\u00a0\u00a0 Entrevista de Incidentes Cr\u00edticos.<\/p>\n<p>&#8211;\u00a0\u00a0\u00a0\u00a0\u00a0\u00a0\u00a0\u00a0\u00a0\u00a0\u00a0\u00a0\u00a0 Reuni\u00f3n de An\u00e1lisis de fortalezas y desaf\u00edos y conclusiones finales.<\/p>\n<p>Luego de esto, el programa contin\u00faa con el acompa\u00f1amiento durante el per\u00edodo de adaptaci\u00f3n a tu nuevo rol de emprendedor, con \u00e9nfasis en el desarrollo de las habilidades personales previamente definidas.<\/p>\n<p>Para la evaluaci\u00f3n econ\u00f3mica del proyecto, testeo de vialidad y puesta en marcha del negocio, podr\u00e1s apoyarte en los recursos que la Escuela de Ingenier\u00eda UC tiene disponible para ello a trav\u00e9s de la RED DE INGENIERIA UC EMPRENDE.<\/p>\n<p><strong>Retiro activo<\/strong>: Dirigido a los profesionales que est\u00e1n cerca de la edad de retiro. El objetivo es llevar a cabo una transici\u00f3n de vida de forma arm\u00f3nica y activa, recibiendo asesor\u00eda en los temas relacionados con el proceso de redise\u00f1o de la vida laboral. La metodolog\u00eda tiene dos etapas:<\/p>\n<p>&#8211;\u00a0\u00a0\u00a0\u00a0\u00a0\u00a0\u00a0\u00a0\u00a0\u00a0\u00a0\u00a0\u00a0 Resignificaci\u00f3n de vida: Balance personal (familiar y financiero) y profesional frente a los cambios, evaluaci\u00f3n de alternativas de recontrataci\u00f3n, emprendimiento y actividades sin fines de lucro. Definici\u00f3n de un nuevo plan de desarrollo personal y profesional.<\/p>\n<p>&#8211;\u00a0\u00a0\u00a0\u00a0\u00a0\u00a0\u00a0\u00a0\u00a0\u00a0\u00a0\u00a0\u00a0 Implementaci\u00f3n del plan futuro: Gesti\u00f3n de redes de contacto y dise\u00f1o del plan de acci\u00f3n.<\/p>\n<p>Los programas ofrecidos por Lukkap a los exalumnos de la Escuela de Ingenier\u00eda UC a precio preferente son:<\/p>\n<h3>Programa base (UF 30)<\/h3>\n<p>&#8211;\u00a0\u00a0\u00a0\u00a0\u00a0\u00a0\u00a0\u00a0\u00a0\u00a0\u00a0\u00a0\u00a0 Definici\u00f3n de tu Proyecto Personal: Identifica cu\u00e1les son tus motivaciones, tus principales habilidades, tu visi\u00f3n de trabajo ideal, a trav\u00e9s de la realizaci\u00f3n de una serie de ejercicios con la gu\u00eda de un tutor, que har\u00e1 el seguimiento de tu progreso y te dar\u00e1 feedback de los ejercicios.<\/p>\n<p>&#8211;\u00a0\u00a0\u00a0\u00a0\u00a0\u00a0\u00a0\u00a0\u00a0\u00a0\u00a0\u00a0\u00a0 Desarrollo de las Herramientas: Prepara las herramientas necesarias para el proceso que est\u00e1s comenzando. Esto incluye el desarrollo de tu CV, Mensaje, Perfil de Linkedin, Matriz de Contactos y estrategia de networking, revisado por un especialista de manera de asegurar que est\u00e9n de acuerdo a lo que quieres destacar y al p\u00fablico al que quieres llegar. Adem\u00e1s, podr\u00e1s prepararte para las entrevistas que te tocar\u00e1 enfrentar.<\/p>\n<p>&#8211;\u00a0\u00a0\u00a0\u00a0\u00a0\u00a0\u00a0\u00a0\u00a0\u00a0\u00a0\u00a0\u00a0 Plan de Acci\u00f3n: Una vez que tienes definido lo que quieres ofrecer, has sido capaz de comunicarlo en forma atractiva, y conoces el p\u00fablico objetivo al que quieres dirigirte, recibe asesor\u00eda para armar un plan de acci\u00f3n comercial que te permita ser sistem\u00e1tico y riguroso.<\/p>\n<p>&#8211;\u00a0\u00a0\u00a0\u00a0\u00a0\u00a0\u00a0\u00a0\u00a0\u00a0\u00a0\u00a0\u00a0 Acceso a contenido y ejercicios en plataforma online (Mylukkap)<\/p>\n<p>&#8211;\u00a0\u00a0\u00a0\u00a0\u00a0\u00a0\u00a0\u00a0\u00a0\u00a0\u00a0\u00a0\u00a0 3 Sesiones presenciales con tutor especializado en transici\u00f3n laboral<\/p>\n<p>&#8211;\u00a0\u00a0\u00a0\u00a0\u00a0\u00a0\u00a0\u00a0\u00a0\u00a0\u00a0\u00a0\u00a0 2 Talleres grupales<\/p>\n<p>&#8211;\u00a0\u00a0\u00a0\u00a0\u00a0\u00a0\u00a0\u00a0\u00a0\u00a0\u00a0\u00a0\u00a0 Seguimiento del tutor v\u00eda tel\u00e9fono, whatsapp y\/o mail hasta el logro de los objetivos<\/p>\n<h3>Programa plus (UF 50)<\/h3>\n<p>&#8211;\u00a0\u00a0\u00a0\u00a0\u00a0\u00a0\u00a0\u00a0\u00a0\u00a0\u00a0\u00a0\u00a0 Definici\u00f3n de tu Proyecto Personal: Identifica cu\u00e1les son tus motivaciones, tus principales habilidades, tu visi\u00f3n de trabajo ideal, a trav\u00e9s de la realizaci\u00f3n de una serie de ejercicios con la gu\u00eda de un tutor, que har\u00e1 el seguimiento de tu progreso y te dar\u00e1 feedback de los ejercicios.<\/p>\n<p>&#8211;\u00a0\u00a0\u00a0\u00a0\u00a0\u00a0\u00a0\u00a0\u00a0\u00a0\u00a0\u00a0\u00a0 Desarrollo de las Herramientas: Prepara las herramientas necesarias para el proceso que est\u00e1s comenzando. Esto incluye el desarrollo de tu CV, Mensaje, Perfil de Linkedin, Matriz de Contactos y estrategia de networking, revisado por un tutor de manera de asegurar que est\u00e9n de acuerdo a lo que quieres destacar y al p\u00fablico al que quieres llegar. Adem\u00e1s, podr\u00e1s prepararte para las entrevistas que te tocar\u00e1 enfrentar.<\/p>\n<p>&#8211;\u00a0\u00a0\u00a0\u00a0\u00a0\u00a0\u00a0\u00a0\u00a0\u00a0\u00a0\u00a0\u00a0 Plan de Acci\u00f3n: Una vez que tienes definido lo que quieres ofrecer, has sido capaz de comunicarlo en forma atractiva, y conoces el p\u00fablico objetivo al que quieres dirigirte, recibe asesor\u00eda para armar un plan de acci\u00f3n comercial que te permita ser sistem\u00e1tico y riguroso.<\/p>\n<p>&#8211;\u00a0\u00a0\u00a0\u00a0\u00a0\u00a0\u00a0\u00a0\u00a0\u00a0\u00a0\u00a0\u00a0 Acceso a contenido y ejercicios en plataforma online (Mylukkap)<\/p>\n<p>&#8211;\u00a0\u00a0\u00a0\u00a0\u00a0\u00a0\u00a0\u00a0\u00a0\u00a0\u00a0\u00a0\u00a0 Acceso a herramienta de autogesti\u00f3n online (Esigue)<\/p>\n<p>&#8211;\u00a0\u00a0\u00a0\u00a0\u00a0\u00a0\u00a0\u00a0\u00a0\u00a0\u00a0\u00a0\u00a0 6 Sesiones presenciales con tutor especializado en transici\u00f3n laboral<\/p>\n<p>&#8211;\u00a0\u00a0\u00a0\u00a0\u00a0\u00a0\u00a0\u00a0\u00a0\u00a0\u00a0\u00a0\u00a0 4 Talleres grupales<\/p>\n<p>&#8211;\u00a0\u00a0\u00a0\u00a0\u00a0\u00a0\u00a0\u00a0\u00a0\u00a0\u00a0\u00a0\u00a0 Seguimiento del tutor v\u00eda tel\u00e9fono, whatsapp y\/o mail hasta el logro de los objetivos<\/p>\n<h3>Programa full (UF 75)<\/h3>\n<p>&#8211;\u00a0\u00a0\u00a0\u00a0\u00a0\u00a0\u00a0\u00a0\u00a0\u00a0\u00a0\u00a0\u00a0 Definici\u00f3n de tu Proyecto Personal: Identifica cu\u00e1les son tus motivaciones, tus principales habilidades, tu visi\u00f3n de trabajo ideal, a trav\u00e9s de la realizaci\u00f3n de una serie de ejercicios con la gu\u00eda de un tutor, que har\u00e1 el seguimiento de tu progreso y te dar\u00e1 feedback de los ejercicios.<\/p>\n<p>&#8211;\u00a0\u00a0\u00a0\u00a0\u00a0\u00a0\u00a0\u00a0\u00a0\u00a0\u00a0\u00a0\u00a0 Desarrollo de las Herramientas: Prepara las herramientas necesarias para el proceso que est\u00e1s comenzando. Esto incluye el desarrollo de tu CV, Mensaje, Perfil de Linkedin, Matriz de Contactos y estrategia de networking, revisado por un tutor de manera de asegurar que est\u00e9n de acuerdo a lo que quieres destacar y al p\u00fablico al que quieres llegar. Adem\u00e1s, podr\u00e1s prepararte para las entrevistas que te tocar\u00e1 enfrentar.<\/p>\n<p>&#8211;\u00a0\u00a0\u00a0\u00a0\u00a0\u00a0\u00a0\u00a0\u00a0\u00a0\u00a0\u00a0\u00a0 Plan de Acci\u00f3n: Una vez que tienes definido lo que quieres ofrecer, has sido capaz de comunicarlo en forma atractiva, y conoces el p\u00fablico objetivo al que quieres dirigirte, recibe asesor\u00eda para armar un plan de acci\u00f3n comercial que te permita ser sistem\u00e1tico y riguroso.<\/p>\n<p>&#8211;\u00a0\u00a0\u00a0\u00a0\u00a0\u00a0\u00a0\u00a0\u00a0\u00a0\u00a0\u00a0\u00a0 Acceso a contenido y ejercicios en plataforma online (Mylukkap)<\/p>\n<p>&#8211;\u00a0\u00a0\u00a0\u00a0\u00a0\u00a0\u00a0\u00a0\u00a0\u00a0\u00a0\u00a0\u00a0 Acceso a herramienta de autogesti\u00f3n online (Esigue)<\/p>\n<p>&#8211;\u00a0\u00a0\u00a0\u00a0\u00a0\u00a0\u00a0\u00a0\u00a0\u00a0\u00a0\u00a0\u00a0 9 Sesiones presenciales con tutor especializado en transici\u00f3n laboral<\/p>\n<p>&#8211;\u00a0\u00a0\u00a0\u00a0\u00a0\u00a0\u00a0\u00a0\u00a0\u00a0\u00a0\u00a0\u00a0 6 Talleres grupales<\/p>\n<p>&#8211;\u00a0\u00a0\u00a0\u00a0\u00a0\u00a0\u00a0\u00a0\u00a0\u00a0\u00a0\u00a0\u00a0 1 sesi\u00f3n con experto en mercado laboral<\/p>\n<p>&#8211;\u00a0\u00a0\u00a0\u00a0\u00a0\u00a0\u00a0\u00a0\u00a0\u00a0\u00a0\u00a0\u00a0 Seguimiento del tutor v\u00eda tel\u00e9fono, whatsapp y\/o mail hasta el logro de los objetivos<\/p>\n<p><strong><u>Tabla resumen programas de transici\u00f3n laboral<\/u><\/strong><\/p>\n<table width=\"608\">\n<tbody>\n<tr>\n<td width=\"292\"><\/td>\n<td width=\"123\"><strong>Base<\/strong><\/p>\n<p><strong>UF30<\/strong><\/td>\n<td width=\"87\"><strong>Plus<\/strong><\/p>\n<p><strong>UF50<\/strong><\/td>\n<td width=\"105\"><strong>Full<\/strong><\/p>\n<p><strong>UF75<\/strong><\/td>\n<\/tr>\n<tr>\n<td width=\"292\">Definici\u00f3n Proyecto Personal<\/td>\n<td width=\"123\">s\u00ed<\/td>\n<td width=\"87\">s\u00ed<\/td>\n<td width=\"105\">s\u00ed<\/td>\n<\/tr>\n<tr>\n<td width=\"292\">Desarrollo de CV y perfil Linkedin<\/td>\n<td width=\"123\">s\u00ed<\/td>\n<td width=\"87\">s\u00ed<\/td>\n<td width=\"105\">s\u00ed<\/td>\n<\/tr>\n<tr>\n<td width=\"292\">Desarrollo del Mensaje<\/td>\n<td width=\"123\">s\u00ed<\/td>\n<td width=\"87\">s\u00ed<\/td>\n<td width=\"105\">s\u00ed<\/td>\n<\/tr>\n<tr>\n<td width=\"292\">Construir Redes de Contacto<\/td>\n<td width=\"123\">s\u00ed<\/td>\n<td width=\"87\">s\u00ed<\/td>\n<td width=\"105\">s\u00ed<\/td>\n<\/tr>\n<tr>\n<td width=\"292\">Preparar Entrevistas<\/td>\n<td width=\"123\">s\u00ed<\/td>\n<td width=\"87\">s\u00ed<\/td>\n<td width=\"105\">s\u00ed<\/td>\n<\/tr>\n<tr>\n<td width=\"292\">Armar e Implementar Plan de Acci\u00f3n<\/td>\n<td width=\"123\">s\u00ed<\/td>\n<td width=\"87\">s\u00ed<\/td>\n<td width=\"105\">s\u00ed<\/td>\n<\/tr>\n<tr>\n<td width=\"292\">Acceso a contenido y ejercicios en plataforma online (Mylukkap)<\/td>\n<td width=\"123\">s\u00ed<\/td>\n<td width=\"87\">s\u00ed<\/td>\n<td width=\"105\">s\u00ed<\/td>\n<\/tr>\n<tr>\n<td width=\"292\">Acceso a herramienta de autogesti\u00f3n online (Esigue)<\/td>\n<td width=\"123\"><\/td>\n<td width=\"87\">s\u00ed<\/td>\n<td width=\"105\">s\u00ed<\/td>\n<\/tr>\n<tr>\n<td width=\"292\">Asesor\u00eda especializada en rentas, industrias y mercado laboral<\/td>\n<td width=\"123\"><\/td>\n<td width=\"87\"><\/td>\n<td width=\"105\">s\u00ed<\/td>\n<\/tr>\n<tr>\n<td width=\"292\">Talleres grupales<\/td>\n<td width=\"123\">s\u00ed 2<\/td>\n<td width=\"87\">s\u00ed 4<\/td>\n<td width=\"105\">s\u00ed 6<\/td>\n<\/tr>\n<tr>\n<td width=\"292\">Sesiones presenciales con tutor especializado<\/td>\n<td width=\"123\">s\u00ed 3<\/td>\n<td width=\"87\">s\u00ed 6<\/td>\n<td width=\"105\">s\u00ed 9<\/td>\n<\/tr>\n<tr>\n<td width=\"292\">Seguimiento hasta lograr objetivo<\/td>\n<td width=\"123\">s\u00ed<\/td>\n<td width=\"87\">s\u00ed<\/td>\n<td width=\"105\">s\u00ed<\/td>\n<\/tr>\n<\/tbody>\n<\/table>\n","protected":false},"excerpt":{"rendered":"<p>Si est\u00e1s en un proceso de transici\u00f3n en tu vida laboral, pero no tienes claro a\u00fan cu\u00e1l es la direcci\u00f3n que quieres tomar, estos programas te ayudar\u00e1n a definir ese camino.<\/p>\n","protected":false},"author":22,"featured_media":0,"parent":60612,"menu_order":999,"comment_status":"closed","ping_status":"closed","template":"","meta":{"_acf_changed":false,"footnotes":""},"class_list":["post-60662","page","type-page","status-publish","hentry"],"acf":[],"yoast_head":"<!-- This site is optimized with the Yoast SEO plugin v27.3 - https:\/\/yoast.com\/product\/yoast-seo-wordpress\/ -->\n<title>Programas de Transici\u00f3n Laboral - Ingenier\u00eda UC<\/title>\n<meta name=\"robots\" content=\"index, follow, max-snippet:-1, max-image-preview:large, max-video-preview:-1\" \/>\n<link rel=\"canonical\" href=\"https:\/\/www.ing.uc.cl\/en\/vinculacion-con-el-medio\/programas-transicion-laboral-2\/\" \/>\n<meta property=\"og:locale\" content=\"en_US\" \/>\n<meta property=\"og:type\" content=\"article\" \/>\n<meta property=\"og:title\" content=\"Programas de Transici\u00f3n Laboral - Ingenier\u00eda UC\" \/>\n<meta property=\"og:description\" content=\"Si est\u00e1s en un proceso de transici\u00f3n en tu vida laboral, pero no tienes claro a\u00fan cu\u00e1l es la direcci\u00f3n que quieres tomar, estos programas te ayudar\u00e1n a definir ese camino.\" \/>\n<meta property=\"og:url\" content=\"https:\/\/www.ing.uc.cl\/en\/vinculacion-con-el-medio\/programas-transicion-laboral-2\/\" \/>\n<meta property=\"og:site_name\" content=\"Ingenier\u00eda UC\" \/>\n<meta property=\"article:publisher\" content=\"https:\/\/www.facebook.com\/EscueladeIngenieriaUniversidadCatolica\/\" \/>\n<meta name=\"twitter:card\" content=\"summary_large_image\" \/>\n<meta name=\"twitter:site\" content=\"@ingenieriaUC\" \/>\n<meta name=\"twitter:label1\" content=\"Est. reading time\" \/>\n\t<meta name=\"twitter:data1\" content=\"6 minutes\" \/>\n<script type=\"application\/ld+json\" class=\"yoast-schema-graph\">{\"@context\":\"https:\\\/\\\/schema.org\",\"@graph\":[{\"@type\":\"WebPage\",\"@id\":\"https:\\\/\\\/www.ing.uc.cl\\\/en\\\/vinculacion-con-el-medio\\\/programas-transicion-laboral-2\\\/\",\"url\":\"https:\\\/\\\/www.ing.uc.cl\\\/en\\\/vinculacion-con-el-medio\\\/programas-transicion-laboral-2\\\/\",\"name\":\"Programas de Transici\u00f3n Laboral - Ingenier\u00eda UC\",\"isPartOf\":{\"@id\":\"https:\\\/\\\/www.ing.uc.cl\\\/#website\"},\"datePublished\":\"2017-07-25T10:10:05+00:00\",\"breadcrumb\":{\"@id\":\"https:\\\/\\\/www.ing.uc.cl\\\/en\\\/vinculacion-con-el-medio\\\/programas-transicion-laboral-2\\\/#breadcrumb\"},\"inLanguage\":\"en-US\",\"potentialAction\":[{\"@type\":\"ReadAction\",\"target\":[\"https:\\\/\\\/www.ing.uc.cl\\\/en\\\/vinculacion-con-el-medio\\\/programas-transicion-laboral-2\\\/\"]}]},{\"@type\":\"BreadcrumbList\",\"@id\":\"https:\\\/\\\/www.ing.uc.cl\\\/en\\\/vinculacion-con-el-medio\\\/programas-transicion-laboral-2\\\/#breadcrumb\",\"itemListElement\":[{\"@type\":\"ListItem\",\"position\":1,\"name\":\"Home\",\"item\":\"https:\\\/\\\/www.ing.uc.cl\\\/en\\\/\"},{\"@type\":\"ListItem\",\"position\":2,\"name\":\"Outreach\",\"item\":\"https:\\\/\\\/www.ing.uc.cl\\\/en\\\/vinculacion-con-el-medio\\\/\"},{\"@type\":\"ListItem\",\"position\":3,\"name\":\"Programas de Transici\u00f3n Laboral\"}]},{\"@type\":\"WebSite\",\"@id\":\"https:\\\/\\\/www.ing.uc.cl\\\/#website\",\"url\":\"https:\\\/\\\/www.ing.uc.cl\\\/\",\"name\":\"Ingenier\u00eda UC\",\"description\":\"Ingenier\u00eda UC\",\"potentialAction\":[{\"@type\":\"SearchAction\",\"target\":{\"@type\":\"EntryPoint\",\"urlTemplate\":\"https:\\\/\\\/www.ing.uc.cl\\\/?s={search_term_string}\"},\"query-input\":{\"@type\":\"PropertyValueSpecification\",\"valueRequired\":true,\"valueName\":\"search_term_string\"}}],\"inLanguage\":\"en-US\"}]}<\/script>\n<!-- \/ Yoast SEO plugin. -->","yoast_head_json":{"title":"Programas de Transici\u00f3n Laboral - Ingenier\u00eda UC","robots":{"index":"index","follow":"follow","max-snippet":"max-snippet:-1","max-image-preview":"max-image-preview:large","max-video-preview":"max-video-preview:-1"},"canonical":"https:\/\/www.ing.uc.cl\/en\/vinculacion-con-el-medio\/programas-transicion-laboral-2\/","og_locale":"en_US","og_type":"article","og_title":"Programas de Transici\u00f3n Laboral - Ingenier\u00eda UC","og_description":"Si est\u00e1s en un proceso de transici\u00f3n en tu vida laboral, pero no tienes claro a\u00fan cu\u00e1l es la direcci\u00f3n que quieres tomar, estos programas te ayudar\u00e1n a definir ese camino.","og_url":"https:\/\/www.ing.uc.cl\/en\/vinculacion-con-el-medio\/programas-transicion-laboral-2\/","og_site_name":"Ingenier\u00eda UC","article_publisher":"https:\/\/www.facebook.com\/EscueladeIngenieriaUniversidadCatolica\/","twitter_card":"summary_large_image","twitter_site":"@ingenieriaUC","twitter_misc":{"Est. reading time":"6 minutes"},"schema":{"@context":"https:\/\/schema.org","@graph":[{"@type":"WebPage","@id":"https:\/\/www.ing.uc.cl\/en\/vinculacion-con-el-medio\/programas-transicion-laboral-2\/","url":"https:\/\/www.ing.uc.cl\/en\/vinculacion-con-el-medio\/programas-transicion-laboral-2\/","name":"Programas de Transici\u00f3n Laboral - Ingenier\u00eda UC","isPartOf":{"@id":"https:\/\/www.ing.uc.cl\/#website"},"datePublished":"2017-07-25T10:10:05+00:00","breadcrumb":{"@id":"https:\/\/www.ing.uc.cl\/en\/vinculacion-con-el-medio\/programas-transicion-laboral-2\/#breadcrumb"},"inLanguage":"en-US","potentialAction":[{"@type":"ReadAction","target":["https:\/\/www.ing.uc.cl\/en\/vinculacion-con-el-medio\/programas-transicion-laboral-2\/"]}]},{"@type":"BreadcrumbList","@id":"https:\/\/www.ing.uc.cl\/en\/vinculacion-con-el-medio\/programas-transicion-laboral-2\/#breadcrumb","itemListElement":[{"@type":"ListItem","position":1,"name":"Home","item":"https:\/\/www.ing.uc.cl\/en\/"},{"@type":"ListItem","position":2,"name":"Outreach","item":"https:\/\/www.ing.uc.cl\/en\/vinculacion-con-el-medio\/"},{"@type":"ListItem","position":3,"name":"Programas de Transici\u00f3n Laboral"}]},{"@type":"WebSite","@id":"https:\/\/www.ing.uc.cl\/#website","url":"https:\/\/www.ing.uc.cl\/","name":"Ingenier\u00eda UC","description":"Ingenier\u00eda UC","potentialAction":[{"@type":"SearchAction","target":{"@type":"EntryPoint","urlTemplate":"https:\/\/www.ing.uc.cl\/?s={search_term_string}"},"query-input":{"@type":"PropertyValueSpecification","valueRequired":true,"valueName":"search_term_string"}}],"inLanguage":"en-US"}]}},"_links":{"self":[{"href":"https:\/\/www.ing.uc.cl\/en\/wp-json\/wp\/v2\/pages\/60662","targetHints":{"allow":["GET"]}}],"collection":[{"href":"https:\/\/www.ing.uc.cl\/en\/wp-json\/wp\/v2\/pages"}],"about":[{"href":"https:\/\/www.ing.uc.cl\/en\/wp-json\/wp\/v2\/types\/page"}],"author":[{"embeddable":true,"href":"https:\/\/www.ing.uc.cl\/en\/wp-json\/wp\/v2\/users\/22"}],"replies":[{"embeddable":true,"href":"https:\/\/www.ing.uc.cl\/en\/wp-json\/wp\/v2\/comments?post=60662"}],"version-history":[{"count":0,"href":"https:\/\/www.ing.uc.cl\/en\/wp-json\/wp\/v2\/pages\/60662\/revisions"}],"up":[{"embeddable":true,"href":"https:\/\/www.ing.uc.cl\/en\/wp-json\/wp\/v2\/pages\/60612"}],"wp:attachment":[{"href":"https:\/\/www.ing.uc.cl\/en\/wp-json\/wp\/v2\/media?parent=60662"}],"curies":[{"name":"wp","href":"https:\/\/api.w.org\/{rel}","templated":true}]}}