
{"id":60682,"date":"2017-07-04T16:01:06","date_gmt":"2017-07-04T20:01:06","guid":{"rendered":"https:\/\/www.ing.uc.cl\/carrera-vacantes-academicas\/"},"modified":"2017-07-04T16:01:06","modified_gmt":"2017-07-04T20:01:06","slug":"carrera-vacantes-academicas","status":"publish","type":"page","link":"https:\/\/www.ing.uc.cl\/en\/carrera-vacantes-academicas\/","title":{"rendered":"Carrera y Vacantes Acad\u00e9micas"},"content":{"rendered":"<p>Ubicada en el 4\u00b0 piso del Edificio Ra\u00fal Dev\u00e9s, esta \u00e1rea apoya el proceso de reclutamiento de profesores y el proceso de promoci\u00f3n acad\u00e9mica.<\/p>\n","protected":false},"excerpt":{"rendered":"<p>Esta \u00e1rea apoya el proceso de reclutamiento de profesores y el proceso de promoci\u00f3n acad\u00e9mica.<\/p>\n","protected":false},"author":33,"featured_media":0,"parent":0,"menu_order":999,"comment_status":"closed","ping_status":"closed","template":"template-autoridades-equipos.php","meta":{"_acf_changed":false,"footnotes":""},"class_list":["post-60682","page","type-page","status-publish","hentry"],"acf":[],"yoast_head":"<!-- This site is optimized with the Yoast SEO plugin v26.9 - https:\/\/yoast.com\/product\/yoast-seo-wordpress\/ -->\n<title>Carrera y Vacantes Acad\u00e9micas - Ingenier\u00eda UC<\/title>\n<meta name=\"robots\" content=\"index, follow, max-snippet:-1, max-image-preview:large, max-video-preview:-1\" \/>\n<link rel=\"canonical\" href=\"https:\/\/www.ing.uc.cl\/en\/carrera-vacantes-academicas\/\" \/>\n<meta property=\"og:locale\" content=\"en_US\" \/>\n<meta property=\"og:type\" content=\"article\" \/>\n<meta property=\"og:title\" content=\"Carrera y Vacantes Acad\u00e9micas - Ingenier\u00eda UC\" \/>\n<meta property=\"og:description\" content=\"Esta \u00e1rea apoya el proceso de reclutamiento de profesores y el proceso de promoci\u00f3n acad\u00e9mica.\" \/>\n<meta property=\"og:url\" content=\"https:\/\/www.ing.uc.cl\/en\/carrera-vacantes-academicas\/\" \/>\n<meta property=\"og:site_name\" content=\"Ingenier\u00eda UC\" \/>\n<meta property=\"article:publisher\" content=\"https:\/\/www.facebook.com\/EscueladeIngenieriaUniversidadCatolica\/\" \/>\n<meta name=\"twitter:card\" content=\"summary_large_image\" \/>\n<meta name=\"twitter:site\" content=\"@ingenieriaUC\" \/>\n<script type=\"application\/ld+json\" class=\"yoast-schema-graph\">{\"@context\":\"https:\/\/schema.org\",\"@graph\":[{\"@type\":\"WebPage\",\"@id\":\"https:\/\/www.ing.uc.cl\/en\/carrera-vacantes-academicas\/\",\"url\":\"https:\/\/www.ing.uc.cl\/en\/carrera-vacantes-academicas\/\",\"name\":\"Carrera y Vacantes Acad\u00e9micas - Ingenier\u00eda UC\",\"isPartOf\":{\"@id\":\"https:\/\/www.ing.uc.cl\/#website\"},\"datePublished\":\"2017-07-04T20:01:06+00:00\",\"breadcrumb\":{\"@id\":\"https:\/\/www.ing.uc.cl\/en\/carrera-vacantes-academicas\/#breadcrumb\"},\"inLanguage\":\"en-US\",\"potentialAction\":[{\"@type\":\"ReadAction\",\"target\":[\"https:\/\/www.ing.uc.cl\/en\/carrera-vacantes-academicas\/\"]}]},{\"@type\":\"BreadcrumbList\",\"@id\":\"https:\/\/www.ing.uc.cl\/en\/carrera-vacantes-academicas\/#breadcrumb\",\"itemListElement\":[{\"@type\":\"ListItem\",\"position\":1,\"name\":\"Home\",\"item\":\"https:\/\/www.ing.uc.cl\/en\/\"},{\"@type\":\"ListItem\",\"position\":2,\"name\":\"Carrera y Vacantes Acad\u00e9micas\"}]},{\"@type\":\"WebSite\",\"@id\":\"https:\/\/www.ing.uc.cl\/#website\",\"url\":\"https:\/\/www.ing.uc.cl\/\",\"name\":\"Ingenier\u00eda UC\",\"description\":\"Ingenier\u00eda UC\",\"potentialAction\":[{\"@type\":\"SearchAction\",\"target\":{\"@type\":\"EntryPoint\",\"urlTemplate\":\"https:\/\/www.ing.uc.cl\/?s={search_term_string}\"},\"query-input\":{\"@type\":\"PropertyValueSpecification\",\"valueRequired\":true,\"valueName\":\"search_term_string\"}}],\"inLanguage\":\"en-US\"}]}<\/script>\n<!-- \/ Yoast SEO plugin. -->","yoast_head_json":{"title":"Carrera y Vacantes Acad\u00e9micas - Ingenier\u00eda UC","robots":{"index":"index","follow":"follow","max-snippet":"max-snippet:-1","max-image-preview":"max-image-preview:large","max-video-preview":"max-video-preview:-1"},"canonical":"https:\/\/www.ing.uc.cl\/en\/carrera-vacantes-academicas\/","og_locale":"en_US","og_type":"article","og_title":"Carrera y Vacantes Acad\u00e9micas - Ingenier\u00eda UC","og_description":"Esta \u00e1rea apoya el proceso de reclutamiento de profesores y el proceso de promoci\u00f3n acad\u00e9mica.","og_url":"https:\/\/www.ing.uc.cl\/en\/carrera-vacantes-academicas\/","og_site_name":"Ingenier\u00eda UC","article_publisher":"https:\/\/www.facebook.com\/EscueladeIngenieriaUniversidadCatolica\/","twitter_card":"summary_large_image","twitter_site":"@ingenieriaUC","schema":{"@context":"https:\/\/schema.org","@graph":[{"@type":"WebPage","@id":"https:\/\/www.ing.uc.cl\/en\/carrera-vacantes-academicas\/","url":"https:\/\/www.ing.uc.cl\/en\/carrera-vacantes-academicas\/","name":"Carrera y Vacantes Acad\u00e9micas - Ingenier\u00eda UC","isPartOf":{"@id":"https:\/\/www.ing.uc.cl\/#website"},"datePublished":"2017-07-04T20:01:06+00:00","breadcrumb":{"@id":"https:\/\/www.ing.uc.cl\/en\/carrera-vacantes-academicas\/#breadcrumb"},"inLanguage":"en-US","potentialAction":[{"@type":"ReadAction","target":["https:\/\/www.ing.uc.cl\/en\/carrera-vacantes-academicas\/"]}]},{"@type":"BreadcrumbList","@id":"https:\/\/www.ing.uc.cl\/en\/carrera-vacantes-academicas\/#breadcrumb","itemListElement":[{"@type":"ListItem","position":1,"name":"Home","item":"https:\/\/www.ing.uc.cl\/en\/"},{"@type":"ListItem","position":2,"name":"Carrera y Vacantes Acad\u00e9micas"}]},{"@type":"WebSite","@id":"https:\/\/www.ing.uc.cl\/#website","url":"https:\/\/www.ing.uc.cl\/","name":"Ingenier\u00eda UC","description":"Ingenier\u00eda UC","potentialAction":[{"@type":"SearchAction","target":{"@type":"EntryPoint","urlTemplate":"https:\/\/www.ing.uc.cl\/?s={search_term_string}"},"query-input":{"@type":"PropertyValueSpecification","valueRequired":true,"valueName":"search_term_string"}}],"inLanguage":"en-US"}]}},"_links":{"self":[{"href":"https:\/\/www.ing.uc.cl\/en\/wp-json\/wp\/v2\/pages\/60682","targetHints":{"allow":["GET"]}}],"collection":[{"href":"https:\/\/www.ing.uc.cl\/en\/wp-json\/wp\/v2\/pages"}],"about":[{"href":"https:\/\/www.ing.uc.cl\/en\/wp-json\/wp\/v2\/types\/page"}],"author":[{"embeddable":true,"href":"https:\/\/www.ing.uc.cl\/en\/wp-json\/wp\/v2\/users\/33"}],"replies":[{"embeddable":true,"href":"https:\/\/www.ing.uc.cl\/en\/wp-json\/wp\/v2\/comments?post=60682"}],"version-history":[{"count":0,"href":"https:\/\/www.ing.uc.cl\/en\/wp-json\/wp\/v2\/pages\/60682\/revisions"}],"wp:attachment":[{"href":"https:\/\/www.ing.uc.cl\/en\/wp-json\/wp\/v2\/media?parent=60682"}],"curies":[{"name":"wp","href":"https:\/\/api.w.org\/{rel}","templated":true}]}}