{"id":4005,"date":"2024-06-25T16:01:22","date_gmt":"2024-06-25T19:01:22","guid":{"rendered":"https:\/\/www.ing.uc.cl\/estructural-y-geotecnica\/?page_id=4005"},"modified":"2024-08-21T13:04:55","modified_gmt":"2024-08-21T16:04:55","slug":"noticias","status":"publish","type":"page","link":"https:\/\/www.ing.uc.cl\/estructural-y-geotecnica\/noticias\/","title":{"rendered":"Noticias"},"content":{"rendered":"<div id=\"pl-gb4005-69fab619250b9\"  class=\"panel-layout\" ><div id=\"pg-gb4005-69fab619250b9-0\"  class=\"panel-grid panel-no-style\" ><div id=\"pgc-gb4005-69fab619250b9-0-0\"  class=\"panel-grid-cell\" ><div id=\"panel-gb4005-69fab619250b9-0-0-0\" class=\"so-panel widget widget_sow-editor panel-first-child panel-last-child\" data-index=\"0\" ><div class=\"uc-title panel-widget-style panel-widget-style-for-gb4005-69fab619250b9-0-0-0\" ><div\n\t\t\t\n\t\t\tclass=\"so-widget-sow-editor so-widget-sow-editor-base\"\n\t\t\t\n\t\t>\n<div class=\"siteorigin-widget-tinymce textwidget\">\n\t<h3>Noticias<\/h3>\n<\/div>\n<\/div><\/div><\/div><\/div><\/div><\/div>\n\n<div class='pt-cv-wrapper'> <div class=\"pt-cv-view pt-cv-overlaygrid iscvblock iscvreal overlay6 layout1\" id=\"pt-cv-view-elmzkf7y\"><div data-id=\"pt-cv-page-1\" class=\"pt-cv-page\" data-cvc=\"2\"><div class=\" pt-cv-content-item pt-cv-1-col cv-main-post\" ><div class=\"pt-cv-thumb-wrapper  \"><a href=\"https:\/\/www.ing.uc.cl\/estructural-y-geotecnica\/estudiantes-participaron-en-el-desafio-geotecnico-2025-en-la-uc\/\" class=\"_self pt-cv-href-thumbnail pt-cv-thumb-default\" target=\"_self\" ><img loading=\"lazy\" decoding=\"async\" width=\"1024\" height=\"576\" src=\"https:\/\/www.ing.uc.cl\/estructural-y-geotecnica\/wp-content\/uploads\/2025\/11\/WhatsApp-Image-2025-11-21-at-17.32.27-1024x576.jpeg\" class=\"pt-cv-thumbnail\" alt=\"\" \/><\/a><\/div>\n<div class=\"pt-cv-overlay-wrapper\"><h4 class=\"pt-cv-title\"><a href=\"https:\/\/www.ing.uc.cl\/estructural-y-geotecnica\/estudiantes-participaron-en-el-desafio-geotecnico-2025-en-la-uc\/\" class=\"_self\" target=\"_self\" >Estudiantes participaron en el Desaf\u00edo Geot\u00e9cnico 2025 en la UC<\/a><\/h4><div class=\"pt-cv-content\">El pasado viernes se realiz\u00f3 en la Escuela de Ingenier\u00eda la nueva edici\u00f3n del Desaf\u00edo Geot\u00e9cnico 2025, instancia organizada por la Sociedad Chilena de Geotecnia (Sochige) en conjunto con el &#8230;<\/div><div class=\"pt-cv-meta-fields\"><span class=\"entry-date\"> <time datetime=\"2025-11-24T17:04:17-03:00\">24 Noviembre 2025<\/time><\/span><\/div><\/div><\/div>\n<div class=\" pt-cv-content-item pt-cv-1-col\" ><div class=\"pt-cv-thumb-wrapper  miniwrap\"><a href=\"https:\/\/www.ing.uc.cl\/estructural-y-geotecnica\/in-memoriam-profesor-james-marshall-kelly-1935-2025\/\" class=\"_self pt-cv-href-thumbnail pt-cv-thumb-default\" target=\"_self\" ><img loading=\"lazy\" decoding=\"async\" width=\"768\" height=\"403\" src=\"https:\/\/www.ing.uc.cl\/estructural-y-geotecnica\/wp-content\/uploads\/2025\/09\/Copia-de-Ranking-Internacional-ubica-a-investigadores-UC-entre-los-mejores-en-Ciencias-de-la-Tierra-1-768x403.png\" class=\"pt-cv-thumbnail pt-cv-thumbnailsm\" alt=\"\" \/><\/a><\/div>\n<div class=\"pt-cv-overlay-wrapper\"><h4 class=\"pt-cv-title pt-cv-titlesm\"><a href=\"https:\/\/www.ing.uc.cl\/estructural-y-geotecnica\/in-memoriam-profesor-james-marshall-kelly-1935-2025\/\" class=\"_self\" target=\"_self\" >In Memoriam: Profesor James Marshall Kelly (1935 \u2013 2025)<\/a><\/h4><div class=\"pt-cv-meta-fields\"><span class=\"entry-date\"> <time datetime=\"2025-09-27T10:06:41-03:00\">27 Septiembre 2025<\/time><\/span><\/div><\/div><\/div>\n<div class=\" pt-cv-content-item pt-cv-1-col\" ><div class=\"pt-cv-thumb-wrapper  miniwrap\"><a href=\"https:\/\/www.ing.uc.cl\/estructural-y-geotecnica\/ranking-internacional-ubica-a-investigadores-uc-entre-los-mejores-en-ciencias-de-la-tierra\/\" class=\"_self pt-cv-href-thumbnail pt-cv-thumb-default\" target=\"_self\" ><img loading=\"lazy\" decoding=\"async\" width=\"768\" height=\"403\" src=\"https:\/\/www.ing.uc.cl\/estructural-y-geotecnica\/wp-content\/uploads\/2025\/09\/Diseno-sin-titulo-768x403.png\" class=\"pt-cv-thumbnail pt-cv-thumbnailsm\" alt=\"\" \/><\/a><\/div>\n<div class=\"pt-cv-overlay-wrapper\"><h4 class=\"pt-cv-title pt-cv-titlesm\"><a href=\"https:\/\/www.ing.uc.cl\/estructural-y-geotecnica\/ranking-internacional-ubica-a-investigadores-uc-entre-los-mejores-en-ciencias-de-la-tierra\/\" class=\"_self\" target=\"_self\" >Ranking Internacional ubica a investigadores UC entre los mejores en Ciencias de la Tierra<\/a><\/h4><div class=\"pt-cv-meta-fields\"><span class=\"entry-date\"> <time datetime=\"2025-09-23T09:15:20-03:00\">23 Septiembre 2025<\/time><\/span><\/div><\/div><\/div>\n<div class=\" pt-cv-content-item pt-cv-1-col\" ><div class=\"pt-cv-thumb-wrapper  miniwrap\"><a href=\"https:\/\/www.ing.uc.cl\/estructural-y-geotecnica\/estallido-de-roca-significo-un-terremoto-dentro-de-la-mina\/\" class=\"_self pt-cv-href-thumbnail pt-cv-thumb-default\" target=\"_self\" ><img loading=\"lazy\" decoding=\"async\" width=\"768\" height=\"403\" src=\"https:\/\/www.ing.uc.cl\/estructural-y-geotecnica\/wp-content\/uploads\/2025\/08\/Diseno-sin-titulo-2-768x403.jpg\" class=\"pt-cv-thumbnail pt-cv-thumbnailsm\" alt=\"\" \/><\/a><\/div>\n<div class=\"pt-cv-overlay-wrapper\"><h4 class=\"pt-cv-title pt-cv-titlesm\"><a href=\"https:\/\/www.ing.uc.cl\/estructural-y-geotecnica\/estallido-de-roca-significo-un-terremoto-dentro-de-la-mina\/\" class=\"_self\" target=\"_self\" >Estallido de roca signific\u00f3 un terremoto dentro de la mina<\/a><\/h4><div class=\"pt-cv-meta-fields\"><span class=\"entry-date\"> <time datetime=\"2025-08-20T17:22:42-03:00\">20 Agosto 2025<\/time><\/span><\/div><\/div><\/div>\n<div class=\" pt-cv-content-item pt-cv-1-col\" ><div class=\"pt-cv-thumb-wrapper  miniwrap\"><a href=\"https:\/\/www.ing.uc.cl\/estructural-y-geotecnica\/__trashed-2\/\" class=\"_self pt-cv-href-thumbnail pt-cv-thumb-default\" target=\"_self\" ><img loading=\"lazy\" decoding=\"async\" width=\"768\" height=\"403\" src=\"https:\/\/www.ing.uc.cl\/estructural-y-geotecnica\/wp-content\/uploads\/2025\/08\/Diseno-sin-titulo-1-768x403.jpg\" class=\"pt-cv-thumbnail pt-cv-thumbnailsm\" alt=\"\" \/><\/a><\/div>\n<div class=\"pt-cv-overlay-wrapper\"><h4 class=\"pt-cv-title pt-cv-titlesm\"><a href=\"https:\/\/www.ing.uc.cl\/estructural-y-geotecnica\/__trashed-2\/\" class=\"_self\" target=\"_self\" >Ge\u00f3logo y rescate de mineros en El Teniente: \u201cLas presiones que hay ah\u00ed son tremendamente altas\u201d<\/a><\/h4><div class=\"pt-cv-meta-fields\"><span class=\"entry-date\"> <time datetime=\"2025-08-20T15:41:34-03:00\">20 Agosto 2025<\/time><\/span><\/div><\/div><\/div><\/div><\/div>\n<div class=\" pt-cv-pagination-wrapper\"><ul class=\"pt-cv-pagination pt-cv-ajax pagination\" data-totalpages=\"33\" data-currentpage=\"1\" data-sid=\"elmzkf7y\" data-unid=\"\" data-isblock=\"overlay6\" data-postid=\"0\"><li class=\"active\"><a href=\"#\">1<\/a><\/li>\n\t<li ><a class=\"\" href=\"https:\/\/www.ing.uc.cl\/estructural-y-geotecnica\/wp-json\/wp\/v2\/pages\/4005\/?_page=2\">2<\/a><\/li>\n\t<li ><a class=\"\" href=\"https:\/\/www.ing.uc.cl\/estructural-y-geotecnica\/wp-json\/wp\/v2\/pages\/4005\/?_page=3\">3<\/a><\/li>\n\t<li ><a href=\"#\">&hellip;<\/a><\/li>\n\t<li ><a class=\"\" href=\"https:\/\/www.ing.uc.cl\/estructural-y-geotecnica\/wp-json\/wp\/v2\/pages\/4005\/?_page=33\">33<\/a><\/li>\n\t<li ><a class=\" \" href=\"https:\/\/www.ing.uc.cl\/estructural-y-geotecnica\/wp-json\/wp\/v2\/pages\/4005\/?_page=2\">&rsaquo;<\/a><\/li>\n\t<\/ul><img loading=\"lazy\" decoding=\"async\" width=\"15\" height=\"15\" class=\"pt-cv-spinner\" alt=\"Loading...\" src=\"data:image\/gif;base64,R0lGODlhDwAPALMPAMrKygwMDJOTkz09PZWVla+vr3p6euTk5M7OzuXl5TMzMwAAAJmZmWZmZszMzP\/\/\/yH\/C05FVFNDQVBFMi4wAwEAAAAh+QQFCgAPACwAAAAADwAPAAAEQvDJaZaZOIcV8iQK8VRX4iTYoAwZ4iCYoAjZ4RxejhVNoT+mRGP4cyF4Pp0N98sBGIBMEMOotl6YZ3S61Bmbkm4mAgAh+QQFCgAPACwAAAAADQANAAAENPDJSRSZeA418itN8QiK8BiLITVsFiyBBIoYqnoewAD4xPw9iY4XLGYSjkQR4UAUD45DLwIAIfkEBQoADwAsAAAAAA8ACQAABC\/wyVlamTi3nSdgwFNdhEJgTJoNyoB9ISYoQmdjiZPcj7EYCAeCF1gEDo4Dz2eIAAAh+QQFCgAPACwCAAAADQANAAAEM\/DJBxiYeLKdX3IJZT1FU0iIg2RNKx3OkZVnZ98ToRD4MyiDnkAh6BkNC0MvsAj0kMpHBAAh+QQFCgAPACwGAAAACQAPAAAEMDC59KpFDll73HkAA2wVY5KgiK5b0RRoI6MuzG6EQqCDMlSGheEhUAgqgUUAFRySIgAh+QQFCgAPACwCAAIADQANAAAEM\/DJKZNLND\/kkKaHc3xk+QAMYDKsiaqmZCxGVjSFFCxB1vwy2oOgIDxuucxAMTAJFAJNBAAh+QQFCgAPACwAAAYADwAJAAAEMNAs86q1yaWwwv2Ig0jUZx3OYa4XoRAfwADXoAwfo1+CIjyFRuEho60aSNYlOPxEAAAh+QQFCgAPACwAAAIADQANAAAENPA9s4y8+IUVcqaWJ4qEQozSoAzoIyhCK2NFU2SJk0hNnyEOhKR2AzAAj4Pj4GE4W0bkJQIAOw==\" \/><div class=\"clear pt-cv-clear-pagination\"><\/div><\/div> <\/div> <style>\n#pt-cv-view-elmzkf7y {text-align: center}#pt-cv-view-elmzkf7y .pt-cv-thumb-wrapper {margin-left: auto; margin-right: auto;}#pt-cv-view-elmzkf7y .pt-cv-thumb-wrapper::before {background: rgba(0,0,0,.4); opacity: 0.8;}#pt-cv-view-elmzkf7y .pt-cv-overlay-wrapper {justify-content: center;}\n#pt-cv-view-elmzkf7y .pt-cv-meta-fields {  }#pt-cv-view-elmzkf7y .pt-cv-meta-fields * { font-size: 13px; }#pt-cv-view-elmzkf7y .pt-cv-title a { display: block; }#pt-cv-view-elmzkf7y .pt-cv-title:not(.pt-cv-titlesm) a { font-weight: 600;text-decoration: none;font-size: 26px; }#pt-cv-view-elmzkf7y .pt-cv-titlesm a { font-weight: 600;font-size: 20px; }#pt-cv-view-elmzkf7y .pt-cv-content { font-size: 15px; }#pt-cv-view-elmzkf7y .pt-cv-rmwrap {  }#pt-cv-view-elmzkf7y .pt-cv-readmore { color: #fff;background-color: #0075ff;font-size: 14px; }#pt-cv-view-elmzkf7y .pt-cv-taxoterm { margin: 0px 0px 20px 0px; }#pt-cv-view-elmzkf7y .pt-cv-taxoterm * { color: #ffffff;background-color: #9c27b0;font-size: 14px; }#pt-cv-view-elmzkf7y + .pt-cv-pagination-wrapper {  }#pt-cv-view-elmzkf7y + .pt-cv-pagination-wrapper a { font-size: 14px; }#pt-cv-view-elmzkf7y > .pt-cv-page {grid-auto-rows: 250px;grid-template-rows: calc(250px*1.5);grid-gap: 10px;}\n@media all and (max-width: 1024px) { \n#pt-cv-view-elmzkf7y > .pt-cv-page {}\n} \n@media all and (max-width: 767px) { \n#pt-cv-view-elmzkf7y > .pt-cv-page {}\n} <\/style>","protected":false},"excerpt":{"rendered":"","protected":false},"author":5,"featured_media":0,"parent":0,"menu_order":6,"comment_status":"closed","ping_status":"closed","template":"","meta":{"site-sidebar-layout":"default","site-content-layout":"","ast-site-content-layout":"default","site-content-style":"default","site-sidebar-style":"default","ast-global-header-display":"","ast-banner-title-visibility":"","ast-main-header-display":"","ast-hfb-above-header-display":"","ast-hfb-below-header-display":"","ast-hfb-mobile-header-display":"","site-post-title":"disabled","ast-breadcrumbs-content":"","ast-featured-img":"","footer-sml-layout":"","ast-disable-related-posts":"","theme-transparent-header-meta":"","adv-header-id-meta":"","stick-header-meta":"","header-above-stick-meta":"","header-main-stick-meta":"","header-below-stick-meta":"","astra-migrate-meta-layouts":"set","ast-page-background-enabled":"default","ast-page-background-meta":{"desktop":{"background-color":"","background-image":"","background-repeat":"repeat","background-position":"center center","background-size":"auto","background-attachment":"scroll","background-type":"","background-media":"","overlay-type":"","overlay-color":"","overlay-opacity":"","overlay-gradient":""},"tablet":{"background-color":"","background-image":"","background-repeat":"repeat","background-position":"center center","background-size":"auto","background-attachment":"scroll","background-type":"","background-media":"","overlay-type":"","overlay-color":"","overlay-opacity":"","overlay-gradient":""},"mobile":{"background-color":"","background-image":"","background-repeat":"repeat","background-position":"center center","background-size":"auto","background-attachment":"scroll","background-type":"","background-media":"","overlay-type":"","overlay-color":"","overlay-opacity":"","overlay-gradient":""}},"ast-content-background-meta":{"desktop":{"background-color":"var(--ast-global-color-5)","background-image":"","background-repeat":"repeat","background-position":"center center","background-size":"auto","background-attachment":"scroll","background-type":"","background-media":"","overlay-type":"","overlay-color":"","overlay-opacity":"","overlay-gradient":""},"tablet":{"background-color":"var(--ast-global-color-5)","background-image":"","background-repeat":"repeat","background-position":"center center","background-size":"auto","background-attachment":"scroll","background-type":"","background-media":"","overlay-type":"","overlay-color":"","overlay-opacity":"","overlay-gradient":""},"mobile":{"background-color":"var(--ast-global-color-5)","background-image":"","background-repeat":"repeat","background-position":"center center","background-size":"auto","background-attachment":"scroll","background-type":"","background-media":"","overlay-type":"","overlay-color":"","overlay-opacity":"","overlay-gradient":""}},"footnotes":""},"class_list":["post-4005","page","type-page","status-publish","hentry"],"_links":{"self":[{"href":"https:\/\/www.ing.uc.cl\/estructural-y-geotecnica\/wp-json\/wp\/v2\/pages\/4005","targetHints":{"allow":["GET"]}}],"collection":[{"href":"https:\/\/www.ing.uc.cl\/estructural-y-geotecnica\/wp-json\/wp\/v2\/pages"}],"about":[{"href":"https:\/\/www.ing.uc.cl\/estructural-y-geotecnica\/wp-json\/wp\/v2\/types\/page"}],"author":[{"embeddable":true,"href":"https:\/\/www.ing.uc.cl\/estructural-y-geotecnica\/wp-json\/wp\/v2\/users\/5"}],"replies":[{"embeddable":true,"href":"https:\/\/www.ing.uc.cl\/estructural-y-geotecnica\/wp-json\/wp\/v2\/comments?post=4005"}],"version-history":[{"count":8,"href":"https:\/\/www.ing.uc.cl\/estructural-y-geotecnica\/wp-json\/wp\/v2\/pages\/4005\/revisions"}],"predecessor-version":[{"id":5116,"href":"https:\/\/www.ing.uc.cl\/estructural-y-geotecnica\/wp-json\/wp\/v2\/pages\/4005\/revisions\/5116"}],"wp:attachment":[{"href":"https:\/\/www.ing.uc.cl\/estructural-y-geotecnica\/wp-json\/wp\/v2\/media?parent=4005"}],"curies":[{"name":"wp","href":"https:\/\/api.w.org\/{rel}","templated":true}]}}