{"id":4315,"date":"2024-07-12T16:58:24","date_gmt":"2024-07-12T19:58:24","guid":{"rendered":"https:\/\/www.ing.uc.cl\/estructural-y-geotecnica\/?page_id=4315"},"modified":"2024-08-06T14:06:00","modified_gmt":"2024-08-06T17:06:00","slug":"segundo-ciclo","status":"publish","type":"page","link":"https:\/\/www.ing.uc.cl\/estructural-y-geotecnica\/programas\/pregrado\/segundo-ciclo\/","title":{"rendered":"Segundo Ciclo"},"content":{"rendered":"\t\t<div data-elementor-type=\"wp-page\" data-elementor-id=\"4315\" class=\"elementor elementor-4315\">\n\t\t\t\t\t\t<section class=\"elementor-section elementor-top-section elementor-element elementor-element-ec2eb41 elementor-section-boxed elementor-section-height-default elementor-section-height-default wpr-particle-no wpr-jarallax-no wpr-parallax-no wpr-sticky-section-no\" data-id=\"ec2eb41\" data-element_type=\"section\" data-e-type=\"section\">\n\t\t\t\t\t\t<div class=\"elementor-container elementor-column-gap-default\">\n\t\t\t\t\t<div class=\"elementor-column elementor-col-100 elementor-top-column elementor-element elementor-element-5f2691e\" data-id=\"5f2691e\" data-element_type=\"column\" data-e-type=\"column\">\n\t\t\t<div class=\"elementor-widget-wrap elementor-element-populated\">\n\t\t\t\t\t\t<div class=\"elementor-element elementor-element-cc9f9ea elementor-widget elementor-widget-html\" data-id=\"cc9f9ea\" data-element_type=\"widget\" data-e-type=\"widget\" data-widget_type=\"html.default\">\n\t\t\t\t<div class=\"elementor-widget-container\">\n\t\t\t\t\t<div class=\"uc-title panel-widget-style\"><div>\r\n<div class=\"siteorigin-widget-tinymce textwidget\">\r\n\t<h3>Segundo Ciclo<\/h3>\r\n<\/div>\r\n<\/div><\/div>\t\t\t\t<\/div>\n\t\t\t\t<\/div>\n\t\t\t\t<div class=\"elementor-element elementor-element-950179c elementor-widget elementor-widget-text-editor\" data-id=\"950179c\" data-element_type=\"widget\" data-e-type=\"widget\" data-widget_type=\"text-editor.default\">\n\t\t\t\t<div class=\"elementor-widget-container\">\n\t\t\t\t\t\t\t\t\t<p>Luego de obtenida la licenciatura, los estudiantes pueden optar por:<\/p><ol><li>Continuidad con un t\u00edtulo profesional de Ingeniero UC.<\/li><li>Doble Titulaci\u00f3n Francia o Italia*<\/li><li>Articulaci\u00f3n con otros t\u00edtulos profesionales UC. Hoy existen convenios para articular con los t\u00edtulos de M\u00e9dico Cirujano, Arquitecto y Dise\u00f1ador UC**.<\/li><li>Continuar con un grado acad\u00e9mico superior de postgrado (mag\u00edster y doctorado). Este puede ser UC*** o no y requiere postulaci\u00f3n independiente.<\/li><li>Emprendimiento o empleo temprano.<\/li><\/ol><div>En el caso de los t\u00edtulos profesionales de Ingenier\u00eda UC, el DIEG ofrece dos diplomas de la menci\u00f3n Ingenier\u00eda Civil. Los egresados de los diferentes Diplomas en Ingenier\u00eda Civil son capaces de aplicar fundamentos de la ingenier\u00eda civil a la definici\u00f3n y soluci\u00f3n de problemas, adem\u00e1s de definir y conducir experimentos con rigurosidad, analizando e interpretando los resultados. Sobre la base de estas competencias, los profesionales egresados de todos los Diplomas ser\u00e1n capaces de desempe\u00f1ar actividades en los diversos \u00e1mbitos de la ingenier\u00eda civil, sobre la base de un profundo conocimiento de los fundamentos y principios de la ingenier\u00eda, siendo capaces de tomar decisiones de dise\u00f1o e implementaci\u00f3n de proyectos civiles, conduci\u00e9ndose bajo criterios de responsabilidad \u00e9tica y social.\u00a0<\/div>\t\t\t\t\t\t\t\t<\/div>\n\t\t\t\t<\/div>\n\t\t\t\t<div class=\"elementor-element elementor-element-520890f elementor-widget elementor-widget-accordion\" data-id=\"520890f\" data-element_type=\"widget\" data-e-type=\"widget\" data-widget_type=\"accordion.default\">\n\t\t\t\t<div class=\"elementor-widget-container\">\n\t\t\t\t\t\t\t<div class=\"elementor-accordion\">\n\t\t\t\t\t\t\t<div class=\"elementor-accordion-item\">\n\t\t\t\t\t<div id=\"elementor-tab-title-8601\" class=\"elementor-tab-title\" data-tab=\"1\" role=\"button\" aria-controls=\"elementor-tab-content-8601\" aria-expanded=\"false\">\n\t\t\t\t\t\t\t\t\t\t\t\t\t<span class=\"elementor-accordion-icon elementor-accordion-icon-left\" aria-hidden=\"true\">\n\t\t\t\t\t\t\t\t\t\t\t\t\t\t\t<span class=\"elementor-accordion-icon-closed\"><i class=\"fas fa-plus\"><\/i><\/span>\n\t\t\t\t\t\t\t\t<span class=\"elementor-accordion-icon-opened\"><i class=\"fas fa-minus\"><\/i><\/span>\n\t\t\t\t\t\t\t\t\t\t\t\t\t\t<\/span>\n\t\t\t\t\t\t\t\t\t\t\t\t<a class=\"elementor-accordion-title\" tabindex=\"0\">T\u00edtulo Ingeniero Civil, diploma Ingenier\u00eda Estructural<\/a>\n\t\t\t\t\t<\/div>\n\t\t\t\t\t<div id=\"elementor-tab-content-8601\" class=\"elementor-tab-content elementor-clearfix\" data-tab=\"1\" role=\"region\" aria-labelledby=\"elementor-tab-title-8601\"><p>El Diploma en Ingenier\u00eda Estructural desarrolla en sus egresados la capacidad de modelar sistemas estructurales relacionados con obras civiles, empleando m\u00e9todos computacionales de an\u00e1lisis y de conceptos fundamentales del comportamiento de Asimismo, son capaces de reconocer las limitaciones y potencialidades de los modelos estructurales a la hora de dise\u00f1ar y evaluar sistemas estructurales relacionados con obras civiles.<\/p><h6>Malla Curricular<\/h6><p>La malla curricular y duraci\u00f3n del segundo ciclo est\u00e1n sujetas a las decisiones tomadas durante el primer ciclo. En el caso de los programas del DIEG, se sugiere fuertemente alinear el programa de primer ciclo con el del segundo ciclo.<\/p><p><em>Sugerencias de Primer Ciclo<\/em><\/p><p><img fetchpriority=\"high\" decoding=\"async\" class=\"aligncenter size-large wp-image-4846\" src=\"https:\/\/www.ing.uc.cl\/estructural-y-geotecnica\/wp-content\/uploads\/2024\/08\/Major-Minor-Propuestos-Estructural-1024x512.png\" alt=\"\" width=\"1024\" height=\"512\" srcset=\"https:\/\/www.ing.uc.cl\/estructural-y-geotecnica\/wp-content\/uploads\/2024\/08\/Major-Minor-Propuestos-Estructural-1024x512.png 1024w, https:\/\/www.ing.uc.cl\/estructural-y-geotecnica\/wp-content\/uploads\/2024\/08\/Major-Minor-Propuestos-Estructural-300x150.png 300w, https:\/\/www.ing.uc.cl\/estructural-y-geotecnica\/wp-content\/uploads\/2024\/08\/Major-Minor-Propuestos-Estructural-768x384.png 768w, https:\/\/www.ing.uc.cl\/estructural-y-geotecnica\/wp-content\/uploads\/2024\/08\/Major-Minor-Propuestos-Estructural.png 1200w\" sizes=\"(max-width: 1024px) 100vw, 1024px\" \/><\/p><p>En caso de haber articulado correctamente el Major y Minor en primer ciclo, la malla curricular sugerida en segundo ciclo ser\u00e1:<\/p><p><img decoding=\"async\" class=\"aligncenter size-large wp-image-4844\" src=\"https:\/\/www.ing.uc.cl\/estructural-y-geotecnica\/wp-content\/uploads\/2024\/08\/5-1024x512.png\" alt=\"\" width=\"1024\" height=\"512\" srcset=\"https:\/\/www.ing.uc.cl\/estructural-y-geotecnica\/wp-content\/uploads\/2024\/08\/5-1024x512.png 1024w, https:\/\/www.ing.uc.cl\/estructural-y-geotecnica\/wp-content\/uploads\/2024\/08\/5-300x150.png 300w, https:\/\/www.ing.uc.cl\/estructural-y-geotecnica\/wp-content\/uploads\/2024\/08\/5-768x384.png 768w, https:\/\/www.ing.uc.cl\/estructural-y-geotecnica\/wp-content\/uploads\/2024\/08\/5.png 1200w\" sizes=\"(max-width: 1024px) 100vw, 1024px\" \/><\/p><p>Revisa el plan de estudios completo <a href=\"https:\/\/www.ing.uc.cl\/estructural-y-geotecnica\/wp-content\/uploads\/2024\/08\/40022-Plan-Cont-Ing-Civil-Diploma-en-Ing-Estructural-2020-y-posteriores.pdf\" target=\"_blank\" rel=\"noopener\">aqu\u00ed<\/a>.<\/p><p>\u00a0<\/p><\/div>\n\t\t\t\t<\/div>\n\t\t\t\t\t\t\t<div class=\"elementor-accordion-item\">\n\t\t\t\t\t<div id=\"elementor-tab-title-8602\" class=\"elementor-tab-title\" data-tab=\"2\" role=\"button\" aria-controls=\"elementor-tab-content-8602\" aria-expanded=\"false\">\n\t\t\t\t\t\t\t\t\t\t\t\t\t<span class=\"elementor-accordion-icon elementor-accordion-icon-left\" aria-hidden=\"true\">\n\t\t\t\t\t\t\t\t\t\t\t\t\t\t\t<span class=\"elementor-accordion-icon-closed\"><i class=\"fas fa-plus\"><\/i><\/span>\n\t\t\t\t\t\t\t\t<span class=\"elementor-accordion-icon-opened\"><i class=\"fas fa-minus\"><\/i><\/span>\n\t\t\t\t\t\t\t\t\t\t\t\t\t\t<\/span>\n\t\t\t\t\t\t\t\t\t\t\t\t<a class=\"elementor-accordion-title\" tabindex=\"0\">Titulo Ingeniero Civil, diploma Ingenier\u00eda Geot\u00e9cnica<\/a>\n\t\t\t\t\t<\/div>\n\t\t\t\t\t<div id=\"elementor-tab-content-8602\" class=\"elementor-tab-content elementor-clearfix\" data-tab=\"2\" role=\"region\" aria-labelledby=\"elementor-tab-title-8602\"><p>El Diploma en Ingenier\u00eda Geot\u00e9cnica desarrolla en sus egresados la capacidad de comprender los principios fundamentales de la teor\u00eda mec\u00e1nica de suelos y rocas, analizando problemas geot\u00e9cnicos pr\u00e1cticos siendo capaz de determinar el m\u00e9todo de an\u00e1lisis adecuado a las caracter\u00edsticas y restricciones del Asimismo, los egresados de este Diploma son capaces de comprender el fen\u00f3meno s\u00edsmico y la caracterizaci\u00f3n del movimiento del suelo en ingenier\u00eda.<\/p><h6>Malla Curricular<\/h6><p>La malla curricular y duraci\u00f3n del segundo ciclo est\u00e1n sujetas a las decisiones tomadas durante el primer ciclo. En el caso de los programas del DIEG, se sugiere fuertemente alinear el programa de primer ciclo con el del segundo ciclo.<\/p><p><em>Sugerencias de Primer Ciclo<\/em><\/p><p><img decoding=\"async\" class=\"aligncenter size-large wp-image-4847\" src=\"https:\/\/www.ing.uc.cl\/estructural-y-geotecnica\/wp-content\/uploads\/2024\/08\/Major-Minor-Propuestos-Geotecnia-1024x512.png\" alt=\"\" width=\"1024\" height=\"512\" srcset=\"https:\/\/www.ing.uc.cl\/estructural-y-geotecnica\/wp-content\/uploads\/2024\/08\/Major-Minor-Propuestos-Geotecnia-1024x512.png 1024w, https:\/\/www.ing.uc.cl\/estructural-y-geotecnica\/wp-content\/uploads\/2024\/08\/Major-Minor-Propuestos-Geotecnia-300x150.png 300w, https:\/\/www.ing.uc.cl\/estructural-y-geotecnica\/wp-content\/uploads\/2024\/08\/Major-Minor-Propuestos-Geotecnia-768x384.png 768w, https:\/\/www.ing.uc.cl\/estructural-y-geotecnica\/wp-content\/uploads\/2024\/08\/Major-Minor-Propuestos-Geotecnia.png 1200w\" sizes=\"(max-width: 1024px) 100vw, 1024px\" \/><\/p><p>En caso de haber articulado correctamente el Major y Minor en primer ciclo, la malla curricular sugerida en segundo ciclo ser\u00e1 la siguiente:<\/p><p><img loading=\"lazy\" decoding=\"async\" class=\"aligncenter size-large wp-image-4845\" src=\"https:\/\/www.ing.uc.cl\/estructural-y-geotecnica\/wp-content\/uploads\/2024\/08\/6-1024x512.png\" alt=\"\" width=\"1024\" height=\"512\" srcset=\"https:\/\/www.ing.uc.cl\/estructural-y-geotecnica\/wp-content\/uploads\/2024\/08\/6-1024x512.png 1024w, https:\/\/www.ing.uc.cl\/estructural-y-geotecnica\/wp-content\/uploads\/2024\/08\/6-300x150.png 300w, https:\/\/www.ing.uc.cl\/estructural-y-geotecnica\/wp-content\/uploads\/2024\/08\/6-768x384.png 768w, https:\/\/www.ing.uc.cl\/estructural-y-geotecnica\/wp-content\/uploads\/2024\/08\/6.png 1200w\" sizes=\"(max-width: 1024px) 100vw, 1024px\" \/><\/p><p>Revisa el plan de estudios completo <a href=\"https:\/\/www.ing.uc.cl\/estructural-y-geotecnica\/wp-content\/uploads\/2024\/08\/40014-Plan-Cont-Ing-Civil-Diploma-en-Ing-Geotecnica-2020-y-posteriores.pdf\" target=\"_blank\" rel=\"noopener\">aqu\u00ed<\/a>.<\/p><p>\u00a0<\/p><\/div>\n\t\t\t\t<\/div>\n\t\t\t\t\t\t\t\t<\/div>\n\t\t\t\t\t\t<\/div>\n\t\t\t\t<\/div>\n\t\t\t\t\t<\/div>\n\t\t<\/div>\n\t\t\t\t\t<\/div>\n\t\t<\/section>\n\t\t\t\t<section class=\"elementor-section elementor-top-section elementor-element elementor-element-3db9b71 elementor-section-boxed elementor-section-height-default elementor-section-height-default wpr-particle-no wpr-jarallax-no wpr-parallax-no wpr-sticky-section-no\" data-id=\"3db9b71\" data-element_type=\"section\" data-e-type=\"section\">\n\t\t\t\t\t\t<div class=\"elementor-container elementor-column-gap-default\">\n\t\t\t\t\t<div class=\"elementor-column elementor-col-100 elementor-top-column elementor-element elementor-element-8818c9d\" data-id=\"8818c9d\" data-element_type=\"column\" data-e-type=\"column\">\n\t\t\t<div class=\"elementor-widget-wrap elementor-element-populated\">\n\t\t\t\t\t\t<div class=\"elementor-element elementor-element-27cfd54 elementor-widget elementor-widget-text-editor\" data-id=\"27cfd54\" data-element_type=\"widget\" data-e-type=\"widget\" data-widget_type=\"text-editor.default\">\n\t\t\t\t<div class=\"elementor-widget-container\">\n\t\t\t\t\t\t\t\t\t<p>* Mayor informaci\u00f3n en <a href=\"http:\/\/dobletitulo.sitios.ing.uc.cl\/\">http:\/\/dobletitulo.sitios.ing.uc.cl<\/a><\/p><p>** Las vacantes para estas articulaciones son limitadas y es necesario participar de un proceso de postulaci\u00f3n y selecci\u00f3n.<\/p><p>*** El mag\u00edster y doctorado UC puede realizarse en forma concurrente con la articulaci\u00f3n con el t\u00edtulo profesional de Ingeniero Civil UC.<\/p>\t\t\t\t\t\t\t\t<\/div>\n\t\t\t\t<\/div>\n\t\t\t\t\t<\/div>\n\t\t<\/div>\n\t\t\t\t\t<\/div>\n\t\t<\/section>\n\t\t\t\t<\/div>\n\t\t","protected":false},"excerpt":{"rendered":"<p>Segundo Ciclo Luego de obtenida la licenciatura, los estudiantes pueden optar por: Continuidad con un t\u00edtulo profesional de Ingeniero UC. Doble Titulaci\u00f3n Francia o Italia* Articulaci\u00f3n con otros t\u00edtulos profesionales UC. Hoy existen convenios para articular con los t\u00edtulos de M\u00e9dico Cirujano, Arquitecto y Dise\u00f1ador UC**. Continuar con un grado acad\u00e9mico superior de postgrado (mag\u00edster y doctorado). Este puede ser UC*** o no y requiere postulaci\u00f3n independiente. Emprendimiento o empleo temprano. En el caso de los t\u00edtulos profesionales de Ingenier\u00eda UC, el DIEG ofrece dos diplomas de la menci\u00f3n Ingenier\u00eda Civil. Los egresados de los diferentes Diplomas en Ingenier\u00eda Civil son capaces de aplicar fundamentos de la ingenier\u00eda civil a la definici\u00f3n y soluci\u00f3n de problemas, adem\u00e1s de definir y conducir experimentos con rigurosidad, analizando e interpretando los resultados. Sobre la base de estas competencias, los profesionales egresados de todos los Diplomas ser\u00e1n capaces de desempe\u00f1ar actividades en los diversos \u00e1mbitos de la ingenier\u00eda civil, sobre la base de un profundo conocimiento de los fundamentos y principios de la ingenier\u00eda, siendo capaces de tomar decisiones de dise\u00f1o e implementaci\u00f3n de proyectos civiles, conduci\u00e9ndose bajo criterios de responsabilidad \u00e9tica y social.\u00a0 T\u00edtulo Ingeniero Civil, diploma Ingenier\u00eda Estructural El Diploma en Ingenier\u00eda Estructural desarrolla en sus egresados la capacidad de modelar sistemas estructurales relacionados con obras civiles, empleando m\u00e9todos computacionales de an\u00e1lisis y de conceptos fundamentales del comportamiento de Asimismo, son capaces de reconocer las limitaciones y potencialidades de los modelos estructurales a la hora de dise\u00f1ar y evaluar sistemas estructurales relacionados con obras civiles. Malla Curricular La malla curricular y duraci\u00f3n del segundo ciclo est\u00e1n sujetas a las decisiones tomadas durante el primer ciclo. En el caso de los programas del DIEG, se sugiere fuertemente alinear el programa de primer ciclo con el del segundo ciclo. Sugerencias de Primer Ciclo En caso de haber articulado correctamente el Major y Minor en primer ciclo, la malla curricular sugerida en segundo ciclo ser\u00e1: Revisa el plan de estudios completo aqu\u00ed. \u00a0 Titulo Ingeniero Civil, diploma Ingenier\u00eda Geot\u00e9cnica El Diploma en Ingenier\u00eda Geot\u00e9cnica desarrolla en sus egresados la capacidad de comprender los principios fundamentales de la teor\u00eda mec\u00e1nica de suelos y rocas, analizando problemas geot\u00e9cnicos pr\u00e1cticos siendo capaz de determinar el m\u00e9todo de an\u00e1lisis adecuado a las caracter\u00edsticas y restricciones del Asimismo, los egresados de este Diploma son capaces de comprender el fen\u00f3meno s\u00edsmico y la caracterizaci\u00f3n del movimiento del suelo en ingenier\u00eda. Malla Curricular La malla curricular y duraci\u00f3n del segundo ciclo est\u00e1n sujetas a las decisiones tomadas durante el primer ciclo. En el caso de los programas del DIEG, se sugiere fuertemente alinear el programa de primer ciclo con el del segundo ciclo. Sugerencias de Primer Ciclo En caso de haber articulado correctamente el Major y Minor en primer ciclo, la malla curricular sugerida en segundo ciclo ser\u00e1 la siguiente: Revisa el plan de estudios completo aqu\u00ed. \u00a0 * Mayor informaci\u00f3n en http:\/\/dobletitulo.sitios.ing.uc.cl ** Las vacantes para estas articulaciones son limitadas y es necesario participar de un proceso de postulaci\u00f3n y selecci\u00f3n. *** El mag\u00edster y doctorado UC puede realizarse en forma concurrente con la articulaci\u00f3n con el t\u00edtulo profesional de Ingeniero Civil UC.<\/p>\n","protected":false},"author":8,"featured_media":0,"parent":1549,"menu_order":1,"comment_status":"closed","ping_status":"closed","template":"","meta":{"site-sidebar-layout":"no-sidebar","site-content-layout":"page-builder","ast-site-content-layout":"full-width-container","site-content-style":"default","site-sidebar-style":"default","ast-global-header-display":"","ast-banner-title-visibility":"","ast-main-header-display":"","ast-hfb-above-header-display":"","ast-hfb-below-header-display":"","ast-hfb-mobile-header-display":"","site-post-title":"disabled","ast-breadcrumbs-content":"","ast-featured-img":"disabled","footer-sml-layout":"","ast-disable-related-posts":"","theme-transparent-header-meta":"","adv-header-id-meta":"","stick-header-meta":"","header-above-stick-meta":"","header-main-stick-meta":"","header-below-stick-meta":"","astra-migrate-meta-layouts":"set","ast-page-background-enabled":"default","ast-page-background-meta":{"desktop":{"background-color":"","background-image":"","background-repeat":"repeat","background-position":"center center","background-size":"auto","background-attachment":"scroll","background-type":"","background-media":"","overlay-type":"","overlay-color":"","overlay-opacity":"","overlay-gradient":""},"tablet":{"background-color":"","background-image":"","background-repeat":"repeat","background-position":"center center","background-size":"auto","background-attachment":"scroll","background-type":"","background-media":"","overlay-type":"","overlay-color":"","overlay-opacity":"","overlay-gradient":""},"mobile":{"background-color":"","background-image":"","background-repeat":"repeat","background-position":"center center","background-size":"auto","background-attachment":"scroll","background-type":"","background-media":"","overlay-type":"","overlay-color":"","overlay-opacity":"","overlay-gradient":""}},"ast-content-background-meta":{"desktop":{"background-color":"var(--ast-global-color-5)","background-image":"","background-repeat":"repeat","background-position":"center center","background-size":"auto","background-attachment":"scroll","background-type":"","background-media":"","overlay-type":"","overlay-color":"","overlay-opacity":"","overlay-gradient":""},"tablet":{"background-color":"var(--ast-global-color-5)","background-image":"","background-repeat":"repeat","background-position":"center center","background-size":"auto","background-attachment":"scroll","background-type":"","background-media":"","overlay-type":"","overlay-color":"","overlay-opacity":"","overlay-gradient":""},"mobile":{"background-color":"var(--ast-global-color-5)","background-image":"","background-repeat":"repeat","background-position":"center center","background-size":"auto","background-attachment":"scroll","background-type":"","background-media":"","overlay-type":"","overlay-color":"","overlay-opacity":"","overlay-gradient":""}},"footnotes":""},"class_list":["post-4315","page","type-page","status-publish","hentry"],"_links":{"self":[{"href":"https:\/\/www.ing.uc.cl\/estructural-y-geotecnica\/wp-json\/wp\/v2\/pages\/4315","targetHints":{"allow":["GET"]}}],"collection":[{"href":"https:\/\/www.ing.uc.cl\/estructural-y-geotecnica\/wp-json\/wp\/v2\/pages"}],"about":[{"href":"https:\/\/www.ing.uc.cl\/estructural-y-geotecnica\/wp-json\/wp\/v2\/types\/page"}],"author":[{"embeddable":true,"href":"https:\/\/www.ing.uc.cl\/estructural-y-geotecnica\/wp-json\/wp\/v2\/users\/8"}],"replies":[{"embeddable":true,"href":"https:\/\/www.ing.uc.cl\/estructural-y-geotecnica\/wp-json\/wp\/v2\/comments?post=4315"}],"version-history":[{"count":10,"href":"https:\/\/www.ing.uc.cl\/estructural-y-geotecnica\/wp-json\/wp\/v2\/pages\/4315\/revisions"}],"predecessor-version":[{"id":4852,"href":"https:\/\/www.ing.uc.cl\/estructural-y-geotecnica\/wp-json\/wp\/v2\/pages\/4315\/revisions\/4852"}],"up":[{"embeddable":true,"href":"https:\/\/www.ing.uc.cl\/estructural-y-geotecnica\/wp-json\/wp\/v2\/pages\/1549"}],"wp:attachment":[{"href":"https:\/\/www.ing.uc.cl\/estructural-y-geotecnica\/wp-json\/wp\/v2\/media?parent=4315"}],"curies":[{"name":"wp","href":"https:\/\/api.w.org\/{rel}","templated":true}]}}