{"id":4491,"date":"2024-07-19T12:28:56","date_gmt":"2024-07-19T15:28:56","guid":{"rendered":"https:\/\/www.ing.uc.cl\/estructural-y-geotecnica\/?page_id=4491"},"modified":"2024-08-16T11:45:17","modified_gmt":"2024-08-16T14:45:17","slug":"ingenieria-geotecnica","status":"publish","type":"page","link":"https:\/\/www.ing.uc.cl\/estructural-y-geotecnica\/investigacion\/areas-de-investigacion\/ingenieria-geotecnica\/","title":{"rendered":"Ingenier\u00eda Geot\u00e9cnica"},"content":{"rendered":"\t\t<div data-elementor-type=\"wp-page\" data-elementor-id=\"4491\" class=\"elementor elementor-4491\">\n\t\t\t\t\t\t<section class=\"elementor-section elementor-top-section elementor-element elementor-element-b417713 elementor-section-boxed elementor-section-height-default elementor-section-height-default wpr-particle-no wpr-jarallax-no wpr-parallax-no wpr-sticky-section-no\" data-id=\"b417713\" data-element_type=\"section\" data-e-type=\"section\">\n\t\t\t\t\t\t<div class=\"elementor-container elementor-column-gap-default\">\n\t\t\t\t\t<div class=\"elementor-column elementor-col-100 elementor-top-column elementor-element elementor-element-199085d\" data-id=\"199085d\" data-element_type=\"column\" data-e-type=\"column\">\n\t\t\t<div class=\"elementor-widget-wrap elementor-element-populated\">\n\t\t\t\t\t\t<div class=\"elementor-element elementor-element-7337735 elementor-widget elementor-widget-html\" data-id=\"7337735\" data-element_type=\"widget\" data-e-type=\"widget\" data-widget_type=\"html.default\">\n\t\t\t\t<div class=\"elementor-widget-container\">\n\t\t\t\t\t<div class=\"uc-title panel-widget-style\"><div>\r\n<div class=\"siteorigin-widget-tinymce textwidget\">\r\n\t<h3>Ingenier\u00eda Geot\u00e9cnica<\/h3>\r\n<\/div>\r\n<\/div><\/div>\t\t\t\t<\/div>\n\t\t\t\t<\/div>\n\t\t\t\t<div class=\"elementor-element elementor-element-a048e58 elementor-widget elementor-widget-text-editor\" data-id=\"a048e58\" data-element_type=\"widget\" data-e-type=\"widget\" data-widget_type=\"text-editor.default\">\n\t\t\t\t<div class=\"elementor-widget-container\">\n\t\t\t\t\t\t\t\t\t<p>El grupo de Ingenier\u00eda Geot\u00e9cnica investiga fen\u00f3menos relacionados con la ingenier\u00eda s\u00edsmica, interacci\u00f3n suelo-estructura, mec\u00e1nica de rocas, licuefacci\u00f3n, modelaci\u00f3n num\u00e9rica de suelos, mejoramiento de suelos, entre otras.<\/p>\t\t\t\t\t\t\t\t<\/div>\n\t\t\t\t<\/div>\n\t\t\t\t\t<\/div>\n\t\t<\/div>\n\t\t\t\t\t<\/div>\n\t\t<\/section>\n\t\t\t\t<section class=\"elementor-section elementor-top-section elementor-element elementor-element-1bb01da elementor-section-boxed elementor-section-height-default elementor-section-height-default wpr-particle-no wpr-jarallax-no wpr-parallax-no wpr-sticky-section-no\" data-id=\"1bb01da\" data-element_type=\"section\" data-e-type=\"section\">\n\t\t\t\t\t\t<div class=\"elementor-container elementor-column-gap-default\">\n\t\t\t\t\t<div class=\"elementor-column elementor-col-100 elementor-top-column elementor-element elementor-element-eea81f2\" data-id=\"eea81f2\" data-element_type=\"column\" data-e-type=\"column\">\n\t\t\t<div class=\"elementor-widget-wrap elementor-element-populated\">\n\t\t\t\t\t\t<div class=\"elementor-element elementor-element-815a3d1 elementor-widget elementor-widget-heading\" data-id=\"815a3d1\" data-element_type=\"widget\" data-e-type=\"widget\" data-widget_type=\"heading.default\">\n\t\t\t\t<div class=\"elementor-widget-container\">\n\t\t\t\t\t<h2 class=\"elementor-heading-title elementor-size-default\">Acad\u00e9micos del \u00c1rea<\/h2>\t\t\t\t<\/div>\n\t\t\t\t<\/div>\n\t\t\t\t<div class=\"elementor-element elementor-element-3eee11f elementor-widget elementor-widget-rttm-team-list\" data-id=\"3eee11f\" data-element_type=\"widget\" data-e-type=\"widget\" data-widget_type=\"rttm-team-list.default\">\n\t\t\t\t<div class=\"elementor-widget-container\">\n\t\t\t\t\t<div class=\"rt-team-container rt-elementor-container rt-pos-r rt-team-container-elementor rt-hover-zoom_in\" id=\"rt-team-container-3439661819\" data-layout=\"layout2\" data-desktop-col=\"3\" data-tab-col=\"2\" data-mobile-col=\"1\" data-sc-id=\"elementor\" data-rttm-pagination='{\"layout\":\"layout2\",\"dCols\":3,\"tCols\":2,\"mCols\":1,\"postIn\":[],\"postNotIn\":[],\"limit\":12,\"pagination\":false,\"postsPerPage\":\"\",\"order_by\":\"date\",\"order\":\"DESC\",\"department_ids\":[\"29\"],\"designation_ids\":[],\"link\":false,\"fImg\":false,\"fImgSize\":\"team-thumb\",\"customImgSize\":{\"crop\":\"\"},\"character_limit\":0,\"after_short_desc\":\"\",\"read_more_btn_text\":\"\",\"my_resume_text\":\"\",\"hire_me_text\":\"\",\"visibility\":[\"name\",\"designation\",\"short_bio\",\"email\",\"social\"],\"social_profiles\":[],\"posts_loading_type\":\"pagination\",\"load_more_text\":\"Load More\",\"relation\":\"AND\",\"iCol\":4,\"gridType\":\"even\",\"linkType\":\"external_link\",\"popupType\":\"single\",\"target\":\"_self\",\"grayscale\":false,\"stripedRow\":false,\"defaultImgId\":null,\"filter_buttons\":false,\"filters\":[],\"taxFilter\":\"team_department\",\"action_term\":0,\"isoFilterTaxonomy\":\"team_department\",\"filterType\":null,\"hide_all_button\":true,\"tItem\":0,\"fShowAll\":false,\"animation\":\"zoom_in\",\"image_flip\":false}'><div data-title=\"Loading ...\" class=\"rt-row rt-content-loader element-loading layout2 ttp-even ttp-pre-loader\"><div class=\"rt-col-md-4 rt-col-sm-6 rt-col-xs-12   even-grid-item rt-grid-item rt-ready-animation animated fadeIn\" data-id=\"4163\"><div class=\"single-team-area\"><div class=\"img-area rt-col-sm-4 rt-col-xs-4 \"><figure><img fetchpriority=\"high\" decoding=\"async\" width=\"400\" height=\"400\" src=\"https:\/\/www.ing.uc.cl\/estructural-y-geotecnica\/wp-content\/uploads\/2024\/07\/Juan-Carlos-Tiznado-3-scaled-e1724267874909-400x400.jpg\" class=\"img-responsive rt-team-img\" alt=\"Juan Carlos Tiznado\" \/><\/figure><\/div><div class=\"rttm-content-area rt-col-sm-8 rt-col-xs-8\"><h3><span class=\"team-name\">Juan Carlos Tiznado<\/span><\/h3><div class=\"short-bio\"><p>Profesor Asistente<br \/>\nIngenier\u00eda Geot\u00e9cnica<\/p>\n<\/div><\/div><\/div><\/div><div class=\"rt-col-md-4 rt-col-sm-6 rt-col-xs-12   even-grid-item rt-grid-item rt-ready-animation animated fadeIn\" data-id=\"4157\"><div class=\"single-team-area\"><div class=\"img-area rt-col-sm-4 rt-col-xs-4 \"><figure><img decoding=\"async\" width=\"400\" height=\"400\" src=\"https:\/\/www.ing.uc.cl\/estructural-y-geotecnica\/wp-content\/uploads\/2024\/07\/Esteban-Saez-400x400.jpg\" class=\"img-responsive rt-team-img\" alt=\"Esteban S\u00e1ez\" \/><\/figure><\/div><div class=\"rttm-content-area rt-col-sm-8 rt-col-xs-8\"><h3><span class=\"team-name\">Esteban S\u00e1ez<\/span><\/h3><div class=\"short-bio\"><p>Profesor Asociado<br \/>\nIngenier\u00eda Geot\u00e9cnica<\/p>\n<\/div><\/div><\/div><\/div><div class=\"rt-col-md-4 rt-col-sm-6 rt-col-xs-12   even-grid-item rt-grid-item rt-ready-animation animated fadeIn\" data-id=\"4149\"><div class=\"single-team-area\"><div class=\"img-area rt-col-sm-4 rt-col-xs-4 \"><figure><img decoding=\"async\" width=\"400\" height=\"400\" src=\"https:\/\/www.ing.uc.cl\/estructural-y-geotecnica\/wp-content\/uploads\/2024\/07\/Ledezma400.png\" class=\"img-responsive rt-team-img\" alt=\"Christian Ledezma\" \/><\/figure><\/div><div class=\"rttm-content-area rt-col-sm-8 rt-col-xs-8\"><h3><span class=\"team-name\">Christian Ledezma<\/span><\/h3><div class=\"short-bio\"><p>Profesor Asociado<br \/>\nIngenier\u00eda Geot\u00e9cnica<\/p>\n<\/div><\/div><\/div><\/div><div class=\"rt-col-md-4 rt-col-sm-6 rt-col-xs-12   even-grid-item rt-grid-item rt-ready-animation animated fadeIn\" data-id=\"4131\"><div class=\"single-team-area\"><div class=\"img-area rt-col-sm-4 rt-col-xs-4 \"><figure><img loading=\"lazy\" decoding=\"async\" width=\"400\" height=\"400\" src=\"https:\/\/www.ing.uc.cl\/estructural-y-geotecnica\/wp-content\/uploads\/2024\/07\/Browning400.png\" class=\"img-responsive rt-team-img\" alt=\"John Browning\" \/><\/figure><\/div><div class=\"rttm-content-area rt-col-sm-8 rt-col-xs-8\"><h3><span class=\"team-name\">John Browning<\/span><\/h3><div class=\"short-bio\"><p>Profesor Asociado<br \/>\nIngenier\u00eda Geot\u00e9cnica y Geociencias<\/p>\n<\/div><\/div><\/div><\/div><div class=\"rt-loading-overlay full-op\"><\/div><div class=\"rt-loading rt-ball-clip-rotate\"><div><\/div><\/div><\/div><\/div>\t\t\t\t<\/div>\n\t\t\t\t<\/div>\n\t\t\t\t\t<\/div>\n\t\t<\/div>\n\t\t\t\t\t<\/div>\n\t\t<\/section>\n\t\t\t\t<\/div>\n\t\t","protected":false},"excerpt":{"rendered":"<p>Ingenier\u00eda Geot\u00e9cnica El grupo de Ingenier\u00eda Geot\u00e9cnica investiga fen\u00f3menos relacionados con la ingenier\u00eda s\u00edsmica, interacci\u00f3n suelo-estructura, mec\u00e1nica de rocas, licuefacci\u00f3n, modelaci\u00f3n num\u00e9rica de suelos, mejoramiento de suelos, entre otras. Acad\u00e9micos del \u00c1rea Juan Carlos Tiznado Profesor Asistente Ingenier\u00eda Geot\u00e9cnica Esteban S\u00e1ez Profesor Asociado Ingenier\u00eda Geot\u00e9cnica Christian Ledezma Profesor Asociado Ingenier\u00eda Geot\u00e9cnica John Browning Profesor Asociado Ingenier\u00eda Geot\u00e9cnica<\/p>\n","protected":false},"author":8,"featured_media":0,"parent":4533,"menu_order":1,"comment_status":"closed","ping_status":"closed","template":"","meta":{"site-sidebar-layout":"no-sidebar","site-content-layout":"page-builder","ast-site-content-layout":"full-width-container","site-content-style":"default","site-sidebar-style":"default","ast-global-header-display":"","ast-banner-title-visibility":"","ast-main-header-display":"","ast-hfb-above-header-display":"","ast-hfb-below-header-display":"","ast-hfb-mobile-header-display":"","site-post-title":"disabled","ast-breadcrumbs-content":"","ast-featured-img":"disabled","footer-sml-layout":"","ast-disable-related-posts":"","theme-transparent-header-meta":"","adv-header-id-meta":"","stick-header-meta":"","header-above-stick-meta":"","header-main-stick-meta":"","header-below-stick-meta":"","astra-migrate-meta-layouts":"set","ast-page-background-enabled":"default","ast-page-background-meta":{"desktop":{"background-color":"","background-image":"","background-repeat":"repeat","background-position":"center center","background-size":"auto","background-attachment":"scroll","background-type":"","background-media":"","overlay-type":"","overlay-color":"","overlay-opacity":"","overlay-gradient":""},"tablet":{"background-color":"","background-image":"","background-repeat":"repeat","background-position":"center center","background-size":"auto","background-attachment":"scroll","background-type":"","background-media":"","overlay-type":"","overlay-color":"","overlay-opacity":"","overlay-gradient":""},"mobile":{"background-color":"","background-image":"","background-repeat":"repeat","background-position":"center center","background-size":"auto","background-attachment":"scroll","background-type":"","background-media":"","overlay-type":"","overlay-color":"","overlay-opacity":"","overlay-gradient":""}},"ast-content-background-meta":{"desktop":{"background-color":"var(--ast-global-color-5)","background-image":"","background-repeat":"repeat","background-position":"center center","background-size":"auto","background-attachment":"scroll","background-type":"","background-media":"","overlay-type":"","overlay-color":"","overlay-opacity":"","overlay-gradient":""},"tablet":{"background-color":"var(--ast-global-color-5)","background-image":"","background-repeat":"repeat","background-position":"center center","background-size":"auto","background-attachment":"scroll","background-type":"","background-media":"","overlay-type":"","overlay-color":"","overlay-opacity":"","overlay-gradient":""},"mobile":{"background-color":"var(--ast-global-color-5)","background-image":"","background-repeat":"repeat","background-position":"center center","background-size":"auto","background-attachment":"scroll","background-type":"","background-media":"","overlay-type":"","overlay-color":"","overlay-opacity":"","overlay-gradient":""}},"footnotes":""},"class_list":["post-4491","page","type-page","status-publish","hentry"],"_links":{"self":[{"href":"https:\/\/www.ing.uc.cl\/estructural-y-geotecnica\/wp-json\/wp\/v2\/pages\/4491","targetHints":{"allow":["GET"]}}],"collection":[{"href":"https:\/\/www.ing.uc.cl\/estructural-y-geotecnica\/wp-json\/wp\/v2\/pages"}],"about":[{"href":"https:\/\/www.ing.uc.cl\/estructural-y-geotecnica\/wp-json\/wp\/v2\/types\/page"}],"author":[{"embeddable":true,"href":"https:\/\/www.ing.uc.cl\/estructural-y-geotecnica\/wp-json\/wp\/v2\/users\/8"}],"replies":[{"embeddable":true,"href":"https:\/\/www.ing.uc.cl\/estructural-y-geotecnica\/wp-json\/wp\/v2\/comments?post=4491"}],"version-history":[{"count":7,"href":"https:\/\/www.ing.uc.cl\/estructural-y-geotecnica\/wp-json\/wp\/v2\/pages\/4491\/revisions"}],"predecessor-version":[{"id":5014,"href":"https:\/\/www.ing.uc.cl\/estructural-y-geotecnica\/wp-json\/wp\/v2\/pages\/4491\/revisions\/5014"}],"up":[{"embeddable":true,"href":"https:\/\/www.ing.uc.cl\/estructural-y-geotecnica\/wp-json\/wp\/v2\/pages\/4533"}],"wp:attachment":[{"href":"https:\/\/www.ing.uc.cl\/estructural-y-geotecnica\/wp-json\/wp\/v2\/media?parent=4491"}],"curies":[{"name":"wp","href":"https:\/\/api.w.org\/{rel}","templated":true}]}}