{"id":4665,"date":"2024-07-29T12:12:11","date_gmt":"2024-07-29T15:12:11","guid":{"rendered":"https:\/\/www.ing.uc.cl\/estructural-y-geotecnica\/?page_id=4665"},"modified":"2024-07-29T12:13:34","modified_gmt":"2024-07-29T15:13:34","slug":"primer-ciclo","status":"publish","type":"page","link":"https:\/\/www.ing.uc.cl\/estructural-y-geotecnica\/programas\/pregrado\/primer-ciclo\/","title":{"rendered":"Primer Ciclo"},"content":{"rendered":"<div id=\"pl-gb4665-69d99bb269cb0\"  class=\"panel-layout\" ><div id=\"pg-gb4665-69d99bb269cb0-0\"  class=\"panel-grid panel-no-style\" ><div id=\"pgc-gb4665-69d99bb269cb0-0-0\"  class=\"panel-grid-cell\" ><div id=\"panel-gb4665-69d99bb269cb0-0-0-0\" class=\"so-panel widget widget_sow-editor panel-first-child\" data-index=\"0\" ><div class=\"uc-title panel-widget-style panel-widget-style-for-gb4665-69d99bb269cb0-0-0-0\" ><div\n\t\t\t\n\t\t\tclass=\"so-widget-sow-editor so-widget-sow-editor-base\"\n\t\t\t\n\t\t>\n<div class=\"siteorigin-widget-tinymce textwidget\">\n\t<h3>Primer Ciclo<\/h3>\n<\/div>\n<\/div><\/div><\/div><div id=\"panel-gb4665-69d99bb269cb0-0-0-1\" class=\"so-panel widget widget_sow-editor\" data-index=\"1\" ><div\n\t\t\t\n\t\t\tclass=\"so-widget-sow-editor so-widget-sow-editor-base\"\n\t\t\t\n\t\t>\n<div class=\"siteorigin-widget-tinymce textwidget\">\n\t<section class=\"elementor-section elementor-top-section elementor-element elementor-element-ca40f82 elementor-section-boxed elementor-section-height-default elementor-section-height-default wpr-particle-no wpr-jarallax-no wpr-parallax-no wpr-sticky-section-no\" data-id=\"ca40f82\" data-element_type=\"section\">\n<div class=\"elementor-container elementor-column-gap-default\">\n<div class=\"elementor-column elementor-col-100 elementor-top-column elementor-element elementor-element-b80edba\" data-id=\"b80edba\" data-element_type=\"column\">\n<div class=\"elementor-widget-wrap elementor-element-populated\">\n<div class=\"elementor-element elementor-element-174dab4 elementor-widget elementor-widget-text-editor\" data-id=\"174dab4\" data-element_type=\"widget\" data-widget_type=\"text-editor.default\">\n<div class=\"elementor-widget-container\">\n<p>El Departamento de Ingenier\u00eda Estructural y Geot\u00e9cnica ofrece a sus estudiantes los siguientes\u00a0<em>Majors<\/em>:<\/p>\n<\/div>\n<\/div>\n<\/div>\n<\/div>\n<\/div>\n<\/section>\n<\/div>\n<\/div><\/div><div id=\"panel-gb4665-69d99bb269cb0-0-0-2\" class=\"so-panel widget widget_sow-accordion panel-last-child\" data-index=\"2\" ><div class=\"uc-accordion panel-widget-style panel-widget-style-for-gb4665-69d99bb269cb0-0-0-2\" ><div\n\t\t\t\n\t\t\tclass=\"so-widget-sow-accordion so-widget-sow-accordion-default-d9295f5bfa93-4665\"\n\t\t\t\n\t\t><div>\n\t<div class=\"sow-accordion\">\n\t\t\t<div class=\"sow-accordion-panel\n\t\t\t\t\t\"\n\t\t\t\tdata-anchor-id=\"major-ingenieria-estructural\">\n\t\t\t\t\t<div class=\"sow-accordion-panel-header-container\" role=\"heading\" aria-level=\"2\">\n\t\t\t\t\t<div class=\"sow-accordion-panel-header\" tabindex=\"0\" role=\"button\" id=\"accordion-label-major-ingenier%c3%ada-estructural\" aria-controls=\"accordion-content-major-ingenier%c3%ada-estructural\" aria-expanded=\"false\">\n\t\t\t\t\t\t<div class=\"sow-accordion-title sow-accordion-title-icon-left\">\n\t\t\t\t\t\t\t\t\t\t\t\t\t\tMajor Ingenier\u00eda Estructural\t\t\t\t\t\t\t\t\t\t\t\t\t<\/div>\n\t\t\t\t\t\t<div class=\"sow-accordion-open-close-button\">\n\t\t\t\t\t\t\t<div class=\"sow-accordion-open-button\">\n\t\t\t\t\t\t\t\t<span class=\"sow-icon-ionicons\" data-sow-icon=\"&#xf218;\"\n\t\t \n\t\taria-hidden=\"true\"><\/span>\t\t\t\t\t\t\t<\/div>\n\t\t\t\t\t\t\t<div class=\"sow-accordion-close-button\">\n\t\t\t\t\t\t\t\t<span class=\"sow-icon-ionicons\" data-sow-icon=\"&#xf209;\"\n\t\t \n\t\taria-hidden=\"true\"><\/span>\t\t\t\t\t\t\t<\/div>\n\t\t\t\t\t\t<\/div>\n\t\t\t\t\t<\/div>\n\t\t\t\t<\/div>\n\n\t\t\t<div\n\t\t\t\tclass=\"sow-accordion-panel-content\"\n\t\t\t\trole=\"region\"\n\t\t\t\taria-labelledby=\"accordion-label-major-ingenier%c3%ada-estructural\"\n\t\t\t\tid=\"accordion-content-major-ingenier%c3%ada-estructural\"\n\t\t\t\tstyle=\"display: none;\"\t\t\t>\n\t\t\t\t<div class=\"sow-accordion-panel-border\">\n\t\t\t\t\t<p>Programa de Licenciatura en Ciencias de la Ingenier\u00eda, Major en Ingenier\u00eda Estructural. Entrega la formaci\u00f3n de base para futuros ingenieros civiles, con \u00e9nfasis en las competencias necesarias para participar en el an\u00e1lisis y dise\u00f1o estructural de obras civiles (edificios, puentes, puertos, instalaciones industriales, entre otras), propiciando la interacci\u00f3n para generar un ambiente multidisciplinario con ingenieros de \u00e1reas afines como: ambiental, construcci\u00f3n, geot\u00e9cnica, hidr\u00e1ulica, geolog\u00eda, entre otras.<\/p>\n<h6>Campo Laboral<\/h6>\n<p>Consultoras multidisciplinarias de ingenier\u00eda civil, empresas\u00a0 de c\u00e1lculo estructural, empresas constructoras, empresas mineras y entidades p\u00fablicas.<\/p>\n<h6>Jefe de Major<\/h6>\n<p>Profesora Rosita J\u00fcnemann<\/p>\n<h6>Malla Curricular<\/h6>\n<p><img fetchpriority=\"high\" decoding=\"async\" class=\"aligncenter wp-image-4284 size-full\" src=\"https:\/\/www.ing.uc.cl\/estructural-y-geotecnica\/wp-content\/uploads\/2024\/07\/Major-Ingenieria-Estructural-e1720812603863.jpg\" sizes=\"(max-width: 994px) 100vw, 994px\" srcset=\"https:\/\/www.ing.uc.cl\/estructural-y-geotecnica\/wp-content\/uploads\/2024\/07\/Major-Ingenieria-Estructural-e1720812603863.jpg 994w, https:\/\/www.ing.uc.cl\/estructural-y-geotecnica\/wp-content\/uploads\/2024\/07\/Major-Ingenieria-Estructural-e1720812603863-300x197.jpg 300w, https:\/\/www.ing.uc.cl\/estructural-y-geotecnica\/wp-content\/uploads\/2024\/07\/Major-Ingenieria-Estructural-e1720812603863-768x505.jpg 768w\" alt=\"\" width=\"994\" height=\"654\" \/><\/p>\n<h6>\u00bfQuieres saber m\u00e1s? Revisa el siguiente video:<\/h6>\n<p><so-iframe title=\"Major en Ingenier\u00eda Estructural\" src=\"https:\/\/www.youtube.com\/embed\/votQSTgUs1A\" width=\"1078\" height=\"315\" frameborder=\"0\" allowfullscreen=\"allowfullscreen\"><\/so-iframe><\/p>\n\t\t\t\t<\/div>\n\t\t\t<\/div>\n\t\t<\/div>\n\t\t\t<div class=\"sow-accordion-panel\n\t\t\t\t\t\"\n\t\t\t\tdata-anchor-id=\"major-ingenieria-geotecnica\">\n\t\t\t\t\t<div class=\"sow-accordion-panel-header-container\" role=\"heading\" aria-level=\"2\">\n\t\t\t\t\t<div class=\"sow-accordion-panel-header\" tabindex=\"0\" role=\"button\" id=\"accordion-label-major-ingenier%c3%ada-geot%c3%a9cnica\" aria-controls=\"accordion-content-major-ingenier%c3%ada-geot%c3%a9cnica\" aria-expanded=\"false\">\n\t\t\t\t\t\t<div class=\"sow-accordion-title sow-accordion-title-icon-left\">\n\t\t\t\t\t\t\t\t\t\t\t\t\t\tMajor Ingenier\u00eda Geot\u00e9cnica\t\t\t\t\t\t\t\t\t\t\t\t\t<\/div>\n\t\t\t\t\t\t<div class=\"sow-accordion-open-close-button\">\n\t\t\t\t\t\t\t<div class=\"sow-accordion-open-button\">\n\t\t\t\t\t\t\t\t<span class=\"sow-icon-ionicons\" data-sow-icon=\"&#xf218;\"\n\t\t \n\t\taria-hidden=\"true\"><\/span>\t\t\t\t\t\t\t<\/div>\n\t\t\t\t\t\t\t<div class=\"sow-accordion-close-button\">\n\t\t\t\t\t\t\t\t<span class=\"sow-icon-ionicons\" data-sow-icon=\"&#xf209;\"\n\t\t \n\t\taria-hidden=\"true\"><\/span>\t\t\t\t\t\t\t<\/div>\n\t\t\t\t\t\t<\/div>\n\t\t\t\t\t<\/div>\n\t\t\t\t<\/div>\n\n\t\t\t<div\n\t\t\t\tclass=\"sow-accordion-panel-content\"\n\t\t\t\trole=\"region\"\n\t\t\t\taria-labelledby=\"accordion-label-major-ingenier%c3%ada-geot%c3%a9cnica\"\n\t\t\t\tid=\"accordion-content-major-ingenier%c3%ada-geot%c3%a9cnica\"\n\t\t\t\tstyle=\"display: none;\"\t\t\t>\n\t\t\t\t<div class=\"sow-accordion-panel-border\">\n\t\t\t\t\t<p>Programa de Licenciatura en Ciencias de la Ingenier\u00eda, Major en Ingenier\u00eda Geot\u00e9cnica. Entrega la formaci\u00f3n de base para futuros ingenieros civiles, con \u00e9nfasis en las competencias necesarias para solucionar problemas relacionados con el comportamiento de suelos y rocas, y con la interacci\u00f3n que existe entre estos materiales y distintas obras de infraestructura. Adem\u00e1s, pueden involucrarse en la mitigaci\u00f3n y soluci\u00f3n de fen\u00f3menos como deslizamiento de masas de suelo, asentamientos excesivos de estructuras, y da\u00f1os inducidos por terremotos, as\u00ed como el dise\u00f1o, construcci\u00f3n y operaci\u00f3n de proyectos de ingenier\u00eda civil.<\/p>\n<h6>Campo Laboral<\/h6>\n<p>Consultoras de ingenier\u00eda geot\u00e9cnica, consultoras multidisciplinarias de ingenier\u00eda civil, empresas constructoras, empresas mineras y entidades p\u00fablicas.<\/p>\n<h6>Jefe de Major<\/h6>\n<p>Profesor Juan Carlos Tiznado<\/p>\n<h6>Malla Curricular<\/h6>\n<p><img decoding=\"async\" class=\"aligncenter wp-image-4290 size-full\" src=\"https:\/\/www.ing.uc.cl\/estructural-y-geotecnica\/wp-content\/uploads\/2024\/07\/Major-Ingenieria-Geotecnica-e1720812633347.jpg\" sizes=\"(max-width: 996px) 100vw, 996px\" srcset=\"https:\/\/www.ing.uc.cl\/estructural-y-geotecnica\/wp-content\/uploads\/2024\/07\/Major-Ingenieria-Geotecnica-e1720812633347.jpg 996w, https:\/\/www.ing.uc.cl\/estructural-y-geotecnica\/wp-content\/uploads\/2024\/07\/Major-Ingenieria-Geotecnica-e1720812633347-300x197.jpg 300w, https:\/\/www.ing.uc.cl\/estructural-y-geotecnica\/wp-content\/uploads\/2024\/07\/Major-Ingenieria-Geotecnica-e1720812633347-768x504.jpg 768w\" alt=\"\" width=\"996\" height=\"653\" \/><\/p>\n<h6>\u00bfQuieres saber m\u00e1s? Revisa el siguiente video:<\/h6>\n<p><so-iframe width=\"1078\" height=\"315\" src=\"https:\/\/www.youtube.com\/embed\/17xmu0j4IxU\" title=\"Major en Ingenier\u00eda Geot\u00e9cnica\" frameborder=\"0\" allow=\"accelerometer; autoplay; clipboard-write; encrypted-media; gyroscope; picture-in-picture; web-share\" referrerpolicy=\"strict-origin-when-cross-origin\" allowfullscreen><\/so-iframe><\/p>\n\t\t\t\t<\/div>\n\t\t\t<\/div>\n\t\t<\/div>\n\t\t\t<div class=\"sow-accordion-panel\n\t\t\t\t\t\"\n\t\t\t\tdata-anchor-id=\"major-en-geociencias\">\n\t\t\t\t\t<div class=\"sow-accordion-panel-header-container\" role=\"heading\" aria-level=\"2\">\n\t\t\t\t\t<div class=\"sow-accordion-panel-header\" tabindex=\"0\" role=\"button\" id=\"accordion-label-major-en-geociencias\" aria-controls=\"accordion-content-major-en-geociencias\" aria-expanded=\"false\">\n\t\t\t\t\t\t<div class=\"sow-accordion-title sow-accordion-title-icon-left\">\n\t\t\t\t\t\t\t\t\t\t\t\t\t\tMajor en Geociencias\t\t\t\t\t\t\t\t\t\t\t\t\t<\/div>\n\t\t\t\t\t\t<div class=\"sow-accordion-open-close-button\">\n\t\t\t\t\t\t\t<div class=\"sow-accordion-open-button\">\n\t\t\t\t\t\t\t\t<span class=\"sow-icon-ionicons\" data-sow-icon=\"&#xf218;\"\n\t\t \n\t\taria-hidden=\"true\"><\/span>\t\t\t\t\t\t\t<\/div>\n\t\t\t\t\t\t\t<div class=\"sow-accordion-close-button\">\n\t\t\t\t\t\t\t\t<span class=\"sow-icon-ionicons\" data-sow-icon=\"&#xf209;\"\n\t\t \n\t\taria-hidden=\"true\"><\/span>\t\t\t\t\t\t\t<\/div>\n\t\t\t\t\t\t<\/div>\n\t\t\t\t\t<\/div>\n\t\t\t\t<\/div>\n\n\t\t\t<div\n\t\t\t\tclass=\"sow-accordion-panel-content\"\n\t\t\t\trole=\"region\"\n\t\t\t\taria-labelledby=\"accordion-label-major-en-geociencias\"\n\t\t\t\tid=\"accordion-content-major-en-geociencias\"\n\t\t\t\tstyle=\"display: none;\"\t\t\t>\n\t\t\t\t<div class=\"sow-accordion-panel-border\">\n\t\t\t\t\t<p>Programa de Licenciatura en Ciencias de la Ingenier\u00eda, Major en Geociencias. Entrega la formaci\u00f3n de base para futuros Geocientistas, con \u00e9nfasis en las competencias necesarias para implementar proyectos y proponer soluciones para resolver los problemas derivados de la interacci\u00f3n humana con los fen\u00f3menos naturales y el planeta Tierra. Proyectos tradicionales de esta \u00e1rea son la exploraci\u00f3n geol\u00f3gica de yacimientos en el \u00e1rea de la miner\u00eda y la evaluaci\u00f3n de peligros geol\u00f3gicos para las obras civiles.<\/p>\n<h6>Campo Laboral<\/h6>\n<p>Consultoras del rubro minero, ambiental, consultoras multidisciplinarias de ingenier\u00eda civil, empresas mineras, entidades p\u00fablicas e investigaci\u00f3n.<\/p>\n<h6>Jefe de Major<\/h6>\n<p>Profesor Jorge Crempien<\/p>\n<h6>Malla Curricular<\/h6>\n<p><img decoding=\"async\" class=\"aligncenter wp-image-4296 size-full\" src=\"https:\/\/www.ing.uc.cl\/estructural-y-geotecnica\/wp-content\/uploads\/2024\/07\/Major-Geociencias-e1720813010248.jpg\" sizes=\"(max-width: 994px) 100vw, 994px\" srcset=\"https:\/\/www.ing.uc.cl\/estructural-y-geotecnica\/wp-content\/uploads\/2024\/07\/Major-Geociencias-e1720813010248.jpg 994w, https:\/\/www.ing.uc.cl\/estructural-y-geotecnica\/wp-content\/uploads\/2024\/07\/Major-Geociencias-e1720813010248-300x214.jpg 300w, https:\/\/www.ing.uc.cl\/estructural-y-geotecnica\/wp-content\/uploads\/2024\/07\/Major-Geociencias-e1720813010248-768x547.jpg 768w\" alt=\"\" width=\"994\" height=\"708\" \/><\/p>\n<h6>\u00bfQuieres saber m\u00e1s? \u00a1Visita nuestro\u00a0<a href=\"https:\/\/geociencias.ing.uc.cl\/\" target=\"_blank\" rel=\"noopener\">sitio web<\/a>!<\/h6>\n\t\t\t\t<\/div>\n\t\t\t<\/div>\n\t\t<\/div>\n\t\t<\/div>\n<\/div>\n<\/div><\/div><\/div><\/div><\/div><\/div>","protected":false},"excerpt":{"rendered":"<p>Primer Ciclo El Departamento de Ingenier\u00eda Estructural y Geot\u00e9cnica ofrece a sus estudiantes los siguientes\u00a0Majors:<\/p>\n","protected":false},"author":5,"featured_media":0,"parent":1549,"menu_order":0,"comment_status":"closed","ping_status":"closed","template":"","meta":{"site-sidebar-layout":"default","site-content-layout":"","ast-site-content-layout":"default","site-content-style":"default","site-sidebar-style":"default","ast-global-header-display":"","ast-banner-title-visibility":"","ast-main-header-display":"","ast-hfb-above-header-display":"","ast-hfb-below-header-display":"","ast-hfb-mobile-header-display":"","site-post-title":"disabled","ast-breadcrumbs-content":"","ast-featured-img":"","footer-sml-layout":"","ast-disable-related-posts":"","theme-transparent-header-meta":"","adv-header-id-meta":"","stick-header-meta":"","header-above-stick-meta":"","header-main-stick-meta":"","header-below-stick-meta":"","astra-migrate-meta-layouts":"set","ast-page-background-enabled":"default","ast-page-background-meta":{"desktop":{"background-color":"","background-image":"","background-repeat":"repeat","background-position":"center center","background-size":"auto","background-attachment":"scroll","background-type":"","background-media":"","overlay-type":"","overlay-color":"","overlay-opacity":"","overlay-gradient":""},"tablet":{"background-color":"","background-image":"","background-repeat":"repeat","background-position":"center center","background-size":"auto","background-attachment":"scroll","background-type":"","background-media":"","overlay-type":"","overlay-color":"","overlay-opacity":"","overlay-gradient":""},"mobile":{"background-color":"","background-image":"","background-repeat":"repeat","background-position":"center center","background-size":"auto","background-attachment":"scroll","background-type":"","background-media":"","overlay-type":"","overlay-color":"","overlay-opacity":"","overlay-gradient":""}},"ast-content-background-meta":{"desktop":{"background-color":"var(--ast-global-color-5)","background-image":"","background-repeat":"repeat","background-position":"center center","background-size":"auto","background-attachment":"scroll","background-type":"","background-media":"","overlay-type":"","overlay-color":"","overlay-opacity":"","overlay-gradient":""},"tablet":{"background-color":"var(--ast-global-color-5)","background-image":"","background-repeat":"repeat","background-position":"center center","background-size":"auto","background-attachment":"scroll","background-type":"","background-media":"","overlay-type":"","overlay-color":"","overlay-opacity":"","overlay-gradient":""},"mobile":{"background-color":"var(--ast-global-color-5)","background-image":"","background-repeat":"repeat","background-position":"center center","background-size":"auto","background-attachment":"scroll","background-type":"","background-media":"","overlay-type":"","overlay-color":"","overlay-opacity":"","overlay-gradient":""}},"footnotes":""},"class_list":["post-4665","page","type-page","status-publish","hentry"],"_links":{"self":[{"href":"https:\/\/www.ing.uc.cl\/estructural-y-geotecnica\/wp-json\/wp\/v2\/pages\/4665","targetHints":{"allow":["GET"]}}],"collection":[{"href":"https:\/\/www.ing.uc.cl\/estructural-y-geotecnica\/wp-json\/wp\/v2\/pages"}],"about":[{"href":"https:\/\/www.ing.uc.cl\/estructural-y-geotecnica\/wp-json\/wp\/v2\/types\/page"}],"author":[{"embeddable":true,"href":"https:\/\/www.ing.uc.cl\/estructural-y-geotecnica\/wp-json\/wp\/v2\/users\/5"}],"replies":[{"embeddable":true,"href":"https:\/\/www.ing.uc.cl\/estructural-y-geotecnica\/wp-json\/wp\/v2\/comments?post=4665"}],"version-history":[{"count":3,"href":"https:\/\/www.ing.uc.cl\/estructural-y-geotecnica\/wp-json\/wp\/v2\/pages\/4665\/revisions"}],"predecessor-version":[{"id":4671,"href":"https:\/\/www.ing.uc.cl\/estructural-y-geotecnica\/wp-json\/wp\/v2\/pages\/4665\/revisions\/4671"}],"up":[{"embeddable":true,"href":"https:\/\/www.ing.uc.cl\/estructural-y-geotecnica\/wp-json\/wp\/v2\/pages\/1549"}],"wp:attachment":[{"href":"https:\/\/www.ing.uc.cl\/estructural-y-geotecnica\/wp-json\/wp\/v2\/media?parent=4665"}],"curies":[{"name":"wp","href":"https:\/\/api.w.org\/{rel}","templated":true}]}}