{"id":1521,"date":"2023-12-27T10:41:44","date_gmt":"2023-12-27T13:41:44","guid":{"rendered":"https:\/\/www.ing.uc.cl\/hidraulica-y-ambiental\/?page_id=1521"},"modified":"2024-03-05T13:39:22","modified_gmt":"2024-03-05T16:39:22","slug":"profesores-jornada-completa","status":"publish","type":"page","link":"https:\/\/www.ing.uc.cl\/hidraulica-y-ambiental\/departamento\/profesores-jornada-completa\/","title":{"rendered":"Profesores Jornada Completa"},"content":{"rendered":"<div id=\"pl-gb1521-6a040800efe24\"  class=\"panel-layout\" ><div id=\"pg-gb1521-6a040800efe24-0\"  class=\"panel-grid panel-no-style\" ><div id=\"pgc-gb1521-6a040800efe24-0-0\"  class=\"panel-grid-cell\" ><div id=\"panel-gb1521-6a040800efe24-0-0-0\" class=\"so-panel widget widget_sow-editor panel-first-child panel-last-child\" data-index=\"0\" ><div class=\"uc-title panel-widget-style panel-widget-style-for-gb1521-6a040800efe24-0-0-0\" ><div\n\t\t\t\n\t\t\tclass=\"so-widget-sow-editor so-widget-sow-editor-base\"\n\t\t\t\n\t\t>\n<div class=\"siteorigin-widget-tinymce textwidget\">\n\t<h2>Profesores Jornada Completa<\/h2>\n<\/div>\n<\/div><\/div><\/div><\/div><\/div><\/div>\n\n<div class='rt-container-fluid rt-team-container rt-pos-r rt-team-container-1629' id='rt-team-container-347044'  data-layout='layout1' data-desktop-col='4'  data-tab-col='2'  data-mobile-col='1' data-sc-id='1629' data-popup-bg=''><div data-title='Loading ...' class='rt-row rt-content-loader layout1 ttp-even ttp-pre-loader'><div class=\"rt-col-md-3 rt-col-sm-6 rt-col-xs-12  even-grid-item rt-grid-item\" data-id=\"1786\"><div class=\"single-team-area\"><div class=\"single-team\"><figure><img fetchpriority=\"high\" decoding=\"async\" width=\"400\" height=\"400\" src=\"https:\/\/www.ing.uc.cl\/hidraulica-y-ambiental\/wp-content\/uploads\/2025\/03\/13-400x400.png\" class=\"img-responsive rt-team-img\" alt=\"Benjam\u00edn Herrmann\" \/><\/figure><\/div><div class=\"tlp-content\"><h3><span class=\"team-name\">Benjam\u00edn Herrmann<\/span><\/h3><\/div><div class=\"contact-info\"><ul><li class=\"tlp-email\"><i class=\"far fa-envelope\"><\/i><a href=\"mailto:benjamin.herrmann@uc.cl\"><span class=\"tlp-email\">benjamin.herrmann@uc.cl<\/span><\/a><\/li><li class=\"tlp-website\"><a target=\"_blank\" href=\"https:\/\/www.mode-lab.ai\/\"><i class=\"fa fa-globe\"><\/i><span class=\"tlp-url\">https:\/\/www.mode-lab.ai\/<\/span><\/a><\/li><\/ul><\/div><\/div><\/div><div class=\"rt-col-md-3 rt-col-sm-6 rt-col-xs-12  even-grid-item rt-grid-item\" data-id=\"1885\"><div class=\"single-team-area\"><div class=\"single-team\"><figure><img decoding=\"async\" width=\"400\" height=\"400\" src=\"https:\/\/www.ing.uc.cl\/hidraulica-y-ambiental\/wp-content\/uploads\/2024\/04\/10-400x400.png\" class=\"img-responsive rt-team-img\" alt=\"Carlos Fa\u00fandez\" \/><\/figure><\/div><div class=\"tlp-content\"><h3><span class=\"team-name\">Carlos Fa\u00fandez<\/span><\/h3><\/div><div class=\"contact-info\"><ul><li class=\"tlp-email\"><i class=\"far fa-envelope\"><\/i><a href=\"mailto:cafaundez@uc.cl\"><span class=\"tlp-email\">cafaundez@uc.cl<\/span><\/a><\/li><li class=\"tlp-website\"><a target=\"_blank\" href=\"https:\/\/www.researchgate.net\/profile\/Carlos-Faundez-Urbina-2?ev=hdr_xprf\"><i class=\"fa fa-globe\"><\/i><span class=\"tlp-url\">https:\/\/www.researchgate.net\/profile\/Carlos-Faundez-Urbina-2?ev=hdr_xprf<\/span><\/a><\/li><\/ul><\/div><\/div><\/div><div class=\"rt-col-md-3 rt-col-sm-6 rt-col-xs-12  even-grid-item rt-grid-item\" data-id=\"1707\"><div class=\"single-team-area\"><div class=\"single-team\"><figure><img decoding=\"async\" width=\"400\" height=\"400\" src=\"https:\/\/www.ing.uc.cl\/hidraulica-y-ambiental\/wp-content\/uploads\/2024\/04\/Captura-de-pantalla-2025-04-04-a-las-12.21.28-400x400.png\" class=\"img-responsive rt-team-img\" alt=\"Cristi\u00e1n Escauriaza\" \/><\/figure><\/div><div class=\"tlp-content\"><h3><span class=\"team-name\">Cristi\u00e1n Escauriaza<\/span><\/h3><\/div><div class=\"contact-info\"><ul><li class=\"tlp-email\"><i class=\"far fa-envelope\"><\/i><a href=\"mailto:cescauri@uc.cl\"><span class=\"tlp-email\">cescauri@uc.cl<\/span><\/a><\/li><\/ul><\/div><\/div><\/div><div class=\"rt-col-md-3 rt-col-sm-6 rt-col-xs-12  even-grid-item rt-grid-item\" data-id=\"1710\"><div class=\"single-team-area\"><div class=\"single-team\"><figure><img loading=\"lazy\" decoding=\"async\" width=\"400\" height=\"400\" src=\"https:\/\/www.ing.uc.cl\/hidraulica-y-ambiental\/wp-content\/uploads\/2024\/04\/6-400x400.png\" class=\"img-responsive rt-team-img\" alt=\"Eduardo Leiva\" \/><\/figure><\/div><div class=\"tlp-content\"><h3><span class=\"team-name\">Eduardo Leiva<\/span><\/h3><\/div><div class=\"contact-info\"><ul><li class=\"tlp-email\"><i class=\"far fa-envelope\"><\/i><a href=\"mailto:ealeiva@uc.cl\"><span class=\"tlp-email\">ealeiva@uc.cl<\/span><\/a><\/li><\/ul><\/div><\/div><\/div><div class=\"rt-col-md-3 rt-col-sm-6 rt-col-xs-12  even-grid-item rt-grid-item\" data-id=\"1714\"><div class=\"single-team-area\"><div class=\"single-team\"><figure><img loading=\"lazy\" decoding=\"async\" width=\"400\" height=\"400\" src=\"https:\/\/www.ing.uc.cl\/hidraulica-y-ambiental\/wp-content\/uploads\/2024\/04\/8-400x400.png\" class=\"img-responsive rt-team-img\" alt=\"Francisco Su\u00e1rez\" \/><\/figure><\/div><div class=\"tlp-content\"><h3><span class=\"team-name\">Francisco Su\u00e1rez<\/span><\/h3><\/div><div class=\"contact-info\"><ul><li class=\"tlp-email\"><i class=\"far fa-envelope\"><\/i><a href=\"mailto:fsuarez@uc.cl\"><span class=\"tlp-email\">fsuarez@uc.cl<\/span><\/a><\/li><\/ul><\/div><\/div><\/div><div class=\"rt-col-md-3 rt-col-sm-6 rt-col-xs-12  even-grid-item rt-grid-item\" data-id=\"2649\"><div class=\"single-team-area\"><div class=\"single-team\"><figure><img loading=\"lazy\" decoding=\"async\" width=\"400\" height=\"400\" src=\"https:\/\/www.ing.uc.cl\/hidraulica-y-ambiental\/wp-content\/uploads\/2026\/03\/Captura-de-pantalla-2026-03-05-a-las-12.44.51-400x400.png\" class=\"img-responsive rt-team-img\" alt=\"Gino Sturla\" \/><\/figure><\/div><div class=\"tlp-content\"><h3><span class=\"team-name\">Gino Sturla<\/span><\/h3><\/div><div class=\"contact-info\"><ul><li class=\"tlp-email\"><i class=\"far fa-envelope\"><\/i><a href=\"mailto:gssturla@uc.cl\"><span class=\"tlp-email\">gssturla@uc.cl<\/span><\/a><\/li><\/ul><\/div><\/div><\/div><div class=\"rt-col-md-3 rt-col-sm-6 rt-col-xs-12  even-grid-item rt-grid-item\" data-id=\"1713\"><div class=\"single-team-area\"><div class=\"single-team\"><figure><img loading=\"lazy\" decoding=\"async\" width=\"400\" height=\"400\" src=\"https:\/\/www.ing.uc.cl\/hidraulica-y-ambiental\/wp-content\/uploads\/2024\/04\/gpH4Uqm4-400x400.jpeg\" class=\"img-responsive rt-team-img\" alt=\"Gonzalo Pizarro\" \/><\/figure><\/div><div class=\"tlp-content\"><h3><span class=\"team-name\">Gonzalo Pizarro<\/span><\/h3><\/div><div class=\"contact-info\"><ul><li class=\"tlp-email\"><i class=\"far fa-envelope\"><\/i><a href=\"mailto:gpizarro@uc.cl\"><span class=\"tlp-email\">gpizarro@uc.cl<\/span><\/a><\/li><\/ul><\/div><\/div><\/div><div class=\"rt-col-md-3 rt-col-sm-6 rt-col-xs-12  even-grid-item rt-grid-item\" data-id=\"1715\"><div class=\"single-team-area\"><div class=\"single-team\"><figure><img loading=\"lazy\" decoding=\"async\" width=\"400\" height=\"400\" src=\"https:\/\/www.ing.uc.cl\/hidraulica-y-ambiental\/wp-content\/uploads\/2024\/04\/3-400x400.png\" class=\"img-responsive rt-team-img\" alt=\"Ignacio Vargas\" \/><\/figure><\/div><div class=\"tlp-content\"><h3><span class=\"team-name\">Ignacio Vargas<\/span><\/h3><\/div><div class=\"contact-info\"><ul><li class=\"tlp-email\"><i class=\"far fa-envelope\"><\/i><a href=\"mailto:itvargas@uc.cl\"><span class=\"tlp-email\">itvargas@uc.cl<\/span><\/a><\/li><li class=\"tlp-website\"><a target=\"_blank\" href=\"https:\/\/itvargas.ing.uc.cl\/\"><i class=\"fa fa-globe\"><\/i><span class=\"tlp-url\">https:\/\/itvargas.ing.uc.cl\/<\/span><\/a><\/li><\/ul><\/div><\/div><\/div><div class=\"rt-col-md-3 rt-col-sm-6 rt-col-xs-12  even-grid-item rt-grid-item\" data-id=\"2358\"><div class=\"single-team-area\"><div class=\"single-team\"><figure><img loading=\"lazy\" decoding=\"async\" width=\"400\" height=\"400\" src=\"https:\/\/www.ing.uc.cl\/hidraulica-y-ambiental\/wp-content\/uploads\/2025\/11\/Captura-de-pantalla-2025-11-17-a-las-11.12.07-400x400.png\" class=\"img-responsive rt-team-img\" alt=\"Iv\u00e1n Sola\" \/><\/figure><\/div><div class=\"tlp-content\"><h3><span class=\"team-name\">Iv\u00e1n Sola<\/span><\/h3><\/div><div class=\"contact-info\"><ul><li class=\"tlp-email\"><i class=\"far fa-envelope\"><\/i><a href=\"mailto:ivan.sola@uc.cl\"><span class=\"tlp-email\">ivan.sola@uc.cl<\/span><\/a><\/li><\/ul><\/div><\/div><\/div><div class=\"rt-col-md-3 rt-col-sm-6 rt-col-xs-12  even-grid-item rt-grid-item\" data-id=\"1708\"><div class=\"single-team-area\"><div class=\"single-team\"><figure><img loading=\"lazy\" decoding=\"async\" width=\"400\" height=\"400\" src=\"https:\/\/www.ing.uc.cl\/hidraulica-y-ambiental\/wp-content\/uploads\/2025\/03\/14-400x400.png\" class=\"img-responsive rt-team-img\" alt=\"Jorge Giron\u00e1s\" \/><\/figure><\/div><div class=\"tlp-content\"><h3><span class=\"team-name\">Jorge Giron\u00e1s<\/span><\/h3><\/div><div class=\"contact-info\"><ul><li class=\"tlp-email\"><i class=\"far fa-envelope\"><\/i><a href=\"mailto:jgironas@uc.cl\"><span class=\"tlp-email\">jgironas@uc.cl<\/span><\/a><\/li><\/ul><\/div><\/div><\/div><div class=\"rt-col-md-3 rt-col-sm-6 rt-col-xs-12  even-grid-item rt-grid-item\" data-id=\"2672\"><div class=\"single-team-area\"><div class=\"single-team\"><figure><img loading=\"lazy\" decoding=\"async\" width=\"400\" height=\"400\" src=\"https:\/\/www.ing.uc.cl\/hidraulica-y-ambiental\/wp-content\/uploads\/2026\/03\/Captura-de-pantalla-2026-03-13-a-las-09.31.49-400x400.png\" class=\"img-responsive rt-team-img\" alt=\"Mauricio Galleguillos\" \/><\/figure><\/div><div class=\"tlp-content\"><h3><span class=\"team-name\">Mauricio Galleguillos<\/span><\/h3><\/div><div class=\"contact-info\"><ul><li class=\"tlp-email\"><i class=\"far fa-envelope\"><\/i><a href=\"mailto:mgalleguillot@uc.cl\"><span class=\"tlp-email\">mgalleguillot@uc.cl<\/span><\/a><\/li><\/ul><\/div><\/div><\/div><div class=\"rt-col-md-3 rt-col-sm-6 rt-col-xs-12  even-grid-item rt-grid-item\" data-id=\"1718\"><div class=\"single-team-area\"><div class=\"single-team\"><figure><img loading=\"lazy\" decoding=\"async\" width=\"400\" height=\"400\" src=\"https:\/\/www.ing.uc.cl\/hidraulica-y-ambiental\/wp-content\/uploads\/2024\/04\/4-400x400.png\" class=\"img-responsive rt-team-img\" alt=\"Megan Williams\" \/><\/figure><\/div><div class=\"tlp-content\"><h3><span class=\"team-name\">Megan Williams<\/span><\/h3><\/div><div class=\"contact-info\"><ul><li class=\"tlp-email\"><i class=\"far fa-envelope\"><\/i><a href=\"mailto:megan.williams@uc.cl\"><span class=\"tlp-email\">megan.williams@uc.cl<\/span><\/a><\/li><\/ul><\/div><\/div><\/div><div class=\"rt-col-md-3 rt-col-sm-6 rt-col-xs-12  even-grid-item rt-grid-item\" data-id=\"1712\"><div class=\"single-team-area\"><div class=\"single-team\"><figure><img loading=\"lazy\" decoding=\"async\" width=\"400\" height=\"400\" src=\"https:\/\/www.ing.uc.cl\/hidraulica-y-ambiental\/wp-content\/uploads\/2024\/04\/12-400x400.png\" class=\"img-responsive rt-team-img\" alt=\"Pablo Past\u00e9n\" \/><\/figure><\/div><div class=\"tlp-content\"><h3><span class=\"team-name\">Pablo Past\u00e9n<\/span><\/h3><\/div><div class=\"contact-info\"><ul><li class=\"tlp-email\"><i class=\"far fa-envelope\"><\/i><a href=\"mailto:ppasten@uc.cl\"><span class=\"tlp-email\">ppasten@uc.cl<\/span><\/a><\/li><\/ul><\/div><\/div><\/div><div class=\"rt-col-md-3 rt-col-sm-6 rt-col-xs-12  even-grid-item rt-grid-item\" data-id=\"1706\"><div class=\"single-team-area\"><div class=\"single-team\"><figure><img loading=\"lazy\" decoding=\"async\" width=\"400\" height=\"400\" src=\"https:\/\/www.ing.uc.cl\/hidraulica-y-ambiental\/wp-content\/uploads\/2024\/04\/9-400x400.png\" class=\"img-responsive rt-team-img\" alt=\"Rodrigo Cienfuegos\" \/><\/figure><\/div><div class=\"tlp-content\"><h3><span class=\"team-name\">Rodrigo Cienfuegos<\/span><\/h3><\/div><div class=\"contact-info\"><ul><li class=\"tlp-email\"><i class=\"far fa-envelope\"><\/i><a href=\"mailto:rcienfue@uc.cl\"><span class=\"tlp-email\">rcienfue@uc.cl<\/span><\/a><\/li><\/ul><\/div><\/div><\/div><div class=\"rt-col-md-3 rt-col-sm-6 rt-col-xs-12  even-grid-item rt-grid-item\" data-id=\"1709\"><div class=\"single-team-area\"><div class=\"single-team\"><figure><img loading=\"lazy\" decoding=\"async\" width=\"400\" height=\"400\" src=\"https:\/\/www.ing.uc.cl\/hidraulica-y-ambiental\/wp-content\/uploads\/2024\/04\/Captura-de-pantalla-2025-04-04-a-las-12.21.21-400x400.png\" class=\"img-responsive rt-team-img\" alt=\"Rodrigo Labatut\" \/><\/figure><\/div><div class=\"tlp-content\"><h3><span class=\"team-name\">Rodrigo Labatut<\/span><\/h3><\/div><div class=\"contact-info\"><ul><li class=\"tlp-email\"><i class=\"far fa-envelope\"><\/i><a href=\"mailto:rolabatut@uc.cl\"><span class=\"tlp-email\">rolabatut@uc.cl<\/span><\/a><\/li><\/ul><\/div><\/div><\/div><div class=\"rt-col-md-3 rt-col-sm-6 rt-col-xs-12  even-grid-item rt-grid-item\" data-id=\"1717\"><div class=\"single-team-area\"><div class=\"single-team\"><figure><img loading=\"lazy\" decoding=\"async\" width=\"400\" height=\"400\" src=\"https:\/\/www.ing.uc.cl\/hidraulica-y-ambiental\/wp-content\/uploads\/2025\/03\/15-400x400.png\" class=\"img-responsive rt-team-img\" alt=\"Sebasti\u00e1n Vicu\u00f1a\" \/><\/figure><\/div><div class=\"tlp-content\"><h3><span class=\"team-name\">Sebasti\u00e1n Vicu\u00f1a<\/span><\/h3><\/div><div class=\"contact-info\"><ul><li class=\"tlp-email\"><i class=\"far fa-envelope\"><\/i><a href=\"mailto:svicuna@uc.cl\"><span class=\"tlp-email\">svicuna@uc.cl<\/span><\/a><\/li><\/ul><\/div><\/div><\/div><div class=\"rt-col-md-3 rt-col-sm-6 rt-col-xs-12  even-grid-item rt-grid-item\" data-id=\"1749\"><div class=\"single-team-area\"><div class=\"single-team\"><figure><img loading=\"lazy\" decoding=\"async\" width=\"400\" height=\"400\" src=\"https:\/\/www.ing.uc.cl\/hidraulica-y-ambiental\/wp-content\/uploads\/2024\/04\/5-400x400.png\" class=\"img-responsive rt-team-img\" alt=\"Wernher Brevis\" \/><\/figure><\/div><div class=\"tlp-content\"><h3><span class=\"team-name\">Wernher Brevis<\/span><\/h3><\/div><div class=\"contact-info\"><ul><li class=\"tlp-email\"><i class=\"far fa-envelope\"><\/i><a href=\"mailto:wbrevis@uc.cl\"><span class=\"tlp-email\">wbrevis@uc.cl<\/span><\/a><\/li><\/ul><\/div><\/div><\/div><div class=\"rt-loading-overlay\"><\/div><div class=\"rt-loading rt-ball-clip-rotate\"><div><\/div><\/div><\/div><\/div>\n","protected":false},"excerpt":{"rendered":"","protected":false},"author":4,"featured_media":0,"parent":772,"menu_order":0,"comment_status":"closed","ping_status":"closed","template":"","meta":{"_acf_changed":false,"site-sidebar-layout":"default","site-content-layout":"","ast-site-content-layout":"default","site-content-style":"default","site-sidebar-style":"default","ast-global-header-display":"","ast-banner-title-visibility":"","ast-main-header-display":"","ast-hfb-above-header-display":"","ast-hfb-below-header-display":"","ast-hfb-mobile-header-display":"","site-post-title":"disabled","ast-breadcrumbs-content":"","ast-featured-img":"","footer-sml-layout":"","ast-disable-related-posts":"","theme-transparent-header-meta":"","adv-header-id-meta":"","stick-header-meta":"","header-above-stick-meta":"","header-main-stick-meta":"","header-below-stick-meta":"","astra-migrate-meta-layouts":"set","ast-page-background-enabled":"default","ast-page-background-meta":{"desktop":{"background-color":"","background-image":"","background-repeat":"repeat","background-position":"center center","background-size":"auto","background-attachment":"scroll","background-type":"","background-media":"","overlay-type":"","overlay-color":"","overlay-opacity":"","overlay-gradient":""},"tablet":{"background-color":"","background-image":"","background-repeat":"repeat","background-position":"center center","background-size":"auto","background-attachment":"scroll","background-type":"","background-media":"","overlay-type":"","overlay-color":"","overlay-opacity":"","overlay-gradient":""},"mobile":{"background-color":"","background-image":"","background-repeat":"repeat","background-position":"center center","background-size":"auto","background-attachment":"scroll","background-type":"","background-media":"","overlay-type":"","overlay-color":"","overlay-opacity":"","overlay-gradient":""}},"ast-content-background-meta":{"desktop":{"background-color":"var(--ast-global-color-5)","background-image":"","background-repeat":"repeat","background-position":"center center","background-size":"auto","background-attachment":"scroll","background-type":"","background-media":"","overlay-type":"","overlay-color":"","overlay-opacity":"","overlay-gradient":""},"tablet":{"background-color":"var(--ast-global-color-5)","background-image":"","background-repeat":"repeat","background-position":"center center","background-size":"auto","background-attachment":"scroll","background-type":"","background-media":"","overlay-type":"","overlay-color":"","overlay-opacity":"","overlay-gradient":""},"mobile":{"background-color":"var(--ast-global-color-5)","background-image":"","background-repeat":"repeat","background-position":"center center","background-size":"auto","background-attachment":"scroll","background-type":"","background-media":"","overlay-type":"","overlay-color":"","overlay-opacity":"","overlay-gradient":""}},"footnotes":""},"class_list":["post-1521","page","type-page","status-publish","hentry"],"acf":[],"yoast_head":"<!-- This site is optimized with the Yoast SEO plugin v27.6 - https:\/\/yoast.com\/product\/yoast-seo-wordpress\/ -->\n<title>Profesores Jornada Completa - Departamento Ingenier\u00eda Hidr\u00e1ulica y Ambiental<\/title>\n<meta name=\"robots\" content=\"index, follow, max-snippet:-1, max-image-preview:large, max-video-preview:-1\" \/>\n<link rel=\"canonical\" href=\"https:\/\/www.ing.uc.cl\/hidraulica-y-ambiental\/departamento\/profesores-jornada-completa\/\" \/>\n<meta property=\"og:locale\" content=\"es_ES\" \/>\n<meta property=\"og:type\" content=\"article\" \/>\n<meta property=\"og:title\" content=\"Profesores Jornada Completa - Departamento Ingenier\u00eda Hidr\u00e1ulica y Ambiental\" \/>\n<meta property=\"og:url\" content=\"https:\/\/www.ing.uc.cl\/hidraulica-y-ambiental\/departamento\/profesores-jornada-completa\/\" \/>\n<meta property=\"og:site_name\" content=\"Departamento Ingenier\u00eda Hidr\u00e1ulica y Ambiental\" \/>\n<meta property=\"article:modified_time\" content=\"2024-03-05T16:39:22+00:00\" \/>\n<meta name=\"twitter:card\" content=\"summary_large_image\" \/>\n<meta name=\"twitter:label1\" content=\"Tiempo estimado de lectura\" \/>\n\t<meta name=\"twitter:data1\" content=\"1 minuto\" \/>\n<script type=\"application\/ld+json\" class=\"yoast-schema-graph\">{\"@context\":\"https:\\\/\\\/schema.org\",\"@graph\":[{\"@type\":\"WebPage\",\"@id\":\"https:\\\/\\\/www.ing.uc.cl\\\/hidraulica-y-ambiental\\\/departamento\\\/profesores-jornada-completa\\\/\",\"url\":\"https:\\\/\\\/www.ing.uc.cl\\\/hidraulica-y-ambiental\\\/departamento\\\/profesores-jornada-completa\\\/\",\"name\":\"Profesores Jornada Completa - Departamento Ingenier\u00eda Hidr\u00e1ulica y Ambiental\",\"isPartOf\":{\"@id\":\"https:\\\/\\\/www.ing.uc.cl\\\/hidraulica-y-ambiental\\\/#website\"},\"datePublished\":\"2023-12-27T13:41:44+00:00\",\"dateModified\":\"2024-03-05T16:39:22+00:00\",\"breadcrumb\":{\"@id\":\"https:\\\/\\\/www.ing.uc.cl\\\/hidraulica-y-ambiental\\\/departamento\\\/profesores-jornada-completa\\\/#breadcrumb\"},\"inLanguage\":\"es-CL\",\"potentialAction\":[{\"@type\":\"ReadAction\",\"target\":[\"https:\\\/\\\/www.ing.uc.cl\\\/hidraulica-y-ambiental\\\/departamento\\\/profesores-jornada-completa\\\/\"]}]},{\"@type\":\"BreadcrumbList\",\"@id\":\"https:\\\/\\\/www.ing.uc.cl\\\/hidraulica-y-ambiental\\\/departamento\\\/profesores-jornada-completa\\\/#breadcrumb\",\"itemListElement\":[{\"@type\":\"ListItem\",\"position\":1,\"name\":\"Portada\",\"item\":\"https:\\\/\\\/www.ing.uc.cl\\\/hidraulica-y-ambiental\\\/\"},{\"@type\":\"ListItem\",\"position\":2,\"name\":\"Departamento\",\"item\":\"https:\\\/\\\/www.ing.uc.cl\\\/hidraulica-y-ambiental\\\/departamento\\\/\"},{\"@type\":\"ListItem\",\"position\":3,\"name\":\"Profesores Jornada Completa\"}]},{\"@type\":\"WebSite\",\"@id\":\"https:\\\/\\\/www.ing.uc.cl\\\/hidraulica-y-ambiental\\\/#website\",\"url\":\"https:\\\/\\\/www.ing.uc.cl\\\/hidraulica-y-ambiental\\\/\",\"name\":\"Departamento Ingenier\u00eda Hidr\u00e1ulica y Ambiental\",\"description\":\"Escuela de Ingenier\u00eda\",\"publisher\":{\"@id\":\"https:\\\/\\\/www.ing.uc.cl\\\/hidraulica-y-ambiental\\\/#organization\"},\"potentialAction\":[{\"@type\":\"SearchAction\",\"target\":{\"@type\":\"EntryPoint\",\"urlTemplate\":\"https:\\\/\\\/www.ing.uc.cl\\\/hidraulica-y-ambiental\\\/?s={search_term_string}\"},\"query-input\":{\"@type\":\"PropertyValueSpecification\",\"valueRequired\":true,\"valueName\":\"search_term_string\"}}],\"inLanguage\":\"es-CL\"},{\"@type\":\"Organization\",\"@id\":\"https:\\\/\\\/www.ing.uc.cl\\\/hidraulica-y-ambiental\\\/#organization\",\"name\":\"Departamento Ingenier\u00eda Hidr\u00e1ulica y Ambiental\",\"url\":\"https:\\\/\\\/www.ing.uc.cl\\\/hidraulica-y-ambiental\\\/\",\"logo\":{\"@type\":\"ImageObject\",\"inLanguage\":\"es-CL\",\"@id\":\"https:\\\/\\\/www.ing.uc.cl\\\/hidraulica-y-ambiental\\\/#\\\/schema\\\/logo\\\/image\\\/\",\"url\":\"https:\\\/\\\/www.ing.uc.cl\\\/hidraulica-y-ambiental\\\/wp-content\\\/uploads\\\/2025\\\/05\\\/cropped-cropped-Favicon.png\",\"contentUrl\":\"https:\\\/\\\/www.ing.uc.cl\\\/hidraulica-y-ambiental\\\/wp-content\\\/uploads\\\/2025\\\/05\\\/cropped-cropped-Favicon.png\",\"width\":512,\"height\":512,\"caption\":\"Departamento Ingenier\u00eda Hidr\u00e1ulica y Ambiental\"},\"image\":{\"@id\":\"https:\\\/\\\/www.ing.uc.cl\\\/hidraulica-y-ambiental\\\/#\\\/schema\\\/logo\\\/image\\\/\"}}]}<\/script>\n<!-- \/ Yoast SEO plugin. -->","yoast_head_json":{"title":"Profesores Jornada Completa - Departamento Ingenier\u00eda Hidr\u00e1ulica y Ambiental","robots":{"index":"index","follow":"follow","max-snippet":"max-snippet:-1","max-image-preview":"max-image-preview:large","max-video-preview":"max-video-preview:-1"},"canonical":"https:\/\/www.ing.uc.cl\/hidraulica-y-ambiental\/departamento\/profesores-jornada-completa\/","og_locale":"es_ES","og_type":"article","og_title":"Profesores Jornada Completa - Departamento Ingenier\u00eda Hidr\u00e1ulica y Ambiental","og_url":"https:\/\/www.ing.uc.cl\/hidraulica-y-ambiental\/departamento\/profesores-jornada-completa\/","og_site_name":"Departamento Ingenier\u00eda Hidr\u00e1ulica y Ambiental","article_modified_time":"2024-03-05T16:39:22+00:00","twitter_card":"summary_large_image","twitter_misc":{"Tiempo estimado de lectura":"1 minuto"},"schema":{"@context":"https:\/\/schema.org","@graph":[{"@type":"WebPage","@id":"https:\/\/www.ing.uc.cl\/hidraulica-y-ambiental\/departamento\/profesores-jornada-completa\/","url":"https:\/\/www.ing.uc.cl\/hidraulica-y-ambiental\/departamento\/profesores-jornada-completa\/","name":"Profesores Jornada Completa - Departamento Ingenier\u00eda Hidr\u00e1ulica y Ambiental","isPartOf":{"@id":"https:\/\/www.ing.uc.cl\/hidraulica-y-ambiental\/#website"},"datePublished":"2023-12-27T13:41:44+00:00","dateModified":"2024-03-05T16:39:22+00:00","breadcrumb":{"@id":"https:\/\/www.ing.uc.cl\/hidraulica-y-ambiental\/departamento\/profesores-jornada-completa\/#breadcrumb"},"inLanguage":"es-CL","potentialAction":[{"@type":"ReadAction","target":["https:\/\/www.ing.uc.cl\/hidraulica-y-ambiental\/departamento\/profesores-jornada-completa\/"]}]},{"@type":"BreadcrumbList","@id":"https:\/\/www.ing.uc.cl\/hidraulica-y-ambiental\/departamento\/profesores-jornada-completa\/#breadcrumb","itemListElement":[{"@type":"ListItem","position":1,"name":"Portada","item":"https:\/\/www.ing.uc.cl\/hidraulica-y-ambiental\/"},{"@type":"ListItem","position":2,"name":"Departamento","item":"https:\/\/www.ing.uc.cl\/hidraulica-y-ambiental\/departamento\/"},{"@type":"ListItem","position":3,"name":"Profesores Jornada Completa"}]},{"@type":"WebSite","@id":"https:\/\/www.ing.uc.cl\/hidraulica-y-ambiental\/#website","url":"https:\/\/www.ing.uc.cl\/hidraulica-y-ambiental\/","name":"Departamento Ingenier\u00eda Hidr\u00e1ulica y Ambiental","description":"Escuela de Ingenier\u00eda","publisher":{"@id":"https:\/\/www.ing.uc.cl\/hidraulica-y-ambiental\/#organization"},"potentialAction":[{"@type":"SearchAction","target":{"@type":"EntryPoint","urlTemplate":"https:\/\/www.ing.uc.cl\/hidraulica-y-ambiental\/?s={search_term_string}"},"query-input":{"@type":"PropertyValueSpecification","valueRequired":true,"valueName":"search_term_string"}}],"inLanguage":"es-CL"},{"@type":"Organization","@id":"https:\/\/www.ing.uc.cl\/hidraulica-y-ambiental\/#organization","name":"Departamento Ingenier\u00eda Hidr\u00e1ulica y Ambiental","url":"https:\/\/www.ing.uc.cl\/hidraulica-y-ambiental\/","logo":{"@type":"ImageObject","inLanguage":"es-CL","@id":"https:\/\/www.ing.uc.cl\/hidraulica-y-ambiental\/#\/schema\/logo\/image\/","url":"https:\/\/www.ing.uc.cl\/hidraulica-y-ambiental\/wp-content\/uploads\/2025\/05\/cropped-cropped-Favicon.png","contentUrl":"https:\/\/www.ing.uc.cl\/hidraulica-y-ambiental\/wp-content\/uploads\/2025\/05\/cropped-cropped-Favicon.png","width":512,"height":512,"caption":"Departamento Ingenier\u00eda Hidr\u00e1ulica y Ambiental"},"image":{"@id":"https:\/\/www.ing.uc.cl\/hidraulica-y-ambiental\/#\/schema\/logo\/image\/"}}]}},"rttpg_featured_image_url":null,"rttpg_author":{"display_name":"Francisco H","author_link":"https:\/\/www.ing.uc.cl\/hidraulica-y-ambiental\/author\/fherreros\/"},"rttpg_comment":0,"rttpg_category":null,"rttpg_excerpt":null,"_links":{"self":[{"href":"https:\/\/www.ing.uc.cl\/hidraulica-y-ambiental\/wp-json\/wp\/v2\/pages\/1521","targetHints":{"allow":["GET"]}}],"collection":[{"href":"https:\/\/www.ing.uc.cl\/hidraulica-y-ambiental\/wp-json\/wp\/v2\/pages"}],"about":[{"href":"https:\/\/www.ing.uc.cl\/hidraulica-y-ambiental\/wp-json\/wp\/v2\/types\/page"}],"author":[{"embeddable":true,"href":"https:\/\/www.ing.uc.cl\/hidraulica-y-ambiental\/wp-json\/wp\/v2\/users\/4"}],"replies":[{"embeddable":true,"href":"https:\/\/www.ing.uc.cl\/hidraulica-y-ambiental\/wp-json\/wp\/v2\/comments?post=1521"}],"version-history":[{"count":0,"href":"https:\/\/www.ing.uc.cl\/hidraulica-y-ambiental\/wp-json\/wp\/v2\/pages\/1521\/revisions"}],"up":[{"embeddable":true,"href":"https:\/\/www.ing.uc.cl\/hidraulica-y-ambiental\/wp-json\/wp\/v2\/pages\/772"}],"wp:attachment":[{"href":"https:\/\/www.ing.uc.cl\/hidraulica-y-ambiental\/wp-json\/wp\/v2\/media?parent=1521"}],"curies":[{"name":"wp","href":"https:\/\/api.w.org\/{rel}","templated":true}]}}