{"id":1528,"date":"2023-12-27T11:00:07","date_gmt":"2023-12-27T14:00:07","guid":{"rendered":"https:\/\/www.ing.uc.cl\/hidraulica-y-ambiental\/?page_id=1528"},"modified":"2025-03-24T14:41:39","modified_gmt":"2025-03-24T17:41:39","slug":"mensaje-director","status":"publish","type":"page","link":"https:\/\/www.ing.uc.cl\/hidraulica-y-ambiental\/departamento\/mensaje-director\/","title":{"rendered":"Mensaje del Director"},"content":{"rendered":"<div id=\"pl-gb1528-69ea740c6cf31\"  class=\"panel-layout wp-block-siteorigin-panels-layout-block\" ><div id=\"pg-gb1528-69ea740c6cf31-0\"  class=\"panel-grid panel-no-style\" ><div id=\"pgc-gb1528-69ea740c6cf31-0-0\"  class=\"panel-grid-cell\" ><div id=\"panel-gb1528-69ea740c6cf31-0-0-0\" class=\"so-panel widget widget_sow-editor panel-first-child panel-last-child\" data-index=\"0\" ><div class=\"uc-title panel-widget-style panel-widget-style-for-gb1528-69ea740c6cf31-0-0-0\" ><div\n\t\t\t\n\t\t\tclass=\"so-widget-sow-editor so-widget-sow-editor-base\"\n\t\t\t\n\t\t>\n<div class=\"siteorigin-widget-tinymce textwidget\">\n\t<h2>Mensaje del Director<\/h2>\n<\/div>\n<\/div><\/div><\/div><\/div><\/div><div id=\"pg-gb1528-69ea740c6cf31-1\"  class=\"panel-grid panel-no-style\" ><div id=\"pgc-gb1528-69ea740c6cf31-1-0\"  class=\"panel-grid-cell\" ><div id=\"panel-gb1528-69ea740c6cf31-1-0-0\" class=\"so-panel widget widget_media_image panel-first-child panel-last-child\" data-index=\"1\" ><img fetchpriority=\"high\" decoding=\"async\" width=\"1080\" height=\"1080\" src=\"https:\/\/www.ing.uc.cl\/hidraulica-y-ambiental\/wp-content\/uploads\/2024\/04\/5.png\" class=\"image wp-image-1826  attachment-full size-full\" alt=\"\" style=\"max-width: 100%; height: auto;\" srcset=\"https:\/\/www.ing.uc.cl\/hidraulica-y-ambiental\/wp-content\/uploads\/2024\/04\/5.png 1080w, https:\/\/www.ing.uc.cl\/hidraulica-y-ambiental\/wp-content\/uploads\/2024\/04\/5-300x300.png 300w, https:\/\/www.ing.uc.cl\/hidraulica-y-ambiental\/wp-content\/uploads\/2024\/04\/5-1024x1024.png 1024w, https:\/\/www.ing.uc.cl\/hidraulica-y-ambiental\/wp-content\/uploads\/2024\/04\/5-150x150.png 150w, https:\/\/www.ing.uc.cl\/hidraulica-y-ambiental\/wp-content\/uploads\/2024\/04\/5-768x768.png 768w, https:\/\/www.ing.uc.cl\/hidraulica-y-ambiental\/wp-content\/uploads\/2024\/04\/5-400x400.png 400w\" sizes=\"(max-width: 1080px) 100vw, 1080px\" \/><\/div><\/div><div id=\"pgc-gb1528-69ea740c6cf31-1-1\"  class=\"panel-grid-cell\" ><div id=\"panel-gb1528-69ea740c6cf31-1-1-0\" class=\"so-panel widget widget_sow-editor panel-first-child panel-last-child\" data-index=\"2\" ><div\n\t\t\t\n\t\t\tclass=\"so-widget-sow-editor so-widget-sow-editor-base\"\n\t\t\t\n\t\t>\n<div class=\"siteorigin-widget-tinymce textwidget\">\n\t<p>El <strong>Departamento de Ingenier\u00eda Hidr\u00e1ulica y Ambiental<\/strong> (DIHA) de la Pontificia Universidad Cat\u00f3lica de Chile se remonta al origen de esta casa de estudios y a lo largo de su historia, ha contado con destacados ingenieros, entre ellos <strong>Ram\u00f3n Salas Edwards<\/strong> y <strong>Francisco Javier Dom\u00ednguez<\/strong>, cuyos aportes cient\u00edficos son de los m\u00e1s importantes de Ingenier\u00eda UC a nivel mundial. Es as\u00ed como en el a\u00f1o 1926 se cre\u00f3 el Laboratorio de Ingenier\u00eda Hidr\u00e1ulica, primero en Sudam\u00e9rica, y en 1942 se formaliz\u00f3 el Departamento en Ingenier\u00eda Hidr\u00e1ulica, como parte de un proceso de modernizaci\u00f3n de la Escuela de Ingenier\u00eda. En 1971, y como resultado de un an\u00e1lisis profundo de las necesidades del pa\u00eds, se definieron como l\u00edneas de investigaci\u00f3n y desarrollo las de <strong>Mec\u00e1nica de Fluidos e Ingenier\u00eda Hidr\u00e1ulica; Hidrolog\u00eda y Recursos de Agua; y Calidad de Agua e Ingenier\u00eda Sanitaria<\/strong>, definiendo de esta manera lo que ser\u00eda el DIHA en la actualidad.<\/p>\n<p>Comprometido con la soluci\u00f3n a problemas de ingenier\u00eda presentes y futuros, el DIHA tiene como misi\u00f3n el impulsar la invenci\u00f3n y el conocimiento en torno a las <strong>ciencias ambientales<\/strong> y del agua a trav\u00e9s de la educaci\u00f3n, investigaci\u00f3n, innovaci\u00f3n, transferencia de conocimiento y liderazgo intelectual. En esa l\u00ednea, el DIHA ha graduado a la fecha a m\u00e1s de 900 profesionales, y cuenta con un s\u00f3lido programa de estudio que preparara Ingenieros Civiles e Ingenieros Civiles de Industrias con conocimientos avanzados en fluidos, evaluaci\u00f3n, planificaci\u00f3n, dise\u00f1o y operaci\u00f3n de sistemas y obras de aprovechamiento de recursos hidr\u00e1ulicos. Adem\u00e1s, estos profesionales son conocedor de los efectos que estos sistemas tienen en el ambiente y est\u00e1n capacitados para dise\u00f1ar procesos de tratamiento para prevenir y\/o controlar la contaminaci\u00f3n del agua y del aire. Anualmente el DIHA atiende alrededor de 2000 alumnos de pregrado, tiene a su cargo cuatro t\u00edtulos profesionales y tres Major, adem\u00e1s de participar en un Major Interdisciplinario. Tiene m\u00e1s de 50 estudiantes de postgrado y sus acad\u00e9micos participan en siete centros de investigaci\u00f3n interdisciplinarios. Sumado a lo anterior, el DIHA realiza actividades de servicio en asesor\u00edas especializadas y ensayos a trav\u00e9s de sus <strong>Laboratorios de Mec\u00e1nica de Fluidos e Hidr\u00e1ulica, de Calidad y An\u00e1lisis del Agua y de Residuos Industriales L\u00edquidos<\/strong>, en respuesta a necesidades nacionales e internacionales.<\/p>\n<\/div>\n<\/div><\/div><\/div><\/div><div id=\"pg-gb1528-69ea740c6cf31-2\"  class=\"panel-grid panel-no-style\" ><div id=\"pgc-gb1528-69ea740c6cf31-2-0\"  class=\"panel-grid-cell\" ><div id=\"panel-gb1528-69ea740c6cf31-2-0-0\" class=\"so-panel widget widget_sow-editor panel-first-child panel-last-child\" data-index=\"3\" ><div\n\t\t\t\n\t\t\tclass=\"so-widget-sow-editor so-widget-sow-editor-base\"\n\t\t\t\n\t\t>\n<div class=\"siteorigin-widget-tinymce textwidget\">\n\t<p style=\"text-align: center;\"><strong>Wernher Brevis<\/strong><\/p>\n<p style=\"text-align: center;\">Director<\/p>\n<p style=\"text-align: center;\">Departamento de Ingenier\u00eda Hidr\u00e1ulica y Ambiental<\/p>\n<\/div>\n<\/div><\/div><\/div><\/div><\/div>","protected":false},"excerpt":{"rendered":"<p>Mensaje del Director El Departamento de Ingenier\u00eda Hidr\u00e1ulica y Ambiental (DIHA) de la Pontificia Universidad Cat\u00f3lica de Chile se remonta al origen de esta casa de estudios y a lo largo de su historia, ha contado con destacados ingenieros, entre ellos Ram\u00f3n Salas Edwards y Francisco Javier Dom\u00ednguez, cuyos aportes cient\u00edficos son de los m\u00e1s importantes de Ingenier\u00eda UC a nivel mundial. Es as\u00ed como en el a\u00f1o 1926 se cre\u00f3 el Laboratorio de Ingenier\u00eda Hidr\u00e1ulica, primero en Sudam\u00e9rica, y en 1942 se formaliz\u00f3 el Departamento en Ingenier\u00eda Hidr\u00e1ulica, como parte de un proceso de modernizaci\u00f3n de la Escuela de Ingenier\u00eda. En 1971, y como resultado de un an\u00e1lisis profundo de las necesidades del pa\u00eds, se definieron como l\u00edneas de investigaci\u00f3n y desarrollo las de Mec\u00e1nica de Fluidos e Ingenier\u00eda Hidr\u00e1ulica; Hidrolog\u00eda y Recursos de Agua; y Calidad de Agua e Ingenier\u00eda Sanitaria, definiendo de esta manera lo que ser\u00eda el DIHA en la actualidad. Comprometido con la soluci\u00f3n a problemas de ingenier\u00eda presentes y futuros, el DIHA tiene como misi\u00f3n el impulsar la invenci\u00f3n y el conocimiento en torno a las ciencias ambientales y del agua a trav\u00e9s de la educaci\u00f3n, investigaci\u00f3n, innovaci\u00f3n, transferencia de conocimiento y liderazgo intelectual. En esa l\u00ednea, el DIHA ha graduado a la fecha a m\u00e1s de 900 profesionales, y cuenta con un s\u00f3lido programa de estudio que preparara Ingenieros Civiles e Ingenieros Civiles de Industrias con conocimientos avanzados en fluidos, evaluaci\u00f3n, planificaci\u00f3n, dise\u00f1o y operaci\u00f3n de sistemas y obras de aprovechamiento de recursos hidr\u00e1ulicos. Adem\u00e1s, estos profesionales son conocedor de los efectos que estos sistemas tienen en el ambiente y est\u00e1n capacitados para dise\u00f1ar procesos de tratamiento para prevenir y\/o controlar la contaminaci\u00f3n del agua y del aire. Anualmente el DIHA atiende alrededor de 2000 alumnos de pregrado, tiene a su cargo cuatro t\u00edtulos profesionales y tres Major, adem\u00e1s de participar en un Major Interdisciplinario. Tiene m\u00e1s de 50 estudiantes de postgrado y sus acad\u00e9micos participan en siete centros de investigaci\u00f3n interdisciplinarios. Sumado a lo anterior, el DIHA realiza actividades de servicio en asesor\u00edas especializadas y ensayos a trav\u00e9s de sus Laboratorios de Mec\u00e1nica de Fluidos e Hidr\u00e1ulica, de Calidad y An\u00e1lisis del Agua y de Residuos Industriales L\u00edquidos, en respuesta a necesidades nacionales e internacionales.<\/p>\n","protected":false},"author":4,"featured_media":0,"parent":772,"menu_order":0,"comment_status":"closed","ping_status":"closed","template":"","meta":{"_acf_changed":false,"site-sidebar-layout":"default","site-content-layout":"","ast-site-content-layout":"default","site-content-style":"default","site-sidebar-style":"default","ast-global-header-display":"","ast-banner-title-visibility":"","ast-main-header-display":"","ast-hfb-above-header-display":"","ast-hfb-below-header-display":"","ast-hfb-mobile-header-display":"","site-post-title":"disabled","ast-breadcrumbs-content":"","ast-featured-img":"","footer-sml-layout":"","ast-disable-related-posts":"","theme-transparent-header-meta":"","adv-header-id-meta":"","stick-header-meta":"","header-above-stick-meta":"","header-main-stick-meta":"","header-below-stick-meta":"","astra-migrate-meta-layouts":"set","ast-page-background-enabled":"default","ast-page-background-meta":{"desktop":{"background-color":"","background-image":"","background-repeat":"repeat","background-position":"center center","background-size":"auto","background-attachment":"scroll","background-type":"","background-media":"","overlay-type":"","overlay-color":"","overlay-opacity":"","overlay-gradient":""},"tablet":{"background-color":"","background-image":"","background-repeat":"repeat","background-position":"center center","background-size":"auto","background-attachment":"scroll","background-type":"","background-media":"","overlay-type":"","overlay-color":"","overlay-opacity":"","overlay-gradient":""},"mobile":{"background-color":"","background-image":"","background-repeat":"repeat","background-position":"center center","background-size":"auto","background-attachment":"scroll","background-type":"","background-media":"","overlay-type":"","overlay-color":"","overlay-opacity":"","overlay-gradient":""}},"ast-content-background-meta":{"desktop":{"background-color":"var(--ast-global-color-5)","background-image":"","background-repeat":"repeat","background-position":"center center","background-size":"auto","background-attachment":"scroll","background-type":"","background-media":"","overlay-type":"","overlay-color":"","overlay-opacity":"","overlay-gradient":""},"tablet":{"background-color":"var(--ast-global-color-5)","background-image":"","background-repeat":"repeat","background-position":"center center","background-size":"auto","background-attachment":"scroll","background-type":"","background-media":"","overlay-type":"","overlay-color":"","overlay-opacity":"","overlay-gradient":""},"mobile":{"background-color":"var(--ast-global-color-5)","background-image":"","background-repeat":"repeat","background-position":"center center","background-size":"auto","background-attachment":"scroll","background-type":"","background-media":"","overlay-type":"","overlay-color":"","overlay-opacity":"","overlay-gradient":""}},"footnotes":""},"class_list":["post-1528","page","type-page","status-publish","hentry"],"acf":[],"yoast_head":"<!-- This site is optimized with the Yoast SEO plugin v27.4 - https:\/\/yoast.com\/product\/yoast-seo-wordpress\/ -->\n<title>Mensaje del Director - Departamento Ingenier\u00eda Hidr\u00e1ulica y Ambiental<\/title>\n<meta name=\"robots\" content=\"index, follow, max-snippet:-1, max-image-preview:large, max-video-preview:-1\" \/>\n<link rel=\"canonical\" href=\"https:\/\/www.ing.uc.cl\/hidraulica-y-ambiental\/departamento\/mensaje-director\/\" \/>\n<meta property=\"og:locale\" content=\"es_ES\" \/>\n<meta property=\"og:type\" content=\"article\" \/>\n<meta property=\"og:title\" content=\"Mensaje del Director - Departamento Ingenier\u00eda Hidr\u00e1ulica y Ambiental\" \/>\n<meta property=\"og:description\" content=\"Mensaje del Director El Departamento de Ingenier\u00eda Hidr\u00e1ulica y Ambiental (DIHA) de la Pontificia Universidad Cat\u00f3lica de Chile se remonta al origen de esta casa de estudios y a lo largo de su historia, ha contado con destacados ingenieros, entre ellos Ram\u00f3n Salas Edwards y Francisco Javier Dom\u00ednguez, cuyos aportes cient\u00edficos son de los m\u00e1s importantes de Ingenier\u00eda UC a nivel mundial. Es as\u00ed como en el a\u00f1o 1926 se cre\u00f3 el Laboratorio de Ingenier\u00eda Hidr\u00e1ulica, primero en Sudam\u00e9rica, y en 1942 se formaliz\u00f3 el Departamento en Ingenier\u00eda Hidr\u00e1ulica, como parte de un proceso de modernizaci\u00f3n de la Escuela de Ingenier\u00eda. En 1971, y como resultado de un an\u00e1lisis profundo de las necesidades del pa\u00eds, se definieron como l\u00edneas de investigaci\u00f3n y desarrollo las de Mec\u00e1nica de Fluidos e Ingenier\u00eda Hidr\u00e1ulica; Hidrolog\u00eda y Recursos de Agua; y Calidad de Agua e Ingenier\u00eda Sanitaria, definiendo de esta manera lo que ser\u00eda el DIHA en la actualidad. Comprometido con la soluci\u00f3n a problemas de ingenier\u00eda presentes y futuros, el DIHA tiene como misi\u00f3n el impulsar la invenci\u00f3n y el conocimiento en torno a las ciencias ambientales y del agua a trav\u00e9s de la educaci\u00f3n, investigaci\u00f3n, innovaci\u00f3n, transferencia de conocimiento y liderazgo intelectual. En esa l\u00ednea, el DIHA ha graduado a la fecha a m\u00e1s de 900 profesionales, y cuenta con un s\u00f3lido programa de estudio que preparara Ingenieros Civiles e Ingenieros Civiles de Industrias con conocimientos avanzados en fluidos, evaluaci\u00f3n, planificaci\u00f3n, dise\u00f1o y operaci\u00f3n de sistemas y obras de aprovechamiento de recursos hidr\u00e1ulicos. Adem\u00e1s, estos profesionales son conocedor de los efectos que estos sistemas tienen en el ambiente y est\u00e1n capacitados para dise\u00f1ar procesos de tratamiento para prevenir y\/o controlar la contaminaci\u00f3n del agua y del aire. Anualmente el DIHA atiende alrededor de 2000 alumnos de pregrado, tiene a su cargo cuatro t\u00edtulos profesionales y tres Major, adem\u00e1s de participar en un Major Interdisciplinario. Tiene m\u00e1s de 50 estudiantes de postgrado y sus acad\u00e9micos participan en siete centros de investigaci\u00f3n interdisciplinarios. Sumado a lo anterior, el DIHA realiza actividades de servicio en asesor\u00edas especializadas y ensayos a trav\u00e9s de sus Laboratorios de Mec\u00e1nica de Fluidos e Hidr\u00e1ulica, de Calidad y An\u00e1lisis del Agua y de Residuos Industriales L\u00edquidos, en respuesta a necesidades nacionales e internacionales.\" \/>\n<meta property=\"og:url\" content=\"https:\/\/www.ing.uc.cl\/hidraulica-y-ambiental\/departamento\/mensaje-director\/\" \/>\n<meta property=\"og:site_name\" content=\"Departamento Ingenier\u00eda Hidr\u00e1ulica y Ambiental\" \/>\n<meta property=\"article:modified_time\" content=\"2025-03-24T17:41:39+00:00\" \/>\n<meta name=\"twitter:card\" content=\"summary_large_image\" \/>\n<meta name=\"twitter:label1\" content=\"Tiempo estimado de lectura\" \/>\n\t<meta name=\"twitter:data1\" content=\"2 minutos\" \/>\n<script type=\"application\/ld+json\" class=\"yoast-schema-graph\">{\"@context\":\"https:\\\/\\\/schema.org\",\"@graph\":[{\"@type\":\"WebPage\",\"@id\":\"https:\\\/\\\/www.ing.uc.cl\\\/hidraulica-y-ambiental\\\/departamento\\\/mensaje-director\\\/\",\"url\":\"https:\\\/\\\/www.ing.uc.cl\\\/hidraulica-y-ambiental\\\/departamento\\\/mensaje-director\\\/\",\"name\":\"Mensaje del Director - Departamento Ingenier\u00eda Hidr\u00e1ulica y Ambiental\",\"isPartOf\":{\"@id\":\"https:\\\/\\\/www.ing.uc.cl\\\/hidraulica-y-ambiental\\\/#website\"},\"datePublished\":\"2023-12-27T14:00:07+00:00\",\"dateModified\":\"2025-03-24T17:41:39+00:00\",\"breadcrumb\":{\"@id\":\"https:\\\/\\\/www.ing.uc.cl\\\/hidraulica-y-ambiental\\\/departamento\\\/mensaje-director\\\/#breadcrumb\"},\"inLanguage\":\"es-CL\",\"potentialAction\":[{\"@type\":\"ReadAction\",\"target\":[\"https:\\\/\\\/www.ing.uc.cl\\\/hidraulica-y-ambiental\\\/departamento\\\/mensaje-director\\\/\"]}]},{\"@type\":\"BreadcrumbList\",\"@id\":\"https:\\\/\\\/www.ing.uc.cl\\\/hidraulica-y-ambiental\\\/departamento\\\/mensaje-director\\\/#breadcrumb\",\"itemListElement\":[{\"@type\":\"ListItem\",\"position\":1,\"name\":\"Portada\",\"item\":\"https:\\\/\\\/www.ing.uc.cl\\\/hidraulica-y-ambiental\\\/\"},{\"@type\":\"ListItem\",\"position\":2,\"name\":\"Departamento\",\"item\":\"https:\\\/\\\/www.ing.uc.cl\\\/hidraulica-y-ambiental\\\/departamento\\\/\"},{\"@type\":\"ListItem\",\"position\":3,\"name\":\"Mensaje del Director\"}]},{\"@type\":\"WebSite\",\"@id\":\"https:\\\/\\\/www.ing.uc.cl\\\/hidraulica-y-ambiental\\\/#website\",\"url\":\"https:\\\/\\\/www.ing.uc.cl\\\/hidraulica-y-ambiental\\\/\",\"name\":\"Departamento Ingenier\u00eda Hidr\u00e1ulica y Ambiental\",\"description\":\"Escuela de Ingenier\u00eda\",\"publisher\":{\"@id\":\"https:\\\/\\\/www.ing.uc.cl\\\/hidraulica-y-ambiental\\\/#organization\"},\"potentialAction\":[{\"@type\":\"SearchAction\",\"target\":{\"@type\":\"EntryPoint\",\"urlTemplate\":\"https:\\\/\\\/www.ing.uc.cl\\\/hidraulica-y-ambiental\\\/?s={search_term_string}\"},\"query-input\":{\"@type\":\"PropertyValueSpecification\",\"valueRequired\":true,\"valueName\":\"search_term_string\"}}],\"inLanguage\":\"es-CL\"},{\"@type\":\"Organization\",\"@id\":\"https:\\\/\\\/www.ing.uc.cl\\\/hidraulica-y-ambiental\\\/#organization\",\"name\":\"Departamento Ingenier\u00eda Hidr\u00e1ulica y Ambiental\",\"url\":\"https:\\\/\\\/www.ing.uc.cl\\\/hidraulica-y-ambiental\\\/\",\"logo\":{\"@type\":\"ImageObject\",\"inLanguage\":\"es-CL\",\"@id\":\"https:\\\/\\\/www.ing.uc.cl\\\/hidraulica-y-ambiental\\\/#\\\/schema\\\/logo\\\/image\\\/\",\"url\":\"https:\\\/\\\/www.ing.uc.cl\\\/hidraulica-y-ambiental\\\/wp-content\\\/uploads\\\/2025\\\/05\\\/cropped-cropped-Favicon.png\",\"contentUrl\":\"https:\\\/\\\/www.ing.uc.cl\\\/hidraulica-y-ambiental\\\/wp-content\\\/uploads\\\/2025\\\/05\\\/cropped-cropped-Favicon.png\",\"width\":512,\"height\":512,\"caption\":\"Departamento Ingenier\u00eda Hidr\u00e1ulica y Ambiental\"},\"image\":{\"@id\":\"https:\\\/\\\/www.ing.uc.cl\\\/hidraulica-y-ambiental\\\/#\\\/schema\\\/logo\\\/image\\\/\"}}]}<\/script>\n<!-- \/ Yoast SEO plugin. -->","yoast_head_json":{"title":"Mensaje del Director - Departamento Ingenier\u00eda Hidr\u00e1ulica y Ambiental","robots":{"index":"index","follow":"follow","max-snippet":"max-snippet:-1","max-image-preview":"max-image-preview:large","max-video-preview":"max-video-preview:-1"},"canonical":"https:\/\/www.ing.uc.cl\/hidraulica-y-ambiental\/departamento\/mensaje-director\/","og_locale":"es_ES","og_type":"article","og_title":"Mensaje del Director - Departamento Ingenier\u00eda Hidr\u00e1ulica y Ambiental","og_description":"Mensaje del Director El Departamento de Ingenier\u00eda Hidr\u00e1ulica y Ambiental (DIHA) de la Pontificia Universidad Cat\u00f3lica de Chile se remonta al origen de esta casa de estudios y a lo largo de su historia, ha contado con destacados ingenieros, entre ellos Ram\u00f3n Salas Edwards y Francisco Javier Dom\u00ednguez, cuyos aportes cient\u00edficos son de los m\u00e1s importantes de Ingenier\u00eda UC a nivel mundial. Es as\u00ed como en el a\u00f1o 1926 se cre\u00f3 el Laboratorio de Ingenier\u00eda Hidr\u00e1ulica, primero en Sudam\u00e9rica, y en 1942 se formaliz\u00f3 el Departamento en Ingenier\u00eda Hidr\u00e1ulica, como parte de un proceso de modernizaci\u00f3n de la Escuela de Ingenier\u00eda. En 1971, y como resultado de un an\u00e1lisis profundo de las necesidades del pa\u00eds, se definieron como l\u00edneas de investigaci\u00f3n y desarrollo las de Mec\u00e1nica de Fluidos e Ingenier\u00eda Hidr\u00e1ulica; Hidrolog\u00eda y Recursos de Agua; y Calidad de Agua e Ingenier\u00eda Sanitaria, definiendo de esta manera lo que ser\u00eda el DIHA en la actualidad. Comprometido con la soluci\u00f3n a problemas de ingenier\u00eda presentes y futuros, el DIHA tiene como misi\u00f3n el impulsar la invenci\u00f3n y el conocimiento en torno a las ciencias ambientales y del agua a trav\u00e9s de la educaci\u00f3n, investigaci\u00f3n, innovaci\u00f3n, transferencia de conocimiento y liderazgo intelectual. En esa l\u00ednea, el DIHA ha graduado a la fecha a m\u00e1s de 900 profesionales, y cuenta con un s\u00f3lido programa de estudio que preparara Ingenieros Civiles e Ingenieros Civiles de Industrias con conocimientos avanzados en fluidos, evaluaci\u00f3n, planificaci\u00f3n, dise\u00f1o y operaci\u00f3n de sistemas y obras de aprovechamiento de recursos hidr\u00e1ulicos. Adem\u00e1s, estos profesionales son conocedor de los efectos que estos sistemas tienen en el ambiente y est\u00e1n capacitados para dise\u00f1ar procesos de tratamiento para prevenir y\/o controlar la contaminaci\u00f3n del agua y del aire. Anualmente el DIHA atiende alrededor de 2000 alumnos de pregrado, tiene a su cargo cuatro t\u00edtulos profesionales y tres Major, adem\u00e1s de participar en un Major Interdisciplinario. Tiene m\u00e1s de 50 estudiantes de postgrado y sus acad\u00e9micos participan en siete centros de investigaci\u00f3n interdisciplinarios. Sumado a lo anterior, el DIHA realiza actividades de servicio en asesor\u00edas especializadas y ensayos a trav\u00e9s de sus Laboratorios de Mec\u00e1nica de Fluidos e Hidr\u00e1ulica, de Calidad y An\u00e1lisis del Agua y de Residuos Industriales L\u00edquidos, en respuesta a necesidades nacionales e internacionales.","og_url":"https:\/\/www.ing.uc.cl\/hidraulica-y-ambiental\/departamento\/mensaje-director\/","og_site_name":"Departamento Ingenier\u00eda Hidr\u00e1ulica y Ambiental","article_modified_time":"2025-03-24T17:41:39+00:00","twitter_card":"summary_large_image","twitter_misc":{"Tiempo estimado de lectura":"2 minutos"},"schema":{"@context":"https:\/\/schema.org","@graph":[{"@type":"WebPage","@id":"https:\/\/www.ing.uc.cl\/hidraulica-y-ambiental\/departamento\/mensaje-director\/","url":"https:\/\/www.ing.uc.cl\/hidraulica-y-ambiental\/departamento\/mensaje-director\/","name":"Mensaje del Director - Departamento Ingenier\u00eda Hidr\u00e1ulica y Ambiental","isPartOf":{"@id":"https:\/\/www.ing.uc.cl\/hidraulica-y-ambiental\/#website"},"datePublished":"2023-12-27T14:00:07+00:00","dateModified":"2025-03-24T17:41:39+00:00","breadcrumb":{"@id":"https:\/\/www.ing.uc.cl\/hidraulica-y-ambiental\/departamento\/mensaje-director\/#breadcrumb"},"inLanguage":"es-CL","potentialAction":[{"@type":"ReadAction","target":["https:\/\/www.ing.uc.cl\/hidraulica-y-ambiental\/departamento\/mensaje-director\/"]}]},{"@type":"BreadcrumbList","@id":"https:\/\/www.ing.uc.cl\/hidraulica-y-ambiental\/departamento\/mensaje-director\/#breadcrumb","itemListElement":[{"@type":"ListItem","position":1,"name":"Portada","item":"https:\/\/www.ing.uc.cl\/hidraulica-y-ambiental\/"},{"@type":"ListItem","position":2,"name":"Departamento","item":"https:\/\/www.ing.uc.cl\/hidraulica-y-ambiental\/departamento\/"},{"@type":"ListItem","position":3,"name":"Mensaje del Director"}]},{"@type":"WebSite","@id":"https:\/\/www.ing.uc.cl\/hidraulica-y-ambiental\/#website","url":"https:\/\/www.ing.uc.cl\/hidraulica-y-ambiental\/","name":"Departamento Ingenier\u00eda Hidr\u00e1ulica y Ambiental","description":"Escuela de Ingenier\u00eda","publisher":{"@id":"https:\/\/www.ing.uc.cl\/hidraulica-y-ambiental\/#organization"},"potentialAction":[{"@type":"SearchAction","target":{"@type":"EntryPoint","urlTemplate":"https:\/\/www.ing.uc.cl\/hidraulica-y-ambiental\/?s={search_term_string}"},"query-input":{"@type":"PropertyValueSpecification","valueRequired":true,"valueName":"search_term_string"}}],"inLanguage":"es-CL"},{"@type":"Organization","@id":"https:\/\/www.ing.uc.cl\/hidraulica-y-ambiental\/#organization","name":"Departamento Ingenier\u00eda Hidr\u00e1ulica y Ambiental","url":"https:\/\/www.ing.uc.cl\/hidraulica-y-ambiental\/","logo":{"@type":"ImageObject","inLanguage":"es-CL","@id":"https:\/\/www.ing.uc.cl\/hidraulica-y-ambiental\/#\/schema\/logo\/image\/","url":"https:\/\/www.ing.uc.cl\/hidraulica-y-ambiental\/wp-content\/uploads\/2025\/05\/cropped-cropped-Favicon.png","contentUrl":"https:\/\/www.ing.uc.cl\/hidraulica-y-ambiental\/wp-content\/uploads\/2025\/05\/cropped-cropped-Favicon.png","width":512,"height":512,"caption":"Departamento Ingenier\u00eda Hidr\u00e1ulica y Ambiental"},"image":{"@id":"https:\/\/www.ing.uc.cl\/hidraulica-y-ambiental\/#\/schema\/logo\/image\/"}}]}},"rttpg_featured_image_url":null,"rttpg_author":{"display_name":"Francisco H","author_link":"https:\/\/www.ing.uc.cl\/hidraulica-y-ambiental\/author\/fherreros\/"},"rttpg_comment":0,"rttpg_category":null,"rttpg_excerpt":"Mensaje del Director El Departamento de Ingenier\u00eda Hidr\u00e1ulica y Ambiental (DIHA) de la Pontificia Universidad Cat\u00f3lica de Chile se remonta al origen de esta casa de estudios y a lo largo de su historia, ha contado con destacados ingenieros, entre ellos Ram\u00f3n Salas Edwards y Francisco Javier Dom\u00ednguez, cuyos aportes cient\u00edficos son de los m\u00e1s&hellip;","_links":{"self":[{"href":"https:\/\/www.ing.uc.cl\/hidraulica-y-ambiental\/wp-json\/wp\/v2\/pages\/1528","targetHints":{"allow":["GET"]}}],"collection":[{"href":"https:\/\/www.ing.uc.cl\/hidraulica-y-ambiental\/wp-json\/wp\/v2\/pages"}],"about":[{"href":"https:\/\/www.ing.uc.cl\/hidraulica-y-ambiental\/wp-json\/wp\/v2\/types\/page"}],"author":[{"embeddable":true,"href":"https:\/\/www.ing.uc.cl\/hidraulica-y-ambiental\/wp-json\/wp\/v2\/users\/4"}],"replies":[{"embeddable":true,"href":"https:\/\/www.ing.uc.cl\/hidraulica-y-ambiental\/wp-json\/wp\/v2\/comments?post=1528"}],"version-history":[{"count":0,"href":"https:\/\/www.ing.uc.cl\/hidraulica-y-ambiental\/wp-json\/wp\/v2\/pages\/1528\/revisions"}],"up":[{"embeddable":true,"href":"https:\/\/www.ing.uc.cl\/hidraulica-y-ambiental\/wp-json\/wp\/v2\/pages\/772"}],"wp:attachment":[{"href":"https:\/\/www.ing.uc.cl\/hidraulica-y-ambiental\/wp-json\/wp\/v2\/media?parent=1528"}],"curies":[{"name":"wp","href":"https:\/\/api.w.org\/{rel}","templated":true}]}}