{"id":1536,"date":"2023-12-27T11:02:52","date_gmt":"2023-12-27T14:02:52","guid":{"rendered":"https:\/\/www.ing.uc.cl\/hidraulica-y-ambiental\/?page_id=1536"},"modified":"2026-01-06T10:25:15","modified_gmt":"2026-01-06T13:25:15","slug":"titulacion","status":"publish","type":"page","link":"https:\/\/www.ing.uc.cl\/hidraulica-y-ambiental\/progamas\/titulacion\/","title":{"rendered":"Titulaci\u00f3n"},"content":{"rendered":"<div id=\"pl-gb1536-69e10ff607b21\"  class=\"panel-layout wp-block-siteorigin-panels-layout-block\" ><div id=\"pg-gb1536-69e10ff607b21-0\"  class=\"panel-grid panel-no-style\" ><div id=\"pgc-gb1536-69e10ff607b21-0-0\"  class=\"panel-grid-cell\" ><div id=\"panel-gb1536-69e10ff607b21-0-0-0\" class=\"so-panel widget widget_sow-editor panel-first-child\" data-index=\"0\" ><div class=\"uc-title panel-widget-style panel-widget-style-for-gb1536-69e10ff607b21-0-0-0\" ><div\n\t\t\t\n\t\t\tclass=\"so-widget-sow-editor so-widget-sow-editor-base\"\n\t\t\t\n\t\t>\n<div class=\"siteorigin-widget-tinymce textwidget\">\n\t<h3>Titulaci\u00f3n<\/h3>\n<\/div>\n<\/div><\/div><\/div><div id=\"panel-gb1536-69e10ff607b21-0-0-1\" class=\"so-panel widget widget_sow-editor\" data-index=\"1\" ><div\n\t\t\t\n\t\t\tclass=\"so-widget-sow-editor so-widget-sow-editor-base\"\n\t\t\t\n\t\t>\n<div class=\"siteorigin-widget-tinymce textwidget\">\n\t<p>El Departamento de Ingenier\u00eda Hidr\u00e1ulica y Ambiental tiene a su cargo los siguientes diplomas:<\/p>\n<\/div>\n<\/div><\/div><div id=\"panel-gb1536-69e10ff607b21-0-0-2\" class=\"so-panel widget widget_sow-accordion panel-last-child\" data-index=\"2\" ><div class=\"uc-accordion panel-widget-style panel-widget-style-for-gb1536-69e10ff607b21-0-0-2\" ><div\n\t\t\t\n\t\t\tclass=\"so-widget-sow-accordion so-widget-sow-accordion-default-d9295f5bfa93-1536\"\n\t\t\t\n\t\t><div>\n\t<div class=\"sow-accordion\">\n\t\t\t<div class=\"sow-accordion-panel\n\t\t\t\t\t\"\n\t\t\t\tdata-anchor-id=\"ingenieria-civil-con-diploma-en-ingenieria-ambiental\">\n\t\t\t\t\t<div class=\"sow-accordion-panel-header-container\" role=\"heading\" aria-level=\"2\">\n\t\t\t\t\t<div class=\"sow-accordion-panel-header\" tabindex=\"0\" role=\"button\" id=\"accordion-label-ingenier%c3%ada-civil-con-diploma-en-ingenier%c3%ada-ambiental\" aria-controls=\"accordion-content-ingenier%c3%ada-civil-con-diploma-en-ingenier%c3%ada-ambiental\" aria-expanded=\"false\">\n\t\t\t\t\t\t<div class=\"sow-accordion-title sow-accordion-title-icon-left\">\n\t\t\t\t\t\t\t\t\t\t\t\t\t\tIngenier\u00eda Civil con Diploma en Ingenier\u00eda Ambiental\t\t\t\t\t\t\t\t\t\t\t\t\t<\/div>\n\t\t\t\t\t\t<div class=\"sow-accordion-open-close-button\">\n\t\t\t\t\t\t\t<div class=\"sow-accordion-open-button\">\n\t\t\t\t\t\t\t\t<span class=\"sow-icon-ionicons\" data-sow-icon=\"&#xf218;\"\n\t\t \n\t\taria-hidden=\"true\"><\/span>\t\t\t\t\t\t\t<\/div>\n\t\t\t\t\t\t\t<div class=\"sow-accordion-close-button\">\n\t\t\t\t\t\t\t\t<span class=\"sow-icon-ionicons\" data-sow-icon=\"&#xf209;\"\n\t\t \n\t\taria-hidden=\"true\"><\/span>\t\t\t\t\t\t\t<\/div>\n\t\t\t\t\t\t<\/div>\n\t\t\t\t\t<\/div>\n\t\t\t\t<\/div>\n\n\t\t\t<div\n\t\t\t\tclass=\"sow-accordion-panel-content\"\n\t\t\t\trole=\"region\"\n\t\t\t\taria-labelledby=\"accordion-label-ingenier%c3%ada-civil-con-diploma-en-ingenier%c3%ada-ambiental\"\n\t\t\t\tid=\"accordion-content-ingenier%c3%ada-civil-con-diploma-en-ingenier%c3%ada-ambiental\"\n\t\t\t\tstyle=\"display: none;\"\t\t\t>\n\t\t\t\t<div class=\"sow-accordion-panel-border\">\n\t\t\t\t\t<p>La especialidad de Ingenier\u00eda Ambiental complementa la formaci\u00f3n b\u00e1sica de la Ingenier\u00eda Civil en los aspectos relativos al dise\u00f1o y operaci\u00f3n de obras civiles y de infraestructura en general as\u00ed como la evaluaci\u00f3n de los impactos de las nuevas tecnolog\u00edas sobre el medio ambiente y la sociedad.<\/p>\n<p>Los cursos del programa integran diversas disciplinas y est\u00e1n orientados hacia tres \u00e1reas principales: Recursos y Medio Ambiente, Procesos e Ingenier\u00eda de Sistemas.<\/p>\n<p>De esta forma, el Ingeniero Civil especialidad Ambiental, ser\u00e1 capaz de desarrollar soluciones en problemas donde intervienen diversas disciplinas en variadas obras civiles a nivel global y espec\u00edfico. Estar\u00e1 capacitado para participar en la formulaci\u00f3n y evaluaci\u00f3n de programas y proyectos de utilizaci\u00f3n de recursos h\u00eddricos y evaluar el impacto ambiental que ellas producen. Adem\u00e1s podr\u00e1 abordar problemas de planificaci\u00f3n, dise\u00f1o y operaci\u00f3n de procesos de control de la calidad del agua, del aire y del suelo, elaborando soluciones a problemas de contaminaci\u00f3n espec\u00edficos.<\/p>\n\t\t\t\t<\/div>\n\t\t\t<\/div>\n\t\t<\/div>\n\t\t\t<div class=\"sow-accordion-panel\n\t\t\t\t\t\"\n\t\t\t\tdata-anchor-id=\"ingenieria-civil-con-diploma-en-ingenieria-hidraulica\">\n\t\t\t\t\t<div class=\"sow-accordion-panel-header-container\" role=\"heading\" aria-level=\"2\">\n\t\t\t\t\t<div class=\"sow-accordion-panel-header\" tabindex=\"0\" role=\"button\" id=\"accordion-label-ingenier%c3%ada-civil-con-diploma-en-ingenier%c3%ada-hidr%c3%a1ulica\" aria-controls=\"accordion-content-ingenier%c3%ada-civil-con-diploma-en-ingenier%c3%ada-hidr%c3%a1ulica\" aria-expanded=\"false\">\n\t\t\t\t\t\t<div class=\"sow-accordion-title sow-accordion-title-icon-left\">\n\t\t\t\t\t\t\t\t\t\t\t\t\t\tIngenier\u00eda Civil con Diploma en Ingenier\u00eda Hidr\u00e1ulica\t\t\t\t\t\t\t\t\t\t\t\t\t<\/div>\n\t\t\t\t\t\t<div class=\"sow-accordion-open-close-button\">\n\t\t\t\t\t\t\t<div class=\"sow-accordion-open-button\">\n\t\t\t\t\t\t\t\t<span class=\"sow-icon-ionicons\" data-sow-icon=\"&#xf218;\"\n\t\t \n\t\taria-hidden=\"true\"><\/span>\t\t\t\t\t\t\t<\/div>\n\t\t\t\t\t\t\t<div class=\"sow-accordion-close-button\">\n\t\t\t\t\t\t\t\t<span class=\"sow-icon-ionicons\" data-sow-icon=\"&#xf209;\"\n\t\t \n\t\taria-hidden=\"true\"><\/span>\t\t\t\t\t\t\t<\/div>\n\t\t\t\t\t\t<\/div>\n\t\t\t\t\t<\/div>\n\t\t\t\t<\/div>\n\n\t\t\t<div\n\t\t\t\tclass=\"sow-accordion-panel-content\"\n\t\t\t\trole=\"region\"\n\t\t\t\taria-labelledby=\"accordion-label-ingenier%c3%ada-civil-con-diploma-en-ingenier%c3%ada-hidr%c3%a1ulica\"\n\t\t\t\tid=\"accordion-content-ingenier%c3%ada-civil-con-diploma-en-ingenier%c3%ada-hidr%c3%a1ulica\"\n\t\t\t\tstyle=\"display: none;\"\t\t\t>\n\t\t\t\t<div class=\"sow-accordion-panel-border\">\n\t\t\t\t\t<p>La especialidad en Ingenier\u00eda Hidr\u00e1ulica complementa la formaci\u00f3n b\u00e1sica de Ingenier\u00eda civil en aspectos relacionados con la planificaci\u00f3n, dise\u00f1o y operaci\u00f3n de obras hidr\u00e1ulicas y del ambiente. A trav\u00e9s de su especializaci\u00f3n el estudiante se capacita para intervenir en proyectos de abastecimiento urbano e industrial de agua, tratamiento de residuos l\u00edquidos, sistemas de riego e hidroel\u00e9ctricos, obras fluviales y mar\u00edtimas y de impulsi\u00f3n y transporte de fluidos en general. Para ello se incluye un conjunto equilibrado de cursos que abarcan aspectos relativos a recursos hidr\u00e1ulicos, dise\u00f1o de obras e ingenier\u00eda ambiental. La formaci\u00f3n en la especialidad capacita al estudiante de ingenier\u00eda civil para participar en la formulaci\u00f3n y evaluaci\u00f3n de programas y proyectos de utilizaci\u00f3n de recursos h\u00eddricos, y en el dise\u00f1o conceptual y la materializaci\u00f3n de obras considerando tanto los aspectos cuantitativos como de calidad del recurso para diferentes usos.<\/p>\n\t\t\t\t<\/div>\n\t\t\t<\/div>\n\t\t<\/div>\n\t\t\t<div class=\"sow-accordion-panel\n\t\t\t\t\t\"\n\t\t\t\tdata-anchor-id=\"ingenieria-civil-de-industrias-con-diploma-en-ingenieria-ambiental\">\n\t\t\t\t\t<div class=\"sow-accordion-panel-header-container\" role=\"heading\" aria-level=\"2\">\n\t\t\t\t\t<div class=\"sow-accordion-panel-header\" tabindex=\"0\" role=\"button\" id=\"accordion-label-ingenier%c3%ada-civil-de-industrias-con-diploma-en-ingenier%c3%ada-ambiental\" aria-controls=\"accordion-content-ingenier%c3%ada-civil-de-industrias-con-diploma-en-ingenier%c3%ada-ambiental\" aria-expanded=\"false\">\n\t\t\t\t\t\t<div class=\"sow-accordion-title sow-accordion-title-icon-left\">\n\t\t\t\t\t\t\t\t\t\t\t\t\t\tIngenier\u00eda Civil de Industrias con Diploma en Ingenier\u00eda Ambiental\t\t\t\t\t\t\t\t\t\t\t\t\t<\/div>\n\t\t\t\t\t\t<div class=\"sow-accordion-open-close-button\">\n\t\t\t\t\t\t\t<div class=\"sow-accordion-open-button\">\n\t\t\t\t\t\t\t\t<span class=\"sow-icon-ionicons\" data-sow-icon=\"&#xf218;\"\n\t\t \n\t\taria-hidden=\"true\"><\/span>\t\t\t\t\t\t\t<\/div>\n\t\t\t\t\t\t\t<div class=\"sow-accordion-close-button\">\n\t\t\t\t\t\t\t\t<span class=\"sow-icon-ionicons\" data-sow-icon=\"&#xf209;\"\n\t\t \n\t\taria-hidden=\"true\"><\/span>\t\t\t\t\t\t\t<\/div>\n\t\t\t\t\t\t<\/div>\n\t\t\t\t\t<\/div>\n\t\t\t\t<\/div>\n\n\t\t\t<div\n\t\t\t\tclass=\"sow-accordion-panel-content\"\n\t\t\t\trole=\"region\"\n\t\t\t\taria-labelledby=\"accordion-label-ingenier%c3%ada-civil-de-industrias-con-diploma-en-ingenier%c3%ada-ambiental\"\n\t\t\t\tid=\"accordion-content-ingenier%c3%ada-civil-de-industrias-con-diploma-en-ingenier%c3%ada-ambiental\"\n\t\t\t\tstyle=\"display: none;\"\t\t\t>\n\t\t\t\t<div class=\"sow-accordion-panel-border\">\n\t\t\t\t\t<p>El Ingeniero Civil de Industrias con especialidad Ambiental ser\u00e1 capaz de intervenir en el dise\u00f1o, planificaci\u00f3n, operaci\u00f3n y gesti\u00f3n de procesos productivos en distintas industrias, evaluando y abordando problemas ambientales a nivel global y espec\u00edfico. Los cursos del programa est\u00e1n orientados hacia tres \u00e1reas principales: Recursos y Ambiente, Procesos y Gesti\u00f3n y Modelaci\u00f3n Matem\u00e1tica.<\/p>\n<p>Los cursos del \u00e1rea de Ingenier\u00eda Industrial y de Sistemas est\u00e1n orientados a entregar una preparaci\u00f3n del m\u00e1s alto nivel en el \u00e1mbito de la gesti\u00f3n, formando a los alumnos en los fundamentos de investigaci\u00f3n de operaciones, econom\u00eda y administraci\u00f3n.<\/p>\n<p>Los cursos del \u00e1rea de Ingenier\u00eda Ambiental est\u00e1n orientados a formar ingenieros industriales con una s\u00f3lida formaci\u00f3n en las ciencias b\u00e1sicas, principalmente matem\u00e1tica, f\u00edsica, qu\u00edmica y biolog\u00eda, de manera de utilizar creativamente los recursos naturales y de la sociedad para el progreso y bienestar del hombre, sin comprometer el desarrollo de las generaciones futuras.<\/p>\n\t\t\t\t<\/div>\n\t\t\t<\/div>\n\t\t<\/div>\n\t\t\t<div class=\"sow-accordion-panel\n\t\t\t\t\t\"\n\t\t\t\tdata-anchor-id=\"ingenieria-civil-de-industrias-con-diploma-en-ingenieria-hidraulica\">\n\t\t\t\t\t<div class=\"sow-accordion-panel-header-container\" role=\"heading\" aria-level=\"2\">\n\t\t\t\t\t<div class=\"sow-accordion-panel-header\" tabindex=\"0\" role=\"button\" id=\"accordion-label-ingenier%c3%ada-civil-de-industrias-con-diploma-en-ingenier%c3%ada-hidr%c3%a1ulica\" aria-controls=\"accordion-content-ingenier%c3%ada-civil-de-industrias-con-diploma-en-ingenier%c3%ada-hidr%c3%a1ulica\" aria-expanded=\"false\">\n\t\t\t\t\t\t<div class=\"sow-accordion-title sow-accordion-title-icon-left\">\n\t\t\t\t\t\t\t\t\t\t\t\t\t\tIngenier\u00eda Civil de Industrias con Diploma en Ingenier\u00eda Hidr\u00e1ulica\t\t\t\t\t\t\t\t\t\t\t\t\t<\/div>\n\t\t\t\t\t\t<div class=\"sow-accordion-open-close-button\">\n\t\t\t\t\t\t\t<div class=\"sow-accordion-open-button\">\n\t\t\t\t\t\t\t\t<span class=\"sow-icon-ionicons\" data-sow-icon=\"&#xf218;\"\n\t\t \n\t\taria-hidden=\"true\"><\/span>\t\t\t\t\t\t\t<\/div>\n\t\t\t\t\t\t\t<div class=\"sow-accordion-close-button\">\n\t\t\t\t\t\t\t\t<span class=\"sow-icon-ionicons\" data-sow-icon=\"&#xf209;\"\n\t\t \n\t\taria-hidden=\"true\"><\/span>\t\t\t\t\t\t\t<\/div>\n\t\t\t\t\t\t<\/div>\n\t\t\t\t\t<\/div>\n\t\t\t\t<\/div>\n\n\t\t\t<div\n\t\t\t\tclass=\"sow-accordion-panel-content\"\n\t\t\t\trole=\"region\"\n\t\t\t\taria-labelledby=\"accordion-label-ingenier%c3%ada-civil-de-industrias-con-diploma-en-ingenier%c3%ada-hidr%c3%a1ulica\"\n\t\t\t\tid=\"accordion-content-ingenier%c3%ada-civil-de-industrias-con-diploma-en-ingenier%c3%ada-hidr%c3%a1ulica\"\n\t\t\t\tstyle=\"display: none;\"\t\t\t>\n\t\t\t\t<div class=\"sow-accordion-panel-border\">\n\t\t\t\t\t<p>Este programa prepara profesionales capacitados para aplicar modelaci\u00f3n computacional a los problemas de recursos h\u00eddricos, resolver sistemas complejos de gesti\u00f3n de recursos naturales, manejar y proponer soluciones a los conflictos entre los distintos usuarios de los recursos. Este profesional podr\u00e1 desempe\u00f1arse en empresas generadoras de electricidad, organismos p\u00fablicos administradores del recurso h\u00eddrico y del ambiente, oficinas consultoras en ingenier\u00eda, empresas sanitarias, etc.<\/p>\n<p>Los cursos del \u00e1rea de Ingenier\u00eda Industrial y de Sistemas est\u00e1n orientados a entregar una preparaci\u00f3n del m\u00e1s alto nivel en el \u00e1mbito de la gesti\u00f3n, formando a los alumnos en los fundamentos de investigaci\u00f3n de operaciones, econom\u00eda y administraci\u00f3n.<\/p>\n<p>Los cursos del \u00e1rea de Ingenier\u00eda Hidr\u00e1ulica est\u00e1n orientados a preparar un profesional con las herramientas modernas de gesti\u00f3n, administraci\u00f3n y econom\u00eda para abordar los complejos problemas que se presentan en la planificaci\u00f3n, dise\u00f1o y gesti\u00f3n de los sistemas de recursos h\u00eddricos. Integra las disciplinas de la Ingenier\u00eda Civil como la hidrolog\u00eda, la ingenier\u00eda hidr\u00e1ulica y la ingenier\u00eda ambiental con t\u00e9cnicas de gesti\u00f3n, investigaci\u00f3n operacional y econom\u00eda.<\/p>\n<p>M\u00e1s informaci\u00f3n disponible a trav\u00e9s de la Direcci\u00f3n de Pregrado, de la Escuela de Ingenier\u00eda.<\/p>\n\t\t\t\t<\/div>\n\t\t\t<\/div>\n\t\t<\/div>\n\t\t<\/div>\n<\/div>\n<\/div><\/div><\/div><\/div><\/div><\/div>","protected":false},"excerpt":{"rendered":"<p>Titulaci\u00f3n El Departamento de Ingenier\u00eda Hidr\u00e1ulica y Ambiental tiene a su cargo los siguientes diplomas:<\/p>\n","protected":false},"author":4,"featured_media":0,"parent":1245,"menu_order":0,"comment_status":"closed","ping_status":"closed","template":"","meta":{"_acf_changed":false,"site-sidebar-layout":"default","site-content-layout":"","ast-site-content-layout":"default","site-content-style":"default","site-sidebar-style":"default","ast-global-header-display":"","ast-banner-title-visibility":"","ast-main-header-display":"","ast-hfb-above-header-display":"","ast-hfb-below-header-display":"","ast-hfb-mobile-header-display":"","site-post-title":"disabled","ast-breadcrumbs-content":"","ast-featured-img":"","footer-sml-layout":"","ast-disable-related-posts":"","theme-transparent-header-meta":"","adv-header-id-meta":"","stick-header-meta":"","header-above-stick-meta":"","header-main-stick-meta":"","header-below-stick-meta":"","astra-migrate-meta-layouts":"set","ast-page-background-enabled":"default","ast-page-background-meta":{"desktop":{"background-color":"","background-image":"","background-repeat":"repeat","background-position":"center center","background-size":"auto","background-attachment":"scroll","background-type":"","background-media":"","overlay-type":"","overlay-color":"","overlay-opacity":"","overlay-gradient":""},"tablet":{"background-color":"","background-image":"","background-repeat":"repeat","background-position":"center center","background-size":"auto","background-attachment":"scroll","background-type":"","background-media":"","overlay-type":"","overlay-color":"","overlay-opacity":"","overlay-gradient":""},"mobile":{"background-color":"","background-image":"","background-repeat":"repeat","background-position":"center center","background-size":"auto","background-attachment":"scroll","background-type":"","background-media":"","overlay-type":"","overlay-color":"","overlay-opacity":"","overlay-gradient":""}},"ast-content-background-meta":{"desktop":{"background-color":"var(--ast-global-color-5)","background-image":"","background-repeat":"repeat","background-position":"center center","background-size":"auto","background-attachment":"scroll","background-type":"","background-media":"","overlay-type":"","overlay-color":"","overlay-opacity":"","overlay-gradient":""},"tablet":{"background-color":"var(--ast-global-color-5)","background-image":"","background-repeat":"repeat","background-position":"center center","background-size":"auto","background-attachment":"scroll","background-type":"","background-media":"","overlay-type":"","overlay-color":"","overlay-opacity":"","overlay-gradient":""},"mobile":{"background-color":"var(--ast-global-color-5)","background-image":"","background-repeat":"repeat","background-position":"center center","background-size":"auto","background-attachment":"scroll","background-type":"","background-media":"","overlay-type":"","overlay-color":"","overlay-opacity":"","overlay-gradient":""}},"footnotes":""},"class_list":["post-1536","page","type-page","status-publish","hentry"],"acf":[],"yoast_head":"<!-- This site is optimized with the Yoast SEO plugin v27.4 - https:\/\/yoast.com\/product\/yoast-seo-wordpress\/ -->\n<title>Titulaci\u00f3n - Departamento Ingenier\u00eda Hidr\u00e1ulica y Ambiental<\/title>\n<meta name=\"robots\" content=\"index, follow, max-snippet:-1, max-image-preview:large, max-video-preview:-1\" \/>\n<link rel=\"canonical\" href=\"https:\/\/www.ing.uc.cl\/hidraulica-y-ambiental\/progamas\/titulacion\/\" \/>\n<meta property=\"og:locale\" content=\"es_ES\" \/>\n<meta property=\"og:type\" content=\"article\" \/>\n<meta property=\"og:title\" content=\"Titulaci\u00f3n - Departamento Ingenier\u00eda Hidr\u00e1ulica y Ambiental\" \/>\n<meta property=\"og:description\" content=\"Titulaci\u00f3n El Departamento de Ingenier\u00eda Hidr\u00e1ulica y Ambiental tiene a su cargo los siguientes diplomas:\" \/>\n<meta property=\"og:url\" content=\"https:\/\/www.ing.uc.cl\/hidraulica-y-ambiental\/progamas\/titulacion\/\" \/>\n<meta property=\"og:site_name\" content=\"Departamento Ingenier\u00eda Hidr\u00e1ulica y Ambiental\" \/>\n<meta property=\"article:modified_time\" content=\"2026-01-06T13:25:15+00:00\" \/>\n<meta name=\"twitter:card\" content=\"summary_large_image\" \/>\n<meta name=\"twitter:label1\" content=\"Tiempo estimado de lectura\" \/>\n\t<meta name=\"twitter:data1\" content=\"4 minutos\" \/>\n<script type=\"application\/ld+json\" class=\"yoast-schema-graph\">{\"@context\":\"https:\\\/\\\/schema.org\",\"@graph\":[{\"@type\":\"WebPage\",\"@id\":\"https:\\\/\\\/www.ing.uc.cl\\\/hidraulica-y-ambiental\\\/progamas\\\/titulacion\\\/\",\"url\":\"https:\\\/\\\/www.ing.uc.cl\\\/hidraulica-y-ambiental\\\/progamas\\\/titulacion\\\/\",\"name\":\"Titulaci\u00f3n - Departamento Ingenier\u00eda Hidr\u00e1ulica y Ambiental\",\"isPartOf\":{\"@id\":\"https:\\\/\\\/www.ing.uc.cl\\\/hidraulica-y-ambiental\\\/#website\"},\"datePublished\":\"2023-12-27T14:02:52+00:00\",\"dateModified\":\"2026-01-06T13:25:15+00:00\",\"breadcrumb\":{\"@id\":\"https:\\\/\\\/www.ing.uc.cl\\\/hidraulica-y-ambiental\\\/progamas\\\/titulacion\\\/#breadcrumb\"},\"inLanguage\":\"es-CL\",\"potentialAction\":[{\"@type\":\"ReadAction\",\"target\":[\"https:\\\/\\\/www.ing.uc.cl\\\/hidraulica-y-ambiental\\\/progamas\\\/titulacion\\\/\"]}]},{\"@type\":\"BreadcrumbList\",\"@id\":\"https:\\\/\\\/www.ing.uc.cl\\\/hidraulica-y-ambiental\\\/progamas\\\/titulacion\\\/#breadcrumb\",\"itemListElement\":[{\"@type\":\"ListItem\",\"position\":1,\"name\":\"Portada\",\"item\":\"https:\\\/\\\/www.ing.uc.cl\\\/hidraulica-y-ambiental\\\/\"},{\"@type\":\"ListItem\",\"position\":2,\"name\":\"Programas\",\"item\":\"https:\\\/\\\/www.ing.uc.cl\\\/hidraulica-y-ambiental\\\/progamas\\\/\"},{\"@type\":\"ListItem\",\"position\":3,\"name\":\"Titulaci\u00f3n\"}]},{\"@type\":\"WebSite\",\"@id\":\"https:\\\/\\\/www.ing.uc.cl\\\/hidraulica-y-ambiental\\\/#website\",\"url\":\"https:\\\/\\\/www.ing.uc.cl\\\/hidraulica-y-ambiental\\\/\",\"name\":\"Departamento Ingenier\u00eda Hidr\u00e1ulica y Ambiental\",\"description\":\"Escuela de Ingenier\u00eda\",\"publisher\":{\"@id\":\"https:\\\/\\\/www.ing.uc.cl\\\/hidraulica-y-ambiental\\\/#organization\"},\"potentialAction\":[{\"@type\":\"SearchAction\",\"target\":{\"@type\":\"EntryPoint\",\"urlTemplate\":\"https:\\\/\\\/www.ing.uc.cl\\\/hidraulica-y-ambiental\\\/?s={search_term_string}\"},\"query-input\":{\"@type\":\"PropertyValueSpecification\",\"valueRequired\":true,\"valueName\":\"search_term_string\"}}],\"inLanguage\":\"es-CL\"},{\"@type\":\"Organization\",\"@id\":\"https:\\\/\\\/www.ing.uc.cl\\\/hidraulica-y-ambiental\\\/#organization\",\"name\":\"Departamento Ingenier\u00eda Hidr\u00e1ulica y Ambiental\",\"url\":\"https:\\\/\\\/www.ing.uc.cl\\\/hidraulica-y-ambiental\\\/\",\"logo\":{\"@type\":\"ImageObject\",\"inLanguage\":\"es-CL\",\"@id\":\"https:\\\/\\\/www.ing.uc.cl\\\/hidraulica-y-ambiental\\\/#\\\/schema\\\/logo\\\/image\\\/\",\"url\":\"https:\\\/\\\/www.ing.uc.cl\\\/hidraulica-y-ambiental\\\/wp-content\\\/uploads\\\/2025\\\/05\\\/cropped-cropped-Favicon.png\",\"contentUrl\":\"https:\\\/\\\/www.ing.uc.cl\\\/hidraulica-y-ambiental\\\/wp-content\\\/uploads\\\/2025\\\/05\\\/cropped-cropped-Favicon.png\",\"width\":512,\"height\":512,\"caption\":\"Departamento Ingenier\u00eda Hidr\u00e1ulica y Ambiental\"},\"image\":{\"@id\":\"https:\\\/\\\/www.ing.uc.cl\\\/hidraulica-y-ambiental\\\/#\\\/schema\\\/logo\\\/image\\\/\"}}]}<\/script>\n<!-- \/ Yoast SEO plugin. -->","yoast_head_json":{"title":"Titulaci\u00f3n - Departamento Ingenier\u00eda Hidr\u00e1ulica y Ambiental","robots":{"index":"index","follow":"follow","max-snippet":"max-snippet:-1","max-image-preview":"max-image-preview:large","max-video-preview":"max-video-preview:-1"},"canonical":"https:\/\/www.ing.uc.cl\/hidraulica-y-ambiental\/progamas\/titulacion\/","og_locale":"es_ES","og_type":"article","og_title":"Titulaci\u00f3n - Departamento Ingenier\u00eda Hidr\u00e1ulica y Ambiental","og_description":"Titulaci\u00f3n El Departamento de Ingenier\u00eda Hidr\u00e1ulica y Ambiental tiene a su cargo los siguientes diplomas:","og_url":"https:\/\/www.ing.uc.cl\/hidraulica-y-ambiental\/progamas\/titulacion\/","og_site_name":"Departamento Ingenier\u00eda Hidr\u00e1ulica y Ambiental","article_modified_time":"2026-01-06T13:25:15+00:00","twitter_card":"summary_large_image","twitter_misc":{"Tiempo estimado de lectura":"4 minutos"},"schema":{"@context":"https:\/\/schema.org","@graph":[{"@type":"WebPage","@id":"https:\/\/www.ing.uc.cl\/hidraulica-y-ambiental\/progamas\/titulacion\/","url":"https:\/\/www.ing.uc.cl\/hidraulica-y-ambiental\/progamas\/titulacion\/","name":"Titulaci\u00f3n - Departamento Ingenier\u00eda Hidr\u00e1ulica y Ambiental","isPartOf":{"@id":"https:\/\/www.ing.uc.cl\/hidraulica-y-ambiental\/#website"},"datePublished":"2023-12-27T14:02:52+00:00","dateModified":"2026-01-06T13:25:15+00:00","breadcrumb":{"@id":"https:\/\/www.ing.uc.cl\/hidraulica-y-ambiental\/progamas\/titulacion\/#breadcrumb"},"inLanguage":"es-CL","potentialAction":[{"@type":"ReadAction","target":["https:\/\/www.ing.uc.cl\/hidraulica-y-ambiental\/progamas\/titulacion\/"]}]},{"@type":"BreadcrumbList","@id":"https:\/\/www.ing.uc.cl\/hidraulica-y-ambiental\/progamas\/titulacion\/#breadcrumb","itemListElement":[{"@type":"ListItem","position":1,"name":"Portada","item":"https:\/\/www.ing.uc.cl\/hidraulica-y-ambiental\/"},{"@type":"ListItem","position":2,"name":"Programas","item":"https:\/\/www.ing.uc.cl\/hidraulica-y-ambiental\/progamas\/"},{"@type":"ListItem","position":3,"name":"Titulaci\u00f3n"}]},{"@type":"WebSite","@id":"https:\/\/www.ing.uc.cl\/hidraulica-y-ambiental\/#website","url":"https:\/\/www.ing.uc.cl\/hidraulica-y-ambiental\/","name":"Departamento Ingenier\u00eda Hidr\u00e1ulica y Ambiental","description":"Escuela de Ingenier\u00eda","publisher":{"@id":"https:\/\/www.ing.uc.cl\/hidraulica-y-ambiental\/#organization"},"potentialAction":[{"@type":"SearchAction","target":{"@type":"EntryPoint","urlTemplate":"https:\/\/www.ing.uc.cl\/hidraulica-y-ambiental\/?s={search_term_string}"},"query-input":{"@type":"PropertyValueSpecification","valueRequired":true,"valueName":"search_term_string"}}],"inLanguage":"es-CL"},{"@type":"Organization","@id":"https:\/\/www.ing.uc.cl\/hidraulica-y-ambiental\/#organization","name":"Departamento Ingenier\u00eda Hidr\u00e1ulica y Ambiental","url":"https:\/\/www.ing.uc.cl\/hidraulica-y-ambiental\/","logo":{"@type":"ImageObject","inLanguage":"es-CL","@id":"https:\/\/www.ing.uc.cl\/hidraulica-y-ambiental\/#\/schema\/logo\/image\/","url":"https:\/\/www.ing.uc.cl\/hidraulica-y-ambiental\/wp-content\/uploads\/2025\/05\/cropped-cropped-Favicon.png","contentUrl":"https:\/\/www.ing.uc.cl\/hidraulica-y-ambiental\/wp-content\/uploads\/2025\/05\/cropped-cropped-Favicon.png","width":512,"height":512,"caption":"Departamento Ingenier\u00eda Hidr\u00e1ulica y Ambiental"},"image":{"@id":"https:\/\/www.ing.uc.cl\/hidraulica-y-ambiental\/#\/schema\/logo\/image\/"}}]}},"rttpg_featured_image_url":null,"rttpg_author":{"display_name":"Francisco H","author_link":"https:\/\/www.ing.uc.cl\/hidraulica-y-ambiental\/author\/fherreros\/"},"rttpg_comment":0,"rttpg_category":null,"rttpg_excerpt":"Titulaci\u00f3n El Departamento de Ingenier\u00eda Hidr\u00e1ulica y Ambiental tiene a su cargo los siguientes diplomas:","_links":{"self":[{"href":"https:\/\/www.ing.uc.cl\/hidraulica-y-ambiental\/wp-json\/wp\/v2\/pages\/1536","targetHints":{"allow":["GET"]}}],"collection":[{"href":"https:\/\/www.ing.uc.cl\/hidraulica-y-ambiental\/wp-json\/wp\/v2\/pages"}],"about":[{"href":"https:\/\/www.ing.uc.cl\/hidraulica-y-ambiental\/wp-json\/wp\/v2\/types\/page"}],"author":[{"embeddable":true,"href":"https:\/\/www.ing.uc.cl\/hidraulica-y-ambiental\/wp-json\/wp\/v2\/users\/4"}],"replies":[{"embeddable":true,"href":"https:\/\/www.ing.uc.cl\/hidraulica-y-ambiental\/wp-json\/wp\/v2\/comments?post=1536"}],"version-history":[{"count":1,"href":"https:\/\/www.ing.uc.cl\/hidraulica-y-ambiental\/wp-json\/wp\/v2\/pages\/1536\/revisions"}],"predecessor-version":[{"id":2457,"href":"https:\/\/www.ing.uc.cl\/hidraulica-y-ambiental\/wp-json\/wp\/v2\/pages\/1536\/revisions\/2457"}],"up":[{"embeddable":true,"href":"https:\/\/www.ing.uc.cl\/hidraulica-y-ambiental\/wp-json\/wp\/v2\/pages\/1245"}],"wp:attachment":[{"href":"https:\/\/www.ing.uc.cl\/hidraulica-y-ambiental\/wp-json\/wp\/v2\/media?parent=1536"}],"curies":[{"name":"wp","href":"https:\/\/api.w.org\/{rel}","templated":true}]}}