{"id":227,"date":"2020-04-09T02:35:54","date_gmt":"2020-04-09T05:35:54","guid":{"rendered":"https:\/\/www.ing.uc.cl\/hidraulica-y-ambiental\/?page_id=227"},"modified":"2025-06-12T13:07:33","modified_gmt":"2025-06-12T16:07:33","slug":"contacto","status":"publish","type":"page","link":"https:\/\/www.ing.uc.cl\/hidraulica-y-ambiental\/contacto\/","title":{"rendered":"Contacto"},"content":{"rendered":"<div id=\"pl-gb227-69f5252324ab0\"  class=\"panel-layout wp-block-siteorigin-panels-layout-block panel-layout\" ><div id=\"pg-gb227-69f5252324ab0-0\"  class=\"panel-grid panel-no-style\" ><div id=\"pgc-gb227-69f5252324ab0-0-0\"  class=\"panel-grid-cell\" ><div id=\"panel-gb227-69f5252324ab0-0-0-0\" class=\"so-panel widget widget_sow-editor panel-first-child panel-last-child\" data-index=\"0\" ><div class=\"uc-title panel-widget-style panel-widget-style-for-gb227-69f5252324ab0-0-0-0\" ><div\n\t\t\t\n\t\t\tclass=\"so-widget-sow-editor so-widget-sow-editor-base\"\n\t\t\t\n\t\t>\n<div class=\"siteorigin-widget-tinymce textwidget\">\n\t<p>Contacto<\/p>\n<\/div>\n<\/div><\/div><\/div><\/div><\/div><div id=\"pg-gb227-69f5252324ab0-1\"  class=\"panel-grid panel-no-style\" ><div id=\"pgc-gb227-69f5252324ab0-1-0\"  class=\"panel-grid-cell\" ><div id=\"panel-gb227-69f5252324ab0-1-0-0\" class=\"so-panel widget widget_text panel-first-child panel-last-child\" data-index=\"1\" >\t\t\t<div class=\"textwidget\"><div class=\"forminator-ui forminator-custom-form forminator-custom-form-1664 forminator-design--material  forminator_ajax\" data-forminator-render=\"0\" data-form=\"forminator-module-1664\" data-uid=\"69f5252325243\"><br\/><\/div><form\n\t\t\t\tid=\"forminator-module-1664\"\n\t\t\t\tclass=\"forminator-ui forminator-custom-form forminator-custom-form-1664 forminator-design--material  forminator_ajax\"\n\t\t\t\tmethod=\"post\"\n\t\t\t\tdata-forminator-render=\"0\"\n\t\t\t\tdata-form-id=\"1664\"\n\t\t\t\t data-color-option=\"default\" data-design=\"material\" data-grid=\"open\" style=\"display: none;\"\n\t\t\t\tdata-uid=\"69f5252325243\"\n\t\t\t><div role=\"alert\" aria-live=\"polite\" class=\"forminator-response-message forminator-error\" aria-hidden=\"true\"><\/div><div class=\"forminator-row\"><div id=\"name-1\" class=\"forminator-field-name forminator-col forminator-col-12 \"><div class=\"forminator-field\"><label for=\"forminator-field-name-1_69f5252325243\" id=\"forminator-field-name-1_69f5252325243-label\" class=\"forminator-label\">Nombre <span class=\"forminator-required\">*<\/span><\/label><input type=\"text\" name=\"name-1\" value=\"\" placeholder=\"Ej: Juan\" id=\"forminator-field-name-1_69f5252325243\" class=\"forminator-input forminator-name--field\" aria-required=\"true\" autocomplete=\"name\" \/><\/div><\/div><\/div><div class=\"forminator-row\"><div id=\"email-1\" class=\"forminator-field-email forminator-col forminator-col-12 \"><div class=\"forminator-field\"><label for=\"forminator-field-email-1_69f5252325243\" id=\"forminator-field-email-1_69f5252325243-label\" class=\"forminator-label\">Email <span class=\"forminator-required\">*<\/span><\/label><input type=\"email\" name=\"email-1\" value=\"\" placeholder=\"Ej:. juan@uc.cl\" id=\"forminator-field-email-1_69f5252325243\" class=\"forminator-input forminator-email--field\" data-required=\"true\" aria-required=\"true\" autocomplete=\"email\" \/><\/div><\/div><\/div><div class=\"forminator-row\"><div id=\"phone-1\" class=\"forminator-field-phone forminator-col forminator-col-12 \"><div class=\"forminator-field\"><label for=\"forminator-field-phone-1_69f5252325243\" id=\"forminator-field-phone-1_69f5252325243-label\" class=\"forminator-label\">N\u00famero de tel\u00e9fono<\/label><input type=\"text\" name=\"phone-1\" value=\"\" placeholder=\"Ej: +569 1111 2222\" id=\"forminator-field-phone-1_69f5252325243\" class=\"forminator-input forminator-field--phone\" data-required=\"\" aria-required=\"false\" autocomplete=\"off\" \/><\/div><\/div><\/div><div class=\"forminator-row\"><div id=\"textarea-1\" class=\"forminator-field-textarea forminator-col forminator-col-12 \"><div class=\"forminator-field\"><label for=\"forminator-field-textarea-1_69f5252325243\" id=\"forminator-field-textarea-1_69f5252325243-label\" class=\"forminator-label\">Mensaje<\/label><textarea name=\"textarea-1\" placeholder=\"Escriba su mensaje...\" id=\"forminator-field-textarea-1_69f5252325243\" class=\"forminator-textarea\" rows=\"6\" style=\"--forminator-textarea-min-height:140px;\" maxlength=\"180\" ><\/textarea><span id=\"forminator-field-textarea-1_69f5252325243-description\" class=\"forminator-description\"><span data-limit=\"180\" data-type=\"characters\" data-editor=\"\">0 \/ 180<\/span><\/span><\/div><\/div><\/div><input type=\"hidden\" name=\"referer_url\" value=\"\" \/><div class=\"forminator-row forminator-row-last\"><div class=\"forminator-col\"><div class=\"forminator-field\"><button class=\"forminator-button forminator-button-submit\"><span>Send Message<\/span><span aria-hidden=\"true\"><\/span><\/button><\/div><\/div><\/div><input type=\"hidden\" id=\"forminator_nonce\" name=\"forminator_nonce\" value=\"eba87eba20\" \/><input type=\"hidden\" name=\"_wp_http_referer\" value=\"\/hidraulica-y-ambiental\/wp-json\/wp\/v2\/pages\/227\" \/><input type=\"hidden\" name=\"form_id\" value=\"1664\"><input type=\"hidden\" name=\"page_id\" value=\"0\"><input type=\"hidden\" name=\"form_type\" value=\"default\"><input type=\"hidden\" name=\"current_url\" value=\"\"><input type=\"hidden\" name=\"render_id\" value=\"0\"><input type=\"hidden\" name=\"action\" value=\"forminator_submit_form_custom-forms\"><\/form>\n<\/div>\n\t\t<\/div><\/div><div id=\"pgc-gb227-69f5252324ab0-1-1\"  class=\"panel-grid-cell\" ><div id=\"panel-gb227-69f5252324ab0-1-1-0\" class=\"widget_text so-panel widget widget_custom_html panel-first-child panel-last-child\" data-index=\"2\" ><div class=\"textwidget custom-html-widget\"><div class=\"uc-contact-sidebar uc-card\">\n\t<div class=\"uc-card_body\">\n\t\t<h6>INFORMACI\u00d3N<\/h6>\n\t\t<hr>\n\t\t<p>Maria Ines Rojas Perez<\/p>\n\t\t<p class=\"subtitle\">\n\t\t\t<i class=\"uc-icon icon-color--gray icon-size--sm\">phone<\/i>\n\t\t\tTELEFONO\n\t\t<\/p>\n\t\t<p class=\"text\">\n\t\t\t(+56) 9 5504 4219\n\t\t<\/p>\n\t\t<p class=\"subtitle\">\n\t\t\t<i class=\"uc-icon icon-color--gray icon-size--sm\">email<\/i>\n\t\t\tCORREO\n\t\t<\/p>\n\t\t<p class=\"text\">\n\t\t\t<a href=\"mailto:mrojasp@uc.cl\">mrojasp@uc.cl<\/a>\n\t\t<\/p>\n\t\n\t\t<p class=\"subtitle\">\n\t\t\t<i class=\"uc-icon icon-color--gray icon-size--sm\">alternate_email<\/i>\n\t\t\tSITIO WEB\n\t\t<\/p>\n\t\t<p class=\"text\">\n\t\t\t<a href=\"https:\/\/www.ing.uc.cl\/hidraulica-y-ambiental\/\">https:\/\/www.ing.uc.cl\/hidraulica-y-ambiental\/<\/a>\n\t\t<\/p>\n\t\t<p class=\"subtitle\">\n\t\t\t<i class=\"uc-icon icon-color--gray icon-size--sm\">place<\/i>\n\t\t\tDIRECCI\u00d3N\n\t\t<\/p>\n\t\t<p class=\"text\">\n\t\t\tAv. Vicu\u00f1a Mackenna 4860, Macul, Santiago\n\t\t<\/p>\n\t<\/div>\n<\/div><\/div><\/div><\/div><\/div><div id=\"pg-gb227-69f5252324ab0-2\"  class=\"panel-grid panel-no-style\" ><div id=\"pgc-gb227-69f5252324ab0-2-0\"  class=\"panel-grid-cell\" ><div id=\"panel-gb227-69f5252324ab0-2-0-0\" class=\"so-panel widget widget_sow-editor panel-first-child panel-last-child\" data-index=\"3\" ><div class=\"uc-title panel-widget-style panel-widget-style-for-gb227-69f5252324ab0-2-0-0\" ><div\n\t\t\t\n\t\t\tclass=\"so-widget-sow-editor so-widget-sow-editor-base\"\n\t\t\t\n\t\t>\n<div class=\"siteorigin-widget-tinymce textwidget\">\n\t<p>Ubicaci\u00f3n<\/p>\n<\/div>\n<\/div><\/div><\/div><\/div><\/div><div id=\"pg-gb227-69f5252324ab0-3\"  class=\"panel-grid panel-no-style\" ><div id=\"pgc-gb227-69f5252324ab0-3-0\"  class=\"panel-grid-cell\" ><div id=\"panel-gb227-69f5252324ab0-3-0-0\" class=\"widget_text so-panel widget widget_custom_html panel-first-child panel-last-child\" data-index=\"4\" ><div class=\"textwidget custom-html-widget\"><iframe src=\"https:\/\/www.google.com\/maps\/embed?pb=!1m18!1m12!1m3!1d3327.085925223333!2d-70.61710508426359!3d-33.49914150739995!2m3!1f0!2f0!3f0!3m2!1i1024!2i768!4f13.1!3m3!1m2!1s0x9662d00eab4e9d4d%3A0x420f55d3226bf853!2sPontificia%20Universidad%20Cat%C3%B3lica%20de%20Chile%20-%20Campus%20San%20Joaqu%C3%ADn!5e0!3m2!1ses-419!2scl!4v1587234064681!5m2!1ses-419!2scl\" width=\"1200\" height=\"450\" frameborder=\"0\" style=\"border:0;\" allowfullscreen=\"\" aria-hidden=\"false\" tabindex=\"0\"><\/iframe><\/div><\/div><\/div><\/div><\/div>","protected":false},"excerpt":{"rendered":"<p>Contacto<\/p>\n","protected":false},"author":4,"featured_media":0,"parent":0,"menu_order":0,"comment_status":"closed","ping_status":"closed","template":"","meta":{"_acf_changed":false,"site-sidebar-layout":"default","site-content-layout":"default","ast-site-content-layout":"default","site-content-style":"default","site-sidebar-style":"default","ast-global-header-display":"","ast-banner-title-visibility":"","ast-main-header-display":"","ast-hfb-above-header-display":"","ast-hfb-below-header-display":"","ast-hfb-mobile-header-display":"","site-post-title":"disabled","ast-breadcrumbs-content":"","ast-featured-img":"disabled","footer-sml-layout":"","ast-disable-related-posts":"","theme-transparent-header-meta":"default","adv-header-id-meta":"","stick-header-meta":"","header-above-stick-meta":"","header-main-stick-meta":"","header-below-stick-meta":"","astra-migrate-meta-layouts":"set","ast-page-background-enabled":"default","ast-page-background-meta":{"desktop":{"background-color":"","background-image":"","background-repeat":"repeat","background-position":"center center","background-size":"auto","background-attachment":"scroll","background-type":"","background-media":"","overlay-type":"","overlay-color":"","overlay-opacity":"","overlay-gradient":""},"tablet":{"background-color":"","background-image":"","background-repeat":"repeat","background-position":"center center","background-size":"auto","background-attachment":"scroll","background-type":"","background-media":"","overlay-type":"","overlay-color":"","overlay-opacity":"","overlay-gradient":""},"mobile":{"background-color":"","background-image":"","background-repeat":"repeat","background-position":"center center","background-size":"auto","background-attachment":"scroll","background-type":"","background-media":"","overlay-type":"","overlay-color":"","overlay-opacity":"","overlay-gradient":""}},"ast-content-background-meta":{"desktop":{"background-color":"var(--ast-global-color-5)","background-image":"","background-repeat":"repeat","background-position":"center center","background-size":"auto","background-attachment":"scroll","background-type":"","background-media":"","overlay-type":"","overlay-color":"","overlay-opacity":"","overlay-gradient":""},"tablet":{"background-color":"var(--ast-global-color-5)","background-image":"","background-repeat":"repeat","background-position":"center center","background-size":"auto","background-attachment":"scroll","background-type":"","background-media":"","overlay-type":"","overlay-color":"","overlay-opacity":"","overlay-gradient":""},"mobile":{"background-color":"var(--ast-global-color-5)","background-image":"","background-repeat":"repeat","background-position":"center center","background-size":"auto","background-attachment":"scroll","background-type":"","background-media":"","overlay-type":"","overlay-color":"","overlay-opacity":"","overlay-gradient":""}},"footnotes":""},"class_list":["post-227","page","type-page","status-publish","hentry"],"acf":[],"yoast_head":"<!-- This site is optimized with the Yoast SEO plugin v27.5 - https:\/\/yoast.com\/product\/yoast-seo-wordpress\/ -->\n<title>Contacto - Departamento Ingenier\u00eda Hidr\u00e1ulica y Ambiental<\/title>\n<meta name=\"robots\" content=\"index, follow, max-snippet:-1, max-image-preview:large, max-video-preview:-1\" \/>\n<link rel=\"canonical\" href=\"https:\/\/www.ing.uc.cl\/hidraulica-y-ambiental\/contacto\/\" \/>\n<meta property=\"og:locale\" content=\"es_ES\" \/>\n<meta property=\"og:type\" content=\"article\" \/>\n<meta property=\"og:title\" content=\"Contacto - Departamento Ingenier\u00eda Hidr\u00e1ulica y Ambiental\" \/>\n<meta property=\"og:description\" content=\"Contacto\" \/>\n<meta property=\"og:url\" content=\"https:\/\/www.ing.uc.cl\/hidraulica-y-ambiental\/contacto\/\" \/>\n<meta property=\"og:site_name\" content=\"Departamento Ingenier\u00eda Hidr\u00e1ulica y Ambiental\" \/>\n<meta property=\"article:modified_time\" content=\"2025-06-12T16:07:33+00:00\" \/>\n<meta name=\"twitter:card\" content=\"summary_large_image\" \/>\n<script type=\"application\/ld+json\" class=\"yoast-schema-graph\">{\"@context\":\"https:\\\/\\\/schema.org\",\"@graph\":[{\"@type\":\"WebPage\",\"@id\":\"https:\\\/\\\/www.ing.uc.cl\\\/hidraulica-y-ambiental\\\/contacto\\\/\",\"url\":\"https:\\\/\\\/www.ing.uc.cl\\\/hidraulica-y-ambiental\\\/contacto\\\/\",\"name\":\"Contacto - Departamento Ingenier\u00eda Hidr\u00e1ulica y Ambiental\",\"isPartOf\":{\"@id\":\"https:\\\/\\\/www.ing.uc.cl\\\/hidraulica-y-ambiental\\\/#website\"},\"datePublished\":\"2020-04-09T05:35:54+00:00\",\"dateModified\":\"2025-06-12T16:07:33+00:00\",\"breadcrumb\":{\"@id\":\"https:\\\/\\\/www.ing.uc.cl\\\/hidraulica-y-ambiental\\\/contacto\\\/#breadcrumb\"},\"inLanguage\":\"es-CL\",\"potentialAction\":[{\"@type\":\"ReadAction\",\"target\":[\"https:\\\/\\\/www.ing.uc.cl\\\/hidraulica-y-ambiental\\\/contacto\\\/\"]}]},{\"@type\":\"BreadcrumbList\",\"@id\":\"https:\\\/\\\/www.ing.uc.cl\\\/hidraulica-y-ambiental\\\/contacto\\\/#breadcrumb\",\"itemListElement\":[{\"@type\":\"ListItem\",\"position\":1,\"name\":\"Portada\",\"item\":\"https:\\\/\\\/www.ing.uc.cl\\\/hidraulica-y-ambiental\\\/\"},{\"@type\":\"ListItem\",\"position\":2,\"name\":\"Contacto\"}]},{\"@type\":\"WebSite\",\"@id\":\"https:\\\/\\\/www.ing.uc.cl\\\/hidraulica-y-ambiental\\\/#website\",\"url\":\"https:\\\/\\\/www.ing.uc.cl\\\/hidraulica-y-ambiental\\\/\",\"name\":\"Departamento Ingenier\u00eda Hidr\u00e1ulica y Ambiental\",\"description\":\"Escuela de Ingenier\u00eda\",\"publisher\":{\"@id\":\"https:\\\/\\\/www.ing.uc.cl\\\/hidraulica-y-ambiental\\\/#organization\"},\"potentialAction\":[{\"@type\":\"SearchAction\",\"target\":{\"@type\":\"EntryPoint\",\"urlTemplate\":\"https:\\\/\\\/www.ing.uc.cl\\\/hidraulica-y-ambiental\\\/?s={search_term_string}\"},\"query-input\":{\"@type\":\"PropertyValueSpecification\",\"valueRequired\":true,\"valueName\":\"search_term_string\"}}],\"inLanguage\":\"es-CL\"},{\"@type\":\"Organization\",\"@id\":\"https:\\\/\\\/www.ing.uc.cl\\\/hidraulica-y-ambiental\\\/#organization\",\"name\":\"Departamento Ingenier\u00eda Hidr\u00e1ulica y Ambiental\",\"url\":\"https:\\\/\\\/www.ing.uc.cl\\\/hidraulica-y-ambiental\\\/\",\"logo\":{\"@type\":\"ImageObject\",\"inLanguage\":\"es-CL\",\"@id\":\"https:\\\/\\\/www.ing.uc.cl\\\/hidraulica-y-ambiental\\\/#\\\/schema\\\/logo\\\/image\\\/\",\"url\":\"https:\\\/\\\/www.ing.uc.cl\\\/hidraulica-y-ambiental\\\/wp-content\\\/uploads\\\/2025\\\/05\\\/cropped-cropped-Favicon.png\",\"contentUrl\":\"https:\\\/\\\/www.ing.uc.cl\\\/hidraulica-y-ambiental\\\/wp-content\\\/uploads\\\/2025\\\/05\\\/cropped-cropped-Favicon.png\",\"width\":512,\"height\":512,\"caption\":\"Departamento Ingenier\u00eda Hidr\u00e1ulica y Ambiental\"},\"image\":{\"@id\":\"https:\\\/\\\/www.ing.uc.cl\\\/hidraulica-y-ambiental\\\/#\\\/schema\\\/logo\\\/image\\\/\"}}]}<\/script>\n<!-- \/ Yoast SEO plugin. -->","yoast_head_json":{"title":"Contacto - Departamento Ingenier\u00eda Hidr\u00e1ulica y Ambiental","robots":{"index":"index","follow":"follow","max-snippet":"max-snippet:-1","max-image-preview":"max-image-preview:large","max-video-preview":"max-video-preview:-1"},"canonical":"https:\/\/www.ing.uc.cl\/hidraulica-y-ambiental\/contacto\/","og_locale":"es_ES","og_type":"article","og_title":"Contacto - Departamento Ingenier\u00eda Hidr\u00e1ulica y Ambiental","og_description":"Contacto","og_url":"https:\/\/www.ing.uc.cl\/hidraulica-y-ambiental\/contacto\/","og_site_name":"Departamento Ingenier\u00eda Hidr\u00e1ulica y Ambiental","article_modified_time":"2025-06-12T16:07:33+00:00","twitter_card":"summary_large_image","schema":{"@context":"https:\/\/schema.org","@graph":[{"@type":"WebPage","@id":"https:\/\/www.ing.uc.cl\/hidraulica-y-ambiental\/contacto\/","url":"https:\/\/www.ing.uc.cl\/hidraulica-y-ambiental\/contacto\/","name":"Contacto - Departamento Ingenier\u00eda Hidr\u00e1ulica y Ambiental","isPartOf":{"@id":"https:\/\/www.ing.uc.cl\/hidraulica-y-ambiental\/#website"},"datePublished":"2020-04-09T05:35:54+00:00","dateModified":"2025-06-12T16:07:33+00:00","breadcrumb":{"@id":"https:\/\/www.ing.uc.cl\/hidraulica-y-ambiental\/contacto\/#breadcrumb"},"inLanguage":"es-CL","potentialAction":[{"@type":"ReadAction","target":["https:\/\/www.ing.uc.cl\/hidraulica-y-ambiental\/contacto\/"]}]},{"@type":"BreadcrumbList","@id":"https:\/\/www.ing.uc.cl\/hidraulica-y-ambiental\/contacto\/#breadcrumb","itemListElement":[{"@type":"ListItem","position":1,"name":"Portada","item":"https:\/\/www.ing.uc.cl\/hidraulica-y-ambiental\/"},{"@type":"ListItem","position":2,"name":"Contacto"}]},{"@type":"WebSite","@id":"https:\/\/www.ing.uc.cl\/hidraulica-y-ambiental\/#website","url":"https:\/\/www.ing.uc.cl\/hidraulica-y-ambiental\/","name":"Departamento Ingenier\u00eda Hidr\u00e1ulica y Ambiental","description":"Escuela de Ingenier\u00eda","publisher":{"@id":"https:\/\/www.ing.uc.cl\/hidraulica-y-ambiental\/#organization"},"potentialAction":[{"@type":"SearchAction","target":{"@type":"EntryPoint","urlTemplate":"https:\/\/www.ing.uc.cl\/hidraulica-y-ambiental\/?s={search_term_string}"},"query-input":{"@type":"PropertyValueSpecification","valueRequired":true,"valueName":"search_term_string"}}],"inLanguage":"es-CL"},{"@type":"Organization","@id":"https:\/\/www.ing.uc.cl\/hidraulica-y-ambiental\/#organization","name":"Departamento Ingenier\u00eda Hidr\u00e1ulica y Ambiental","url":"https:\/\/www.ing.uc.cl\/hidraulica-y-ambiental\/","logo":{"@type":"ImageObject","inLanguage":"es-CL","@id":"https:\/\/www.ing.uc.cl\/hidraulica-y-ambiental\/#\/schema\/logo\/image\/","url":"https:\/\/www.ing.uc.cl\/hidraulica-y-ambiental\/wp-content\/uploads\/2025\/05\/cropped-cropped-Favicon.png","contentUrl":"https:\/\/www.ing.uc.cl\/hidraulica-y-ambiental\/wp-content\/uploads\/2025\/05\/cropped-cropped-Favicon.png","width":512,"height":512,"caption":"Departamento Ingenier\u00eda Hidr\u00e1ulica y Ambiental"},"image":{"@id":"https:\/\/www.ing.uc.cl\/hidraulica-y-ambiental\/#\/schema\/logo\/image\/"}}]}},"rttpg_featured_image_url":null,"rttpg_author":{"display_name":"Francisco H","author_link":"https:\/\/www.ing.uc.cl\/hidraulica-y-ambiental\/author\/fherreros\/"},"rttpg_comment":0,"rttpg_category":null,"rttpg_excerpt":"Contacto","_links":{"self":[{"href":"https:\/\/www.ing.uc.cl\/hidraulica-y-ambiental\/wp-json\/wp\/v2\/pages\/227","targetHints":{"allow":["GET"]}}],"collection":[{"href":"https:\/\/www.ing.uc.cl\/hidraulica-y-ambiental\/wp-json\/wp\/v2\/pages"}],"about":[{"href":"https:\/\/www.ing.uc.cl\/hidraulica-y-ambiental\/wp-json\/wp\/v2\/types\/page"}],"author":[{"embeddable":true,"href":"https:\/\/www.ing.uc.cl\/hidraulica-y-ambiental\/wp-json\/wp\/v2\/users\/4"}],"replies":[{"embeddable":true,"href":"https:\/\/www.ing.uc.cl\/hidraulica-y-ambiental\/wp-json\/wp\/v2\/comments?post=227"}],"version-history":[{"count":1,"href":"https:\/\/www.ing.uc.cl\/hidraulica-y-ambiental\/wp-json\/wp\/v2\/pages\/227\/revisions"}],"predecessor-version":[{"id":2123,"href":"https:\/\/www.ing.uc.cl\/hidraulica-y-ambiental\/wp-json\/wp\/v2\/pages\/227\/revisions\/2123"}],"wp:attachment":[{"href":"https:\/\/www.ing.uc.cl\/hidraulica-y-ambiental\/wp-json\/wp\/v2\/media?parent=227"}],"curies":[{"name":"wp","href":"https:\/\/api.w.org\/{rel}","templated":true}]}}