{"id":1582,"date":"2025-04-11T10:22:35","date_gmt":"2025-04-11T13:22:35","guid":{"rendered":"https:\/\/www.ing.uc.cl\/industrial-y-sistemas\/?page_id=1582"},"modified":"2025-05-26T11:17:51","modified_gmt":"2025-05-26T14:17:51","slug":"educacion-continua","status":"publish","type":"page","link":"https:\/\/www.ing.uc.cl\/industrial-y-sistemas\/programas-de-estudio\/educacion-continua\/","title":{"rendered":"Educaci\u00f3n Continua"},"content":{"rendered":"<div id=\"pl-1582\"  class=\"panel-layout\" ><div id=\"pg-1582-0\"  class=\"panel-grid panel-no-style\" ><div id=\"pgc-1582-0-0\"  class=\"panel-grid-cell\" ><div id=\"panel-1582-0-0-0\" class=\"so-panel widget widget_sow-editor panel-first-child panel-last-child\" data-index=\"0\" ><div\n\t\t\t\n\t\t\tclass=\"so-widget-sow-editor so-widget-sow-editor-base\"\n\t\t\t\n\t\t>\n<div class=\"siteorigin-widget-tinymce textwidget\">\n\t<h3 style=\"text-align: justify;\">Educaci\u00f3n Continua<\/h3>\n<p style=\"text-align: justify;\">El Departamento de Ingenier\u00eda Industrial y de Sistemas (DIIS) ofrece, desde el a\u00f1o 2002, diversos Programas de Diplomados de perfeccionamiento profesional a trav\u00e9s de la modalidad de Clase Ejecutiva UC.<\/p>\n<p style=\"text-align: justify;\">Esta iniciativa impulsada por el DIIS junto al diario El Mercurio, fue creada en 1998 con el fin de entregar conocimientos, habilidades y herramientas, con el sello diferenciador de la UC, para contribuir a la modernizaci\u00f3n del pa\u00eds y al desarrollo profesional. En forma anual cuenta con aproximadamente 30.000 alumnos, siendo una parte importante de ellos profesionales de regiones.<\/p>\n<p style=\"text-align: justify;\">El modelo implementado por el DIIS para su oferta de diplomados y cursos de educaci\u00f3n continua online, est\u00e1 basado en actividades sincr\u00f3nicas y de estructura estandarizada, adem\u00e1s de una oferta de programas diversos e interdisciplinarios, que est\u00e1n destinados a profesionales de diferentes industrias, con foco en la gesti\u00f3n de los procesos organizacionales.<\/p>\n<p style=\"text-align: justify;\">Estos diplomados constan de cuatro cursos. Cada uno con una duraci\u00f3n de dos meses y con flexibilidad en el manejo de los tiempos de estudio de los participantes. Son autocontenidos en sus objetivos, y por lo tanto independientes entre s\u00ed, y se imparten en distintos bimestres del a\u00f1o, lo que permite el ingreso de los estudiantes en diferentes per\u00edodos. Esta flexibilidad en el ingreso se complementa con la impartici\u00f3n de talleres de habilidades anal\u00edticas que disminuyen el tiempo de espera entre la inscripci\u00f3n de los estudiantes y el comienzo de sus clases.<\/p>\n<p style=\"text-align: justify;\">Dichos cursos se despliegan en la plataforma de aprendizaje LMS Moodle, que da acceso a los diversos contenidos y la realizaci\u00f3n de actividades de evaluaci\u00f3n. Adem\u00e1s de facilitar la interacci\u00f3n entre estudiantes, ayudantes y docentes.<\/p>\n<p style=\"text-align: justify;\">Para mayor informaci\u00f3n dirigirse al siguiente\u00a0<a href=\"https:\/\/ingenieriaindustrial.ing.uc.cl\/\" target=\"_blank\" rel=\"noopener\">link<\/a><\/p>\n<\/div>\n<\/div><\/div><\/div><\/div><\/div>","protected":false},"excerpt":{"rendered":"<p>Educaci\u00f3n Continua El Departamento de Ingenier\u00eda Industrial y de Sistemas (DIIS) ofrece, desde el a\u00f1o 2002, diversos Programas de Diplomados de perfeccionamiento profesional a trav\u00e9s de la modalidad de Clase Ejecutiva UC. Esta iniciativa impulsada por el DIIS junto al diario El Mercurio, fue creada en 1998 con el fin de entregar conocimientos, habilidades y herramientas, con el sello diferenciador de la UC, para contribuir a la modernizaci\u00f3n del pa\u00eds y al desarrollo profesional. En forma anual cuenta con aproximadamente 30.000 alumnos, siendo una parte importante de ellos profesionales de regiones. El modelo implementado por el DIIS para su oferta de diplomados y cursos de educaci\u00f3n continua online, est\u00e1 basado en actividades sincr\u00f3nicas y de estructura estandarizada, adem\u00e1s de una oferta de programas diversos e interdisciplinarios, que est\u00e1n destinados a profesionales de diferentes industrias, con foco en la gesti\u00f3n de los procesos organizacionales. Estos diplomados constan de cuatro cursos. Cada uno con una duraci\u00f3n de dos meses y con flexibilidad en el manejo de los tiempos de estudio de los participantes. Son autocontenidos en sus objetivos, y por lo tanto independientes entre s\u00ed, y se imparten en distintos bimestres del a\u00f1o, lo que permite el ingreso de los estudiantes en diferentes per\u00edodos. Esta flexibilidad en el ingreso se complementa con la impartici\u00f3n de talleres de habilidades anal\u00edticas que disminuyen el tiempo de espera entre la inscripci\u00f3n de los estudiantes y el comienzo de sus clases. Dichos cursos se despliegan en la plataforma de aprendizaje LMS Moodle, que da acceso a los diversos contenidos y la realizaci\u00f3n de actividades de evaluaci\u00f3n. Adem\u00e1s de facilitar la interacci\u00f3n entre estudiantes, ayudantes y docentes. Para mayor informaci\u00f3n dirigirse al siguiente\u00a0link<\/p>\n","protected":false},"author":5,"featured_media":0,"parent":1568,"menu_order":0,"comment_status":"closed","ping_status":"closed","template":"","meta":{"site-sidebar-layout":"no-sidebar","site-content-layout":"page-builder","ast-site-content-layout":"normal-width-container","site-content-style":"default","site-sidebar-style":"default","ast-global-header-display":"","ast-banner-title-visibility":"","ast-main-header-display":"","ast-hfb-above-header-display":"","ast-hfb-below-header-display":"","ast-hfb-mobile-header-display":"","site-post-title":"disabled","ast-breadcrumbs-content":"","ast-featured-img":"disabled","footer-sml-layout":"","ast-disable-related-posts":"","theme-transparent-header-meta":"default","adv-header-id-meta":"","stick-header-meta":"","header-above-stick-meta":"","header-main-stick-meta":"","header-below-stick-meta":"","astra-migrate-meta-layouts":"set","ast-page-background-enabled":"default","ast-page-background-meta":{"desktop":{"background-color":"","background-image":"","background-repeat":"repeat","background-position":"center center","background-size":"auto","background-attachment":"scroll","background-type":"","background-media":"","overlay-type":"","overlay-color":"","overlay-opacity":"","overlay-gradient":""},"tablet":{"background-color":"","background-image":"","background-repeat":"repeat","background-position":"center center","background-size":"auto","background-attachment":"scroll","background-type":"","background-media":"","overlay-type":"","overlay-color":"","overlay-opacity":"","overlay-gradient":""},"mobile":{"background-color":"","background-image":"","background-repeat":"repeat","background-position":"center center","background-size":"auto","background-attachment":"scroll","background-type":"","background-media":"","overlay-type":"","overlay-color":"","overlay-opacity":"","overlay-gradient":""}},"ast-content-background-meta":{"desktop":{"background-color":"var(--ast-global-color-5)","background-image":"","background-repeat":"repeat","background-position":"center center","background-size":"auto","background-attachment":"scroll","background-type":"","background-media":"","overlay-type":"","overlay-color":"","overlay-opacity":"","overlay-gradient":""},"tablet":{"background-color":"var(--ast-global-color-5)","background-image":"","background-repeat":"repeat","background-position":"center center","background-size":"auto","background-attachment":"scroll","background-type":"","background-media":"","overlay-type":"","overlay-color":"","overlay-opacity":"","overlay-gradient":""},"mobile":{"background-color":"var(--ast-global-color-5)","background-image":"","background-repeat":"repeat","background-position":"center center","background-size":"auto","background-attachment":"scroll","background-type":"","background-media":"","overlay-type":"","overlay-color":"","overlay-opacity":"","overlay-gradient":""}},"footnotes":""},"class_list":["post-1582","page","type-page","status-publish","hentry"],"yoast_head":"<!-- This site is optimized with the Yoast SEO plugin v26.9 - https:\/\/yoast.com\/product\/yoast-seo-wordpress\/ -->\n<title>Educaci\u00f3n Continua - Departamento de Ingenier\u00eda Industrial y de Sistemas<\/title>\n<meta name=\"robots\" content=\"index, follow, max-snippet:-1, max-image-preview:large, max-video-preview:-1\" \/>\n<link rel=\"canonical\" href=\"https:\/\/www.ing.uc.cl\/industrial-y-sistemas\/programas-de-estudio\/educacion-continua\/\" \/>\n<meta property=\"og:locale\" content=\"es_ES\" \/>\n<meta property=\"og:type\" content=\"article\" \/>\n<meta property=\"og:title\" content=\"Educaci\u00f3n Continua - Departamento de Ingenier\u00eda Industrial y de Sistemas\" \/>\n<meta property=\"og:description\" content=\"Educaci\u00f3n Continua El Departamento de Ingenier\u00eda Industrial y de Sistemas (DIIS) ofrece, desde el a\u00f1o 2002, diversos Programas de Diplomados de perfeccionamiento profesional a trav\u00e9s de la modalidad de Clase Ejecutiva UC. Esta iniciativa impulsada por el DIIS junto al diario El Mercurio, fue creada en 1998 con el fin de entregar conocimientos, habilidades y herramientas, con el sello diferenciador de la UC, para contribuir a la modernizaci\u00f3n del pa\u00eds y al desarrollo profesional. En forma anual cuenta con aproximadamente 30.000 alumnos, siendo una parte importante de ellos profesionales de regiones. El modelo implementado por el DIIS para su oferta de diplomados y cursos de educaci\u00f3n continua online, est\u00e1 basado en actividades sincr\u00f3nicas y de estructura estandarizada, adem\u00e1s de una oferta de programas diversos e interdisciplinarios, que est\u00e1n destinados a profesionales de diferentes industrias, con foco en la gesti\u00f3n de los procesos organizacionales. Estos diplomados constan de cuatro cursos. Cada uno con una duraci\u00f3n de dos meses y con flexibilidad en el manejo de los tiempos de estudio de los participantes. Son autocontenidos en sus objetivos, y por lo tanto independientes entre s\u00ed, y se imparten en distintos bimestres del a\u00f1o, lo que permite el ingreso de los estudiantes en diferentes per\u00edodos. Esta flexibilidad en el ingreso se complementa con la impartici\u00f3n de talleres de habilidades anal\u00edticas que disminuyen el tiempo de espera entre la inscripci\u00f3n de los estudiantes y el comienzo de sus clases. Dichos cursos se despliegan en la plataforma de aprendizaje LMS Moodle, que da acceso a los diversos contenidos y la realizaci\u00f3n de actividades de evaluaci\u00f3n. Adem\u00e1s de facilitar la interacci\u00f3n entre estudiantes, ayudantes y docentes. Para mayor informaci\u00f3n dirigirse al siguiente\u00a0link\" \/>\n<meta property=\"og:url\" content=\"https:\/\/www.ing.uc.cl\/industrial-y-sistemas\/programas-de-estudio\/educacion-continua\/\" \/>\n<meta property=\"og:site_name\" content=\"Departamento de Ingenier\u00eda Industrial y de Sistemas\" \/>\n<meta property=\"article:modified_time\" content=\"2025-05-26T14:17:51+00:00\" \/>\n<meta name=\"twitter:card\" content=\"summary_large_image\" \/>\n<meta name=\"twitter:label1\" content=\"Tiempo estimado de lectura\" \/>\n\t<meta name=\"twitter:data1\" content=\"2 minutos\" \/>\n<script type=\"application\/ld+json\" class=\"yoast-schema-graph\">{\"@context\":\"https:\/\/schema.org\",\"@graph\":[{\"@type\":\"WebPage\",\"@id\":\"https:\/\/www.ing.uc.cl\/industrial-y-sistemas\/programas-de-estudio\/educacion-continua\/\",\"url\":\"https:\/\/www.ing.uc.cl\/industrial-y-sistemas\/programas-de-estudio\/educacion-continua\/\",\"name\":\"Educaci\u00f3n Continua - Departamento de Ingenier\u00eda Industrial y de Sistemas\",\"isPartOf\":{\"@id\":\"https:\/\/www.ing.uc.cl\/industrial-y-sistemas\/#website\"},\"datePublished\":\"2025-04-11T13:22:35+00:00\",\"dateModified\":\"2025-05-26T14:17:51+00:00\",\"breadcrumb\":{\"@id\":\"https:\/\/www.ing.uc.cl\/industrial-y-sistemas\/programas-de-estudio\/educacion-continua\/#breadcrumb\"},\"inLanguage\":\"es-CL\",\"potentialAction\":[{\"@type\":\"ReadAction\",\"target\":[\"https:\/\/www.ing.uc.cl\/industrial-y-sistemas\/programas-de-estudio\/educacion-continua\/\"]}]},{\"@type\":\"BreadcrumbList\",\"@id\":\"https:\/\/www.ing.uc.cl\/industrial-y-sistemas\/programas-de-estudio\/educacion-continua\/#breadcrumb\",\"itemListElement\":[{\"@type\":\"ListItem\",\"position\":1,\"name\":\"Portada\",\"item\":\"https:\/\/www.ing.uc.cl\/industrial-y-sistemas\/\"},{\"@type\":\"ListItem\",\"position\":2,\"name\":\"Programas de Estudio\",\"item\":\"https:\/\/www.ing.uc.cl\/industrial-y-sistemas\/programas-de-estudio\/\"},{\"@type\":\"ListItem\",\"position\":3,\"name\":\"Educaci\u00f3n Continua\"}]},{\"@type\":\"WebSite\",\"@id\":\"https:\/\/www.ing.uc.cl\/industrial-y-sistemas\/#website\",\"url\":\"https:\/\/www.ing.uc.cl\/industrial-y-sistemas\/\",\"name\":\"Departamento de Ingenier\u00eda Industrial y de Sistemas\",\"description\":\"Escuela de Ingenier\u00eda\",\"publisher\":{\"@id\":\"https:\/\/www.ing.uc.cl\/industrial-y-sistemas\/#organization\"},\"potentialAction\":[{\"@type\":\"SearchAction\",\"target\":{\"@type\":\"EntryPoint\",\"urlTemplate\":\"https:\/\/www.ing.uc.cl\/industrial-y-sistemas\/?s={search_term_string}\"},\"query-input\":{\"@type\":\"PropertyValueSpecification\",\"valueRequired\":true,\"valueName\":\"search_term_string\"}}],\"inLanguage\":\"es-CL\"},{\"@type\":\"Organization\",\"@id\":\"https:\/\/www.ing.uc.cl\/industrial-y-sistemas\/#organization\",\"name\":\"Departamento de Ingenier\u00eda Industrial y de Sistemas\",\"url\":\"https:\/\/www.ing.uc.cl\/industrial-y-sistemas\/\",\"logo\":{\"@type\":\"ImageObject\",\"inLanguage\":\"es-CL\",\"@id\":\"https:\/\/www.ing.uc.cl\/industrial-y-sistemas\/#\/schema\/logo\/image\/\",\"url\":\"https:\/\/www.ing.uc.cl\/industrial-y-sistemas\/wp-content\/uploads\/2023\/11\/cropped-UC-P2727-01.png\",\"contentUrl\":\"https:\/\/www.ing.uc.cl\/industrial-y-sistemas\/wp-content\/uploads\/2023\/11\/cropped-UC-P2727-01.png\",\"width\":307,\"height\":414,\"caption\":\"Departamento de Ingenier\u00eda Industrial y de Sistemas\"},\"image\":{\"@id\":\"https:\/\/www.ing.uc.cl\/industrial-y-sistemas\/#\/schema\/logo\/image\/\"}}]}<\/script>\n<!-- \/ Yoast SEO plugin. -->","yoast_head_json":{"title":"Educaci\u00f3n Continua - Departamento de Ingenier\u00eda Industrial y de Sistemas","robots":{"index":"index","follow":"follow","max-snippet":"max-snippet:-1","max-image-preview":"max-image-preview:large","max-video-preview":"max-video-preview:-1"},"canonical":"https:\/\/www.ing.uc.cl\/industrial-y-sistemas\/programas-de-estudio\/educacion-continua\/","og_locale":"es_ES","og_type":"article","og_title":"Educaci\u00f3n Continua - Departamento de Ingenier\u00eda Industrial y de Sistemas","og_description":"Educaci\u00f3n Continua El Departamento de Ingenier\u00eda Industrial y de Sistemas (DIIS) ofrece, desde el a\u00f1o 2002, diversos Programas de Diplomados de perfeccionamiento profesional a trav\u00e9s de la modalidad de Clase Ejecutiva UC. Esta iniciativa impulsada por el DIIS junto al diario El Mercurio, fue creada en 1998 con el fin de entregar conocimientos, habilidades y herramientas, con el sello diferenciador de la UC, para contribuir a la modernizaci\u00f3n del pa\u00eds y al desarrollo profesional. En forma anual cuenta con aproximadamente 30.000 alumnos, siendo una parte importante de ellos profesionales de regiones. El modelo implementado por el DIIS para su oferta de diplomados y cursos de educaci\u00f3n continua online, est\u00e1 basado en actividades sincr\u00f3nicas y de estructura estandarizada, adem\u00e1s de una oferta de programas diversos e interdisciplinarios, que est\u00e1n destinados a profesionales de diferentes industrias, con foco en la gesti\u00f3n de los procesos organizacionales. Estos diplomados constan de cuatro cursos. Cada uno con una duraci\u00f3n de dos meses y con flexibilidad en el manejo de los tiempos de estudio de los participantes. Son autocontenidos en sus objetivos, y por lo tanto independientes entre s\u00ed, y se imparten en distintos bimestres del a\u00f1o, lo que permite el ingreso de los estudiantes en diferentes per\u00edodos. Esta flexibilidad en el ingreso se complementa con la impartici\u00f3n de talleres de habilidades anal\u00edticas que disminuyen el tiempo de espera entre la inscripci\u00f3n de los estudiantes y el comienzo de sus clases. Dichos cursos se despliegan en la plataforma de aprendizaje LMS Moodle, que da acceso a los diversos contenidos y la realizaci\u00f3n de actividades de evaluaci\u00f3n. Adem\u00e1s de facilitar la interacci\u00f3n entre estudiantes, ayudantes y docentes. Para mayor informaci\u00f3n dirigirse al siguiente\u00a0link","og_url":"https:\/\/www.ing.uc.cl\/industrial-y-sistemas\/programas-de-estudio\/educacion-continua\/","og_site_name":"Departamento de Ingenier\u00eda Industrial y de Sistemas","article_modified_time":"2025-05-26T14:17:51+00:00","twitter_card":"summary_large_image","twitter_misc":{"Tiempo estimado de lectura":"2 minutos"},"schema":{"@context":"https:\/\/schema.org","@graph":[{"@type":"WebPage","@id":"https:\/\/www.ing.uc.cl\/industrial-y-sistemas\/programas-de-estudio\/educacion-continua\/","url":"https:\/\/www.ing.uc.cl\/industrial-y-sistemas\/programas-de-estudio\/educacion-continua\/","name":"Educaci\u00f3n Continua - Departamento de Ingenier\u00eda Industrial y de Sistemas","isPartOf":{"@id":"https:\/\/www.ing.uc.cl\/industrial-y-sistemas\/#website"},"datePublished":"2025-04-11T13:22:35+00:00","dateModified":"2025-05-26T14:17:51+00:00","breadcrumb":{"@id":"https:\/\/www.ing.uc.cl\/industrial-y-sistemas\/programas-de-estudio\/educacion-continua\/#breadcrumb"},"inLanguage":"es-CL","potentialAction":[{"@type":"ReadAction","target":["https:\/\/www.ing.uc.cl\/industrial-y-sistemas\/programas-de-estudio\/educacion-continua\/"]}]},{"@type":"BreadcrumbList","@id":"https:\/\/www.ing.uc.cl\/industrial-y-sistemas\/programas-de-estudio\/educacion-continua\/#breadcrumb","itemListElement":[{"@type":"ListItem","position":1,"name":"Portada","item":"https:\/\/www.ing.uc.cl\/industrial-y-sistemas\/"},{"@type":"ListItem","position":2,"name":"Programas de Estudio","item":"https:\/\/www.ing.uc.cl\/industrial-y-sistemas\/programas-de-estudio\/"},{"@type":"ListItem","position":3,"name":"Educaci\u00f3n Continua"}]},{"@type":"WebSite","@id":"https:\/\/www.ing.uc.cl\/industrial-y-sistemas\/#website","url":"https:\/\/www.ing.uc.cl\/industrial-y-sistemas\/","name":"Departamento de Ingenier\u00eda Industrial y de Sistemas","description":"Escuela de Ingenier\u00eda","publisher":{"@id":"https:\/\/www.ing.uc.cl\/industrial-y-sistemas\/#organization"},"potentialAction":[{"@type":"SearchAction","target":{"@type":"EntryPoint","urlTemplate":"https:\/\/www.ing.uc.cl\/industrial-y-sistemas\/?s={search_term_string}"},"query-input":{"@type":"PropertyValueSpecification","valueRequired":true,"valueName":"search_term_string"}}],"inLanguage":"es-CL"},{"@type":"Organization","@id":"https:\/\/www.ing.uc.cl\/industrial-y-sistemas\/#organization","name":"Departamento de Ingenier\u00eda Industrial y de Sistemas","url":"https:\/\/www.ing.uc.cl\/industrial-y-sistemas\/","logo":{"@type":"ImageObject","inLanguage":"es-CL","@id":"https:\/\/www.ing.uc.cl\/industrial-y-sistemas\/#\/schema\/logo\/image\/","url":"https:\/\/www.ing.uc.cl\/industrial-y-sistemas\/wp-content\/uploads\/2023\/11\/cropped-UC-P2727-01.png","contentUrl":"https:\/\/www.ing.uc.cl\/industrial-y-sistemas\/wp-content\/uploads\/2023\/11\/cropped-UC-P2727-01.png","width":307,"height":414,"caption":"Departamento de Ingenier\u00eda Industrial y de Sistemas"},"image":{"@id":"https:\/\/www.ing.uc.cl\/industrial-y-sistemas\/#\/schema\/logo\/image\/"}}]}},"rttpg_featured_image_url":null,"rttpg_author":{"display_name":"Pipe Aliaga","author_link":"https:\/\/www.ing.uc.cl\/industrial-y-sistemas\/author\/fealiaga\/"},"rttpg_comment":0,"rttpg_category":null,"rttpg_excerpt":"Educaci\u00f3n Continua El Departamento de Ingenier\u00eda Industrial y de Sistemas (DIIS) ofrece, desde el a\u00f1o 2002, diversos Programas de Diplomados de perfeccionamiento profesional a trav\u00e9s de la modalidad de Clase Ejecutiva UC. Esta iniciativa impulsada por el DIIS junto al diario El Mercurio, fue creada en 1998 con el fin de entregar conocimientos, habilidades y&hellip;","_links":{"self":[{"href":"https:\/\/www.ing.uc.cl\/industrial-y-sistemas\/wp-json\/wp\/v2\/pages\/1582","targetHints":{"allow":["GET"]}}],"collection":[{"href":"https:\/\/www.ing.uc.cl\/industrial-y-sistemas\/wp-json\/wp\/v2\/pages"}],"about":[{"href":"https:\/\/www.ing.uc.cl\/industrial-y-sistemas\/wp-json\/wp\/v2\/types\/page"}],"author":[{"embeddable":true,"href":"https:\/\/www.ing.uc.cl\/industrial-y-sistemas\/wp-json\/wp\/v2\/users\/5"}],"replies":[{"embeddable":true,"href":"https:\/\/www.ing.uc.cl\/industrial-y-sistemas\/wp-json\/wp\/v2\/comments?post=1582"}],"version-history":[{"count":7,"href":"https:\/\/www.ing.uc.cl\/industrial-y-sistemas\/wp-json\/wp\/v2\/pages\/1582\/revisions"}],"predecessor-version":[{"id":355445,"href":"https:\/\/www.ing.uc.cl\/industrial-y-sistemas\/wp-json\/wp\/v2\/pages\/1582\/revisions\/355445"}],"up":[{"embeddable":true,"href":"https:\/\/www.ing.uc.cl\/industrial-y-sistemas\/wp-json\/wp\/v2\/pages\/1568"}],"wp:attachment":[{"href":"https:\/\/www.ing.uc.cl\/industrial-y-sistemas\/wp-json\/wp\/v2\/media?parent=1582"}],"curies":[{"name":"wp","href":"https:\/\/api.w.org\/{rel}","templated":true}]}}