{"id":173,"date":"2021-04-08T16:16:25","date_gmt":"2021-04-08T19:16:25","guid":{"rendered":"https:\/\/www.ing.uc.cl\/ingenieria-y-gestion-construccion\/?page_id=173"},"modified":"2023-07-31T16:11:03","modified_gmt":"2023-07-31T19:11:03","slug":"infraestructura","status":"publish","type":"page","link":"https:\/\/www.ing.uc.cl\/ingenieria-y-gestion-construccion\/departamento\/infraestructura\/","title":{"rendered":"Infraestructura"},"content":{"rendered":"\t\t<div data-elementor-type=\"wp-page\" data-elementor-id=\"173\" class=\"elementor elementor-173\">\n\t\t\t\t\t\t<section class=\"elementor-section elementor-inner-section elementor-element elementor-element-7757bc96 elementor-section-boxed elementor-section-height-default elementor-section-height-default wpr-particle-no wpr-jarallax-no wpr-parallax-no wpr-sticky-section-no wpr-equal-height-no\" data-id=\"7757bc96\" data-element_type=\"section\" data-e-type=\"section\">\n\t\t\t\t\t\t<div class=\"elementor-container elementor-column-gap-wider\">\n\t\t\t\t\t<div class=\"elementor-column elementor-col-100 elementor-inner-column elementor-element elementor-element-2ae2f143\" data-id=\"2ae2f143\" data-element_type=\"column\" data-e-type=\"column\">\n\t\t\t<div class=\"elementor-widget-wrap elementor-element-populated\">\n\t\t\t\t\t\t<div class=\"elementor-element elementor-element-4d230fa2 elementor-widget elementor-widget-heading\" data-id=\"4d230fa2\" data-element_type=\"widget\" data-e-type=\"widget\" data-widget_type=\"heading.default\">\n\t\t\t\t<div class=\"elementor-widget-container\">\n\t\t\t\t\t<h2 class=\"elementor-heading-title elementor-size-default\">Laboratorio Docente\n<\/h2>\t\t\t\t<\/div>\n\t\t\t\t<\/div>\n\t\t\t\t<div class=\"elementor-element elementor-element-762765e elementor-widget-divider--view-line elementor-widget elementor-widget-divider\" data-id=\"762765e\" data-element_type=\"widget\" data-e-type=\"widget\" data-widget_type=\"divider.default\">\n\t\t\t\t<div class=\"elementor-widget-container\">\n\t\t\t\t\t\t\t<div class=\"elementor-divider\">\n\t\t\t<span class=\"elementor-divider-separator\">\n\t\t\t\t\t\t<\/span>\n\t\t<\/div>\n\t\t\t\t\t\t<\/div>\n\t\t\t\t<\/div>\n\t\t\t\t<div class=\"elementor-element elementor-element-2a07cf84 elementor-widget elementor-widget-text-editor\" data-id=\"2a07cf84\" data-element_type=\"widget\" data-e-type=\"widget\" data-widget_type=\"text-editor.default\">\n\t\t\t\t<div class=\"elementor-widget-container\">\n\t\t\t\t\t\t\t\t\t<p>Nuestro Laboratorio se encuentra ubicado en el s\u00f3calo del edificio San Agust\u00edn, cuenta con 270 m<sup>2<\/sup>\u00a0que alberga a dos laboratorios.<br \/>El principal objetivo de este lugar es la docencia, este cuenta con equipamiento de alta tecnolog\u00eda al servicio de los alumnos del departamento con el fin de reforzar la ense\u00f1anza experimental, desarrollar las habilidades pr\u00e1cticas.<\/p><p><strong>Horario de atenci\u00f3n:<\/strong><br \/>De 09:00 a 18:00 horas.<\/p><p><strong>Jefe de Laboratorio\u00a0<\/strong><br \/>Eduardo Valencia<br \/>mail: <a>eduardo.valencia@uc.cl<\/a><\/p>\t\t\t\t\t\t\t\t<\/div>\n\t\t\t\t<\/div>\n\t\t\t\t<div class=\"elementor-element elementor-element-8949e23 elementor-widget elementor-widget-html\" data-id=\"8949e23\" data-element_type=\"widget\" data-e-type=\"widget\" data-widget_type=\"html.default\">\n\t\t\t\t<div class=\"elementor-widget-container\">\n\t\t\t\t\t<iframe src=\"https:\/\/www.google.com\/maps\/embed?pb=!1m14!1m8!1m3!1d13308.371466339138!2d-70.6151541!3d-33.4989609!3m2!1i1024!2i768!4f13.1!3m3!1m2!1s0x9662d00eaf014473%3A0x941e4dc5a24c9fc1!2sEdificio%20San%20Agust%C3%ADn!5e0!3m2!1ses!2scl!4v1690817263188!5m2!1ses!2scl\" width=\"600\" height=\"450\" style=\"border:0;\" allowfullscreen=\"\" loading=\"lazy\" referrerpolicy=\"no-referrer-when-downgrade\"><\/iframe>\t\t\t\t<\/div>\n\t\t\t\t<\/div>\n\t\t\t\t\t<\/div>\n\t\t<\/div>\n\t\t\t\t\t<\/div>\n\t\t<\/section>\n\t\t\t\t<section class=\"elementor-section elementor-inner-section elementor-element elementor-element-733fda0 elementor-section-boxed elementor-section-height-default elementor-section-height-default wpr-particle-no wpr-jarallax-no wpr-parallax-no wpr-sticky-section-no wpr-equal-height-no\" data-id=\"733fda0\" data-element_type=\"section\" data-e-type=\"section\">\n\t\t\t\t\t\t<div class=\"elementor-container elementor-column-gap-wider\">\n\t\t\t\t\t<div class=\"elementor-column elementor-col-100 elementor-inner-column elementor-element elementor-element-dab6385\" data-id=\"dab6385\" data-element_type=\"column\" data-e-type=\"column\">\n\t\t\t<div class=\"elementor-widget-wrap elementor-element-populated\">\n\t\t\t\t\t\t<div class=\"elementor-element elementor-element-9615591 elementor-widget elementor-widget-heading\" data-id=\"9615591\" data-element_type=\"widget\" data-e-type=\"widget\" data-widget_type=\"heading.default\">\n\t\t\t\t<div class=\"elementor-widget-container\">\n\t\t\t\t\t<h2 class=\"elementor-heading-title elementor-size-default\">Biblioteca<\/h2>\t\t\t\t<\/div>\n\t\t\t\t<\/div>\n\t\t\t\t<div class=\"elementor-element elementor-element-810f01a elementor-widget-divider--view-line elementor-widget elementor-widget-divider\" data-id=\"810f01a\" data-element_type=\"widget\" data-e-type=\"widget\" data-widget_type=\"divider.default\">\n\t\t\t\t<div class=\"elementor-widget-container\">\n\t\t\t\t\t\t\t<div class=\"elementor-divider\">\n\t\t\t<span class=\"elementor-divider-separator\">\n\t\t\t\t\t\t<\/span>\n\t\t<\/div>\n\t\t\t\t\t\t<\/div>\n\t\t\t\t<\/div>\n\t\t\t\t<div class=\"elementor-element elementor-element-c58d8ad elementor-widget elementor-widget-image\" data-id=\"c58d8ad\" data-element_type=\"widget\" data-e-type=\"widget\" data-widget_type=\"image.default\">\n\t\t\t\t<div class=\"elementor-widget-container\">\n\t\t\t\t\t\t\t\t\t\t\t\t\t\t\t<img fetchpriority=\"high\" decoding=\"async\" width=\"1080\" height=\"380\" src=\"https:\/\/www.ing.uc.cl\/ingenieria-y-gestion-construccion\/wp-content\/uploads\/2023\/01\/IMG_8213-1080x380.jpg\" class=\"attachment-vantage-thumbnail-no-sidebar size-vantage-thumbnail-no-sidebar wp-image-1778\" alt=\"\" \/>\t\t\t\t\t\t\t\t\t\t\t\t\t\t\t<\/div>\n\t\t\t\t<\/div>\n\t\t\t\t<div class=\"elementor-element elementor-element-18b66a1 elementor-widget elementor-widget-text-editor\" data-id=\"18b66a1\" data-element_type=\"widget\" data-e-type=\"widget\" data-widget_type=\"text-editor.default\">\n\t\t\t\t<div class=\"elementor-widget-container\">\n\t\t\t\t\t\t\t\t\t<p>La Biblioteca del Departamento de Ingenier\u00eda y Gesti\u00f3n de la Construcci\u00f3n, cuenta con una colecci\u00f3n de libros y revistas cuyo principal objetivo es apoyar a acad\u00e9micos, investigadores y estudiantes de pre y post grado del departamento y de la Universidad en general, el desarrollo del aprendizaje y de investigaciones atendiendo sus necesidades de informaci\u00f3n.<\/p><p><strong>Horario de Atenci\u00f3n de P\u00fablico:<\/strong><br \/>Lunes a Jueves de 9:00 a 13:00 hrs<br \/>P\u00fablico en general y estudiantes externos: S\u00f3lo pr\u00e9stamo en sala o PIB (pr\u00e9stamo interbibliotecario).<\/p><p><strong>Contacto e informaciones:<\/strong><br \/>Bibliotecaria: Mar\u00eda M. Troncoso N. | Direcci\u00f3n: Av. Vicu\u00f1a Mackenna 4860, Edificio San Agust\u00edn Piso 3. | Fono: 2 354 7034 | E-mail:\u00a0<a>mary@uc.cl<\/a><\/p>\t\t\t\t\t\t\t\t<\/div>\n\t\t\t\t<\/div>\n\t\t\t\t\t<\/div>\n\t\t<\/div>\n\t\t\t\t\t<\/div>\n\t\t<\/section>\n\t\t\t\t<section class=\"elementor-section elementor-inner-section elementor-element elementor-element-62dd215 elementor-section-boxed elementor-section-height-default elementor-section-height-default wpr-particle-no wpr-jarallax-no wpr-parallax-no wpr-sticky-section-no wpr-equal-height-no\" data-id=\"62dd215\" data-element_type=\"section\" data-e-type=\"section\">\n\t\t\t\t\t\t<div class=\"elementor-container elementor-column-gap-wider\">\n\t\t\t\t\t<div class=\"elementor-column elementor-col-100 elementor-inner-column elementor-element elementor-element-2380172\" data-id=\"2380172\" data-element_type=\"column\" data-e-type=\"column\">\n\t\t\t<div class=\"elementor-widget-wrap elementor-element-populated\">\n\t\t\t\t\t\t<div class=\"elementor-element elementor-element-ca55174 elementor-widget elementor-widget-heading\" data-id=\"ca55174\" data-element_type=\"widget\" data-e-type=\"widget\" data-widget_type=\"heading.default\">\n\t\t\t\t<div class=\"elementor-widget-container\">\n\t\t\t\t\t<h2 class=\"elementor-heading-title elementor-size-default\">Laboratorios de Investigaci\u00f3n\n<\/h2>\t\t\t\t<\/div>\n\t\t\t\t<\/div>\n\t\t\t\t<div class=\"elementor-element elementor-element-744b85e elementor-widget-divider--view-line elementor-widget elementor-widget-divider\" data-id=\"744b85e\" data-element_type=\"widget\" data-e-type=\"widget\" data-widget_type=\"divider.default\">\n\t\t\t\t<div class=\"elementor-widget-container\">\n\t\t\t\t\t\t\t<div class=\"elementor-divider\">\n\t\t\t<span class=\"elementor-divider-separator\">\n\t\t\t\t\t\t<\/span>\n\t\t<\/div>\n\t\t\t\t\t\t<\/div>\n\t\t\t\t<\/div>\n\t\t\t\t<div class=\"elementor-element elementor-element-4903201 elementor-widget elementor-widget-image\" data-id=\"4903201\" data-element_type=\"widget\" data-e-type=\"widget\" data-widget_type=\"image.default\">\n\t\t\t\t<div class=\"elementor-widget-container\">\n\t\t\t\t\t\t\t\t\t\t\t\t\t\t\t<img decoding=\"async\" width=\"1080\" height=\"380\" src=\"https:\/\/www.ing.uc.cl\/ingenieria-y-gestion-construccion\/wp-content\/uploads\/2023\/01\/lab-solar-1080x380.jpg\" class=\"attachment-vantage-thumbnail-no-sidebar size-vantage-thumbnail-no-sidebar wp-image-1779\" alt=\"\" \/>\t\t\t\t\t\t\t\t\t\t\t\t\t\t\t<\/div>\n\t\t\t\t<\/div>\n\t\t\t\t<div class=\"elementor-element elementor-element-81f9347 elementor-widget elementor-widget-text-editor\" data-id=\"81f9347\" data-element_type=\"widget\" data-e-type=\"widget\" data-widget_type=\"text-editor.default\">\n\t\t\t\t<div class=\"elementor-widget-container\">\n\t\t\t\t\t\t\t\t\t<p><strong>Laboratorio Solar y Lum\u00ednico de Sistemas de Protecci\u00f3n Solar Complejos<\/strong><\/p>\n<p>El laboratorio permite estimar la transmisi\u00f3n de ganancias solares y transmisi\u00f3n lum\u00ednica a trav\u00e9s de fachadas complejas (vidrio con un sistema de protecci\u00f3n solar) y comparar el desempe\u00f1o respecto a una fachada vidriada sin protecci\u00f3n. Para ello, el laboratorio cuenta con 2 m\u00f3dulos independientes, uno de los cuales se utiliza como patr\u00f3n de comparaci\u00f3n. Los m\u00f3dulos pueden ser girados hacia diferentes direcciones para el an\u00e1lisis de sistemas en distintas orientaciones. Adem\u00e1s el laboratorio permite evaluar el consumo energ\u00e9tico del m\u00f3dulo usando dicha fachada.<\/p>\t\t\t\t\t\t\t\t<\/div>\n\t\t\t\t<\/div>\n\t\t\t\t<div class=\"elementor-element elementor-element-9470328 elementor-widget elementor-widget-image\" data-id=\"9470328\" data-element_type=\"widget\" data-e-type=\"widget\" data-widget_type=\"image.default\">\n\t\t\t\t<div class=\"elementor-widget-container\">\n\t\t\t\t\t\t\t\t\t\t\t\t\t\t\t<img decoding=\"async\" width=\"1080\" height=\"380\" src=\"https:\/\/www.ing.uc.cl\/ingenieria-y-gestion-construccion\/wp-content\/uploads\/2023\/01\/live-1080x380.jpg\" class=\"attachment-vantage-thumbnail-no-sidebar size-vantage-thumbnail-no-sidebar wp-image-1780\" alt=\"\" \/>\t\t\t\t\t\t\t\t\t\t\t\t\t\t\t<\/div>\n\t\t\t\t<\/div>\n\t\t\t\t<div class=\"elementor-element elementor-element-1920022 elementor-widget elementor-widget-text-editor\" data-id=\"1920022\" data-element_type=\"widget\" data-e-type=\"widget\" data-widget_type=\"text-editor.default\">\n\t\t\t\t<div class=\"elementor-widget-container\">\n\t\t\t\t\t\t\t\t\t<p><strong>LIVE Laboratorio de Infraestructura Vegetal<\/strong><\/p>\nEl laboratorio de infraestructura vegetal en edificios (LIVE) es una estructura conformada por un muro vegetal y cuatro plataformas para evaluar el impacto de los techos vegetales a trav\u00e9s la instalaci\u00f3n de distintas soluciones constructivas en cada uno de ellos. Es posible variar par\u00e1metros tales como tipo de drenaje, impermeabilizaci\u00f3n, tipo de planta, cobertura de la planta, espesor del sustrato, etc.\t\t\t\t\t\t\t\t<\/div>\n\t\t\t\t<\/div>\n\t\t\t\t\t<\/div>\n\t\t<\/div>\n\t\t\t\t\t<\/div>\n\t\t<\/section>\n\t\t\t\t<section class=\"elementor-section elementor-top-section elementor-element elementor-element-39390b2 elementor-section-boxed elementor-section-height-default elementor-section-height-default wpr-particle-no wpr-jarallax-no wpr-parallax-no wpr-sticky-section-no wpr-equal-height-no\" data-id=\"39390b2\" data-element_type=\"section\" data-e-type=\"section\">\n\t\t\t\t\t\t<div class=\"elementor-container elementor-column-gap-default\">\n\t\t\t\t\t<div class=\"elementor-column elementor-col-100 elementor-top-column elementor-element elementor-element-ef190bf\" data-id=\"ef190bf\" data-element_type=\"column\" data-e-type=\"column\">\n\t\t\t<div class=\"elementor-widget-wrap elementor-element-populated\">\n\t\t\t\t\t\t<div class=\"elementor-element elementor-element-b8a7c0e elementor-widget elementor-widget-spacer\" data-id=\"b8a7c0e\" data-element_type=\"widget\" data-e-type=\"widget\" data-widget_type=\"spacer.default\">\n\t\t\t\t<div class=\"elementor-widget-container\">\n\t\t\t\t\t\t\t<div class=\"elementor-spacer\">\n\t\t\t<div class=\"elementor-spacer-inner\"><\/div>\n\t\t<\/div>\n\t\t\t\t\t\t<\/div>\n\t\t\t\t<\/div>\n\t\t\t\t\t<\/div>\n\t\t<\/div>\n\t\t\t\t\t<\/div>\n\t\t<\/section>\n\t\t\t\t<\/div>\n\t\t","protected":false},"excerpt":{"rendered":"<p>Nuestro Departamento cuenta con 1.100 m2 de oficinas para profesores, alumnos de pre y postgrado, biblioteca, sala de usos m\u00faltiples, laboratorio de trabajo colaborativo, y lounge para alumnos. Tambi\u00e9n posee 270 m2 que albergan los laboratorios Docentes y laboratorio de Tecnolog\u00edas de Construcci\u00f3n que apoyan a 12 cursos del departamento con aproximadamente 2400 atenciones a alumnos al a\u00f1o aproximadamente.<\/p>\n<p>Adem\u00e1s, tiene 2.000 m2 de laboratorios de Servicio Exterior, y patios de ensayo equipados con tecnolog\u00eda de punta para el estudio de materiales y tecnolog\u00edas de construcci\u00f3n y un laboratorio especializado en ingenier\u00eda en protecci\u00f3n contra el fuego.<\/p>\n","protected":false},"author":6,"featured_media":1559,"parent":2,"menu_order":77,"comment_status":"closed","ping_status":"closed","template":"","meta":{"_acf_changed":false,"_monsterinsights_skip_tracking":false,"_monsterinsights_sitenote_active":false,"_monsterinsights_sitenote_note":"","_monsterinsights_sitenote_category":0,"footnotes":""},"class_list":["post-173","page","type-page","status-publish","has-post-thumbnail","hentry","post","post-with-thumbnail","post-with-thumbnail-large"],"acf":[],"aioseo_notices":[],"_links":{"self":[{"href":"https:\/\/www.ing.uc.cl\/ingenieria-y-gestion-construccion\/wp-json\/wp\/v2\/pages\/173","targetHints":{"allow":["GET"]}}],"collection":[{"href":"https:\/\/www.ing.uc.cl\/ingenieria-y-gestion-construccion\/wp-json\/wp\/v2\/pages"}],"about":[{"href":"https:\/\/www.ing.uc.cl\/ingenieria-y-gestion-construccion\/wp-json\/wp\/v2\/types\/page"}],"author":[{"embeddable":true,"href":"https:\/\/www.ing.uc.cl\/ingenieria-y-gestion-construccion\/wp-json\/wp\/v2\/users\/6"}],"replies":[{"embeddable":true,"href":"https:\/\/www.ing.uc.cl\/ingenieria-y-gestion-construccion\/wp-json\/wp\/v2\/comments?post=173"}],"version-history":[{"count":40,"href":"https:\/\/www.ing.uc.cl\/ingenieria-y-gestion-construccion\/wp-json\/wp\/v2\/pages\/173\/revisions"}],"predecessor-version":[{"id":6736,"href":"https:\/\/www.ing.uc.cl\/ingenieria-y-gestion-construccion\/wp-json\/wp\/v2\/pages\/173\/revisions\/6736"}],"up":[{"embeddable":true,"href":"https:\/\/www.ing.uc.cl\/ingenieria-y-gestion-construccion\/wp-json\/wp\/v2\/pages\/2"}],"wp:featuredmedia":[{"embeddable":true,"href":"https:\/\/www.ing.uc.cl\/ingenieria-y-gestion-construccion\/wp-json\/wp\/v2\/media\/1559"}],"wp:attachment":[{"href":"https:\/\/www.ing.uc.cl\/ingenieria-y-gestion-construccion\/wp-json\/wp\/v2\/media?parent=173"}],"curies":[{"name":"wp","href":"https:\/\/api.w.org\/{rel}","templated":true}]}}