{"id":2065,"date":"2023-01-25T14:05:59","date_gmt":"2023-01-25T17:05:59","guid":{"rendered":"https:\/\/www.ing.uc.cl\/ingenieria-y-gestion-construccion\/?page_id=2065"},"modified":"2023-08-25T17:54:26","modified_gmt":"2023-08-25T20:54:26","slug":"academicos-visitantes","status":"publish","type":"page","link":"https:\/\/www.ing.uc.cl\/ingenieria-y-gestion-construccion\/academicos\/academicos-visitantes\/","title":{"rendered":"Acad\u00e9micos Visitantes"},"content":{"rendered":"\t\t<div data-elementor-type=\"wp-page\" data-elementor-id=\"2065\" class=\"elementor elementor-2065\">\n\t\t\t\t\t\t<section class=\"elementor-section elementor-top-section elementor-element elementor-element-4b3f601 elementor-section-boxed elementor-section-height-default elementor-section-height-default wpr-particle-no wpr-jarallax-no wpr-parallax-no wpr-sticky-section-no wpr-equal-height-no\" data-id=\"4b3f601\" data-element_type=\"section\" data-e-type=\"section\">\n\t\t\t\t\t\t<div class=\"elementor-container elementor-column-gap-wider\">\n\t\t\t\t\t<div class=\"elementor-column elementor-col-100 elementor-top-column elementor-element elementor-element-c34327b\" data-id=\"c34327b\" data-element_type=\"column\" data-e-type=\"column\">\n\t\t\t<div class=\"elementor-widget-wrap elementor-element-populated\">\n\t\t\t\t\t\t<section class=\"elementor-section elementor-inner-section elementor-element elementor-element-26e1e35 elementor-section-boxed elementor-section-height-default elementor-section-height-default wpr-particle-no wpr-jarallax-no wpr-parallax-no wpr-sticky-section-no wpr-equal-height-no\" data-id=\"26e1e35\" data-element_type=\"section\" data-e-type=\"section\">\n\t\t\t\t\t\t<div class=\"elementor-container elementor-column-gap-default\">\n\t\t\t\t\t<div class=\"elementor-column elementor-col-50 elementor-inner-column elementor-element elementor-element-59bb617\" data-id=\"59bb617\" data-element_type=\"column\" data-e-type=\"column\">\n\t\t\t<div class=\"elementor-widget-wrap elementor-element-populated\">\n\t\t\t\t\t\t<div class=\"elementor-element elementor-element-be33018 wpr-page-list-vertical wpr-pl-badge-center wpr-pl-icon-center elementor-widget elementor-widget-wpr-page-list\" data-id=\"be33018\" data-element_type=\"widget\" data-e-type=\"widget\" data-widget_type=\"wpr-page-list.default\">\n\t\t\t\t<div class=\"elementor-widget-container\">\n\t\t\t\t\t<div class=\"wpr-page-list-wrap\"><ul class=\"wpr-page-list\"><li class=\"wpr-page-list-item elementor-repeater-item-e15d198 wpr-pointer-none wpr-pointer-line-fx wpr-pointer-fx-fade\"><div><a   class=\"wpr-no-pointer wpr-pl-title\">Carlos Chang<\/a><p>Universidad Texas El Paso<\/p><\/div><span class=\"wpr-page-list-item-badge\">U.S.A.<\/span><\/li><li class=\"wpr-page-list-item elementor-repeater-item-e77f19b wpr-pointer-none wpr-pointer-line-fx wpr-pointer-fx-fade\"><div><a   class=\"wpr-no-pointer wpr-pl-title\">Joaqu\u00edn Catal\u00e1<\/a><p>Universidad Polit\u00e9cnica de Valencia<\/p><\/div><span class=\"wpr-page-list-item-badge\">Espa\u00f1a<\/span><\/li><li class=\"wpr-page-list-item elementor-repeater-item-66ffd0b wpr-pointer-none wpr-pointer-line-fx wpr-pointer-fx-fade\"><div><a   class=\"wpr-no-pointer wpr-pl-title\">Walter Dilger<\/a><p>Universidad de Calgary<\/p><\/div><span class=\"wpr-page-list-item-badge\">CANAD\u00c1<\/span><\/li><li class=\"wpr-page-list-item elementor-repeater-item-b01f7c6 wpr-pointer-none wpr-pointer-line-fx wpr-pointer-fx-fade\"><div><a   class=\"wpr-no-pointer wpr-pl-title\">Gerardo Flintsch<\/a><p>University Virginia Tech<\/p><\/div><span class=\"wpr-page-list-item-badge\">U.S.A.<\/span><\/li><li class=\"wpr-page-list-item elementor-repeater-item-cbdd8e3 wpr-pointer-none wpr-pointer-line-fx wpr-pointer-fx-fade\"><div><a   class=\"wpr-no-pointer wpr-pl-title\">David Jones<\/a><p>University of California Davis<\/p><\/div><span class=\"wpr-page-list-item-badge\">U.S.A.<\/span><\/li><li class=\"wpr-page-list-item elementor-repeater-item-048fe0f wpr-pointer-none wpr-pointer-line-fx wpr-pointer-fx-fade\"><div><a   class=\"wpr-no-pointer wpr-pl-title\">Gordon Keller<\/a><p>Plumas National Forest, USDA Forest Service, California<\/p><\/div><span class=\"wpr-page-list-item-badge\">U.S.A.<\/span><\/li><\/ul><\/div>\t\t\t\t<\/div>\n\t\t\t\t<\/div>\n\t\t\t\t\t<\/div>\n\t\t<\/div>\n\t\t\t\t<div class=\"elementor-column elementor-col-50 elementor-inner-column elementor-element elementor-element-f6021c2\" data-id=\"f6021c2\" data-element_type=\"column\" data-e-type=\"column\">\n\t\t\t<div class=\"elementor-widget-wrap elementor-element-populated\">\n\t\t\t\t\t\t<div class=\"elementor-element elementor-element-4444e81 wpr-page-list-vertical wpr-pl-badge-center wpr-pl-icon-center elementor-widget elementor-widget-wpr-page-list\" data-id=\"4444e81\" data-element_type=\"widget\" data-e-type=\"widget\" data-widget_type=\"wpr-page-list.default\">\n\t\t\t\t<div class=\"elementor-widget-container\">\n\t\t\t\t\t<div class=\"wpr-page-list-wrap\"><ul class=\"wpr-page-list\"><li class=\"wpr-page-list-item elementor-repeater-item-e15d198 wpr-pointer-none wpr-pointer-line-fx wpr-pointer-fx-fade\"><div><a   class=\"wpr-no-pointer wpr-pl-title\">Carlos Chang<\/a><p>Universidad Texas El Paso<\/p><\/div><span class=\"wpr-page-list-item-badge\">U.S.A.<\/span><\/li><li class=\"wpr-page-list-item elementor-repeater-item-e77f19b wpr-pointer-none wpr-pointer-line-fx wpr-pointer-fx-fade\"><div><a   class=\"wpr-no-pointer wpr-pl-title\">Joaqu\u00edn Catal\u00e1<\/a><p>Universidad Polit\u00e9cnica de Valencia<\/p><\/div><span class=\"wpr-page-list-item-badge\">Espa\u00f1a<\/span><\/li><li class=\"wpr-page-list-item elementor-repeater-item-66ffd0b wpr-pointer-none wpr-pointer-line-fx wpr-pointer-fx-fade\"><div><a   class=\"wpr-no-pointer wpr-pl-title\">Walter Dilger<\/a><p>Universidad de Calgary<\/p><\/div><span class=\"wpr-page-list-item-badge\">CANAD\u00c1<\/span><\/li><li class=\"wpr-page-list-item elementor-repeater-item-b01f7c6 wpr-pointer-none wpr-pointer-line-fx wpr-pointer-fx-fade\"><div><a   class=\"wpr-no-pointer wpr-pl-title\">Gerardo Flintsch<\/a><p>University Virginia Tech<\/p><\/div><span class=\"wpr-page-list-item-badge\">U.S.A.<\/span><\/li><li class=\"wpr-page-list-item elementor-repeater-item-cbdd8e3 wpr-pointer-none wpr-pointer-line-fx wpr-pointer-fx-fade\"><div><a   class=\"wpr-no-pointer wpr-pl-title\">David Jones<\/a><p>University of California Davis<\/p><\/div><span class=\"wpr-page-list-item-badge\">U.S.A.<\/span><\/li><li class=\"wpr-page-list-item elementor-repeater-item-048fe0f wpr-pointer-none wpr-pointer-line-fx wpr-pointer-fx-fade\"><div><a   class=\"wpr-no-pointer wpr-pl-title\">Gordon Keller<\/a><p>Plumas National Forest, USDA Forest Service, California<\/p><\/div><span class=\"wpr-page-list-item-badge\">U.S.A.<\/span><\/li><\/ul><\/div>\t\t\t\t<\/div>\n\t\t\t\t<\/div>\n\t\t\t\t\t<\/div>\n\t\t<\/div>\n\t\t\t\t\t<\/div>\n\t\t<\/section>\n\t\t\t\t\t<\/div>\n\t\t<\/div>\n\t\t\t\t\t<\/div>\n\t\t<\/section>\n\t\t\t\t<section class=\"elementor-section elementor-top-section elementor-element elementor-element-77dc9d240 elementor-section-boxed elementor-section-height-default elementor-section-height-default wpr-sticky-section-no wpr-equal-height-no\" data-id=\"77dc9d240\" data-element_type=\"section\" data-e-type=\"section\">\n\t\t\t\t\t\t<div class=\"elementor-container elementor-column-gap-narrow\">\n\t\t\t\t\t<div class=\"elementor-column elementor-col-100 elementor-top-column elementor-element elementor-element-28aa4557\" data-id=\"28aa4557\" data-element_type=\"column\" data-e-type=\"column\">\n\t\t\t<div class=\"elementor-widget-wrap elementor-element-populated\">\n\t\t\t\t\t\t<div class=\"elementor-element elementor-element-c2214e2 elementor-widget elementor-widget-spacer\" data-id=\"c2214e2\" data-element_type=\"widget\" data-e-type=\"widget\" data-widget_type=\"spacer.default\">\n\t\t\t\t<div class=\"elementor-widget-container\">\n\t\t\t\t\t\t\t<div class=\"elementor-spacer\">\n\t\t\t<div class=\"elementor-spacer-inner\"><\/div>\n\t\t<\/div>\n\t\t\t\t\t\t<\/div>\n\t\t\t\t<\/div>\n\t\t\t\t\t<\/div>\n\t\t<\/div>\n\t\t\t\t\t<\/div>\n\t\t<\/section>\n\t\t\t\t<\/div>\n\t\t","protected":false},"excerpt":{"rendered":"<p>\u00a1Bienvenidos al sitio web del Departamento de Ingenier\u00eda y Gesti\u00f3n de la Construcci\u00f3n UC (DIGC)!<\/p>\n","protected":false},"author":7,"featured_media":2244,"parent":2055,"menu_order":85,"comment_status":"closed","ping_status":"closed","template":"","meta":{"_acf_changed":false,"_monsterinsights_skip_tracking":false,"_monsterinsights_sitenote_active":false,"_monsterinsights_sitenote_note":"","_monsterinsights_sitenote_category":0,"footnotes":""},"class_list":["post-2065","page","type-page","status-publish","has-post-thumbnail","hentry","post","post-with-thumbnail","post-with-thumbnail-large"],"acf":[],"aioseo_notices":[],"_links":{"self":[{"href":"https:\/\/www.ing.uc.cl\/ingenieria-y-gestion-construccion\/wp-json\/wp\/v2\/pages\/2065","targetHints":{"allow":["GET"]}}],"collection":[{"href":"https:\/\/www.ing.uc.cl\/ingenieria-y-gestion-construccion\/wp-json\/wp\/v2\/pages"}],"about":[{"href":"https:\/\/www.ing.uc.cl\/ingenieria-y-gestion-construccion\/wp-json\/wp\/v2\/types\/page"}],"author":[{"embeddable":true,"href":"https:\/\/www.ing.uc.cl\/ingenieria-y-gestion-construccion\/wp-json\/wp\/v2\/users\/7"}],"replies":[{"embeddable":true,"href":"https:\/\/www.ing.uc.cl\/ingenieria-y-gestion-construccion\/wp-json\/wp\/v2\/comments?post=2065"}],"version-history":[{"count":23,"href":"https:\/\/www.ing.uc.cl\/ingenieria-y-gestion-construccion\/wp-json\/wp\/v2\/pages\/2065\/revisions"}],"predecessor-version":[{"id":7142,"href":"https:\/\/www.ing.uc.cl\/ingenieria-y-gestion-construccion\/wp-json\/wp\/v2\/pages\/2065\/revisions\/7142"}],"up":[{"embeddable":true,"href":"https:\/\/www.ing.uc.cl\/ingenieria-y-gestion-construccion\/wp-json\/wp\/v2\/pages\/2055"}],"wp:featuredmedia":[{"embeddable":true,"href":"https:\/\/www.ing.uc.cl\/ingenieria-y-gestion-construccion\/wp-json\/wp\/v2\/media\/2244"}],"wp:attachment":[{"href":"https:\/\/www.ing.uc.cl\/ingenieria-y-gestion-construccion\/wp-json\/wp\/v2\/media?parent=2065"}],"curies":[{"name":"wp","href":"https:\/\/api.w.org\/{rel}","templated":true}]}}