{"id":5888,"date":"2023-03-27T00:09:26","date_gmt":"2023-03-27T03:09:26","guid":{"rendered":"https:\/\/www.ing.uc.cl\/ingenieria-y-gestion-construccion\/?page_id=5888"},"modified":"2024-01-12T16:14:34","modified_gmt":"2024-01-12T19:14:34","slug":"congresos-y-seminarios","status":"publish","type":"page","link":"https:\/\/www.ing.uc.cl\/ingenieria-y-gestion-construccion\/vinculacion-con-el-medio\/congresos-y-seminarios\/","title":{"rendered":"Congresos y Seminarios"},"content":{"rendered":"\t\t<div data-elementor-type=\"wp-page\" data-elementor-id=\"5888\" class=\"elementor elementor-5888\">\n\t\t\t\t\t\t<section class=\"elementor-section elementor-top-section elementor-element elementor-element-d2dfe19 elementor-section-boxed elementor-section-height-default elementor-section-height-default wpr-particle-no wpr-jarallax-no wpr-parallax-no wpr-sticky-section-no wpr-equal-height-no\" data-id=\"d2dfe19\" data-element_type=\"section\" data-e-type=\"section\">\n\t\t\t\t\t\t<div class=\"elementor-container elementor-column-gap-default\">\n\t\t\t\t\t<div class=\"elementor-column elementor-col-100 elementor-top-column elementor-element elementor-element-6e2d63a\" data-id=\"6e2d63a\" data-element_type=\"column\" data-e-type=\"column\">\n\t\t\t<div class=\"elementor-widget-wrap elementor-element-populated\">\n\t\t\t\t\t\t<div class=\"elementor-element elementor-element-22219ef elementor-widget elementor-widget-accordion\" data-id=\"22219ef\" data-element_type=\"widget\" data-e-type=\"widget\" data-widget_type=\"accordion.default\">\n\t\t\t\t<div class=\"elementor-widget-container\">\n\t\t\t\t\t\t\t<div class=\"elementor-accordion\">\n\t\t\t\t\t\t\t<div class=\"elementor-accordion-item\">\n\t\t\t\t\t<div id=\"elementor-tab-title-3571\" class=\"elementor-tab-title\" data-tab=\"1\" role=\"button\" aria-controls=\"elementor-tab-content-3571\" aria-expanded=\"false\">\n\t\t\t\t\t\t\t\t\t\t\t\t\t<span class=\"elementor-accordion-icon elementor-accordion-icon-left\" aria-hidden=\"true\">\n\t\t\t\t\t\t\t\t\t\t\t\t\t\t\t<span class=\"elementor-accordion-icon-closed\"><svg class=\"e-font-icon-svg e-fas-plus\" viewBox=\"0 0 448 512\" xmlns=\"http:\/\/www.w3.org\/2000\/svg\"><path d=\"M416 208H272V64c0-17.67-14.33-32-32-32h-32c-17.67 0-32 14.33-32 32v144H32c-17.67 0-32 14.33-32 32v32c0 17.67 14.33 32 32 32h144v144c0 17.67 14.33 32 32 32h32c17.67 0 32-14.33 32-32V304h144c17.67 0 32-14.33 32-32v-32c0-17.67-14.33-32-32-32z\"><\/path><\/svg><\/span>\n\t\t\t\t\t\t\t\t<span class=\"elementor-accordion-icon-opened\"><svg class=\"e-font-icon-svg e-fas-minus\" viewBox=\"0 0 448 512\" xmlns=\"http:\/\/www.w3.org\/2000\/svg\"><path d=\"M416 208H32c-17.67 0-32 14.33-32 32v32c0 17.67 14.33 32 32 32h384c17.67 0 32-14.33 32-32v-32c0-17.67-14.33-32-32-32z\"><\/path><\/svg><\/span>\n\t\t\t\t\t\t\t\t\t\t\t\t\t\t<\/span>\n\t\t\t\t\t\t\t\t\t\t\t\t<a class=\"elementor-accordion-title\" tabindex=\"0\">2024<\/a>\n\t\t\t\t\t<\/div>\n\t\t\t\t\t<div id=\"elementor-tab-content-3571\" class=\"elementor-tab-content elementor-clearfix\" data-tab=\"1\" role=\"region\" aria-labelledby=\"elementor-tab-title-3571\"><ul><li>(IN) Seminario Ashggregatte: \u00e1ridos artificiales para avanzar hacia la econom\u00eda circular., Santiago Chile<\/li><li>(AP)Seminario Inteligencia Artificial en la industria de la construcci\u00f3n, Centro Innovaci\u00f3n Hormig\u00f3n UC, Santiago Chile<\/li><\/ul><\/div>\n\t\t\t\t<\/div>\n\t\t\t\t\t\t\t<div class=\"elementor-accordion-item\">\n\t\t\t\t\t<div id=\"elementor-tab-title-3572\" class=\"elementor-tab-title\" data-tab=\"2\" role=\"button\" aria-controls=\"elementor-tab-content-3572\" aria-expanded=\"false\">\n\t\t\t\t\t\t\t\t\t\t\t\t\t<span class=\"elementor-accordion-icon elementor-accordion-icon-left\" aria-hidden=\"true\">\n\t\t\t\t\t\t\t\t\t\t\t\t\t\t\t<span class=\"elementor-accordion-icon-closed\"><svg class=\"e-font-icon-svg e-fas-plus\" viewBox=\"0 0 448 512\" xmlns=\"http:\/\/www.w3.org\/2000\/svg\"><path d=\"M416 208H272V64c0-17.67-14.33-32-32-32h-32c-17.67 0-32 14.33-32 32v144H32c-17.67 0-32 14.33-32 32v32c0 17.67 14.33 32 32 32h144v144c0 17.67 14.33 32 32 32h32c17.67 0 32-14.33 32-32V304h144c17.67 0 32-14.33 32-32v-32c0-17.67-14.33-32-32-32z\"><\/path><\/svg><\/span>\n\t\t\t\t\t\t\t\t<span class=\"elementor-accordion-icon-opened\"><svg class=\"e-font-icon-svg e-fas-minus\" viewBox=\"0 0 448 512\" xmlns=\"http:\/\/www.w3.org\/2000\/svg\"><path d=\"M416 208H32c-17.67 0-32 14.33-32 32v32c0 17.67 14.33 32 32 32h384c17.67 0 32-14.33 32-32v-32c0-17.67-14.33-32-32-32z\"><\/path><\/svg><\/span>\n\t\t\t\t\t\t\t\t\t\t\t\t\t\t<\/span>\n\t\t\t\t\t\t\t\t\t\t\t\t<a class=\"elementor-accordion-title\" tabindex=\"0\">2017<\/a>\n\t\t\t\t\t<\/div>\n\t\t\t\t\t<div id=\"elementor-tab-content-3572\" class=\"elementor-tab-content elementor-clearfix\" data-tab=\"2\" role=\"region\" aria-labelledby=\"elementor-tab-title-3572\"><p>\u2013\u00a0(Ach) 16th World Conference on Earthquake Engineering, 16WCEE 2017<\/p><\/div>\n\t\t\t\t<\/div>\n\t\t\t\t\t\t\t<div class=\"elementor-accordion-item\">\n\t\t\t\t\t<div id=\"elementor-tab-title-3573\" class=\"elementor-tab-title\" data-tab=\"3\" role=\"button\" aria-controls=\"elementor-tab-content-3573\" aria-expanded=\"false\">\n\t\t\t\t\t\t\t\t\t\t\t\t\t<span class=\"elementor-accordion-icon elementor-accordion-icon-left\" aria-hidden=\"true\">\n\t\t\t\t\t\t\t\t\t\t\t\t\t\t\t<span class=\"elementor-accordion-icon-closed\"><svg class=\"e-font-icon-svg e-fas-plus\" viewBox=\"0 0 448 512\" xmlns=\"http:\/\/www.w3.org\/2000\/svg\"><path d=\"M416 208H272V64c0-17.67-14.33-32-32-32h-32c-17.67 0-32 14.33-32 32v144H32c-17.67 0-32 14.33-32 32v32c0 17.67 14.33 32 32 32h144v144c0 17.67 14.33 32 32 32h32c17.67 0 32-14.33 32-32V304h144c17.67 0 32-14.33 32-32v-32c0-17.67-14.33-32-32-32z\"><\/path><\/svg><\/span>\n\t\t\t\t\t\t\t\t<span class=\"elementor-accordion-icon-opened\"><svg class=\"e-font-icon-svg e-fas-minus\" viewBox=\"0 0 448 512\" xmlns=\"http:\/\/www.w3.org\/2000\/svg\"><path d=\"M416 208H32c-17.67 0-32 14.33-32 32v32c0 17.67 14.33 32 32 32h384c17.67 0 32-14.33 32-32v-32c0-17.67-14.33-32-32-32z\"><\/path><\/svg><\/span>\n\t\t\t\t\t\t\t\t\t\t\t\t\t\t<\/span>\n\t\t\t\t\t\t\t\t\t\t\t\t<a class=\"elementor-accordion-title\" tabindex=\"0\">2016<\/a>\n\t\t\t\t\t<\/div>\n\t\t\t\t\t<div id=\"elementor-tab-content-3573\" class=\"elementor-tab-content elementor-clearfix\" data-tab=\"3\" role=\"region\" aria-labelledby=\"elementor-tab-title-3573\"><p>\u2013\u00a0(Ach) Transportation Research Board 95th Annual Meeting, DC, United States.<\/p><p>\u2013\u00a0(Ach) 12\u00b0 Congreso PROVIAL 2016, Valparaiso, Chile.<\/p><p>\u2013\u00a0(Ach) Cities on Volcanoes 9 (CoV 9)<\/p><p>\u2013\u00a0(ML) ACI Fall Convention 2016, October 23-27, 2016, Philadelphia, PA<\/p><p>\u2013\u00a0(ml) ACI Spring Convention 2016, April 17-21, 2016, Milwaukee, WI<\/p><p>\u2013\u00a0(lfa) 24th Annual Conference of the International Group for Lean Construction (IGLC) EEUU<\/p><p>\u2013\u00a0(lfa)VII Encuentro Latinoamericano de Econom\u00eda y Gesti\u00f3n de la Construcci\u00f3n (VII Elagec). Colombia<\/p><p>\u2013\u00a0(cm)Conference of the International Group for Lean Construction, IGLC 24, Boston, MA, USA, 20-22 July, 2016, pp. 123-132.<\/p><\/div>\n\t\t\t\t<\/div>\n\t\t\t\t\t\t\t<div class=\"elementor-accordion-item\">\n\t\t\t\t\t<div id=\"elementor-tab-title-3574\" class=\"elementor-tab-title\" data-tab=\"4\" role=\"button\" aria-controls=\"elementor-tab-content-3574\" aria-expanded=\"false\">\n\t\t\t\t\t\t\t\t\t\t\t\t\t<span class=\"elementor-accordion-icon elementor-accordion-icon-left\" aria-hidden=\"true\">\n\t\t\t\t\t\t\t\t\t\t\t\t\t\t\t<span class=\"elementor-accordion-icon-closed\"><svg class=\"e-font-icon-svg e-fas-plus\" viewBox=\"0 0 448 512\" xmlns=\"http:\/\/www.w3.org\/2000\/svg\"><path d=\"M416 208H272V64c0-17.67-14.33-32-32-32h-32c-17.67 0-32 14.33-32 32v144H32c-17.67 0-32 14.33-32 32v32c0 17.67 14.33 32 32 32h144v144c0 17.67 14.33 32 32 32h32c17.67 0 32-14.33 32-32V304h144c17.67 0 32-14.33 32-32v-32c0-17.67-14.33-32-32-32z\"><\/path><\/svg><\/span>\n\t\t\t\t\t\t\t\t<span class=\"elementor-accordion-icon-opened\"><svg class=\"e-font-icon-svg e-fas-minus\" viewBox=\"0 0 448 512\" xmlns=\"http:\/\/www.w3.org\/2000\/svg\"><path d=\"M416 208H32c-17.67 0-32 14.33-32 32v32c0 17.67 14.33 32 32 32h384c17.67 0 32-14.33 32-32v-32c0-17.67-14.33-32-32-32z\"><\/path><\/svg><\/span>\n\t\t\t\t\t\t\t\t\t\t\t\t\t\t<\/span>\n\t\t\t\t\t\t\t\t\t\t\t\t<a class=\"elementor-accordion-title\" tabindex=\"0\">2015<\/a>\n\t\t\t\t\t<\/div>\n\t\t\t\t\t<div id=\"elementor-tab-content-3574\" class=\"elementor-tab-content elementor-clearfix\" data-tab=\"4\" role=\"region\" aria-labelledby=\"elementor-tab-title-3574\"><p>\u2013\u00a0(Ach) Transportation Research Board 94th Annual Meeting, Washington DC, United States.<\/p><p>\u2013\u00a0(Ach) 11th International Conference on Low-Volume Roads. Transportation Research Board of the National Academies, Pittsburgh, Pensylvania, United States.<\/p><p>\u2013\u00a0(ml)ACI Spring Convention 2015, April 12-16, 2015, Kansas City, MO<\/p><p>\u2013\u00a0(ml)ACI Fall Convention 2015, November 8-12, 2015, Denver, CO<\/p><p>\u2013\u00a0(lfa)23th Conference International Group fpr Lean Construction, IGLC 23, Australia<\/p><p>\u2013\u00a0(lfa)SIBRAGEC-ELAGEC 2015, Sao Carlos Brasil<\/p><p>\u2013\u00a0(CM)Conference of the International Group for Lean Construction, IGLC 23, Perth, Australia, 29-31 July, 2015, pp. 558-567.<\/p><p>\u2013\u00a0(CM)Conference of the International Group for Lean Construction, IGLC 23, Perth, Australia, 29-31 July, 2015, pp. 711-721.<\/p><\/div>\n\t\t\t\t<\/div>\n\t\t\t\t\t\t\t<div class=\"elementor-accordion-item\">\n\t\t\t\t\t<div id=\"elementor-tab-title-3575\" class=\"elementor-tab-title\" data-tab=\"5\" role=\"button\" aria-controls=\"elementor-tab-content-3575\" aria-expanded=\"false\">\n\t\t\t\t\t\t\t\t\t\t\t\t\t<span class=\"elementor-accordion-icon elementor-accordion-icon-left\" aria-hidden=\"true\">\n\t\t\t\t\t\t\t\t\t\t\t\t\t\t\t<span class=\"elementor-accordion-icon-closed\"><svg class=\"e-font-icon-svg e-fas-plus\" viewBox=\"0 0 448 512\" xmlns=\"http:\/\/www.w3.org\/2000\/svg\"><path d=\"M416 208H272V64c0-17.67-14.33-32-32-32h-32c-17.67 0-32 14.33-32 32v144H32c-17.67 0-32 14.33-32 32v32c0 17.67 14.33 32 32 32h144v144c0 17.67 14.33 32 32 32h32c17.67 0 32-14.33 32-32V304h144c17.67 0 32-14.33 32-32v-32c0-17.67-14.33-32-32-32z\"><\/path><\/svg><\/span>\n\t\t\t\t\t\t\t\t<span class=\"elementor-accordion-icon-opened\"><svg class=\"e-font-icon-svg e-fas-minus\" viewBox=\"0 0 448 512\" xmlns=\"http:\/\/www.w3.org\/2000\/svg\"><path d=\"M416 208H32c-17.67 0-32 14.33-32 32v32c0 17.67 14.33 32 32 32h384c17.67 0 32-14.33 32-32v-32c0-17.67-14.33-32-32-32z\"><\/path><\/svg><\/span>\n\t\t\t\t\t\t\t\t\t\t\t\t\t\t<\/span>\n\t\t\t\t\t\t\t\t\t\t\t\t<a class=\"elementor-accordion-title\" tabindex=\"0\">2014<\/a>\n\t\t\t\t\t<\/div>\n\t\t\t\t\t<div id=\"elementor-tab-content-3575\" class=\"elementor-tab-content elementor-clearfix\" data-tab=\"5\" role=\"region\" aria-labelledby=\"elementor-tab-title-3575\"><p>\u2013\u00a0(Ach) Transportation Research Board 93rd Annual Meeting, Washington DC, United States.<\/p><p>\u2013\u00a0(Ach) 11\u00b0 Congreso PROVIAL 2014, Valdivia, Chile.<\/p><p>\u2013\u00a0(ml) \u00a0ACI Spring Convention 2014, March 23-27, 2014, Reno, NV<\/p><p>\u2013\u00a0(ml)ACI Fall Convention 2014, October 26-30, 2014, Washington, DC<\/p><p>\u2013\u00a0(lfa)International Group for lean Construction,<\/p><p>\u2013\u00a0(lfa)10th European Conference on Product and Process Modelling, ECPPM 2014<\/p><p>\u2013\u00a0(sv) 10th Nordic Symposium of Building Physics, Lund, Sweden, June 15-19.<\/p><p>\u2013\u00a0(sv) eSim2014 \u201cRemoving barriers to application of Building Performance Simulation in design practice\u201d Ottawa, Canada, May 7-10.<\/p><p>\u2013\u00a0(cm)Conference of the International Group for Lean Construction, IGLC 22, Oslo, Norway, 25-27 June, 2014, pp. 969-980.<\/p><\/div>\n\t\t\t\t<\/div>\n\t\t\t\t\t\t\t<div class=\"elementor-accordion-item\">\n\t\t\t\t\t<div id=\"elementor-tab-title-3576\" class=\"elementor-tab-title\" data-tab=\"6\" role=\"button\" aria-controls=\"elementor-tab-content-3576\" aria-expanded=\"false\">\n\t\t\t\t\t\t\t\t\t\t\t\t\t<span class=\"elementor-accordion-icon elementor-accordion-icon-left\" aria-hidden=\"true\">\n\t\t\t\t\t\t\t\t\t\t\t\t\t\t\t<span class=\"elementor-accordion-icon-closed\"><svg class=\"e-font-icon-svg e-fas-plus\" viewBox=\"0 0 448 512\" xmlns=\"http:\/\/www.w3.org\/2000\/svg\"><path d=\"M416 208H272V64c0-17.67-14.33-32-32-32h-32c-17.67 0-32 14.33-32 32v144H32c-17.67 0-32 14.33-32 32v32c0 17.67 14.33 32 32 32h144v144c0 17.67 14.33 32 32 32h32c17.67 0 32-14.33 32-32V304h144c17.67 0 32-14.33 32-32v-32c0-17.67-14.33-32-32-32z\"><\/path><\/svg><\/span>\n\t\t\t\t\t\t\t\t<span class=\"elementor-accordion-icon-opened\"><svg class=\"e-font-icon-svg e-fas-minus\" viewBox=\"0 0 448 512\" xmlns=\"http:\/\/www.w3.org\/2000\/svg\"><path d=\"M416 208H32c-17.67 0-32 14.33-32 32v32c0 17.67 14.33 32 32 32h384c17.67 0 32-14.33 32-32v-32c0-17.67-14.33-32-32-32z\"><\/path><\/svg><\/span>\n\t\t\t\t\t\t\t\t\t\t\t\t\t\t<\/span>\n\t\t\t\t\t\t\t\t\t\t\t\t<a class=\"elementor-accordion-title\" tabindex=\"0\">2013<\/a>\n\t\t\t\t\t<\/div>\n\t\t\t\t\t<div id=\"elementor-tab-content-3576\" class=\"elementor-tab-content elementor-clearfix\" data-tab=\"6\" role=\"region\" aria-labelledby=\"elementor-tab-title-3576\"><p>\u2013\u00a0(Ach) Transportation Research Board 92nd Annual Meeting, Washington DC, United States.<\/p><p>\u2013 (Ach) 2\u00b0 Congreso Ense\u00f1anza de las Matem\u00e1ticas en Ingenier\u00eda de edificaci\u00f3n EMIE.<\/p><p>\u2013 (Ach) IX Congreso Espa\u00f1ol de Metaheur\u00edsticas, Algoritmos Evolutivos y Bioinspirados MAEB 2013, Madrid, Spain.<\/p><p>\u2013 (ml)ACI Fall Convention 2013, October 20-24, 2013, Phoenix, AZ<\/p><p>\u2013 (ml) ACI Spring Convention 2013, April 14-18, 2013, Minneapolis, MN<\/p><p>\u2013 (lfa)Encuentro Latinamericano de Econom\u00eda y Gesti\u00f3n de la Construcci\u00f3n, ELAGEC V, Cancun, Mexico, Junio 2013<\/p><p>\u2013 (lfa-cm)XXI Conference on Lean Construction, IGLC-21, Fortaleza, Brazil, July-August 2013.<\/p><p>\u2013 (sv) 12th International Radiance Workshop, Agosto 12-24, Golden, Colorado, USA.\u00a0<a href=\"http:\/\/www.youtube.com\/watch?v=lJOVpWq2WWs&amp;list=PLPk2tlcZM0gydvEW0VFgZLZ3S8eSbi-cx&amp;index=4\">http:\/\/www.youtube.com\/watch?v=lJOVpWq2WWs&amp;list=PLPk2tlcZM0gydvEW0VFgZLZ3S8eSbi-cx&amp;index=4<\/a><\/p><p>\u2013 (sv) Proceedings of 2<sup>nd<\/sup>\u00a0Central European Symposium of Building Physics, Vienna, Austria, September 9-11, p., 693-700.<\/p><p>\u2013 (sv)5th International Conference on Experiments\/Process\/System Modeling\/Simulation\/Optimization, Greece, Athens, July 3-6.<\/p><\/div>\n\t\t\t\t<\/div>\n\t\t\t\t\t\t\t<div class=\"elementor-accordion-item\">\n\t\t\t\t\t<div id=\"elementor-tab-title-3577\" class=\"elementor-tab-title\" data-tab=\"7\" role=\"button\" aria-controls=\"elementor-tab-content-3577\" aria-expanded=\"false\">\n\t\t\t\t\t\t\t\t\t\t\t\t\t<span class=\"elementor-accordion-icon elementor-accordion-icon-left\" aria-hidden=\"true\">\n\t\t\t\t\t\t\t\t\t\t\t\t\t\t\t<span class=\"elementor-accordion-icon-closed\"><svg class=\"e-font-icon-svg e-fas-plus\" viewBox=\"0 0 448 512\" xmlns=\"http:\/\/www.w3.org\/2000\/svg\"><path d=\"M416 208H272V64c0-17.67-14.33-32-32-32h-32c-17.67 0-32 14.33-32 32v144H32c-17.67 0-32 14.33-32 32v32c0 17.67 14.33 32 32 32h144v144c0 17.67 14.33 32 32 32h32c17.67 0 32-14.33 32-32V304h144c17.67 0 32-14.33 32-32v-32c0-17.67-14.33-32-32-32z\"><\/path><\/svg><\/span>\n\t\t\t\t\t\t\t\t<span class=\"elementor-accordion-icon-opened\"><svg class=\"e-font-icon-svg e-fas-minus\" viewBox=\"0 0 448 512\" xmlns=\"http:\/\/www.w3.org\/2000\/svg\"><path d=\"M416 208H32c-17.67 0-32 14.33-32 32v32c0 17.67 14.33 32 32 32h384c17.67 0 32-14.33 32-32v-32c0-17.67-14.33-32-32-32z\"><\/path><\/svg><\/span>\n\t\t\t\t\t\t\t\t\t\t\t\t\t\t<\/span>\n\t\t\t\t\t\t\t\t\t\t\t\t<a class=\"elementor-accordion-title\" tabindex=\"0\">2012<\/a>\n\t\t\t\t\t<\/div>\n\t\t\t\t\t<div id=\"elementor-tab-content-3577\" class=\"elementor-tab-content elementor-clearfix\" data-tab=\"7\" role=\"region\" aria-labelledby=\"elementor-tab-title-3577\"><p>\u2013 (Ach) 1st International Specialty Conference on Sustaining Public Infrastructure, Canadian Society of Civil Engineers, Edmonton, Alberta, Canada<\/p><p>\u2013\u00a0(Ach) 7th International Conference on Maintenance and Rehabilitation of Pavements, Auckland, New Zealand.<\/p><p>\u2013 (ml) ACI Fall Convention 2012, October 21-25, 2012, Toronto, ON, Canada<\/p><p>\u2013\u00a0(lfa) 20th Annual Conference of the International Group for Lean Construction \u2013 2012 Estados Unidos<\/p><p>\u2013\u00a0(ml)ACI Spring Convention 2012, March 18-22, 2012, Dallas, TX<\/p><p>\u2013\u00a028th Conference on Passive and Low Energy Architecture. PLEA 2012. Towards an environmentally responsible architecture. Lima. Per\u00fa. 7-9 November 2012.<\/p><p>\u2013\u00a0(SV)11th International Conference on Sustainable Energy Technologies. Vancouver BC. 2-5 September 2012.<\/p><p>\u2013\u00a05<sup>th<\/sup>\u00a0International Building Conference, May 27-31, Kyoto, Japan.<\/p><\/div>\n\t\t\t\t<\/div>\n\t\t\t\t\t\t\t\t<\/div>\n\t\t\t\t\t\t<\/div>\n\t\t\t\t<\/div>\n\t\t\t\t\t<\/div>\n\t\t<\/div>\n\t\t\t\t\t<\/div>\n\t\t<\/section>\n\t\t\t\t<\/div>\n\t\t","protected":false},"excerpt":{"rendered":"<p>Actividades Nacionales e Internacionales en que han participado Acad\u00e9micos y Estudiantes<\/p>\n","protected":false},"author":7,"featured_media":5726,"parent":169,"menu_order":56,"comment_status":"closed","ping_status":"closed","template":"","meta":{"_acf_changed":false,"_monsterinsights_skip_tracking":false,"_monsterinsights_sitenote_active":false,"_monsterinsights_sitenote_note":"","_monsterinsights_sitenote_category":0,"footnotes":""},"class_list":["post-5888","page","type-page","status-publish","has-post-thumbnail","hentry","post","post-with-thumbnail","post-with-thumbnail-large"],"acf":[],"aioseo_notices":[],"_links":{"self":[{"href":"https:\/\/www.ing.uc.cl\/ingenieria-y-gestion-construccion\/wp-json\/wp\/v2\/pages\/5888","targetHints":{"allow":["GET"]}}],"collection":[{"href":"https:\/\/www.ing.uc.cl\/ingenieria-y-gestion-construccion\/wp-json\/wp\/v2\/pages"}],"about":[{"href":"https:\/\/www.ing.uc.cl\/ingenieria-y-gestion-construccion\/wp-json\/wp\/v2\/types\/page"}],"author":[{"embeddable":true,"href":"https:\/\/www.ing.uc.cl\/ingenieria-y-gestion-construccion\/wp-json\/wp\/v2\/users\/7"}],"replies":[{"embeddable":true,"href":"https:\/\/www.ing.uc.cl\/ingenieria-y-gestion-construccion\/wp-json\/wp\/v2\/comments?post=5888"}],"version-history":[{"count":13,"href":"https:\/\/www.ing.uc.cl\/ingenieria-y-gestion-construccion\/wp-json\/wp\/v2\/pages\/5888\/revisions"}],"predecessor-version":[{"id":8428,"href":"https:\/\/www.ing.uc.cl\/ingenieria-y-gestion-construccion\/wp-json\/wp\/v2\/pages\/5888\/revisions\/8428"}],"up":[{"embeddable":true,"href":"https:\/\/www.ing.uc.cl\/ingenieria-y-gestion-construccion\/wp-json\/wp\/v2\/pages\/169"}],"wp:featuredmedia":[{"embeddable":true,"href":"https:\/\/www.ing.uc.cl\/ingenieria-y-gestion-construccion\/wp-json\/wp\/v2\/media\/5726"}],"wp:attachment":[{"href":"https:\/\/www.ing.uc.cl\/ingenieria-y-gestion-construccion\/wp-json\/wp\/v2\/media?parent=5888"}],"curies":[{"name":"wp","href":"https:\/\/api.w.org\/{rel}","templated":true}]}}