{"id":6186,"date":"2023-07-12T13:25:32","date_gmt":"2023-07-12T16:25:32","guid":{"rendered":"https:\/\/www.ing.uc.cl\/ingenieria-y-gestion-construccion\/?page_id=6186"},"modified":"2025-07-08T13:21:51","modified_gmt":"2025-07-08T16:21:51","slug":"curso-icc2304","status":"publish","type":"page","link":"https:\/\/www.ing.uc.cl\/ingenieria-y-gestion-construccion\/curso-icc2304\/","title":{"rendered":"Ingenier\u00eda de Construcci\u00f3n"},"content":{"rendered":"\t\t<div data-elementor-type=\"wp-page\" data-elementor-id=\"6186\" class=\"elementor elementor-6186\">\n\t\t\t\t<div class=\"elementor-element elementor-element-5f3f207 e-flex e-con-boxed wpr-particle-no wpr-jarallax-no wpr-parallax-no wpr-sticky-section-no wpr-equal-height-no e-con e-parent\" data-id=\"5f3f207\" data-element_type=\"container\" data-e-type=\"container\">\n\t\t\t\t\t<div class=\"e-con-inner\">\n\t\t<div class=\"elementor-element elementor-element-3da3a0e e-flex e-con-boxed wpr-particle-no wpr-jarallax-no wpr-parallax-no wpr-sticky-section-no wpr-equal-height-no e-con e-child\" data-id=\"3da3a0e\" data-element_type=\"container\" data-e-type=\"container\" data-settings=\"{&quot;background_background&quot;:&quot;classic&quot;}\">\n\t\t\t\t\t<div class=\"e-con-inner\">\n\t\t\t\t<div class=\"elementor-element elementor-element-40c29d7 elementor-widget elementor-widget-heading\" data-id=\"40c29d7\" data-element_type=\"widget\" data-e-type=\"widget\" data-widget_type=\"heading.default\">\n\t\t\t\t<div class=\"elementor-widget-container\">\n\t\t\t\t\t<h2 class=\"elementor-heading-title elementor-size-default\">Ingenier\u00eda de Construcci\u00f3n<\/h2>\t\t\t\t<\/div>\n\t\t\t\t<\/div>\n\t\t\t\t<div class=\"elementor-element elementor-element-aa17bcc elementor-widget elementor-widget-text-editor\" data-id=\"aa17bcc\" data-element_type=\"widget\" data-e-type=\"widget\" data-widget_type=\"text-editor.default\">\n\t\t\t\t<div class=\"elementor-widget-container\">\n\t\t\t\t\t\t\t\t\t<p>Departamento de Ingenier\u00eda y Gesti\u00f3n de la Construcci\u00f3n<\/p>\t\t\t\t\t\t\t\t<\/div>\n\t\t\t\t<\/div>\n\t\t\t\t<div class=\"elementor-element elementor-element-afc7af9 elementor-widget elementor-widget-text-editor\" data-id=\"afc7af9\" data-element_type=\"widget\" data-e-type=\"widget\" data-widget_type=\"text-editor.default\">\n\t\t\t\t<div class=\"elementor-widget-container\">\n\t\t\t\t\t\t\t\t\t<p>Requisitos 90 UAC<\/p>\t\t\t\t\t\t\t\t<\/div>\n\t\t\t\t<\/div>\n\t\t\t\t\t<\/div>\n\t\t\t\t<\/div>\n\t\t\t\t\t<\/div>\n\t\t\t\t<\/div>\n\t\t<div class=\"elementor-element elementor-element-8d2fbb6 e-flex e-con-boxed wpr-particle-no wpr-jarallax-no wpr-parallax-no wpr-sticky-section-no wpr-equal-height-no e-con e-parent\" data-id=\"8d2fbb6\" data-element_type=\"container\" data-e-type=\"container\" data-settings=\"{&quot;background_background&quot;:&quot;classic&quot;}\">\n\t\t\t\t\t<div class=\"e-con-inner\">\n\t\t<div class=\"elementor-element elementor-element-6cb3f99 e-con-full e-flex wpr-particle-no wpr-jarallax-no wpr-parallax-no wpr-sticky-section-no wpr-equal-height-no e-con e-child\" data-id=\"6cb3f99\" data-element_type=\"container\" data-e-type=\"container\" data-settings=\"{&quot;background_background&quot;:&quot;classic&quot;}\">\n\t\t\t\t<div class=\"elementor-element elementor-element-8845b00 elementor-widget elementor-widget-text-editor\" data-id=\"8845b00\" data-element_type=\"widget\" data-e-type=\"widget\" data-widget_type=\"text-editor.default\">\n\t\t\t\t<div class=\"elementor-widget-container\">\n\t\t\t\t\t\t\t\t\t<p><span style=\"color: var( --e-global-color-7dc57234 ); text-align: var(--text-align); font-size: 19px;\"><b>Horarios<\/b><\/span><\/p><p><span style=\"color: var( --e-global-color-7dc57234 ); font-size: 18px; text-align: var(--text-align);\">Martes &#8211; Jueves\u00a0<\/span><\/p><p><span style=\"color: var( --e-global-color-7dc57234 ); font-size: 18px; text-align: var(--text-align);\"><strong>M\u00d3DULO 2<\/strong> \/ <em>C\u00e1tedra<\/em><\/span><\/p>\t\t\t\t\t\t\t\t<\/div>\n\t\t\t\t<\/div>\n\t\t\t\t<div class=\"elementor-element elementor-element-6ac8b0c elementor-widget elementor-widget-text-editor\" data-id=\"6ac8b0c\" data-element_type=\"widget\" data-e-type=\"widget\" data-widget_type=\"text-editor.default\">\n\t\t\t\t<div class=\"elementor-widget-container\">\n\t\t\t\t\t\t\t\t\t<p><span style=\"color: var( --e-global-color-7dc57234 ); font-size: 18px; text-align: var(--text-align);\">Viernes\u00a0<\/span><\/p><p><span style=\"color: var( --e-global-color-7dc57234 ); font-size: 18px; text-align: var(--text-align);\"><strong>M\u00d3DULO 1 y\u00a0 2<\/strong>\u00a0\/ <em>Salida a terreno<\/em><\/span><\/p>\t\t\t\t\t\t\t\t<\/div>\n\t\t\t\t<\/div>\n\t\t\t\t<div class=\"elementor-element elementor-element-e5717dc elementor-widget elementor-widget-text-editor\" data-id=\"e5717dc\" data-element_type=\"widget\" data-e-type=\"widget\" data-widget_type=\"text-editor.default\">\n\t\t\t\t<div class=\"elementor-widget-container\">\n\t\t\t\t\t\t\t\t\t<p><span style=\"color: var( --e-global-color-7dc57234 ); font-size: 18px; text-align: var(--text-align);\">Viernes&nbsp;<\/span><\/p>\n<p><span style=\"color: var( --e-global-color-7dc57234 ); font-size: 18px; text-align: var(--text-align);\"><strong>M\u00d3DULO 3<\/strong>&nbsp;\/ <em>Ayudant\u00eda<\/em><\/span><\/p>\t\t\t\t\t\t\t\t<\/div>\n\t\t\t\t<\/div>\n\t\t<div class=\"elementor-element elementor-element-512a6d4 e-con-full e-flex wpr-particle-no wpr-jarallax-no wpr-parallax-no wpr-sticky-section-no wpr-equal-height-no e-con e-child\" data-id=\"512a6d4\" data-element_type=\"container\" data-e-type=\"container\">\n\t\t\t\t<div class=\"elementor-element elementor-element-519f63d elementor-absolute elementor-widget elementor-widget-heading\" data-id=\"519f63d\" data-element_type=\"widget\" data-e-type=\"widget\" data-settings=\"{&quot;_position&quot;:&quot;absolute&quot;}\" data-widget_type=\"heading.default\">\n\t\t\t\t<div class=\"elementor-widget-container\">\n\t\t\t\t\t<h2 class=\"elementor-heading-title elementor-size-default\">PROFESORA\n<br>ASISTENTE<\/h2>\t\t\t\t<\/div>\n\t\t\t\t<\/div>\n\t\t\t\t<div class=\"elementor-element elementor-element-7233fce elementor-widget elementor-widget-image\" data-id=\"7233fce\" data-element_type=\"widget\" data-e-type=\"widget\" data-widget_type=\"image.default\">\n\t\t\t\t<div class=\"elementor-widget-container\">\n\t\t\t\t\t\t\t\t\t\t\t\t\t\t\t<img fetchpriority=\"high\" decoding=\"async\" width=\"720\" height=\"683\" src=\"https:\/\/www.ing.uc.cl\/ingenieria-y-gestion-construccion\/wp-content\/uploads\/2025\/07\/RG-BN.png\" class=\"attachment-large size-large wp-image-9886\" alt=\"\" srcset=\"https:\/\/www.ing.uc.cl\/ingenieria-y-gestion-construccion\/wp-content\/uploads\/2025\/07\/RG-BN.png 817w, https:\/\/www.ing.uc.cl\/ingenieria-y-gestion-construccion\/wp-content\/uploads\/2025\/07\/RG-BN-300x285.png 300w, https:\/\/www.ing.uc.cl\/ingenieria-y-gestion-construccion\/wp-content\/uploads\/2025\/07\/RG-BN-768x729.png 768w, https:\/\/www.ing.uc.cl\/ingenieria-y-gestion-construccion\/wp-content\/uploads\/2025\/07\/RG-BN-400x379.png 400w\" sizes=\"(max-width: 720px) 100vw, 720px\" \/>\t\t\t\t\t\t\t\t\t\t\t\t\t\t\t<\/div>\n\t\t\t\t<\/div>\n\t\t\t\t<div class=\"elementor-element elementor-element-01ed744 elementor-absolute elementor-widget elementor-widget-heading\" data-id=\"01ed744\" data-element_type=\"widget\" data-e-type=\"widget\" data-settings=\"{&quot;_position&quot;:&quot;absolute&quot;}\" data-widget_type=\"heading.default\">\n\t\t\t\t<div class=\"elementor-widget-container\">\n\t\t\t\t\t<h2 class=\"elementor-heading-title elementor-size-default\">Regina<\/h2>\t\t\t\t<\/div>\n\t\t\t\t<\/div>\n\t\t\t\t<div class=\"elementor-element elementor-element-013304e elementor-absolute elementor-widget elementor-widget-heading\" data-id=\"013304e\" data-element_type=\"widget\" data-e-type=\"widget\" data-settings=\"{&quot;_position&quot;:&quot;absolute&quot;}\" data-widget_type=\"heading.default\">\n\t\t\t\t<div class=\"elementor-widget-container\">\n\t\t\t\t\t<h2 class=\"elementor-heading-title elementor-size-default\">Dias<\/h2>\t\t\t\t<\/div>\n\t\t\t\t<\/div>\n\t\t\t\t<div class=\"elementor-element elementor-element-6023ecc elementor-widget elementor-widget-text-editor\" data-id=\"6023ecc\" data-element_type=\"widget\" data-e-type=\"widget\" data-widget_type=\"text-editor.default\">\n\t\t\t\t<div class=\"elementor-widget-container\">\n\t\t\t\t\t\t\t\t\t<div class=\"display-flex flex-wrap align-items-center full-height\"><div class=\"display-flex \"><div class=\" display-flex full-width\"><div class=\"display-flex align-items-center mr1 hoverable-link-text t-bold\"><div class=\"display-flex flex-wrap align-items-center full-height\"><div class=\"display-flex \"><div class=\" display-flex full-width\"><div class=\"display-flex align-items-center mr1 hoverable-link-text t-bold\"><div><div class=\"ivm-image-view-model pvs-entity__image \"><span aria-hidden=\"true\">University of Alberta<\/span><span class=\"visually-hidden\">University of Alberta <\/span><span class=\"t-14 t-normal\"><span aria-hidden=\"true\">Doctor of Philosophy (PhD), Construction Engineering &amp; Management <\/span><\/span><span aria-hidden=\"true\">\/ University of Alberta, <\/span><span class=\"t-14 t-normal\">Master of Science, Construction Engineering and Management <\/span><span class=\"t-14 t-normal\">\/ Bachelor of Architecture, <\/span>Universidade Federal de Pernambuco<\/div><\/div><\/div><\/div><\/div><\/div><\/div><\/div><\/div><\/div>\t\t\t\t\t\t\t\t<\/div>\n\t\t\t\t<\/div>\n\t\t\t\t<\/div>\n\t\t<div class=\"elementor-element elementor-element-d56d43f e-con-full e-flex wpr-particle-no wpr-jarallax-no wpr-parallax-no wpr-sticky-section-no wpr-equal-height-no e-con e-child\" data-id=\"d56d43f\" data-element_type=\"container\" data-e-type=\"container\">\n\t\t\t\t<div class=\"elementor-element elementor-element-fd12d73 elementor-absolute elementor-widget elementor-widget-heading\" data-id=\"fd12d73\" data-element_type=\"widget\" data-e-type=\"widget\" data-settings=\"{&quot;_position&quot;:&quot;absolute&quot;}\" data-widget_type=\"heading.default\">\n\t\t\t\t<div class=\"elementor-widget-container\">\n\t\t\t\t\t<h2 class=\"elementor-heading-title elementor-size-default\">PROFESOR \n<br>PART TIME<\/h2>\t\t\t\t<\/div>\n\t\t\t\t<\/div>\n\t\t\t\t<div class=\"elementor-element elementor-element-5a9000e elementor-widget elementor-widget-image\" data-id=\"5a9000e\" data-element_type=\"widget\" data-e-type=\"widget\" data-widget_type=\"image.default\">\n\t\t\t\t<div class=\"elementor-widget-container\">\n\t\t\t\t\t\t\t\t\t\t\t\t\t\t\t<img decoding=\"async\" width=\"720\" height=\"720\" src=\"https:\/\/www.ing.uc.cl\/ingenieria-y-gestion-construccion\/wp-content\/uploads\/2023\/07\/Sin-titulo-1.jpg\" class=\"attachment-large size-large wp-image-6435\" alt=\"di\" srcset=\"https:\/\/www.ing.uc.cl\/ingenieria-y-gestion-construccion\/wp-content\/uploads\/2023\/07\/Sin-titulo-1.jpg 800w, https:\/\/www.ing.uc.cl\/ingenieria-y-gestion-construccion\/wp-content\/uploads\/2023\/07\/Sin-titulo-1-300x300.jpg 300w, https:\/\/www.ing.uc.cl\/ingenieria-y-gestion-construccion\/wp-content\/uploads\/2023\/07\/Sin-titulo-1-150x150.jpg 150w, https:\/\/www.ing.uc.cl\/ingenieria-y-gestion-construccion\/wp-content\/uploads\/2023\/07\/Sin-titulo-1-768x768.jpg 768w, https:\/\/www.ing.uc.cl\/ingenieria-y-gestion-construccion\/wp-content\/uploads\/2023\/07\/Sin-titulo-1-200x200.jpg 200w, https:\/\/www.ing.uc.cl\/ingenieria-y-gestion-construccion\/wp-content\/uploads\/2023\/07\/Sin-titulo-1-400x400.jpg 400w\" sizes=\"(max-width: 720px) 100vw, 720px\" \/>\t\t\t\t\t\t\t\t\t\t\t\t\t\t\t<\/div>\n\t\t\t\t<\/div>\n\t\t\t\t<div class=\"elementor-element elementor-element-72a9efa elementor-absolute elementor-widget elementor-widget-heading\" data-id=\"72a9efa\" data-element_type=\"widget\" data-e-type=\"widget\" data-settings=\"{&quot;_position&quot;:&quot;absolute&quot;}\" data-widget_type=\"heading.default\">\n\t\t\t\t<div class=\"elementor-widget-container\">\n\t\t\t\t\t<h2 class=\"elementor-heading-title elementor-size-default\">Daniel<\/h2>\t\t\t\t<\/div>\n\t\t\t\t<\/div>\n\t\t\t\t<div class=\"elementor-element elementor-element-4d0f7ec elementor-absolute elementor-widget elementor-widget-heading\" data-id=\"4d0f7ec\" data-element_type=\"widget\" data-e-type=\"widget\" data-settings=\"{&quot;_position&quot;:&quot;absolute&quot;}\" data-widget_type=\"heading.default\">\n\t\t\t\t<div class=\"elementor-widget-container\">\n\t\t\t\t\t<h2 class=\"elementor-heading-title elementor-size-default\">Illesca<\/h2>\t\t\t\t<\/div>\n\t\t\t\t<\/div>\n\t\t\t\t<div class=\"elementor-element elementor-element-9388a75 elementor-widget elementor-widget-text-editor\" data-id=\"9388a75\" data-element_type=\"widget\" data-e-type=\"widget\" data-widget_type=\"text-editor.default\">\n\t\t\t\t<div class=\"elementor-widget-container\">\n\t\t\t\t\t\t\t\t\t<p class=\"p1\"><span style=\"font-family: Roboto, sans-serif; font-size: 13px; font-style: normal; font-variant-ligatures: normal; font-variant-caps: normal; font-weight: 400; text-align: var(--text-align); background-color: var( --e-global-color-1faaecab );\">Ingeniero Civil, Diploma en Gesti\u00f3n de la Construcci\u00f3n<\/span><span style=\"text-align: var(--text-align); background-color: var( --e-global-color-1faaecab );\">\u00a0<\/span><\/p>\t\t\t\t\t\t\t\t<\/div>\n\t\t\t\t<\/div>\n\t\t\t\t<\/div>\n\t\t\t\t<\/div>\n\t\t<div class=\"elementor-element elementor-element-f74edc9 e-con-full elementor-hidden-mobile e-flex wpr-particle-no wpr-jarallax-no wpr-parallax-no wpr-sticky-section-no wpr-equal-height-no e-con e-child\" data-id=\"f74edc9\" data-element_type=\"container\" data-e-type=\"container\">\n\t\t\t\t<\/div>\n\t\t<div class=\"elementor-element elementor-element-a085150 e-con-full e-flex wpr-particle-no wpr-jarallax-no wpr-parallax-no wpr-sticky-section-no wpr-equal-height-no e-con e-child\" data-id=\"a085150\" data-element_type=\"container\" data-e-type=\"container\">\n\t\t\t\t<div class=\"elementor-element elementor-element-a8931f2 elementor-widget elementor-widget-heading\" data-id=\"a8931f2\" data-element_type=\"widget\" data-e-type=\"widget\" data-widget_type=\"heading.default\">\n\t\t\t\t<div class=\"elementor-widget-container\">\n\t\t\t\t\t<h2 class=\"elementor-heading-title elementor-size-default\">Descubre c\u00f3mo se gestan los grandes proyectos<\/h2>\t\t\t\t<\/div>\n\t\t\t\t<\/div>\n\t\t\t\t<div class=\"elementor-element elementor-element-163e7c9 elementor-widget elementor-widget-text-editor\" data-id=\"163e7c9\" data-element_type=\"widget\" data-e-type=\"widget\" data-widget_type=\"text-editor.default\">\n\t\t\t\t<div class=\"elementor-widget-container\">\n\t\t\t\t\t\t\t\t\t<p>Este curso te permitir\u00e1 conocer el mundo de la Ingenier\u00eda de Construcci\u00f3n, recorriendo todas las etapas de un proyecto, desde la idea inicial hasta su ejecuci\u00f3n. Aprender\u00e1s sobre el rol del profesional en obras de diversa complejidad, siempre con un fuerte enfoque en los valores \u00e9ticos.<\/p><p><strong>Aprende a interpretar, planificar y presupuestar<\/strong><br \/>El curso se centra en que domines herramientas esenciales como la interpretaci\u00f3n de planos y especificaciones t\u00e9cnicas, el an\u00e1lisis de cubicaciones y la estimaci\u00f3n de costos. Conocer\u00e1s en detalle los principales procesos y t\u00e9cnicas constructivas, y aprender\u00e1s a seleccionar los m\u00e9todos y equipos m\u00e1s adecuados para cada proyecto.<\/p><p><strong>Adquiere una visi\u00f3n pr\u00e1ctica y actual<\/strong><br \/>Estudiar\u00e1s aspectos clave como la planificaci\u00f3n de obras, el uso de equipos de construcci\u00f3n y la importancia de la seguridad y la normativa vigente. Adem\u00e1s, comprender\u00e1s c\u00f3mo se gestionan los contratos y c\u00f3mo se eval\u00faan propuestas en proyectos reales.<\/p><p><strong>Enf\u00f3cate en la construcci\u00f3n sustentable<\/strong><br \/>Tambi\u00e9n explorar\u00e1s los desaf\u00edos de la construcci\u00f3n sustentable, analizando soluciones para proyectos m\u00e1s eficientes y responsables con el medioambiente.<\/p><p><strong>Aprende con una metodolog\u00eda activa<\/strong><br \/>El aprendizaje se basa en clases participativas, visitas a obras \u2014presenciales y virtuales\u2014, y el desarrollo de un proyecto real, donde aplicar\u00e1s lo aprendido en situaciones concretas, mejorando tus habilidades t\u00e9cnicas y de comunicaci\u00f3n.<\/p><p><strong>Este curso es una excelente puerta de entrada para quienes desean comprender, planificar y liderar proyectos de construcci\u00f3n con una mirada integral, t\u00e9cnica y sustentable.<\/strong><\/p><p>\u00a0<\/p>\t\t\t\t\t\t\t\t<\/div>\n\t\t\t\t<\/div>\n\t\t\t\t<\/div>\n\t\t<div class=\"elementor-element elementor-element-27b07a9 e-con-full e-flex wpr-particle-no wpr-jarallax-no wpr-parallax-no wpr-sticky-section-no wpr-equal-height-no e-con e-child\" data-id=\"27b07a9\" data-element_type=\"container\" data-e-type=\"container\">\n\t\t\t\t<\/div>\n\t\t\t\t\t<\/div>\n\t\t\t\t<\/div>\n\t\t<div class=\"elementor-element elementor-element-a0c2bf2 e-flex e-con-boxed wpr-particle-no wpr-jarallax-no wpr-parallax-no wpr-sticky-section-no wpr-equal-height-no e-con e-parent\" data-id=\"a0c2bf2\" data-element_type=\"container\" data-e-type=\"container\">\n\t\t\t\t\t<div class=\"e-con-inner\">\n\t\t\t\t\t<\/div>\n\t\t\t\t<\/div>\n\t\t<div class=\"elementor-element elementor-element-78cf5110 e-flex e-con-boxed wpr-particle-no wpr-jarallax-no wpr-parallax-no wpr-sticky-section-no wpr-equal-height-no e-con e-child\" data-id=\"78cf5110\" data-element_type=\"container\" data-e-type=\"container\">\n\t\t\t\t\t<div class=\"e-con-inner\">\n\t\t\t\t\t<\/div>\n\t\t\t\t<\/div>\n\t\t\t\t<\/div>\n\t\t","protected":false},"excerpt":{"rendered":"<p>Este curso introduce al alumno en la Ingenier\u00eda de Construcci\u00f3n y en sus \u00e1reas de especializaci\u00f3n, sintetizando las etapas que se desarrollan en un proyecto, desde la gestaci\u00f3n de la idea hasta la puesta en marcha del mismo, destacando a lo largo de \u00e9ste, los valores \u00e9ticos que se deber\u00edan tener presente para el desempe\u00f1o de la profesi\u00f3n. El \u00e9nfasis de este curso est\u00e1 en la interpretaci\u00f3n de especificaciones t\u00e9cnicas y planos, el estudio de cubicaciones, el estudio de costos de proyectos de construcci\u00f3n, y el estudio de tecnolog\u00edas de construcci\u00f3n.<\/p>\n","protected":false},"author":7,"featured_media":6190,"parent":0,"menu_order":51,"comment_status":"closed","ping_status":"closed","template":"elementor_header_footer","meta":{"_acf_changed":false,"_monsterinsights_skip_tracking":false,"_monsterinsights_sitenote_active":false,"_monsterinsights_sitenote_note":"","_monsterinsights_sitenote_category":0,"footnotes":""},"class_list":["post-6186","page","type-page","status-publish","has-post-thumbnail","hentry","post","post-with-thumbnail","post-with-thumbnail-large"],"acf":[],"aioseo_notices":[],"_links":{"self":[{"href":"https:\/\/www.ing.uc.cl\/ingenieria-y-gestion-construccion\/wp-json\/wp\/v2\/pages\/6186","targetHints":{"allow":["GET"]}}],"collection":[{"href":"https:\/\/www.ing.uc.cl\/ingenieria-y-gestion-construccion\/wp-json\/wp\/v2\/pages"}],"about":[{"href":"https:\/\/www.ing.uc.cl\/ingenieria-y-gestion-construccion\/wp-json\/wp\/v2\/types\/page"}],"author":[{"embeddable":true,"href":"https:\/\/www.ing.uc.cl\/ingenieria-y-gestion-construccion\/wp-json\/wp\/v2\/users\/7"}],"replies":[{"embeddable":true,"href":"https:\/\/www.ing.uc.cl\/ingenieria-y-gestion-construccion\/wp-json\/wp\/v2\/comments?post=6186"}],"version-history":[{"count":73,"href":"https:\/\/www.ing.uc.cl\/ingenieria-y-gestion-construccion\/wp-json\/wp\/v2\/pages\/6186\/revisions"}],"predecessor-version":[{"id":10014,"href":"https:\/\/www.ing.uc.cl\/ingenieria-y-gestion-construccion\/wp-json\/wp\/v2\/pages\/6186\/revisions\/10014"}],"wp:featuredmedia":[{"embeddable":true,"href":"https:\/\/www.ing.uc.cl\/ingenieria-y-gestion-construccion\/wp-json\/wp\/v2\/media\/6190"}],"wp:attachment":[{"href":"https:\/\/www.ing.uc.cl\/ingenieria-y-gestion-construccion\/wp-json\/wp\/v2\/media?parent=6186"}],"curies":[{"name":"wp","href":"https:\/\/api.w.org\/{rel}","templated":true}]}}