{"id":6279,"date":"2023-07-14T10:51:41","date_gmt":"2023-07-14T13:51:41","guid":{"rendered":"https:\/\/www.ing.uc.cl\/ingenieria-y-gestion-construccion\/?page_id=6279"},"modified":"2025-07-08T13:30:56","modified_gmt":"2025-07-08T16:30:56","slug":"curso-icc2514-2","status":"publish","type":"page","link":"https:\/\/www.ing.uc.cl\/ingenieria-y-gestion-construccion\/curso-icc2514-2\/","title":{"rendered":"Ingenier\u00eda Vial"},"content":{"rendered":"\t\t<div data-elementor-type=\"wp-page\" data-elementor-id=\"6279\" class=\"elementor elementor-6279\">\n\t\t\t\t<div class=\"elementor-element elementor-element-5f3f207 e-flex e-con-boxed wpr-particle-no wpr-jarallax-no wpr-parallax-no wpr-sticky-section-no wpr-equal-height-no e-con e-parent\" data-id=\"5f3f207\" data-element_type=\"container\" data-e-type=\"container\">\n\t\t\t\t\t<div class=\"e-con-inner\">\n\t\t<div class=\"elementor-element elementor-element-3da3a0e e-flex e-con-boxed wpr-particle-no wpr-jarallax-no wpr-parallax-no wpr-sticky-section-no wpr-equal-height-no e-con e-child\" data-id=\"3da3a0e\" data-element_type=\"container\" data-e-type=\"container\" data-settings=\"{&quot;background_background&quot;:&quot;classic&quot;}\">\n\t\t\t\t\t<div class=\"e-con-inner\">\n\t\t\t\t<div class=\"elementor-element elementor-element-40c29d7 elementor-widget elementor-widget-heading\" data-id=\"40c29d7\" data-element_type=\"widget\" data-e-type=\"widget\" data-widget_type=\"heading.default\">\n\t\t\t\t<div class=\"elementor-widget-container\">\n\t\t\t\t\t<h2 class=\"elementor-heading-title elementor-size-default\">Ingenier\u00eda Vial<\/h2>\t\t\t\t<\/div>\n\t\t\t\t<\/div>\n\t\t\t\t<div class=\"elementor-element elementor-element-aa17bcc elementor-widget elementor-widget-text-editor\" data-id=\"aa17bcc\" data-element_type=\"widget\" data-e-type=\"widget\" data-widget_type=\"text-editor.default\">\n\t\t\t\t<div class=\"elementor-widget-container\">\n\t\t\t\t\t\t\t\t\t<p>Departamento de Ingenier\u00eda y Gesti\u00f3n de la Construcci\u00f3n<\/p>\t\t\t\t\t\t\t\t<\/div>\n\t\t\t\t<\/div>\n\t\t\t\t<div class=\"elementor-element elementor-element-afc7af9 elementor-widget elementor-widget-text-editor\" data-id=\"afc7af9\" data-element_type=\"widget\" data-e-type=\"widget\" data-widget_type=\"text-editor.default\">\n\t\t\t\t<div class=\"elementor-widget-container\">\n\t\t\t\t\t\t\t\t\t<p>Requisitos ICC2104 o ICC2105<\/p>\t\t\t\t\t\t\t\t<\/div>\n\t\t\t\t<\/div>\n\t\t\t\t\t<\/div>\n\t\t\t\t<\/div>\n\t\t\t\t\t<\/div>\n\t\t\t\t<\/div>\n\t\t<div class=\"elementor-element elementor-element-8d2fbb6 e-flex e-con-boxed wpr-particle-no wpr-jarallax-no wpr-parallax-no wpr-sticky-section-no wpr-equal-height-no e-con e-parent\" data-id=\"8d2fbb6\" data-element_type=\"container\" data-e-type=\"container\" data-settings=\"{&quot;background_background&quot;:&quot;classic&quot;}\">\n\t\t\t\t\t<div class=\"e-con-inner\">\n\t\t<div class=\"elementor-element elementor-element-6cb3f99 e-con-full e-flex wpr-particle-no wpr-jarallax-no wpr-parallax-no wpr-sticky-section-no wpr-equal-height-no e-con e-child\" data-id=\"6cb3f99\" data-element_type=\"container\" data-e-type=\"container\" data-settings=\"{&quot;background_background&quot;:&quot;classic&quot;}\">\n\t\t\t\t<div class=\"elementor-element elementor-element-8845b00 elementor-widget elementor-widget-text-editor\" data-id=\"8845b00\" data-element_type=\"widget\" data-e-type=\"widget\" data-widget_type=\"text-editor.default\">\n\t\t\t\t<div class=\"elementor-widget-container\">\n\t\t\t\t\t\t\t\t\t<p><span style=\"color: var( --e-global-color-7dc57234 ); text-align: var(--text-align); font-size: 19px;\"><b>Horarios<\/b><\/span><\/p><p><span style=\"color: var( --e-global-color-7dc57234 ); font-size: 18px; text-align: var(--text-align);\">Lunes &#8211; Mi\u00e9rcoles\u00a0<\/span><\/p><p><span style=\"color: var( --e-global-color-7dc57234 ); font-size: 18px; text-align: var(--text-align);\"><strong>M\u00d3DULO 3<\/strong>\u00a0\/ <em>C\u00e1tedra<\/em><\/span><\/p>\t\t\t\t\t\t\t\t<\/div>\n\t\t\t\t<\/div>\n\t\t\t\t<div class=\"elementor-element elementor-element-5a6bfd7 elementor-widget__width-inherit elementor-widget-divider--view-line elementor-widget elementor-widget-divider\" data-id=\"5a6bfd7\" data-element_type=\"widget\" data-e-type=\"widget\" data-widget_type=\"divider.default\">\n\t\t\t\t<div class=\"elementor-widget-container\">\n\t\t\t\t\t\t\t<div class=\"elementor-divider\">\n\t\t\t<span class=\"elementor-divider-separator\">\n\t\t\t\t\t\t<\/span>\n\t\t<\/div>\n\t\t\t\t\t\t<\/div>\n\t\t\t\t<\/div>\n\t\t\t\t<div class=\"elementor-element elementor-element-a90ba52 elementor-widget elementor-widget-text-editor\" data-id=\"a90ba52\" data-element_type=\"widget\" data-e-type=\"widget\" data-widget_type=\"text-editor.default\">\n\t\t\t\t<div class=\"elementor-widget-container\">\n\t\t\t\t\t\t\t\t\t<p><span style=\"color: var( --e-global-color-7dc57234 ); font-size: 18px; text-align: var(--text-align); background-color: var( --e-global-color-1faaecab );\">Lunes<\/span><\/p><p><span style=\"color: var( --e-global-color-7dc57234 ); font-size: 18px; text-align: var(--text-align);\"><strong>M\u00d3DULO 5<\/strong>\u00a0\/ <em>Ayudant\u00eda<\/em><\/span><\/p>\t\t\t\t\t\t\t\t<\/div>\n\t\t\t\t<\/div>\n\t\t<div class=\"elementor-element elementor-element-5df9025 e-con-full e-flex wpr-particle-no wpr-jarallax-no wpr-parallax-no wpr-sticky-section-no wpr-equal-height-no e-con e-child\" data-id=\"5df9025\" data-element_type=\"container\" data-e-type=\"container\">\n\t\t\t\t<div class=\"elementor-element elementor-element-b8c0ba4 elementor-absolute elementor-widget elementor-widget-heading\" data-id=\"b8c0ba4\" data-element_type=\"widget\" data-e-type=\"widget\" data-settings=\"{&quot;_position&quot;:&quot;absolute&quot;}\" data-widget_type=\"heading.default\">\n\t\t\t\t<div class=\"elementor-widget-container\">\n\t\t\t\t\t<h2 class=\"elementor-heading-title elementor-size-default\">PROFESOR\n<br>PART TIME<\/h2>\t\t\t\t<\/div>\n\t\t\t\t<\/div>\n\t\t\t\t<div class=\"elementor-element elementor-element-97be7ee elementor-widget elementor-widget-image\" data-id=\"97be7ee\" data-element_type=\"widget\" data-e-type=\"widget\" data-widget_type=\"image.default\">\n\t\t\t\t<div class=\"elementor-widget-container\">\n\t\t\t\t\t\t\t\t\t\t\t\t\t\t\t<img fetchpriority=\"high\" decoding=\"async\" width=\"720\" height=\"720\" src=\"https:\/\/www.ing.uc.cl\/ingenieria-y-gestion-construccion\/wp-content\/uploads\/2025\/07\/Fd-48.png\" class=\"attachment-large size-large wp-image-9912\" alt=\"\" srcset=\"https:\/\/www.ing.uc.cl\/ingenieria-y-gestion-construccion\/wp-content\/uploads\/2025\/07\/Fd-48.png 800w, https:\/\/www.ing.uc.cl\/ingenieria-y-gestion-construccion\/wp-content\/uploads\/2025\/07\/Fd-48-300x300.png 300w, https:\/\/www.ing.uc.cl\/ingenieria-y-gestion-construccion\/wp-content\/uploads\/2025\/07\/Fd-48-150x150.png 150w, https:\/\/www.ing.uc.cl\/ingenieria-y-gestion-construccion\/wp-content\/uploads\/2025\/07\/Fd-48-768x768.png 768w, https:\/\/www.ing.uc.cl\/ingenieria-y-gestion-construccion\/wp-content\/uploads\/2025\/07\/Fd-48-200x200.png 200w, https:\/\/www.ing.uc.cl\/ingenieria-y-gestion-construccion\/wp-content\/uploads\/2025\/07\/Fd-48-400x400.png 400w\" sizes=\"(max-width: 720px) 100vw, 720px\" \/>\t\t\t\t\t\t\t\t\t\t\t\t\t\t\t<\/div>\n\t\t\t\t<\/div>\n\t\t\t\t<div class=\"elementor-element elementor-element-8daf454 elementor-absolute elementor-widget elementor-widget-heading\" data-id=\"8daf454\" data-element_type=\"widget\" data-e-type=\"widget\" data-settings=\"{&quot;_position&quot;:&quot;absolute&quot;}\" data-widget_type=\"heading.default\">\n\t\t\t\t<div class=\"elementor-widget-container\">\n\t\t\t\t\t<h2 class=\"elementor-heading-title elementor-size-default\">CONTRERAS<\/h2>\t\t\t\t<\/div>\n\t\t\t\t<\/div>\n\t\t\t\t<div class=\"elementor-element elementor-element-7ed15ec elementor-absolute elementor-widget elementor-widget-heading\" data-id=\"7ed15ec\" data-element_type=\"widget\" data-e-type=\"widget\" data-settings=\"{&quot;_position&quot;:&quot;absolute&quot;}\" data-widget_type=\"heading.default\">\n\t\t\t\t<div class=\"elementor-widget-container\">\n\t\t\t\t\t<h2 class=\"elementor-heading-title elementor-size-default\">MANUEL<\/h2>\t\t\t\t<\/div>\n\t\t\t\t<\/div>\n\t\t\t\t<div class=\"elementor-element elementor-element-837abce elementor-widget elementor-widget-text-editor\" data-id=\"837abce\" data-element_type=\"widget\" data-e-type=\"widget\" data-widget_type=\"text-editor.default\">\n\t\t\t\t<div class=\"elementor-widget-container\">\n\t\t\t\t\t\t\t\t\t<p>Civil Engineering and Master&#8217;s Degree in Engineering Sciences with Mention in Civil Engineering, Universidad de Concepci\u00f3n \/ Doctor of Philosophy in Civil Engineering (candidate) Pontificia Universidad Cat\u00f3lica de Chile<\/p>\t\t\t\t\t\t\t\t<\/div>\n\t\t\t\t<\/div>\n\t\t\t\t<\/div>\n\t\t<div class=\"elementor-element elementor-element-0676ee1 e-con-full e-flex wpr-particle-no wpr-jarallax-no wpr-parallax-no wpr-sticky-section-no wpr-equal-height-no e-con e-child\" data-id=\"0676ee1\" data-element_type=\"container\" data-e-type=\"container\">\n\t\t\t\t<div class=\"elementor-element elementor-element-a2124d0 elementor-absolute elementor-widget elementor-widget-heading\" data-id=\"a2124d0\" data-element_type=\"widget\" data-e-type=\"widget\" data-settings=\"{&quot;_position&quot;:&quot;absolute&quot;}\" data-widget_type=\"heading.default\">\n\t\t\t\t<div class=\"elementor-widget-container\">\n\t\t\t\t\t<h2 class=\"elementor-heading-title elementor-size-default\">PROFESORA\n<br>PART TIME<\/h2>\t\t\t\t<\/div>\n\t\t\t\t<\/div>\n\t\t\t\t<div class=\"elementor-element elementor-element-d21ccce elementor-widget elementor-widget-image\" data-id=\"d21ccce\" data-element_type=\"widget\" data-e-type=\"widget\" data-widget_type=\"image.default\">\n\t\t\t\t<div class=\"elementor-widget-container\">\n\t\t\t\t\t\t\t\t\t\t\t\t\t\t\t<img decoding=\"async\" width=\"255\" height=\"300\" src=\"https:\/\/www.ing.uc.cl\/ingenieria-y-gestion-construccion\/wp-content\/uploads\/2025\/07\/Fd-50.png\" class=\"attachment-large size-large wp-image-9921\" alt=\"\" \/>\t\t\t\t\t\t\t\t\t\t\t\t\t\t\t<\/div>\n\t\t\t\t<\/div>\n\t\t\t\t<div class=\"elementor-element elementor-element-30bb8e8 elementor-absolute elementor-widget elementor-widget-heading\" data-id=\"30bb8e8\" data-element_type=\"widget\" data-e-type=\"widget\" data-settings=\"{&quot;_position&quot;:&quot;absolute&quot;}\" data-widget_type=\"heading.default\">\n\t\t\t\t<div class=\"elementor-widget-container\">\n\t\t\t\t\t<h2 class=\"elementor-heading-title elementor-size-default\">Susana<\/h2>\t\t\t\t<\/div>\n\t\t\t\t<\/div>\n\t\t\t\t<div class=\"elementor-element elementor-element-8a4a44d elementor-absolute elementor-widget elementor-widget-heading\" data-id=\"8a4a44d\" data-element_type=\"widget\" data-e-type=\"widget\" data-settings=\"{&quot;_position&quot;:&quot;absolute&quot;}\" data-widget_type=\"heading.default\">\n\t\t\t\t<div class=\"elementor-widget-container\">\n\t\t\t\t\t<h2 class=\"elementor-heading-title elementor-size-default\">Achurra<\/h2>\t\t\t\t<\/div>\n\t\t\t\t<\/div>\n\t\t\t\t<div class=\"elementor-element elementor-element-713f1d9 elementor-widget elementor-widget-text-editor\" data-id=\"713f1d9\" data-element_type=\"widget\" data-e-type=\"widget\" data-widget_type=\"text-editor.default\">\n\t\t\t\t<div class=\"elementor-widget-container\">\n\t\t\t\t\t\t\t\t\t<p class=\"p1\">Magister en Ciencias de la Ingenier\u00eda, Pontificia Universidad Cat\u00f3lica de Chile \/ Ingeniero Civil, Universidad de Santiago de Chile<\/p>\t\t\t\t\t\t\t\t<\/div>\n\t\t\t\t<\/div>\n\t\t\t\t<\/div>\n\t\t\t\t<\/div>\n\t\t<div class=\"elementor-element elementor-element-f74edc9 e-con-full elementor-hidden-mobile e-flex wpr-particle-no wpr-jarallax-no wpr-parallax-no wpr-sticky-section-no wpr-equal-height-no e-con e-child\" data-id=\"f74edc9\" data-element_type=\"container\" data-e-type=\"container\">\n\t\t\t\t<\/div>\n\t\t<div class=\"elementor-element elementor-element-a085150 e-con-full e-flex wpr-particle-no wpr-jarallax-no wpr-parallax-no wpr-sticky-section-no wpr-equal-height-no e-con e-child\" data-id=\"a085150\" data-element_type=\"container\" data-e-type=\"container\">\n\t\t\t\t<div class=\"elementor-element elementor-element-a8931f2 elementor-widget elementor-widget-heading\" data-id=\"a8931f2\" data-element_type=\"widget\" data-e-type=\"widget\" data-widget_type=\"heading.default\">\n\t\t\t\t<div class=\"elementor-widget-container\">\n\t\t\t\t\t<h2 class=\"elementor-heading-title elementor-size-default\">Dise\u00f1a caminos que conectan el futuro\n<\/h2>\t\t\t\t<\/div>\n\t\t\t\t<\/div>\n\t\t\t\t<div class=\"elementor-element elementor-element-163e7c9 elementor-widget elementor-widget-text-editor\" data-id=\"163e7c9\" data-element_type=\"widget\" data-e-type=\"widget\" data-widget_type=\"text-editor.default\">\n\t\t\t\t<div class=\"elementor-widget-container\">\n\t\t\t\t\t\t\t\t\t<p data-start=\"258\" data-end=\"612\">Este curso te introduce al apasionante mundo de la <strong data-start=\"309\" data-end=\"328\">Ingenier\u00eda Vial<\/strong>, donde aprender\u00e1s a planificar, dise\u00f1ar y analizar proyectos viales desde su base. Aqu\u00ed conocer\u00e1s todo el proceso de <strong data-start=\"446\" data-end=\"475\">dise\u00f1o geom\u00e9trico de v\u00edas<\/strong>, abarcando desde el estudio inicial hasta la selecci\u00f3n de pavimentos, considerando siempre la <strong data-start=\"570\" data-end=\"588\">seguridad vial<\/strong> y el impacto ambiental.<\/p><p data-start=\"614\" data-end=\"919\">Aprender\u00e1s a utilizar herramientas clave como el <strong data-start=\"663\" data-end=\"690\">Highway Capacity Manual<\/strong> y metodolog\u00edas como <strong data-start=\"711\" data-end=\"721\">AASHTO<\/strong> para dise\u00f1ar caminos <strong data-start=\"743\" data-end=\"777\">rurales, urbanos y periurbanos<\/strong>. Adem\u00e1s, te formar\u00e1s en el <strong data-start=\"805\" data-end=\"841\">dise\u00f1o estructural de pavimentos<\/strong> a nivel b\u00e1sico, dominando los principales m\u00e9todos y programas especializados.<\/p>\t\t\t\t\t\t\t\t<\/div>\n\t\t\t\t<\/div>\n\t\t\t\t<div class=\"elementor-element elementor-element-e283d98 elementor-widget elementor-widget-heading\" data-id=\"e283d98\" data-element_type=\"widget\" data-e-type=\"widget\" data-widget_type=\"heading.default\">\n\t\t\t\t<div class=\"elementor-widget-container\">\n\t\t\t\t\t<h2 class=\"elementor-heading-title elementor-size-default\">Al finalizar el curso el alumno deber\u00e1 ser capaz de:<\/h2>\t\t\t\t<\/div>\n\t\t\t\t<\/div>\n\t\t\t\t<div class=\"elementor-element elementor-element-5b25eea elementor-widget elementor-widget-text-editor\" data-id=\"5b25eea\" data-element_type=\"widget\" data-e-type=\"widget\" data-widget_type=\"text-editor.default\">\n\t\t\t\t<div class=\"elementor-widget-container\">\n\t\t\t\t\t\t\t\t\t<p style=\"padding-left: 40px;\" data-start=\"988\" data-end=\"1067\">+ Identificar y aplicar las herramientas m\u00e1s importantes para el <strong data-start=\"1051\" data-end=\"1066\">dise\u00f1o vial<\/strong>.<\/p><p style=\"padding-left: 40px;\" data-start=\"1070\" data-end=\"1174\">+ Interpretar <strong data-start=\"1082\" data-end=\"1113\">levantamientos topogr\u00e1ficos<\/strong>, <strong data-start=\"1115\" data-end=\"1136\">estudios de suelo<\/strong> y otra informaci\u00f3n t\u00e9cnica relevante.<\/p><p style=\"padding-left: 40px;\" data-start=\"1070\" data-end=\"1174\">+ Dise\u00f1ar el trazado completo de una v\u00eda, desde el <strong data-start=\"1226\" data-end=\"1249\">perfil longitudinal<\/strong> hasta las <strong data-start=\"1260\" data-end=\"1278\">intersecciones<\/strong> y <strong data-start=\"1281\" data-end=\"1293\">rotondas<\/strong>.<\/p><p style=\"padding-left: 40px;\" data-start=\"1070\" data-end=\"1174\">+Analizar la <strong data-start=\"1309\" data-end=\"1337\">capacidad de circulaci\u00f3n<\/strong> en distintos tipos de carreteras.<\/p><p style=\"padding-left: 40px;\" data-start=\"1070\" data-end=\"1174\">+Dise\u00f1ar pavimentos de <strong data-start=\"1396\" data-end=\"1407\">asfalto<\/strong> y <strong data-start=\"1410\" data-end=\"1422\">hormig\u00f3n<\/strong>, considerando sus materiales y comportamiento estructural.<\/p><p style=\"padding-left: 40px;\" data-start=\"1070\" data-end=\"1174\">+Incorporar un enfoque moderno de <strong data-start=\"1517\" data-end=\"1535\">seguridad vial<\/strong> en tus proyectos.<\/p>\t\t\t\t\t\t\t\t<\/div>\n\t\t\t\t<\/div>\n\t\t\t\t<div class=\"elementor-element elementor-element-c73cb02 elementor-widget elementor-widget-heading\" data-id=\"c73cb02\" data-element_type=\"widget\" data-e-type=\"widget\" data-widget_type=\"heading.default\">\n\t\t\t\t<div class=\"elementor-widget-container\">\n\t\t\t\t\t<h2 class=\"elementor-heading-title elementor-size-default\">Metodolog\u00eda pr\u00e1ctica y aplicada<\/h2>\t\t\t\t<\/div>\n\t\t\t\t<\/div>\n\t\t\t\t<div class=\"elementor-element elementor-element-2b23e84 elementor-widget elementor-widget-text-editor\" data-id=\"2b23e84\" data-element_type=\"widget\" data-e-type=\"widget\" data-widget_type=\"text-editor.default\">\n\t\t\t\t<div class=\"elementor-widget-container\">\n\t\t\t\t\t\t\t\t\t<p data-start=\"988\" data-end=\"1067\">Tu aprendizaje ser\u00e1 activo y enfocado en la pr\u00e1ctica, con:<\/p><p style=\"padding-left: 40px;\" data-start=\"2239\" data-end=\"2287\">+ Clases expositivas y actividades participativas.<\/p><p style=\"padding-left: 40px;\" data-start=\"2290\" data-end=\"2340\">+ Tareas y proyectos que simulan situaciones reales.<\/p><p style=\"padding-left: 40px;\" data-start=\"2343\" data-end=\"2395\">+ Apoyo en <strong data-start=\"2352\" data-end=\"2366\">ayudant\u00edas<\/strong> para reforzar conocimientos.<\/p>\t\t\t\t\t\t\t\t<\/div>\n\t\t\t\t<\/div>\n\t\t\t\t<\/div>\n\t\t\t\t\t<\/div>\n\t\t\t\t<\/div>\n\t\t\t\t<\/div>\n\t\t","protected":false},"excerpt":{"rendered":"<p>Este curso introduce al alumno en la Ingenier\u00eda de Construcci\u00f3n y en sus \u00e1reas de especializaci\u00f3n, sintetizando las etapas que se desarrollan en un proyecto, desde la gestaci\u00f3n de la idea hasta la puesta en marcha del mismo, destacando a lo largo de \u00e9ste, los valores \u00e9ticos que se deber\u00edan tener presente para el desempe\u00f1o de la profesi\u00f3n. El \u00e9nfasis de este curso est\u00e1 en la interpretaci\u00f3n de especificaciones t\u00e9cnicas y planos, el estudio de cubicaciones, el estudio de costos de proyectos de construcci\u00f3n, y el estudio de tecnolog\u00edas de construcci\u00f3n.<\/p>\n","protected":false},"author":7,"featured_media":6190,"parent":0,"menu_order":34,"comment_status":"closed","ping_status":"closed","template":"elementor_header_footer","meta":{"_acf_changed":false,"_monsterinsights_skip_tracking":false,"_monsterinsights_sitenote_active":false,"_monsterinsights_sitenote_note":"","_monsterinsights_sitenote_category":0,"footnotes":""},"class_list":["post-6279","page","type-page","status-publish","has-post-thumbnail","hentry","post","post-with-thumbnail","post-with-thumbnail-large"],"acf":[],"aioseo_notices":[],"_links":{"self":[{"href":"https:\/\/www.ing.uc.cl\/ingenieria-y-gestion-construccion\/wp-json\/wp\/v2\/pages\/6279","targetHints":{"allow":["GET"]}}],"collection":[{"href":"https:\/\/www.ing.uc.cl\/ingenieria-y-gestion-construccion\/wp-json\/wp\/v2\/pages"}],"about":[{"href":"https:\/\/www.ing.uc.cl\/ingenieria-y-gestion-construccion\/wp-json\/wp\/v2\/types\/page"}],"author":[{"embeddable":true,"href":"https:\/\/www.ing.uc.cl\/ingenieria-y-gestion-construccion\/wp-json\/wp\/v2\/users\/7"}],"replies":[{"embeddable":true,"href":"https:\/\/www.ing.uc.cl\/ingenieria-y-gestion-construccion\/wp-json\/wp\/v2\/comments?post=6279"}],"version-history":[{"count":38,"href":"https:\/\/www.ing.uc.cl\/ingenieria-y-gestion-construccion\/wp-json\/wp\/v2\/pages\/6279\/revisions"}],"predecessor-version":[{"id":10018,"href":"https:\/\/www.ing.uc.cl\/ingenieria-y-gestion-construccion\/wp-json\/wp\/v2\/pages\/6279\/revisions\/10018"}],"wp:featuredmedia":[{"embeddable":true,"href":"https:\/\/www.ing.uc.cl\/ingenieria-y-gestion-construccion\/wp-json\/wp\/v2\/media\/6190"}],"wp:attachment":[{"href":"https:\/\/www.ing.uc.cl\/ingenieria-y-gestion-construccion\/wp-json\/wp\/v2\/media?parent=6279"}],"curies":[{"name":"wp","href":"https:\/\/api.w.org\/{rel}","templated":true}]}}