{"id":6326,"date":"2023-07-14T17:48:40","date_gmt":"2023-07-14T20:48:40","guid":{"rendered":"https:\/\/www.ing.uc.cl\/ingenieria-y-gestion-construccion\/?page_id=6326"},"modified":"2025-07-08T13:55:29","modified_gmt":"2025-07-08T16:55:29","slug":"curso-icc3272","status":"publish","type":"page","link":"https:\/\/www.ing.uc.cl\/ingenieria-y-gestion-construccion\/curso-icc3272\/","title":{"rendered":"Manejo de Riesgo en Proyectos"},"content":{"rendered":"\t\t<div data-elementor-type=\"wp-page\" data-elementor-id=\"6326\" class=\"elementor elementor-6326\">\n\t\t\t\t<div class=\"elementor-element elementor-element-5f3f207 e-flex e-con-boxed wpr-particle-no wpr-jarallax-no wpr-parallax-no wpr-sticky-section-no wpr-equal-height-no e-con e-parent\" data-id=\"5f3f207\" data-element_type=\"container\" data-e-type=\"container\">\n\t\t\t\t\t<div class=\"e-con-inner\">\n\t\t<div class=\"elementor-element elementor-element-3da3a0e e-flex e-con-boxed wpr-particle-no wpr-jarallax-no wpr-parallax-no wpr-sticky-section-no wpr-equal-height-no e-con e-child\" data-id=\"3da3a0e\" data-element_type=\"container\" data-e-type=\"container\" data-settings=\"{&quot;background_background&quot;:&quot;classic&quot;}\">\n\t\t\t\t\t<div class=\"e-con-inner\">\n\t\t\t\t<div class=\"elementor-element elementor-element-40c29d7 elementor-widget elementor-widget-heading\" data-id=\"40c29d7\" data-element_type=\"widget\" data-e-type=\"widget\" data-widget_type=\"heading.default\">\n\t\t\t\t<div class=\"elementor-widget-container\">\n\t\t\t\t\t<h2 class=\"elementor-heading-title elementor-size-default\">Manejo de Riesgo\nen Proyectos<\/h2>\t\t\t\t<\/div>\n\t\t\t\t<\/div>\n\t\t\t\t<div class=\"elementor-element elementor-element-aa17bcc elementor-widget elementor-widget-text-editor\" data-id=\"aa17bcc\" data-element_type=\"widget\" data-e-type=\"widget\" data-widget_type=\"text-editor.default\">\n\t\t\t\t<div class=\"elementor-widget-container\">\n\t\t\t\t\t\t\t\t\t<p>Departamento de Ingenier\u00eda y Gesti\u00f3n de la Construcci\u00f3n<\/p>\t\t\t\t\t\t\t\t<\/div>\n\t\t\t\t<\/div>\n\t\t\t\t\t<\/div>\n\t\t\t\t<\/div>\n\t\t\t\t\t<\/div>\n\t\t\t\t<\/div>\n\t\t<div class=\"elementor-element elementor-element-8d2fbb6 e-flex e-con-boxed wpr-particle-no wpr-jarallax-no wpr-parallax-no wpr-sticky-section-no wpr-equal-height-no e-con e-parent\" data-id=\"8d2fbb6\" data-element_type=\"container\" data-e-type=\"container\" data-settings=\"{&quot;background_background&quot;:&quot;classic&quot;}\">\n\t\t\t\t\t<div class=\"e-con-inner\">\n\t\t<div class=\"elementor-element elementor-element-6cb3f99 e-con-full e-flex wpr-particle-no wpr-jarallax-no wpr-parallax-no wpr-sticky-section-no wpr-equal-height-no e-con e-child\" data-id=\"6cb3f99\" data-element_type=\"container\" data-e-type=\"container\" data-settings=\"{&quot;background_background&quot;:&quot;classic&quot;}\">\n\t\t\t\t<div class=\"elementor-element elementor-element-8845b00 elementor-widget elementor-widget-text-editor\" data-id=\"8845b00\" data-element_type=\"widget\" data-e-type=\"widget\" data-widget_type=\"text-editor.default\">\n\t\t\t\t<div class=\"elementor-widget-container\">\n\t\t\t\t\t\t\t\t\t<p><span style=\"color: var( --e-global-color-7dc57234 ); text-align: var(--text-align); font-size: 19px;\"><b>Horarios<\/b><\/span><\/p>\n<p><span style=\"color: var( --e-global-color-7dc57234 ); font-size: 18px; text-align: var(--text-align);\">Lunes &#8211; Mi\u00e9rcoles&nbsp;<\/span><\/p>\n<p><span style=\"color: var( --e-global-color-7dc57234 ); font-size: 18px; text-align: var(--text-align);\"><strong>M\u00d3DULO 2<\/strong> \/ <em>C\u00e1tedra<\/em><\/span><\/p>\t\t\t\t\t\t\t\t<\/div>\n\t\t\t\t<\/div>\n\t\t\t\t<div class=\"elementor-element elementor-element-5a6bfd7 elementor-widget-divider--view-line elementor-widget elementor-widget-divider\" data-id=\"5a6bfd7\" data-element_type=\"widget\" data-e-type=\"widget\" data-widget_type=\"divider.default\">\n\t\t\t\t<div class=\"elementor-widget-container\">\n\t\t\t\t\t\t\t<div class=\"elementor-divider\">\n\t\t\t<span class=\"elementor-divider-separator\">\n\t\t\t\t\t\t<\/span>\n\t\t<\/div>\n\t\t\t\t\t\t<\/div>\n\t\t\t\t<\/div>\n\t\t<div class=\"elementor-element elementor-element-3b54ffc e-flex e-con-boxed wpr-particle-no wpr-jarallax-no wpr-parallax-no wpr-sticky-section-no wpr-equal-height-no e-con e-child\" data-id=\"3b54ffc\" data-element_type=\"container\" data-e-type=\"container\">\n\t\t\t\t\t<div class=\"e-con-inner\">\n\t\t\t\t<div class=\"elementor-element elementor-element-7ad5400 elementor-absolute elementor-widget elementor-widget-heading\" data-id=\"7ad5400\" data-element_type=\"widget\" data-e-type=\"widget\" data-settings=\"{&quot;_position&quot;:&quot;absolute&quot;}\" data-widget_type=\"heading.default\">\n\t\t\t\t<div class=\"elementor-widget-container\">\n\t\t\t\t\t<h2 class=\"elementor-heading-title elementor-size-default\">PROFESOR \n<br>ASISTENTE<\/h2>\t\t\t\t<\/div>\n\t\t\t\t<\/div>\n\t\t\t\t<div class=\"elementor-element elementor-element-a86347f elementor-widget elementor-widget-image\" data-id=\"a86347f\" data-element_type=\"widget\" data-e-type=\"widget\" data-widget_type=\"image.default\">\n\t\t\t\t<div class=\"elementor-widget-container\">\n\t\t\t\t\t\t\t\t\t\t\t\t\t\t\t<img fetchpriority=\"high\" decoding=\"async\" width=\"720\" height=\"665\" src=\"https:\/\/www.ing.uc.cl\/ingenieria-y-gestion-construccion\/wp-content\/uploads\/2025\/01\/BB-BN.png\" class=\"attachment-large size-large wp-image-9516\" alt=\"\" srcset=\"https:\/\/www.ing.uc.cl\/ingenieria-y-gestion-construccion\/wp-content\/uploads\/2025\/01\/BB-BN.png 751w, https:\/\/www.ing.uc.cl\/ingenieria-y-gestion-construccion\/wp-content\/uploads\/2025\/01\/BB-BN-300x277.png 300w, https:\/\/www.ing.uc.cl\/ingenieria-y-gestion-construccion\/wp-content\/uploads\/2025\/01\/BB-BN-400x370.png 400w\" sizes=\"(max-width: 720px) 100vw, 720px\" \/>\t\t\t\t\t\t\t\t\t\t\t\t\t\t\t<\/div>\n\t\t\t\t<\/div>\n\t\t\t\t<div class=\"elementor-element elementor-element-253d84e elementor-absolute elementor-widget elementor-widget-heading\" data-id=\"253d84e\" data-element_type=\"widget\" data-e-type=\"widget\" data-settings=\"{&quot;_position&quot;:&quot;absolute&quot;}\" data-widget_type=\"heading.default\">\n\t\t\t\t<div class=\"elementor-widget-container\">\n\t\t\t\t\t<h2 class=\"elementor-heading-title elementor-size-default\">barkokebas<\/h2>\t\t\t\t<\/div>\n\t\t\t\t<\/div>\n\t\t\t\t<div class=\"elementor-element elementor-element-6c73b3c elementor-absolute elementor-widget elementor-widget-heading\" data-id=\"6c73b3c\" data-element_type=\"widget\" data-e-type=\"widget\" data-settings=\"{&quot;_position&quot;:&quot;absolute&quot;}\" data-widget_type=\"heading.default\">\n\t\t\t\t<div class=\"elementor-widget-container\">\n\t\t\t\t\t<h2 class=\"elementor-heading-title elementor-size-default\">beda<\/h2>\t\t\t\t<\/div>\n\t\t\t\t<\/div>\n\t\t\t\t<div class=\"elementor-element elementor-element-cb8600e elementor-widget elementor-widget-text-editor\" data-id=\"cb8600e\" data-element_type=\"widget\" data-e-type=\"widget\" data-widget_type=\"text-editor.default\">\n\t\t\t\t<div class=\"elementor-widget-container\">\n\t\t\t\t\t\t\t\t\t<p class=\"p1\">BSc in Civil Engineering, University of Pernambuco, Recife, Brazil \/ MSc in Construction Engineering and Management \/ PhD in Construction Engineering and Management, University of Alberta, Canada.<\/p>\t\t\t\t\t\t\t\t<\/div>\n\t\t\t\t<\/div>\n\t\t\t\t\t<\/div>\n\t\t\t\t<\/div>\n\t\t<div class=\"elementor-element elementor-element-29d361e e-flex e-con-boxed wpr-particle-no wpr-jarallax-no wpr-parallax-no wpr-sticky-section-no wpr-equal-height-no e-con e-child\" data-id=\"29d361e\" data-element_type=\"container\" data-e-type=\"container\">\n\t\t\t\t\t<div class=\"e-con-inner\">\n\t\t\t\t<div class=\"elementor-element elementor-element-aabae56 elementor-absolute elementor-widget elementor-widget-heading\" data-id=\"aabae56\" data-element_type=\"widget\" data-e-type=\"widget\" data-settings=\"{&quot;_position&quot;:&quot;absolute&quot;}\" data-widget_type=\"heading.default\">\n\t\t\t\t<div class=\"elementor-widget-container\">\n\t\t\t\t\t<h2 class=\"elementor-heading-title elementor-size-default\">PROFESOR \n<br>PART TIME<\/h2>\t\t\t\t<\/div>\n\t\t\t\t<\/div>\n\t\t\t\t<div class=\"elementor-element elementor-element-be4a6a7 elementor-widget elementor-widget-image\" data-id=\"be4a6a7\" data-element_type=\"widget\" data-e-type=\"widget\" data-widget_type=\"image.default\">\n\t\t\t\t<div class=\"elementor-widget-container\">\n\t\t\t\t\t\t\t\t\t\t\t\t\t\t\t<img decoding=\"async\" width=\"444\" height=\"423\" src=\"https:\/\/www.ing.uc.cl\/ingenieria-y-gestion-construccion\/wp-content\/uploads\/2023\/07\/eg.jpg\" class=\"attachment-large size-large wp-image-6331\" alt=\"\" srcset=\"https:\/\/www.ing.uc.cl\/ingenieria-y-gestion-construccion\/wp-content\/uploads\/2023\/07\/eg.jpg 444w, https:\/\/www.ing.uc.cl\/ingenieria-y-gestion-construccion\/wp-content\/uploads\/2023\/07\/eg-300x286.jpg 300w, https:\/\/www.ing.uc.cl\/ingenieria-y-gestion-construccion\/wp-content\/uploads\/2023\/07\/eg-400x381.jpg 400w\" sizes=\"(max-width: 444px) 100vw, 444px\" \/>\t\t\t\t\t\t\t\t\t\t\t\t\t\t\t<\/div>\n\t\t\t\t<\/div>\n\t\t\t\t<div class=\"elementor-element elementor-element-a55a096 elementor-absolute elementor-widget elementor-widget-heading\" data-id=\"a55a096\" data-element_type=\"widget\" data-e-type=\"widget\" data-settings=\"{&quot;_position&quot;:&quot;absolute&quot;}\" data-widget_type=\"heading.default\">\n\t\t\t\t<div class=\"elementor-widget-container\">\n\t\t\t\t\t<h2 class=\"elementor-heading-title elementor-size-default\">EDGARDO<\/h2>\t\t\t\t<\/div>\n\t\t\t\t<\/div>\n\t\t\t\t<div class=\"elementor-element elementor-element-7fcb22c elementor-absolute elementor-widget elementor-widget-heading\" data-id=\"7fcb22c\" data-element_type=\"widget\" data-e-type=\"widget\" data-settings=\"{&quot;_position&quot;:&quot;absolute&quot;}\" data-widget_type=\"heading.default\">\n\t\t\t\t<div class=\"elementor-widget-container\">\n\t\t\t\t\t<h2 class=\"elementor-heading-title elementor-size-default\">GAETE<\/h2>\t\t\t\t<\/div>\n\t\t\t\t<\/div>\n\t\t\t\t<div class=\"elementor-element elementor-element-13fa5d9 elementor-widget elementor-widget-text-editor\" data-id=\"13fa5d9\" data-element_type=\"widget\" data-e-type=\"widget\" data-widget_type=\"text-editor.default\">\n\t\t\t\t<div class=\"elementor-widget-container\">\n\t\t\t\t\t\t\t\t\t<p class=\"p1\">Ingeniero Polit\u00e9cnico Aeron\u00e1utico, Academia Polit\u00e9cnica Aeron\u00e1utica \/ Mag\u00edster en Evaluaci\u00f3n y Gesti\u00f3n de Proyectos Privados y de Defensa, Academia Polit\u00e9cnica MIlitar<\/p>\t\t\t\t\t\t\t\t<\/div>\n\t\t\t\t<\/div>\n\t\t\t\t\t<\/div>\n\t\t\t\t<\/div>\n\t\t\t\t<\/div>\n\t\t<div class=\"elementor-element elementor-element-f74edc9 e-con-full elementor-hidden-mobile e-flex wpr-particle-no wpr-jarallax-no wpr-parallax-no wpr-sticky-section-no wpr-equal-height-no e-con e-child\" data-id=\"f74edc9\" data-element_type=\"container\" data-e-type=\"container\">\n\t\t\t\t<\/div>\n\t\t<div class=\"elementor-element elementor-element-a085150 e-con-full e-flex wpr-particle-no wpr-jarallax-no wpr-parallax-no wpr-sticky-section-no wpr-equal-height-no e-con e-child\" data-id=\"a085150\" data-element_type=\"container\" data-e-type=\"container\">\n\t\t\t\t<div class=\"elementor-element elementor-element-a8931f2 elementor-widget elementor-widget-heading\" data-id=\"a8931f2\" data-element_type=\"widget\" data-e-type=\"widget\" data-widget_type=\"heading.default\">\n\t\t\t\t<div class=\"elementor-widget-container\">\n\t\t\t\t\t<h2 class=\"elementor-heading-title elementor-size-default\">Descripci\u00f3n:<\/h2>\t\t\t\t<\/div>\n\t\t\t\t<\/div>\n\t\t\t\t<div class=\"elementor-element elementor-element-163e7c9 elementor-widget elementor-widget-text-editor\" data-id=\"163e7c9\" data-element_type=\"widget\" data-e-type=\"widget\" data-widget_type=\"text-editor.default\">\n\t\t\t\t<div class=\"elementor-widget-container\">\n\t\t\t\t\t\t\t\t\t<p class=\"p1\">La industria de la construcci\u00f3n presenta numerosas condiciones de riesgo. En la actualidad, con mercados m\u00e1s competitivos, introducci\u00f3n de nuevas tecnolog\u00edas y condiciones econ\u00f3micas m\u00e1s dif\u00edciles, la construcci\u00f3n debe asumir riesgos a\u00fan en mayor proporci\u00f3n. Este curso pretende capacitar al alumno para identi\u2000car, modelar, analizar y evaluar los riesgos de una empresa o proyecto de construcci\u00f3n, y establecer estrategias de manejo de riesgos para reducir el impacto producto de la ocurrencia de estos eventos no deseados, a trav\u00e9s de decisiones adecuadas en la administraci\u00f3n de un proyecto o empresa.<\/p>\t\t\t\t\t\t\t\t<\/div>\n\t\t\t\t<\/div>\n\t\t\t\t<div class=\"elementor-element elementor-element-e283d98 elementor-widget elementor-widget-heading\" data-id=\"e283d98\" data-element_type=\"widget\" data-e-type=\"widget\" data-widget_type=\"heading.default\">\n\t\t\t\t<div class=\"elementor-widget-container\">\n\t\t\t\t\t<h2 class=\"elementor-heading-title elementor-size-default\">Contenido:<\/h2>\t\t\t\t<\/div>\n\t\t\t\t<\/div>\n\t\t\t\t<div class=\"elementor-element elementor-element-5b25eea elementor-widget elementor-widget-text-editor\" data-id=\"5b25eea\" data-element_type=\"widget\" data-e-type=\"widget\" data-widget_type=\"text-editor.default\">\n\t\t\t\t<div class=\"elementor-widget-container\">\n\t\t\t\t\t\t\t\t\t<p style=\"padding-left: 40px;\">+ Introducci\u00f3n: el riesgo en la industria de la construcci\u00f3n, taxonom\u00eda de riesgos en la construcci\u00f3n, etapas del manejo del riesgo.<\/p><p class=\"p1\" style=\"padding-left: 40px;\">+ An\u00e1lisis de decisiones: introducci\u00f3n, enfoque anal\u00edtico, modelaci\u00f3n de decisiones, toma de decisiones en condiciones de incertidumbre, evaluaci\u00f3n subjetiva de distribuciones de probabilidad, revisi\u00f3n bayesiana, el valor de la informaci\u00f3n.<\/p><p class=\"p1\" style=\"padding-left: 40px;\">+ Actitudes hacia el riesgo: una actitud consistente frente al riesgo, funciones de utilidad, codi\u2000caci\u00f3n de una funci\u00f3n de utilidad, aspectos del comportamiento humano, limitaciones.<\/p><p class=\"p1\" style=\"padding-left: 40px;\">+ Decisiones con m\u00faltiples atributos: descripci\u00f3n del problema, reglas de decisi\u00f3n con m\u00faltiples objetivos, sistemas ponderados.<\/p>\t\t\t\t\t\t\t\t<\/div>\n\t\t\t\t<\/div>\n\t\t\t\t<\/div>\n\t\t\t\t\t<\/div>\n\t\t\t\t<\/div>\n\t\t\t\t<\/div>\n\t\t","protected":false},"excerpt":{"rendered":"<p>Este curso introduce al alumno en la Ingenier\u00eda de Construcci\u00f3n y en sus \u00e1reas de especializaci\u00f3n, sintetizando las etapas que se desarrollan en un proyecto, desde la gestaci\u00f3n de la idea hasta la puesta en marcha del mismo, destacando a lo largo de \u00e9ste, los valores \u00e9ticos que se deber\u00edan tener presente para el desempe\u00f1o de la profesi\u00f3n. El \u00e9nfasis de este curso est\u00e1 en la interpretaci\u00f3n de especificaciones t\u00e9cnicas y planos, el estudio de cubicaciones, el estudio de costos de proyectos de construcci\u00f3n, y el estudio de tecnolog\u00edas de construcci\u00f3n.<\/p>\n","protected":false},"author":7,"featured_media":6190,"parent":0,"menu_order":44,"comment_status":"closed","ping_status":"closed","template":"elementor_header_footer","meta":{"_acf_changed":false,"_monsterinsights_skip_tracking":false,"_monsterinsights_sitenote_active":false,"_monsterinsights_sitenote_note":"","_monsterinsights_sitenote_category":0,"footnotes":""},"class_list":["post-6326","page","type-page","status-publish","has-post-thumbnail","hentry","post","post-with-thumbnail","post-with-thumbnail-large"],"acf":[],"aioseo_notices":[],"_links":{"self":[{"href":"https:\/\/www.ing.uc.cl\/ingenieria-y-gestion-construccion\/wp-json\/wp\/v2\/pages\/6326","targetHints":{"allow":["GET"]}}],"collection":[{"href":"https:\/\/www.ing.uc.cl\/ingenieria-y-gestion-construccion\/wp-json\/wp\/v2\/pages"}],"about":[{"href":"https:\/\/www.ing.uc.cl\/ingenieria-y-gestion-construccion\/wp-json\/wp\/v2\/types\/page"}],"author":[{"embeddable":true,"href":"https:\/\/www.ing.uc.cl\/ingenieria-y-gestion-construccion\/wp-json\/wp\/v2\/users\/7"}],"replies":[{"embeddable":true,"href":"https:\/\/www.ing.uc.cl\/ingenieria-y-gestion-construccion\/wp-json\/wp\/v2\/comments?post=6326"}],"version-history":[{"count":28,"href":"https:\/\/www.ing.uc.cl\/ingenieria-y-gestion-construccion\/wp-json\/wp\/v2\/pages\/6326\/revisions"}],"predecessor-version":[{"id":10041,"href":"https:\/\/www.ing.uc.cl\/ingenieria-y-gestion-construccion\/wp-json\/wp\/v2\/pages\/6326\/revisions\/10041"}],"wp:featuredmedia":[{"embeddable":true,"href":"https:\/\/www.ing.uc.cl\/ingenieria-y-gestion-construccion\/wp-json\/wp\/v2\/media\/6190"}],"wp:attachment":[{"href":"https:\/\/www.ing.uc.cl\/ingenieria-y-gestion-construccion\/wp-json\/wp\/v2\/media?parent=6326"}],"curies":[{"name":"wp","href":"https:\/\/api.w.org\/{rel}","templated":true}]}}