{"id":6388,"date":"2023-07-17T17:46:42","date_gmt":"2023-07-17T20:46:42","guid":{"rendered":"https:\/\/www.ing.uc.cl\/ingenieria-y-gestion-construccion\/?page_id=6388"},"modified":"2025-07-08T13:53:43","modified_gmt":"2025-07-08T16:53:43","slug":"curso-icc2904","status":"publish","type":"page","link":"https:\/\/www.ing.uc.cl\/ingenieria-y-gestion-construccion\/curso-icc2904\/","title":{"rendered":"Taller de Mejoramiento en Ingenier\u00eda de Construcci\u00f3n"},"content":{"rendered":"\t\t<div data-elementor-type=\"wp-page\" data-elementor-id=\"6388\" class=\"elementor elementor-6388\">\n\t\t\t\t<div class=\"elementor-element elementor-element-5f3f207 e-flex e-con-boxed wpr-particle-no wpr-jarallax-no wpr-parallax-no wpr-sticky-section-no wpr-equal-height-no e-con e-parent\" data-id=\"5f3f207\" data-element_type=\"container\" data-e-type=\"container\">\n\t\t\t\t\t<div class=\"e-con-inner\">\n\t\t<div class=\"elementor-element elementor-element-3da3a0e e-flex e-con-boxed wpr-particle-no wpr-jarallax-no wpr-parallax-no wpr-sticky-section-no wpr-equal-height-no e-con e-child\" data-id=\"3da3a0e\" data-element_type=\"container\" data-e-type=\"container\" data-settings=\"{&quot;background_background&quot;:&quot;classic&quot;}\">\n\t\t\t\t\t<div class=\"e-con-inner\">\n\t\t\t\t<div class=\"elementor-element elementor-element-c405957 elementor-widget elementor-widget-heading\" data-id=\"c405957\" data-element_type=\"widget\" data-e-type=\"widget\" data-widget_type=\"heading.default\">\n\t\t\t\t<div class=\"elementor-widget-container\">\n\t\t\t\t\t<h2 class=\"elementor-heading-title elementor-size-default\">Taller de Mejoramiento en Ingenier\u00eda de Construcci\u00f3n<\/h2>\t\t\t\t<\/div>\n\t\t\t\t<\/div>\n\t\t\t\t<div class=\"elementor-element elementor-element-aa17bcc elementor-widget elementor-widget-text-editor\" data-id=\"aa17bcc\" data-element_type=\"widget\" data-e-type=\"widget\" data-widget_type=\"text-editor.default\">\n\t\t\t\t<div class=\"elementor-widget-container\">\n\t\t\t\t\t\t\t\t\t<p>Departamento de Ingenier\u00eda y Gesti\u00f3n de la Construcci\u00f3n<\/p>\t\t\t\t\t\t\t\t<\/div>\n\t\t\t\t<\/div>\n\t\t\t\t<div class=\"elementor-element elementor-element-afc7af9 elementor-widget elementor-widget-text-editor\" data-id=\"afc7af9\" data-element_type=\"widget\" data-e-type=\"widget\" data-widget_type=\"text-editor.default\">\n\t\t\t\t<div class=\"elementor-widget-container\">\n\t\t\t\t\t\t\t\t\t<p>Requisitos ICC2104 o ICC2105, ICC2204 y ICC2304<\/p>\t\t\t\t\t\t\t\t<\/div>\n\t\t\t\t<\/div>\n\t\t\t\t\t<\/div>\n\t\t\t\t<\/div>\n\t\t\t\t\t<\/div>\n\t\t\t\t<\/div>\n\t\t<div class=\"elementor-element elementor-element-8d2fbb6 e-flex e-con-boxed wpr-particle-no wpr-jarallax-no wpr-parallax-no wpr-sticky-section-no wpr-equal-height-no e-con e-parent\" data-id=\"8d2fbb6\" data-element_type=\"container\" data-e-type=\"container\" data-settings=\"{&quot;background_background&quot;:&quot;classic&quot;}\">\n\t\t\t\t\t<div class=\"e-con-inner\">\n\t\t<div class=\"elementor-element elementor-element-6cb3f99 e-con-full e-flex wpr-particle-no wpr-jarallax-no wpr-parallax-no wpr-sticky-section-no wpr-equal-height-no e-con e-child\" data-id=\"6cb3f99\" data-element_type=\"container\" data-e-type=\"container\" data-settings=\"{&quot;background_background&quot;:&quot;classic&quot;}\">\n\t\t\t\t<div class=\"elementor-element elementor-element-8845b00 elementor-widget elementor-widget-text-editor\" data-id=\"8845b00\" data-element_type=\"widget\" data-e-type=\"widget\" data-widget_type=\"text-editor.default\">\n\t\t\t\t<div class=\"elementor-widget-container\">\n\t\t\t\t\t\t\t\t\t<p><span style=\"color: var( --e-global-color-7dc57234 ); text-align: var(--text-align); font-size: 19px;\"><b>Horarios<\/b><\/span><\/p><p><span style=\"color: var( --e-global-color-7dc57234 ); font-size: 18px; text-align: var(--text-align);\">Lunes &#8211; Mi\u00e9rcoles<\/span><\/p><p><span style=\"color: var( --e-global-color-7dc57234 ); font-size: 18px; text-align: var(--text-align);\"><strong>M\u00d3DULO 4<\/strong>\u00a0\/ <em>C\u00e1tedra<\/em><\/span><\/p>\t\t\t\t\t\t\t\t<\/div>\n\t\t\t\t<\/div>\n\t\t\t\t<div class=\"elementor-element elementor-element-5a6bfd7 elementor-widget__width-inherit elementor-widget-divider--view-line elementor-widget elementor-widget-divider\" data-id=\"5a6bfd7\" data-element_type=\"widget\" data-e-type=\"widget\" data-widget_type=\"divider.default\">\n\t\t\t\t<div class=\"elementor-widget-container\">\n\t\t\t\t\t\t\t<div class=\"elementor-divider\">\n\t\t\t<span class=\"elementor-divider-separator\">\n\t\t\t\t\t\t<\/span>\n\t\t<\/div>\n\t\t\t\t\t\t<\/div>\n\t\t\t\t<\/div>\n\t\t<div class=\"elementor-element elementor-element-e0cacef e-con-full e-flex wpr-particle-no wpr-jarallax-no wpr-parallax-no wpr-sticky-section-no wpr-equal-height-no e-con e-child\" data-id=\"e0cacef\" data-element_type=\"container\" data-e-type=\"container\">\n\t\t\t\t<div class=\"elementor-element elementor-element-fe557f5 elementor-absolute elementor-widget elementor-widget-heading\" data-id=\"fe557f5\" data-element_type=\"widget\" data-e-type=\"widget\" data-settings=\"{&quot;_position&quot;:&quot;absolute&quot;}\" data-widget_type=\"heading.default\">\n\t\t\t\t<div class=\"elementor-widget-container\">\n\t\t\t\t\t<h2 class=\"elementor-heading-title elementor-size-default\">PROFESOR \n<br>ASISTENTE<\/h2>\t\t\t\t<\/div>\n\t\t\t\t<\/div>\n\t\t\t\t<div class=\"elementor-element elementor-element-5f54788 elementor-widget elementor-widget-image\" data-id=\"5f54788\" data-element_type=\"widget\" data-e-type=\"widget\" data-widget_type=\"image.default\">\n\t\t\t\t<div class=\"elementor-widget-container\">\n\t\t\t\t\t\t\t\t\t\t\t\t\t\t\t<img fetchpriority=\"high\" decoding=\"async\" width=\"720\" height=\"720\" src=\"https:\/\/www.ing.uc.cl\/ingenieria-y-gestion-construccion\/wp-content\/uploads\/2025\/07\/Fd-40-1024x1024.jpg\" class=\"attachment-large size-large wp-image-9850\" alt=\"\" srcset=\"https:\/\/www.ing.uc.cl\/ingenieria-y-gestion-construccion\/wp-content\/uploads\/2025\/07\/Fd-40-1024x1024.jpg 1024w, https:\/\/www.ing.uc.cl\/ingenieria-y-gestion-construccion\/wp-content\/uploads\/2025\/07\/Fd-40-300x300.jpg 300w, https:\/\/www.ing.uc.cl\/ingenieria-y-gestion-construccion\/wp-content\/uploads\/2025\/07\/Fd-40-150x150.jpg 150w, https:\/\/www.ing.uc.cl\/ingenieria-y-gestion-construccion\/wp-content\/uploads\/2025\/07\/Fd-40-768x768.jpg 768w, https:\/\/www.ing.uc.cl\/ingenieria-y-gestion-construccion\/wp-content\/uploads\/2025\/07\/Fd-40-200x200.jpg 200w, https:\/\/www.ing.uc.cl\/ingenieria-y-gestion-construccion\/wp-content\/uploads\/2025\/07\/Fd-40-400x400.jpg 400w, https:\/\/www.ing.uc.cl\/ingenieria-y-gestion-construccion\/wp-content\/uploads\/2025\/07\/Fd-40.jpg 1149w\" sizes=\"(max-width: 720px) 100vw, 720px\" \/>\t\t\t\t\t\t\t\t\t\t\t\t\t\t\t<\/div>\n\t\t\t\t<\/div>\n\t\t\t\t<div class=\"elementor-element elementor-element-0986815 elementor-absolute elementor-widget elementor-widget-heading\" data-id=\"0986815\" data-element_type=\"widget\" data-e-type=\"widget\" data-settings=\"{&quot;_position&quot;:&quot;absolute&quot;}\" data-widget_type=\"heading.default\">\n\t\t\t\t<div class=\"elementor-widget-container\">\n\t\t\t\t\t<h2 class=\"elementor-heading-title elementor-size-default\">Valdivieso<\/h2>\t\t\t\t<\/div>\n\t\t\t\t<\/div>\n\t\t\t\t<div class=\"elementor-element elementor-element-0fea7cb elementor-absolute elementor-widget elementor-widget-heading\" data-id=\"0fea7cb\" data-element_type=\"widget\" data-e-type=\"widget\" data-settings=\"{&quot;_position&quot;:&quot;absolute&quot;}\" data-widget_type=\"heading.default\">\n\t\t\t\t<div class=\"elementor-widget-container\">\n\t\t\t\t\t<h2 class=\"elementor-heading-title elementor-size-default\">Diego<\/h2>\t\t\t\t<\/div>\n\t\t\t\t<\/div>\n\t\t\t\t<div class=\"elementor-element elementor-element-7407bce elementor-widget elementor-widget-text-editor\" data-id=\"7407bce\" data-element_type=\"widget\" data-e-type=\"widget\" data-widget_type=\"text-editor.default\">\n\t\t\t\t<div class=\"elementor-widget-container\">\n\t\t\t\t\t\t\t\t\t<p class=\"p1\"><span data-olk-copy-source=\"MessageBody\">Ingeniero Civil en Obras Civiles<\/span> <span data-olk-copy-source=\"MessageBody\">Universidad de Santiago de Chile <\/span>| Doctor en Ciencias de la Ingenier\u00eda de la\u00a0<span data-olk-copy-source=\"MessageBody\">Pontificia Universidad Cat\u00f3lica de Chile &#8211; University of Colorado at Boulder<\/span> | Mag\u00edster en Ciencias de la Ingenier\u00eda <span data-olk-copy-source=\"MessageBody\">University of Colorado at Boulder\u00a0<\/span><\/p>\t\t\t\t\t\t\t\t<\/div>\n\t\t\t\t<\/div>\n\t\t\t\t<\/div>\n\t\t<div class=\"elementor-element elementor-element-14c81c1 e-con-full e-flex wpr-particle-no wpr-jarallax-no wpr-parallax-no wpr-sticky-section-no wpr-equal-height-no e-con e-child\" data-id=\"14c81c1\" data-element_type=\"container\" data-e-type=\"container\">\n\t\t\t\t<div class=\"elementor-element elementor-element-57382a1 elementor-absolute elementor-widget elementor-widget-heading\" data-id=\"57382a1\" data-element_type=\"widget\" data-e-type=\"widget\" data-settings=\"{&quot;_position&quot;:&quot;absolute&quot;}\" data-widget_type=\"heading.default\">\n\t\t\t\t<div class=\"elementor-widget-container\">\n\t\t\t\t\t<h2 class=\"elementor-heading-title elementor-size-default\">PROFESOR\n<br>PART TIME<\/h2>\t\t\t\t<\/div>\n\t\t\t\t<\/div>\n\t\t\t\t<div class=\"elementor-element elementor-element-3d3b10f elementor-widget elementor-widget-image\" data-id=\"3d3b10f\" data-element_type=\"widget\" data-e-type=\"widget\" data-widget_type=\"image.default\">\n\t\t\t\t<div class=\"elementor-widget-container\">\n\t\t\t\t\t\t\t\t\t\t\t\t\t\t\t<img decoding=\"async\" width=\"553\" height=\"421\" src=\"https:\/\/www.ing.uc.cl\/ingenieria-y-gestion-construccion\/wp-content\/uploads\/2023\/12\/nayib.jpg\" class=\"attachment-large size-large wp-image-8061\" alt=\"nt\" srcset=\"https:\/\/www.ing.uc.cl\/ingenieria-y-gestion-construccion\/wp-content\/uploads\/2023\/12\/nayib.jpg 553w, https:\/\/www.ing.uc.cl\/ingenieria-y-gestion-construccion\/wp-content\/uploads\/2023\/12\/nayib-300x228.jpg 300w, https:\/\/www.ing.uc.cl\/ingenieria-y-gestion-construccion\/wp-content\/uploads\/2023\/12\/nayib-400x305.jpg 400w\" sizes=\"(max-width: 553px) 100vw, 553px\" \/>\t\t\t\t\t\t\t\t\t\t\t\t\t\t\t<\/div>\n\t\t\t\t<\/div>\n\t\t\t\t<div class=\"elementor-element elementor-element-15e8c8f elementor-absolute elementor-widget elementor-widget-heading\" data-id=\"15e8c8f\" data-element_type=\"widget\" data-e-type=\"widget\" data-settings=\"{&quot;_position&quot;:&quot;absolute&quot;}\" data-widget_type=\"heading.default\">\n\t\t\t\t<div class=\"elementor-widget-container\">\n\t\t\t\t\t<h2 class=\"elementor-heading-title elementor-size-default\">nayib<\/h2>\t\t\t\t<\/div>\n\t\t\t\t<\/div>\n\t\t\t\t<div class=\"elementor-element elementor-element-49a80ec elementor-absolute elementor-widget elementor-widget-heading\" data-id=\"49a80ec\" data-element_type=\"widget\" data-e-type=\"widget\" data-settings=\"{&quot;_position&quot;:&quot;absolute&quot;}\" data-widget_type=\"heading.default\">\n\t\t\t\t<div class=\"elementor-widget-container\">\n\t\t\t\t\t<h2 class=\"elementor-heading-title elementor-size-default\">tala<\/h2>\t\t\t\t<\/div>\n\t\t\t\t<\/div>\n\t\t\t\t<div class=\"elementor-element elementor-element-89866fa elementor-widget elementor-widget-text-editor\" data-id=\"89866fa\" data-element_type=\"widget\" data-e-type=\"widget\" data-widget_type=\"text-editor.default\">\n\t\t\t\t<div class=\"elementor-widget-container\">\n\t\t\t\t\t\t\t\t\t<div class=\"xdCXUtDjdEKIIdOWEnhRtMELcoagWEIsiRWBcZgw \"><div class=\"text-body-medium break-words\" data-generated-suggestion-target=\"urn:li:fsu_profileActionDelegate:1196152354\"><div><div class=\"DRCaqYvruKhHmiPLpXhivISAmGxJHPIPqw pvs-entity--padded lobNYMYljOKnVyYanizxRGykkcUQxplVJ \" data-view-name=\"profile-component-entity\"><div><div class=\"ivm-image-view-model pvs-entity__image \"><span aria-hidden=\"true\"><span class=\"t-14 t-normal\">Magister, Administracion de Construccion, <\/span>Pontificia Universidad Cat\u00f3lica de Chile \/ <span class=\"t-14 t-normal\">Diplomado en Eficiencia Energ\u00e9tica y Energ\u00eda Solar T\u00e9rmica, <\/span><\/span><span aria-hidden=\"true\">Universidad del B\u00edo B\u00edo<\/span><span class=\"visually-hidden\">Universidad del B\u00edo B\u00edo \/<\/span><\/div><\/div><\/div><\/div><div class=\"DRCaqYvruKhHmiPLpXhivISAmGxJHPIPqw pvs-entity--padded lobNYMYljOKnVyYanizxRGykkcUQxplVJ \" data-view-name=\"profile-component-entity\"><div class=\"display-flex flex-column full-width align-self-center\"><div class=\"display-flex flex-row justify-space-between\"><div class=\"pvs-entity__action-container\"><div><div class=\"ivm-image-view-model pvs-entity__image \"><div class=\"ivm-view-attr__img-wrapper display-flex\">Arquitecto, <span aria-hidden=\"true\">Universidad de Santiago de Chile<\/span><\/div><\/div><\/div><\/div><\/div><\/div><\/div><\/div><\/div>\t\t\t\t\t\t\t\t<\/div>\n\t\t\t\t<\/div>\n\t\t\t\t<\/div>\n\t\t\t\t<\/div>\n\t\t<div class=\"elementor-element elementor-element-f74edc9 e-con-full elementor-hidden-mobile e-flex wpr-particle-no wpr-jarallax-no wpr-parallax-no wpr-sticky-section-no wpr-equal-height-no e-con e-child\" data-id=\"f74edc9\" data-element_type=\"container\" data-e-type=\"container\">\n\t\t\t\t<\/div>\n\t\t<div class=\"elementor-element elementor-element-a085150 e-con-full e-flex wpr-particle-no wpr-jarallax-no wpr-parallax-no wpr-sticky-section-no wpr-equal-height-no e-con e-child\" data-id=\"a085150\" data-element_type=\"container\" data-e-type=\"container\">\n\t\t\t\t<div class=\"elementor-element elementor-element-a8931f2 elementor-widget elementor-widget-heading\" data-id=\"a8931f2\" data-element_type=\"widget\" data-e-type=\"widget\" data-widget_type=\"heading.default\">\n\t\t\t\t<div class=\"elementor-widget-container\">\n\t\t\t\t\t<h2 class=\"elementor-heading-title elementor-size-default\">Descripci\u00f3n:<\/h2>\t\t\t\t<\/div>\n\t\t\t\t<\/div>\n\t\t\t\t<div class=\"elementor-element elementor-element-163e7c9 elementor-widget elementor-widget-text-editor\" data-id=\"163e7c9\" data-element_type=\"widget\" data-e-type=\"widget\" data-widget_type=\"text-editor.default\">\n\t\t\t\t<div class=\"elementor-widget-container\">\n\t\t\t\t\t\t\t\t\t<p data-start=\"233\" data-end=\"583\">\u00bfTe interesa <strong data-start=\"246\" data-end=\"274\">resolver desaf\u00edos reales<\/strong> en el mundo de la construcci\u00f3n? Este curso est\u00e1 dise\u00f1ado para estudiantes de <strong data-start=\"352\" data-end=\"382\">Ingenier\u00eda en Construcci\u00f3n<\/strong> que quieran llevar sus conocimientos a un nivel aplicado, trabajando en el <strong data-start=\"458\" data-end=\"503\">dise\u00f1o de soluciones t\u00e9cnicas innovadoras<\/strong> para mejorar tanto el <strong data-start=\"526\" data-end=\"550\">proceso constructivo<\/strong> como el <strong data-start=\"559\" data-end=\"582\">ambiente construido<\/strong>.<\/p><p data-start=\"585\" data-end=\"887\">A lo largo del taller, integrar\u00e1s lo aprendido en \u00e1reas como <strong data-start=\"646\" data-end=\"686\">planificaci\u00f3n y control de proyectos<\/strong>, <strong data-start=\"688\" data-end=\"729\">t\u00e9cnicas y materiales de construcci\u00f3n<\/strong>, <strong data-start=\"731\" data-end=\"747\">presupuestos<\/strong> y <strong data-start=\"750\" data-end=\"792\">selecci\u00f3n de tecnolog\u00edas constructivas<\/strong>, enfrentando <strong data-start=\"806\" data-end=\"855\">problemas concretos bajo restricciones reales<\/strong> de <strong data-start=\"859\" data-end=\"886\">tiempo, t\u00e9cnica y costo<\/strong>.<\/p><p data-start=\"889\" data-end=\"1052\">Trabajar\u00e1s en equipo, desarrollando una soluci\u00f3n conceptual para un problema de construcci\u00f3n simple, aplicando una mirada <strong data-start=\"1011\" data-end=\"1051\">racional, sistem\u00e1tica y colaborativa<\/strong>.<\/p><p data-start=\"1054\" data-end=\"1067\">Aprender\u00e1s a:<\/p><p style=\"padding-left: 40px;\" data-start=\"1070\" data-end=\"1176\"><strong data-start=\"1070\" data-end=\"1096\">+ Identificar y analizar<\/strong> problemas t\u00e9cnicos en construcci\u00f3n, considerando sus <strong data-start=\"1150\" data-end=\"1175\">causas y limitaciones<\/strong>.<\/p><p style=\"padding-left: 40px;\" data-start=\"1179\" data-end=\"1247\"><strong data-start=\"1179\" data-end=\"1215\">+ Dise\u00f1ar y transferir tecnolog\u00edas<\/strong> ajustadas a necesidades reales.<\/p><p style=\"padding-left: 40px;\" data-start=\"1250\" data-end=\"1335\"><strong data-start=\"1250\" data-end=\"1277\">+ Planificar la ejecuci\u00f3n<\/strong> de soluciones con criterios de eficiencia y factibilidad.<\/p><p style=\"padding-left: 40px;\" data-start=\"1338\" data-end=\"1427\"><strong data-start=\"1338\" data-end=\"1367\">+ Estimar recursos y costos<\/strong> (materiales, maquinaria, mano de obra) en etapas iniciales.<\/p><p style=\"padding-left: 40px;\" data-start=\"1430\" data-end=\"1528\"><strong data-start=\"1430\" data-end=\"1455\">+ Comparar alternativas<\/strong> y tomar decisiones fundamentadas en criterios <strong data-start=\"1502\" data-end=\"1527\">t\u00e9cnicos y econ\u00f3micos<\/strong>.<\/p><p style=\"padding-left: 40px;\" data-start=\"1430\" data-end=\"1528\">+ Aplicar principios clave de <strong data-start=\"1559\" data-end=\"1573\">ingenier\u00eda<\/strong> al an\u00e1lisis de <strong data-start=\"1589\" data-end=\"1599\">costos<\/strong> y <strong data-start=\"1602\" data-end=\"1616\">viabilidad<\/strong> de proyectos.<\/p><p data-start=\"1632\" data-end=\"1825\">Este taller no solo te prepara para enfrentar los retos actuales de la industria, sino que te entrena para ser un profesional capaz de proponer mejoras reales con <strong data-start=\"1795\" data-end=\"1824\">visi\u00f3n t\u00e9cnica y pr\u00e1ctica<\/strong>.<\/p>\t\t\t\t\t\t\t\t<\/div>\n\t\t\t\t<\/div>\n\t\t\t\t<\/div>\n\t\t\t\t\t<\/div>\n\t\t\t\t<\/div>\n\t\t\t\t<\/div>\n\t\t","protected":false},"excerpt":{"rendered":"<p>Este curso introduce al alumno en la Ingenier\u00eda de Construcci\u00f3n y en sus \u00e1reas de especializaci\u00f3n, sintetizando las etapas que se desarrollan en un proyecto, desde la gestaci\u00f3n de la idea hasta la puesta en marcha del mismo, destacando a lo largo de \u00e9ste, los valores \u00e9ticos que se deber\u00edan tener presente para el desempe\u00f1o de la profesi\u00f3n. El \u00e9nfasis de este curso est\u00e1 en la interpretaci\u00f3n de especificaciones t\u00e9cnicas y planos, el estudio de cubicaciones, el estudio de costos de proyectos de construcci\u00f3n, y el estudio de tecnolog\u00edas de construcci\u00f3n.<\/p>\n","protected":false},"author":7,"featured_media":6190,"parent":0,"menu_order":47,"comment_status":"closed","ping_status":"closed","template":"elementor_header_footer","meta":{"_acf_changed":false,"_monsterinsights_skip_tracking":false,"_monsterinsights_sitenote_active":false,"_monsterinsights_sitenote_note":"","_monsterinsights_sitenote_category":0,"footnotes":""},"class_list":["post-6388","page","type-page","status-publish","has-post-thumbnail","hentry","post","post-with-thumbnail","post-with-thumbnail-large"],"acf":[],"aioseo_notices":[],"_links":{"self":[{"href":"https:\/\/www.ing.uc.cl\/ingenieria-y-gestion-construccion\/wp-json\/wp\/v2\/pages\/6388","targetHints":{"allow":["GET"]}}],"collection":[{"href":"https:\/\/www.ing.uc.cl\/ingenieria-y-gestion-construccion\/wp-json\/wp\/v2\/pages"}],"about":[{"href":"https:\/\/www.ing.uc.cl\/ingenieria-y-gestion-construccion\/wp-json\/wp\/v2\/types\/page"}],"author":[{"embeddable":true,"href":"https:\/\/www.ing.uc.cl\/ingenieria-y-gestion-construccion\/wp-json\/wp\/v2\/users\/7"}],"replies":[{"embeddable":true,"href":"https:\/\/www.ing.uc.cl\/ingenieria-y-gestion-construccion\/wp-json\/wp\/v2\/comments?post=6388"}],"version-history":[{"count":23,"href":"https:\/\/www.ing.uc.cl\/ingenieria-y-gestion-construccion\/wp-json\/wp\/v2\/pages\/6388\/revisions"}],"predecessor-version":[{"id":10035,"href":"https:\/\/www.ing.uc.cl\/ingenieria-y-gestion-construccion\/wp-json\/wp\/v2\/pages\/6388\/revisions\/10035"}],"wp:featuredmedia":[{"embeddable":true,"href":"https:\/\/www.ing.uc.cl\/ingenieria-y-gestion-construccion\/wp-json\/wp\/v2\/media\/6190"}],"wp:attachment":[{"href":"https:\/\/www.ing.uc.cl\/ingenieria-y-gestion-construccion\/wp-json\/wp\/v2\/media?parent=6388"}],"curies":[{"name":"wp","href":"https:\/\/api.w.org\/{rel}","templated":true}]}}