{"id":837,"date":"2021-04-27T16:00:22","date_gmt":"2021-04-27T19:00:22","guid":{"rendered":"https:\/\/www.ing.uc.cl\/ingenieria-y-gestion-construccion\/?page_id=837"},"modified":"2024-05-27T01:02:02","modified_gmt":"2024-05-27T04:02:02","slug":"capitulo-estudiantil","status":"publish","type":"page","link":"https:\/\/www.ing.uc.cl\/ingenieria-y-gestion-construccion\/vinculacion-con-el-medio\/capitulo-estudiantil\/","title":{"rendered":"Cap\u00edtulo Estudiantil"},"content":{"rendered":"\t\t<div data-elementor-type=\"wp-page\" data-elementor-id=\"837\" class=\"elementor elementor-837\">\n\t\t\t\t\t\t<section class=\"elementor-section elementor-inner-section elementor-element elementor-element-6d3fc59b elementor-section-boxed elementor-section-height-default elementor-section-height-default wpr-particle-no wpr-jarallax-no wpr-parallax-no wpr-sticky-section-no wpr-equal-height-no\" data-id=\"6d3fc59b\" data-element_type=\"section\" data-e-type=\"section\">\n\t\t\t\t\t\t<div class=\"elementor-container elementor-column-gap-wider\">\n\t\t\t\t\t<div class=\"elementor-column elementor-col-100 elementor-inner-column elementor-element elementor-element-62ce0a29\" data-id=\"62ce0a29\" data-element_type=\"column\" data-e-type=\"column\">\n\t\t\t<div class=\"elementor-widget-wrap elementor-element-populated\">\n\t\t\t\t\t\t<div class=\"elementor-element elementor-element-61b32abb elementor-widget elementor-widget-heading\" data-id=\"61b32abb\" data-element_type=\"widget\" data-e-type=\"widget\" data-widget_type=\"heading.default\">\n\t\t\t\t<div class=\"elementor-widget-container\">\n\t\t\t\t\t<h2 class=\"elementor-heading-title elementor-size-default\">Cap\u00edtulo Estudiantil de la C\u00e1mara Chilena de la Construcci\u00f3n (CChC)\n<\/h2>\t\t\t\t<\/div>\n\t\t\t\t<\/div>\n\t\t\t\t<div class=\"elementor-element elementor-element-3cc5240e elementor-widget-divider--view-line elementor-widget elementor-widget-divider\" data-id=\"3cc5240e\" data-element_type=\"widget\" data-e-type=\"widget\" data-widget_type=\"divider.default\">\n\t\t\t\t<div class=\"elementor-widget-container\">\n\t\t\t\t\t\t\t<div class=\"elementor-divider\">\n\t\t\t<span class=\"elementor-divider-separator\">\n\t\t\t\t\t\t<\/span>\n\t\t<\/div>\n\t\t\t\t\t\t<\/div>\n\t\t\t\t<\/div>\n\t\t\t\t<div class=\"elementor-element elementor-element-e126909 elementor-widget elementor-widget-image\" data-id=\"e126909\" data-element_type=\"widget\" data-e-type=\"widget\" data-widget_type=\"image.default\">\n\t\t\t\t<div class=\"elementor-widget-container\">\n\t\t\t\t\t\t\t\t\t\t\t\t\t\t\t<img fetchpriority=\"high\" decoding=\"async\" width=\"436\" height=\"272\" src=\"https:\/\/www.ing.uc.cl\/ingenieria-y-gestion-construccion\/wp-content\/uploads\/2023\/03\/directiva-ce-cchc-436x272.png\" class=\"attachment-vantage-grid-loop size-vantage-grid-loop wp-image-5900\" alt=\"\" \/>\t\t\t\t\t\t\t\t\t\t\t\t\t\t\t<\/div>\n\t\t\t\t<\/div>\n\t\t\t\t<div class=\"elementor-element elementor-element-704591b1 elementor-widget elementor-widget-text-editor\" data-id=\"704591b1\" data-element_type=\"widget\" data-e-type=\"widget\" data-widget_type=\"text-editor.default\">\n\t\t\t\t<div class=\"elementor-widget-container\">\n\t\t\t\t\t\t\t\t\t<p><em>De izquierda a derecha: Ignacio Acu\u00f1a (actual Coordinador de Innovaci\u00f3n), Jeison V\u00e1squez (ex Coordinador de Cap\u00edtulo), Jos\u00e9 Mena (ex Coordinador General), Mat\u00edas N\u00fa\u00f1ez (ex Coordinador de Finanzas y actual Coordinador General)<\/em><\/p>\t\t\t\t\t\t\t\t<\/div>\n\t\t\t\t<\/div>\n\t\t\t\t<div class=\"elementor-element elementor-element-377e119 elementor-widget elementor-widget-text-editor\" data-id=\"377e119\" data-element_type=\"widget\" data-e-type=\"widget\" data-widget_type=\"text-editor.default\">\n\t\t\t\t<div class=\"elementor-widget-container\">\n\t\t\t\t\t\t\t\t\t<p>El Cap\u00edtulo Estudiantil de la CChC, es un v\u00ednculo dirigido por la Coordinaci\u00f3n Estudiantil de Ingenier\u00eda en Construcci\u00f3n UC (CEICC). El Cap\u00edtulo tiene por objeto acercar a los alumnos del Departamento a la industria de la construcci\u00f3n y promover el trabajo conjunto mediante la realizaci\u00f3n de las siguientes actividades: charlas, conferencias, talleres, salidas a terreno, pr\u00e1cticas profesionales, proyectos mutuos, entre otros.<\/p><p>El Cap\u00edtulo Estudiantil busca ser un aporte a la formaci\u00f3n de profesionales \u00edntegros y capaces de contribuir en su entorno desde el \u00e1mbito de la construcci\u00f3n. Permite que los estudiantes se involucren desde temprana edad en actividades de la CChC, y con esto puedan vivir m\u00e1s experiencias ligadas a la especialidad que est\u00e9n siguiendo. Para ello, se busca que los estudiantes desarrollen una participaci\u00f3n activa y continua dentro del Cap\u00edtulo.<\/p><p><strong>Coordinadores 2024-2025: <\/strong><b>Eduardo Arancibia, Felipe Beltr\u00e1n e Ignacia Castro<\/b><\/p><p>Para mayor informaci\u00f3n visita las redes sociales del Cap\u00edtulo,\u00a0<a href=\"https:\/\/www.facebook.com\/ceicc.puc\" target=\"_blank\" rel=\"noopener\">Facebook<\/a>\u00a0\/\u00a0<a href=\"https:\/\/www.instagram.com\/ceicc.uc\/\" target=\"_blank\" rel=\"noopener\">Instagram<\/a><\/p>\t\t\t\t\t\t\t\t<\/div>\n\t\t\t\t<\/div>\n\t\t\t\t\t<\/div>\n\t\t<\/div>\n\t\t\t\t\t<\/div>\n\t\t<\/section>\n\t\t\t\t<\/div>\n\t\t","protected":false},"excerpt":{"rendered":"<p>__________<\/p>\n","protected":false},"author":6,"featured_media":2453,"parent":169,"menu_order":58,"comment_status":"closed","ping_status":"closed","template":"","meta":{"_acf_changed":false,"_monsterinsights_skip_tracking":false,"_monsterinsights_sitenote_active":false,"_monsterinsights_sitenote_note":"","_monsterinsights_sitenote_category":0,"footnotes":""},"class_list":["post-837","page","type-page","status-publish","has-post-thumbnail","hentry","post","post-with-thumbnail","post-with-thumbnail-large"],"acf":[],"aioseo_notices":[],"_links":{"self":[{"href":"https:\/\/www.ing.uc.cl\/ingenieria-y-gestion-construccion\/wp-json\/wp\/v2\/pages\/837","targetHints":{"allow":["GET"]}}],"collection":[{"href":"https:\/\/www.ing.uc.cl\/ingenieria-y-gestion-construccion\/wp-json\/wp\/v2\/pages"}],"about":[{"href":"https:\/\/www.ing.uc.cl\/ingenieria-y-gestion-construccion\/wp-json\/wp\/v2\/types\/page"}],"author":[{"embeddable":true,"href":"https:\/\/www.ing.uc.cl\/ingenieria-y-gestion-construccion\/wp-json\/wp\/v2\/users\/6"}],"replies":[{"embeddable":true,"href":"https:\/\/www.ing.uc.cl\/ingenieria-y-gestion-construccion\/wp-json\/wp\/v2\/comments?post=837"}],"version-history":[{"count":10,"href":"https:\/\/www.ing.uc.cl\/ingenieria-y-gestion-construccion\/wp-json\/wp\/v2\/pages\/837\/revisions"}],"predecessor-version":[{"id":8702,"href":"https:\/\/www.ing.uc.cl\/ingenieria-y-gestion-construccion\/wp-json\/wp\/v2\/pages\/837\/revisions\/8702"}],"up":[{"embeddable":true,"href":"https:\/\/www.ing.uc.cl\/ingenieria-y-gestion-construccion\/wp-json\/wp\/v2\/pages\/169"}],"wp:featuredmedia":[{"embeddable":true,"href":"https:\/\/www.ing.uc.cl\/ingenieria-y-gestion-construccion\/wp-json\/wp\/v2\/media\/2453"}],"wp:attachment":[{"href":"https:\/\/www.ing.uc.cl\/ingenieria-y-gestion-construccion\/wp-json\/wp\/v2\/media?parent=837"}],"curies":[{"name":"wp","href":"https:\/\/api.w.org\/{rel}","templated":true}]}}