{"id":322557,"date":"2024-03-17T19:06:24","date_gmt":"2024-03-17T22:06:24","guid":{"rendered":"https:\/\/www.ing.uc.cl\/mecanica-y-metalurgica\/?page_id=322557"},"modified":"2024-03-17T19:07:37","modified_gmt":"2024-03-17T22:07:37","slug":"condor-motorsports","status":"publish","type":"page","link":"https:\/\/www.ing.uc.cl\/mecanica-y-metalurgica\/en\/condor-motorsports\/","title":{"rendered":"C\u00f3ndor Motorsports"},"content":{"rendered":"<div  class=\"lgc-column lgc-grid-parent lgc-grid-50 lgc-tablet-grid-50 lgc-mobile-grid-100 lgc-equal-heights \"><div  class=\"inside-grid-column\">\n<h2>Who we are<\/h2>\n<p>C\u00f3ndor Motorsports is a student group, comprised of over 50 mechanical, electrical, industrial engineering students, and others, founded to bring the excitement of motor sports to UC students. Arising from the need for projects and experiences beyond the classroom, we address the lack of such opportunities by promoting student development from the earliest stages of their education.<\/p>\n<ul>\n<li><a href=\"https:\/\/www.linkedin.com\/company\/c%C3%B3ndor-racing-team\/\">Linkedin<\/a>.<\/li>\n<li><a href=\"https:\/\/www.instagram.com\/condor_motorsport\/\">Instargam<\/a>.<\/li>\n<li>tgastudillo@uc.cl<\/li>\n<\/ul>\n<p><\/p><\/div><\/div><div  class=\"lgc-column lgc-grid-parent lgc-grid-50 lgc-tablet-grid-50 lgc-mobile-grid-100 lgc-equal-heights \"><div  class=\"inside-grid-column\">\n<p><img loading=\"lazy\" decoding=\"async\" class=\"aligncenter wp-image-322550 size-medium\" src=\"https:\/\/dev-icm.ing.puc.cl\/wp-content\/uploads\/2024\/03\/logo2024-293x300.png\" alt=\"\" width=\"293\" height=\"300\" \/><\/p>\n<p><\/p><\/div><\/div>\n<h2 style=\"text-align: center;\">Our projects<\/h2>\n<div  class=\"lgc-column lgc-grid-parent lgc-grid-50 lgc-tablet-grid-50 lgc-mobile-grid-100 lgc-equal-heights \"><div  class=\"inside-grid-column\">\n<h3 style=\"text-align: center;\">F\u00f3rmula SAE Student<\/h3>\n<p><\/p><\/div><\/div><div  class=\"lgc-column lgc-grid-parent lgc-grid-50 lgc-tablet-grid-50 lgc-mobile-grid-100 lgc-equal-heights \"><div  class=\"inside-grid-column\">\n<h3 style=\"text-align: center;\">Monaco Energy Boat Challenge<\/h3>\n<p><\/p><\/div><\/div>\n<div  class=\"lgc-column lgc-grid-parent lgc-grid-50 lgc-tablet-grid-50 lgc-mobile-grid-100 lgc-equal-heights \"><div  class=\"inside-grid-column\">\n<p>Formula SAE is a student design competition organized by SAE International since 1980. In this challenge, teams of students develop prototype Formula-style race cars for a fictional company, evaluated for their production potential. The competition promotes clever problem-solving.<\/p>\n<p>We are currently working on the development of our first electric single-seater vehicle to participate in this competition.<\/p>\n<p><\/p><\/div><\/div><div  class=\"lgc-column lgc-grid-parent lgc-grid-50 lgc-tablet-grid-50 lgc-mobile-grid-100 lgc-equal-heights \"><div  class=\"inside-grid-column\">\n<p>Launched in 2018 by the Yacht Club de Monaco, the organizers supply teams with the same catamaran hull, and the challenge for teams is to design the most efficient and durable cockpit and propulsion system using renewable alternative energy sources, limited to a specific amount of energy (max. 10 kWh stored on board).<\/p>\n<p>We were invited to participate in this competition and hope that this will lay the groundwork for continued participation.<\/p>\n<p style=\"text-align: center;\"><strong><span style=\"font-size: 20px;\"><a href=\"https:\/\/energyboatchallenge.com\/challenge\/participants\/energy-class\/the-line-up-2024\/#cond\">Entry list 2024<\/a><\/span><\/strong><\/p>\n<p><\/p><\/div><\/div>\n<div  class=\"lgc-column lgc-grid-parent lgc-grid-50 lgc-tablet-grid-50 lgc-mobile-grid-100 lgc-equal-heights \"><div  class=\"inside-grid-column\">\n<p><img loading=\"lazy\" decoding=\"async\" class=\"aligncenter wp-image-322571 \" src=\"https:\/\/dev-icm.ing.puc.cl\/wp-content\/uploads\/2024\/03\/image-asset-300x198.png\" alt=\"\" width=\"388\" height=\"256\" \/><\/p>\n<p><img loading=\"lazy\" decoding=\"async\" class=\"aligncenter wp-image-322575 \" src=\"https:\/\/dev-icm.ing.puc.cl\/wp-content\/uploads\/2024\/03\/FSAlpeAdria2022-1-scaled-1-e1710712141246.jpg\" alt=\"\" width=\"500\" height=\"349\" \/><\/p>\n<p><\/p><\/div><\/div><div  class=\"lgc-column lgc-grid-parent lgc-grid-50 lgc-tablet-grid-50 lgc-mobile-grid-100 lgc-equal-heights \"><div  class=\"inside-grid-column\">\n<p><img loading=\"lazy\" decoding=\"async\" class=\"aligncenter wp-image-322573 \" src=\"https:\/\/dev-icm.ing.puc.cl\/wp-content\/uploads\/2024\/03\/Affiche-Monaco-Energy-Boat-Challenge-2024-734x1024.jpg\" alt=\"\" width=\"500\" height=\"697\" \/><\/p>\n<p><\/p><\/div><\/div>\n","protected":false},"excerpt":{"rendered":"<p>Our projects<\/p>\n","protected":false},"author":34,"featured_media":0,"parent":0,"menu_order":0,"comment_status":"closed","ping_status":"closed","template":"","meta":{"_acf_changed":false,"footnotes":""},"class_list":["post-322557","page","type-page","status-publish","hentry"],"acf":[],"yoast_head":"<!-- This site is optimized with the Yoast SEO plugin v26.9 - https:\/\/yoast.com\/product\/yoast-seo-wordpress\/ -->\n<title>C\u00f3ndor Motorsports - Departamento de Ingenier\u00eda de Mec\u00e1nica y Metal\u00fargica<\/title>\n<meta name=\"robots\" content=\"index, follow, max-snippet:-1, max-image-preview:large, max-video-preview:-1\" \/>\n<link rel=\"canonical\" href=\"https:\/\/www.ing.uc.cl\/mecanica-y-metalurgica\/en\/condor-motorsports\/\" \/>\n<meta property=\"og:locale\" content=\"en_US\" \/>\n<meta property=\"og:type\" content=\"article\" \/>\n<meta property=\"og:title\" content=\"C\u00f3ndor Motorsports - Departamento de Ingenier\u00eda de Mec\u00e1nica y Metal\u00fargica\" \/>\n<meta property=\"og:description\" content=\"Our projects\" \/>\n<meta property=\"og:url\" content=\"https:\/\/www.ing.uc.cl\/mecanica-y-metalurgica\/en\/condor-motorsports\/\" \/>\n<meta property=\"og:site_name\" content=\"Departamento de Ingenier\u00eda de Mec\u00e1nica y Metal\u00fargica\" \/>\n<meta property=\"article:publisher\" content=\"https:\/\/www.facebook.com\/EscueladeIngenieriaUniversidadCatolica\/\" \/>\n<meta property=\"article:modified_time\" content=\"2024-03-17T22:07:37+00:00\" \/>\n<meta property=\"og:image\" content=\"https:\/\/dev-icm.ing.puc.cl\/wp-content\/uploads\/2024\/03\/logo2024-293x300.png\" \/>\n<meta name=\"twitter:card\" content=\"summary_large_image\" \/>\n<meta name=\"twitter:site\" content=\"@ingenieriaUC\" \/>\n<meta name=\"twitter:label1\" content=\"Est. reading time\" \/>\n\t<meta name=\"twitter:data1\" content=\"2 minutes\" \/>\n<script type=\"application\/ld+json\" class=\"yoast-schema-graph\">{\"@context\":\"https:\/\/schema.org\",\"@graph\":[{\"@type\":\"WebPage\",\"@id\":\"https:\/\/www.ing.uc.cl\/mecanica-y-metalurgica\/en\/condor-motorsports\/\",\"url\":\"https:\/\/www.ing.uc.cl\/mecanica-y-metalurgica\/en\/condor-motorsports\/\",\"name\":\"C\u00f3ndor Motorsports - Departamento de Ingenier\u00eda de Mec\u00e1nica y Metal\u00fargica\",\"isPartOf\":{\"@id\":\"https:\/\/www.ing.uc.cl\/mecanica-y-metalurgica\/#website\"},\"primaryImageOfPage\":{\"@id\":\"https:\/\/www.ing.uc.cl\/mecanica-y-metalurgica\/en\/condor-motorsports\/#primaryimage\"},\"image\":{\"@id\":\"https:\/\/www.ing.uc.cl\/mecanica-y-metalurgica\/en\/condor-motorsports\/#primaryimage\"},\"thumbnailUrl\":\"https:\/\/dev-icm.ing.puc.cl\/wp-content\/uploads\/2024\/03\/logo2024-293x300.png\",\"datePublished\":\"2024-03-17T22:06:24+00:00\",\"dateModified\":\"2024-03-17T22:07:37+00:00\",\"breadcrumb\":{\"@id\":\"https:\/\/www.ing.uc.cl\/mecanica-y-metalurgica\/en\/condor-motorsports\/#breadcrumb\"},\"inLanguage\":\"en-US\",\"potentialAction\":[{\"@type\":\"ReadAction\",\"target\":[\"https:\/\/www.ing.uc.cl\/mecanica-y-metalurgica\/en\/condor-motorsports\/\"]}]},{\"@type\":\"ImageObject\",\"inLanguage\":\"en-US\",\"@id\":\"https:\/\/www.ing.uc.cl\/mecanica-y-metalurgica\/en\/condor-motorsports\/#primaryimage\",\"url\":\"https:\/\/dev-icm.ing.puc.cl\/wp-content\/uploads\/2024\/03\/logo2024-293x300.png\",\"contentUrl\":\"https:\/\/dev-icm.ing.puc.cl\/wp-content\/uploads\/2024\/03\/logo2024-293x300.png\"},{\"@type\":\"BreadcrumbList\",\"@id\":\"https:\/\/www.ing.uc.cl\/mecanica-y-metalurgica\/en\/condor-motorsports\/#breadcrumb\",\"itemListElement\":[{\"@type\":\"ListItem\",\"position\":1,\"name\":\"Home\",\"item\":\"https:\/\/www.ing.uc.cl\/mecanica-y-metalurgica\/en\/\"},{\"@type\":\"ListItem\",\"position\":2,\"name\":\"C\u00f3ndor Motorsports\"}]},{\"@type\":\"WebSite\",\"@id\":\"https:\/\/www.ing.uc.cl\/mecanica-y-metalurgica\/#website\",\"url\":\"https:\/\/www.ing.uc.cl\/mecanica-y-metalurgica\/\",\"name\":\"Departamento de Ingenier\u00eda de Mec\u00e1nica y Metal\u00fargica\",\"description\":\"Ingenier\u00eda UC\",\"potentialAction\":[{\"@type\":\"SearchAction\",\"target\":{\"@type\":\"EntryPoint\",\"urlTemplate\":\"https:\/\/www.ing.uc.cl\/mecanica-y-metalurgica\/?s={search_term_string}\"},\"query-input\":{\"@type\":\"PropertyValueSpecification\",\"valueRequired\":true,\"valueName\":\"search_term_string\"}}],\"inLanguage\":\"en-US\"}]}<\/script>\n<!-- \/ Yoast SEO plugin. -->","yoast_head_json":{"title":"C\u00f3ndor Motorsports - Departamento de Ingenier\u00eda de Mec\u00e1nica y Metal\u00fargica","robots":{"index":"index","follow":"follow","max-snippet":"max-snippet:-1","max-image-preview":"max-image-preview:large","max-video-preview":"max-video-preview:-1"},"canonical":"https:\/\/www.ing.uc.cl\/mecanica-y-metalurgica\/en\/condor-motorsports\/","og_locale":"en_US","og_type":"article","og_title":"C\u00f3ndor Motorsports - Departamento de Ingenier\u00eda de Mec\u00e1nica y Metal\u00fargica","og_description":"Our projects","og_url":"https:\/\/www.ing.uc.cl\/mecanica-y-metalurgica\/en\/condor-motorsports\/","og_site_name":"Departamento de Ingenier\u00eda de Mec\u00e1nica y Metal\u00fargica","article_publisher":"https:\/\/www.facebook.com\/EscueladeIngenieriaUniversidadCatolica\/","article_modified_time":"2024-03-17T22:07:37+00:00","og_image":[{"url":"https:\/\/dev-icm.ing.puc.cl\/wp-content\/uploads\/2024\/03\/logo2024-293x300.png","type":"","width":"","height":""}],"twitter_card":"summary_large_image","twitter_site":"@ingenieriaUC","twitter_misc":{"Est. reading time":"2 minutes"},"schema":{"@context":"https:\/\/schema.org","@graph":[{"@type":"WebPage","@id":"https:\/\/www.ing.uc.cl\/mecanica-y-metalurgica\/en\/condor-motorsports\/","url":"https:\/\/www.ing.uc.cl\/mecanica-y-metalurgica\/en\/condor-motorsports\/","name":"C\u00f3ndor Motorsports - Departamento de Ingenier\u00eda de Mec\u00e1nica y Metal\u00fargica","isPartOf":{"@id":"https:\/\/www.ing.uc.cl\/mecanica-y-metalurgica\/#website"},"primaryImageOfPage":{"@id":"https:\/\/www.ing.uc.cl\/mecanica-y-metalurgica\/en\/condor-motorsports\/#primaryimage"},"image":{"@id":"https:\/\/www.ing.uc.cl\/mecanica-y-metalurgica\/en\/condor-motorsports\/#primaryimage"},"thumbnailUrl":"https:\/\/dev-icm.ing.puc.cl\/wp-content\/uploads\/2024\/03\/logo2024-293x300.png","datePublished":"2024-03-17T22:06:24+00:00","dateModified":"2024-03-17T22:07:37+00:00","breadcrumb":{"@id":"https:\/\/www.ing.uc.cl\/mecanica-y-metalurgica\/en\/condor-motorsports\/#breadcrumb"},"inLanguage":"en-US","potentialAction":[{"@type":"ReadAction","target":["https:\/\/www.ing.uc.cl\/mecanica-y-metalurgica\/en\/condor-motorsports\/"]}]},{"@type":"ImageObject","inLanguage":"en-US","@id":"https:\/\/www.ing.uc.cl\/mecanica-y-metalurgica\/en\/condor-motorsports\/#primaryimage","url":"https:\/\/dev-icm.ing.puc.cl\/wp-content\/uploads\/2024\/03\/logo2024-293x300.png","contentUrl":"https:\/\/dev-icm.ing.puc.cl\/wp-content\/uploads\/2024\/03\/logo2024-293x300.png"},{"@type":"BreadcrumbList","@id":"https:\/\/www.ing.uc.cl\/mecanica-y-metalurgica\/en\/condor-motorsports\/#breadcrumb","itemListElement":[{"@type":"ListItem","position":1,"name":"Home","item":"https:\/\/www.ing.uc.cl\/mecanica-y-metalurgica\/en\/"},{"@type":"ListItem","position":2,"name":"C\u00f3ndor Motorsports"}]},{"@type":"WebSite","@id":"https:\/\/www.ing.uc.cl\/mecanica-y-metalurgica\/#website","url":"https:\/\/www.ing.uc.cl\/mecanica-y-metalurgica\/","name":"Departamento de Ingenier\u00eda de Mec\u00e1nica y Metal\u00fargica","description":"Ingenier\u00eda UC","potentialAction":[{"@type":"SearchAction","target":{"@type":"EntryPoint","urlTemplate":"https:\/\/www.ing.uc.cl\/mecanica-y-metalurgica\/?s={search_term_string}"},"query-input":{"@type":"PropertyValueSpecification","valueRequired":true,"valueName":"search_term_string"}}],"inLanguage":"en-US"}]}},"_links":{"self":[{"href":"https:\/\/www.ing.uc.cl\/mecanica-y-metalurgica\/en\/wp-json\/wp\/v2\/pages\/322557","targetHints":{"allow":["GET"]}}],"collection":[{"href":"https:\/\/www.ing.uc.cl\/mecanica-y-metalurgica\/en\/wp-json\/wp\/v2\/pages"}],"about":[{"href":"https:\/\/www.ing.uc.cl\/mecanica-y-metalurgica\/en\/wp-json\/wp\/v2\/types\/page"}],"author":[{"embeddable":true,"href":"https:\/\/www.ing.uc.cl\/mecanica-y-metalurgica\/en\/wp-json\/wp\/v2\/users\/34"}],"replies":[{"embeddable":true,"href":"https:\/\/www.ing.uc.cl\/mecanica-y-metalurgica\/en\/wp-json\/wp\/v2\/comments?post=322557"}],"version-history":[{"count":2,"href":"https:\/\/www.ing.uc.cl\/mecanica-y-metalurgica\/en\/wp-json\/wp\/v2\/pages\/322557\/revisions"}],"predecessor-version":[{"id":322561,"href":"https:\/\/www.ing.uc.cl\/mecanica-y-metalurgica\/en\/wp-json\/wp\/v2\/pages\/322557\/revisions\/322561"}],"wp:attachment":[{"href":"https:\/\/www.ing.uc.cl\/mecanica-y-metalurgica\/en\/wp-json\/wp\/v2\/media?parent=322557"}],"curies":[{"name":"wp","href":"https:\/\/api.w.org\/{rel}","templated":true}]}}