{"id":60468,"date":"2017-07-12T12:25:35","date_gmt":"2017-07-12T16:25:35","guid":{"rendered":"https:\/\/www.ing.uc.cl\/mecanica-y-metalurgica\/programas-de-estudio\/postgrado\/informacion-general\/acreditacion\/"},"modified":"2021-09-27T17:05:29","modified_gmt":"2021-09-27T20:05:29","slug":"acreditacion","status":"publish","type":"page","link":"https:\/\/www.ing.uc.cl\/mecanica-y-metalurgica\/en\/academicos-e-investigacion\/postgrado\/acreditacion\/","title":{"rendered":"Accreditations"},"content":{"rendered":"<p>The objective of accrediting graduate programs is to certify quality, as aligned with the declared aims of the School of Engineering and the respectively defined evaluation criteria within each specialized discipline.<\/p>\n<h3>Currently accredited graduate programs<\/h3>\n<h4>Doctorate Programs<\/h4>\n<p>Doctor of Engineering Sciences \u2013 Civil Engineering<\/p>\n<p><img loading=\"lazy\" decoding=\"async\" class=\"wp-image-129133 aligncenter\" src=\"https:\/\/www.ing.uc.cl\/mecanica-y-metalurgica\/wp-content\/uploads\/2020\/06\/NUEVO-LOGO-RESULTADO-ACREDITACION_ING_CIVIL-1024x273.png\" alt=\"\" width=\"645\" height=\"172\" \/><\/p>\n<p>Doctor of Engineering Sciences \u2013 Computer Science<\/p>\n<p><img loading=\"lazy\" decoding=\"async\" class=\"aligncenter wp-image-207084 \" src=\"https:\/\/www.ing.uc.cl\/mecanica-y-metalurgica\/wp-content\/uploads\/2021\/09\/Doc-Ciencia-de-la-Computacion-1024x355.jpg\" alt=\"\" width=\"649\" height=\"225\" \/><\/p>\n<p>Doctor of Engineering Sciences \u2013 Electrical Engineering<\/p>\n<p><img loading=\"lazy\" decoding=\"async\" class=\"wp-image-129174 aligncenter\" src=\"https:\/\/www.ing.uc.cl\/mecanica-y-metalurgica\/wp-content\/uploads\/2020\/06\/NUEVO-LOGO-RESULTADO-ACREDITACION_ING_EL\u00c9CTRICA.png\" alt=\"\" width=\"645\" height=\"172\" \/><\/p>\n<p>Doctor of Engineering Sciences \u2013 Chemical Engineering and Bioprocesses<\/p>\n<p><img loading=\"lazy\" decoding=\"async\" class=\"wp-image-129179 aligncenter\" src=\"https:\/\/www.ing.uc.cl\/mecanica-y-metalurgica\/wp-content\/uploads\/2020\/06\/NUEVO-LOGO-RESULTADO-ACREDITACION_ING_QUIMICA-Y-BIOPROCESOS.png\" alt=\"\" width=\"645\" height=\"172\" \/><\/p>\n<p>Doctor of Engineering Sciences \u2013 Mechanical Engineering<\/p>\n<p><img loading=\"lazy\" decoding=\"async\" class=\"wp-image-129579 aligncenter\" src=\"https:\/\/www.ing.uc.cl\/mecanica-y-metalurgica\/wp-content\/uploads\/2020\/06\/NUEVO-LOGO-RESULTADO-ACREDITACION_ING_MEC\u00c1NICA.png\" alt=\"\" width=\"645\" height=\"172\" \/><\/p>\n<p>Doctor of Engineering Sciences \u2013 Industrial and Transport Engineering<\/p>\n<p><img loading=\"lazy\" decoding=\"async\" class=\"aligncenter wp-image-140167 \" src=\"https:\/\/www.ing.uc.cl\/mecanica-y-metalurgica\/wp-content\/uploads\/2020\/10\/Resultado-Acreditacion-Industrial-y-Transporte-prorroga.jpg\" alt=\"\" width=\"645\" height=\"172\" \/><\/p>\n<p><span style=\"font-size: 14px;\"><br \/>\n* <\/span><em style=\"font-size: 14px;\">CNA-Chile, Comisi\u00f3n Nacional de Acreditaci\u00f3n-Chile (<\/em><span style=\"font-size: 14px;\">National Accreditation Commission-Chile); <\/span><em style=\"font-size: 14px;\">CNED, Consejo Nacional de Educaci\u00f3n <\/em><span style=\"font-size: 14px;\">(Chilean National Council of Education)<\/span><\/p>\n<h3>Master of Engineering Sciences Programs<\/h3>\n<p>Master of Engineering Sciences \u2013 Electrical Engineering<\/p>\n<p><img loading=\"lazy\" decoding=\"async\" class=\"aligncenter wp-image-134566 \" src=\"https:\/\/www.ing.uc.cl\/mecanica-y-metalurgica\/wp-content\/uploads\/2020\/06\/ingenier\u00eda-el\u00e9ctrica.jpg\" alt=\"\" width=\"645\" height=\"172\" \/><\/p>\n<p>Master of Engineering Sciences \u2013 Chemical Engineering and Bioprocesses<\/p>\n<p><img loading=\"lazy\" decoding=\"async\" class=\"aligncenter wp-image-134576 \" src=\"https:\/\/www.ing.uc.cl\/mecanica-y-metalurgica\/wp-content\/uploads\/2020\/06\/ingenier\u00eda-qu\u00edmica-y-bioprocesos.jpg\" alt=\"\" width=\"645\" height=\"172\" \/><\/p>\n<p>Master of Engineering Sciences \u2013 Transport Engineering and Logistics<\/p>\n<p><img loading=\"lazy\" decoding=\"async\" class=\"aligncenter wp-image-134564 \" src=\"https:\/\/www.ing.uc.cl\/mecanica-y-metalurgica\/wp-content\/uploads\/2020\/06\/ingenier\u00eda-de-transporte-y-log\u00edstica.jpg\" alt=\"\" width=\"645\" height=\"172\" \/><\/p>\n<p>Master of Engineering Sciences \u2013 Hydraulic and Environmental Engineering<\/p>\n<p><img loading=\"lazy\" decoding=\"async\" class=\"aligncenter wp-image-134570 \" src=\"https:\/\/www.ing.uc.cl\/mecanica-y-metalurgica\/wp-content\/uploads\/2020\/06\/ingenier\u00eda-hidr\u00e1ulica-y-ambiental.jpg\" alt=\"\" width=\"645\" height=\"172\" \/><\/p>\n<p>Master of Engineering Sciences \u2013 Mechanical Engineering<\/p>\n<p><img loading=\"lazy\" decoding=\"async\" class=\"aligncenter wp-image-134574 \" src=\"https:\/\/www.ing.uc.cl\/mecanica-y-metalurgica\/wp-content\/uploads\/2020\/06\/ingenier\u00eda-mec\u00e1nica.jpg\" alt=\"\" width=\"645\" height=\"172\" \/><\/p>\n<p>Master of Engineering Sciences \u2013 Structural and Geotechnical Engineering<\/p>\n<p><img loading=\"lazy\" decoding=\"async\" class=\"aligncenter wp-image-134568 \" src=\"https:\/\/www.ing.uc.cl\/mecanica-y-metalurgica\/wp-content\/uploads\/2020\/06\/ingenier\u00eda-estructural-y-geot\u00e9cnica.jpg\" alt=\"\" width=\"645\" height=\"172\" \/><\/p>\n<p>Master of Engineering Sciences \u2013 Construction Management and Engineering<\/p>\n<p><img loading=\"lazy\" decoding=\"async\" class=\"aligncenter wp-image-136407 \" src=\"https:\/\/www.ing.uc.cl\/mecanica-y-metalurgica\/wp-content\/uploads\/2020\/07\/ingenier\u00eda-y-gesti\u00f3n-de-la-construcci\u00f3n-1024x355.jpg\" alt=\"\" width=\"652\" height=\"226\" \/><\/p>\n<p>Master of Engineering Sciences \u2013 Industrial and Systems Engineering<\/p>\n<p><img loading=\"lazy\" decoding=\"async\" class=\"wp-image-136405 aligncenter\" src=\"https:\/\/www.ing.uc.cl\/mecanica-y-metalurgica\/wp-content\/uploads\/2020\/07\/ingenier\u00eda-industrial-y-de-sistemas-1024x355.jpg\" alt=\"\" width=\"649\" height=\"225\" \/><\/p>\n<p>Master of Engineering Sciences \u2013 Computer Science<\/p>\n<p><img loading=\"lazy\" decoding=\"async\" class=\"aligncenter wp-image-134562 \" src=\"https:\/\/www.ing.uc.cl\/mecanica-y-metalurgica\/wp-content\/uploads\/2020\/06\/ciencia-de-la-computaci\u00f3n.jpg\" alt=\"\" width=\"645\" height=\"172\" \/><\/p>\n<p><span style=\"font-size: 14px;\">* <em>CNA-Chile, Comisi\u00f3n Nacional de Acreditaci\u00f3n-Chile (<\/em>National Accreditation Commission-Chile); <em>Acredita CI, Agencia Acreditadora del Colegio de Ingenieros de Chile (<\/em>Accrediting Agency of the College of Engineers, Chile).<\/span><\/p>\n<h3>Professional Master Programs<\/h3>\n<p>Master in Information and Management Technologies<\/p>\n<p><img loading=\"lazy\" decoding=\"async\" class=\"aligncenter wp-image-134737 \" src=\"https:\/\/www.ing.uc.cl\/mecanica-y-metalurgica\/wp-content\/uploads\/2020\/06\/Magister-en-Tecnolog\u00eda-de-Informaci\u00f3n-y-Gesti\u00f3n.jpg\" alt=\"\" width=\"645\" height=\"172\" \/><\/p>\n<p>Master in Industrial Engineering<\/p>\n<p><img loading=\"lazy\" decoding=\"async\" class=\"aligncenter wp-image-134747 \" src=\"https:\/\/www.ing.uc.cl\/mecanica-y-metalurgica\/wp-content\/uploads\/2020\/06\/Magister-en-Ingenier\u00eda-Industrial.jpg\" alt=\"\" width=\"645\" height=\"172\" \/><\/p>\n<p>Master in Structural and Geotechnical Engineering<\/p>\n<p><img loading=\"lazy\" decoding=\"async\" class=\"aligncenter wp-image-134739 \" src=\"https:\/\/www.ing.uc.cl\/mecanica-y-metalurgica\/wp-content\/uploads\/2020\/06\/Magister-en-Ing-Estructural-y-Geot\u00e9cnica.jpg\" alt=\"\" width=\"645\" height=\"172\" \/><\/p>\n<p>Master in Construction Administration<\/p>\n<p><img loading=\"lazy\" decoding=\"async\" class=\"aligncenter wp-image-134745 \" src=\"https:\/\/www.ing.uc.cl\/mecanica-y-metalurgica\/wp-content\/uploads\/2020\/06\/Magister-en-Administraci\u00f3n-de-la-Construcci\u00f3n.jpg\" alt=\"\" width=\"645\" height=\"172\" \/><\/p>\n<p>Master in Energy Engineering<\/p>\n<p><img loading=\"lazy\" decoding=\"async\" class=\"aligncenter wp-image-134741 \" src=\"https:\/\/www.ing.uc.cl\/mecanica-y-metalurgica\/wp-content\/uploads\/2020\/06\/Magister-en-Ingenier\u00eda-de-la-Energ\u00eda.jpg\" alt=\"\" width=\"645\" height=\"172\" \/><\/p>\n<p>Master in Information Processing and Management<\/p>\n<p><img loading=\"lazy\" decoding=\"async\" class=\"aligncenter wp-image-134743 \" src=\"https:\/\/www.ing.uc.cl\/mecanica-y-metalurgica\/wp-content\/uploads\/2020\/06\/Magister-en-Procesamiento-y-Gesti\u00f3n-de-la-Informaci\u00f3n.jpg\" alt=\"\" width=\"645\" height=\"172\" \/><\/p>\n<p>Master in Innovation<\/p>\n<p><img loading=\"lazy\" decoding=\"async\" class=\"aligncenter wp-image-145081 \" src=\"https:\/\/www.ing.uc.cl\/mecanica-y-metalurgica\/wp-content\/uploads\/2021\/03\/CNA-Magister-Innovaci\u00f3n-e1614609717810.png\" alt=\"\" width=\"646\" height=\"170\" \/><\/p>\n<p><span style=\"font-size: 14px;\">* <\/span><em style=\"font-size: 14px;\">Acredita CI, Agencia Acreditadora del Colegio de Ingenieros de Chile (<\/em><span style=\"font-size: 14px;\">Accrediting Agency of the College of Engineers, Chile).<\/span><\/p>\n","protected":false},"excerpt":{"rendered":"<p>The quality of our programs is accredited by the National Accreditation Commission of Chile and the Accrediting Agency of the College of Engineers in Chile.<\/p>\n","protected":false},"author":33,"featured_media":59242,"parent":60464,"menu_order":3,"comment_status":"closed","ping_status":"closed","template":"","meta":{"_acf_changed":false,"footnotes":""},"class_list":["post-60468","page","type-page","status-publish","has-post-thumbnail","hentry"],"acf":[],"yoast_head":"<!-- This site is optimized with the Yoast SEO plugin v26.9 - https:\/\/yoast.com\/product\/yoast-seo-wordpress\/ -->\n<title>Accreditations - Departamento de Ingenier\u00eda de Mec\u00e1nica y Metal\u00fargica<\/title>\n<meta name=\"robots\" content=\"index, follow, max-snippet:-1, max-image-preview:large, max-video-preview:-1\" \/>\n<link rel=\"canonical\" href=\"https:\/\/www.ing.uc.cl\/mecanica-y-metalurgica\/en\/programas-de-estudio\/postgrado\/acreditacion\/\" \/>\n<meta property=\"og:locale\" content=\"en_US\" \/>\n<meta property=\"og:type\" content=\"article\" \/>\n<meta property=\"og:title\" content=\"Accreditations - Departamento de Ingenier\u00eda de Mec\u00e1nica y Metal\u00fargica\" \/>\n<meta property=\"og:description\" content=\"The quality of our programs is accredited by the National Accreditation Commission of Chile and the Accrediting Agency of the College of Engineers in Chile.\" \/>\n<meta property=\"og:url\" content=\"https:\/\/www.ing.uc.cl\/mecanica-y-metalurgica\/en\/programas-de-estudio\/postgrado\/acreditacion\/\" \/>\n<meta property=\"og:site_name\" content=\"Departamento de Ingenier\u00eda de Mec\u00e1nica y Metal\u00fargica\" \/>\n<meta property=\"article:publisher\" content=\"https:\/\/www.facebook.com\/EscueladeIngenieriaUniversidadCatolica\/\" \/>\n<meta property=\"article:modified_time\" content=\"2021-09-27T20:05:29+00:00\" \/>\n<meta property=\"og:image\" content=\"https:\/\/www.ing.uc.cl\/mecanica-y-metalurgica\/wp-content\/uploads\/2017\/07\/Acreditaciones.jpg\" \/>\n\t<meta property=\"og:image:width\" content=\"1755\" \/>\n\t<meta property=\"og:image:height\" content=\"1292\" \/>\n\t<meta property=\"og:image:type\" content=\"image\/jpeg\" \/>\n<meta name=\"twitter:card\" content=\"summary_large_image\" \/>\n<meta name=\"twitter:site\" content=\"@ingenieriaUC\" \/>\n<meta name=\"twitter:label1\" content=\"Est. reading time\" \/>\n\t<meta name=\"twitter:data1\" content=\"6 minutes\" \/>\n<script type=\"application\/ld+json\" class=\"yoast-schema-graph\">{\"@context\":\"https:\/\/schema.org\",\"@graph\":[{\"@type\":\"WebPage\",\"@id\":\"https:\/\/www.ing.uc.cl\/mecanica-y-metalurgica\/en\/programas-de-estudio\/postgrado\/acreditacion\/\",\"url\":\"https:\/\/www.ing.uc.cl\/mecanica-y-metalurgica\/en\/programas-de-estudio\/postgrado\/acreditacion\/\",\"name\":\"Accreditations - Departamento de Ingenier\u00eda de Mec\u00e1nica y Metal\u00fargica\",\"isPartOf\":{\"@id\":\"https:\/\/www.ing.uc.cl\/mecanica-y-metalurgica\/#website\"},\"primaryImageOfPage\":{\"@id\":\"https:\/\/www.ing.uc.cl\/mecanica-y-metalurgica\/en\/programas-de-estudio\/postgrado\/acreditacion\/#primaryimage\"},\"image\":{\"@id\":\"https:\/\/www.ing.uc.cl\/mecanica-y-metalurgica\/en\/programas-de-estudio\/postgrado\/acreditacion\/#primaryimage\"},\"thumbnailUrl\":\"\",\"datePublished\":\"2017-07-12T16:25:35+00:00\",\"dateModified\":\"2021-09-27T20:05:29+00:00\",\"breadcrumb\":{\"@id\":\"https:\/\/www.ing.uc.cl\/mecanica-y-metalurgica\/en\/programas-de-estudio\/postgrado\/acreditacion\/#breadcrumb\"},\"inLanguage\":\"en-US\",\"potentialAction\":[{\"@type\":\"ReadAction\",\"target\":[\"https:\/\/www.ing.uc.cl\/mecanica-y-metalurgica\/en\/programas-de-estudio\/postgrado\/acreditacion\/\"]}]},{\"@type\":\"ImageObject\",\"inLanguage\":\"en-US\",\"@id\":\"https:\/\/www.ing.uc.cl\/mecanica-y-metalurgica\/en\/programas-de-estudio\/postgrado\/acreditacion\/#primaryimage\",\"url\":\"\",\"contentUrl\":\"\"},{\"@type\":\"BreadcrumbList\",\"@id\":\"https:\/\/www.ing.uc.cl\/mecanica-y-metalurgica\/en\/programas-de-estudio\/postgrado\/acreditacion\/#breadcrumb\",\"itemListElement\":[{\"@type\":\"ListItem\",\"position\":1,\"name\":\"Home\",\"item\":\"https:\/\/www.ing.uc.cl\/mecanica-y-metalurgica\/en\/\"},{\"@type\":\"ListItem\",\"position\":2,\"name\":\"Degrees and Programs\",\"item\":\"https:\/\/www.ing.uc.cl\/mecanica-y-metalurgica\/en\/programas-de-estudio\/\"},{\"@type\":\"ListItem\",\"position\":3,\"name\":\"Graduates\",\"item\":\"https:\/\/www.ing.uc.cl\/mecanica-y-metalurgica\/en\/programas-de-estudio\/postgrado\/\"},{\"@type\":\"ListItem\",\"position\":4,\"name\":\"Accreditations\"}]},{\"@type\":\"WebSite\",\"@id\":\"https:\/\/www.ing.uc.cl\/mecanica-y-metalurgica\/#website\",\"url\":\"https:\/\/www.ing.uc.cl\/mecanica-y-metalurgica\/\",\"name\":\"Departamento de Ingenier\u00eda de Mec\u00e1nica y Metal\u00fargica\",\"description\":\"Ingenier\u00eda UC\",\"potentialAction\":[{\"@type\":\"SearchAction\",\"target\":{\"@type\":\"EntryPoint\",\"urlTemplate\":\"https:\/\/www.ing.uc.cl\/mecanica-y-metalurgica\/?s={search_term_string}\"},\"query-input\":{\"@type\":\"PropertyValueSpecification\",\"valueRequired\":true,\"valueName\":\"search_term_string\"}}],\"inLanguage\":\"en-US\"}]}<\/script>\n<!-- \/ Yoast SEO plugin. -->","yoast_head_json":{"title":"Accreditations - Departamento de Ingenier\u00eda de Mec\u00e1nica y Metal\u00fargica","robots":{"index":"index","follow":"follow","max-snippet":"max-snippet:-1","max-image-preview":"max-image-preview:large","max-video-preview":"max-video-preview:-1"},"canonical":"https:\/\/www.ing.uc.cl\/mecanica-y-metalurgica\/en\/programas-de-estudio\/postgrado\/acreditacion\/","og_locale":"en_US","og_type":"article","og_title":"Accreditations - Departamento de Ingenier\u00eda de Mec\u00e1nica y Metal\u00fargica","og_description":"The quality of our programs is accredited by the National Accreditation Commission of Chile and the Accrediting Agency of the College of Engineers in Chile.","og_url":"https:\/\/www.ing.uc.cl\/mecanica-y-metalurgica\/en\/programas-de-estudio\/postgrado\/acreditacion\/","og_site_name":"Departamento de Ingenier\u00eda de Mec\u00e1nica y Metal\u00fargica","article_publisher":"https:\/\/www.facebook.com\/EscueladeIngenieriaUniversidadCatolica\/","article_modified_time":"2021-09-27T20:05:29+00:00","og_image":[{"width":1755,"height":1292,"url":"https:\/\/www.ing.uc.cl\/mecanica-y-metalurgica\/wp-content\/uploads\/2017\/07\/Acreditaciones.jpg","type":"image\/jpeg"}],"twitter_card":"summary_large_image","twitter_site":"@ingenieriaUC","twitter_misc":{"Est. reading time":"6 minutes"},"schema":{"@context":"https:\/\/schema.org","@graph":[{"@type":"WebPage","@id":"https:\/\/www.ing.uc.cl\/mecanica-y-metalurgica\/en\/programas-de-estudio\/postgrado\/acreditacion\/","url":"https:\/\/www.ing.uc.cl\/mecanica-y-metalurgica\/en\/programas-de-estudio\/postgrado\/acreditacion\/","name":"Accreditations - Departamento de Ingenier\u00eda de Mec\u00e1nica y Metal\u00fargica","isPartOf":{"@id":"https:\/\/www.ing.uc.cl\/mecanica-y-metalurgica\/#website"},"primaryImageOfPage":{"@id":"https:\/\/www.ing.uc.cl\/mecanica-y-metalurgica\/en\/programas-de-estudio\/postgrado\/acreditacion\/#primaryimage"},"image":{"@id":"https:\/\/www.ing.uc.cl\/mecanica-y-metalurgica\/en\/programas-de-estudio\/postgrado\/acreditacion\/#primaryimage"},"thumbnailUrl":"","datePublished":"2017-07-12T16:25:35+00:00","dateModified":"2021-09-27T20:05:29+00:00","breadcrumb":{"@id":"https:\/\/www.ing.uc.cl\/mecanica-y-metalurgica\/en\/programas-de-estudio\/postgrado\/acreditacion\/#breadcrumb"},"inLanguage":"en-US","potentialAction":[{"@type":"ReadAction","target":["https:\/\/www.ing.uc.cl\/mecanica-y-metalurgica\/en\/programas-de-estudio\/postgrado\/acreditacion\/"]}]},{"@type":"ImageObject","inLanguage":"en-US","@id":"https:\/\/www.ing.uc.cl\/mecanica-y-metalurgica\/en\/programas-de-estudio\/postgrado\/acreditacion\/#primaryimage","url":"","contentUrl":""},{"@type":"BreadcrumbList","@id":"https:\/\/www.ing.uc.cl\/mecanica-y-metalurgica\/en\/programas-de-estudio\/postgrado\/acreditacion\/#breadcrumb","itemListElement":[{"@type":"ListItem","position":1,"name":"Home","item":"https:\/\/www.ing.uc.cl\/mecanica-y-metalurgica\/en\/"},{"@type":"ListItem","position":2,"name":"Degrees and Programs","item":"https:\/\/www.ing.uc.cl\/mecanica-y-metalurgica\/en\/programas-de-estudio\/"},{"@type":"ListItem","position":3,"name":"Graduates","item":"https:\/\/www.ing.uc.cl\/mecanica-y-metalurgica\/en\/programas-de-estudio\/postgrado\/"},{"@type":"ListItem","position":4,"name":"Accreditations"}]},{"@type":"WebSite","@id":"https:\/\/www.ing.uc.cl\/mecanica-y-metalurgica\/#website","url":"https:\/\/www.ing.uc.cl\/mecanica-y-metalurgica\/","name":"Departamento de Ingenier\u00eda de Mec\u00e1nica y Metal\u00fargica","description":"Ingenier\u00eda UC","potentialAction":[{"@type":"SearchAction","target":{"@type":"EntryPoint","urlTemplate":"https:\/\/www.ing.uc.cl\/mecanica-y-metalurgica\/?s={search_term_string}"},"query-input":{"@type":"PropertyValueSpecification","valueRequired":true,"valueName":"search_term_string"}}],"inLanguage":"en-US"}]}},"_links":{"self":[{"href":"https:\/\/www.ing.uc.cl\/mecanica-y-metalurgica\/en\/wp-json\/wp\/v2\/pages\/60468","targetHints":{"allow":["GET"]}}],"collection":[{"href":"https:\/\/www.ing.uc.cl\/mecanica-y-metalurgica\/en\/wp-json\/wp\/v2\/pages"}],"about":[{"href":"https:\/\/www.ing.uc.cl\/mecanica-y-metalurgica\/en\/wp-json\/wp\/v2\/types\/page"}],"author":[{"embeddable":true,"href":"https:\/\/www.ing.uc.cl\/mecanica-y-metalurgica\/en\/wp-json\/wp\/v2\/users\/33"}],"replies":[{"embeddable":true,"href":"https:\/\/www.ing.uc.cl\/mecanica-y-metalurgica\/en\/wp-json\/wp\/v2\/comments?post=60468"}],"version-history":[{"count":0,"href":"https:\/\/www.ing.uc.cl\/mecanica-y-metalurgica\/en\/wp-json\/wp\/v2\/pages\/60468\/revisions"}],"up":[{"embeddable":true,"href":"https:\/\/www.ing.uc.cl\/mecanica-y-metalurgica\/en\/wp-json\/wp\/v2\/pages\/60464"}],"wp:featuredmedia":[{"embeddable":true,"href":"https:\/\/www.ing.uc.cl\/mecanica-y-metalurgica\/en\/wp-json\/"}],"wp:attachment":[{"href":"https:\/\/www.ing.uc.cl\/mecanica-y-metalurgica\/en\/wp-json\/wp\/v2\/media?parent=60468"}],"curies":[{"name":"wp","href":"https:\/\/api.w.org\/{rel}","templated":true}]}}