{"id":60652,"date":"2017-07-25T06:12:32","date_gmt":"2017-07-25T10:12:32","guid":{"rendered":"https:\/\/www.ing.uc.cl\/mecanica-y-metalurgica\/vinculacion-con-el-medio\/carrer-coaching\/"},"modified":"2017-07-25T06:12:32","modified_gmt":"2017-07-25T10:12:32","slug":"carrer-coaching","status":"publish","type":"page","link":"https:\/\/www.ing.uc.cl\/mecanica-y-metalurgica\/en\/carrer-coaching\/","title":{"rendered":"Carrer coaching"},"content":{"rendered":"<p>La mayor\u00eda de los profesionales comienza su trayectoria laboral tomando las oportunidades que se le van presentando, sin entender bien si es el camino correcto para \u00e9l o ella. A trav\u00e9s de los a\u00f1os va ganando experiencia y conocimiento sobre sus propias habilidades y motivaciones, y sobre los tipos de empresas, industrias, puestos laborales, etc. Entonces es el momento de hacer una pausa para revisar lo que ha logrado, y c\u00f3mo quiere continuar.<\/p>\n<p>\u00bfEstoy haciendo lo correcto para m\u00ed o debo cambiar de direcci\u00f3n? Es la pregunta que com\u00fanmente se hacen los profesionales despu\u00e9s de varios a\u00f1os sin experimentar cambios en su vida laboral, y lo m\u00e1s natural es que los sue\u00f1os y aspiraciones vayan cambiando con el tiempo.<\/p>\n<p>A trav\u00e9s del programa de desarrollo laboral o Career Coaching tendr\u00e1s la oportunidad de hacerte esta y otras preguntas con el acompa\u00f1amiento de un coach especializado.<\/p>\n<p>Los objetivos del programa son:<\/p>\n<ul>\n<li>Ampliar la mirada estrat\u00e9gica del desarrollo de carrera<\/li>\n<li>Definir tus metas de desarrollo profesional y con la asesor\u00eda del coach acortar las brechas para alcanzarlas<\/li>\n<li>Crear e implementar un Plan de Acci\u00f3n para lograr los objetivos definidos<\/li>\n<\/ul>\n<p>La modalidad de Trabajo es a trav\u00e9s de sesiones presenciales con el coach, 10 sesiones en aproximadamente 3 meses, y tiene un costo de UF 80.<\/p>\n","protected":false},"excerpt":{"rendered":"<p>\u00bfEstoy haciendo lo correcto para m\u00ed o debo cambiar de direcci\u00f3n?<\/p>\n","protected":false},"author":33,"featured_media":0,"parent":0,"menu_order":999,"comment_status":"closed","ping_status":"closed","template":"","meta":{"_acf_changed":false,"footnotes":""},"class_list":["post-60652","page","type-page","status-publish","hentry"],"acf":[],"yoast_head":"<!-- This site is optimized with the Yoast SEO plugin v26.9 - https:\/\/yoast.com\/product\/yoast-seo-wordpress\/ -->\n<title>Carrer coaching - Departamento de Ingenier\u00eda de Mec\u00e1nica y Metal\u00fargica<\/title>\n<meta name=\"robots\" content=\"index, follow, max-snippet:-1, max-image-preview:large, max-video-preview:-1\" \/>\n<link rel=\"canonical\" href=\"https:\/\/www.ing.uc.cl\/mecanica-y-metalurgica\/en\/carrer-coaching\/\" \/>\n<meta property=\"og:locale\" content=\"en_US\" \/>\n<meta property=\"og:type\" content=\"article\" \/>\n<meta property=\"og:title\" content=\"Carrer coaching - Departamento de Ingenier\u00eda de Mec\u00e1nica y Metal\u00fargica\" \/>\n<meta property=\"og:description\" content=\"\u00bfEstoy haciendo lo correcto para m\u00ed o debo cambiar de direcci\u00f3n?\" \/>\n<meta property=\"og:url\" content=\"https:\/\/www.ing.uc.cl\/mecanica-y-metalurgica\/en\/carrer-coaching\/\" \/>\n<meta property=\"og:site_name\" content=\"Departamento de Ingenier\u00eda de Mec\u00e1nica y Metal\u00fargica\" \/>\n<meta property=\"article:publisher\" content=\"https:\/\/www.facebook.com\/EscueladeIngenieriaUniversidadCatolica\/\" \/>\n<meta name=\"twitter:card\" content=\"summary_large_image\" \/>\n<meta name=\"twitter:site\" content=\"@ingenieriaUC\" \/>\n<meta name=\"twitter:label1\" content=\"Est. reading time\" \/>\n\t<meta name=\"twitter:data1\" content=\"1 minute\" \/>\n<script type=\"application\/ld+json\" class=\"yoast-schema-graph\">{\"@context\":\"https:\/\/schema.org\",\"@graph\":[{\"@type\":\"WebPage\",\"@id\":\"https:\/\/www.ing.uc.cl\/mecanica-y-metalurgica\/en\/carrer-coaching\/\",\"url\":\"https:\/\/www.ing.uc.cl\/mecanica-y-metalurgica\/en\/carrer-coaching\/\",\"name\":\"Carrer coaching - Departamento de Ingenier\u00eda de Mec\u00e1nica y Metal\u00fargica\",\"isPartOf\":{\"@id\":\"https:\/\/www.ing.uc.cl\/mecanica-y-metalurgica\/#website\"},\"datePublished\":\"2017-07-25T10:12:32+00:00\",\"breadcrumb\":{\"@id\":\"https:\/\/www.ing.uc.cl\/mecanica-y-metalurgica\/en\/carrer-coaching\/#breadcrumb\"},\"inLanguage\":\"en-US\",\"potentialAction\":[{\"@type\":\"ReadAction\",\"target\":[\"https:\/\/www.ing.uc.cl\/mecanica-y-metalurgica\/en\/carrer-coaching\/\"]}]},{\"@type\":\"BreadcrumbList\",\"@id\":\"https:\/\/www.ing.uc.cl\/mecanica-y-metalurgica\/en\/carrer-coaching\/#breadcrumb\",\"itemListElement\":[{\"@type\":\"ListItem\",\"position\":1,\"name\":\"Home\",\"item\":\"https:\/\/www.ing.uc.cl\/mecanica-y-metalurgica\/en\/\"},{\"@type\":\"ListItem\",\"position\":2,\"name\":\"Carrer coaching\"}]},{\"@type\":\"WebSite\",\"@id\":\"https:\/\/www.ing.uc.cl\/mecanica-y-metalurgica\/#website\",\"url\":\"https:\/\/www.ing.uc.cl\/mecanica-y-metalurgica\/\",\"name\":\"Departamento de Ingenier\u00eda de Mec\u00e1nica y Metal\u00fargica\",\"description\":\"Ingenier\u00eda UC\",\"potentialAction\":[{\"@type\":\"SearchAction\",\"target\":{\"@type\":\"EntryPoint\",\"urlTemplate\":\"https:\/\/www.ing.uc.cl\/mecanica-y-metalurgica\/?s={search_term_string}\"},\"query-input\":{\"@type\":\"PropertyValueSpecification\",\"valueRequired\":true,\"valueName\":\"search_term_string\"}}],\"inLanguage\":\"en-US\"}]}<\/script>\n<!-- \/ Yoast SEO plugin. -->","yoast_head_json":{"title":"Carrer coaching - Departamento de Ingenier\u00eda de Mec\u00e1nica y Metal\u00fargica","robots":{"index":"index","follow":"follow","max-snippet":"max-snippet:-1","max-image-preview":"max-image-preview:large","max-video-preview":"max-video-preview:-1"},"canonical":"https:\/\/www.ing.uc.cl\/mecanica-y-metalurgica\/en\/carrer-coaching\/","og_locale":"en_US","og_type":"article","og_title":"Carrer coaching - Departamento de Ingenier\u00eda de Mec\u00e1nica y Metal\u00fargica","og_description":"\u00bfEstoy haciendo lo correcto para m\u00ed o debo cambiar de direcci\u00f3n?","og_url":"https:\/\/www.ing.uc.cl\/mecanica-y-metalurgica\/en\/carrer-coaching\/","og_site_name":"Departamento de Ingenier\u00eda de Mec\u00e1nica y Metal\u00fargica","article_publisher":"https:\/\/www.facebook.com\/EscueladeIngenieriaUniversidadCatolica\/","twitter_card":"summary_large_image","twitter_site":"@ingenieriaUC","twitter_misc":{"Est. reading time":"1 minute"},"schema":{"@context":"https:\/\/schema.org","@graph":[{"@type":"WebPage","@id":"https:\/\/www.ing.uc.cl\/mecanica-y-metalurgica\/en\/carrer-coaching\/","url":"https:\/\/www.ing.uc.cl\/mecanica-y-metalurgica\/en\/carrer-coaching\/","name":"Carrer coaching - Departamento de Ingenier\u00eda de Mec\u00e1nica y Metal\u00fargica","isPartOf":{"@id":"https:\/\/www.ing.uc.cl\/mecanica-y-metalurgica\/#website"},"datePublished":"2017-07-25T10:12:32+00:00","breadcrumb":{"@id":"https:\/\/www.ing.uc.cl\/mecanica-y-metalurgica\/en\/carrer-coaching\/#breadcrumb"},"inLanguage":"en-US","potentialAction":[{"@type":"ReadAction","target":["https:\/\/www.ing.uc.cl\/mecanica-y-metalurgica\/en\/carrer-coaching\/"]}]},{"@type":"BreadcrumbList","@id":"https:\/\/www.ing.uc.cl\/mecanica-y-metalurgica\/en\/carrer-coaching\/#breadcrumb","itemListElement":[{"@type":"ListItem","position":1,"name":"Home","item":"https:\/\/www.ing.uc.cl\/mecanica-y-metalurgica\/en\/"},{"@type":"ListItem","position":2,"name":"Carrer coaching"}]},{"@type":"WebSite","@id":"https:\/\/www.ing.uc.cl\/mecanica-y-metalurgica\/#website","url":"https:\/\/www.ing.uc.cl\/mecanica-y-metalurgica\/","name":"Departamento de Ingenier\u00eda de Mec\u00e1nica y Metal\u00fargica","description":"Ingenier\u00eda UC","potentialAction":[{"@type":"SearchAction","target":{"@type":"EntryPoint","urlTemplate":"https:\/\/www.ing.uc.cl\/mecanica-y-metalurgica\/?s={search_term_string}"},"query-input":{"@type":"PropertyValueSpecification","valueRequired":true,"valueName":"search_term_string"}}],"inLanguage":"en-US"}]}},"_links":{"self":[{"href":"https:\/\/www.ing.uc.cl\/mecanica-y-metalurgica\/en\/wp-json\/wp\/v2\/pages\/60652","targetHints":{"allow":["GET"]}}],"collection":[{"href":"https:\/\/www.ing.uc.cl\/mecanica-y-metalurgica\/en\/wp-json\/wp\/v2\/pages"}],"about":[{"href":"https:\/\/www.ing.uc.cl\/mecanica-y-metalurgica\/en\/wp-json\/wp\/v2\/types\/page"}],"author":[{"embeddable":true,"href":"https:\/\/www.ing.uc.cl\/mecanica-y-metalurgica\/en\/wp-json\/wp\/v2\/users\/33"}],"replies":[{"embeddable":true,"href":"https:\/\/www.ing.uc.cl\/mecanica-y-metalurgica\/en\/wp-json\/wp\/v2\/comments?post=60652"}],"version-history":[{"count":0,"href":"https:\/\/www.ing.uc.cl\/mecanica-y-metalurgica\/en\/wp-json\/wp\/v2\/pages\/60652\/revisions"}],"wp:attachment":[{"href":"https:\/\/www.ing.uc.cl\/mecanica-y-metalurgica\/en\/wp-json\/wp\/v2\/media?parent=60652"}],"curies":[{"name":"wp","href":"https:\/\/api.w.org\/{rel}","templated":true}]}}