{"id":16595,"date":"2017-01-19T17:14:45","date_gmt":"2017-01-19T21:14:45","guid":{"rendered":"http:\/\/agenciadev01.info\/lab\/inguc.cl\/?page_id=16595"},"modified":"2018-01-14T20:45:45","modified_gmt":"2018-01-14T23:45:45","slug":"mapa-del-sitio","status":"publish","type":"page","link":"https:\/\/www.ing.uc.cl\/mecanica-y-metalurgica\/mapa-del-sitio\/","title":{"rendered":"Mapa del Sitio"},"content":{"rendered":"<div class=\"wsp-container\"><h2 class=\"wsp-teams-title\">Team<\/h2>\n<ul class=\"wsp-teams-list\">\n<li><a href=\"https:\/\/www.ing.uc.cl\/mecanica-y-metalurgica\/team\/patricio-romero\/\">Patricio Romero<\/a><\/li>\n<li><a href=\"https:\/\/www.ing.uc.cl\/mecanica-y-metalurgica\/team\/max-marian\/\">Max Marian<\/a><\/li>\n<li><a href=\"https:\/\/www.ing.uc.cl\/mecanica-y-metalurgica\/team\/francisco-sahli\/\">Francisco Sahli<\/a><\/li>\n<li><a href=\"https:\/\/www.ing.uc.cl\/mecanica-y-metalurgica\/team\/jorge-ramos\/\">Jorge Ramos<\/a><\/li>\n<li><a href=\"https:\/\/www.ing.uc.cl\/mecanica-y-metalurgica\/team\/magdalena-walczak\/\">Magdalena Walczak<\/a><\/li>\n<\/ul>\n<h2 class=\"wsp-cursoss-title\">Cursos<\/h2>\n<ul class=\"wsp-cursoss-list\">\n<li><a href=\"https:\/\/www.ing.uc.cl\/mecanica-y-metalurgica\/cursos\/mecanica-en-termonuclear\/\">Mecanica en Termonuclear<\/a><\/li>\n<li><a href=\"https:\/\/www.ing.uc.cl\/mecanica-y-metalurgica\/cursos\/curso-de-mecanica\/\">Curso de Mecanica<\/a><\/li>\n<\/ul>\n<h2 class=\"wsp-team_departments-title\">Department<\/h2>\n<ul class=\"wsp-team_departments-list\">\n<li><a href=\"https:\/\/www.ing.uc.cl\/mecanica-y-metalurgica\/team_department\/docente\/\">Docente<\/a><\/li>\n<\/ul>\n<\/div>\n","protected":false},"excerpt":{"rendered":"","protected":false},"author":33,"featured_media":0,"parent":0,"menu_order":100,"comment_status":"closed","ping_status":"closed","template":"sitemap.php","meta":{"_acf_changed":false,"footnotes":""},"class_list":["post-16595","page","type-page","status-publish","hentry"],"acf":[],"yoast_head":"<!-- This site is optimized with the Yoast SEO plugin v26.9 - https:\/\/yoast.com\/product\/yoast-seo-wordpress\/ -->\n<title>Mapa del Sitio - Departamento de Ingenier\u00eda de Mec\u00e1nica y Metal\u00fargica<\/title>\n<meta name=\"robots\" content=\"index, follow, max-snippet:-1, max-image-preview:large, max-video-preview:-1\" \/>\n<link rel=\"canonical\" href=\"https:\/\/www.ing.uc.cl\/mecanica-y-metalurgica\/mapa-del-sitio\/\" \/>\n<meta property=\"og:locale\" content=\"es_ES\" \/>\n<meta property=\"og:type\" content=\"article\" \/>\n<meta property=\"og:title\" content=\"Mapa del Sitio - Departamento de Ingenier\u00eda de Mec\u00e1nica y Metal\u00fargica\" \/>\n<meta property=\"og:url\" content=\"https:\/\/www.ing.uc.cl\/mecanica-y-metalurgica\/mapa-del-sitio\/\" \/>\n<meta property=\"og:site_name\" content=\"Departamento de Ingenier\u00eda de Mec\u00e1nica y Metal\u00fargica\" \/>\n<meta property=\"article:publisher\" content=\"https:\/\/www.facebook.com\/EscueladeIngenieriaUniversidadCatolica\/\" \/>\n<meta property=\"article:modified_time\" content=\"2018-01-14T23:45:45+00:00\" \/>\n<meta name=\"twitter:card\" content=\"summary_large_image\" \/>\n<meta name=\"twitter:site\" content=\"@ingenieriaUC\" \/>\n<script type=\"application\/ld+json\" class=\"yoast-schema-graph\">{\"@context\":\"https:\/\/schema.org\",\"@graph\":[{\"@type\":\"WebPage\",\"@id\":\"https:\/\/www.ing.uc.cl\/mecanica-y-metalurgica\/mapa-del-sitio\/\",\"url\":\"https:\/\/www.ing.uc.cl\/mecanica-y-metalurgica\/mapa-del-sitio\/\",\"name\":\"Mapa del Sitio - Departamento de Ingenier\u00eda de Mec\u00e1nica y Metal\u00fargica\",\"isPartOf\":{\"@id\":\"https:\/\/www.ing.uc.cl\/mecanica-y-metalurgica\/#website\"},\"datePublished\":\"2017-01-19T21:14:45+00:00\",\"dateModified\":\"2018-01-14T23:45:45+00:00\",\"breadcrumb\":{\"@id\":\"https:\/\/www.ing.uc.cl\/mecanica-y-metalurgica\/mapa-del-sitio\/#breadcrumb\"},\"inLanguage\":\"es\",\"potentialAction\":[{\"@type\":\"ReadAction\",\"target\":[\"https:\/\/www.ing.uc.cl\/mecanica-y-metalurgica\/mapa-del-sitio\/\"]}]},{\"@type\":\"BreadcrumbList\",\"@id\":\"https:\/\/www.ing.uc.cl\/mecanica-y-metalurgica\/mapa-del-sitio\/#breadcrumb\",\"itemListElement\":[{\"@type\":\"ListItem\",\"position\":1,\"name\":\"Home\",\"item\":\"https:\/\/www.ing.uc.cl\/mecanica-y-metalurgica\/\"},{\"@type\":\"ListItem\",\"position\":2,\"name\":\"Mapa del Sitio\"}]},{\"@type\":\"WebSite\",\"@id\":\"https:\/\/www.ing.uc.cl\/mecanica-y-metalurgica\/#website\",\"url\":\"https:\/\/www.ing.uc.cl\/mecanica-y-metalurgica\/\",\"name\":\"Departamento de Ingenier\u00eda de Mec\u00e1nica y Metal\u00fargica\",\"description\":\"Ingenier\u00eda UC\",\"potentialAction\":[{\"@type\":\"SearchAction\",\"target\":{\"@type\":\"EntryPoint\",\"urlTemplate\":\"https:\/\/www.ing.uc.cl\/mecanica-y-metalurgica\/?s={search_term_string}\"},\"query-input\":{\"@type\":\"PropertyValueSpecification\",\"valueRequired\":true,\"valueName\":\"search_term_string\"}}],\"inLanguage\":\"es\"}]}<\/script>\n<!-- \/ Yoast SEO plugin. -->","yoast_head_json":{"title":"Mapa del Sitio - Departamento de Ingenier\u00eda de Mec\u00e1nica y Metal\u00fargica","robots":{"index":"index","follow":"follow","max-snippet":"max-snippet:-1","max-image-preview":"max-image-preview:large","max-video-preview":"max-video-preview:-1"},"canonical":"https:\/\/www.ing.uc.cl\/mecanica-y-metalurgica\/mapa-del-sitio\/","og_locale":"es_ES","og_type":"article","og_title":"Mapa del Sitio - Departamento de Ingenier\u00eda de Mec\u00e1nica y Metal\u00fargica","og_url":"https:\/\/www.ing.uc.cl\/mecanica-y-metalurgica\/mapa-del-sitio\/","og_site_name":"Departamento de Ingenier\u00eda de Mec\u00e1nica y Metal\u00fargica","article_publisher":"https:\/\/www.facebook.com\/EscueladeIngenieriaUniversidadCatolica\/","article_modified_time":"2018-01-14T23:45:45+00:00","twitter_card":"summary_large_image","twitter_site":"@ingenieriaUC","schema":{"@context":"https:\/\/schema.org","@graph":[{"@type":"WebPage","@id":"https:\/\/www.ing.uc.cl\/mecanica-y-metalurgica\/mapa-del-sitio\/","url":"https:\/\/www.ing.uc.cl\/mecanica-y-metalurgica\/mapa-del-sitio\/","name":"Mapa del Sitio - Departamento de Ingenier\u00eda de Mec\u00e1nica y Metal\u00fargica","isPartOf":{"@id":"https:\/\/www.ing.uc.cl\/mecanica-y-metalurgica\/#website"},"datePublished":"2017-01-19T21:14:45+00:00","dateModified":"2018-01-14T23:45:45+00:00","breadcrumb":{"@id":"https:\/\/www.ing.uc.cl\/mecanica-y-metalurgica\/mapa-del-sitio\/#breadcrumb"},"inLanguage":"es","potentialAction":[{"@type":"ReadAction","target":["https:\/\/www.ing.uc.cl\/mecanica-y-metalurgica\/mapa-del-sitio\/"]}]},{"@type":"BreadcrumbList","@id":"https:\/\/www.ing.uc.cl\/mecanica-y-metalurgica\/mapa-del-sitio\/#breadcrumb","itemListElement":[{"@type":"ListItem","position":1,"name":"Home","item":"https:\/\/www.ing.uc.cl\/mecanica-y-metalurgica\/"},{"@type":"ListItem","position":2,"name":"Mapa del Sitio"}]},{"@type":"WebSite","@id":"https:\/\/www.ing.uc.cl\/mecanica-y-metalurgica\/#website","url":"https:\/\/www.ing.uc.cl\/mecanica-y-metalurgica\/","name":"Departamento de Ingenier\u00eda de Mec\u00e1nica y Metal\u00fargica","description":"Ingenier\u00eda UC","potentialAction":[{"@type":"SearchAction","target":{"@type":"EntryPoint","urlTemplate":"https:\/\/www.ing.uc.cl\/mecanica-y-metalurgica\/?s={search_term_string}"},"query-input":{"@type":"PropertyValueSpecification","valueRequired":true,"valueName":"search_term_string"}}],"inLanguage":"es"}]}},"_links":{"self":[{"href":"https:\/\/www.ing.uc.cl\/mecanica-y-metalurgica\/wp-json\/wp\/v2\/pages\/16595","targetHints":{"allow":["GET"]}}],"collection":[{"href":"https:\/\/www.ing.uc.cl\/mecanica-y-metalurgica\/wp-json\/wp\/v2\/pages"}],"about":[{"href":"https:\/\/www.ing.uc.cl\/mecanica-y-metalurgica\/wp-json\/wp\/v2\/types\/page"}],"author":[{"embeddable":true,"href":"https:\/\/www.ing.uc.cl\/mecanica-y-metalurgica\/wp-json\/wp\/v2\/users\/33"}],"replies":[{"embeddable":true,"href":"https:\/\/www.ing.uc.cl\/mecanica-y-metalurgica\/wp-json\/wp\/v2\/comments?post=16595"}],"version-history":[{"count":0,"href":"https:\/\/www.ing.uc.cl\/mecanica-y-metalurgica\/wp-json\/wp\/v2\/pages\/16595\/revisions"}],"wp:attachment":[{"href":"https:\/\/www.ing.uc.cl\/mecanica-y-metalurgica\/wp-json\/wp\/v2\/media?parent=16595"}],"curies":[{"name":"wp","href":"https:\/\/api.w.org\/{rel}","templated":true}]}}