{"id":304,"date":"2016-11-30T16:45:46","date_gmt":"2016-11-30T20:45:46","guid":{"rendered":"http:\/\/agenciadev01.info\/lab\/inguc.cl\/?post_type=bloques&#038;p=304"},"modified":"2023-10-04T10:37:48","modified_gmt":"2023-10-04T13:37:48","slug":"nuestro-departamento","status":"publish","type":"page","link":"https:\/\/www.ing.uc.cl\/mecanica-y-metalurgica\/nuestro-departamento\/","title":{"rendered":"Nuestro Departamento"},"content":{"rendered":"<p><img loading=\"lazy\" decoding=\"async\" class=\"aligncenter wp-image-321054\" src=\"https:\/\/www.ing.uc.cl\/mecanica-y-metalurgica\/wp-content\/uploads\/2022\/08\/DSC01032-300x200.jpg\" alt=\"\" width=\"581\" height=\"387\" srcset=\"https:\/\/www.ing.uc.cl\/mecanica-y-metalurgica\/wp-content\/uploads\/2022\/08\/DSC01032-300x200.jpg 300w, https:\/\/www.ing.uc.cl\/mecanica-y-metalurgica\/wp-content\/uploads\/2022\/08\/DSC01032-1024x683.jpg 1024w, https:\/\/www.ing.uc.cl\/mecanica-y-metalurgica\/wp-content\/uploads\/2022\/08\/DSC01032-768x512.jpg 768w, https:\/\/www.ing.uc.cl\/mecanica-y-metalurgica\/wp-content\/uploads\/2022\/08\/DSC01032-1536x1024.jpg 1536w, https:\/\/www.ing.uc.cl\/mecanica-y-metalurgica\/wp-content\/uploads\/2022\/08\/DSC01032-2048x1365.jpg 2048w, https:\/\/www.ing.uc.cl\/mecanica-y-metalurgica\/wp-content\/uploads\/2022\/08\/DSC01032-291x194.jpg 291w, https:\/\/www.ing.uc.cl\/mecanica-y-metalurgica\/wp-content\/uploads\/2022\/08\/DSC01032-1200x800.jpg 1200w\" sizes=\"auto, (max-width: 581px) 100vw, 581px\" \/><\/p>\n","protected":false},"excerpt":{"rendered":"","protected":false},"author":33,"featured_media":0,"parent":0,"menu_order":0,"comment_status":"closed","ping_status":"closed","template":"template-bloques.php","meta":{"_acf_changed":false,"footnotes":""},"class_list":["post-304","page","type-page","status-publish","hentry"],"acf":[],"yoast_head":"<!-- This site is optimized with the Yoast SEO plugin v26.9 - https:\/\/yoast.com\/product\/yoast-seo-wordpress\/ -->\n<title>Nuestro Departamento - Departamento de Ingenier\u00eda de Mec\u00e1nica y Metal\u00fargica<\/title>\n<meta name=\"robots\" content=\"index, follow, max-snippet:-1, max-image-preview:large, max-video-preview:-1\" \/>\n<link rel=\"canonical\" href=\"https:\/\/www.ing.uc.cl\/mecanica-y-metalurgica\/nuestro-departamento\/\" \/>\n<meta property=\"og:locale\" content=\"es_ES\" \/>\n<meta property=\"og:type\" content=\"article\" \/>\n<meta property=\"og:title\" content=\"Nuestro Departamento - Departamento de Ingenier\u00eda de Mec\u00e1nica y Metal\u00fargica\" \/>\n<meta property=\"og:url\" content=\"https:\/\/www.ing.uc.cl\/mecanica-y-metalurgica\/nuestro-departamento\/\" \/>\n<meta property=\"og:site_name\" content=\"Departamento de Ingenier\u00eda de Mec\u00e1nica y Metal\u00fargica\" \/>\n<meta property=\"article:publisher\" content=\"https:\/\/www.facebook.com\/EscueladeIngenieriaUniversidadCatolica\/\" \/>\n<meta property=\"article:modified_time\" content=\"2023-10-04T13:37:48+00:00\" \/>\n<meta property=\"og:image\" content=\"https:\/\/www.ing.uc.cl\/mecanica-y-metalurgica\/wp-content\/uploads\/2022\/08\/DSC01032-300x200.jpg\" \/>\n<meta name=\"twitter:card\" content=\"summary_large_image\" \/>\n<meta name=\"twitter:site\" content=\"@ingenieriaUC\" \/>\n<meta name=\"twitter:label1\" content=\"Tiempo de lectura\" \/>\n\t<meta name=\"twitter:data1\" content=\"1 minuto\" \/>\n<script type=\"application\/ld+json\" class=\"yoast-schema-graph\">{\"@context\":\"https:\/\/schema.org\",\"@graph\":[{\"@type\":\"WebPage\",\"@id\":\"https:\/\/www.ing.uc.cl\/mecanica-y-metalurgica\/nuestro-departamento\/\",\"url\":\"https:\/\/www.ing.uc.cl\/mecanica-y-metalurgica\/nuestro-departamento\/\",\"name\":\"Nuestro Departamento - Departamento de Ingenier\u00eda de Mec\u00e1nica y Metal\u00fargica\",\"isPartOf\":{\"@id\":\"https:\/\/www.ing.uc.cl\/mecanica-y-metalurgica\/#website\"},\"primaryImageOfPage\":{\"@id\":\"https:\/\/www.ing.uc.cl\/mecanica-y-metalurgica\/nuestro-departamento\/#primaryimage\"},\"image\":{\"@id\":\"https:\/\/www.ing.uc.cl\/mecanica-y-metalurgica\/nuestro-departamento\/#primaryimage\"},\"thumbnailUrl\":\"https:\/\/www.ing.uc.cl\/mecanica-y-metalurgica\/wp-content\/uploads\/2022\/08\/DSC01032-300x200.jpg\",\"datePublished\":\"2016-11-30T20:45:46+00:00\",\"dateModified\":\"2023-10-04T13:37:48+00:00\",\"breadcrumb\":{\"@id\":\"https:\/\/www.ing.uc.cl\/mecanica-y-metalurgica\/nuestro-departamento\/#breadcrumb\"},\"inLanguage\":\"es\",\"potentialAction\":[{\"@type\":\"ReadAction\",\"target\":[\"https:\/\/www.ing.uc.cl\/mecanica-y-metalurgica\/nuestro-departamento\/\"]}]},{\"@type\":\"ImageObject\",\"inLanguage\":\"es\",\"@id\":\"https:\/\/www.ing.uc.cl\/mecanica-y-metalurgica\/nuestro-departamento\/#primaryimage\",\"url\":\"https:\/\/www.ing.uc.cl\/mecanica-y-metalurgica\/wp-content\/uploads\/2022\/08\/DSC01032-300x200.jpg\",\"contentUrl\":\"https:\/\/www.ing.uc.cl\/mecanica-y-metalurgica\/wp-content\/uploads\/2022\/08\/DSC01032-300x200.jpg\"},{\"@type\":\"BreadcrumbList\",\"@id\":\"https:\/\/www.ing.uc.cl\/mecanica-y-metalurgica\/nuestro-departamento\/#breadcrumb\",\"itemListElement\":[{\"@type\":\"ListItem\",\"position\":1,\"name\":\"Home\",\"item\":\"https:\/\/www.ing.uc.cl\/mecanica-y-metalurgica\/\"},{\"@type\":\"ListItem\",\"position\":2,\"name\":\"Nuestro Departamento\"}]},{\"@type\":\"WebSite\",\"@id\":\"https:\/\/www.ing.uc.cl\/mecanica-y-metalurgica\/#website\",\"url\":\"https:\/\/www.ing.uc.cl\/mecanica-y-metalurgica\/\",\"name\":\"Departamento de Ingenier\u00eda de Mec\u00e1nica y Metal\u00fargica\",\"description\":\"Ingenier\u00eda UC\",\"potentialAction\":[{\"@type\":\"SearchAction\",\"target\":{\"@type\":\"EntryPoint\",\"urlTemplate\":\"https:\/\/www.ing.uc.cl\/mecanica-y-metalurgica\/?s={search_term_string}\"},\"query-input\":{\"@type\":\"PropertyValueSpecification\",\"valueRequired\":true,\"valueName\":\"search_term_string\"}}],\"inLanguage\":\"es\"}]}<\/script>\n<!-- \/ Yoast SEO plugin. -->","yoast_head_json":{"title":"Nuestro Departamento - Departamento de Ingenier\u00eda de Mec\u00e1nica y Metal\u00fargica","robots":{"index":"index","follow":"follow","max-snippet":"max-snippet:-1","max-image-preview":"max-image-preview:large","max-video-preview":"max-video-preview:-1"},"canonical":"https:\/\/www.ing.uc.cl\/mecanica-y-metalurgica\/nuestro-departamento\/","og_locale":"es_ES","og_type":"article","og_title":"Nuestro Departamento - Departamento de Ingenier\u00eda de Mec\u00e1nica y Metal\u00fargica","og_url":"https:\/\/www.ing.uc.cl\/mecanica-y-metalurgica\/nuestro-departamento\/","og_site_name":"Departamento de Ingenier\u00eda de Mec\u00e1nica y Metal\u00fargica","article_publisher":"https:\/\/www.facebook.com\/EscueladeIngenieriaUniversidadCatolica\/","article_modified_time":"2023-10-04T13:37:48+00:00","og_image":[{"url":"https:\/\/www.ing.uc.cl\/mecanica-y-metalurgica\/wp-content\/uploads\/2022\/08\/DSC01032-300x200.jpg","type":"","width":"","height":""}],"twitter_card":"summary_large_image","twitter_site":"@ingenieriaUC","twitter_misc":{"Tiempo de lectura":"1 minuto"},"schema":{"@context":"https:\/\/schema.org","@graph":[{"@type":"WebPage","@id":"https:\/\/www.ing.uc.cl\/mecanica-y-metalurgica\/nuestro-departamento\/","url":"https:\/\/www.ing.uc.cl\/mecanica-y-metalurgica\/nuestro-departamento\/","name":"Nuestro Departamento - Departamento de Ingenier\u00eda de Mec\u00e1nica y Metal\u00fargica","isPartOf":{"@id":"https:\/\/www.ing.uc.cl\/mecanica-y-metalurgica\/#website"},"primaryImageOfPage":{"@id":"https:\/\/www.ing.uc.cl\/mecanica-y-metalurgica\/nuestro-departamento\/#primaryimage"},"image":{"@id":"https:\/\/www.ing.uc.cl\/mecanica-y-metalurgica\/nuestro-departamento\/#primaryimage"},"thumbnailUrl":"https:\/\/www.ing.uc.cl\/mecanica-y-metalurgica\/wp-content\/uploads\/2022\/08\/DSC01032-300x200.jpg","datePublished":"2016-11-30T20:45:46+00:00","dateModified":"2023-10-04T13:37:48+00:00","breadcrumb":{"@id":"https:\/\/www.ing.uc.cl\/mecanica-y-metalurgica\/nuestro-departamento\/#breadcrumb"},"inLanguage":"es","potentialAction":[{"@type":"ReadAction","target":["https:\/\/www.ing.uc.cl\/mecanica-y-metalurgica\/nuestro-departamento\/"]}]},{"@type":"ImageObject","inLanguage":"es","@id":"https:\/\/www.ing.uc.cl\/mecanica-y-metalurgica\/nuestro-departamento\/#primaryimage","url":"https:\/\/www.ing.uc.cl\/mecanica-y-metalurgica\/wp-content\/uploads\/2022\/08\/DSC01032-300x200.jpg","contentUrl":"https:\/\/www.ing.uc.cl\/mecanica-y-metalurgica\/wp-content\/uploads\/2022\/08\/DSC01032-300x200.jpg"},{"@type":"BreadcrumbList","@id":"https:\/\/www.ing.uc.cl\/mecanica-y-metalurgica\/nuestro-departamento\/#breadcrumb","itemListElement":[{"@type":"ListItem","position":1,"name":"Home","item":"https:\/\/www.ing.uc.cl\/mecanica-y-metalurgica\/"},{"@type":"ListItem","position":2,"name":"Nuestro Departamento"}]},{"@type":"WebSite","@id":"https:\/\/www.ing.uc.cl\/mecanica-y-metalurgica\/#website","url":"https:\/\/www.ing.uc.cl\/mecanica-y-metalurgica\/","name":"Departamento de Ingenier\u00eda de Mec\u00e1nica y Metal\u00fargica","description":"Ingenier\u00eda UC","potentialAction":[{"@type":"SearchAction","target":{"@type":"EntryPoint","urlTemplate":"https:\/\/www.ing.uc.cl\/mecanica-y-metalurgica\/?s={search_term_string}"},"query-input":{"@type":"PropertyValueSpecification","valueRequired":true,"valueName":"search_term_string"}}],"inLanguage":"es"}]}},"_links":{"self":[{"href":"https:\/\/www.ing.uc.cl\/mecanica-y-metalurgica\/wp-json\/wp\/v2\/pages\/304","targetHints":{"allow":["GET"]}}],"collection":[{"href":"https:\/\/www.ing.uc.cl\/mecanica-y-metalurgica\/wp-json\/wp\/v2\/pages"}],"about":[{"href":"https:\/\/www.ing.uc.cl\/mecanica-y-metalurgica\/wp-json\/wp\/v2\/types\/page"}],"author":[{"embeddable":true,"href":"https:\/\/www.ing.uc.cl\/mecanica-y-metalurgica\/wp-json\/wp\/v2\/users\/33"}],"replies":[{"embeddable":true,"href":"https:\/\/www.ing.uc.cl\/mecanica-y-metalurgica\/wp-json\/wp\/v2\/comments?post=304"}],"version-history":[{"count":2,"href":"https:\/\/www.ing.uc.cl\/mecanica-y-metalurgica\/wp-json\/wp\/v2\/pages\/304\/revisions"}],"predecessor-version":[{"id":322548,"href":"https:\/\/www.ing.uc.cl\/mecanica-y-metalurgica\/wp-json\/wp\/v2\/pages\/304\/revisions\/322548"}],"wp:attachment":[{"href":"https:\/\/www.ing.uc.cl\/mecanica-y-metalurgica\/wp-json\/wp\/v2\/media?parent=304"}],"curies":[{"name":"wp","href":"https:\/\/api.w.org\/{rel}","templated":true}]}}