{"id":320813,"date":"2022-06-22T17:31:04","date_gmt":"2022-06-22T21:31:04","guid":{"rendered":"https:\/\/www.ing.uc.cl\/mecanica-y-metalurgica\/?page_id=320813"},"modified":"2023-07-28T11:47:54","modified_gmt":"2023-07-28T15:47:54","slug":"autoridades","status":"publish","type":"page","link":"https:\/\/www.ing.uc.cl\/mecanica-y-metalurgica\/nuestro-departamento\/autoridades\/","title":{"rendered":"Autoridades"},"content":{"rendered":"<div  class=\"lgc-column lgc-grid-parent lgc-grid-33 lgc-tablet-grid-33 lgc-mobile-grid-100 lgc-equal-heights \"><div  class=\"inside-grid-column\">\n<p style=\"text-align: center;\"><i>Directora<\/i><i> de Departamento<\/i><\/p>\n<p style=\"text-align: center;\"><a href=\"https:\/\/www.ing.uc.cl\/academicos-e-investigadores\/magdalena-marta-walczak\/\"><b>Magdalena Walczak<\/b><\/a><\/p>\n<p style=\"text-align: center;\"><img loading=\"lazy\" decoding=\"async\" class=\"aligncenter size-medium wp-image-321120\" src=\"https:\/\/www.ing.uc.cl\/mecanica-y-metalurgica\/wp-content\/uploads\/2022\/08\/Magdalena-Walczak-240x300.jpg\" alt=\"\" width=\"240\" height=\"300\" srcset=\"https:\/\/www.ing.uc.cl\/mecanica-y-metalurgica\/wp-content\/uploads\/2022\/08\/Magdalena-Walczak-240x300.jpg 240w, https:\/\/www.ing.uc.cl\/mecanica-y-metalurgica\/wp-content\/uploads\/2022\/08\/Magdalena-Walczak-819x1024.jpg 819w, https:\/\/www.ing.uc.cl\/mecanica-y-metalurgica\/wp-content\/uploads\/2022\/08\/Magdalena-Walczak-768x960.jpg 768w, https:\/\/www.ing.uc.cl\/mecanica-y-metalurgica\/wp-content\/uploads\/2022\/08\/Magdalena-Walczak-1229x1536.jpg 1229w, https:\/\/www.ing.uc.cl\/mecanica-y-metalurgica\/wp-content\/uploads\/2022\/08\/Magdalena-Walczak-1638x2048.jpg 1638w, https:\/\/www.ing.uc.cl\/mecanica-y-metalurgica\/wp-content\/uploads\/2022\/08\/Magdalena-Walczak-155x194.jpg 155w, https:\/\/www.ing.uc.cl\/mecanica-y-metalurgica\/wp-content\/uploads\/2022\/08\/Magdalena-Walczak-640x800.jpg 640w, https:\/\/www.ing.uc.cl\/mecanica-y-metalurgica\/wp-content\/uploads\/2022\/08\/Magdalena-Walczak-scaled.jpg 2048w\" sizes=\"auto, (max-width: 240px) 100vw, 240px\" \/><\/p>\n<p><\/p><\/div><\/div><div  class=\"lgc-column lgc-grid-parent lgc-grid-33 lgc-tablet-grid-33 lgc-mobile-grid-100 lgc-equal-heights \"><div  class=\"inside-grid-column\">\n<p style=\"text-align: center;\"><i>Jefe de <\/i><i>Doctorado<\/i><\/p>\n<p style=\"text-align: center;\"><a href=\"https:\/\/www.ing.uc.cl\/academicos-e-investigadores\/diego-javier-celentano\/\"><b>Diego Celentano<\/b><\/a><\/p>\n<p><img loading=\"lazy\" decoding=\"async\" class=\"aligncenter size-medium wp-image-321102\" src=\"https:\/\/www.ing.uc.cl\/mecanica-y-metalurgica\/wp-content\/uploads\/2022\/08\/Diego-Celentano-240x300.jpg\" alt=\"\" width=\"240\" height=\"300\" srcset=\"https:\/\/www.ing.uc.cl\/mecanica-y-metalurgica\/wp-content\/uploads\/2022\/08\/Diego-Celentano-240x300.jpg 240w, https:\/\/www.ing.uc.cl\/mecanica-y-metalurgica\/wp-content\/uploads\/2022\/08\/Diego-Celentano-819x1024.jpg 819w, https:\/\/www.ing.uc.cl\/mecanica-y-metalurgica\/wp-content\/uploads\/2022\/08\/Diego-Celentano-768x960.jpg 768w, https:\/\/www.ing.uc.cl\/mecanica-y-metalurgica\/wp-content\/uploads\/2022\/08\/Diego-Celentano-1229x1536.jpg 1229w, https:\/\/www.ing.uc.cl\/mecanica-y-metalurgica\/wp-content\/uploads\/2022\/08\/Diego-Celentano-1639x2048.jpg 1639w, https:\/\/www.ing.uc.cl\/mecanica-y-metalurgica\/wp-content\/uploads\/2022\/08\/Diego-Celentano-155x194.jpg 155w, https:\/\/www.ing.uc.cl\/mecanica-y-metalurgica\/wp-content\/uploads\/2022\/08\/Diego-Celentano-640x800.jpg 640w, https:\/\/www.ing.uc.cl\/mecanica-y-metalurgica\/wp-content\/uploads\/2022\/08\/Diego-Celentano-scaled.jpg 2048w\" sizes=\"auto, (max-width: 240px) 100vw, 240px\" \/><\/p>\n<p><\/p><\/div><\/div><div  class=\"lgc-column lgc-grid-parent lgc-grid-33 lgc-tablet-grid-33 lgc-mobile-grid-100 lgc-equal-heights \"><div  class=\"inside-grid-column\">\n<p style=\"text-align: center;\"><i>Jefe de Magister <\/i><i>en Ciencias de la Ingenier\u00eda<\/i><\/p>\n<p style=\"text-align: center;\"><b>Jorge Ramos<\/b><\/p>\n<p><img loading=\"lazy\" decoding=\"async\" class=\"aligncenter wp-image-322401 size-medium\" src=\"https:\/\/www.ing.uc.cl\/mecanica-y-metalurgica\/wp-content\/uploads\/2023\/06\/WhatsApp-Image-2023-06-19-at-11.58.54-e1687277955805-239x300.jpeg\" alt=\"\" width=\"239\" height=\"300\" srcset=\"https:\/\/www.ing.uc.cl\/mecanica-y-metalurgica\/wp-content\/uploads\/2023\/06\/WhatsApp-Image-2023-06-19-at-11.58.54-e1687277955805-239x300.jpeg 239w, https:\/\/www.ing.uc.cl\/mecanica-y-metalurgica\/wp-content\/uploads\/2023\/06\/WhatsApp-Image-2023-06-19-at-11.58.54-e1687277955805-155x194.jpeg 155w, https:\/\/www.ing.uc.cl\/mecanica-y-metalurgica\/wp-content\/uploads\/2023\/06\/WhatsApp-Image-2023-06-19-at-11.58.54-e1687277955805-638x800.jpeg 638w, https:\/\/www.ing.uc.cl\/mecanica-y-metalurgica\/wp-content\/uploads\/2023\/06\/WhatsApp-Image-2023-06-19-at-11.58.54-e1687277955805.jpeg 664w\" sizes=\"auto, (max-width: 239px) 100vw, 239px\" \/><\/p>\n<p><\/p><\/div><\/div><div  class=\"lgc-column lgc-grid-parent lgc-grid-33 lgc-tablet-grid-33 lgc-mobile-grid-100 lgc-equal-heights \"><div  class=\"inside-grid-column\">\n<p style=\"text-align: center;\">Jefe de Proyectos y Gesti\u00f3n<\/p>\n<p style=\"text-align: center;\"><b>Viviana Vergini<\/b><\/p>\n<p><img loading=\"lazy\" decoding=\"async\" class=\"aligncenter size-medium wp-image-321138\" src=\"https:\/\/www.ing.uc.cl\/mecanica-y-metalurgica\/wp-content\/uploads\/2022\/08\/Viviana-Vergini-Acevedo-240x300.jpg\" alt=\"\" width=\"240\" height=\"300\" srcset=\"https:\/\/www.ing.uc.cl\/mecanica-y-metalurgica\/wp-content\/uploads\/2022\/08\/Viviana-Vergini-Acevedo-240x300.jpg 240w, https:\/\/www.ing.uc.cl\/mecanica-y-metalurgica\/wp-content\/uploads\/2022\/08\/Viviana-Vergini-Acevedo-819x1024.jpg 819w, https:\/\/www.ing.uc.cl\/mecanica-y-metalurgica\/wp-content\/uploads\/2022\/08\/Viviana-Vergini-Acevedo-768x960.jpg 768w, https:\/\/www.ing.uc.cl\/mecanica-y-metalurgica\/wp-content\/uploads\/2022\/08\/Viviana-Vergini-Acevedo-1229x1536.jpg 1229w, https:\/\/www.ing.uc.cl\/mecanica-y-metalurgica\/wp-content\/uploads\/2022\/08\/Viviana-Vergini-Acevedo-1638x2048.jpg 1638w, https:\/\/www.ing.uc.cl\/mecanica-y-metalurgica\/wp-content\/uploads\/2022\/08\/Viviana-Vergini-Acevedo-155x194.jpg 155w, https:\/\/www.ing.uc.cl\/mecanica-y-metalurgica\/wp-content\/uploads\/2022\/08\/Viviana-Vergini-Acevedo-640x800.jpg 640w, https:\/\/www.ing.uc.cl\/mecanica-y-metalurgica\/wp-content\/uploads\/2022\/08\/Viviana-Vergini-Acevedo-scaled.jpg 2048w\" sizes=\"auto, (max-width: 240px) 100vw, 240px\" \/><\/p>\n<p><\/p><\/div><\/div><div  class=\"lgc-column lgc-grid-parent lgc-grid-33 lgc-tablet-grid-33 lgc-mobile-grid-100 lgc-equal-heights \"><div  class=\"inside-grid-column\">\n<p style=\"text-align: center;\"><i>Jefe de Major<\/i><\/p>\n<p style=\"text-align: center;\"><a href=\"https:\/\/www.ing.uc.cl\/academicos-e-investigadores\/wolfram-michael-andreas-oliver-jahn-von-arnswaldt\/\"><b>Wolfram Jahn<\/b><\/a><\/p>\n<p><img loading=\"lazy\" decoding=\"async\" class=\"aligncenter size-medium wp-image-321140\" src=\"https:\/\/www.ing.uc.cl\/mecanica-y-metalurgica\/wp-content\/uploads\/2022\/08\/Wolfram-Jahn-Von-Arnswaldt-2-240x300.jpg\" alt=\"\" width=\"240\" height=\"300\" srcset=\"https:\/\/www.ing.uc.cl\/mecanica-y-metalurgica\/wp-content\/uploads\/2022\/08\/Wolfram-Jahn-Von-Arnswaldt-2-240x300.jpg 240w, https:\/\/www.ing.uc.cl\/mecanica-y-metalurgica\/wp-content\/uploads\/2022\/08\/Wolfram-Jahn-Von-Arnswaldt-2-819x1024.jpg 819w, https:\/\/www.ing.uc.cl\/mecanica-y-metalurgica\/wp-content\/uploads\/2022\/08\/Wolfram-Jahn-Von-Arnswaldt-2-768x960.jpg 768w, https:\/\/www.ing.uc.cl\/mecanica-y-metalurgica\/wp-content\/uploads\/2022\/08\/Wolfram-Jahn-Von-Arnswaldt-2-1229x1536.jpg 1229w, https:\/\/www.ing.uc.cl\/mecanica-y-metalurgica\/wp-content\/uploads\/2022\/08\/Wolfram-Jahn-Von-Arnswaldt-2-1638x2048.jpg 1638w, https:\/\/www.ing.uc.cl\/mecanica-y-metalurgica\/wp-content\/uploads\/2022\/08\/Wolfram-Jahn-Von-Arnswaldt-2-155x194.jpg 155w, https:\/\/www.ing.uc.cl\/mecanica-y-metalurgica\/wp-content\/uploads\/2022\/08\/Wolfram-Jahn-Von-Arnswaldt-2-640x800.jpg 640w, https:\/\/www.ing.uc.cl\/mecanica-y-metalurgica\/wp-content\/uploads\/2022\/08\/Wolfram-Jahn-Von-Arnswaldt-2-scaled.jpg 2048w\" sizes=\"auto, (max-width: 240px) 100vw, 240px\" \/><\/p>\n<p><\/p><\/div><\/div><div  class=\"lgc-column lgc-grid-parent lgc-grid-33 lgc-tablet-grid-33 lgc-mobile-grid-100 lgc-equal-heights \"><div  class=\"inside-grid-column\">\n<p style=\"text-align: center;\"><i>Coordinador de Titulaci\u00f3n<br \/>\n<\/i><\/p>\n<p style=\"text-align: center;\"><a href=\"https:\/\/www.ing.uc.cl\/mecanica-y-metalurgica\/nuestro-departamento\/cuerpo-docente\/rodrigo-escobar\/\"><b>Rodrigo Escobar<\/b><\/a><\/p>\n<p><img loading=\"lazy\" decoding=\"async\" class=\"aligncenter size-medium wp-image-321065\" src=\"https:\/\/www.ing.uc.cl\/mecanica-y-metalurgica\/wp-content\/uploads\/2022\/08\/Rodrigo-240x300.jpg\" alt=\"\" width=\"240\" height=\"300\" srcset=\"https:\/\/www.ing.uc.cl\/mecanica-y-metalurgica\/wp-content\/uploads\/2022\/08\/Rodrigo-240x300.jpg 240w, https:\/\/www.ing.uc.cl\/mecanica-y-metalurgica\/wp-content\/uploads\/2022\/08\/Rodrigo-819x1024.jpg 819w, https:\/\/www.ing.uc.cl\/mecanica-y-metalurgica\/wp-content\/uploads\/2022\/08\/Rodrigo-768x960.jpg 768w, https:\/\/www.ing.uc.cl\/mecanica-y-metalurgica\/wp-content\/uploads\/2022\/08\/Rodrigo-1229x1536.jpg 1229w, https:\/\/www.ing.uc.cl\/mecanica-y-metalurgica\/wp-content\/uploads\/2022\/08\/Rodrigo-1639x2048.jpg 1639w, https:\/\/www.ing.uc.cl\/mecanica-y-metalurgica\/wp-content\/uploads\/2022\/08\/Rodrigo-155x194.jpg 155w, https:\/\/www.ing.uc.cl\/mecanica-y-metalurgica\/wp-content\/uploads\/2022\/08\/Rodrigo-640x800.jpg 640w, https:\/\/www.ing.uc.cl\/mecanica-y-metalurgica\/wp-content\/uploads\/2022\/08\/Rodrigo-scaled.jpg 2048w\" sizes=\"auto, (max-width: 240px) 100vw, 240px\" \/><\/p>\n<p><\/p><\/div><\/div><div  class=\"lgc-column lgc-grid-parent lgc-grid-50 lgc-tablet-grid-50 lgc-mobile-grid-100 lgc-equal-heights \"><div  class=\"inside-grid-column\">\n<p style=\"text-align: center;\"><i>Delegado Postgrado <\/i><i>2023<\/i><\/p>\n<p style=\"text-align: center;\"><b>Ignacio Calder\u00f3n<\/b><\/p>\n<p><img loading=\"lazy\" decoding=\"async\" class=\"aligncenter wp-image-322236 size-medium\" src=\"https:\/\/www.ing.uc.cl\/mecanica-y-metalurgica\/wp-content\/uploads\/2023\/05\/1659668074697-e1684938254780-240x300.jpeg\" alt=\"\" width=\"240\" height=\"300\" srcset=\"https:\/\/www.ing.uc.cl\/mecanica-y-metalurgica\/wp-content\/uploads\/2023\/05\/1659668074697-e1684938254780-240x300.jpeg 240w, https:\/\/www.ing.uc.cl\/mecanica-y-metalurgica\/wp-content\/uploads\/2023\/05\/1659668074697-e1684938254780-155x194.jpeg 155w, https:\/\/www.ing.uc.cl\/mecanica-y-metalurgica\/wp-content\/uploads\/2023\/05\/1659668074697-e1684938254780.jpeg 640w\" sizes=\"auto, (max-width: 240px) 100vw, 240px\" \/><\/p>\n<p><\/p><\/div><\/div><div  class=\"lgc-column lgc-grid-parent lgc-grid-50 lgc-tablet-grid-50 lgc-mobile-grid-100 lgc-equal-heights \"><div  class=\"inside-grid-column\">\n<p style=\"text-align: center;\"><i>Delegado<\/i><i> Pregrado <\/i><i>2023<\/i><\/p>\n<p style=\"text-align: center;\"><b>Tom\u00e1s Astudillo<br \/>\n<\/b><\/p>\n<p><img loading=\"lazy\" decoding=\"async\" class=\"aligncenter size-medium wp-image-322200\" src=\"https:\/\/www.ing.uc.cl\/mecanica-y-metalurgica\/wp-content\/uploads\/2023\/05\/tomas-1-scaled-e1684938180217-240x300.jpg\" alt=\"\" width=\"240\" height=\"300\" srcset=\"https:\/\/www.ing.uc.cl\/mecanica-y-metalurgica\/wp-content\/uploads\/2023\/05\/tomas-1-scaled-e1684938180217-240x300.jpg 240w, https:\/\/www.ing.uc.cl\/mecanica-y-metalurgica\/wp-content\/uploads\/2023\/05\/tomas-1-scaled-e1684938180217-818x1024.jpg 818w, https:\/\/www.ing.uc.cl\/mecanica-y-metalurgica\/wp-content\/uploads\/2023\/05\/tomas-1-scaled-e1684938180217-768x961.jpg 768w, https:\/\/www.ing.uc.cl\/mecanica-y-metalurgica\/wp-content\/uploads\/2023\/05\/tomas-1-scaled-e1684938180217-155x194.jpg 155w, https:\/\/www.ing.uc.cl\/mecanica-y-metalurgica\/wp-content\/uploads\/2023\/05\/tomas-1-scaled-e1684938180217-639x800.jpg 639w, https:\/\/www.ing.uc.cl\/mecanica-y-metalurgica\/wp-content\/uploads\/2023\/05\/tomas-1-scaled-e1684938180217.jpg 902w\" sizes=\"auto, (max-width: 240px) 100vw, 240px\" \/><\/p>\n<p><\/p><\/div><\/div>\n","protected":false},"excerpt":{"rendered":"","protected":false},"author":33,"featured_media":0,"parent":304,"menu_order":0,"comment_status":"closed","ping_status":"closed","template":"","meta":{"_acf_changed":false,"footnotes":""},"class_list":["post-320813","page","type-page","status-publish","hentry"],"acf":[],"yoast_head":"<!-- This site is optimized with the Yoast SEO plugin v26.9 - https:\/\/yoast.com\/product\/yoast-seo-wordpress\/ -->\n<title>Autoridades - Departamento de Ingenier\u00eda de Mec\u00e1nica y Metal\u00fargica<\/title>\n<meta name=\"robots\" content=\"index, follow, max-snippet:-1, max-image-preview:large, max-video-preview:-1\" \/>\n<link rel=\"canonical\" href=\"https:\/\/www.ing.uc.cl\/mecanica-y-metalurgica\/nuestro-departamento\/autoridades\/\" \/>\n<meta property=\"og:locale\" content=\"es_ES\" \/>\n<meta property=\"og:type\" content=\"article\" \/>\n<meta property=\"og:title\" content=\"Autoridades - Departamento de Ingenier\u00eda de Mec\u00e1nica y Metal\u00fargica\" \/>\n<meta property=\"og:url\" content=\"https:\/\/www.ing.uc.cl\/mecanica-y-metalurgica\/nuestro-departamento\/autoridades\/\" \/>\n<meta property=\"og:site_name\" content=\"Departamento de Ingenier\u00eda de Mec\u00e1nica y Metal\u00fargica\" \/>\n<meta property=\"article:publisher\" content=\"https:\/\/www.facebook.com\/EscueladeIngenieriaUniversidadCatolica\/\" \/>\n<meta property=\"article:modified_time\" content=\"2023-07-28T15:47:54+00:00\" \/>\n<meta property=\"og:image\" content=\"https:\/\/www.ing.uc.cl\/mecanica-y-metalurgica\/wp-content\/uploads\/2022\/08\/Magdalena-Walczak-240x300.jpg\" \/>\n<meta name=\"twitter:card\" content=\"summary_large_image\" \/>\n<meta name=\"twitter:site\" content=\"@ingenieriaUC\" \/>\n<meta name=\"twitter:label1\" content=\"Tiempo de lectura\" \/>\n\t<meta name=\"twitter:data1\" content=\"3 minutos\" \/>\n<script type=\"application\/ld+json\" class=\"yoast-schema-graph\">{\"@context\":\"https:\/\/schema.org\",\"@graph\":[{\"@type\":\"WebPage\",\"@id\":\"https:\/\/www.ing.uc.cl\/mecanica-y-metalurgica\/nuestro-departamento\/autoridades\/\",\"url\":\"https:\/\/www.ing.uc.cl\/mecanica-y-metalurgica\/nuestro-departamento\/autoridades\/\",\"name\":\"Autoridades - Departamento de Ingenier\u00eda de Mec\u00e1nica y Metal\u00fargica\",\"isPartOf\":{\"@id\":\"https:\/\/www.ing.uc.cl\/mecanica-y-metalurgica\/#website\"},\"primaryImageOfPage\":{\"@id\":\"https:\/\/www.ing.uc.cl\/mecanica-y-metalurgica\/nuestro-departamento\/autoridades\/#primaryimage\"},\"image\":{\"@id\":\"https:\/\/www.ing.uc.cl\/mecanica-y-metalurgica\/nuestro-departamento\/autoridades\/#primaryimage\"},\"thumbnailUrl\":\"https:\/\/www.ing.uc.cl\/mecanica-y-metalurgica\/wp-content\/uploads\/2022\/08\/Magdalena-Walczak-240x300.jpg\",\"datePublished\":\"2022-06-22T21:31:04+00:00\",\"dateModified\":\"2023-07-28T15:47:54+00:00\",\"breadcrumb\":{\"@id\":\"https:\/\/www.ing.uc.cl\/mecanica-y-metalurgica\/nuestro-departamento\/autoridades\/#breadcrumb\"},\"inLanguage\":\"es\",\"potentialAction\":[{\"@type\":\"ReadAction\",\"target\":[\"https:\/\/www.ing.uc.cl\/mecanica-y-metalurgica\/nuestro-departamento\/autoridades\/\"]}]},{\"@type\":\"ImageObject\",\"inLanguage\":\"es\",\"@id\":\"https:\/\/www.ing.uc.cl\/mecanica-y-metalurgica\/nuestro-departamento\/autoridades\/#primaryimage\",\"url\":\"https:\/\/www.ing.uc.cl\/mecanica-y-metalurgica\/wp-content\/uploads\/2022\/08\/Magdalena-Walczak-240x300.jpg\",\"contentUrl\":\"https:\/\/www.ing.uc.cl\/mecanica-y-metalurgica\/wp-content\/uploads\/2022\/08\/Magdalena-Walczak-240x300.jpg\"},{\"@type\":\"BreadcrumbList\",\"@id\":\"https:\/\/www.ing.uc.cl\/mecanica-y-metalurgica\/nuestro-departamento\/autoridades\/#breadcrumb\",\"itemListElement\":[{\"@type\":\"ListItem\",\"position\":1,\"name\":\"Home\",\"item\":\"https:\/\/www.ing.uc.cl\/mecanica-y-metalurgica\/\"},{\"@type\":\"ListItem\",\"position\":2,\"name\":\"Nuestro Departamento\",\"item\":\"https:\/\/www.ing.uc.cl\/mecanica-y-metalurgica\/nuestro-departamento\/\"},{\"@type\":\"ListItem\",\"position\":3,\"name\":\"Autoridades\"}]},{\"@type\":\"WebSite\",\"@id\":\"https:\/\/www.ing.uc.cl\/mecanica-y-metalurgica\/#website\",\"url\":\"https:\/\/www.ing.uc.cl\/mecanica-y-metalurgica\/\",\"name\":\"Departamento de Ingenier\u00eda de Mec\u00e1nica y Metal\u00fargica\",\"description\":\"Ingenier\u00eda UC\",\"potentialAction\":[{\"@type\":\"SearchAction\",\"target\":{\"@type\":\"EntryPoint\",\"urlTemplate\":\"https:\/\/www.ing.uc.cl\/mecanica-y-metalurgica\/?s={search_term_string}\"},\"query-input\":{\"@type\":\"PropertyValueSpecification\",\"valueRequired\":true,\"valueName\":\"search_term_string\"}}],\"inLanguage\":\"es\"}]}<\/script>\n<!-- \/ Yoast SEO plugin. -->","yoast_head_json":{"title":"Autoridades - Departamento de Ingenier\u00eda de Mec\u00e1nica y Metal\u00fargica","robots":{"index":"index","follow":"follow","max-snippet":"max-snippet:-1","max-image-preview":"max-image-preview:large","max-video-preview":"max-video-preview:-1"},"canonical":"https:\/\/www.ing.uc.cl\/mecanica-y-metalurgica\/nuestro-departamento\/autoridades\/","og_locale":"es_ES","og_type":"article","og_title":"Autoridades - Departamento de Ingenier\u00eda de Mec\u00e1nica y Metal\u00fargica","og_url":"https:\/\/www.ing.uc.cl\/mecanica-y-metalurgica\/nuestro-departamento\/autoridades\/","og_site_name":"Departamento de Ingenier\u00eda de Mec\u00e1nica y Metal\u00fargica","article_publisher":"https:\/\/www.facebook.com\/EscueladeIngenieriaUniversidadCatolica\/","article_modified_time":"2023-07-28T15:47:54+00:00","og_image":[{"url":"https:\/\/www.ing.uc.cl\/mecanica-y-metalurgica\/wp-content\/uploads\/2022\/08\/Magdalena-Walczak-240x300.jpg","type":"","width":"","height":""}],"twitter_card":"summary_large_image","twitter_site":"@ingenieriaUC","twitter_misc":{"Tiempo de lectura":"3 minutos"},"schema":{"@context":"https:\/\/schema.org","@graph":[{"@type":"WebPage","@id":"https:\/\/www.ing.uc.cl\/mecanica-y-metalurgica\/nuestro-departamento\/autoridades\/","url":"https:\/\/www.ing.uc.cl\/mecanica-y-metalurgica\/nuestro-departamento\/autoridades\/","name":"Autoridades - Departamento de Ingenier\u00eda de Mec\u00e1nica y Metal\u00fargica","isPartOf":{"@id":"https:\/\/www.ing.uc.cl\/mecanica-y-metalurgica\/#website"},"primaryImageOfPage":{"@id":"https:\/\/www.ing.uc.cl\/mecanica-y-metalurgica\/nuestro-departamento\/autoridades\/#primaryimage"},"image":{"@id":"https:\/\/www.ing.uc.cl\/mecanica-y-metalurgica\/nuestro-departamento\/autoridades\/#primaryimage"},"thumbnailUrl":"https:\/\/www.ing.uc.cl\/mecanica-y-metalurgica\/wp-content\/uploads\/2022\/08\/Magdalena-Walczak-240x300.jpg","datePublished":"2022-06-22T21:31:04+00:00","dateModified":"2023-07-28T15:47:54+00:00","breadcrumb":{"@id":"https:\/\/www.ing.uc.cl\/mecanica-y-metalurgica\/nuestro-departamento\/autoridades\/#breadcrumb"},"inLanguage":"es","potentialAction":[{"@type":"ReadAction","target":["https:\/\/www.ing.uc.cl\/mecanica-y-metalurgica\/nuestro-departamento\/autoridades\/"]}]},{"@type":"ImageObject","inLanguage":"es","@id":"https:\/\/www.ing.uc.cl\/mecanica-y-metalurgica\/nuestro-departamento\/autoridades\/#primaryimage","url":"https:\/\/www.ing.uc.cl\/mecanica-y-metalurgica\/wp-content\/uploads\/2022\/08\/Magdalena-Walczak-240x300.jpg","contentUrl":"https:\/\/www.ing.uc.cl\/mecanica-y-metalurgica\/wp-content\/uploads\/2022\/08\/Magdalena-Walczak-240x300.jpg"},{"@type":"BreadcrumbList","@id":"https:\/\/www.ing.uc.cl\/mecanica-y-metalurgica\/nuestro-departamento\/autoridades\/#breadcrumb","itemListElement":[{"@type":"ListItem","position":1,"name":"Home","item":"https:\/\/www.ing.uc.cl\/mecanica-y-metalurgica\/"},{"@type":"ListItem","position":2,"name":"Nuestro Departamento","item":"https:\/\/www.ing.uc.cl\/mecanica-y-metalurgica\/nuestro-departamento\/"},{"@type":"ListItem","position":3,"name":"Autoridades"}]},{"@type":"WebSite","@id":"https:\/\/www.ing.uc.cl\/mecanica-y-metalurgica\/#website","url":"https:\/\/www.ing.uc.cl\/mecanica-y-metalurgica\/","name":"Departamento de Ingenier\u00eda de Mec\u00e1nica y Metal\u00fargica","description":"Ingenier\u00eda UC","potentialAction":[{"@type":"SearchAction","target":{"@type":"EntryPoint","urlTemplate":"https:\/\/www.ing.uc.cl\/mecanica-y-metalurgica\/?s={search_term_string}"},"query-input":{"@type":"PropertyValueSpecification","valueRequired":true,"valueName":"search_term_string"}}],"inLanguage":"es"}]}},"_links":{"self":[{"href":"https:\/\/www.ing.uc.cl\/mecanica-y-metalurgica\/wp-json\/wp\/v2\/pages\/320813","targetHints":{"allow":["GET"]}}],"collection":[{"href":"https:\/\/www.ing.uc.cl\/mecanica-y-metalurgica\/wp-json\/wp\/v2\/pages"}],"about":[{"href":"https:\/\/www.ing.uc.cl\/mecanica-y-metalurgica\/wp-json\/wp\/v2\/types\/page"}],"author":[{"embeddable":true,"href":"https:\/\/www.ing.uc.cl\/mecanica-y-metalurgica\/wp-json\/wp\/v2\/users\/33"}],"replies":[{"embeddable":true,"href":"https:\/\/www.ing.uc.cl\/mecanica-y-metalurgica\/wp-json\/wp\/v2\/comments?post=320813"}],"version-history":[{"count":2,"href":"https:\/\/www.ing.uc.cl\/mecanica-y-metalurgica\/wp-json\/wp\/v2\/pages\/320813\/revisions"}],"predecessor-version":[{"id":322507,"href":"https:\/\/www.ing.uc.cl\/mecanica-y-metalurgica\/wp-json\/wp\/v2\/pages\/320813\/revisions\/322507"}],"up":[{"embeddable":true,"href":"https:\/\/www.ing.uc.cl\/mecanica-y-metalurgica\/wp-json\/wp\/v2\/pages\/304"}],"wp:attachment":[{"href":"https:\/\/www.ing.uc.cl\/mecanica-y-metalurgica\/wp-json\/wp\/v2\/media?parent=320813"}],"curies":[{"name":"wp","href":"https:\/\/api.w.org\/{rel}","templated":true}]}}