{"id":320942,"date":"2022-08-17T17:36:47","date_gmt":"2022-08-17T21:36:47","guid":{"rendered":"https:\/\/www.ing.uc.cl\/mecanica-y-metalurgica\/?page_id=320942"},"modified":"2023-07-28T11:55:37","modified_gmt":"2023-07-28T15:55:37","slug":"diseno-de-sistemas-de-generacion-y-conversion-de-energia","status":"publish","type":"page","link":"https:\/\/www.ing.uc.cl\/mecanica-y-metalurgica\/investigacion\/diseno-de-sistemas-de-generacion-y-conversion-de-energia\/","title":{"rendered":"Dise\u00f1o de sistemas de generaci\u00f3n y conversi\u00f3n de energ\u00eda"},"content":{"rendered":"<h3>Profesores y sus l\u00edneas de investigaci\u00f3n:<div  class=\"lgc-column lgc-grid-parent lgc-grid-70 lgc-tablet-grid-70 lgc-mobile-grid-100 lgc-equal-heights \"><div  class=\"inside-grid-column\">\n<table>\n<tbody>\n<tr>\n<td>\n<h2><b><a href=\"https:\/\/www.ing.uc.cl\/academicos-e-investigadores\/wolfram-michael-andreas-oliver-jahn-von-arnswaldt\/\"><strong>Wolfram Jahn<\/strong><\/a><\/b><\/h2>\n<\/td>\n<\/tr>\n<tr>\n<td>\n<ul>\n<li>Incendios forestales, propagaci\u00f3n del fuego en lechos de agujas de pino<\/li>\n<li>Procesos de combusti\u00f3n industrial<\/li>\n<li>Contaminaci\u00f3n atmosf\u00e9rica, contaminaci\u00f3n intramuros<\/li>\n<li>Quemadores de artefactos dom\u00e9sticos y sus emisiones<\/li>\n<li>Conversi\u00f3n de energ\u00eda<\/li>\n<\/ul>\n<\/td>\n<\/tr>\n<\/tbody>\n<\/table>\n<p><\/p><\/div><\/div><div  class=\"lgc-column lgc-grid-parent lgc-grid-30 lgc-tablet-grid-30 lgc-mobile-grid-100 lgc-equal-heights \"><div  class=\"inside-grid-column\">\n<p>&nbsp;<\/p>\n<p><img loading=\"lazy\" decoding=\"async\" class=\"aligncenter wp-image-321491 size-medium\" src=\"https:\/\/www.ing.uc.cl\/mecanica-y-metalurgica\/wp-content\/uploads\/2022\/09\/LTSEC-Brayton-Cycle-Turbine-Tech-2-300x200.jpg\" alt=\"\" width=\"300\" height=\"200\" srcset=\"https:\/\/www.ing.uc.cl\/mecanica-y-metalurgica\/wp-content\/uploads\/2022\/09\/LTSEC-Brayton-Cycle-Turbine-Tech-2-300x200.jpg 300w, https:\/\/www.ing.uc.cl\/mecanica-y-metalurgica\/wp-content\/uploads\/2022\/09\/LTSEC-Brayton-Cycle-Turbine-Tech-2-1024x683.jpg 1024w, https:\/\/www.ing.uc.cl\/mecanica-y-metalurgica\/wp-content\/uploads\/2022\/09\/LTSEC-Brayton-Cycle-Turbine-Tech-2-768x512.jpg 768w, https:\/\/www.ing.uc.cl\/mecanica-y-metalurgica\/wp-content\/uploads\/2022\/09\/LTSEC-Brayton-Cycle-Turbine-Tech-2-1536x1024.jpg 1536w, https:\/\/www.ing.uc.cl\/mecanica-y-metalurgica\/wp-content\/uploads\/2022\/09\/LTSEC-Brayton-Cycle-Turbine-Tech-2-2048x1365.jpg 2048w, https:\/\/www.ing.uc.cl\/mecanica-y-metalurgica\/wp-content\/uploads\/2022\/09\/LTSEC-Brayton-Cycle-Turbine-Tech-2-291x194.jpg 291w, https:\/\/www.ing.uc.cl\/mecanica-y-metalurgica\/wp-content\/uploads\/2022\/09\/LTSEC-Brayton-Cycle-Turbine-Tech-2-1200x800.jpg 1200w\" sizes=\"auto, (max-width: 300px) 100vw, 300px\" \/><\/p>\n<p style=\"text-align: center;\"><img loading=\"lazy\" decoding=\"async\" class=\"aligncenter size-medium wp-image-321519\" src=\"https:\/\/www.ing.uc.cl\/mecanica-y-metalurgica\/wp-content\/uploads\/2022\/09\/LTSEC-Semi-Industrial-Water-Boiler-Paradies-2-300x200.jpg\" alt=\"\" width=\"300\" height=\"200\" srcset=\"https:\/\/www.ing.uc.cl\/mecanica-y-metalurgica\/wp-content\/uploads\/2022\/09\/LTSEC-Semi-Industrial-Water-Boiler-Paradies-2-300x200.jpg 300w, https:\/\/www.ing.uc.cl\/mecanica-y-metalurgica\/wp-content\/uploads\/2022\/09\/LTSEC-Semi-Industrial-Water-Boiler-Paradies-2-1024x683.jpg 1024w, https:\/\/www.ing.uc.cl\/mecanica-y-metalurgica\/wp-content\/uploads\/2022\/09\/LTSEC-Semi-Industrial-Water-Boiler-Paradies-2-768x512.jpg 768w, https:\/\/www.ing.uc.cl\/mecanica-y-metalurgica\/wp-content\/uploads\/2022\/09\/LTSEC-Semi-Industrial-Water-Boiler-Paradies-2-1536x1024.jpg 1536w, https:\/\/www.ing.uc.cl\/mecanica-y-metalurgica\/wp-content\/uploads\/2022\/09\/LTSEC-Semi-Industrial-Water-Boiler-Paradies-2-2048x1365.jpg 2048w, https:\/\/www.ing.uc.cl\/mecanica-y-metalurgica\/wp-content\/uploads\/2022\/09\/LTSEC-Semi-Industrial-Water-Boiler-Paradies-2-291x194.jpg 291w, https:\/\/www.ing.uc.cl\/mecanica-y-metalurgica\/wp-content\/uploads\/2022\/09\/LTSEC-Semi-Industrial-Water-Boiler-Paradies-2-1200x800.jpg 1200w\" sizes=\"auto, (max-width: 300px) 100vw, 300px\" \/><\/p>\n<p><\/p><\/div><\/div><div  class=\"lgc-column lgc-grid-parent lgc-grid-70 lgc-tablet-grid-70 lgc-mobile-grid-100 lgc-equal-heights \"><div  class=\"inside-grid-column\">\n<table>\n<tbody>\n<tr>\n<td>\n<h2><b><a href=\"https:\/\/www.ing.uc.cl\/academicos-e-investigadores\/rodrigo-alfonso-escobar-moragas\/\"><strong>Rodrigo Escobar<\/strong><\/a><\/b><\/h2>\n<\/td>\n<\/tr>\n<tr>\n<td>\n<ul>\n<li>Conversi\u00f3n de energ\u00eda, energ\u00eda renovable, energ\u00eda solar<\/li>\n<li>M\u00e9todos num\u00e9ricos<\/li>\n<li>Din\u00e1mica de fluidos<\/li>\n<li>Transferencia de calor<\/li>\n<\/ul>\n<\/td>\n<\/tr>\n<\/tbody>\n<\/table>\n<p><\/p><\/div><\/div><div  class=\"lgc-column lgc-grid-parent lgc-grid-30 lgc-tablet-grid-30 lgc-mobile-grid-100 lgc-equal-heights \"><div  class=\"inside-grid-column\">\n<p>&nbsp;<\/p>\n<p><img loading=\"lazy\" decoding=\"async\" class=\"aligncenter wp-image-321174 size-medium\" src=\"https:\/\/www.ing.uc.cl\/mecanica-y-metalurgica\/wp-content\/uploads\/2022\/08\/LS-Paneles-Solares-6-300x200.jpg\" alt=\"\" width=\"300\" height=\"200\" srcset=\"https:\/\/www.ing.uc.cl\/mecanica-y-metalurgica\/wp-content\/uploads\/2022\/08\/LS-Paneles-Solares-6-300x200.jpg 300w, https:\/\/www.ing.uc.cl\/mecanica-y-metalurgica\/wp-content\/uploads\/2022\/08\/LS-Paneles-Solares-6-1024x683.jpg 1024w, https:\/\/www.ing.uc.cl\/mecanica-y-metalurgica\/wp-content\/uploads\/2022\/08\/LS-Paneles-Solares-6-768x512.jpg 768w, https:\/\/www.ing.uc.cl\/mecanica-y-metalurgica\/wp-content\/uploads\/2022\/08\/LS-Paneles-Solares-6-1536x1024.jpg 1536w, https:\/\/www.ing.uc.cl\/mecanica-y-metalurgica\/wp-content\/uploads\/2022\/08\/LS-Paneles-Solares-6-2048x1365.jpg 2048w, https:\/\/www.ing.uc.cl\/mecanica-y-metalurgica\/wp-content\/uploads\/2022\/08\/LS-Paneles-Solares-6-291x194.jpg 291w, https:\/\/www.ing.uc.cl\/mecanica-y-metalurgica\/wp-content\/uploads\/2022\/08\/LS-Paneles-Solares-6-1200x800.jpg 1200w\" sizes=\"auto, (max-width: 300px) 100vw, 300px\" \/><\/p>\n<p style=\"text-align: center;\"><img loading=\"lazy\" decoding=\"async\" class=\"aligncenter size-medium wp-image-321172\" src=\"https:\/\/www.ing.uc.cl\/mecanica-y-metalurgica\/wp-content\/uploads\/2022\/08\/LS-Paneles-Solares-5-300x200.jpg\" alt=\"\" width=\"300\" height=\"200\" srcset=\"https:\/\/www.ing.uc.cl\/mecanica-y-metalurgica\/wp-content\/uploads\/2022\/08\/LS-Paneles-Solares-5-300x200.jpg 300w, https:\/\/www.ing.uc.cl\/mecanica-y-metalurgica\/wp-content\/uploads\/2022\/08\/LS-Paneles-Solares-5-1024x683.jpg 1024w, https:\/\/www.ing.uc.cl\/mecanica-y-metalurgica\/wp-content\/uploads\/2022\/08\/LS-Paneles-Solares-5-768x512.jpg 768w, https:\/\/www.ing.uc.cl\/mecanica-y-metalurgica\/wp-content\/uploads\/2022\/08\/LS-Paneles-Solares-5-1536x1024.jpg 1536w, https:\/\/www.ing.uc.cl\/mecanica-y-metalurgica\/wp-content\/uploads\/2022\/08\/LS-Paneles-Solares-5-2048x1365.jpg 2048w, https:\/\/www.ing.uc.cl\/mecanica-y-metalurgica\/wp-content\/uploads\/2022\/08\/LS-Paneles-Solares-5-291x194.jpg 291w, https:\/\/www.ing.uc.cl\/mecanica-y-metalurgica\/wp-content\/uploads\/2022\/08\/LS-Paneles-Solares-5-1200x800.jpg 1200w\" sizes=\"auto, (max-width: 300px) 100vw, 300px\" \/><\/p>\n<p><\/p><\/div><\/div>\n<div  class=\"lgc-column lgc-grid-parent lgc-grid-70 lgc-tablet-grid-70 lgc-mobile-grid-100 lgc-equal-heights \"><div  class=\"inside-grid-column\">\n<table>\n<tbody>\n<tr>\n<td>\n<h2><b><\/b><b><a href=\"https:\/\/www.ing.uc.cl\/academicos-e-investigadores\/julio-andres-olegario-vergara-aimone\/\"><strong>Julio Vergara<\/strong><\/a><\/b><\/h2>\n<\/td>\n<\/tr>\n<tr>\n<td>\n<ul>\n<li>Energ\u00eda Nuclear<\/li>\n<li>Energ\u00edas sustentables<\/li>\n<li>Propulsi\u00f3n de buques. Arquitectura naval<\/li>\n<li>Gesti\u00f3n de la Innovaci\u00f3n Tecnol\u00f3gica<\/li>\n<\/ul>\n<\/td>\n<\/tr>\n<\/tbody>\n<\/table>\n<p><\/p><\/div><\/div><div  class=\"lgc-column lgc-grid-parent lgc-grid-30 lgc-tablet-grid-30 lgc-mobile-grid-100 lgc-equal-heights \"><div  class=\"inside-grid-column\">\n<p>&nbsp;<\/p>\n<p><img loading=\"lazy\" decoding=\"async\" class=\"aligncenter wp-image-321114 size-medium\" src=\"https:\/\/www.ing.uc.cl\/mecanica-y-metalurgica\/wp-content\/uploads\/2022\/08\/Julio-Vergara-Aimone-2-240x300.jpg\" alt=\"\" width=\"240\" height=\"300\" srcset=\"https:\/\/www.ing.uc.cl\/mecanica-y-metalurgica\/wp-content\/uploads\/2022\/08\/Julio-Vergara-Aimone-2-240x300.jpg 240w, https:\/\/www.ing.uc.cl\/mecanica-y-metalurgica\/wp-content\/uploads\/2022\/08\/Julio-Vergara-Aimone-2-819x1024.jpg 819w, https:\/\/www.ing.uc.cl\/mecanica-y-metalurgica\/wp-content\/uploads\/2022\/08\/Julio-Vergara-Aimone-2-768x960.jpg 768w, https:\/\/www.ing.uc.cl\/mecanica-y-metalurgica\/wp-content\/uploads\/2022\/08\/Julio-Vergara-Aimone-2-1229x1536.jpg 1229w, https:\/\/www.ing.uc.cl\/mecanica-y-metalurgica\/wp-content\/uploads\/2022\/08\/Julio-Vergara-Aimone-2-1638x2048.jpg 1638w, https:\/\/www.ing.uc.cl\/mecanica-y-metalurgica\/wp-content\/uploads\/2022\/08\/Julio-Vergara-Aimone-2-155x194.jpg 155w, https:\/\/www.ing.uc.cl\/mecanica-y-metalurgica\/wp-content\/uploads\/2022\/08\/Julio-Vergara-Aimone-2-640x800.jpg 640w, https:\/\/www.ing.uc.cl\/mecanica-y-metalurgica\/wp-content\/uploads\/2022\/08\/Julio-Vergara-Aimone-2-scaled.jpg 2048w\" sizes=\"auto, (max-width: 240px) 100vw, 240px\" \/><\/p>\n<p><\/p><\/div><\/div><div  class=\"lgc-column lgc-grid-parent lgc-grid-70 lgc-tablet-grid-70 lgc-mobile-grid-100 lgc-equal-heights \"><div  class=\"inside-grid-column\">\n<table>\n<tbody>\n<tr>\n<td>\n<h2><b><\/b><b><a href=\"https:\/\/www.ing.uc.cl\/academicos-e-investigadores\/jose-miguel-cardemil-iglesias\/\"><strong>Jos\u00e9 Miguel Cardemil<\/strong><\/a><\/b><\/h2>\n<\/td>\n<\/tr>\n<tr>\n<td>\n<ul>\n<li>Energ\u00eda Solar T\u00e9rmica.<\/li>\n<li>Integraci\u00f3n de procesos t\u00e9rmicos.<\/li>\n<li>Almacenamiento T\u00e9rmico.<\/li>\n<li>Simulaci\u00f3n de procesos.<\/li>\n<li>Refrigeraci\u00f3n.<\/li>\n<\/ul>\n<\/td>\n<\/tr>\n<\/tbody>\n<\/table>\n<p><\/p><\/div><\/div><div  class=\"lgc-column lgc-grid-parent lgc-grid-30 lgc-tablet-grid-30 lgc-mobile-grid-100 lgc-equal-heights \"><div  class=\"inside-grid-column\">\n<p>&nbsp;<\/p>\n<p><img loading=\"lazy\" decoding=\"async\" class=\"aligncenter wp-image-321132 size-medium\" src=\"https:\/\/www.ing.uc.cl\/mecanica-y-metalurgica\/wp-content\/uploads\/2022\/08\/Rodrigo-Escobar-Moraga-2-240x300.jpg\" alt=\"\" width=\"240\" height=\"300\" srcset=\"https:\/\/www.ing.uc.cl\/mecanica-y-metalurgica\/wp-content\/uploads\/2022\/08\/Rodrigo-Escobar-Moraga-2-240x300.jpg 240w, https:\/\/www.ing.uc.cl\/mecanica-y-metalurgica\/wp-content\/uploads\/2022\/08\/Rodrigo-Escobar-Moraga-2-819x1024.jpg 819w, https:\/\/www.ing.uc.cl\/mecanica-y-metalurgica\/wp-content\/uploads\/2022\/08\/Rodrigo-Escobar-Moraga-2-768x960.jpg 768w, https:\/\/www.ing.uc.cl\/mecanica-y-metalurgica\/wp-content\/uploads\/2022\/08\/Rodrigo-Escobar-Moraga-2-1229x1536.jpg 1229w, https:\/\/www.ing.uc.cl\/mecanica-y-metalurgica\/wp-content\/uploads\/2022\/08\/Rodrigo-Escobar-Moraga-2-1638x2048.jpg 1638w, https:\/\/www.ing.uc.cl\/mecanica-y-metalurgica\/wp-content\/uploads\/2022\/08\/Rodrigo-Escobar-Moraga-2-155x194.jpg 155w, https:\/\/www.ing.uc.cl\/mecanica-y-metalurgica\/wp-content\/uploads\/2022\/08\/Rodrigo-Escobar-Moraga-2-640x800.jpg 640w, https:\/\/www.ing.uc.cl\/mecanica-y-metalurgica\/wp-content\/uploads\/2022\/08\/Rodrigo-Escobar-Moraga-2-scaled.jpg 2048w\" sizes=\"auto, (max-width: 240px) 100vw, 240px\" \/><\/p>\n<p><\/p><\/div><\/div>\n","protected":false},"excerpt":{"rendered":"<p>Profesores y sus l\u00edneas de investigaci\u00f3n:<\/p>\n","protected":false},"author":34,"featured_media":0,"parent":323,"menu_order":0,"comment_status":"closed","ping_status":"closed","template":"","meta":{"_acf_changed":false,"footnotes":""},"class_list":["post-320942","page","type-page","status-publish","hentry"],"acf":[],"yoast_head":"<!-- This site is optimized with the Yoast SEO plugin v26.9 - https:\/\/yoast.com\/product\/yoast-seo-wordpress\/ -->\n<title>Dise\u00f1o de sistemas de generaci\u00f3n y conversi\u00f3n de energ\u00eda - Departamento de Ingenier\u00eda de Mec\u00e1nica y Metal\u00fargica<\/title>\n<meta name=\"robots\" content=\"index, follow, max-snippet:-1, max-image-preview:large, max-video-preview:-1\" \/>\n<link rel=\"canonical\" href=\"https:\/\/www.ing.uc.cl\/mecanica-y-metalurgica\/investigacion\/diseno-de-sistemas-de-generacion-y-conversion-de-energia\/\" \/>\n<meta property=\"og:locale\" content=\"es_ES\" \/>\n<meta property=\"og:type\" content=\"article\" \/>\n<meta property=\"og:title\" content=\"Dise\u00f1o de sistemas de generaci\u00f3n y conversi\u00f3n de energ\u00eda - Departamento de Ingenier\u00eda de Mec\u00e1nica y Metal\u00fargica\" \/>\n<meta property=\"og:description\" content=\"Profesores y sus l\u00edneas de investigaci\u00f3n:\" \/>\n<meta property=\"og:url\" content=\"https:\/\/www.ing.uc.cl\/mecanica-y-metalurgica\/investigacion\/diseno-de-sistemas-de-generacion-y-conversion-de-energia\/\" \/>\n<meta property=\"og:site_name\" content=\"Departamento de Ingenier\u00eda de Mec\u00e1nica y Metal\u00fargica\" \/>\n<meta property=\"article:publisher\" content=\"https:\/\/www.facebook.com\/EscueladeIngenieriaUniversidadCatolica\/\" \/>\n<meta property=\"article:modified_time\" content=\"2023-07-28T15:55:37+00:00\" \/>\n<meta property=\"og:image\" content=\"https:\/\/www.ing.uc.cl\/mecanica-y-metalurgica\/wp-content\/uploads\/2022\/09\/LTSEC-Brayton-Cycle-Turbine-Tech-2-300x200.jpg\" \/>\n<meta name=\"twitter:card\" content=\"summary_large_image\" \/>\n<meta name=\"twitter:site\" content=\"@ingenieriaUC\" \/>\n<meta name=\"twitter:label1\" content=\"Tiempo de lectura\" \/>\n\t<meta name=\"twitter:data1\" content=\"2 minutos\" \/>\n<script type=\"application\/ld+json\" class=\"yoast-schema-graph\">{\"@context\":\"https:\/\/schema.org\",\"@graph\":[{\"@type\":\"WebPage\",\"@id\":\"https:\/\/www.ing.uc.cl\/mecanica-y-metalurgica\/investigacion\/diseno-de-sistemas-de-generacion-y-conversion-de-energia\/\",\"url\":\"https:\/\/www.ing.uc.cl\/mecanica-y-metalurgica\/investigacion\/diseno-de-sistemas-de-generacion-y-conversion-de-energia\/\",\"name\":\"Dise\u00f1o de sistemas de generaci\u00f3n y conversi\u00f3n de energ\u00eda - Departamento de Ingenier\u00eda de Mec\u00e1nica y Metal\u00fargica\",\"isPartOf\":{\"@id\":\"https:\/\/www.ing.uc.cl\/mecanica-y-metalurgica\/#website\"},\"primaryImageOfPage\":{\"@id\":\"https:\/\/www.ing.uc.cl\/mecanica-y-metalurgica\/investigacion\/diseno-de-sistemas-de-generacion-y-conversion-de-energia\/#primaryimage\"},\"image\":{\"@id\":\"https:\/\/www.ing.uc.cl\/mecanica-y-metalurgica\/investigacion\/diseno-de-sistemas-de-generacion-y-conversion-de-energia\/#primaryimage\"},\"thumbnailUrl\":\"https:\/\/www.ing.uc.cl\/mecanica-y-metalurgica\/wp-content\/uploads\/2022\/09\/LTSEC-Brayton-Cycle-Turbine-Tech-2-300x200.jpg\",\"datePublished\":\"2022-08-17T21:36:47+00:00\",\"dateModified\":\"2023-07-28T15:55:37+00:00\",\"breadcrumb\":{\"@id\":\"https:\/\/www.ing.uc.cl\/mecanica-y-metalurgica\/investigacion\/diseno-de-sistemas-de-generacion-y-conversion-de-energia\/#breadcrumb\"},\"inLanguage\":\"es\",\"potentialAction\":[{\"@type\":\"ReadAction\",\"target\":[\"https:\/\/www.ing.uc.cl\/mecanica-y-metalurgica\/investigacion\/diseno-de-sistemas-de-generacion-y-conversion-de-energia\/\"]}]},{\"@type\":\"ImageObject\",\"inLanguage\":\"es\",\"@id\":\"https:\/\/www.ing.uc.cl\/mecanica-y-metalurgica\/investigacion\/diseno-de-sistemas-de-generacion-y-conversion-de-energia\/#primaryimage\",\"url\":\"https:\/\/www.ing.uc.cl\/mecanica-y-metalurgica\/wp-content\/uploads\/2022\/09\/LTSEC-Brayton-Cycle-Turbine-Tech-2-300x200.jpg\",\"contentUrl\":\"https:\/\/www.ing.uc.cl\/mecanica-y-metalurgica\/wp-content\/uploads\/2022\/09\/LTSEC-Brayton-Cycle-Turbine-Tech-2-300x200.jpg\"},{\"@type\":\"BreadcrumbList\",\"@id\":\"https:\/\/www.ing.uc.cl\/mecanica-y-metalurgica\/investigacion\/diseno-de-sistemas-de-generacion-y-conversion-de-energia\/#breadcrumb\",\"itemListElement\":[{\"@type\":\"ListItem\",\"position\":1,\"name\":\"Home\",\"item\":\"https:\/\/www.ing.uc.cl\/mecanica-y-metalurgica\/\"},{\"@type\":\"ListItem\",\"position\":2,\"name\":\"Investigaci\u00f3n\",\"item\":\"https:\/\/www.ing.uc.cl\/mecanica-y-metalurgica\/investigacion\/\"},{\"@type\":\"ListItem\",\"position\":3,\"name\":\"Dise\u00f1o de sistemas de generaci\u00f3n y conversi\u00f3n de energ\u00eda\"}]},{\"@type\":\"WebSite\",\"@id\":\"https:\/\/www.ing.uc.cl\/mecanica-y-metalurgica\/#website\",\"url\":\"https:\/\/www.ing.uc.cl\/mecanica-y-metalurgica\/\",\"name\":\"Departamento de Ingenier\u00eda de Mec\u00e1nica y Metal\u00fargica\",\"description\":\"Ingenier\u00eda UC\",\"potentialAction\":[{\"@type\":\"SearchAction\",\"target\":{\"@type\":\"EntryPoint\",\"urlTemplate\":\"https:\/\/www.ing.uc.cl\/mecanica-y-metalurgica\/?s={search_term_string}\"},\"query-input\":{\"@type\":\"PropertyValueSpecification\",\"valueRequired\":true,\"valueName\":\"search_term_string\"}}],\"inLanguage\":\"es\"}]}<\/script>\n<!-- \/ Yoast SEO plugin. -->","yoast_head_json":{"title":"Dise\u00f1o de sistemas de generaci\u00f3n y conversi\u00f3n de energ\u00eda - Departamento de Ingenier\u00eda de Mec\u00e1nica y Metal\u00fargica","robots":{"index":"index","follow":"follow","max-snippet":"max-snippet:-1","max-image-preview":"max-image-preview:large","max-video-preview":"max-video-preview:-1"},"canonical":"https:\/\/www.ing.uc.cl\/mecanica-y-metalurgica\/investigacion\/diseno-de-sistemas-de-generacion-y-conversion-de-energia\/","og_locale":"es_ES","og_type":"article","og_title":"Dise\u00f1o de sistemas de generaci\u00f3n y conversi\u00f3n de energ\u00eda - Departamento de Ingenier\u00eda de Mec\u00e1nica y Metal\u00fargica","og_description":"Profesores y sus l\u00edneas de investigaci\u00f3n:","og_url":"https:\/\/www.ing.uc.cl\/mecanica-y-metalurgica\/investigacion\/diseno-de-sistemas-de-generacion-y-conversion-de-energia\/","og_site_name":"Departamento de Ingenier\u00eda de Mec\u00e1nica y Metal\u00fargica","article_publisher":"https:\/\/www.facebook.com\/EscueladeIngenieriaUniversidadCatolica\/","article_modified_time":"2023-07-28T15:55:37+00:00","og_image":[{"url":"https:\/\/www.ing.uc.cl\/mecanica-y-metalurgica\/wp-content\/uploads\/2022\/09\/LTSEC-Brayton-Cycle-Turbine-Tech-2-300x200.jpg","type":"","width":"","height":""}],"twitter_card":"summary_large_image","twitter_site":"@ingenieriaUC","twitter_misc":{"Tiempo de lectura":"2 minutos"},"schema":{"@context":"https:\/\/schema.org","@graph":[{"@type":"WebPage","@id":"https:\/\/www.ing.uc.cl\/mecanica-y-metalurgica\/investigacion\/diseno-de-sistemas-de-generacion-y-conversion-de-energia\/","url":"https:\/\/www.ing.uc.cl\/mecanica-y-metalurgica\/investigacion\/diseno-de-sistemas-de-generacion-y-conversion-de-energia\/","name":"Dise\u00f1o de sistemas de generaci\u00f3n y conversi\u00f3n de energ\u00eda - Departamento de Ingenier\u00eda de Mec\u00e1nica y Metal\u00fargica","isPartOf":{"@id":"https:\/\/www.ing.uc.cl\/mecanica-y-metalurgica\/#website"},"primaryImageOfPage":{"@id":"https:\/\/www.ing.uc.cl\/mecanica-y-metalurgica\/investigacion\/diseno-de-sistemas-de-generacion-y-conversion-de-energia\/#primaryimage"},"image":{"@id":"https:\/\/www.ing.uc.cl\/mecanica-y-metalurgica\/investigacion\/diseno-de-sistemas-de-generacion-y-conversion-de-energia\/#primaryimage"},"thumbnailUrl":"https:\/\/www.ing.uc.cl\/mecanica-y-metalurgica\/wp-content\/uploads\/2022\/09\/LTSEC-Brayton-Cycle-Turbine-Tech-2-300x200.jpg","datePublished":"2022-08-17T21:36:47+00:00","dateModified":"2023-07-28T15:55:37+00:00","breadcrumb":{"@id":"https:\/\/www.ing.uc.cl\/mecanica-y-metalurgica\/investigacion\/diseno-de-sistemas-de-generacion-y-conversion-de-energia\/#breadcrumb"},"inLanguage":"es","potentialAction":[{"@type":"ReadAction","target":["https:\/\/www.ing.uc.cl\/mecanica-y-metalurgica\/investigacion\/diseno-de-sistemas-de-generacion-y-conversion-de-energia\/"]}]},{"@type":"ImageObject","inLanguage":"es","@id":"https:\/\/www.ing.uc.cl\/mecanica-y-metalurgica\/investigacion\/diseno-de-sistemas-de-generacion-y-conversion-de-energia\/#primaryimage","url":"https:\/\/www.ing.uc.cl\/mecanica-y-metalurgica\/wp-content\/uploads\/2022\/09\/LTSEC-Brayton-Cycle-Turbine-Tech-2-300x200.jpg","contentUrl":"https:\/\/www.ing.uc.cl\/mecanica-y-metalurgica\/wp-content\/uploads\/2022\/09\/LTSEC-Brayton-Cycle-Turbine-Tech-2-300x200.jpg"},{"@type":"BreadcrumbList","@id":"https:\/\/www.ing.uc.cl\/mecanica-y-metalurgica\/investigacion\/diseno-de-sistemas-de-generacion-y-conversion-de-energia\/#breadcrumb","itemListElement":[{"@type":"ListItem","position":1,"name":"Home","item":"https:\/\/www.ing.uc.cl\/mecanica-y-metalurgica\/"},{"@type":"ListItem","position":2,"name":"Investigaci\u00f3n","item":"https:\/\/www.ing.uc.cl\/mecanica-y-metalurgica\/investigacion\/"},{"@type":"ListItem","position":3,"name":"Dise\u00f1o de sistemas de generaci\u00f3n y conversi\u00f3n de energ\u00eda"}]},{"@type":"WebSite","@id":"https:\/\/www.ing.uc.cl\/mecanica-y-metalurgica\/#website","url":"https:\/\/www.ing.uc.cl\/mecanica-y-metalurgica\/","name":"Departamento de Ingenier\u00eda de Mec\u00e1nica y Metal\u00fargica","description":"Ingenier\u00eda UC","potentialAction":[{"@type":"SearchAction","target":{"@type":"EntryPoint","urlTemplate":"https:\/\/www.ing.uc.cl\/mecanica-y-metalurgica\/?s={search_term_string}"},"query-input":{"@type":"PropertyValueSpecification","valueRequired":true,"valueName":"search_term_string"}}],"inLanguage":"es"}]}},"_links":{"self":[{"href":"https:\/\/www.ing.uc.cl\/mecanica-y-metalurgica\/wp-json\/wp\/v2\/pages\/320942","targetHints":{"allow":["GET"]}}],"collection":[{"href":"https:\/\/www.ing.uc.cl\/mecanica-y-metalurgica\/wp-json\/wp\/v2\/pages"}],"about":[{"href":"https:\/\/www.ing.uc.cl\/mecanica-y-metalurgica\/wp-json\/wp\/v2\/types\/page"}],"author":[{"embeddable":true,"href":"https:\/\/www.ing.uc.cl\/mecanica-y-metalurgica\/wp-json\/wp\/v2\/users\/34"}],"replies":[{"embeddable":true,"href":"https:\/\/www.ing.uc.cl\/mecanica-y-metalurgica\/wp-json\/wp\/v2\/comments?post=320942"}],"version-history":[{"count":2,"href":"https:\/\/www.ing.uc.cl\/mecanica-y-metalurgica\/wp-json\/wp\/v2\/pages\/320942\/revisions"}],"predecessor-version":[{"id":322510,"href":"https:\/\/www.ing.uc.cl\/mecanica-y-metalurgica\/wp-json\/wp\/v2\/pages\/320942\/revisions\/322510"}],"up":[{"embeddable":true,"href":"https:\/\/www.ing.uc.cl\/mecanica-y-metalurgica\/wp-json\/wp\/v2\/pages\/323"}],"wp:attachment":[{"href":"https:\/\/www.ing.uc.cl\/mecanica-y-metalurgica\/wp-json\/wp\/v2\/media?parent=320942"}],"curies":[{"name":"wp","href":"https:\/\/api.w.org\/{rel}","templated":true}]}}