{"id":321002,"date":"2022-08-24T14:16:34","date_gmt":"2022-08-24T18:16:34","guid":{"rendered":"https:\/\/www.ing.uc.cl\/mecanica-y-metalurgica\/?page_id=321002"},"modified":"2023-07-28T12:01:02","modified_gmt":"2023-07-28T16:01:02","slug":"diseno-de-sistemas-mecanicos-y-mecatronicos","status":"publish","type":"page","link":"https:\/\/www.ing.uc.cl\/mecanica-y-metalurgica\/investigacion\/diseno-de-sistemas-mecanicos-y-mecatronicos\/","title":{"rendered":"Dise\u00f1o de sistemas mec\u00e1nicos y mecatr\u00f3nicos"},"content":{"rendered":"<h3>Profesores y sus l\u00edneas de investigaci\u00f3n:<div  class=\"lgc-column lgc-grid-parent lgc-grid-70 lgc-tablet-grid-70 lgc-mobile-grid-100 lgc-equal-heights \"><div  class=\"inside-grid-column\">\n<table>\n<tbody>\n<tr>\n<td>\n<h2><b><\/b><b><a href=\"https:\/\/www.ing.uc.cl\/academicos-e-investigadores\/luciano-eduardo-chiang-sanchez\/\">Luciano Chiang<\/a><\/b><\/h2>\n<\/td>\n<\/tr>\n<tr>\n<td>\n<ul>\n<li>Simulaci\u00f3n de Sistemas Mec\u00e1nicos<\/li>\n<li>Modelaci\u00f3n y Simulaci\u00f3n de Sistemas Multif\u00edsicos<\/li>\n<li>Automatizaci\u00f3n de Sistemas, M\u00e1quinas y Mecanismos<\/li>\n<li>Dise\u00f1o de M\u00e1quinas y Sistemas Mec\u00e1nicos<\/li>\n<li>Dise\u00f1o y Desarrollo de Productos<\/li>\n<\/ul>\n<\/td>\n<\/tr>\n<\/tbody>\n<\/table>\n<p><\/p><\/div><\/div><div  class=\"lgc-column lgc-grid-parent lgc-grid-30 lgc-tablet-grid-30 lgc-mobile-grid-100 lgc-equal-heights \"><div  class=\"inside-grid-column\">\n<p>&nbsp;<\/p>\n<p><img loading=\"lazy\" decoding=\"async\" class=\"aligncenter wp-image-322392 size-medium\" src=\"https:\/\/www.ing.uc.cl\/mecanica-y-metalurgica\/wp-content\/uploads\/2023\/06\/Screenshot-2023-06-19-090630-225x300.jpg\" alt=\"\" width=\"225\" height=\"300\" srcset=\"https:\/\/www.ing.uc.cl\/mecanica-y-metalurgica\/wp-content\/uploads\/2023\/06\/Screenshot-2023-06-19-090630-225x300.jpg 225w, https:\/\/www.ing.uc.cl\/mecanica-y-metalurgica\/wp-content\/uploads\/2023\/06\/Screenshot-2023-06-19-090630-146x194.jpg 146w, https:\/\/www.ing.uc.cl\/mecanica-y-metalurgica\/wp-content\/uploads\/2023\/06\/Screenshot-2023-06-19-090630.jpg 361w\" sizes=\"auto, (max-width: 225px) 100vw, 225px\" \/><\/p>\n<p><\/p><\/div><\/div><div  class=\"lgc-column lgc-grid-parent lgc-grid-70 lgc-tablet-grid-70 lgc-mobile-grid-100 lgc-equal-heights \"><div  class=\"inside-grid-column\">\n<table>\n<tbody>\n<tr>\n<td>\n<h2><b><\/b><b><a href=\"https:\/\/www.ing.uc.cl\/academicos-e-investigadores\/diego-javier-celentano\/\">Diego Celentano<\/a><\/b><\/h2>\n<\/td>\n<\/tr>\n<tr>\n<td>\n<ul>\n<li>Caracterizaci\u00f3n experimental y modelizaci\u00f3n (fenomenol\u00f3gica y multiescala) del comportamiento mec\u00e1nico de materiales<\/li>\n<li>An\u00e1lisis experimental y simulaci\u00f3n termomec\u00e1nica-microestructural (multif\u00edsica) de procesos industriales<\/li>\n<li>Simulaci\u00f3n num\u00e9rica orientada al mejoramiento de dise\u00f1o de procesos<\/li>\n<li>Biomec\u00e1nica computacional<\/li>\n<li>An\u00e1lisis de problemas de fluidos con superficies libres<\/li>\n<\/ul>\n<\/td>\n<\/tr>\n<\/tbody>\n<\/table>\n<p><\/p><\/div><\/div><div  class=\"lgc-column lgc-grid-parent lgc-grid-30 lgc-tablet-grid-30 lgc-mobile-grid-100 lgc-equal-heights \"><div  class=\"inside-grid-column\">\n<p>&nbsp;<\/p>\n<p><img loading=\"lazy\" decoding=\"async\" class=\"aligncenter wp-image-321102 size-medium\" src=\"https:\/\/www.ing.uc.cl\/mecanica-y-metalurgica\/wp-content\/uploads\/2022\/08\/Diego-Celentano-240x300.jpg\" alt=\"\" width=\"240\" height=\"300\" srcset=\"https:\/\/www.ing.uc.cl\/mecanica-y-metalurgica\/wp-content\/uploads\/2022\/08\/Diego-Celentano-240x300.jpg 240w, https:\/\/www.ing.uc.cl\/mecanica-y-metalurgica\/wp-content\/uploads\/2022\/08\/Diego-Celentano-819x1024.jpg 819w, https:\/\/www.ing.uc.cl\/mecanica-y-metalurgica\/wp-content\/uploads\/2022\/08\/Diego-Celentano-768x960.jpg 768w, https:\/\/www.ing.uc.cl\/mecanica-y-metalurgica\/wp-content\/uploads\/2022\/08\/Diego-Celentano-1229x1536.jpg 1229w, https:\/\/www.ing.uc.cl\/mecanica-y-metalurgica\/wp-content\/uploads\/2022\/08\/Diego-Celentano-1639x2048.jpg 1639w, https:\/\/www.ing.uc.cl\/mecanica-y-metalurgica\/wp-content\/uploads\/2022\/08\/Diego-Celentano-155x194.jpg 155w, https:\/\/www.ing.uc.cl\/mecanica-y-metalurgica\/wp-content\/uploads\/2022\/08\/Diego-Celentano-640x800.jpg 640w, https:\/\/www.ing.uc.cl\/mecanica-y-metalurgica\/wp-content\/uploads\/2022\/08\/Diego-Celentano-scaled.jpg 2048w\" sizes=\"auto, (max-width: 240px) 100vw, 240px\" \/><\/p>\n<p><\/p><\/div><\/div>\n<div  class=\"lgc-column lgc-grid-parent lgc-grid-70 lgc-tablet-grid-70 lgc-mobile-grid-100 lgc-equal-heights \"><div  class=\"inside-grid-column\">\n<table>\n<tbody>\n<tr>\n<td>\n<h2><a href=\"https:\/\/www.ing.uc.cl\/academicos-e-investigadores\/david-esteban-acuna-ureta\/\"><b>David Acu\u00f1a<\/b><\/a><\/h2>\n<\/td>\n<\/tr>\n<tr>\n<td>\n<ul>\n<li>Monitoreo de sistemas basado en modelos adaptativos<\/li>\n<li>Aplicaci\u00f3n de machine learning en modelaci\u00f3n predictiva de comportamiento de sistemas<\/li>\n<\/ul>\n<\/td>\n<\/tr>\n<\/tbody>\n<\/table>\n<p><\/p><\/div><\/div><div  class=\"lgc-column lgc-grid-parent lgc-grid-30 lgc-tablet-grid-30 lgc-mobile-grid-100 lgc-equal-heights \"><div  class=\"inside-grid-column\">\n<p>&nbsp;<\/p>\n<p><img loading=\"lazy\" decoding=\"async\" class=\"aligncenter wp-image-321100 size-medium\" src=\"https:\/\/www.ing.uc.cl\/mecanica-y-metalurgica\/wp-content\/uploads\/2022\/08\/David-Acuna-Ureta-240x300.jpg\" alt=\"\" width=\"240\" height=\"300\" srcset=\"https:\/\/www.ing.uc.cl\/mecanica-y-metalurgica\/wp-content\/uploads\/2022\/08\/David-Acuna-Ureta-240x300.jpg 240w, https:\/\/www.ing.uc.cl\/mecanica-y-metalurgica\/wp-content\/uploads\/2022\/08\/David-Acuna-Ureta-819x1024.jpg 819w, https:\/\/www.ing.uc.cl\/mecanica-y-metalurgica\/wp-content\/uploads\/2022\/08\/David-Acuna-Ureta-768x960.jpg 768w, https:\/\/www.ing.uc.cl\/mecanica-y-metalurgica\/wp-content\/uploads\/2022\/08\/David-Acuna-Ureta-1229x1536.jpg 1229w, https:\/\/www.ing.uc.cl\/mecanica-y-metalurgica\/wp-content\/uploads\/2022\/08\/David-Acuna-Ureta-1638x2048.jpg 1638w, https:\/\/www.ing.uc.cl\/mecanica-y-metalurgica\/wp-content\/uploads\/2022\/08\/David-Acuna-Ureta-155x194.jpg 155w, https:\/\/www.ing.uc.cl\/mecanica-y-metalurgica\/wp-content\/uploads\/2022\/08\/David-Acuna-Ureta-640x800.jpg 640w, https:\/\/www.ing.uc.cl\/mecanica-y-metalurgica\/wp-content\/uploads\/2022\/08\/David-Acuna-Ureta-scaled.jpg 2048w\" sizes=\"auto, (max-width: 240px) 100vw, 240px\" \/><\/p>\n<p><\/p><\/div><\/div><div  class=\"lgc-column lgc-grid-parent lgc-grid-70 lgc-tablet-grid-70 lgc-mobile-grid-100 lgc-equal-heights \"><div  class=\"inside-grid-column\">\n<table>\n<tbody>\n<tr>\n<td>\n<h2><a href=\"https:\/\/www.ing.uc.cl\/academicos-e-investigadores\/tito-andre-arevalo-ramirez\/\"><b>Tito Arevalo<\/b><\/a><\/h2>\n<\/td>\n<\/tr>\n<tr>\n<td>\n<ul>\n<li>Remote Sensing<\/li>\n<li>Digital Terrain Modeling<\/li>\n<li>Field Robotics<\/li>\n<li>LiDAR Odometry and Mapping<\/li>\n<\/ul>\n<\/td>\n<\/tr>\n<\/tbody>\n<\/table>\n<p><\/p><\/div><\/div><div  class=\"lgc-column lgc-grid-parent lgc-grid-30 lgc-tablet-grid-30 lgc-mobile-grid-100 lgc-equal-heights \"><div  class=\"inside-grid-column\">\n<p>&nbsp;<\/p>\n<p><img loading=\"lazy\" decoding=\"async\" class=\"aligncenter wp-image-322406 size-medium\" src=\"https:\/\/www.ing.uc.cl\/mecanica-y-metalurgica\/wp-content\/uploads\/2023\/06\/InShot_20230620_122918969-scaled-e1687278787236-239x300.jpg\" alt=\"\" width=\"239\" height=\"300\" srcset=\"https:\/\/www.ing.uc.cl\/mecanica-y-metalurgica\/wp-content\/uploads\/2023\/06\/InShot_20230620_122918969-scaled-e1687278787236-239x300.jpg 239w, https:\/\/www.ing.uc.cl\/mecanica-y-metalurgica\/wp-content\/uploads\/2023\/06\/InShot_20230620_122918969-scaled-e1687278787236-817x1024.jpg 817w, https:\/\/www.ing.uc.cl\/mecanica-y-metalurgica\/wp-content\/uploads\/2023\/06\/InShot_20230620_122918969-scaled-e1687278787236-768x962.jpg 768w, https:\/\/www.ing.uc.cl\/mecanica-y-metalurgica\/wp-content\/uploads\/2023\/06\/InShot_20230620_122918969-scaled-e1687278787236-1226x1536.jpg 1226w, https:\/\/www.ing.uc.cl\/mecanica-y-metalurgica\/wp-content\/uploads\/2023\/06\/InShot_20230620_122918969-scaled-e1687278787236-155x194.jpg 155w, https:\/\/www.ing.uc.cl\/mecanica-y-metalurgica\/wp-content\/uploads\/2023\/06\/InShot_20230620_122918969-scaled-e1687278787236-638x800.jpg 638w, https:\/\/www.ing.uc.cl\/mecanica-y-metalurgica\/wp-content\/uploads\/2023\/06\/InShot_20230620_122918969-scaled-e1687278787236.jpg 1241w\" sizes=\"auto, (max-width: 239px) 100vw, 239px\" \/><\/p>\n<p><\/p><\/div><\/div>\n","protected":false},"excerpt":{"rendered":"<p>Profesores y sus l\u00edneas de investigaci\u00f3n:<\/p>\n","protected":false},"author":34,"featured_media":0,"parent":323,"menu_order":0,"comment_status":"closed","ping_status":"closed","template":"","meta":{"_acf_changed":false,"footnotes":""},"class_list":["post-321002","page","type-page","status-publish","hentry"],"acf":[],"yoast_head":"<!-- This site is optimized with the Yoast SEO plugin v26.9 - https:\/\/yoast.com\/product\/yoast-seo-wordpress\/ -->\n<title>Dise\u00f1o de sistemas mec\u00e1nicos y mecatr\u00f3nicos - Departamento de Ingenier\u00eda de Mec\u00e1nica y Metal\u00fargica<\/title>\n<meta name=\"robots\" content=\"index, follow, max-snippet:-1, max-image-preview:large, max-video-preview:-1\" \/>\n<link rel=\"canonical\" href=\"https:\/\/www.ing.uc.cl\/mecanica-y-metalurgica\/investigacion\/diseno-de-sistemas-mecanicos-y-mecatronicos\/\" \/>\n<meta property=\"og:locale\" content=\"es_ES\" \/>\n<meta property=\"og:type\" content=\"article\" \/>\n<meta property=\"og:title\" content=\"Dise\u00f1o de sistemas mec\u00e1nicos y mecatr\u00f3nicos - Departamento de Ingenier\u00eda de Mec\u00e1nica y Metal\u00fargica\" \/>\n<meta property=\"og:description\" content=\"Profesores y sus l\u00edneas de investigaci\u00f3n:\" \/>\n<meta property=\"og:url\" content=\"https:\/\/www.ing.uc.cl\/mecanica-y-metalurgica\/investigacion\/diseno-de-sistemas-mecanicos-y-mecatronicos\/\" \/>\n<meta property=\"og:site_name\" content=\"Departamento de Ingenier\u00eda de Mec\u00e1nica y Metal\u00fargica\" \/>\n<meta property=\"article:publisher\" content=\"https:\/\/www.facebook.com\/EscueladeIngenieriaUniversidadCatolica\/\" \/>\n<meta property=\"article:modified_time\" content=\"2023-07-28T16:01:02+00:00\" \/>\n<meta property=\"og:image\" content=\"https:\/\/www.ing.uc.cl\/mecanica-y-metalurgica\/wp-content\/uploads\/2022\/08\/escudo-223x300.png\" \/>\n<meta name=\"twitter:card\" content=\"summary_large_image\" \/>\n<meta name=\"twitter:site\" content=\"@ingenieriaUC\" \/>\n<meta name=\"twitter:label1\" content=\"Tiempo de lectura\" \/>\n\t<meta name=\"twitter:data1\" content=\"2 minutos\" \/>\n<script type=\"application\/ld+json\" class=\"yoast-schema-graph\">{\"@context\":\"https:\/\/schema.org\",\"@graph\":[{\"@type\":\"WebPage\",\"@id\":\"https:\/\/www.ing.uc.cl\/mecanica-y-metalurgica\/investigacion\/diseno-de-sistemas-mecanicos-y-mecatronicos\/\",\"url\":\"https:\/\/www.ing.uc.cl\/mecanica-y-metalurgica\/investigacion\/diseno-de-sistemas-mecanicos-y-mecatronicos\/\",\"name\":\"Dise\u00f1o de sistemas mec\u00e1nicos y mecatr\u00f3nicos - Departamento de Ingenier\u00eda de Mec\u00e1nica y Metal\u00fargica\",\"isPartOf\":{\"@id\":\"https:\/\/www.ing.uc.cl\/mecanica-y-metalurgica\/#website\"},\"primaryImageOfPage\":{\"@id\":\"https:\/\/www.ing.uc.cl\/mecanica-y-metalurgica\/investigacion\/diseno-de-sistemas-mecanicos-y-mecatronicos\/#primaryimage\"},\"image\":{\"@id\":\"https:\/\/www.ing.uc.cl\/mecanica-y-metalurgica\/investigacion\/diseno-de-sistemas-mecanicos-y-mecatronicos\/#primaryimage\"},\"thumbnailUrl\":\"https:\/\/www.ing.uc.cl\/mecanica-y-metalurgica\/wp-content\/uploads\/2023\/06\/Screenshot-2023-06-19-090630-225x300.jpg\",\"datePublished\":\"2022-08-24T18:16:34+00:00\",\"dateModified\":\"2023-07-28T16:01:02+00:00\",\"breadcrumb\":{\"@id\":\"https:\/\/www.ing.uc.cl\/mecanica-y-metalurgica\/investigacion\/diseno-de-sistemas-mecanicos-y-mecatronicos\/#breadcrumb\"},\"inLanguage\":\"es\",\"potentialAction\":[{\"@type\":\"ReadAction\",\"target\":[\"https:\/\/www.ing.uc.cl\/mecanica-y-metalurgica\/investigacion\/diseno-de-sistemas-mecanicos-y-mecatronicos\/\"]}]},{\"@type\":\"ImageObject\",\"inLanguage\":\"es\",\"@id\":\"https:\/\/www.ing.uc.cl\/mecanica-y-metalurgica\/investigacion\/diseno-de-sistemas-mecanicos-y-mecatronicos\/#primaryimage\",\"url\":\"https:\/\/www.ing.uc.cl\/mecanica-y-metalurgica\/wp-content\/uploads\/2023\/06\/Screenshot-2023-06-19-090630.jpg\",\"contentUrl\":\"https:\/\/www.ing.uc.cl\/mecanica-y-metalurgica\/wp-content\/uploads\/2023\/06\/Screenshot-2023-06-19-090630.jpg\",\"width\":361,\"height\":481},{\"@type\":\"BreadcrumbList\",\"@id\":\"https:\/\/www.ing.uc.cl\/mecanica-y-metalurgica\/investigacion\/diseno-de-sistemas-mecanicos-y-mecatronicos\/#breadcrumb\",\"itemListElement\":[{\"@type\":\"ListItem\",\"position\":1,\"name\":\"Home\",\"item\":\"https:\/\/www.ing.uc.cl\/mecanica-y-metalurgica\/\"},{\"@type\":\"ListItem\",\"position\":2,\"name\":\"Investigaci\u00f3n\",\"item\":\"https:\/\/www.ing.uc.cl\/mecanica-y-metalurgica\/investigacion\/\"},{\"@type\":\"ListItem\",\"position\":3,\"name\":\"Dise\u00f1o de sistemas mec\u00e1nicos y mecatr\u00f3nicos\"}]},{\"@type\":\"WebSite\",\"@id\":\"https:\/\/www.ing.uc.cl\/mecanica-y-metalurgica\/#website\",\"url\":\"https:\/\/www.ing.uc.cl\/mecanica-y-metalurgica\/\",\"name\":\"Departamento de Ingenier\u00eda de Mec\u00e1nica y Metal\u00fargica\",\"description\":\"Ingenier\u00eda UC\",\"potentialAction\":[{\"@type\":\"SearchAction\",\"target\":{\"@type\":\"EntryPoint\",\"urlTemplate\":\"https:\/\/www.ing.uc.cl\/mecanica-y-metalurgica\/?s={search_term_string}\"},\"query-input\":{\"@type\":\"PropertyValueSpecification\",\"valueRequired\":true,\"valueName\":\"search_term_string\"}}],\"inLanguage\":\"es\"}]}<\/script>\n<!-- \/ Yoast SEO plugin. -->","yoast_head_json":{"title":"Dise\u00f1o de sistemas mec\u00e1nicos y mecatr\u00f3nicos - Departamento de Ingenier\u00eda de Mec\u00e1nica y Metal\u00fargica","robots":{"index":"index","follow":"follow","max-snippet":"max-snippet:-1","max-image-preview":"max-image-preview:large","max-video-preview":"max-video-preview:-1"},"canonical":"https:\/\/www.ing.uc.cl\/mecanica-y-metalurgica\/investigacion\/diseno-de-sistemas-mecanicos-y-mecatronicos\/","og_locale":"es_ES","og_type":"article","og_title":"Dise\u00f1o de sistemas mec\u00e1nicos y mecatr\u00f3nicos - Departamento de Ingenier\u00eda de Mec\u00e1nica y Metal\u00fargica","og_description":"Profesores y sus l\u00edneas de investigaci\u00f3n:","og_url":"https:\/\/www.ing.uc.cl\/mecanica-y-metalurgica\/investigacion\/diseno-de-sistemas-mecanicos-y-mecatronicos\/","og_site_name":"Departamento de Ingenier\u00eda de Mec\u00e1nica y Metal\u00fargica","article_publisher":"https:\/\/www.facebook.com\/EscueladeIngenieriaUniversidadCatolica\/","article_modified_time":"2023-07-28T16:01:02+00:00","og_image":[{"url":"https:\/\/www.ing.uc.cl\/mecanica-y-metalurgica\/wp-content\/uploads\/2022\/08\/escudo-223x300.png","type":"","width":"","height":""}],"twitter_card":"summary_large_image","twitter_site":"@ingenieriaUC","twitter_misc":{"Tiempo de lectura":"2 minutos"},"schema":{"@context":"https:\/\/schema.org","@graph":[{"@type":"WebPage","@id":"https:\/\/www.ing.uc.cl\/mecanica-y-metalurgica\/investigacion\/diseno-de-sistemas-mecanicos-y-mecatronicos\/","url":"https:\/\/www.ing.uc.cl\/mecanica-y-metalurgica\/investigacion\/diseno-de-sistemas-mecanicos-y-mecatronicos\/","name":"Dise\u00f1o de sistemas mec\u00e1nicos y mecatr\u00f3nicos - Departamento de Ingenier\u00eda de Mec\u00e1nica y Metal\u00fargica","isPartOf":{"@id":"https:\/\/www.ing.uc.cl\/mecanica-y-metalurgica\/#website"},"primaryImageOfPage":{"@id":"https:\/\/www.ing.uc.cl\/mecanica-y-metalurgica\/investigacion\/diseno-de-sistemas-mecanicos-y-mecatronicos\/#primaryimage"},"image":{"@id":"https:\/\/www.ing.uc.cl\/mecanica-y-metalurgica\/investigacion\/diseno-de-sistemas-mecanicos-y-mecatronicos\/#primaryimage"},"thumbnailUrl":"https:\/\/www.ing.uc.cl\/mecanica-y-metalurgica\/wp-content\/uploads\/2023\/06\/Screenshot-2023-06-19-090630-225x300.jpg","datePublished":"2022-08-24T18:16:34+00:00","dateModified":"2023-07-28T16:01:02+00:00","breadcrumb":{"@id":"https:\/\/www.ing.uc.cl\/mecanica-y-metalurgica\/investigacion\/diseno-de-sistemas-mecanicos-y-mecatronicos\/#breadcrumb"},"inLanguage":"es","potentialAction":[{"@type":"ReadAction","target":["https:\/\/www.ing.uc.cl\/mecanica-y-metalurgica\/investigacion\/diseno-de-sistemas-mecanicos-y-mecatronicos\/"]}]},{"@type":"ImageObject","inLanguage":"es","@id":"https:\/\/www.ing.uc.cl\/mecanica-y-metalurgica\/investigacion\/diseno-de-sistemas-mecanicos-y-mecatronicos\/#primaryimage","url":"https:\/\/www.ing.uc.cl\/mecanica-y-metalurgica\/wp-content\/uploads\/2023\/06\/Screenshot-2023-06-19-090630.jpg","contentUrl":"https:\/\/www.ing.uc.cl\/mecanica-y-metalurgica\/wp-content\/uploads\/2023\/06\/Screenshot-2023-06-19-090630.jpg","width":361,"height":481},{"@type":"BreadcrumbList","@id":"https:\/\/www.ing.uc.cl\/mecanica-y-metalurgica\/investigacion\/diseno-de-sistemas-mecanicos-y-mecatronicos\/#breadcrumb","itemListElement":[{"@type":"ListItem","position":1,"name":"Home","item":"https:\/\/www.ing.uc.cl\/mecanica-y-metalurgica\/"},{"@type":"ListItem","position":2,"name":"Investigaci\u00f3n","item":"https:\/\/www.ing.uc.cl\/mecanica-y-metalurgica\/investigacion\/"},{"@type":"ListItem","position":3,"name":"Dise\u00f1o de sistemas mec\u00e1nicos y mecatr\u00f3nicos"}]},{"@type":"WebSite","@id":"https:\/\/www.ing.uc.cl\/mecanica-y-metalurgica\/#website","url":"https:\/\/www.ing.uc.cl\/mecanica-y-metalurgica\/","name":"Departamento de Ingenier\u00eda de Mec\u00e1nica y Metal\u00fargica","description":"Ingenier\u00eda UC","potentialAction":[{"@type":"SearchAction","target":{"@type":"EntryPoint","urlTemplate":"https:\/\/www.ing.uc.cl\/mecanica-y-metalurgica\/?s={search_term_string}"},"query-input":{"@type":"PropertyValueSpecification","valueRequired":true,"valueName":"search_term_string"}}],"inLanguage":"es"}]}},"_links":{"self":[{"href":"https:\/\/www.ing.uc.cl\/mecanica-y-metalurgica\/wp-json\/wp\/v2\/pages\/321002","targetHints":{"allow":["GET"]}}],"collection":[{"href":"https:\/\/www.ing.uc.cl\/mecanica-y-metalurgica\/wp-json\/wp\/v2\/pages"}],"about":[{"href":"https:\/\/www.ing.uc.cl\/mecanica-y-metalurgica\/wp-json\/wp\/v2\/types\/page"}],"author":[{"embeddable":true,"href":"https:\/\/www.ing.uc.cl\/mecanica-y-metalurgica\/wp-json\/wp\/v2\/users\/34"}],"replies":[{"embeddable":true,"href":"https:\/\/www.ing.uc.cl\/mecanica-y-metalurgica\/wp-json\/wp\/v2\/comments?post=321002"}],"version-history":[{"count":1,"href":"https:\/\/www.ing.uc.cl\/mecanica-y-metalurgica\/wp-json\/wp\/v2\/pages\/321002\/revisions"}],"predecessor-version":[{"id":322511,"href":"https:\/\/www.ing.uc.cl\/mecanica-y-metalurgica\/wp-json\/wp\/v2\/pages\/321002\/revisions\/322511"}],"up":[{"embeddable":true,"href":"https:\/\/www.ing.uc.cl\/mecanica-y-metalurgica\/wp-json\/wp\/v2\/pages\/323"}],"wp:attachment":[{"href":"https:\/\/www.ing.uc.cl\/mecanica-y-metalurgica\/wp-json\/wp\/v2\/media?parent=321002"}],"curies":[{"name":"wp","href":"https:\/\/api.w.org\/{rel}","templated":true}]}}