{"id":321864,"date":"2022-11-03T17:35:03","date_gmt":"2022-11-03T20:35:03","guid":{"rendered":"https:\/\/www.ing.uc.cl\/mecanica-y-metalurgica\/?page_id=321864"},"modified":"2023-07-28T12:01:43","modified_gmt":"2023-07-28T16:01:43","slug":"proyectos-de-investigacion","status":"publish","type":"page","link":"https:\/\/www.ing.uc.cl\/mecanica-y-metalurgica\/investigacion\/proyectos-de-investigacion\/","title":{"rendered":"Proyectos de investigaci\u00f3n"},"content":{"rendered":"<table style=\"width: 98.1389%;\" width=\"907\">\n<tbody>\n<tr>\n<td style=\"width: 22.2738%;\" width=\"132\">Profesor DIMM<\/td>\n<td style=\"width: 57.5276%;\" width=\"624\">Nombre Proyecto<\/td>\n<td style=\"width: 8.83002%;\" width=\"76\">AGENCIA<\/td>\n<td style=\"width: 77.3979%;\" width=\"76\">PROGRAMA<\/td>\n<\/tr>\n<tr>\n<td style=\"width: 22.2738%;\" width=\"132\">Jos\u00e9 Miguel Cardemil<\/td>\n<td style=\"width: 57.5276%;\" width=\"624\">Development of simulation strategies for assessing the potential for solar heat in industrial processes<\/td>\n<td style=\"width: 8.83002%;\" width=\"76\">CONICYT<\/td>\n<td style=\"width: 77.3979%;\" width=\"76\">PCI<\/td>\n<\/tr>\n<tr>\n<td style=\"width: 22.2738%;\" width=\"132\">Jos\u00e9 Miguel Cardemil<\/td>\n<td style=\"width: 57.5276%;\" width=\"624\">High-Temperature Thermal Storage For Concentrated Solar Power Plants Using A Packed Bed Of Rocks: Heat Transfer Analysis And Experimental Validation<\/td>\n<td style=\"width: 8.83002%;\" width=\"76\">CONICYT<\/td>\n<td style=\"width: 77.3979%;\" width=\"76\">FONDECYT<\/td>\n<\/tr>\n<tr>\n<td style=\"width: 22.2738%;\" width=\"132\">Diego Celentano<\/td>\n<td style=\"width: 57.5276%;\" width=\"624\">Multiscale Analysis of materials in metal forming processes: modeling, simulation and experimental validation<\/td>\n<td style=\"width: 8.83002%;\" width=\"76\">CONICYT<\/td>\n<td style=\"width: 77.3979%;\" width=\"76\">FONDECYT<\/td>\n<\/tr>\n<tr>\n<td style=\"width: 22.2738%;\" width=\"132\">Diego Celentano<\/td>\n<td style=\"width: 57.5276%;\" width=\"624\">THERMOMECHANICAL-MICROSTRUCTURAL ANALYSIS OF LASER-PROCESSED TITANIUM-BASED ALLOYS IN SHEET BENDING AND SURFACE TREATMENT PROCESSES: MODELING, SIMULATION AND EXPERIMENTAL VALIDATION<\/td>\n<td style=\"width: 8.83002%;\" width=\"76\">CONICYT<\/td>\n<td style=\"width: 77.3979%;\" width=\"76\">FONDECYT<\/td>\n<\/tr>\n<tr>\n<td style=\"width: 22.2738%;\" width=\"132\">Rodrigo Escobar<\/td>\n<td style=\"width: 57.5276%;\" width=\"624\">Technical and economic evaluation of Hybrid Concentrated Solar Power + Photovoltaic power plants using thermal and battery energy storage systems for base generation at minimum levelized cost depending on geographic location<\/td>\n<td style=\"width: 8.83002%;\" width=\"76\">CONICYT<\/td>\n<td style=\"width: 77.3979%;\" width=\"76\">FONDECYT<\/td>\n<\/tr>\n<tr>\n<td style=\"width: 22.2738%;\" width=\"132\">Jorge Ramos<\/td>\n<td style=\"width: 57.5276%;\" width=\"624\">Comparative study of residual stress distribution in 3D metal objects printed by distinctive SLM schemes<\/td>\n<td style=\"width: 8.83002%;\" width=\"76\">CONICYT<\/td>\n<td style=\"width: 77.3979%;\" width=\"76\">FONDECYT<\/td>\n<\/tr>\n<tr>\n<td style=\"width: 22.2738%;\" width=\"132\">Francisco Sahli<\/td>\n<td style=\"width: 57.5276%;\" width=\"624\">Understanding drug-induced arrhytmias with multi-scale modeling and machine learning<\/td>\n<td style=\"width: 8.83002%;\" width=\"76\">CONICYT<\/td>\n<td style=\"width: 77.3979%;\" width=\"76\">FONDECYT<\/td>\n<\/tr>\n<tr>\n<td style=\"width: 22.2738%;\" width=\"132\">Francisco Sahli<\/td>\n<td style=\"width: 57.5276%;\" width=\"624\">Physics-informed neural networks for cardiac strain quantification from cine MRI<\/td>\n<td style=\"width: 8.83002%;\" width=\"76\">CONICYT<\/td>\n<td style=\"width: 77.3979%;\" width=\"76\">FONDECYT<\/td>\n<\/tr>\n<tr>\n<td style=\"width: 22.2738%;\" width=\"132\">Jos\u00e9 Miguel Cardemil<\/td>\n<td style=\"width: 57.5276%;\" width=\"624\">Descarbonizaci\u00f3n tecno-econ\u00f3micamente factible de matrices energ\u00e9ticas mediante gene-raci\u00f3n renovable variable y almacenamiento de energ\u00eda<\/td>\n<td style=\"width: 8.83002%;\" width=\"76\">CONICYT<\/td>\n<td style=\"width: 77.3979%;\" width=\"76\">FONDECYT<\/td>\n<\/tr>\n<tr>\n<td style=\"width: 22.2738%;\" width=\"132\">Rodrigo Escobar<\/td>\n<td style=\"width: 57.5276%;\" width=\"624\">Public transport reliability and its implication for scheduling crowding and welfare<\/td>\n<td style=\"width: 8.83002%;\" width=\"76\">CONICYT<\/td>\n<td style=\"width: 77.3979%;\" width=\"76\">FONDECYT<\/td>\n<\/tr>\n<tr>\n<td style=\"width: 22.2738%;\" width=\"132\">Magdalena Walczak<\/td>\n<td style=\"width: 57.5276%;\" width=\"624\">Degradation of metals by flowing slurry: Towards a fundamental understanding of the damage mechanisms during laminar to turbulent flow transition<\/td>\n<td style=\"width: 8.83002%;\" width=\"76\">CONICYT<\/td>\n<td style=\"width: 77.3979%;\" width=\"76\">FONDECYT<\/td>\n<\/tr>\n<tr>\n<td style=\"width: 22.2738%;\" width=\"132\">Jos\u00e9 Miguel Cardemil<\/td>\n<td style=\"width: 57.5276%;\" width=\"624\">THERMAL-FLUID BEHAVIOR OF ZEOTROPIC MIXTURES DURING TWO-PHASE PROCESSES<\/td>\n<td style=\"width: 8.83002%;\" width=\"76\">CONICYT<\/td>\n<td style=\"width: 77.3979%;\" width=\"76\">FONDECYT<\/td>\n<\/tr>\n<tr>\n<td style=\"width: 22.2738%;\" width=\"132\">Diego Celentano<\/td>\n<td style=\"width: 57.5276%;\" width=\"624\">Thermal stresses in nanocrystalline TiCxN1-x films grown by chemical vapor deposition techniques: effects of composition gradient profile and crystallographic texture<\/td>\n<td style=\"width: 8.83002%;\" width=\"76\">CONICYT<\/td>\n<td style=\"width: 77.3979%;\" width=\"76\">FONDECYT<\/td>\n<\/tr>\n<tr>\n<td style=\"width: 22.2738%;\" width=\"132\">Diego Celentano<\/td>\n<td style=\"width: 57.5276%;\" width=\"624\">Modeling fluid-solid responses for systems coupling free-surface, vibratios and voltage-generation: numerical simulation and experimental validation<\/td>\n<td style=\"width: 8.83002%;\" width=\"76\">CONICYT<\/td>\n<td style=\"width: 77.3979%;\" width=\"76\">FONDECYT<\/td>\n<\/tr>\n<tr>\n<td style=\"width: 22.2738%;\" width=\"132\">Diego Celentano<\/td>\n<td style=\"width: 57.5276%;\" width=\"624\">Effects of intermittent hypoxia on the mechanobiology of the arterial wall: experimental characterization, modeling, and numerical simulation<\/td>\n<td style=\"width: 8.83002%;\" width=\"76\">CONICYT<\/td>\n<td style=\"width: 77.3979%;\" width=\"76\">FONDECYT<\/td>\n<\/tr>\n<tr>\n<td style=\"width: 22.2738%;\" width=\"132\">Diego Celentano<\/td>\n<td style=\"width: 57.5276%;\" width=\"624\">Understanding the structure-property relationship on advanced steels under chemical patterning of austenite<\/td>\n<td style=\"width: 8.83002%;\" width=\"76\">CONICYT<\/td>\n<td style=\"width: 77.3979%;\" width=\"76\">FONDECYT<\/td>\n<\/tr>\n<tr>\n<td style=\"width: 22.2738%;\" width=\"132\">Rodrigo Escobar<\/td>\n<td style=\"width: 57.5276%;\" width=\"624\">Centro de Investigaci\u00f3n en Energ\u00eda Solar SERC-Chile<\/td>\n<td style=\"width: 8.83002%;\" width=\"76\">CONICYT<\/td>\n<td style=\"width: 77.3979%;\" width=\"76\">FONDAP<\/td>\n<\/tr>\n<tr>\n<td style=\"width: 22.2738%;\" width=\"132\">Rodrigo Escobar<\/td>\n<td style=\"width: 57.5276%;\" width=\"624\">International Center for Excellence in Solar Energy \/ Centro de Tecnolog\u00edas para Energ\u00eda Solar de Fraunhofer Chile Research (FCR-CSET)<\/td>\n<td style=\"width: 8.83002%;\" width=\"76\">CORFO<\/td>\n<td style=\"width: 77.3979%;\" width=\"76\">Innova<\/td>\n<\/tr>\n<tr>\n<td style=\"width: 22.2738%;\" width=\"132\">Wolfram Jahn<\/td>\n<td style=\"width: 57.5276%;\" width=\"624\">National Research Center for Integrated Natural Disasters Management-2<\/td>\n<td style=\"width: 8.83002%;\" width=\"76\">CONICYT<\/td>\n<td style=\"width: 77.3979%;\" width=\"76\">FONDAP<\/td>\n<\/tr>\n<tr>\n<td style=\"width: 22.2738%;\" width=\"132\">Wolfram Jahn<\/td>\n<td style=\"width: 57.5276%;\" width=\"624\">Centro Nacional de Excelencia para la Industria de la Madera CENAMAD<\/td>\n<td style=\"width: 8.83002%;\" width=\"76\">CONICYT<\/td>\n<td style=\"width: 77.3979%;\" width=\"76\">PIA<\/td>\n<\/tr>\n<tr>\n<td style=\"width: 22.2738%;\" width=\"132\">Constanza Miranda<\/td>\n<td style=\"width: 57.5276%;\" width=\"624\">Emerging Institutional Strategies for Building Research Capacity within Chilean Universitties<\/td>\n<td style=\"width: 8.83002%;\" width=\"76\">CONICYT<\/td>\n<td style=\"width: 77.3979%;\" width=\"76\">FONDECYT<\/td>\n<\/tr>\n<tr>\n<td style=\"width: 22.2738%;\" width=\"132\">Francisco Sahli<\/td>\n<td style=\"width: 57.5276%;\" width=\"624\">MULTISCALE MODELING OF WHOLE-LUNG RESPIRATORY MECHANICS<\/td>\n<td style=\"width: 8.83002%;\" width=\"76\">CONICYT<\/td>\n<td style=\"width: 77.3979%;\" width=\"76\">FONDECYT<\/td>\n<\/tr>\n<tr>\n<td style=\"width: 22.2738%;\" width=\"132\">Magdalena Walczak<\/td>\n<td style=\"width: 57.5276%;\" width=\"624\">International Center for Excellence in Solar Energy \/ Centro de Tecnolog\u00edas para Energ\u00eda Solar de Fraunhofer Chile Research (FCR-CSET)<\/td>\n<td style=\"width: 8.83002%;\" width=\"76\">CORFO<\/td>\n<td style=\"width: 77.3979%;\" width=\"76\">Innova<\/td>\n<\/tr>\n<\/tbody>\n<\/table>\n","protected":false},"excerpt":{"rendered":"<p>Profesor DIMM Nombre Proyecto AGENCIA PROGRAMA Jos\u00e9 Miguel Cardemil Development of simulation strategies for assessing the potential for solar heat in industrial processes CONICYT PCI Jos\u00e9 Miguel Cardemil High-Temperature Thermal Storage For Concentrated Solar Power Plants Using A Packed Bed Of Rocks: Heat Transfer Analysis And Experimental Validation CONICYT FONDECYT Diego Celentano Multiscale Analysis of [&hellip;]<\/p>\n","protected":false},"author":34,"featured_media":0,"parent":323,"menu_order":0,"comment_status":"closed","ping_status":"closed","template":"","meta":{"_acf_changed":false,"footnotes":""},"class_list":["post-321864","page","type-page","status-publish","hentry"],"acf":[],"yoast_head":"<!-- This site is optimized with the Yoast SEO plugin v26.9 - https:\/\/yoast.com\/product\/yoast-seo-wordpress\/ -->\n<title>Proyectos de investigaci\u00f3n - Departamento de Ingenier\u00eda de Mec\u00e1nica y Metal\u00fargica<\/title>\n<meta name=\"robots\" content=\"index, follow, max-snippet:-1, max-image-preview:large, max-video-preview:-1\" \/>\n<link rel=\"canonical\" href=\"https:\/\/www.ing.uc.cl\/mecanica-y-metalurgica\/investigacion\/proyectos-de-investigacion\/\" \/>\n<meta property=\"og:locale\" content=\"es_ES\" \/>\n<meta property=\"og:type\" content=\"article\" \/>\n<meta property=\"og:title\" content=\"Proyectos de investigaci\u00f3n - Departamento de Ingenier\u00eda de Mec\u00e1nica y Metal\u00fargica\" \/>\n<meta property=\"og:description\" content=\"Profesor DIMM Nombre Proyecto AGENCIA PROGRAMA Jos\u00e9 Miguel Cardemil Development of simulation strategies for assessing the potential for solar heat in industrial processes CONICYT PCI Jos\u00e9 Miguel Cardemil High-Temperature Thermal Storage For Concentrated Solar Power Plants Using A Packed Bed Of Rocks: Heat Transfer Analysis And Experimental Validation CONICYT FONDECYT Diego Celentano Multiscale Analysis of [&hellip;]\" \/>\n<meta property=\"og:url\" content=\"https:\/\/www.ing.uc.cl\/mecanica-y-metalurgica\/investigacion\/proyectos-de-investigacion\/\" \/>\n<meta property=\"og:site_name\" content=\"Departamento de Ingenier\u00eda de Mec\u00e1nica y Metal\u00fargica\" \/>\n<meta property=\"article:publisher\" content=\"https:\/\/www.facebook.com\/EscueladeIngenieriaUniversidadCatolica\/\" \/>\n<meta property=\"article:modified_time\" content=\"2023-07-28T16:01:43+00:00\" \/>\n<meta name=\"twitter:card\" content=\"summary_large_image\" \/>\n<meta name=\"twitter:site\" content=\"@ingenieriaUC\" \/>\n<meta name=\"twitter:label1\" content=\"Tiempo de lectura\" \/>\n\t<meta name=\"twitter:data1\" content=\"2 minutos\" \/>\n<script type=\"application\/ld+json\" class=\"yoast-schema-graph\">{\"@context\":\"https:\/\/schema.org\",\"@graph\":[{\"@type\":\"WebPage\",\"@id\":\"https:\/\/www.ing.uc.cl\/mecanica-y-metalurgica\/investigacion\/proyectos-de-investigacion\/\",\"url\":\"https:\/\/www.ing.uc.cl\/mecanica-y-metalurgica\/investigacion\/proyectos-de-investigacion\/\",\"name\":\"Proyectos de investigaci\u00f3n - Departamento de Ingenier\u00eda de Mec\u00e1nica y Metal\u00fargica\",\"isPartOf\":{\"@id\":\"https:\/\/www.ing.uc.cl\/mecanica-y-metalurgica\/#website\"},\"datePublished\":\"2022-11-03T20:35:03+00:00\",\"dateModified\":\"2023-07-28T16:01:43+00:00\",\"breadcrumb\":{\"@id\":\"https:\/\/www.ing.uc.cl\/mecanica-y-metalurgica\/investigacion\/proyectos-de-investigacion\/#breadcrumb\"},\"inLanguage\":\"es\",\"potentialAction\":[{\"@type\":\"ReadAction\",\"target\":[\"https:\/\/www.ing.uc.cl\/mecanica-y-metalurgica\/investigacion\/proyectos-de-investigacion\/\"]}]},{\"@type\":\"BreadcrumbList\",\"@id\":\"https:\/\/www.ing.uc.cl\/mecanica-y-metalurgica\/investigacion\/proyectos-de-investigacion\/#breadcrumb\",\"itemListElement\":[{\"@type\":\"ListItem\",\"position\":1,\"name\":\"Home\",\"item\":\"https:\/\/www.ing.uc.cl\/mecanica-y-metalurgica\/\"},{\"@type\":\"ListItem\",\"position\":2,\"name\":\"Investigaci\u00f3n\",\"item\":\"https:\/\/www.ing.uc.cl\/mecanica-y-metalurgica\/investigacion\/\"},{\"@type\":\"ListItem\",\"position\":3,\"name\":\"Proyectos de investigaci\u00f3n\"}]},{\"@type\":\"WebSite\",\"@id\":\"https:\/\/www.ing.uc.cl\/mecanica-y-metalurgica\/#website\",\"url\":\"https:\/\/www.ing.uc.cl\/mecanica-y-metalurgica\/\",\"name\":\"Departamento de Ingenier\u00eda de Mec\u00e1nica y Metal\u00fargica\",\"description\":\"Ingenier\u00eda UC\",\"potentialAction\":[{\"@type\":\"SearchAction\",\"target\":{\"@type\":\"EntryPoint\",\"urlTemplate\":\"https:\/\/www.ing.uc.cl\/mecanica-y-metalurgica\/?s={search_term_string}\"},\"query-input\":{\"@type\":\"PropertyValueSpecification\",\"valueRequired\":true,\"valueName\":\"search_term_string\"}}],\"inLanguage\":\"es\"}]}<\/script>\n<!-- \/ Yoast SEO plugin. -->","yoast_head_json":{"title":"Proyectos de investigaci\u00f3n - Departamento de Ingenier\u00eda de Mec\u00e1nica y Metal\u00fargica","robots":{"index":"index","follow":"follow","max-snippet":"max-snippet:-1","max-image-preview":"max-image-preview:large","max-video-preview":"max-video-preview:-1"},"canonical":"https:\/\/www.ing.uc.cl\/mecanica-y-metalurgica\/investigacion\/proyectos-de-investigacion\/","og_locale":"es_ES","og_type":"article","og_title":"Proyectos de investigaci\u00f3n - Departamento de Ingenier\u00eda de Mec\u00e1nica y Metal\u00fargica","og_description":"Profesor DIMM Nombre Proyecto AGENCIA PROGRAMA Jos\u00e9 Miguel Cardemil Development of simulation strategies for assessing the potential for solar heat in industrial processes CONICYT PCI Jos\u00e9 Miguel Cardemil High-Temperature Thermal Storage For Concentrated Solar Power Plants Using A Packed Bed Of Rocks: Heat Transfer Analysis And Experimental Validation CONICYT FONDECYT Diego Celentano Multiscale Analysis of [&hellip;]","og_url":"https:\/\/www.ing.uc.cl\/mecanica-y-metalurgica\/investigacion\/proyectos-de-investigacion\/","og_site_name":"Departamento de Ingenier\u00eda de Mec\u00e1nica y Metal\u00fargica","article_publisher":"https:\/\/www.facebook.com\/EscueladeIngenieriaUniversidadCatolica\/","article_modified_time":"2023-07-28T16:01:43+00:00","twitter_card":"summary_large_image","twitter_site":"@ingenieriaUC","twitter_misc":{"Tiempo de lectura":"2 minutos"},"schema":{"@context":"https:\/\/schema.org","@graph":[{"@type":"WebPage","@id":"https:\/\/www.ing.uc.cl\/mecanica-y-metalurgica\/investigacion\/proyectos-de-investigacion\/","url":"https:\/\/www.ing.uc.cl\/mecanica-y-metalurgica\/investigacion\/proyectos-de-investigacion\/","name":"Proyectos de investigaci\u00f3n - Departamento de Ingenier\u00eda de Mec\u00e1nica y Metal\u00fargica","isPartOf":{"@id":"https:\/\/www.ing.uc.cl\/mecanica-y-metalurgica\/#website"},"datePublished":"2022-11-03T20:35:03+00:00","dateModified":"2023-07-28T16:01:43+00:00","breadcrumb":{"@id":"https:\/\/www.ing.uc.cl\/mecanica-y-metalurgica\/investigacion\/proyectos-de-investigacion\/#breadcrumb"},"inLanguage":"es","potentialAction":[{"@type":"ReadAction","target":["https:\/\/www.ing.uc.cl\/mecanica-y-metalurgica\/investigacion\/proyectos-de-investigacion\/"]}]},{"@type":"BreadcrumbList","@id":"https:\/\/www.ing.uc.cl\/mecanica-y-metalurgica\/investigacion\/proyectos-de-investigacion\/#breadcrumb","itemListElement":[{"@type":"ListItem","position":1,"name":"Home","item":"https:\/\/www.ing.uc.cl\/mecanica-y-metalurgica\/"},{"@type":"ListItem","position":2,"name":"Investigaci\u00f3n","item":"https:\/\/www.ing.uc.cl\/mecanica-y-metalurgica\/investigacion\/"},{"@type":"ListItem","position":3,"name":"Proyectos de investigaci\u00f3n"}]},{"@type":"WebSite","@id":"https:\/\/www.ing.uc.cl\/mecanica-y-metalurgica\/#website","url":"https:\/\/www.ing.uc.cl\/mecanica-y-metalurgica\/","name":"Departamento de Ingenier\u00eda de Mec\u00e1nica y Metal\u00fargica","description":"Ingenier\u00eda UC","potentialAction":[{"@type":"SearchAction","target":{"@type":"EntryPoint","urlTemplate":"https:\/\/www.ing.uc.cl\/mecanica-y-metalurgica\/?s={search_term_string}"},"query-input":{"@type":"PropertyValueSpecification","valueRequired":true,"valueName":"search_term_string"}}],"inLanguage":"es"}]}},"_links":{"self":[{"href":"https:\/\/www.ing.uc.cl\/mecanica-y-metalurgica\/wp-json\/wp\/v2\/pages\/321864","targetHints":{"allow":["GET"]}}],"collection":[{"href":"https:\/\/www.ing.uc.cl\/mecanica-y-metalurgica\/wp-json\/wp\/v2\/pages"}],"about":[{"href":"https:\/\/www.ing.uc.cl\/mecanica-y-metalurgica\/wp-json\/wp\/v2\/types\/page"}],"author":[{"embeddable":true,"href":"https:\/\/www.ing.uc.cl\/mecanica-y-metalurgica\/wp-json\/wp\/v2\/users\/34"}],"replies":[{"embeddable":true,"href":"https:\/\/www.ing.uc.cl\/mecanica-y-metalurgica\/wp-json\/wp\/v2\/comments?post=321864"}],"version-history":[{"count":1,"href":"https:\/\/www.ing.uc.cl\/mecanica-y-metalurgica\/wp-json\/wp\/v2\/pages\/321864\/revisions"}],"predecessor-version":[{"id":322512,"href":"https:\/\/www.ing.uc.cl\/mecanica-y-metalurgica\/wp-json\/wp\/v2\/pages\/321864\/revisions\/322512"}],"up":[{"embeddable":true,"href":"https:\/\/www.ing.uc.cl\/mecanica-y-metalurgica\/wp-json\/wp\/v2\/pages\/323"}],"wp:attachment":[{"href":"https:\/\/www.ing.uc.cl\/mecanica-y-metalurgica\/wp-json\/wp\/v2\/media?parent=321864"}],"curies":[{"name":"wp","href":"https:\/\/api.w.org\/{rel}","templated":true}]}}