{"id":322077,"date":"2023-01-19T09:04:59","date_gmt":"2023-01-19T12:04:59","guid":{"rendered":"https:\/\/www.ing.uc.cl\/mecanica-y-metalurgica\/?page_id=322077"},"modified":"2023-01-19T09:04:59","modified_gmt":"2023-01-19T12:04:59","slug":"edificio-metrologia","status":"publish","type":"page","link":"https:\/\/www.ing.uc.cl\/mecanica-y-metalurgica\/equipamiento\/infraestructura\/edificio-metrologia\/","title":{"rendered":"Edificio Metrolog\u00eda"},"content":{"rendered":"<p><span id=\"page19R_mcid38\" class=\"markedContent\"><span dir=\"ltr\" role=\"presentation\">Dispone de 146 m<\/span><\/span><span id=\"page19R_mcid39\" class=\"markedContent\"><span dir=\"ltr\" role=\"presentation\">2<\/span><\/span><span id=\"page19R_mcid40\" class=\"markedContent\"><span dir=\"ltr\" role=\"presentation\">, con 44 m<\/span><\/span><span id=\"page19R_mcid41\" class=\"markedContent\"><span dir=\"ltr\" role=\"presentation\">2 <\/span><\/span><span id=\"page19R_mcid42\" class=\"markedContent\"><span dir=\"ltr\" role=\"presentation\">habilitada como sala de capacitaci\u00f3n,<\/span><\/span><span id=\"page19R_mcid43\" class=\"markedContent\"> <span dir=\"ltr\" role=\"presentation\">y <\/span><\/span><span id=\"page19R_mcid44\" class=\"markedContent\"><span dir=\"ltr\" role=\"presentation\">102 m<\/span><\/span><span id=\"page19R_mcid45\" class=\"markedContent\"><span dir=\"ltr\" role=\"presentation\">2<\/span><\/span><span id=\"page19R_mcid46\" class=\"markedContent\"> <span dir=\"ltr\" role=\"presentation\">para salas de estudios y <\/span><\/span><span id=\"page19R_mcid47\" class=\"markedContent\"><span dir=\"ltr\" role=\"presentation\">alumnos de postgrado.<\/span><\/span><\/p>\n","protected":false},"excerpt":{"rendered":"<p>Dispone de 146 m2, con 44 m2 habilitada como sala de capacitaci\u00f3n, y 102 m2 para salas de estudios y alumnos de postgrado.<\/p>\n","protected":false},"author":34,"featured_media":0,"parent":320877,"menu_order":0,"comment_status":"closed","ping_status":"closed","template":"","meta":{"_acf_changed":false,"footnotes":""},"class_list":["post-322077","page","type-page","status-publish","hentry"],"acf":[],"yoast_head":"<!-- This site is optimized with the Yoast SEO plugin v26.9 - https:\/\/yoast.com\/product\/yoast-seo-wordpress\/ -->\n<title>Edificio Metrolog\u00eda - Departamento de Ingenier\u00eda de Mec\u00e1nica y Metal\u00fargica<\/title>\n<meta name=\"robots\" content=\"index, follow, max-snippet:-1, max-image-preview:large, max-video-preview:-1\" \/>\n<link rel=\"canonical\" href=\"https:\/\/www.ing.uc.cl\/mecanica-y-metalurgica\/equipamiento\/infraestructura\/edificio-metrologia\/\" \/>\n<meta property=\"og:locale\" content=\"es_ES\" \/>\n<meta property=\"og:type\" content=\"article\" \/>\n<meta property=\"og:title\" content=\"Edificio Metrolog\u00eda - Departamento de Ingenier\u00eda de Mec\u00e1nica y Metal\u00fargica\" \/>\n<meta property=\"og:description\" content=\"Dispone de 146 m2, con 44 m2 habilitada como sala de capacitaci\u00f3n, y 102 m2 para salas de estudios y alumnos de postgrado.\" \/>\n<meta property=\"og:url\" content=\"https:\/\/www.ing.uc.cl\/mecanica-y-metalurgica\/equipamiento\/infraestructura\/edificio-metrologia\/\" \/>\n<meta property=\"og:site_name\" content=\"Departamento de Ingenier\u00eda de Mec\u00e1nica y Metal\u00fargica\" \/>\n<meta property=\"article:publisher\" content=\"https:\/\/www.facebook.com\/EscueladeIngenieriaUniversidadCatolica\/\" \/>\n<meta name=\"twitter:card\" content=\"summary_large_image\" \/>\n<meta name=\"twitter:site\" content=\"@ingenieriaUC\" \/>\n<meta name=\"twitter:label1\" content=\"Tiempo de lectura\" \/>\n\t<meta name=\"twitter:data1\" content=\"1 minuto\" \/>\n<script type=\"application\/ld+json\" class=\"yoast-schema-graph\">{\"@context\":\"https:\/\/schema.org\",\"@graph\":[{\"@type\":\"WebPage\",\"@id\":\"https:\/\/www.ing.uc.cl\/mecanica-y-metalurgica\/equipamiento\/infraestructura\/edificio-metrologia\/\",\"url\":\"https:\/\/www.ing.uc.cl\/mecanica-y-metalurgica\/equipamiento\/infraestructura\/edificio-metrologia\/\",\"name\":\"Edificio Metrolog\u00eda - Departamento de Ingenier\u00eda de Mec\u00e1nica y Metal\u00fargica\",\"isPartOf\":{\"@id\":\"https:\/\/www.ing.uc.cl\/mecanica-y-metalurgica\/#website\"},\"datePublished\":\"2023-01-19T12:04:59+00:00\",\"breadcrumb\":{\"@id\":\"https:\/\/www.ing.uc.cl\/mecanica-y-metalurgica\/equipamiento\/infraestructura\/edificio-metrologia\/#breadcrumb\"},\"inLanguage\":\"es\",\"potentialAction\":[{\"@type\":\"ReadAction\",\"target\":[\"https:\/\/www.ing.uc.cl\/mecanica-y-metalurgica\/equipamiento\/infraestructura\/edificio-metrologia\/\"]}]},{\"@type\":\"BreadcrumbList\",\"@id\":\"https:\/\/www.ing.uc.cl\/mecanica-y-metalurgica\/equipamiento\/infraestructura\/edificio-metrologia\/#breadcrumb\",\"itemListElement\":[{\"@type\":\"ListItem\",\"position\":1,\"name\":\"Home\",\"item\":\"https:\/\/www.ing.uc.cl\/mecanica-y-metalurgica\/\"},{\"@type\":\"ListItem\",\"position\":2,\"name\":\"Equipamiento\",\"item\":\"https:\/\/www.ing.uc.cl\/mecanica-y-metalurgica\/equipamiento\/\"},{\"@type\":\"ListItem\",\"position\":3,\"name\":\"Infraestructura\",\"item\":\"https:\/\/www.ing.uc.cl\/mecanica-y-metalurgica\/equipamiento\/infraestructura\/\"},{\"@type\":\"ListItem\",\"position\":4,\"name\":\"Edificio Metrolog\u00eda\"}]},{\"@type\":\"WebSite\",\"@id\":\"https:\/\/www.ing.uc.cl\/mecanica-y-metalurgica\/#website\",\"url\":\"https:\/\/www.ing.uc.cl\/mecanica-y-metalurgica\/\",\"name\":\"Departamento de Ingenier\u00eda de Mec\u00e1nica y Metal\u00fargica\",\"description\":\"Ingenier\u00eda UC\",\"potentialAction\":[{\"@type\":\"SearchAction\",\"target\":{\"@type\":\"EntryPoint\",\"urlTemplate\":\"https:\/\/www.ing.uc.cl\/mecanica-y-metalurgica\/?s={search_term_string}\"},\"query-input\":{\"@type\":\"PropertyValueSpecification\",\"valueRequired\":true,\"valueName\":\"search_term_string\"}}],\"inLanguage\":\"es\"}]}<\/script>\n<!-- \/ Yoast SEO plugin. -->","yoast_head_json":{"title":"Edificio Metrolog\u00eda - Departamento de Ingenier\u00eda de Mec\u00e1nica y Metal\u00fargica","robots":{"index":"index","follow":"follow","max-snippet":"max-snippet:-1","max-image-preview":"max-image-preview:large","max-video-preview":"max-video-preview:-1"},"canonical":"https:\/\/www.ing.uc.cl\/mecanica-y-metalurgica\/equipamiento\/infraestructura\/edificio-metrologia\/","og_locale":"es_ES","og_type":"article","og_title":"Edificio Metrolog\u00eda - Departamento de Ingenier\u00eda de Mec\u00e1nica y Metal\u00fargica","og_description":"Dispone de 146 m2, con 44 m2 habilitada como sala de capacitaci\u00f3n, y 102 m2 para salas de estudios y alumnos de postgrado.","og_url":"https:\/\/www.ing.uc.cl\/mecanica-y-metalurgica\/equipamiento\/infraestructura\/edificio-metrologia\/","og_site_name":"Departamento de Ingenier\u00eda de Mec\u00e1nica y Metal\u00fargica","article_publisher":"https:\/\/www.facebook.com\/EscueladeIngenieriaUniversidadCatolica\/","twitter_card":"summary_large_image","twitter_site":"@ingenieriaUC","twitter_misc":{"Tiempo de lectura":"1 minuto"},"schema":{"@context":"https:\/\/schema.org","@graph":[{"@type":"WebPage","@id":"https:\/\/www.ing.uc.cl\/mecanica-y-metalurgica\/equipamiento\/infraestructura\/edificio-metrologia\/","url":"https:\/\/www.ing.uc.cl\/mecanica-y-metalurgica\/equipamiento\/infraestructura\/edificio-metrologia\/","name":"Edificio Metrolog\u00eda - Departamento de Ingenier\u00eda de Mec\u00e1nica y Metal\u00fargica","isPartOf":{"@id":"https:\/\/www.ing.uc.cl\/mecanica-y-metalurgica\/#website"},"datePublished":"2023-01-19T12:04:59+00:00","breadcrumb":{"@id":"https:\/\/www.ing.uc.cl\/mecanica-y-metalurgica\/equipamiento\/infraestructura\/edificio-metrologia\/#breadcrumb"},"inLanguage":"es","potentialAction":[{"@type":"ReadAction","target":["https:\/\/www.ing.uc.cl\/mecanica-y-metalurgica\/equipamiento\/infraestructura\/edificio-metrologia\/"]}]},{"@type":"BreadcrumbList","@id":"https:\/\/www.ing.uc.cl\/mecanica-y-metalurgica\/equipamiento\/infraestructura\/edificio-metrologia\/#breadcrumb","itemListElement":[{"@type":"ListItem","position":1,"name":"Home","item":"https:\/\/www.ing.uc.cl\/mecanica-y-metalurgica\/"},{"@type":"ListItem","position":2,"name":"Equipamiento","item":"https:\/\/www.ing.uc.cl\/mecanica-y-metalurgica\/equipamiento\/"},{"@type":"ListItem","position":3,"name":"Infraestructura","item":"https:\/\/www.ing.uc.cl\/mecanica-y-metalurgica\/equipamiento\/infraestructura\/"},{"@type":"ListItem","position":4,"name":"Edificio Metrolog\u00eda"}]},{"@type":"WebSite","@id":"https:\/\/www.ing.uc.cl\/mecanica-y-metalurgica\/#website","url":"https:\/\/www.ing.uc.cl\/mecanica-y-metalurgica\/","name":"Departamento de Ingenier\u00eda de Mec\u00e1nica y Metal\u00fargica","description":"Ingenier\u00eda UC","potentialAction":[{"@type":"SearchAction","target":{"@type":"EntryPoint","urlTemplate":"https:\/\/www.ing.uc.cl\/mecanica-y-metalurgica\/?s={search_term_string}"},"query-input":{"@type":"PropertyValueSpecification","valueRequired":true,"valueName":"search_term_string"}}],"inLanguage":"es"}]}},"_links":{"self":[{"href":"https:\/\/www.ing.uc.cl\/mecanica-y-metalurgica\/wp-json\/wp\/v2\/pages\/322077","targetHints":{"allow":["GET"]}}],"collection":[{"href":"https:\/\/www.ing.uc.cl\/mecanica-y-metalurgica\/wp-json\/wp\/v2\/pages"}],"about":[{"href":"https:\/\/www.ing.uc.cl\/mecanica-y-metalurgica\/wp-json\/wp\/v2\/types\/page"}],"author":[{"embeddable":true,"href":"https:\/\/www.ing.uc.cl\/mecanica-y-metalurgica\/wp-json\/wp\/v2\/users\/34"}],"replies":[{"embeddable":true,"href":"https:\/\/www.ing.uc.cl\/mecanica-y-metalurgica\/wp-json\/wp\/v2\/comments?post=322077"}],"version-history":[{"count":0,"href":"https:\/\/www.ing.uc.cl\/mecanica-y-metalurgica\/wp-json\/wp\/v2\/pages\/322077\/revisions"}],"up":[{"embeddable":true,"href":"https:\/\/www.ing.uc.cl\/mecanica-y-metalurgica\/wp-json\/wp\/v2\/pages\/320877"}],"wp:attachment":[{"href":"https:\/\/www.ing.uc.cl\/mecanica-y-metalurgica\/wp-json\/wp\/v2\/media?parent=322077"}],"curies":[{"name":"wp","href":"https:\/\/api.w.org\/{rel}","templated":true}]}}